{"id":4541,"date":"2025-03-07T16:21:16","date_gmt":"2025-03-07T15:21:16","guid":{"rendered":"https:\/\/genatronik.com\/?post_type=product&#038;p=4541"},"modified":"2025-07-04T09:43:58","modified_gmt":"2025-07-04T07:43:58","slug":"tronovo-dg25p","status":"publish","type":"product","link":"https:\/\/genatronik.com\/fr\/product\/tronovo-dg25p\/","title":{"rendered":"Tronovo-DG25P"},"content":{"rendered":"<p><span style=\"background-color: transparent;\"><br \/>\n    <span style=\"font-size: 18px;\"><br \/>\n    La commande CA \u00e0 haute fr\u00e9quence et une structure interne con\u00e7ue pour r\u00e9duire consid\u00e9rablement les effets de la perte de pression de l'air permettent d'obtenir un d\u00e9poussi\u00e9reur \u00e9lectrostatique puissant. Le pistolet \u00e0 air est dot\u00e9 d'une structure int\u00e9gr\u00e9e \u00e9lectrovanne\/contr\u00f4leur, ce qui \u00e9limine le besoin de r\u00e9glages externes du contr\u00f4leur et le c\u00e2blage de gros fils \u00e0 haute tension, et permet d'obtenir une grande contr\u00f4labilit\u00e9. \u00c9quip\u00e9 d'une fonction d'alarme, le degr\u00e9 de contamination de l'aiguille de l'\u00e9lectrode peut \u00eatre v\u00e9rifi\u00e9 par le voyant lumineux.<br \/>\n    <\/span><\/span><\/p>\n<p>\n&nbsp;<\/p>\n<hr style=\"height:3px;border-width:0;color:gray;background-color:gray\">\n&nbsp;<\/p>\n<table style=\"width: 100%; border-collapse: collapse; float: center; border: none;\">\n<tbody style=\"border: none;\">\n<tr style=\"border: none;\">\n<td style=\"width: 50%; border: none; background-color: grey;\">\n            <img fetchpriority=\"high\" decoding=\"async\" class=\"alignnone wp-image-6786 size-large\" src=\"https:\/\/genatronik.com\/wp-content\/uploads\/2025\/04\/esd_dg25p_desc_1.png\" alt=\"\" width=\"640\" height=\"420\" data-wp-editing=\"1\" \/>\n        <\/td>\n<td style=\"width: 50%; border: none;\">\n<h5>Excellente capacit\u00e9 de d\u00e9poussi\u00e9rage, \"visualisation\" de la poussi\u00e8re<\/h5>\n<p>            <span style=\"font-size: 19px;\"><br \/>\n                La poign\u00e9e est facile \u00e0 saisir et son utilisation permet d'\u00e9conomiser de la main-d'\u0153uvre. Le c\u00e2blage de s\u00e9curit\u00e9 \u00e0 basse tension de 24 V ne n\u00e9cessite pas de c\u00e2bles \u00e0 haute tension.<br \/>\n            <\/span>\n        <\/td>\n<\/tr>\n<tr style=\"border: none;\">\n<td style=\"width: 50%; border: none;\">\n<h5>Enlever la poussi\u00e8re avant d'entrer dans l'atelier<\/h5>\n<p>            <span style=\"font-size: 19px;\"><br \/>\n                Tous les types de mat\u00e9riaux et de produits semi-finis, de marchandises et d'\u00e9quipements, avant d'entrer dans l'atelier sans poussi\u00e8re, doivent d'abord passer par de l'air ionis\u00e9 propre \u00e0 grande vitesse pour \u00e9liminer la poussi\u00e8re attach\u00e9e aux v\u00eatements et aux marchandises avant d'entrer dans l'atelier sans poussi\u00e8re, de mani\u00e8re \u00e0 garantir la propret\u00e9 et la s\u00e9curit\u00e9 de l'atelier.<br \/>\n            <\/span><\/td>\n<td style=\"width: 50%; border: none; background-color: grey;\">\n            <img decoding=\"async\" class=\"alignnone wp-image-6370 size-large\" src=\"https:\/\/genatronik.com\/wp-content\/uploads\/2025\/04\/esd_dg25p_desc_2.jpg\" alt=\"\" width=\"640\" height=\"420\"\/>\n        <\/td>\n<\/tr>\n<tr style=\"border: none;\">\n<td style=\"width: 50%; border: none; background-color: grey;\">\n            <img decoding=\"async\" class=\"alignnone wp-image-6372 size-large\" src=\"https:\/\/genatronik.com\/wp-content\/uploads\/2025\/04\/esd_dg25p_desc_3.jpg\" alt=\"\" width=\"640\" height=\"420\"\/>\n        <\/td>\n<td style=\"width: 50%; border: none;\">\n<h5>La carte de circuit imprim\u00e9 est nettoy\u00e9e de la poussi\u00e8re de surface<\/h5>\n<p>            <span style=\"font-size: 19px;\"><br \/>\n                L'utilisation d'un pistolet de d\u00e9poussi\u00e9rage \u00e9lectrostatique dot\u00e9 d'une excellente capacit\u00e9 de d\u00e9poussi\u00e9rage permet de nettoyer la poussi\u00e8re conductrice g\u00e9n\u00e9r\u00e9e apr\u00e8s la d\u00e9coupe du circuit imprim\u00e9, de s'assurer que la surface du circuit imprim\u00e9 est propre et d'\u00e9liminer \u00e0 l'avance les courts-circuits, les d\u00e9faillances intermittentes du circuit, la corrosion, etc.<br \/>\n            <\/span>\n        <\/td>\n<\/tr>\n<tr style=\"border: none;\">\n<td style=\"border: none; width: 50%;\">\n<h5>D\u00e9poussi\u00e9rage avant peinture de la carrosserie pour \u00e9viter un mauvais rev\u00eatement<\/h5>\n<p>            <span style=\"font-size: 19px;\"><br \/>\n                Id\u00e9al pour le nettoyage des surfaces, le pistolet \u00e0 air ionique Fat Punch fait flotter la poussi\u00e8re sur la surface en secouant l'air puls\u00e9, et peut facilement enlever la poussi\u00e8re qui est difficile \u00e0 enlever dans le creux, obtenant un effet de d\u00e9poussi\u00e9rage qui d\u00e9passe celui de l'air continu.<br \/>\n            <\/span>\n        <\/td>\n<td style=\"border: none; width: 50%; background-color: grey;\">\n            <img loading=\"lazy\" decoding=\"async\" class=\"alignnone wp-image-6614 size-large\" src=\"https:\/\/genatronik.com\/wp-content\/uploads\/2025\/04\/esd_dg25p_desc_4.jpg\" alt=\"\" width=\"640\" height=\"420\"\/>\n        <\/td>\n<\/tr>\n<tr style=\"border: none;\">\n<td style=\"width: 50%; border: none; background-color: grey;\">\n            <img loading=\"lazy\" decoding=\"async\" class=\"alignnone wp-image-6372 size-large\" src=\"https:\/\/genatronik.com\/wp-content\/uploads\/2025\/04\/esd_dg25p_desc_6.jpg\" alt=\"\" width=\"640\" height=\"420\"\/>\n        <\/td>\n<td style=\"width: 50%; border: none;\">\n<h5>Soufflage continu - Vous pouvez s\u00e9lectionner le mode qui vous convient le mieux.<\/h5>\n<p>            <span style=\"font-size: 19px;\"><br \/>\n                Appuyez sur la g\u00e2chette pour d\u00e9marrer le d\u00e9poussi\u00e9rage par air ionis\u00e9, et rel\u00e2chez la g\u00e2chette pour arr\u00eater l'air ionis\u00e9.<br \/>\n            <\/span>\n        <\/td>\n<\/tr>\n<tr style=\"border: none;\">\n<td style=\"border: none; width: 50%;\">\n<h5>L'air ordinaire soufflant la poussi\u00e8re ne peut pas \u00eatre nettoy\u00e9.<\/h5>\n<p>            <span style=\"font-size: 19px;\"><br \/>\n                Le pistolet de d\u00e9poussi\u00e9rage traditionnel ne peut pas \u00e9liminer l'\u00e9lectricit\u00e9 statique sans ions, et la poussi\u00e8re ne peut pas \u00eatre nettoy\u00e9e.<br \/>\n            <\/span>\n        <\/td>\n<td style=\"border: none; width: 50%; background-color: grey;\">\n            <img loading=\"lazy\" decoding=\"async\" class=\"alignnone wp-image-6614 size-large\" src=\"https:\/\/genatronik.com\/wp-content\/uploads\/2025\/04\/esd_dg25p_desc_7.png\" alt=\"\" width=\"640\" height=\"420\"\/>\n        <\/td>\n<\/tr>\n<tr style=\"border: none;\">\n<td style=\"width: 50%; border: none; background-color: grey;\">\n            <img loading=\"lazy\" decoding=\"async\" class=\"alignnone wp-image-6372 size-large\" src=\"https:\/\/genatronik.com\/wp-content\/uploads\/2025\/04\/esd_dg25p_desc_7.png\" alt=\"\" width=\"640\" height=\"420\"\/>\n        <\/td>\n<td style=\"width: 50%; border: none;\">\n<h5>Soufflage d'air ionique - emp\u00eache la poussi\u00e8re d'adh\u00e9rer \u00e0 nouveau<\/h5>\n<p>            <span style=\"font-size: 19px;\"><br \/>\n                En combinant les ions positifs et n\u00e9gatifs et la purge de l'air, la poussi\u00e8re est non seulement \u00e9limin\u00e9e, mais l'\u00e9lectricit\u00e9 \u00e9lectrostatique est \u00e9galement utilis\u00e9e pour emp\u00eacher la poussi\u00e8re de se fixer \u00e0 nouveau. Il n'est pas n\u00e9cessaire de souffler plusieurs fois, ce qui permet d'obtenir un d\u00e9poussi\u00e9rage plus efficace en une seule fois.<br \/>\n            <\/span>\n        <\/td>\n<\/tr>\n<tr style=\"border: none;\">\n<td style=\"border: none; width: 50%;\">\n<h5>Buses d\u00e9di\u00e9es - pour une large gamme d'\u00e9limination de l'\u00e9lectricit\u00e9 statique<\/h5>\n<p>            <span style=\"font-size: 19px;\"><br \/>\n                Avec une vari\u00e9t\u00e9 d'options de buses, diff\u00e9rentes buses peuvent \u00eatre s\u00e9lectionn\u00e9es en fonction des diff\u00e9rents besoins de travail afin d'obtenir un meilleur effet d'\u00e9limination de l'\u00e9lectricit\u00e9 statique.<br \/>\n            <\/span>\n        <\/td>\n<td style=\"border: none; width: 50%; background-color: grey;\">\n            <img loading=\"lazy\" decoding=\"async\" class=\"alignnone wp-image-6614 size-large\" src=\"https:\/\/genatronik.com\/wp-content\/uploads\/2025\/04\/esd_dg25p_desc_8.png\" alt=\"\" width=\"640\" height=\"420\"\/>\n        <\/td>\n<\/tr>\n<tr style=\"border: none;\">\n<td style=\"width: 50%; border: none; background-color: grey;\">\n            <img loading=\"lazy\" decoding=\"async\" class=\"alignnone wp-image-6372 size-large\" src=\"https:\/\/genatronik.com\/wp-content\/uploads\/2025\/04\/esd_dg25p_desc_9.png\" alt=\"\" width=\"640\" height=\"420\"\/>\n        <\/td>\n<td style=\"width: 50%; border: none;\">\n<h5>Poign\u00e9e confortable - facile \u00e0 presser et ne glissant pas<\/h5>\n<p>            <span style=\"font-size: 19px;\"><br \/>\n                Con\u00e7u avec une poign\u00e9e qui s'adapte naturellement \u00e0 vos doigts et un centre de gravit\u00e9 ad\u00e9quat.<br \/>\n            <\/span>\n        <\/td>\n<\/tr>\n<tr style=\"border: none;\">\n<td style=\"border: none; width: 50%;\">\n<h5>S\u00fbr et fiable - Avec des mesures de protection de s\u00e9curit\u00e9 parfaites<\/h5>\n<p>            <span style=\"font-size: 19px;\"><br \/>\n                C\u00e2blage de s\u00e9curit\u00e9 basse tension 24V, ionisateur int\u00e9gr\u00e9 ; il est \u00e9quip\u00e9 d'un indicateur d'alarme d'\u00e9tat de fonctionnement, d'une protection contre les anomalies ioniques, les courts-circuits et la surchauffe afin de garantir un fonctionnement s\u00fbr et fiable.<br \/>\n            <\/span>\n        <\/td>\n<td style=\"border: none; width: 50%; background-color: grey;\">\n            <img loading=\"lazy\" decoding=\"async\" class=\"alignnone wp-image-6614 size-large\" src=\"https:\/\/genatronik.com\/wp-content\/uploads\/2025\/04\/esd_dg25p_desc_10.png\" alt=\"\" width=\"640\" height=\"420\"\/>\n        <\/td>\n<\/tr>\n<tr style=\"border: none;\">\n<td style=\"width: 50%; border: none; background-color: grey;\">\n            <img loading=\"lazy\" decoding=\"async\" class=\"alignnone wp-image-6372 size-large\" src=\"https:\/\/genatronik.com\/wp-content\/uploads\/2025\/04\/esd_dg25p_desc_11.png\" alt=\"\" width=\"640\" height=\"420\"\/>\n        <\/td>\n<td style=\"width: 50%; border: none;\">\n<h5>Fonction crochet - facile \u00e0 suspendre et \u00e0 ranger<\/h5>\n<p>            <span style=\"font-size: 19px;\"><br \/>\n                La partie sup\u00e9rieure est munie d'un crochet qui peut \u00eatre facilement plac\u00e9 sur le site dans les environnements industriels.<br \/>\n            <\/span>\n        <\/td>\n<\/tr>\n<\/tbody>\n<\/table>","protected":false},"excerpt":{"rendered":"<p>- Puissante capacit\u00e9 de d\u00e9poussi\u00e9rage<br \/>\n- Sensation de grand confort<br \/>\n- Trois modes de purge<br \/>\n- Fonction de mise au point par laser infrarouge<br \/>\n- \u00c9quip\u00e9 d'une lampe de d\u00e9tection de la poussi\u00e8re \u00e0 haute luminosit\u00e9<br \/>\n- Am\u00e9lioration du d\u00e9poussi\u00e9rage gr\u00e2ce \u00e0 l'air puls\u00e9 (intermittent)<\/p>","protected":false},"featured_media":4542,"comment_status":"open","ping_status":"closed","template":"","meta":{"_surecart_dashboard_logo_width":"180px","_surecart_dashboard_show_logo":true,"_surecart_dashboard_navigation_orders":true,"_surecart_dashboard_navigation_invoices":true,"_surecart_dashboard_navigation_subscriptions":true,"_surecart_dashboard_navigation_downloads":true,"_surecart_dashboard_navigation_billing":true,"_surecart_dashboard_navigation_account":true,"_uag_custom_page_level_css":"","site-sidebar-layout":"default","site-content-layout":"","ast-site-content-layout":"default","site-content-style":"default","site-sidebar-style":"default","ast-global-header-display":"","ast-banner-title-visibility":"","ast-main-header-display":"","ast-hfb-above-header-display":"","ast-hfb-below-header-display":"","ast-hfb-mobile-header-display":"","site-post-title":"","ast-breadcrumbs-content":"","ast-featured-img":"","footer-sml-layout":"","ast-disable-related-posts":"","theme-transparent-header-meta":"default","adv-header-id-meta":"","stick-header-meta":"default","header-above-stick-meta":"","header-main-stick-meta":"","header-below-stick-meta":"","astra-migrate-meta-layouts":"set","ast-page-background-enabled":"default","ast-page-background-meta":{"desktop":{"background-color":"var(--ast-global-color-4)","background-image":"","background-repeat":"repeat","background-position":"center center","background-size":"auto","background-attachment":"scroll","background-type":"","background-media":"","overlay-type":"","overlay-color":"","overlay-opacity":"","overlay-gradient":""},"tablet":{"background-color":"","background-image":"","background-repeat":"repeat","background-position":"center center","background-size":"auto","background-attachment":"scroll","background-type":"","background-media":"","overlay-type":"","overlay-color":"","overlay-opacity":"","overlay-gradient":""},"mobile":{"background-color":"","background-image":"","background-repeat":"repeat","background-position":"center center","background-size":"auto","background-attachment":"scroll","background-type":"","background-media":"","overlay-type":"","overlay-color":"","overlay-opacity":"","overlay-gradient":""}},"ast-content-background-meta":{"desktop":{"background-color":"var(--ast-global-color-5)","background-image":"","background-repeat":"repeat","background-position":"center center","background-size":"auto","background-attachment":"scroll","background-type":"","background-media":"","overlay-type":"","overlay-color":"","overlay-opacity":"","overlay-gradient":""},"tablet":{"background-color":"var(--ast-global-color-5)","background-image":"","background-repeat":"repeat","background-position":"center center","background-size":"auto","background-attachment":"scroll","background-type":"","background-media":"","overlay-type":"","overlay-color":"","overlay-opacity":"","overlay-gradient":""},"mobile":{"background-color":"var(--ast-global-color-5)","background-image":"","background-repeat":"repeat","background-position":"center center","background-size":"auto","background-attachment":"scroll","background-type":"","background-media":"","overlay-type":"","overlay-color":"","overlay-opacity":"","overlay-gradient":""}}},"product_brand":[],"product_cat":[142,45,80],"product_tag":[],"class_list":{"0":"post-4541","1":"product","2":"type-product","3":"status-publish","4":"has-post-thumbnail","6":"product_cat-products","7":"product_cat-esd","8":"product_cat-ionizing-gun","9":"desktop-align-left","10":"tablet-align-left","11":"mobile-align-left","12":"ast-product-gallery-layout-horizontal-slider","13":"ast-product-tabs-layout-horizontal","15":"first","16":"instock","17":"taxable","18":"shipping-taxable","19":"purchasable","20":"product-type-simple"},"yoast_head":"<!-- This site is optimized with the Yoast SEO plugin v26.2 - https:\/\/yoast.com\/wordpress\/plugins\/seo\/ -->\n<title>Tronovo-DG25P - Genatronik<\/title>\n<meta name=\"robots\" content=\"index, follow, max-snippet:-1, max-image-preview:large, max-video-preview:-1\" \/>\n<link rel=\"canonical\" href=\"https:\/\/genatronik.com\/fr\/product\/tronovo-dg25p\/\" \/>\n<meta property=\"og:locale\" content=\"fr_FR\" \/>\n<meta property=\"og:type\" content=\"article\" \/>\n<meta property=\"og:title\" content=\"Tronovo-DG25P - Genatronik\" \/>\n<meta property=\"og:description\" content=\"\u2022 Powerful dust collection capacity \u2022 Super comfortable feel \u2022 Three purge modes \u2022 Infrared laser focusing function \u2022 Equipped with a high-brightness dust detection lamp \u2022 Improved dust collection by pulsing (intermittent) air\" \/>\n<meta property=\"og:url\" content=\"https:\/\/genatronik.com\/fr\/product\/tronovo-dg25p\/\" \/>\n<meta property=\"og:site_name\" content=\"Genatronik\" \/>\n<meta property=\"article:modified_time\" content=\"2025-07-04T07:43:58+00:00\" \/>\n<meta property=\"og:image\" content=\"https:\/\/genatronik.com\/wp-content\/uploads\/2025\/03\/TG-2032-20250305.6-1600-1200.png\" \/>\n\t<meta property=\"og:image:width\" content=\"1600\" \/>\n\t<meta property=\"og:image:height\" content=\"1200\" \/>\n\t<meta property=\"og:image:type\" content=\"image\/png\" \/>\n<meta name=\"twitter:card\" content=\"summary_large_image\" \/>\n<meta name=\"twitter:label1\" content=\"Dur\u00e9e de lecture estim\u00e9e\" \/>\n\t<meta name=\"twitter:data1\" content=\"5 minutes\" \/>\n<script type=\"application\/ld+json\" class=\"yoast-schema-graph\">{\"@context\":\"https:\/\/schema.org\",\"@graph\":[{\"@type\":\"WebPage\",\"@id\":\"https:\/\/genatronik.com\/en\/product\/tronovo-dg25p\/\",\"url\":\"https:\/\/genatronik.com\/en\/product\/tronovo-dg25p\/\",\"name\":\"Tronovo-DG25P - Genatronik\",\"isPartOf\":{\"@id\":\"https:\/\/genatronik.com\/en\/#website\"},\"primaryImageOfPage\":{\"@id\":\"https:\/\/genatronik.com\/en\/product\/tronovo-dg25p\/#primaryimage\"},\"image\":{\"@id\":\"https:\/\/genatronik.com\/en\/product\/tronovo-dg25p\/#primaryimage\"},\"thumbnailUrl\":\"https:\/\/genatronik.com\/wp-content\/uploads\/2025\/03\/TG-2032-20250305.6-1600-1200.png\",\"datePublished\":\"2025-03-07T15:21:16+00:00\",\"dateModified\":\"2025-07-04T07:43:58+00:00\",\"breadcrumb\":{\"@id\":\"https:\/\/genatronik.com\/en\/product\/tronovo-dg25p\/#breadcrumb\"},\"inLanguage\":\"fr-FR\",\"potentialAction\":[{\"@type\":\"ReadAction\",\"target\":[\"https:\/\/genatronik.com\/en\/product\/tronovo-dg25p\/\"]}]},{\"@type\":\"ImageObject\",\"inLanguage\":\"fr-FR\",\"@id\":\"https:\/\/genatronik.com\/en\/product\/tronovo-dg25p\/#primaryimage\",\"url\":\"https:\/\/genatronik.com\/wp-content\/uploads\/2025\/03\/TG-2032-20250305.6-1600-1200.png\",\"contentUrl\":\"https:\/\/genatronik.com\/wp-content\/uploads\/2025\/03\/TG-2032-20250305.6-1600-1200.png\",\"width\":1600,\"height\":1200},{\"@type\":\"BreadcrumbList\",\"@id\":\"https:\/\/genatronik.com\/en\/product\/tronovo-dg25p\/#breadcrumb\",\"itemListElement\":[{\"@type\":\"ListItem\",\"position\":1,\"name\":\"Home\",\"item\":\"https:\/\/genatronik.com\/\"},{\"@type\":\"ListItem\",\"position\":2,\"name\":\"Produkte\",\"item\":\"https:\/\/genatronik.com\/de\/shop\/\"},{\"@type\":\"ListItem\",\"position\":3,\"name\":\"Products\",\"item\":\"https:\/\/genatronik.com\/product-category\/products\/\"},{\"@type\":\"ListItem\",\"position\":4,\"name\":\"ESD\",\"item\":\"https:\/\/genatronik.com\/product-category\/products\/esd\/\"},{\"@type\":\"ListItem\",\"position\":5,\"name\":\"Ionizing Gun\",\"item\":\"https:\/\/genatronik.com\/en\/product-category\/products\/esd\/ionizing-gun\/\"},{\"@type\":\"ListItem\",\"position\":6,\"name\":\"Tronovo-DG25P\"}]},{\"@type\":\"WebSite\",\"@id\":\"https:\/\/genatronik.com\/en\/#website\",\"url\":\"https:\/\/genatronik.com\/en\/\",\"name\":\"Genatronik\",\"description\":\"Advanced Devices. Reliable Service.\",\"publisher\":{\"@id\":\"https:\/\/genatronik.com\/en\/#organization\"},\"potentialAction\":[{\"@type\":\"SearchAction\",\"target\":{\"@type\":\"EntryPoint\",\"urlTemplate\":\"https:\/\/genatronik.com\/en\/?s={search_term_string}\"},\"query-input\":{\"@type\":\"PropertyValueSpecification\",\"valueRequired\":true,\"valueName\":\"search_term_string\"}}],\"inLanguage\":\"fr-FR\"},{\"@type\":\"Organization\",\"@id\":\"https:\/\/genatronik.com\/en\/#organization\",\"name\":\"Genatronik\",\"url\":\"https:\/\/genatronik.com\/en\/\",\"logo\":{\"@type\":\"ImageObject\",\"inLanguage\":\"fr-FR\",\"@id\":\"https:\/\/genatronik.com\/en\/#\/schema\/logo\/image\/\",\"url\":\"https:\/\/genatronik.com\/wp-content\/uploads\/2025\/05\/genatronik_logo_header-scaled.png\",\"contentUrl\":\"https:\/\/genatronik.com\/wp-content\/uploads\/2025\/05\/genatronik_logo_header-scaled.png\",\"width\":2560,\"height\":448,\"caption\":\"Genatronik\"},\"image\":{\"@id\":\"https:\/\/genatronik.com\/en\/#\/schema\/logo\/image\/\"}}]}<\/script>\n<!-- \/ Yoast SEO plugin. -->","yoast_head_json":{"title":"Tronovo-DG25P - Genatronik","robots":{"index":"index","follow":"follow","max-snippet":"max-snippet:-1","max-image-preview":"max-image-preview:large","max-video-preview":"max-video-preview:-1"},"canonical":"https:\/\/genatronik.com\/fr\/product\/tronovo-dg25p\/","og_locale":"fr_FR","og_type":"article","og_title":"Tronovo-DG25P - Genatronik","og_description":"\u2022 Powerful dust collection capacity \u2022 Super comfortable feel \u2022 Three purge modes \u2022 Infrared laser focusing function \u2022 Equipped with a high-brightness dust detection lamp \u2022 Improved dust collection by pulsing (intermittent) air","og_url":"https:\/\/genatronik.com\/fr\/product\/tronovo-dg25p\/","og_site_name":"Genatronik","article_modified_time":"2025-07-04T07:43:58+00:00","og_image":[{"width":1600,"height":1200,"url":"https:\/\/genatronik.com\/wp-content\/uploads\/2025\/03\/TG-2032-20250305.6-1600-1200.png","type":"image\/png"}],"twitter_card":"summary_large_image","twitter_misc":{"Dur\u00e9e de lecture estim\u00e9e":"5 minutes"},"schema":{"@context":"https:\/\/schema.org","@graph":[{"@type":"WebPage","@id":"https:\/\/genatronik.com\/en\/product\/tronovo-dg25p\/","url":"https:\/\/genatronik.com\/en\/product\/tronovo-dg25p\/","name":"Tronovo-DG25P - Genatronik","isPartOf":{"@id":"https:\/\/genatronik.com\/en\/#website"},"primaryImageOfPage":{"@id":"https:\/\/genatronik.com\/en\/product\/tronovo-dg25p\/#primaryimage"},"image":{"@id":"https:\/\/genatronik.com\/en\/product\/tronovo-dg25p\/#primaryimage"},"thumbnailUrl":"https:\/\/genatronik.com\/wp-content\/uploads\/2025\/03\/TG-2032-20250305.6-1600-1200.png","datePublished":"2025-03-07T15:21:16+00:00","dateModified":"2025-07-04T07:43:58+00:00","breadcrumb":{"@id":"https:\/\/genatronik.com\/en\/product\/tronovo-dg25p\/#breadcrumb"},"inLanguage":"fr-FR","potentialAction":[{"@type":"ReadAction","target":["https:\/\/genatronik.com\/en\/product\/tronovo-dg25p\/"]}]},{"@type":"ImageObject","inLanguage":"fr-FR","@id":"https:\/\/genatronik.com\/en\/product\/tronovo-dg25p\/#primaryimage","url":"https:\/\/genatronik.com\/wp-content\/uploads\/2025\/03\/TG-2032-20250305.6-1600-1200.png","contentUrl":"https:\/\/genatronik.com\/wp-content\/uploads\/2025\/03\/TG-2032-20250305.6-1600-1200.png","width":1600,"height":1200},{"@type":"BreadcrumbList","@id":"https:\/\/genatronik.com\/en\/product\/tronovo-dg25p\/#breadcrumb","itemListElement":[{"@type":"ListItem","position":1,"name":"Home","item":"https:\/\/genatronik.com\/"},{"@type":"ListItem","position":2,"name":"Produkte","item":"https:\/\/genatronik.com\/de\/shop\/"},{"@type":"ListItem","position":3,"name":"Products","item":"https:\/\/genatronik.com\/product-category\/products\/"},{"@type":"ListItem","position":4,"name":"ESD","item":"https:\/\/genatronik.com\/product-category\/products\/esd\/"},{"@type":"ListItem","position":5,"name":"Ionizing Gun","item":"https:\/\/genatronik.com\/en\/product-category\/products\/esd\/ionizing-gun\/"},{"@type":"ListItem","position":6,"name":"Tronovo-DG25P"}]},{"@type":"WebSite","@id":"https:\/\/genatronik.com\/en\/#website","url":"https:\/\/genatronik.com\/en\/","name":"Genatronik","description":"Dispositifs avanc\u00e9s. Un service fiable.","publisher":{"@id":"https:\/\/genatronik.com\/en\/#organization"},"potentialAction":[{"@type":"SearchAction","target":{"@type":"EntryPoint","urlTemplate":"https:\/\/genatronik.com\/en\/?s={search_term_string}"},"query-input":{"@type":"PropertyValueSpecification","valueRequired":true,"valueName":"search_term_string"}}],"inLanguage":"fr-FR"},{"@type":"Organization","@id":"https:\/\/genatronik.com\/en\/#organization","name":"Genatronik","url":"https:\/\/genatronik.com\/en\/","logo":{"@type":"ImageObject","inLanguage":"fr-FR","@id":"https:\/\/genatronik.com\/en\/#\/schema\/logo\/image\/","url":"https:\/\/genatronik.com\/wp-content\/uploads\/2025\/05\/genatronik_logo_header-scaled.png","contentUrl":"https:\/\/genatronik.com\/wp-content\/uploads\/2025\/05\/genatronik_logo_header-scaled.png","width":2560,"height":448,"caption":"Genatronik"},"image":{"@id":"https:\/\/genatronik.com\/en\/#\/schema\/logo\/image\/"}}]}},"uagb_featured_image_src":{"full":["https:\/\/genatronik.com\/wp-content\/uploads\/2025\/03\/TG-2032-20250305.6-1600-1200.png",1600,1200,false],"thumbnail":["https:\/\/genatronik.com\/wp-content\/uploads\/2025\/03\/TG-2032-20250305.6-1600-1200.png",150,113,false],"medium":["https:\/\/genatronik.com\/wp-content\/uploads\/2025\/03\/TG-2032-20250305.6-1600-1200.png",300,225,false],"medium_large":["https:\/\/genatronik.com\/wp-content\/uploads\/2025\/03\/TG-2032-20250305.6-1600-1200.png",768,576,false],"large":["https:\/\/genatronik.com\/wp-content\/uploads\/2025\/03\/TG-2032-20250305.6-1600-1200.png",1024,768,false],"1536x1536":["https:\/\/genatronik.com\/wp-content\/uploads\/2025\/03\/TG-2032-20250305.6-1600-1200.png",1536,1152,false],"2048x2048":["https:\/\/genatronik.com\/wp-content\/uploads\/2025\/03\/TG-2032-20250305.6-1600-1200.png",1600,1200,false],"trp-custom-language-flag":["https:\/\/genatronik.com\/wp-content\/uploads\/2025\/03\/TG-2032-20250305.6-1600-1200.png",16,12,false],"tp-image-grid":["https:\/\/genatronik.com\/wp-content\/uploads\/2025\/03\/TG-2032-20250305.6-1600-1200.png",700,525,false],"woocommerce_thumbnail":["https:\/\/genatronik.com\/wp-content\/uploads\/2025\/03\/TG-2032-20250305.6-1600-1200.png",300,225,false],"woocommerce_single":["https:\/\/genatronik.com\/wp-content\/uploads\/2025\/03\/TG-2032-20250305.6-1600-1200.png",600,450,false],"woocommerce_gallery_thumbnail":["https:\/\/genatronik.com\/wp-content\/uploads\/2025\/03\/TG-2032-20250305.6-1600-1200-100x100.png",100,100,true]},"uagb_author_info":{"display_name":"guanyuan zhu","author_link":"https:\/\/genatronik.com\/fr\/author\/"},"uagb_comment_info":3,"uagb_excerpt":"\u2022 Powerful dust collection capacity \u2022 Super comfortable feel \u2022 Three purge modes \u2022 Infrared laser focusing function \u2022 Equipped with a high-brightness dust detection lamp \u2022 Improved dust collection by pulsing (intermittent) air","jetpack_sharing_enabled":true,"_links":{"self":[{"href":"https:\/\/genatronik.com\/fr\/wp-json\/wp\/v2\/product\/4541","targetHints":{"allow":["GET"]}}],"collection":[{"href":"https:\/\/genatronik.com\/fr\/wp-json\/wp\/v2\/product"}],"about":[{"href":"https:\/\/genatronik.com\/fr\/wp-json\/wp\/v2\/types\/product"}],"replies":[{"embeddable":true,"href":"https:\/\/genatronik.com\/fr\/wp-json\/wp\/v2\/comments?post=4541"}],"version-history":[{"count":6,"href":"https:\/\/genatronik.com\/fr\/wp-json\/wp\/v2\/product\/4541\/revisions"}],"predecessor-version":[{"id":6879,"href":"https:\/\/genatronik.com\/fr\/wp-json\/wp\/v2\/product\/4541\/revisions\/6879"}],"wp:featuredmedia":[{"embeddable":true,"href":"https:\/\/genatronik.com\/fr\/wp-json\/wp\/v2\/media\/4542"}],"wp:attachment":[{"href":"https:\/\/genatronik.com\/fr\/wp-json\/wp\/v2\/media?parent=4541"}],"wp:term":[{"taxonomy":"product_brand","embeddable":true,"href":"https:\/\/genatronik.com\/fr\/wp-json\/wp\/v2\/product_brand?post=4541"},{"taxonomy":"product_cat","embeddable":true,"href":"https:\/\/genatronik.com\/fr\/wp-json\/wp\/v2\/product_cat?post=4541"},{"taxonomy":"product_tag","embeddable":true,"href":"https:\/\/genatronik.com\/fr\/wp-json\/wp\/v2\/product_tag?post=4541"}],"curies":[{"name":"wp","href":"https:\/\/api.w.org\/{rel}","templated":true}]}}