{"id":4459,"date":"2025-03-05T15:55:41","date_gmt":"2025-03-05T14:55:41","guid":{"rendered":"https:\/\/genatronik.com\/?post_type=product&#038;p=4459"},"modified":"2025-04-30T00:56:33","modified_gmt":"2025-04-29T22:56:33","slug":"e2405","status":"publish","type":"product","link":"https:\/\/genatronik.com\/fr\/product\/e2405\/","title":{"rendered":"econest C\u00e2ble d'extension (E2405)"},"content":{"rendered":"<p><span style=\"background-color: transparent;\"><span style=\"font-size: 18px;\">Econest HEMS est capable de surveiller la consommation d'\u00e9lectricit\u00e9 de pi\u00e8ces ou d'appareils sp\u00e9cifiques en utilisant jusqu'\u00e0 40 canaux et de fournir des informations sur le m\u00e9nage, la consommation d'\u00e9lectricit\u00e9, ainsi que d'identifier le gaspillage d'\u00e9lectricit\u00e9. <\/span><span style=\"font-size: 18px;\">Le syst\u00e8me complet se compose du module principal (ecoMain), des sous-modules (ecoSub), du capteur de courant (ecoSensor), de l'APP et des accessoires connexes.<\/span><\/span><\/p>\n<table class=\"tab_desc_table\" style=\"border-collapse: collapse; width: 100%; border: none;\">\n<thead>\n<tr class=\"tab_desc_trow\" style=\"background-color: #d3d3d3; border-bottom: 1px solid #ccc;\">\n<th style=\"border: none; text-align: left;\">Module<\/th>\n<th style=\"border: none; text-align: left;\">Type<\/th>\n<th style=\"border: none; text-align: left;\">Voies de tension<\/th>\n<th style=\"border: none; text-align: left;\">Canaux actuels<\/th>\n<th style=\"border: none; text-align: left;\">Dimensions (mm)<\/th>\n<\/tr>\n<\/thead>\n<tbody style=\"border: none;\">\n<tr class=\"tab_desc_trow\" style=\"border-bottom: 1px solid #ccc;\">\n<td class=\"tab_desc_tcolumn\" style=\"border: none; text-align: left;\">ecoMain<\/td>\n<td style=\"border: none; text-align: left;\">Module principal<\/td>\n<td style=\"border: none; text-align: left;\">3<\/td>\n<td style=\"border: none; text-align: left;\">10<\/td>\n<td style=\"border: none; text-align: left;\">72\u00d778\u00d766<\/td>\n<\/tr>\n<tr class=\"tab_desc_trow\" style=\"border-bottom: 1px solid #ccc;\">\n<td style=\"border: none; text-align: left;\">ecoSub<\/td>\n<td style=\"border: none; text-align: left;\">Sous-module<\/td>\n<td style=\"border: none; text-align: left;\">0<\/td>\n<td style=\"border: none; text-align: left;\">10<\/td>\n<td style=\"border: none; text-align: left;\">36\u00d778\u00d766<\/td>\n<\/tr>\n<tr class=\"tab_desc_trow\" style=\"border-bottom: 1px solid #ccc;\">\n<td style=\"border: none; text-align: left;\">\u00e9co-capteur<\/td>\n<td style=\"border: none; text-align: left;\">Accessoires<\/td>\n<td style=\"border: none; text-align: left;\">0<\/td>\n<td style=\"border: none; text-align: left;\">0<\/td>\n<td style=\"border: none; text-align: left;\">34x50x12.4<\/td>\n<\/tr>\n<\/tbody>\n<\/table>\n<p style=\"white-space: nowrap; margin: 0; padding: 0;\"><strong><br \/>\nVous trouverez les sp\u00e9cifications de l'HEMS ici : \u00a0\u00a0<\/strong><strong><a style=\"display: inline;\" href=\"https:\/\/genatronik.com\/wp-content\/uploads\/2025\/04\/Datasheet_econest_E240X_-Home_Electricity_Monitor_EN.pdf\">Anglais<\/a> |<a style=\"display: inline;\" href=\"https:\/\/genatronik.com\/wp-content\/uploads\/2025\/04\/Datasheet_econest_E240X-_Home_Electricity_Monitor_DE.pdf\"> Allemand<\/a> |<a style=\"display: inline;\" href=\"https:\/\/genatronik.com\/wp-content\/uploads\/2025\/04\/Datasheet_econest_E240X_Home_Electricity_Monitor_FR-.pdf\"> Fran\u00e7ais<\/a><br \/>\n<\/strong><\/p>\n<p>&nbsp;<\/p>\n<table style=\"width: 100%; border-collapse: collapse; float: left; border: none;\">\n<tbody style=\"border: none;\">\n<tr style=\"border: none;\">\n<td style=\"width: 20%; border: none;\"><img fetchpriority=\"high\" decoding=\"async\" class=\"alignnone wp-image-6386 size-full\" src=\"https:\/\/genatronik.com\/wp-content\/uploads\/2025\/03\/Cable1.png\" alt=\"\" width=\"2480\" height=\"3508\" srcset=\"https:\/\/genatronik.com\/wp-content\/uploads\/2025\/03\/Cable1.png 2480w, https:\/\/genatronik.com\/wp-content\/uploads\/2025\/03\/Cable1-212x300.png 212w, https:\/\/genatronik.com\/wp-content\/uploads\/2025\/03\/Cable1-724x1024.png 724w, https:\/\/genatronik.com\/wp-content\/uploads\/2025\/03\/Cable1-768x1086.png 768w, https:\/\/genatronik.com\/wp-content\/uploads\/2025\/03\/Cable1-1086x1536.png 1086w, https:\/\/genatronik.com\/wp-content\/uploads\/2025\/03\/Cable1-1448x2048.png 1448w, https:\/\/genatronik.com\/wp-content\/uploads\/2025\/03\/Cable1-8x12.png 8w, https:\/\/genatronik.com\/wp-content\/uploads\/2025\/03\/Cable1-600x849.png 600w\" sizes=\"(max-width: 2480px) 100vw, 2480px\" \/><\/td>\n<td style=\"width: 80%; border: none;\">\n<h5>Les c\u00e2bles d'extension permettent la mise en cascade<\/h5>\n<p><span style=\"font-size: 19px;\">Plusieurs c\u00e2bles d'extension peuvent \u00eatre connect\u00e9s ensemble, ce qui permet aux ecoSensors de mesurer des points de test sur de longues distances.\u00a0<\/span><\/td>\n<\/tr>\n<tr style=\"border: none;\">\n<td style=\"width: 20%; border: none; height: 100;\"><img decoding=\"async\" class=\"alignnone wp-image-6387 size-full\" src=\"https:\/\/genatronik.com\/wp-content\/uploads\/2025\/03\/Cable2.png\" alt=\"\" width=\"2480\" height=\"3508\" srcset=\"https:\/\/genatronik.com\/wp-content\/uploads\/2025\/03\/Cable2.png 2480w, https:\/\/genatronik.com\/wp-content\/uploads\/2025\/03\/Cable2-212x300.png 212w, https:\/\/genatronik.com\/wp-content\/uploads\/2025\/03\/Cable2-724x1024.png 724w, https:\/\/genatronik.com\/wp-content\/uploads\/2025\/03\/Cable2-768x1086.png 768w, https:\/\/genatronik.com\/wp-content\/uploads\/2025\/03\/Cable2-1086x1536.png 1086w, https:\/\/genatronik.com\/wp-content\/uploads\/2025\/03\/Cable2-1448x2048.png 1448w, https:\/\/genatronik.com\/wp-content\/uploads\/2025\/03\/Cable2-8x12.png 8w, https:\/\/genatronik.com\/wp-content\/uploads\/2025\/03\/Cable2-600x849.png 600w\" sizes=\"(max-width: 2480px) 100vw, 2480px\" \/><\/td>\n<td style=\"width: 80%; border: none;\">\n<h5>Stabilit\u00e9 \u00e9lev\u00e9e de la transmission et forte capacit\u00e9 anti-interf\u00e9rence<\/h5>\n<p><span style=\"font-size: 19px;\">M\u00eame dans les environnements \u00e0 fortes interf\u00e9rences \u00e9lectromagn\u00e9tiques, le c\u00e2ble d'extension assure une transmission fiable des donn\u00e9es sans perte de signal.<\/span><\/td>\n<\/tr>\n<tr style=\"border: none;\">\n<td style=\"width: 20%; border: none;\"><\/td>\n<td style=\"width: 80%; border: none;\"><\/td>\n<\/tr>\n<tr style=\"border: none;\">\n<td style=\"width: 20%; border: none;\"><\/td>\n<td style=\"width: 80%; border: none;\"><\/td>\n<\/tr>\n<tr style=\"border: none;\">\n<td style=\"border: none; width: 20%;\"><\/td>\n<td style=\"border: none; width: 80%;\"><\/td>\n<\/tr>\n<tr style=\"border: none;\">\n<td style=\"border: none; width: 20%;\"><\/td>\n<td style=\"border: none; width: 80%;\"><\/td>\n<\/tr>\n<tr style=\"border: none;\">\n<td style=\"border: none; width: 20%;\"><\/td>\n<td style=\"border: none; width: 80%;\"><\/td>\n<\/tr>\n<tr style=\"border: none;\">\n<td style=\"border: none; width: 20%;\"><\/td>\n<td style=\"border: none; width: 80%;\"><\/td>\n<\/tr>\n<tr style=\"border: none;\">\n<td style=\"border: none; width: 20%;\"><\/td>\n<td style=\"border: none; width: 80%;\"><\/td>\n<\/tr>\n<tr style=\"border: none;\">\n<td style=\"border: none; width: 20%;\"><\/td>\n<td style=\"border: none; width: 80%;\"><\/td>\n<\/tr>\n<tr style=\"border: none;\">\n<td style=\"border: none; width: 20%;\"><\/td>\n<td style=\"border: none; width: 80%;\"><\/td>\n<\/tr>\n<tr style=\"border: none;\">\n<td style=\"border: none; width: 20%;\"><\/td>\n<td style=\"border: none; width: 80%;\"><\/td>\n<\/tr>\n<\/tbody>\n<\/table>","protected":false},"excerpt":{"rendered":"<p>\u25cf\u00c0 connecter \u00e0 l'ecoSensor(30A) pour l'utilisation.<br \/>\n\u25cfQuantit\u00e9 : 5 pi\u00e8ces<br \/>\n\u25cf Longueur du c\u00e2ble d'extension : 50 cm<br \/>\n\u25cf Les c\u00e2bles d'extension prennent en charge la mise en cascade.<br \/>\n\u25cf Longueur du c\u00e2ble d'extension : 50 cm<\/p>","protected":false},"featured_media":5493,"comment_status":"open","ping_status":"closed","template":"","meta":{"_surecart_dashboard_logo_width":"180px","_surecart_dashboard_show_logo":true,"_surecart_dashboard_navigation_orders":true,"_surecart_dashboard_navigation_invoices":true,"_surecart_dashboard_navigation_subscriptions":true,"_surecart_dashboard_navigation_downloads":true,"_surecart_dashboard_navigation_billing":true,"_surecart_dashboard_navigation_account":true,"_uag_custom_page_level_css":"","site-sidebar-layout":"default","site-content-layout":"","ast-site-content-layout":"default","site-content-style":"default","site-sidebar-style":"default","ast-global-header-display":"","ast-banner-title-visibility":"","ast-main-header-display":"","ast-hfb-above-header-display":"","ast-hfb-below-header-display":"","ast-hfb-mobile-header-display":"","site-post-title":"","ast-breadcrumbs-content":"","ast-featured-img":"","footer-sml-layout":"","ast-disable-related-posts":"","theme-transparent-header-meta":"default","adv-header-id-meta":"","stick-header-meta":"default","header-above-stick-meta":"","header-main-stick-meta":"","header-below-stick-meta":"","astra-migrate-meta-layouts":"set","ast-page-background-enabled":"default","ast-page-background-meta":{"desktop":{"background-color":"var(--ast-global-color-4)","background-image":"","background-repeat":"repeat","background-position":"center center","background-size":"auto","background-attachment":"scroll","background-type":"","background-media":"","overlay-type":"","overlay-color":"","overlay-opacity":"","overlay-gradient":""},"tablet":{"background-color":"","background-image":"","background-repeat":"repeat","background-position":"center center","background-size":"auto","background-attachment":"scroll","background-type":"","background-media":"","overlay-type":"","overlay-color":"","overlay-opacity":"","overlay-gradient":""},"mobile":{"background-color":"","background-image":"","background-repeat":"repeat","background-position":"center center","background-size":"auto","background-attachment":"scroll","background-type":"","background-media":"","overlay-type":"","overlay-color":"","overlay-opacity":"","overlay-gradient":""}},"ast-content-background-meta":{"desktop":{"background-color":"var(--ast-global-color-5)","background-image":"","background-repeat":"repeat","background-position":"center center","background-size":"auto","background-attachment":"scroll","background-type":"","background-media":"","overlay-type":"","overlay-color":"","overlay-opacity":"","overlay-gradient":""},"tablet":{"background-color":"var(--ast-global-color-5)","background-image":"","background-repeat":"repeat","background-position":"center center","background-size":"auto","background-attachment":"scroll","background-type":"","background-media":"","overlay-type":"","overlay-color":"","overlay-opacity":"","overlay-gradient":""},"mobile":{"background-color":"var(--ast-global-color-5)","background-image":"","background-repeat":"repeat","background-position":"center center","background-size":"auto","background-attachment":"scroll","background-type":"","background-media":"","overlay-type":"","overlay-color":"","overlay-opacity":"","overlay-gradient":""}}},"product_brand":[],"product_cat":[142,46,147],"product_tag":[],"class_list":{"0":"post-4459","1":"product","2":"type-product","3":"status-publish","4":"has-post-thumbnail","6":"product_cat-products","7":"product_cat-hems","8":"product_cat-accessories","9":"desktop-align-left","10":"tablet-align-left","11":"mobile-align-left","12":"ast-product-gallery-layout-horizontal-slider","13":"ast-product-gallery-with-no-image","14":"ast-product-tabs-layout-horizontal","16":"first","17":"instock","18":"taxable","19":"shipping-taxable","20":"purchasable","21":"product-type-simple"},"yoast_head":"<!-- This site is optimized with the Yoast SEO plugin v26.2 - https:\/\/yoast.com\/wordpress\/plugins\/seo\/ -->\n<title>econest Extension cable(E2405) - Genatronik<\/title>\n<meta name=\"robots\" content=\"index, follow, max-snippet:-1, max-image-preview:large, max-video-preview:-1\" \/>\n<link rel=\"canonical\" href=\"https:\/\/genatronik.com\/fr\/product\/e2405\/\" \/>\n<meta property=\"og:locale\" content=\"fr_FR\" \/>\n<meta property=\"og:type\" content=\"article\" \/>\n<meta property=\"og:title\" content=\"econest Extension cable(E2405) - Genatronik\" \/>\n<meta property=\"og:description\" content=\"\u25cfTo be connected to ecoSensor(30A) for use. \u25cfQuantity: 5 pcs \u25cfExtension cable length: 50cm \u25cfExtension cables support cascading \u25cfExtension cable length: 50cm\" \/>\n<meta property=\"og:url\" content=\"https:\/\/genatronik.com\/fr\/product\/e2405\/\" \/>\n<meta property=\"og:site_name\" content=\"Genatronik\" \/>\n<meta property=\"article:modified_time\" content=\"2025-04-29T22:56:33+00:00\" \/>\n<meta property=\"og:image\" content=\"https:\/\/genatronik.com\/wp-content\/uploads\/2025\/03\/1.6.3928.png\" \/>\n\t<meta property=\"og:image:width\" content=\"5000\" \/>\n\t<meta property=\"og:image:height\" content=\"2810\" \/>\n\t<meta property=\"og:image:type\" content=\"image\/png\" \/>\n<meta name=\"twitter:card\" content=\"summary_large_image\" \/>\n<meta name=\"twitter:label1\" content=\"Dur\u00e9e de lecture estim\u00e9e\" \/>\n\t<meta name=\"twitter:data1\" content=\"2 minutes\" \/>\n<script type=\"application\/ld+json\" class=\"yoast-schema-graph\">{\"@context\":\"https:\/\/schema.org\",\"@graph\":[{\"@type\":\"WebPage\",\"@id\":\"https:\/\/genatronik.com\/en\/product\/e2405\/\",\"url\":\"https:\/\/genatronik.com\/en\/product\/e2405\/\",\"name\":\"econest Extension cable(E2405) - Genatronik\",\"isPartOf\":{\"@id\":\"https:\/\/genatronik.com\/en\/#website\"},\"primaryImageOfPage\":{\"@id\":\"https:\/\/genatronik.com\/en\/product\/e2405\/#primaryimage\"},\"image\":{\"@id\":\"https:\/\/genatronik.com\/en\/product\/e2405\/#primaryimage\"},\"thumbnailUrl\":\"https:\/\/genatronik.com\/wp-content\/uploads\/2025\/03\/1.6.3928.png\",\"datePublished\":\"2025-03-05T14:55:41+00:00\",\"dateModified\":\"2025-04-29T22:56:33+00:00\",\"breadcrumb\":{\"@id\":\"https:\/\/genatronik.com\/en\/product\/e2405\/#breadcrumb\"},\"inLanguage\":\"fr-FR\",\"potentialAction\":[{\"@type\":\"ReadAction\",\"target\":[\"https:\/\/genatronik.com\/en\/product\/e2405\/\"]}]},{\"@type\":\"ImageObject\",\"inLanguage\":\"fr-FR\",\"@id\":\"https:\/\/genatronik.com\/en\/product\/e2405\/#primaryimage\",\"url\":\"https:\/\/genatronik.com\/wp-content\/uploads\/2025\/03\/1.6.3928.png\",\"contentUrl\":\"https:\/\/genatronik.com\/wp-content\/uploads\/2025\/03\/1.6.3928.png\",\"width\":5000,\"height\":2810},{\"@type\":\"BreadcrumbList\",\"@id\":\"https:\/\/genatronik.com\/en\/product\/e2405\/#breadcrumb\",\"itemListElement\":[{\"@type\":\"ListItem\",\"position\":1,\"name\":\"Home\",\"item\":\"https:\/\/genatronik.com\/\"},{\"@type\":\"ListItem\",\"position\":2,\"name\":\"Produkte\",\"item\":\"https:\/\/genatronik.com\/de\/shop\/\"},{\"@type\":\"ListItem\",\"position\":3,\"name\":\"Products\",\"item\":\"https:\/\/genatronik.com\/product-category\/products\/\"},{\"@type\":\"ListItem\",\"position\":4,\"name\":\"Home Electricity Monitor System\",\"item\":\"https:\/\/genatronik.com\/product-category\/products\/hems\/\"},{\"@type\":\"ListItem\",\"position\":5,\"name\":\"Accessories(E2405\uff09\",\"item\":\"https:\/\/genatronik.com\/en\/product-category\/products\/hems\/accessories\/\"},{\"@type\":\"ListItem\",\"position\":6,\"name\":\"econest Extension cable(E2405)\"}]},{\"@type\":\"WebSite\",\"@id\":\"https:\/\/genatronik.com\/en\/#website\",\"url\":\"https:\/\/genatronik.com\/en\/\",\"name\":\"Genatronik\",\"description\":\"Advanced Devices. Reliable Service.\",\"publisher\":{\"@id\":\"https:\/\/genatronik.com\/en\/#organization\"},\"potentialAction\":[{\"@type\":\"SearchAction\",\"target\":{\"@type\":\"EntryPoint\",\"urlTemplate\":\"https:\/\/genatronik.com\/en\/?s={search_term_string}\"},\"query-input\":{\"@type\":\"PropertyValueSpecification\",\"valueRequired\":true,\"valueName\":\"search_term_string\"}}],\"inLanguage\":\"fr-FR\"},{\"@type\":\"Organization\",\"@id\":\"https:\/\/genatronik.com\/en\/#organization\",\"name\":\"Genatronik\",\"url\":\"https:\/\/genatronik.com\/en\/\",\"logo\":{\"@type\":\"ImageObject\",\"inLanguage\":\"fr-FR\",\"@id\":\"https:\/\/genatronik.com\/en\/#\/schema\/logo\/image\/\",\"url\":\"https:\/\/genatronik.com\/wp-content\/uploads\/2025\/05\/genatronik_logo_header-scaled.png\",\"contentUrl\":\"https:\/\/genatronik.com\/wp-content\/uploads\/2025\/05\/genatronik_logo_header-scaled.png\",\"width\":2560,\"height\":448,\"caption\":\"Genatronik\"},\"image\":{\"@id\":\"https:\/\/genatronik.com\/en\/#\/schema\/logo\/image\/\"}}]}<\/script>\n<!-- \/ Yoast SEO plugin. -->","yoast_head_json":{"title":"econest C\u00e2ble d'extension (E2405) - Genatronik","robots":{"index":"index","follow":"follow","max-snippet":"max-snippet:-1","max-image-preview":"max-image-preview:large","max-video-preview":"max-video-preview:-1"},"canonical":"https:\/\/genatronik.com\/fr\/product\/e2405\/","og_locale":"fr_FR","og_type":"article","og_title":"econest Extension cable(E2405) - Genatronik","og_description":"\u25cfTo be connected to ecoSensor(30A) for use. \u25cfQuantity: 5 pcs \u25cfExtension cable length: 50cm \u25cfExtension cables support cascading \u25cfExtension cable length: 50cm","og_url":"https:\/\/genatronik.com\/fr\/product\/e2405\/","og_site_name":"Genatronik","article_modified_time":"2025-04-29T22:56:33+00:00","og_image":[{"width":5000,"height":2810,"url":"https:\/\/genatronik.com\/wp-content\/uploads\/2025\/03\/1.6.3928.png","type":"image\/png"}],"twitter_card":"summary_large_image","twitter_misc":{"Dur\u00e9e de lecture estim\u00e9e":"2 minutes"},"schema":{"@context":"https:\/\/schema.org","@graph":[{"@type":"WebPage","@id":"https:\/\/genatronik.com\/en\/product\/e2405\/","url":"https:\/\/genatronik.com\/en\/product\/e2405\/","name":"econest C\u00e2ble d'extension (E2405) - Genatronik","isPartOf":{"@id":"https:\/\/genatronik.com\/en\/#website"},"primaryImageOfPage":{"@id":"https:\/\/genatronik.com\/en\/product\/e2405\/#primaryimage"},"image":{"@id":"https:\/\/genatronik.com\/en\/product\/e2405\/#primaryimage"},"thumbnailUrl":"https:\/\/genatronik.com\/wp-content\/uploads\/2025\/03\/1.6.3928.png","datePublished":"2025-03-05T14:55:41+00:00","dateModified":"2025-04-29T22:56:33+00:00","breadcrumb":{"@id":"https:\/\/genatronik.com\/en\/product\/e2405\/#breadcrumb"},"inLanguage":"fr-FR","potentialAction":[{"@type":"ReadAction","target":["https:\/\/genatronik.com\/en\/product\/e2405\/"]}]},{"@type":"ImageObject","inLanguage":"fr-FR","@id":"https:\/\/genatronik.com\/en\/product\/e2405\/#primaryimage","url":"https:\/\/genatronik.com\/wp-content\/uploads\/2025\/03\/1.6.3928.png","contentUrl":"https:\/\/genatronik.com\/wp-content\/uploads\/2025\/03\/1.6.3928.png","width":5000,"height":2810},{"@type":"BreadcrumbList","@id":"https:\/\/genatronik.com\/en\/product\/e2405\/#breadcrumb","itemListElement":[{"@type":"ListItem","position":1,"name":"Home","item":"https:\/\/genatronik.com\/"},{"@type":"ListItem","position":2,"name":"Produkte","item":"https:\/\/genatronik.com\/de\/shop\/"},{"@type":"ListItem","position":3,"name":"Products","item":"https:\/\/genatronik.com\/product-category\/products\/"},{"@type":"ListItem","position":4,"name":"Home Electricity Monitor System","item":"https:\/\/genatronik.com\/product-category\/products\/hems\/"},{"@type":"ListItem","position":5,"name":"Accessories(E2405\uff09","item":"https:\/\/genatronik.com\/en\/product-category\/products\/hems\/accessories\/"},{"@type":"ListItem","position":6,"name":"econest Extension cable(E2405)"}]},{"@type":"WebSite","@id":"https:\/\/genatronik.com\/en\/#website","url":"https:\/\/genatronik.com\/en\/","name":"Genatronik","description":"Dispositifs avanc\u00e9s. Un service fiable.","publisher":{"@id":"https:\/\/genatronik.com\/en\/#organization"},"potentialAction":[{"@type":"SearchAction","target":{"@type":"EntryPoint","urlTemplate":"https:\/\/genatronik.com\/en\/?s={search_term_string}"},"query-input":{"@type":"PropertyValueSpecification","valueRequired":true,"valueName":"search_term_string"}}],"inLanguage":"fr-FR"},{"@type":"Organization","@id":"https:\/\/genatronik.com\/en\/#organization","name":"Genatronik","url":"https:\/\/genatronik.com\/en\/","logo":{"@type":"ImageObject","inLanguage":"fr-FR","@id":"https:\/\/genatronik.com\/en\/#\/schema\/logo\/image\/","url":"https:\/\/genatronik.com\/wp-content\/uploads\/2025\/05\/genatronik_logo_header-scaled.png","contentUrl":"https:\/\/genatronik.com\/wp-content\/uploads\/2025\/05\/genatronik_logo_header-scaled.png","width":2560,"height":448,"caption":"Genatronik"},"image":{"@id":"https:\/\/genatronik.com\/en\/#\/schema\/logo\/image\/"}}]}},"uagb_featured_image_src":{"full":["https:\/\/genatronik.com\/wp-content\/uploads\/2025\/03\/1.6.3928.png",5000,2810,false],"thumbnail":["https:\/\/genatronik.com\/wp-content\/uploads\/2025\/03\/1.6.3928-150x150.png",150,150,true],"medium":["https:\/\/genatronik.com\/wp-content\/uploads\/2025\/03\/1.6.3928-300x169.png",300,169,true],"medium_large":["https:\/\/genatronik.com\/wp-content\/uploads\/2025\/03\/1.6.3928-768x432.png",768,432,true],"large":["https:\/\/genatronik.com\/wp-content\/uploads\/2025\/03\/1.6.3928-1024x575.png",1024,575,true],"1536x1536":["https:\/\/genatronik.com\/wp-content\/uploads\/2025\/03\/1.6.3928-1536x863.png",1536,863,true],"2048x2048":["https:\/\/genatronik.com\/wp-content\/uploads\/2025\/03\/1.6.3928-2048x1151.png",2048,1151,true],"trp-custom-language-flag":["https:\/\/genatronik.com\/wp-content\/uploads\/2025\/03\/1.6.3928-18x10.png",18,10,true],"tp-image-grid":["https:\/\/genatronik.com\/wp-content\/uploads\/2025\/03\/1.6.3928-700x700.png",700,700,true],"woocommerce_thumbnail":["https:\/\/genatronik.com\/wp-content\/uploads\/2025\/03\/1.6.3928-300x225.png",300,225,true],"woocommerce_single":["https:\/\/genatronik.com\/wp-content\/uploads\/2025\/03\/1.6.3928-600x337.png",600,337,true],"woocommerce_gallery_thumbnail":["https:\/\/genatronik.com\/wp-content\/uploads\/2025\/03\/1.6.3928-100x100.png",100,100,true]},"uagb_author_info":{"display_name":"guanyuan zhu","author_link":"https:\/\/genatronik.com\/fr\/author\/"},"uagb_comment_info":0,"uagb_excerpt":"\u25cfTo be connected to ecoSensor(30A) for use. \u25cfQuantity: 5 pcs \u25cfExtension cable length: 50cm \u25cfExtension cables support cascading \u25cfExtension cable length: 50cm","jetpack_sharing_enabled":true,"_links":{"self":[{"href":"https:\/\/genatronik.com\/fr\/wp-json\/wp\/v2\/product\/4459","targetHints":{"allow":["GET"]}}],"collection":[{"href":"https:\/\/genatronik.com\/fr\/wp-json\/wp\/v2\/product"}],"about":[{"href":"https:\/\/genatronik.com\/fr\/wp-json\/wp\/v2\/types\/product"}],"replies":[{"embeddable":true,"href":"https:\/\/genatronik.com\/fr\/wp-json\/wp\/v2\/comments?post=4459"}],"version-history":[{"count":23,"href":"https:\/\/genatronik.com\/fr\/wp-json\/wp\/v2\/product\/4459\/revisions"}],"predecessor-version":[{"id":7002,"href":"https:\/\/genatronik.com\/fr\/wp-json\/wp\/v2\/product\/4459\/revisions\/7002"}],"wp:featuredmedia":[{"embeddable":true,"href":"https:\/\/genatronik.com\/fr\/wp-json\/wp\/v2\/media\/5493"}],"wp:attachment":[{"href":"https:\/\/genatronik.com\/fr\/wp-json\/wp\/v2\/media?parent=4459"}],"wp:term":[{"taxonomy":"product_brand","embeddable":true,"href":"https:\/\/genatronik.com\/fr\/wp-json\/wp\/v2\/product_brand?post=4459"},{"taxonomy":"product_cat","embeddable":true,"href":"https:\/\/genatronik.com\/fr\/wp-json\/wp\/v2\/product_cat?post=4459"},{"taxonomy":"product_tag","embeddable":true,"href":"https:\/\/genatronik.com\/fr\/wp-json\/wp\/v2\/product_tag?post=4459"}],"curies":[{"name":"wp","href":"https:\/\/api.w.org\/{rel}","templated":true}]}}