{"id":4452,"date":"2025-04-02T14:48:08","date_gmt":"2025-04-02T12:48:08","guid":{"rendered":"https:\/\/genatronik.com\/?post_type=product&#038;p=4452"},"modified":"2025-05-05T11:39:05","modified_gmt":"2025-05-05T09:39:05","slug":"e2402","status":"publish","type":"product","link":"https:\/\/genatronik.com\/fr\/product\/e2402\/","title":{"rendered":"econest ecoSub(E2402)"},"content":{"rendered":"<p><span style=\"background-color: transparent;\"><span style=\"font-size: 18px;\">Econest HEMS est capable de surveiller la consommation d'\u00e9lectricit\u00e9 de pi\u00e8ces ou d'appareils sp\u00e9cifiques en utilisant jusqu'\u00e0 40 canaux et de fournir des informations sur le m\u00e9nage, la consommation d'\u00e9lectricit\u00e9, ainsi que d'identifier le gaspillage d'\u00e9lectricit\u00e9. <\/span><span style=\"font-size: 18px;\">Le syst\u00e8me complet se compose du module principal (ecoMain), des sous-modules (ecoSub), du capteur de courant (ecoSensor), de l'APP et des accessoires connexes.<\/span><\/span><\/p>\n<table class=\"tab_desc_table\" style=\"border-collapse: collapse; width: 100%; border: none;\">\n<thead>\n<tr class=\"tab_desc_trow\" style=\"background-color: #d3d3d3; border-bottom: 1px solid #ccc;\">\n<th style=\"border: none; text-align: left;\">Module<\/th>\n<th style=\"border: none; text-align: left;\">Type<\/th>\n<th style=\"border: none; text-align: left;\">Voies de tension<\/th>\n<th style=\"border: none; text-align: left;\">Canaux actuels<\/th>\n<th style=\"border: none; text-align: left;\">Dimensions (mm)<\/th>\n<\/tr>\n<\/thead>\n<tbody style=\"border: none;\">\n<tr class=\"tab_desc_trow\" style=\"border-bottom: 1px solid #ccc;\">\n<td class=\"tab_desc_tcolumn\" style=\"border: none; text-align: left;\">ecoMain<\/td>\n<td style=\"border: none; text-align: left;\">Module principal<\/td>\n<td style=\"border: none; text-align: left;\">3<\/td>\n<td style=\"border: none; text-align: left;\">10<\/td>\n<td style=\"border: none; text-align: left;\">72\u00d778\u00d766<\/td>\n<\/tr>\n<tr class=\"tab_desc_trow\" style=\"border-bottom: 1px solid #ccc;\">\n<td style=\"border: none; text-align: left;\">ecoSub<\/td>\n<td style=\"border: none; text-align: left;\">Sous-module<\/td>\n<td style=\"border: none; text-align: left;\">0<\/td>\n<td style=\"border: none; text-align: left;\">10<\/td>\n<td style=\"border: none; text-align: left;\">36\u00d778\u00d766<\/td>\n<\/tr>\n<tr class=\"tab_desc_trow\" style=\"border-bottom: 1px solid #ccc;\">\n<td style=\"border: none; text-align: left;\">\u00e9co-capteur<\/td>\n<td style=\"border: none; text-align: left;\">Accessoires<\/td>\n<td style=\"border: none; text-align: left;\">0<\/td>\n<td style=\"border: none; text-align: left;\">0<\/td>\n<td style=\"border: none; text-align: left;\">34x50x12.4<\/td>\n<\/tr>\n<\/tbody>\n<\/table>\n<p style=\"white-space: nowrap; margin: 0; padding: 0;\"><strong><br \/>\nVous trouverez les sp\u00e9cifications de l'HEMS ici : \u00a0\u00a0<\/strong><strong><a style=\"display: inline;\" href=\"https:\/\/genatronik.com\/wp-content\/uploads\/2025\/04\/Datasheet_econest_E240X_-Home_Electricity_Monitor_EN.pdf\">Anglais<\/a> |<a style=\"display: inline;\" href=\"https:\/\/genatronik.com\/wp-content\/uploads\/2025\/04\/Datasheet_econest_E240X-_Home_Electricity_Monitor_DE.pdf\"> Allemand<\/a> |<a style=\"display: inline;\" href=\"https:\/\/genatronik.com\/wp-content\/uploads\/2025\/04\/Datasheet_econest_E240X_Home_Electricity_Monitor_FR-.pdf\"> Fran\u00e7ais<\/a><br \/>\n<\/strong><\/p>\n<p>&nbsp;<\/p>\n<table style=\"width: 100%; border-collapse: collapse; float: left; border: none;\">\n<tbody style=\"border: none;\">\n<tr style=\"border: none;\">\n<td style=\"width: 20%; border: none;\">&nbsp;<\/p>\n<p><img fetchpriority=\"high\" decoding=\"async\" class=\"alignnone wp-image-6375 size-full\" src=\"https:\/\/genatronik.com\/wp-content\/uploads\/2025\/04\/sub1.png\" alt=\"\" width=\"2480\" height=\"3508\" srcset=\"https:\/\/genatronik.com\/wp-content\/uploads\/2025\/04\/sub1.png 2480w, https:\/\/genatronik.com\/wp-content\/uploads\/2025\/04\/sub1-212x300.png 212w, https:\/\/genatronik.com\/wp-content\/uploads\/2025\/04\/sub1-724x1024.png 724w, https:\/\/genatronik.com\/wp-content\/uploads\/2025\/04\/sub1-768x1086.png 768w, https:\/\/genatronik.com\/wp-content\/uploads\/2025\/04\/sub1-1086x1536.png 1086w, https:\/\/genatronik.com\/wp-content\/uploads\/2025\/04\/sub1-1448x2048.png 1448w, https:\/\/genatronik.com\/wp-content\/uploads\/2025\/04\/sub1-8x12.png 8w, https:\/\/genatronik.com\/wp-content\/uploads\/2025\/04\/sub1-600x849.png 600w\" sizes=\"(max-width: 2480px) 100vw, 2480px\" \/><\/td>\n<td style=\"width: 80%; border: none;\">\n<h5><\/h5>\n<h5><\/h5>\n<h5>Conception modulaire et flexible<\/h5>\n<p><span style=\"font-size: 19px;\">ecoSub peut \u00eatre \u00e9tendu selon les besoins du client en augmentant le nombre de canaux, am\u00e9liorant ainsi la flexibilit\u00e9 globale. Les unit\u00e9s ecoSub peuvent \u00eatre \u00e9tendues jusqu'\u00e0 3, et le nombre de canaux peut \u00eatre \u00e9tendu jusqu'\u00e0 30.<\/span><\/td>\n<\/tr>\n<tr style=\"border: none;\">\n<td style=\"width: 20%; border: none; height: 100;\"><img decoding=\"async\" class=\"alignnone wp-image-6377 size-full\" src=\"https:\/\/genatronik.com\/wp-content\/uploads\/2025\/04\/sub2.png\" alt=\"\" width=\"2480\" height=\"3508\" srcset=\"https:\/\/genatronik.com\/wp-content\/uploads\/2025\/04\/sub2.png 2480w, https:\/\/genatronik.com\/wp-content\/uploads\/2025\/04\/sub2-212x300.png 212w, https:\/\/genatronik.com\/wp-content\/uploads\/2025\/04\/sub2-724x1024.png 724w, https:\/\/genatronik.com\/wp-content\/uploads\/2025\/04\/sub2-768x1086.png 768w, https:\/\/genatronik.com\/wp-content\/uploads\/2025\/04\/sub2-1086x1536.png 1086w, https:\/\/genatronik.com\/wp-content\/uploads\/2025\/04\/sub2-1448x2048.png 1448w, https:\/\/genatronik.com\/wp-content\/uploads\/2025\/04\/sub2-8x12.png 8w, https:\/\/genatronik.com\/wp-content\/uploads\/2025\/04\/sub2-600x849.png 600w\" sizes=\"(max-width: 2480px) 100vw, 2480px\" \/><\/td>\n<td style=\"width: 80%; border: none;\">\n<h5>Conception de rail DIN<\/h5>\n<p><span style=\"font-size: 19px;\">ecoSub peut \u00eatre mont\u00e9 de mani\u00e8re flexible sur un rail DIN en fonction de l'espace disponible dans l'armoire de distribution, ou plac\u00e9 \u00e0 d'autres endroits appropri\u00e9s dans l'armoire.<\/span><\/td>\n<\/tr>\n<tr style=\"border: none;\">\n<td style=\"width: 20%; border: none;\"><img decoding=\"async\" class=\"alignnone wp-image-6378 size-full\" src=\"https:\/\/genatronik.com\/wp-content\/uploads\/2025\/04\/sub3.png\" alt=\"\" width=\"2480\" height=\"3508\" srcset=\"https:\/\/genatronik.com\/wp-content\/uploads\/2025\/04\/sub3.png 2480w, https:\/\/genatronik.com\/wp-content\/uploads\/2025\/04\/sub3-212x300.png 212w, https:\/\/genatronik.com\/wp-content\/uploads\/2025\/04\/sub3-724x1024.png 724w, https:\/\/genatronik.com\/wp-content\/uploads\/2025\/04\/sub3-768x1086.png 768w, https:\/\/genatronik.com\/wp-content\/uploads\/2025\/04\/sub3-1086x1536.png 1086w, https:\/\/genatronik.com\/wp-content\/uploads\/2025\/04\/sub3-1448x2048.png 1448w, https:\/\/genatronik.com\/wp-content\/uploads\/2025\/04\/sub3-8x12.png 8w, https:\/\/genatronik.com\/wp-content\/uploads\/2025\/04\/sub3-600x849.png 600w\" sizes=\"(max-width: 2480px) 100vw, 2480px\" \/><\/td>\n<td style=\"width: 80%; border: none;\">\n<h5>Efficacit\u00e9 et s\u00e9curit\u00e9 des investissements<\/h5>\n<p><span style=\"font-size: 19px;\">Les canaux suppl\u00e9mentaires ne peuvent \u00eatre achet\u00e9s qu'en cas de besoin r\u00e9el, ce qui \u00e9vite les achats impulsifs et les capacit\u00e9s inutilis\u00e9es. ecoSub est portable et peut \u00eatre d\u00e9plac\u00e9 lors d'un d\u00e9m\u00e9nagement, ce qui garantit la s\u00e9curit\u00e9 et la r\u00e9utilisation de l'investissement.<\/span><\/td>\n<\/tr>\n<tr style=\"border: none;\">\n<td style=\"width: 20%; border: none;\"><\/td>\n<td style=\"width: 80%; border: none;\"><\/td>\n<\/tr>\n<tr style=\"border: none;\">\n<td style=\"border: none; width: 20%;\"><\/td>\n<td style=\"border: none; width: 80%;\"><\/td>\n<\/tr>\n<tr style=\"border: none;\">\n<td style=\"border: none; width: 20%;\"><\/td>\n<td style=\"border: none; width: 80%;\"><\/td>\n<\/tr>\n<tr style=\"border: none;\">\n<td style=\"border: none; width: 20%;\"><\/td>\n<td style=\"border: none; width: 80%;\"><\/td>\n<\/tr>\n<tr style=\"border: none;\">\n<td style=\"border: none; width: 20%;\"><\/td>\n<td style=\"border: none; width: 80%;\"><\/td>\n<\/tr>\n<tr style=\"border: none;\">\n<td style=\"border: none; width: 20%;\"><\/td>\n<td style=\"border: none; width: 80%;\"><\/td>\n<\/tr>\n<tr style=\"border: none;\">\n<td style=\"border: none; width: 20%;\"><\/td>\n<td style=\"border: none; width: 80%;\"><\/td>\n<\/tr>\n<tr style=\"border: none;\">\n<td style=\"border: none; width: 20%;\"><\/td>\n<td style=\"border: none; width: 80%;\"><\/td>\n<\/tr>\n<tr style=\"border: none;\">\n<td style=\"border: none; width: 20%;\"><\/td>\n<td style=\"border: none; width: 80%;\"><\/td>\n<\/tr>\n<\/tbody>\n<\/table>","protected":false},"excerpt":{"rendered":"<p>\u25cfCanaux de courant:10\u00d730A<br \/>\n\u25cfecoSub Expansion:3(jusqu'\u00e0 30 chs)<br \/>\n\u25cfIl faut collaborer avec ecoMain<br \/>\n\u25cfDimensions : 36\u00d778\u00d766(mm)<br \/>\n\u25cfConsommation d'\u00e9nergie &lt;1W<\/p>","protected":false},"featured_media":4495,"comment_status":"open","ping_status":"closed","template":"","meta":{"_surecart_dashboard_logo_width":"180px","_surecart_dashboard_show_logo":true,"_surecart_dashboard_navigation_orders":true,"_surecart_dashboard_navigation_invoices":true,"_surecart_dashboard_navigation_subscriptions":true,"_surecart_dashboard_navigation_downloads":true,"_surecart_dashboard_navigation_billing":true,"_surecart_dashboard_navigation_account":true,"_uag_custom_page_level_css":"","site-sidebar-layout":"default","site-content-layout":"","ast-site-content-layout":"default","site-content-style":"default","site-sidebar-style":"default","ast-global-header-display":"","ast-banner-title-visibility":"","ast-main-header-display":"","ast-hfb-above-header-display":"","ast-hfb-below-header-display":"","ast-hfb-mobile-header-display":"","site-post-title":"","ast-breadcrumbs-content":"","ast-featured-img":"","footer-sml-layout":"","theme-transparent-header-meta":"default","adv-header-id-meta":"","stick-header-meta":"default","header-above-stick-meta":"","header-main-stick-meta":"","header-below-stick-meta":"","astra-migrate-meta-layouts":"set","ast-page-background-enabled":"default","ast-page-background-meta":{"desktop":{"background-color":"var(--ast-global-color-4)","background-image":"","background-repeat":"repeat","background-position":"center center","background-size":"auto","background-attachment":"scroll","background-type":"","background-media":"","overlay-type":"","overlay-color":"","overlay-opacity":"","overlay-gradient":""},"tablet":{"background-color":"","background-image":"","background-repeat":"repeat","background-position":"center center","background-size":"auto","background-attachment":"scroll","background-type":"","background-media":"","overlay-type":"","overlay-color":"","overlay-opacity":"","overlay-gradient":""},"mobile":{"background-color":"","background-image":"","background-repeat":"repeat","background-position":"center center","background-size":"auto","background-attachment":"scroll","background-type":"","background-media":"","overlay-type":"","overlay-color":"","overlay-opacity":"","overlay-gradient":""}},"ast-content-background-meta":{"desktop":{"background-color":"var(--ast-global-color-5)","background-image":"","background-repeat":"repeat","background-position":"center center","background-size":"auto","background-attachment":"scroll","background-type":"","background-media":"","overlay-type":"","overlay-color":"","overlay-opacity":"","overlay-gradient":""},"tablet":{"background-color":"var(--ast-global-color-5)","background-image":"","background-repeat":"repeat","background-position":"center center","background-size":"auto","background-attachment":"scroll","background-type":"","background-media":"","overlay-type":"","overlay-color":"","overlay-opacity":"","overlay-gradient":""},"mobile":{"background-color":"var(--ast-global-color-5)","background-image":"","background-repeat":"repeat","background-position":"center center","background-size":"auto","background-attachment":"scroll","background-type":"","background-media":"","overlay-type":"","overlay-color":"","overlay-opacity":"","overlay-gradient":""}}},"product_brand":[164],"product_cat":[142,46,145],"product_tag":[],"class_list":{"0":"post-4452","1":"product","2":"type-product","3":"status-publish","4":"has-post-thumbnail","6":"product_brand-econest","7":"product_cat-products","8":"product_cat-hems","9":"product_cat-ecosub","10":"desktop-align-left","11":"tablet-align-left","12":"mobile-align-left","13":"ast-product-gallery-layout-horizontal-slider","14":"ast-product-tabs-layout-horizontal","16":"first","17":"instock","18":"taxable","19":"shipping-taxable","20":"purchasable","21":"product-type-simple"},"yoast_head":"<!-- This site is optimized with the Yoast SEO plugin v26.2 - https:\/\/yoast.com\/wordpress\/plugins\/seo\/ -->\n<title>econest ecoSub(E2402) - Genatronik<\/title>\n<meta name=\"description\" content=\"ecoSub is a submodule of the HEMS, with 10 channels of 30A each. It collects current data through ecoSensor and transmits it via ecoBus to the main module, ecoMain.\" \/>\n<meta name=\"robots\" content=\"index, follow, max-snippet:-1, max-image-preview:large, max-video-preview:-1\" \/>\n<link rel=\"canonical\" href=\"https:\/\/genatronik.com\/fr\/product\/e2402\/\" \/>\n<meta property=\"og:locale\" content=\"fr_FR\" \/>\n<meta property=\"og:type\" content=\"article\" \/>\n<meta property=\"og:title\" content=\"econest ecoSub(E2402) - Genatronik\" \/>\n<meta property=\"og:description\" content=\"ecoSub is a submodule of the HEMS, with 10 channels of 30A each. It collects current data through ecoSensor and transmits it via ecoBus to the main module, ecoMain.\" \/>\n<meta property=\"og:url\" content=\"https:\/\/genatronik.com\/fr\/product\/e2402\/\" \/>\n<meta property=\"og:site_name\" content=\"Genatronik\" \/>\n<meta property=\"article:modified_time\" content=\"2025-05-05T09:39:05+00:00\" \/>\n<meta property=\"og:image\" content=\"https:\/\/genatronik.com\/wp-content\/uploads\/2025\/03\/2-1.png\" \/>\n\t<meta property=\"og:image:width\" content=\"1600\" \/>\n\t<meta property=\"og:image:height\" content=\"1200\" \/>\n\t<meta property=\"og:image:type\" content=\"image\/png\" \/>\n<meta name=\"twitter:card\" content=\"summary_large_image\" \/>\n<meta name=\"twitter:label1\" content=\"Dur\u00e9e de lecture estim\u00e9e\" \/>\n\t<meta name=\"twitter:data1\" content=\"2 minutes\" \/>\n<script type=\"application\/ld+json\" class=\"yoast-schema-graph\">{\"@context\":\"https:\/\/schema.org\",\"@graph\":[{\"@type\":\"WebPage\",\"@id\":\"https:\/\/genatronik.com\/fr\/product\/e2402\/\",\"url\":\"https:\/\/genatronik.com\/fr\/product\/e2402\/\",\"name\":\"econest ecoSub(E2402) - Genatronik\",\"isPartOf\":{\"@id\":\"https:\/\/genatronik.com\/en\/#website\"},\"primaryImageOfPage\":{\"@id\":\"https:\/\/genatronik.com\/fr\/product\/e2402\/#primaryimage\"},\"image\":{\"@id\":\"https:\/\/genatronik.com\/fr\/product\/e2402\/#primaryimage\"},\"thumbnailUrl\":\"https:\/\/genatronik.com\/wp-content\/uploads\/2025\/03\/2-1.png\",\"datePublished\":\"2025-04-02T12:48:08+00:00\",\"dateModified\":\"2025-05-05T09:39:05+00:00\",\"description\":\"ecoSub is a submodule of the HEMS, with 10 channels of 30A each. It collects current data through ecoSensor and transmits it via ecoBus to the main module, ecoMain.\",\"breadcrumb\":{\"@id\":\"https:\/\/genatronik.com\/fr\/product\/e2402\/#breadcrumb\"},\"inLanguage\":\"fr-FR\",\"potentialAction\":[{\"@type\":\"ReadAction\",\"target\":[\"https:\/\/genatronik.com\/fr\/product\/e2402\/\"]}]},{\"@type\":\"ImageObject\",\"inLanguage\":\"fr-FR\",\"@id\":\"https:\/\/genatronik.com\/fr\/product\/e2402\/#primaryimage\",\"url\":\"https:\/\/genatronik.com\/wp-content\/uploads\/2025\/03\/2-1.png\",\"contentUrl\":\"https:\/\/genatronik.com\/wp-content\/uploads\/2025\/03\/2-1.png\",\"width\":1600,\"height\":1200},{\"@type\":\"BreadcrumbList\",\"@id\":\"https:\/\/genatronik.com\/fr\/product\/e2402\/#breadcrumb\",\"itemListElement\":[{\"@type\":\"ListItem\",\"position\":1,\"name\":\"Home\",\"item\":\"https:\/\/genatronik.com\/\"},{\"@type\":\"ListItem\",\"position\":2,\"name\":\"Produkte\",\"item\":\"https:\/\/genatronik.com\/de\/shop\/\"},{\"@type\":\"ListItem\",\"position\":3,\"name\":\"Products\",\"item\":\"https:\/\/genatronik.com\/product-category\/products\/\"},{\"@type\":\"ListItem\",\"position\":4,\"name\":\"Home Electricity Monitor System\",\"item\":\"https:\/\/genatronik.com\/product-category\/products\/hems\/\"},{\"@type\":\"ListItem\",\"position\":5,\"name\":\"EcoSub(E2402)\",\"item\":\"https:\/\/genatronik.com\/en\/product-category\/products\/hems\/ecosub\/\"},{\"@type\":\"ListItem\",\"position\":6,\"name\":\"econest ecoSub(E2402)\"}]},{\"@type\":\"WebSite\",\"@id\":\"https:\/\/genatronik.com\/en\/#website\",\"url\":\"https:\/\/genatronik.com\/en\/\",\"name\":\"Genatronik\",\"description\":\"Advanced Devices. Reliable Service.\",\"publisher\":{\"@id\":\"https:\/\/genatronik.com\/en\/#organization\"},\"potentialAction\":[{\"@type\":\"SearchAction\",\"target\":{\"@type\":\"EntryPoint\",\"urlTemplate\":\"https:\/\/genatronik.com\/en\/?s={search_term_string}\"},\"query-input\":{\"@type\":\"PropertyValueSpecification\",\"valueRequired\":true,\"valueName\":\"search_term_string\"}}],\"inLanguage\":\"fr-FR\"},{\"@type\":\"Organization\",\"@id\":\"https:\/\/genatronik.com\/en\/#organization\",\"name\":\"Genatronik\",\"url\":\"https:\/\/genatronik.com\/en\/\",\"logo\":{\"@type\":\"ImageObject\",\"inLanguage\":\"fr-FR\",\"@id\":\"https:\/\/genatronik.com\/en\/#\/schema\/logo\/image\/\",\"url\":\"https:\/\/genatronik.com\/wp-content\/uploads\/2025\/05\/genatronik_logo_header-scaled.png\",\"contentUrl\":\"https:\/\/genatronik.com\/wp-content\/uploads\/2025\/05\/genatronik_logo_header-scaled.png\",\"width\":2560,\"height\":448,\"caption\":\"Genatronik\"},\"image\":{\"@id\":\"https:\/\/genatronik.com\/en\/#\/schema\/logo\/image\/\"}}]}<\/script>\n<!-- \/ Yoast SEO plugin. -->","yoast_head_json":{"title":"econest ecoSub(E2402) - Genatronik","description":"ecoSub est un sous-module du HEMS, avec 10 canaux de 30A chacun. Il collecte les donn\u00e9es de courant par l'interm\u00e9diaire de l'ecoSensor et les transmet via l'ecoBus au module principal, l'ecoMain.","robots":{"index":"index","follow":"follow","max-snippet":"max-snippet:-1","max-image-preview":"max-image-preview:large","max-video-preview":"max-video-preview:-1"},"canonical":"https:\/\/genatronik.com\/fr\/product\/e2402\/","og_locale":"fr_FR","og_type":"article","og_title":"econest ecoSub(E2402) - Genatronik","og_description":"ecoSub is a submodule of the HEMS, with 10 channels of 30A each. It collects current data through ecoSensor and transmits it via ecoBus to the main module, ecoMain.","og_url":"https:\/\/genatronik.com\/fr\/product\/e2402\/","og_site_name":"Genatronik","article_modified_time":"2025-05-05T09:39:05+00:00","og_image":[{"width":1600,"height":1200,"url":"https:\/\/genatronik.com\/wp-content\/uploads\/2025\/03\/2-1.png","type":"image\/png"}],"twitter_card":"summary_large_image","twitter_misc":{"Dur\u00e9e de lecture estim\u00e9e":"2 minutes"},"schema":{"@context":"https:\/\/schema.org","@graph":[{"@type":"WebPage","@id":"https:\/\/genatronik.com\/fr\/product\/e2402\/","url":"https:\/\/genatronik.com\/fr\/product\/e2402\/","name":"econest ecoSub(E2402) - Genatronik","isPartOf":{"@id":"https:\/\/genatronik.com\/en\/#website"},"primaryImageOfPage":{"@id":"https:\/\/genatronik.com\/fr\/product\/e2402\/#primaryimage"},"image":{"@id":"https:\/\/genatronik.com\/fr\/product\/e2402\/#primaryimage"},"thumbnailUrl":"https:\/\/genatronik.com\/wp-content\/uploads\/2025\/03\/2-1.png","datePublished":"2025-04-02T12:48:08+00:00","dateModified":"2025-05-05T09:39:05+00:00","description":"ecoSub est un sous-module du HEMS, avec 10 canaux de 30A chacun. Il collecte les donn\u00e9es de courant par l'interm\u00e9diaire de l'ecoSensor et les transmet via l'ecoBus au module principal, l'ecoMain.","breadcrumb":{"@id":"https:\/\/genatronik.com\/fr\/product\/e2402\/#breadcrumb"},"inLanguage":"fr-FR","potentialAction":[{"@type":"ReadAction","target":["https:\/\/genatronik.com\/fr\/product\/e2402\/"]}]},{"@type":"ImageObject","inLanguage":"fr-FR","@id":"https:\/\/genatronik.com\/fr\/product\/e2402\/#primaryimage","url":"https:\/\/genatronik.com\/wp-content\/uploads\/2025\/03\/2-1.png","contentUrl":"https:\/\/genatronik.com\/wp-content\/uploads\/2025\/03\/2-1.png","width":1600,"height":1200},{"@type":"BreadcrumbList","@id":"https:\/\/genatronik.com\/fr\/product\/e2402\/#breadcrumb","itemListElement":[{"@type":"ListItem","position":1,"name":"Home","item":"https:\/\/genatronik.com\/"},{"@type":"ListItem","position":2,"name":"Produkte","item":"https:\/\/genatronik.com\/de\/shop\/"},{"@type":"ListItem","position":3,"name":"Products","item":"https:\/\/genatronik.com\/product-category\/products\/"},{"@type":"ListItem","position":4,"name":"Home Electricity Monitor System","item":"https:\/\/genatronik.com\/product-category\/products\/hems\/"},{"@type":"ListItem","position":5,"name":"EcoSub(E2402)","item":"https:\/\/genatronik.com\/en\/product-category\/products\/hems\/ecosub\/"},{"@type":"ListItem","position":6,"name":"econest ecoSub(E2402)"}]},{"@type":"WebSite","@id":"https:\/\/genatronik.com\/en\/#website","url":"https:\/\/genatronik.com\/en\/","name":"Genatronik","description":"Dispositifs avanc\u00e9s. Un service fiable.","publisher":{"@id":"https:\/\/genatronik.com\/en\/#organization"},"potentialAction":[{"@type":"SearchAction","target":{"@type":"EntryPoint","urlTemplate":"https:\/\/genatronik.com\/en\/?s={search_term_string}"},"query-input":{"@type":"PropertyValueSpecification","valueRequired":true,"valueName":"search_term_string"}}],"inLanguage":"fr-FR"},{"@type":"Organization","@id":"https:\/\/genatronik.com\/en\/#organization","name":"Genatronik","url":"https:\/\/genatronik.com\/en\/","logo":{"@type":"ImageObject","inLanguage":"fr-FR","@id":"https:\/\/genatronik.com\/en\/#\/schema\/logo\/image\/","url":"https:\/\/genatronik.com\/wp-content\/uploads\/2025\/05\/genatronik_logo_header-scaled.png","contentUrl":"https:\/\/genatronik.com\/wp-content\/uploads\/2025\/05\/genatronik_logo_header-scaled.png","width":2560,"height":448,"caption":"Genatronik"},"image":{"@id":"https:\/\/genatronik.com\/en\/#\/schema\/logo\/image\/"}}]}},"uagb_featured_image_src":{"full":["https:\/\/genatronik.com\/wp-content\/uploads\/2025\/03\/2-1.png",1600,1200,false],"thumbnail":["https:\/\/genatronik.com\/wp-content\/uploads\/2025\/03\/2-1-150x150.png",150,150,true],"medium":["https:\/\/genatronik.com\/wp-content\/uploads\/2025\/03\/2-1-300x225.png",300,225,true],"medium_large":["https:\/\/genatronik.com\/wp-content\/uploads\/2025\/03\/2-1-768x576.png",768,576,true],"large":["https:\/\/genatronik.com\/wp-content\/uploads\/2025\/03\/2-1-1024x768.png",1024,768,true],"1536x1536":["https:\/\/genatronik.com\/wp-content\/uploads\/2025\/03\/2-1-1536x1152.png",1536,1152,true],"2048x2048":["https:\/\/genatronik.com\/wp-content\/uploads\/2025\/03\/2-1.png",1600,1200,false],"trp-custom-language-flag":["https:\/\/genatronik.com\/wp-content\/uploads\/2025\/03\/2-1-16x12.png",16,12,true],"tp-image-grid":["https:\/\/genatronik.com\/wp-content\/uploads\/2025\/03\/2-1-700x700.png",700,700,true],"woocommerce_thumbnail":["https:\/\/genatronik.com\/wp-content\/uploads\/2025\/03\/2-1-300x225.png",300,225,true],"woocommerce_single":["https:\/\/genatronik.com\/wp-content\/uploads\/2025\/03\/2-1-600x450.png",600,450,true],"woocommerce_gallery_thumbnail":["https:\/\/genatronik.com\/wp-content\/uploads\/2025\/03\/2-1-100x100.png",100,100,true]},"uagb_author_info":{"display_name":"guanyuan zhu","author_link":"https:\/\/genatronik.com\/fr\/author\/"},"uagb_comment_info":0,"uagb_excerpt":"\u25cfCurrent Channels:10\u00d730A \u25cfecoSub Expansion:3(up to 30 chs) \u25cfNeeds to work with ecoMain together \u25cfDimensions: 36\u00d778\u00d766(mm) \u25cfPower Consumption &lt;1W","jetpack_sharing_enabled":true,"_links":{"self":[{"href":"https:\/\/genatronik.com\/fr\/wp-json\/wp\/v2\/product\/4452","targetHints":{"allow":["GET"]}}],"collection":[{"href":"https:\/\/genatronik.com\/fr\/wp-json\/wp\/v2\/product"}],"about":[{"href":"https:\/\/genatronik.com\/fr\/wp-json\/wp\/v2\/types\/product"}],"replies":[{"embeddable":true,"href":"https:\/\/genatronik.com\/fr\/wp-json\/wp\/v2\/comments?post=4452"}],"version-history":[{"count":35,"href":"https:\/\/genatronik.com\/fr\/wp-json\/wp\/v2\/product\/4452\/revisions"}],"predecessor-version":[{"id":6766,"href":"https:\/\/genatronik.com\/fr\/wp-json\/wp\/v2\/product\/4452\/revisions\/6766"}],"wp:featuredmedia":[{"embeddable":true,"href":"https:\/\/genatronik.com\/fr\/wp-json\/wp\/v2\/media\/4495"}],"wp:attachment":[{"href":"https:\/\/genatronik.com\/fr\/wp-json\/wp\/v2\/media?parent=4452"}],"wp:term":[{"taxonomy":"product_brand","embeddable":true,"href":"https:\/\/genatronik.com\/fr\/wp-json\/wp\/v2\/product_brand?post=4452"},{"taxonomy":"product_cat","embeddable":true,"href":"https:\/\/genatronik.com\/fr\/wp-json\/wp\/v2\/product_cat?post=4452"},{"taxonomy":"product_tag","embeddable":true,"href":"https:\/\/genatronik.com\/fr\/wp-json\/wp\/v2\/product_tag?post=4452"}],"curies":[{"name":"wp","href":"https:\/\/api.w.org\/{rel}","templated":true}]}}