{"id":4168,"date":"2025-02-24T11:17:55","date_gmt":"2025-02-24T10:17:55","guid":{"rendered":"https:\/\/genatronik.com\/?post_type=product&#038;p=4168"},"modified":"2025-04-25T18:40:41","modified_gmt":"2025-04-25T16:40:41","slug":"rcp300-xs","status":"publish","type":"product","link":"https:\/\/genatronik.com\/fr\/product\/rcp300-xs\/","title":{"rendered":"Micsig RCP300-XS"},"content":{"rendered":"<p>Les sondes Rogowski de la s\u00e9rie RCP mesurent le courant alternatif jusqu'\u00e0 600 Apk, minimum \u00e0 partir de 200 mApk, avec une bande passante de 10 Hz \u00e0 30 MHz, une pr\u00e9cision de 1 % et un niveau de bruit inf\u00e9rieur \u00e0 2 \u00e0 18 mVpp. Dans la plage de mesure, le signal de sortie du syst\u00e8me et le signal de courant \u00e0 mesurer sont toujours lin\u00e9aires, de sorte que la pr\u00e9cision ne change pas avec le courant ; la bobine ne contient pas de composants \u00e0 saturation magn\u00e9tique ni de noyau magn\u00e9tique ou de ph\u00e9nom\u00e8ne de saturation, pas de probl\u00e8me de chauffage ; la bobine Rogowski ne contient pas de mat\u00e9riaux ferromagn\u00e9tiques et n'a donc pas d'effet d'hyst\u00e9r\u00e9sis ; la diff\u00e9rence de phase entre le signal de sortie et la forme d'onde du courant est extr\u00eamement faible et peut \u00eatre inf\u00e9rieure \u00e0 0,8\u00b0.<\/p>\n<p>Les mod\u00e8les RCP sont compacts et faciles \u00e0 manipuler. Le RCP500 est compatible avec l'interface de sonde multifonction Micsig UPI et ne n\u00e9cessite aucune batterie ou alimentation suppl\u00e9mentaire lorsqu'il est utilis\u00e9 avec certains nouveaux oscilloscopes Micsig. Il peut \u00e9galement \u00eatre utilis\u00e9 avec l'adaptateur Micsig PA05 pour l'adapter aux oscilloscopes d'autres fabricants. Les mod\u00e8les RCP300-XS et RCP600-XS disposent d'une interface BNC standard et d'une connexion DC 12 V. Les mod\u00e8les RCP peuvent mesurer des signaux de courant avec des formes d'onde complexes, tels que les courants d'appel transitoires des dispositifs de puissance, les courants sinuso\u00efdaux des courants triphas\u00e9s des syst\u00e8mes d'alimentation triphas\u00e9s, les composantes harmoniques des courants mesur\u00e9s, la mesure de courant des IGBT et des MOSFET, etc.<\/p>\n<p>&nbsp;<\/p>\n<table class=\"long-desc-table\">\n<thead class=\"long-desc-thd\">\n<tr>\n<th>Mod\u00e8le<\/th>\n<th>RCP500<\/th>\n<th>RCP300-XS<\/th>\n<th>RCP600-XS<\/th>\n<\/tr>\n<\/thead>\n<tbody>\n<tr class=\"longt-desc-tr\">\n<td>Largeur de bande<\/td>\n<td>15 Hz \u2013 300 kHz (-3 dB)<\/td>\n<td>10\u00a0Hz \u2013 30\u00a0MHz<\/td>\n<td>10\u00a0Hz \u2013 30\u00a0MHz<\/td>\n<\/tr>\n<tr class=\"accordion-opened\">\n<td>Autonomie actuelle<\/td>\n<td>200\u00a0mApk \u2013 500\u00a0Apk<\/td>\n<td>200 mApic \u2013 300 Apic<\/td>\n<td>200 mApk \u2013 600 Apk<\/td>\n<\/tr>\n<tr class=\"accordion-opened\">\n<td>Connecteur de sortie<\/td>\n<td>BNC \/ UPI<\/td>\n<td>BNC<\/td>\n<td>BNC<\/td>\n<\/tr>\n<tr class=\"accordion-opened\">\n<td>Sensibilit\u00e9 de sortie<\/td>\n<td>10\u00a0mV\/A<\/td>\n<td>20\u00a0mV\/A<\/td>\n<td>10\u00a0mV\/A<\/td>\n<\/tr>\n<tr class=\"accordion-opened\">\n<td>Pr\u00e9cision typique<\/td>\n<td>1%<\/td>\n<td>1%<\/td>\n<td>1%<\/td>\n<\/tr>\n<tr class=\"accordion-opened\">\n<td>Tension max.<\/td>\n<td>AC 10 kVRMS (1 min, 50 Hz\/60 Hz, partie bobine Rogowski seulement)<\/td>\n<td>AC 2 kV c.r.m. (1 min, 50 Hz\/60 Hz, partie bobine Rogowski uniquement)<\/td>\n<td>AC 2 kV c.r.m. (1 min, 50 Hz\/60 Hz, partie bobine Rogowski uniquement)<\/td>\n<\/tr>\n<tr class=\"accordion-opened\">\n<td>Bruit de sortie<\/td>\n<td>2 mVRMS<\/td>\n<td>18 mVRMS<\/td>\n<td>&lt; 1,2\u00a0mVRMS<\/td>\n<\/tr>\n<tr class=\"accordion-opened\">\n<td>Conducteur sous test, diam\u00e8tre<\/td>\n<td>\u2264 50 mm<\/td>\n<td>\u226425\u00a0mm<\/td>\n<td>\u226425\u00a0mm<\/td>\n<\/tr>\n<tr class=\"accordion-opened\">\n<td>Alimentation \u00e9lectrique<\/td>\n<td>Interface multifonction Micsig UPI, adaptateur (alimentation USB)<\/td>\n<td>12 V CC<\/td>\n<td>12 V CC<\/td>\n<\/tr>\n<tr class=\"accordion-opened\">\n<td>Longueur du c\u00e2ble bobine-int\u00e9grateur<\/td>\n<td>2 m (personnalisable)<\/td>\n<td>1,5\u00a0m (personnalisable)<\/td>\n<td>1,5\u00a0m (personnalisable)<\/td>\n<\/tr>\n<tr class=\"accordion-opened\">\n<td>Dimensions de l'int\u00e9grateur (mm)<\/td>\n<td>37\u00a0x 22\u00a0x 82<\/td>\n<td>70 x 40 x 17<\/td>\n<td>70 x 40 x 17<\/td>\n<\/tr>\n<tr class=\"accordion-opened\">\n<td>Bobine de Rogowski<\/td>\n<td>Diam\u00e8tre int\u00e9rieur 50\u00a0mm (personnalisable), \u00e9paisseur de bobine environ 6\u00a0mm<\/td>\n<td>Diam\u00e8tre int\u00e9rieur 25 mm (personnalisable), \u00e9paisseur de l\u2019enroulement env. 1,6 mm<\/td>\n<td>Diam\u00e8tre int\u00e9rieur 25 mm (personnalisable), \u00e9paisseur de bobine env. 1,6 mm<\/td>\n<\/tr>\n<\/tbody>\n<\/table>","protected":false},"excerpt":{"rendered":"<p>Sonde de courant pour AC (Rogowski) - compatible avec tous les oscilloscopes (connecteur BNC)<\/p>\n<ul>\n<li>Largeur de bande 10 Hz \u00e0 30 MHz<\/li>\n<li>Plage de courant 300 A \u00e0 une sensibilit\u00e9 de 0,02 V\/A<\/li>\n<li>Alimentation \u00e9lectrique par connexion USB<\/li>\n<\/ul>","protected":false},"featured_media":4169,"comment_status":"open","ping_status":"closed","template":"","meta":{"_surecart_dashboard_logo_width":"180px","_surecart_dashboard_show_logo":true,"_surecart_dashboard_navigation_orders":true,"_surecart_dashboard_navigation_invoices":true,"_surecart_dashboard_navigation_subscriptions":true,"_surecart_dashboard_navigation_downloads":true,"_surecart_dashboard_navigation_billing":true,"_surecart_dashboard_navigation_account":true,"_uag_custom_page_level_css":"","site-sidebar-layout":"default","site-content-layout":"","ast-site-content-layout":"default","site-content-style":"default","site-sidebar-style":"default","ast-global-header-display":"","ast-banner-title-visibility":"","ast-main-header-display":"","ast-hfb-above-header-display":"","ast-hfb-below-header-display":"","ast-hfb-mobile-header-display":"","site-post-title":"","ast-breadcrumbs-content":"","ast-featured-img":"","footer-sml-layout":"","ast-disable-related-posts":"","theme-transparent-header-meta":"default","adv-header-id-meta":"","stick-header-meta":"default","header-above-stick-meta":"","header-main-stick-meta":"","header-below-stick-meta":"","astra-migrate-meta-layouts":"set","ast-page-background-enabled":"default","ast-page-background-meta":{"desktop":{"background-color":"var(--ast-global-color-4)","background-image":"","background-repeat":"repeat","background-position":"center center","background-size":"auto","background-attachment":"scroll","background-type":"","background-media":"","overlay-type":"","overlay-color":"","overlay-opacity":"","overlay-gradient":""},"tablet":{"background-color":"","background-image":"","background-repeat":"repeat","background-position":"center center","background-size":"auto","background-attachment":"scroll","background-type":"","background-media":"","overlay-type":"","overlay-color":"","overlay-opacity":"","overlay-gradient":""},"mobile":{"background-color":"","background-image":"","background-repeat":"repeat","background-position":"center center","background-size":"auto","background-attachment":"scroll","background-type":"","background-media":"","overlay-type":"","overlay-color":"","overlay-opacity":"","overlay-gradient":""}},"ast-content-background-meta":{"desktop":{"background-color":"var(--ast-global-color-5)","background-image":"","background-repeat":"repeat","background-position":"center center","background-size":"auto","background-attachment":"scroll","background-type":"","background-media":"","overlay-type":"","overlay-color":"","overlay-opacity":"","overlay-gradient":""},"tablet":{"background-color":"var(--ast-global-color-5)","background-image":"","background-repeat":"repeat","background-position":"center center","background-size":"auto","background-attachment":"scroll","background-type":"","background-media":"","overlay-type":"","overlay-color":"","overlay-opacity":"","overlay-gradient":""},"mobile":{"background-color":"var(--ast-global-color-5)","background-image":"","background-repeat":"repeat","background-position":"center center","background-size":"auto","background-attachment":"scroll","background-type":"","background-media":"","overlay-type":"","overlay-color":"","overlay-opacity":"","overlay-gradient":""}}},"product_brand":[],"product_cat":[110,113,120,126],"product_tag":[],"class_list":{"0":"post-4168","1":"product","2":"type-product","3":"status-publish","4":"has-post-thumbnail","6":"product_cat-probe","7":"product_cat-all-current-probe","8":"product_cat-micsig-probe","9":"product_cat-rcp-rogowski-ac-current-probes","10":"desktop-align-left","11":"tablet-align-left","12":"mobile-align-left","13":"ast-product-gallery-layout-horizontal-slider","14":"ast-product-gallery-with-no-image","15":"ast-product-tabs-layout-horizontal","17":"first","18":"instock","19":"taxable","20":"shipping-taxable","21":"purchasable","22":"product-type-simple"},"yoast_head":"<!-- This site is optimized with the Yoast SEO plugin v26.2 - https:\/\/yoast.com\/wordpress\/plugins\/seo\/ -->\n<title>Micsig RCP300-XS - Genatronik<\/title>\n<meta name=\"robots\" content=\"index, follow, max-snippet:-1, max-image-preview:large, max-video-preview:-1\" \/>\n<link rel=\"canonical\" href=\"https:\/\/genatronik.com\/fr\/product\/rcp300-xs\/\" \/>\n<meta property=\"og:locale\" content=\"fr_FR\" \/>\n<meta property=\"og:type\" content=\"article\" \/>\n<meta property=\"og:title\" content=\"Micsig RCP300-XS - Genatronik\" \/>\n<meta property=\"og:description\" content=\"Current probe for AC (Rogowski) - compatible with all oscilloscopes (BNC connector)   Bandwidth 10 Hz up to 30 MHz  Current range 300 A at 0.02 V\/A sensitivity  Power supply via USB connection\" \/>\n<meta property=\"og:url\" content=\"https:\/\/genatronik.com\/fr\/product\/rcp300-xs\/\" \/>\n<meta property=\"og:site_name\" content=\"Genatronik\" \/>\n<meta property=\"article:modified_time\" content=\"2025-04-25T16:40:41+00:00\" \/>\n<meta property=\"og:image\" content=\"https:\/\/genatronik.com\/wp-content\/uploads\/2025\/02\/RCP300-1600-1200.png\" \/>\n\t<meta property=\"og:image:width\" content=\"1600\" \/>\n\t<meta property=\"og:image:height\" content=\"1200\" \/>\n\t<meta property=\"og:image:type\" content=\"image\/png\" \/>\n<meta name=\"twitter:card\" content=\"summary_large_image\" \/>\n<meta name=\"twitter:label1\" content=\"Dur\u00e9e de lecture estim\u00e9e\" \/>\n\t<meta name=\"twitter:data1\" content=\"3 minutes\" \/>\n<script type=\"application\/ld+json\" class=\"yoast-schema-graph\">{\"@context\":\"https:\/\/schema.org\",\"@graph\":[{\"@type\":\"WebPage\",\"@id\":\"https:\/\/genatronik.com\/en\/product\/rcp300-xs\/\",\"url\":\"https:\/\/genatronik.com\/en\/product\/rcp300-xs\/\",\"name\":\"Micsig RCP300-XS - Genatronik\",\"isPartOf\":{\"@id\":\"https:\/\/genatronik.com\/en\/#website\"},\"primaryImageOfPage\":{\"@id\":\"https:\/\/genatronik.com\/en\/product\/rcp300-xs\/#primaryimage\"},\"image\":{\"@id\":\"https:\/\/genatronik.com\/en\/product\/rcp300-xs\/#primaryimage\"},\"thumbnailUrl\":\"https:\/\/genatronik.com\/wp-content\/uploads\/2025\/02\/RCP300-1600-1200.png\",\"datePublished\":\"2025-02-24T10:17:55+00:00\",\"dateModified\":\"2025-04-25T16:40:41+00:00\",\"breadcrumb\":{\"@id\":\"https:\/\/genatronik.com\/en\/product\/rcp300-xs\/#breadcrumb\"},\"inLanguage\":\"fr-FR\",\"potentialAction\":[{\"@type\":\"ReadAction\",\"target\":[\"https:\/\/genatronik.com\/en\/product\/rcp300-xs\/\"]}]},{\"@type\":\"ImageObject\",\"inLanguage\":\"fr-FR\",\"@id\":\"https:\/\/genatronik.com\/en\/product\/rcp300-xs\/#primaryimage\",\"url\":\"https:\/\/genatronik.com\/wp-content\/uploads\/2025\/02\/RCP300-1600-1200.png\",\"contentUrl\":\"https:\/\/genatronik.com\/wp-content\/uploads\/2025\/02\/RCP300-1600-1200.png\",\"width\":1600,\"height\":1200},{\"@type\":\"BreadcrumbList\",\"@id\":\"https:\/\/genatronik.com\/en\/product\/rcp300-xs\/#breadcrumb\",\"itemListElement\":[{\"@type\":\"ListItem\",\"position\":1,\"name\":\"Home\",\"item\":\"https:\/\/genatronik.com\/\"},{\"@type\":\"ListItem\",\"position\":2,\"name\":\"Produkte\",\"item\":\"https:\/\/genatronik.com\/de\/shop\/\"},{\"@type\":\"ListItem\",\"position\":3,\"name\":\"Products\",\"item\":\"https:\/\/genatronik.com\/product-category\/products\/\"},{\"@type\":\"ListItem\",\"position\":4,\"name\":\"Test &amp; Measure\",\"item\":\"https:\/\/genatronik.com\/product-category\/products\/test-measure\/\"},{\"@type\":\"ListItem\",\"position\":5,\"name\":\"Probe\",\"item\":\"https:\/\/genatronik.com\/en\/product-category\/products\/test-measure\/probe\/\"},{\"@type\":\"ListItem\",\"position\":6,\"name\":\"Micsig RCP300-XS\"}]},{\"@type\":\"WebSite\",\"@id\":\"https:\/\/genatronik.com\/en\/#website\",\"url\":\"https:\/\/genatronik.com\/en\/\",\"name\":\"Genatronik\",\"description\":\"Advanced Devices. Reliable Service.\",\"publisher\":{\"@id\":\"https:\/\/genatronik.com\/en\/#organization\"},\"potentialAction\":[{\"@type\":\"SearchAction\",\"target\":{\"@type\":\"EntryPoint\",\"urlTemplate\":\"https:\/\/genatronik.com\/en\/?s={search_term_string}\"},\"query-input\":{\"@type\":\"PropertyValueSpecification\",\"valueRequired\":true,\"valueName\":\"search_term_string\"}}],\"inLanguage\":\"fr-FR\"},{\"@type\":\"Organization\",\"@id\":\"https:\/\/genatronik.com\/en\/#organization\",\"name\":\"Genatronik\",\"url\":\"https:\/\/genatronik.com\/en\/\",\"logo\":{\"@type\":\"ImageObject\",\"inLanguage\":\"fr-FR\",\"@id\":\"https:\/\/genatronik.com\/en\/#\/schema\/logo\/image\/\",\"url\":\"https:\/\/genatronik.com\/wp-content\/uploads\/2025\/05\/genatronik_logo_header-scaled.png\",\"contentUrl\":\"https:\/\/genatronik.com\/wp-content\/uploads\/2025\/05\/genatronik_logo_header-scaled.png\",\"width\":2560,\"height\":448,\"caption\":\"Genatronik\"},\"image\":{\"@id\":\"https:\/\/genatronik.com\/en\/#\/schema\/logo\/image\/\"}}]}<\/script>\n<!-- \/ Yoast SEO plugin. -->","yoast_head_json":{"title":"Micsig RCP300-XS - Genatronik","robots":{"index":"index","follow":"follow","max-snippet":"max-snippet:-1","max-image-preview":"max-image-preview:large","max-video-preview":"max-video-preview:-1"},"canonical":"https:\/\/genatronik.com\/fr\/product\/rcp300-xs\/","og_locale":"fr_FR","og_type":"article","og_title":"Micsig RCP300-XS - Genatronik","og_description":"Current probe for AC (Rogowski) - compatible with all oscilloscopes (BNC connector)   Bandwidth 10 Hz up to 30 MHz  Current range 300 A at 0.02 V\/A sensitivity  Power supply via USB connection","og_url":"https:\/\/genatronik.com\/fr\/product\/rcp300-xs\/","og_site_name":"Genatronik","article_modified_time":"2025-04-25T16:40:41+00:00","og_image":[{"width":1600,"height":1200,"url":"https:\/\/genatronik.com\/wp-content\/uploads\/2025\/02\/RCP300-1600-1200.png","type":"image\/png"}],"twitter_card":"summary_large_image","twitter_misc":{"Dur\u00e9e de lecture estim\u00e9e":"3 minutes"},"schema":{"@context":"https:\/\/schema.org","@graph":[{"@type":"WebPage","@id":"https:\/\/genatronik.com\/en\/product\/rcp300-xs\/","url":"https:\/\/genatronik.com\/en\/product\/rcp300-xs\/","name":"Micsig RCP300-XS - Genatronik","isPartOf":{"@id":"https:\/\/genatronik.com\/en\/#website"},"primaryImageOfPage":{"@id":"https:\/\/genatronik.com\/en\/product\/rcp300-xs\/#primaryimage"},"image":{"@id":"https:\/\/genatronik.com\/en\/product\/rcp300-xs\/#primaryimage"},"thumbnailUrl":"https:\/\/genatronik.com\/wp-content\/uploads\/2025\/02\/RCP300-1600-1200.png","datePublished":"2025-02-24T10:17:55+00:00","dateModified":"2025-04-25T16:40:41+00:00","breadcrumb":{"@id":"https:\/\/genatronik.com\/en\/product\/rcp300-xs\/#breadcrumb"},"inLanguage":"fr-FR","potentialAction":[{"@type":"ReadAction","target":["https:\/\/genatronik.com\/en\/product\/rcp300-xs\/"]}]},{"@type":"ImageObject","inLanguage":"fr-FR","@id":"https:\/\/genatronik.com\/en\/product\/rcp300-xs\/#primaryimage","url":"https:\/\/genatronik.com\/wp-content\/uploads\/2025\/02\/RCP300-1600-1200.png","contentUrl":"https:\/\/genatronik.com\/wp-content\/uploads\/2025\/02\/RCP300-1600-1200.png","width":1600,"height":1200},{"@type":"BreadcrumbList","@id":"https:\/\/genatronik.com\/en\/product\/rcp300-xs\/#breadcrumb","itemListElement":[{"@type":"ListItem","position":1,"name":"Home","item":"https:\/\/genatronik.com\/"},{"@type":"ListItem","position":2,"name":"Produkte","item":"https:\/\/genatronik.com\/de\/shop\/"},{"@type":"ListItem","position":3,"name":"Products","item":"https:\/\/genatronik.com\/product-category\/products\/"},{"@type":"ListItem","position":4,"name":"Test &amp; Measure","item":"https:\/\/genatronik.com\/product-category\/products\/test-measure\/"},{"@type":"ListItem","position":5,"name":"Probe","item":"https:\/\/genatronik.com\/en\/product-category\/products\/test-measure\/probe\/"},{"@type":"ListItem","position":6,"name":"Micsig RCP300-XS"}]},{"@type":"WebSite","@id":"https:\/\/genatronik.com\/en\/#website","url":"https:\/\/genatronik.com\/en\/","name":"Genatronik","description":"Dispositifs avanc\u00e9s. Un service fiable.","publisher":{"@id":"https:\/\/genatronik.com\/en\/#organization"},"potentialAction":[{"@type":"SearchAction","target":{"@type":"EntryPoint","urlTemplate":"https:\/\/genatronik.com\/en\/?s={search_term_string}"},"query-input":{"@type":"PropertyValueSpecification","valueRequired":true,"valueName":"search_term_string"}}],"inLanguage":"fr-FR"},{"@type":"Organization","@id":"https:\/\/genatronik.com\/en\/#organization","name":"Genatronik","url":"https:\/\/genatronik.com\/en\/","logo":{"@type":"ImageObject","inLanguage":"fr-FR","@id":"https:\/\/genatronik.com\/en\/#\/schema\/logo\/image\/","url":"https:\/\/genatronik.com\/wp-content\/uploads\/2025\/05\/genatronik_logo_header-scaled.png","contentUrl":"https:\/\/genatronik.com\/wp-content\/uploads\/2025\/05\/genatronik_logo_header-scaled.png","width":2560,"height":448,"caption":"Genatronik"},"image":{"@id":"https:\/\/genatronik.com\/en\/#\/schema\/logo\/image\/"}}]}},"uagb_featured_image_src":{"full":["https:\/\/genatronik.com\/wp-content\/uploads\/2025\/02\/RCP300-1600-1200.png",1600,1200,false],"thumbnail":["https:\/\/genatronik.com\/wp-content\/uploads\/2025\/02\/RCP300-1600-1200-150x150.png",150,150,true],"medium":["https:\/\/genatronik.com\/wp-content\/uploads\/2025\/02\/RCP300-1600-1200-300x225.png",300,225,true],"medium_large":["https:\/\/genatronik.com\/wp-content\/uploads\/2025\/02\/RCP300-1600-1200-768x576.png",768,576,true],"large":["https:\/\/genatronik.com\/wp-content\/uploads\/2025\/02\/RCP300-1600-1200-1024x768.png",1024,768,true],"1536x1536":["https:\/\/genatronik.com\/wp-content\/uploads\/2025\/02\/RCP300-1600-1200-1536x1152.png",1536,1152,true],"2048x2048":["https:\/\/genatronik.com\/wp-content\/uploads\/2025\/02\/RCP300-1600-1200.png",1600,1200,false],"trp-custom-language-flag":["https:\/\/genatronik.com\/wp-content\/uploads\/2025\/02\/RCP300-1600-1200-16x12.png",16,12,true],"tp-image-grid":["https:\/\/genatronik.com\/wp-content\/uploads\/2025\/02\/RCP300-1600-1200-700x700.png",700,700,true],"woocommerce_thumbnail":["https:\/\/genatronik.com\/wp-content\/uploads\/2025\/02\/RCP300-1600-1200-300x225.png",300,225,true],"woocommerce_single":["https:\/\/genatronik.com\/wp-content\/uploads\/2025\/02\/RCP300-1600-1200-600x450.png",600,450,true],"woocommerce_gallery_thumbnail":["https:\/\/genatronik.com\/wp-content\/uploads\/2025\/02\/RCP300-1600-1200-100x100.png",100,100,true]},"uagb_author_info":{"display_name":"guanyuan zhu","author_link":"https:\/\/genatronik.com\/fr\/author\/"},"uagb_comment_info":0,"uagb_excerpt":"Current probe for AC (Rogowski) - compatible with all oscilloscopes (BNC connector) Bandwidth 10 Hz up to 30 MHz Current range 300 A at 0.02 V\/A sensitivity Power supply via USB connection","jetpack_sharing_enabled":true,"_links":{"self":[{"href":"https:\/\/genatronik.com\/fr\/wp-json\/wp\/v2\/product\/4168","targetHints":{"allow":["GET"]}}],"collection":[{"href":"https:\/\/genatronik.com\/fr\/wp-json\/wp\/v2\/product"}],"about":[{"href":"https:\/\/genatronik.com\/fr\/wp-json\/wp\/v2\/types\/product"}],"replies":[{"embeddable":true,"href":"https:\/\/genatronik.com\/fr\/wp-json\/wp\/v2\/comments?post=4168"}],"version-history":[{"count":4,"href":"https:\/\/genatronik.com\/fr\/wp-json\/wp\/v2\/product\/4168\/revisions"}],"predecessor-version":[{"id":5444,"href":"https:\/\/genatronik.com\/fr\/wp-json\/wp\/v2\/product\/4168\/revisions\/5444"}],"wp:featuredmedia":[{"embeddable":true,"href":"https:\/\/genatronik.com\/fr\/wp-json\/wp\/v2\/media\/4169"}],"wp:attachment":[{"href":"https:\/\/genatronik.com\/fr\/wp-json\/wp\/v2\/media?parent=4168"}],"wp:term":[{"taxonomy":"product_brand","embeddable":true,"href":"https:\/\/genatronik.com\/fr\/wp-json\/wp\/v2\/product_brand?post=4168"},{"taxonomy":"product_cat","embeddable":true,"href":"https:\/\/genatronik.com\/fr\/wp-json\/wp\/v2\/product_cat?post=4168"},{"taxonomy":"product_tag","embeddable":true,"href":"https:\/\/genatronik.com\/fr\/wp-json\/wp\/v2\/product_tag?post=4168"}],"curies":[{"name":"wp","href":"https:\/\/api.w.org\/{rel}","templated":true}]}}