{"id":4033,"date":"2025-02-19T13:51:10","date_gmt":"2025-02-19T12:51:10","guid":{"rendered":"https:\/\/genatronik.com\/?post_type=product&#038;p=4033"},"modified":"2025-05-20T09:25:29","modified_gmt":"2025-05-20T07:25:29","slug":"cp503b","status":"publish","type":"product","link":"https:\/\/genatronik.com\/fr\/product\/cp503b\/","title":{"rendered":"Micsig CP503B"},"content":{"rendered":"<p>La pince amp\u00e8rem\u00e9trique Micsig CP503B avec une bande passante de 50 MHz offre un excellent rapport prix-performance. C'est donc une bonne option si vous recherchez une sonde de courant peu co\u00fbteuse. Gr\u00e2ce \u00e0 l'interface BNC standard, la CP503B convient \u00e0 tous les oscilloscopes. De plus, la CP503B offre des fonctions de mesure AC\/DC pr\u00e9cises et simples, une s\u00e9lection de gamme de 5 A \/ 30 A, un indicateur de surcharge et une mesure de sous-courant ainsi qu'une pr\u00e9cision DC de 1 %.<\/p>\n<table class=\"long-desc-table\">\n<thead class=\"long-desc-thd\">\n<tr>\n<th>Mod\u00e8le<\/th>\n<th>CP503B<\/th>\n<th>CP1003B<\/th>\n<\/tr>\n<\/thead>\n<tbody>\n<tr class=\"accordion-opened\">\n<td>Largeur de bande<\/td>\n<td>50 MHz<\/td>\n<td>100 MHz<\/td>\n<\/tr>\n<tr class=\"accordion-opened\">\n<td>Temps de mont\u00e9e<\/td>\n<td>\u2264 7 ns<\/td>\n<td>\u2264 3,5 ns<\/td>\n<\/tr>\n<tr class=\"accordion-opened\">\n<td>Interface<\/td>\n<td>BNC standard<\/td>\n<td>BNC standard<\/td>\n<\/tr>\n<tr class=\"accordion-opened\">\n<td>D\u00e9lai<\/td>\n<td>&lt; 6,5 ns (5 A)<br \/>\n&lt; 8,5 ns (30 A)<\/td>\n<td>&lt; 30 ns (6 A)<br \/>\n&lt; 30 ns (30 A)<\/td>\n<\/tr>\n<tr class=\"accordion-opened\">\n<td>Alimentation \u00e9lectrique<\/td>\n<td>CC 12 V \/ 3 A<\/td>\n<td>CC 5 V \/ 3 A<\/td>\n<\/tr>\n<\/tbody>\n<\/table>\n<table class=\"table table-striped js-responsive-table\">\n<colgroup>\n<col \/>\n<col \/> <\/colgroup>\n<tbody>\n<tr class=\"long-desc-tr\">\n<td>Gamme<\/td>\n<td>5 A \/ 30 A<\/td>\n<\/tr>\n<tr class=\"long-desc-tr\">\n<td>Autonomie actuelle<\/td>\n<td>4 mA \u2013 5 Apk (6 A)<br \/>\n30 mA \u2013 30 Apk (30 A)<\/td>\n<\/tr>\n<tr class=\"long-desc-tr\">\n<td>Courant d\u2019entr\u00e9e max.<\/td>\n<td>50 Apk, 100 Apk-pk, 30 Arms<\/td>\n<\/tr>\n<tr class=\"long-desc-tr\">\n<td>Tension de travail max.<\/td>\n<td>CHAT I 300V<\/td>\n<\/tr>\n<tr class=\"long-desc-tr\">\n<td>Sensibilit\u00e9 de sortie<\/td>\n<td>1 V \/ 1 A (5 A, 1x)<br \/>\n1 V \/ 10 A (30 A, 10x)<\/td>\n<\/tr>\n<tr class=\"long-desc-tr\">\n<td>Diam\u00e8tre max. du conducteur<\/td>\n<td>5 mm<\/td>\n<\/tr>\n<tr class=\"long-desc-tr\">\n<td>Indicateur de surcharge<\/td>\n<td>Lumi\u00e8re clignotante<\/td>\n<\/tr>\n<\/tbody>\n<\/table>","protected":false},"excerpt":{"rendered":"<p class=\"desc\">Sonde de courant pour DC+AC - compatible avec tous les oscilloscopes (connecteur BNC)<\/p>\n<ul>\n<li>Largeur de bande DC jusqu'\u00e0 50 MHz<\/li>\n<li>Plages actuelles<\/li>\n<li>5 A \u00e0 1 V\/A sensibilit\u00e9<\/li>\n<li>50 A \u00e0 0,1 V\/A sensibilit\u00e9<\/li>\n<li>CAT I 300 V<\/li>\n<li>Alimentation \u00e9lectrique via le bloc d'alimentation fourni<\/li>\n<\/ul>","protected":false},"featured_media":7104,"comment_status":"open","ping_status":"closed","template":"","meta":{"_surecart_dashboard_logo_width":"180px","_surecart_dashboard_show_logo":true,"_surecart_dashboard_navigation_orders":true,"_surecart_dashboard_navigation_invoices":true,"_surecart_dashboard_navigation_subscriptions":true,"_surecart_dashboard_navigation_downloads":true,"_surecart_dashboard_navigation_billing":true,"_surecart_dashboard_navigation_account":true,"_uag_custom_page_level_css":"","site-sidebar-layout":"default","site-content-layout":"","ast-site-content-layout":"default","site-content-style":"default","site-sidebar-style":"default","ast-global-header-display":"","ast-banner-title-visibility":"","ast-main-header-display":"","ast-hfb-above-header-display":"","ast-hfb-below-header-display":"","ast-hfb-mobile-header-display":"","site-post-title":"","ast-breadcrumbs-content":"","ast-featured-img":"","footer-sml-layout":"","ast-disable-related-posts":"","theme-transparent-header-meta":"default","adv-header-id-meta":"","stick-header-meta":"default","header-above-stick-meta":"","header-main-stick-meta":"","header-below-stick-meta":"","astra-migrate-meta-layouts":"set","ast-page-background-enabled":"default","ast-page-background-meta":{"desktop":{"background-color":"var(--ast-global-color-4)","background-image":"","background-repeat":"repeat","background-position":"center center","background-size":"auto","background-attachment":"scroll","background-type":"","background-media":"","overlay-type":"","overlay-color":"","overlay-opacity":"","overlay-gradient":""},"tablet":{"background-color":"","background-image":"","background-repeat":"repeat","background-position":"center center","background-size":"auto","background-attachment":"scroll","background-type":"","background-media":"","overlay-type":"","overlay-color":"","overlay-opacity":"","overlay-gradient":""},"mobile":{"background-color":"","background-image":"","background-repeat":"repeat","background-position":"center center","background-size":"auto","background-attachment":"scroll","background-type":"","background-media":"","overlay-type":"","overlay-color":"","overlay-opacity":"","overlay-gradient":""}},"ast-content-background-meta":{"desktop":{"background-color":"var(--ast-global-color-5)","background-image":"","background-repeat":"repeat","background-position":"center center","background-size":"auto","background-attachment":"scroll","background-type":"","background-media":"","overlay-type":"","overlay-color":"","overlay-opacity":"","overlay-gradient":""},"tablet":{"background-color":"var(--ast-global-color-5)","background-image":"","background-repeat":"repeat","background-position":"center center","background-size":"auto","background-attachment":"scroll","background-type":"","background-media":"","overlay-type":"","overlay-color":"","overlay-opacity":"","overlay-gradient":""},"mobile":{"background-color":"var(--ast-global-color-5)","background-image":"","background-repeat":"repeat","background-position":"center center","background-size":"auto","background-attachment":"scroll","background-type":"","background-media":"","overlay-type":"","overlay-color":"","overlay-opacity":"","overlay-gradient":""}}},"product_brand":[],"product_cat":[110,113,120,124],"product_tag":[],"class_list":{"0":"post-4033","1":"product","2":"type-product","3":"status-publish","4":"has-post-thumbnail","6":"product_cat-probe","7":"product_cat-all-current-probe","8":"product_cat-micsig-probe","9":"product_cat-cp-current-probes","10":"desktop-align-left","11":"tablet-align-left","12":"mobile-align-left","13":"ast-product-gallery-layout-horizontal-slider","14":"ast-product-gallery-with-no-image","15":"ast-product-tabs-layout-horizontal","17":"first","18":"instock","19":"taxable","20":"shipping-taxable","21":"purchasable","22":"product-type-simple"},"yoast_head":"<!-- This site is optimized with the Yoast SEO plugin v26.2 - https:\/\/yoast.com\/wordpress\/plugins\/seo\/ -->\n<title>Micsig CP503B - Genatronik<\/title>\n<meta name=\"robots\" content=\"index, follow, max-snippet:-1, max-image-preview:large, max-video-preview:-1\" \/>\n<link rel=\"canonical\" href=\"https:\/\/genatronik.com\/fr\/product\/cp503b\/\" \/>\n<meta property=\"og:locale\" content=\"fr_FR\" \/>\n<meta property=\"og:type\" content=\"article\" \/>\n<meta property=\"og:title\" content=\"Micsig CP503B - Genatronik\" \/>\n<meta property=\"og:description\" content=\"Current probe for DC+AC - compatible with all oscilloscopes (BNC connector)    Bandwidth DC up to 50 MHz  Current ranges  5 A at 1 V\/A sensitivity  50 A at 0.1 V\/A sensitivity  CAT I 300 V  Power supply via supplied plug-in power supply\" \/>\n<meta property=\"og:url\" content=\"https:\/\/genatronik.com\/fr\/product\/cp503b\/\" \/>\n<meta property=\"og:site_name\" content=\"Genatronik\" \/>\n<meta property=\"article:modified_time\" content=\"2025-05-20T07:25:29+00:00\" \/>\n<meta property=\"og:image\" content=\"https:\/\/genatronik.com\/wp-content\/uploads\/2025\/02\/cp503b_1.png\" \/>\n\t<meta property=\"og:image:width\" content=\"1600\" \/>\n\t<meta property=\"og:image:height\" content=\"1200\" \/>\n\t<meta property=\"og:image:type\" content=\"image\/png\" \/>\n<meta name=\"twitter:card\" content=\"summary_large_image\" \/>\n<meta name=\"twitter:label1\" content=\"Dur\u00e9e de lecture estim\u00e9e\" \/>\n\t<meta name=\"twitter:data1\" content=\"1 minute\" \/>\n<script type=\"application\/ld+json\" class=\"yoast-schema-graph\">{\"@context\":\"https:\/\/schema.org\",\"@graph\":[{\"@type\":\"WebPage\",\"@id\":\"https:\/\/genatronik.com\/en\/product\/cp503b\/\",\"url\":\"https:\/\/genatronik.com\/en\/product\/cp503b\/\",\"name\":\"Micsig CP503B - Genatronik\",\"isPartOf\":{\"@id\":\"https:\/\/genatronik.com\/en\/#website\"},\"primaryImageOfPage\":{\"@id\":\"https:\/\/genatronik.com\/en\/product\/cp503b\/#primaryimage\"},\"image\":{\"@id\":\"https:\/\/genatronik.com\/en\/product\/cp503b\/#primaryimage\"},\"thumbnailUrl\":\"https:\/\/genatronik.com\/wp-content\/uploads\/2025\/02\/cp503b_1.png\",\"datePublished\":\"2025-02-19T12:51:10+00:00\",\"dateModified\":\"2025-05-20T07:25:29+00:00\",\"breadcrumb\":{\"@id\":\"https:\/\/genatronik.com\/en\/product\/cp503b\/#breadcrumb\"},\"inLanguage\":\"fr-FR\",\"potentialAction\":[{\"@type\":\"ReadAction\",\"target\":[\"https:\/\/genatronik.com\/en\/product\/cp503b\/\"]}]},{\"@type\":\"ImageObject\",\"inLanguage\":\"fr-FR\",\"@id\":\"https:\/\/genatronik.com\/en\/product\/cp503b\/#primaryimage\",\"url\":\"https:\/\/genatronik.com\/wp-content\/uploads\/2025\/02\/cp503b_1.png\",\"contentUrl\":\"https:\/\/genatronik.com\/wp-content\/uploads\/2025\/02\/cp503b_1.png\",\"width\":1600,\"height\":1200},{\"@type\":\"BreadcrumbList\",\"@id\":\"https:\/\/genatronik.com\/en\/product\/cp503b\/#breadcrumb\",\"itemListElement\":[{\"@type\":\"ListItem\",\"position\":1,\"name\":\"Home\",\"item\":\"https:\/\/genatronik.com\/\"},{\"@type\":\"ListItem\",\"position\":2,\"name\":\"Produkte\",\"item\":\"https:\/\/genatronik.com\/de\/shop\/\"},{\"@type\":\"ListItem\",\"position\":3,\"name\":\"Products\",\"item\":\"https:\/\/genatronik.com\/product-category\/products\/\"},{\"@type\":\"ListItem\",\"position\":4,\"name\":\"Test &amp; Measure\",\"item\":\"https:\/\/genatronik.com\/product-category\/products\/test-measure\/\"},{\"@type\":\"ListItem\",\"position\":5,\"name\":\"Probe\",\"item\":\"https:\/\/genatronik.com\/en\/product-category\/products\/test-measure\/probe\/\"},{\"@type\":\"ListItem\",\"position\":6,\"name\":\"Micsig CP503B\"}]},{\"@type\":\"WebSite\",\"@id\":\"https:\/\/genatronik.com\/en\/#website\",\"url\":\"https:\/\/genatronik.com\/en\/\",\"name\":\"Genatronik\",\"description\":\"Advanced Devices. Reliable Service.\",\"publisher\":{\"@id\":\"https:\/\/genatronik.com\/en\/#organization\"},\"potentialAction\":[{\"@type\":\"SearchAction\",\"target\":{\"@type\":\"EntryPoint\",\"urlTemplate\":\"https:\/\/genatronik.com\/en\/?s={search_term_string}\"},\"query-input\":{\"@type\":\"PropertyValueSpecification\",\"valueRequired\":true,\"valueName\":\"search_term_string\"}}],\"inLanguage\":\"fr-FR\"},{\"@type\":\"Organization\",\"@id\":\"https:\/\/genatronik.com\/en\/#organization\",\"name\":\"Genatronik\",\"url\":\"https:\/\/genatronik.com\/en\/\",\"logo\":{\"@type\":\"ImageObject\",\"inLanguage\":\"fr-FR\",\"@id\":\"https:\/\/genatronik.com\/en\/#\/schema\/logo\/image\/\",\"url\":\"https:\/\/genatronik.com\/wp-content\/uploads\/2025\/05\/genatronik_logo_header-scaled.png\",\"contentUrl\":\"https:\/\/genatronik.com\/wp-content\/uploads\/2025\/05\/genatronik_logo_header-scaled.png\",\"width\":2560,\"height\":448,\"caption\":\"Genatronik\"},\"image\":{\"@id\":\"https:\/\/genatronik.com\/en\/#\/schema\/logo\/image\/\"}}]}<\/script>\n<!-- \/ Yoast SEO plugin. -->","yoast_head_json":{"title":"Micsig CP503B - Genatronik","robots":{"index":"index","follow":"follow","max-snippet":"max-snippet:-1","max-image-preview":"max-image-preview:large","max-video-preview":"max-video-preview:-1"},"canonical":"https:\/\/genatronik.com\/fr\/product\/cp503b\/","og_locale":"fr_FR","og_type":"article","og_title":"Micsig CP503B - Genatronik","og_description":"Current probe for DC+AC - compatible with all oscilloscopes (BNC connector)    Bandwidth DC up to 50 MHz  Current ranges  5 A at 1 V\/A sensitivity  50 A at 0.1 V\/A sensitivity  CAT I 300 V  Power supply via supplied plug-in power supply","og_url":"https:\/\/genatronik.com\/fr\/product\/cp503b\/","og_site_name":"Genatronik","article_modified_time":"2025-05-20T07:25:29+00:00","og_image":[{"width":1600,"height":1200,"url":"https:\/\/genatronik.com\/wp-content\/uploads\/2025\/02\/cp503b_1.png","type":"image\/png"}],"twitter_card":"summary_large_image","twitter_misc":{"Dur\u00e9e de lecture estim\u00e9e":"1 minute"},"schema":{"@context":"https:\/\/schema.org","@graph":[{"@type":"WebPage","@id":"https:\/\/genatronik.com\/en\/product\/cp503b\/","url":"https:\/\/genatronik.com\/en\/product\/cp503b\/","name":"Micsig CP503B - Genatronik","isPartOf":{"@id":"https:\/\/genatronik.com\/en\/#website"},"primaryImageOfPage":{"@id":"https:\/\/genatronik.com\/en\/product\/cp503b\/#primaryimage"},"image":{"@id":"https:\/\/genatronik.com\/en\/product\/cp503b\/#primaryimage"},"thumbnailUrl":"https:\/\/genatronik.com\/wp-content\/uploads\/2025\/02\/cp503b_1.png","datePublished":"2025-02-19T12:51:10+00:00","dateModified":"2025-05-20T07:25:29+00:00","breadcrumb":{"@id":"https:\/\/genatronik.com\/en\/product\/cp503b\/#breadcrumb"},"inLanguage":"fr-FR","potentialAction":[{"@type":"ReadAction","target":["https:\/\/genatronik.com\/en\/product\/cp503b\/"]}]},{"@type":"ImageObject","inLanguage":"fr-FR","@id":"https:\/\/genatronik.com\/en\/product\/cp503b\/#primaryimage","url":"https:\/\/genatronik.com\/wp-content\/uploads\/2025\/02\/cp503b_1.png","contentUrl":"https:\/\/genatronik.com\/wp-content\/uploads\/2025\/02\/cp503b_1.png","width":1600,"height":1200},{"@type":"BreadcrumbList","@id":"https:\/\/genatronik.com\/en\/product\/cp503b\/#breadcrumb","itemListElement":[{"@type":"ListItem","position":1,"name":"Home","item":"https:\/\/genatronik.com\/"},{"@type":"ListItem","position":2,"name":"Produkte","item":"https:\/\/genatronik.com\/de\/shop\/"},{"@type":"ListItem","position":3,"name":"Products","item":"https:\/\/genatronik.com\/product-category\/products\/"},{"@type":"ListItem","position":4,"name":"Test &amp; Measure","item":"https:\/\/genatronik.com\/product-category\/products\/test-measure\/"},{"@type":"ListItem","position":5,"name":"Probe","item":"https:\/\/genatronik.com\/en\/product-category\/products\/test-measure\/probe\/"},{"@type":"ListItem","position":6,"name":"Micsig CP503B"}]},{"@type":"WebSite","@id":"https:\/\/genatronik.com\/en\/#website","url":"https:\/\/genatronik.com\/en\/","name":"Genatronik","description":"Dispositifs avanc\u00e9s. Un service fiable.","publisher":{"@id":"https:\/\/genatronik.com\/en\/#organization"},"potentialAction":[{"@type":"SearchAction","target":{"@type":"EntryPoint","urlTemplate":"https:\/\/genatronik.com\/en\/?s={search_term_string}"},"query-input":{"@type":"PropertyValueSpecification","valueRequired":true,"valueName":"search_term_string"}}],"inLanguage":"fr-FR"},{"@type":"Organization","@id":"https:\/\/genatronik.com\/en\/#organization","name":"Genatronik","url":"https:\/\/genatronik.com\/en\/","logo":{"@type":"ImageObject","inLanguage":"fr-FR","@id":"https:\/\/genatronik.com\/en\/#\/schema\/logo\/image\/","url":"https:\/\/genatronik.com\/wp-content\/uploads\/2025\/05\/genatronik_logo_header-scaled.png","contentUrl":"https:\/\/genatronik.com\/wp-content\/uploads\/2025\/05\/genatronik_logo_header-scaled.png","width":2560,"height":448,"caption":"Genatronik"},"image":{"@id":"https:\/\/genatronik.com\/en\/#\/schema\/logo\/image\/"}}]}},"uagb_featured_image_src":{"full":["https:\/\/genatronik.com\/wp-content\/uploads\/2025\/02\/cp503b_1.png",1600,1200,false],"thumbnail":["https:\/\/genatronik.com\/wp-content\/uploads\/2025\/02\/cp503b_1-150x150.png",150,150,true],"medium":["https:\/\/genatronik.com\/wp-content\/uploads\/2025\/02\/cp503b_1-300x225.png",300,225,true],"medium_large":["https:\/\/genatronik.com\/wp-content\/uploads\/2025\/02\/cp503b_1-768x576.png",768,576,true],"large":["https:\/\/genatronik.com\/wp-content\/uploads\/2025\/02\/cp503b_1-1024x768.png",1024,768,true],"1536x1536":["https:\/\/genatronik.com\/wp-content\/uploads\/2025\/02\/cp503b_1-1536x1152.png",1536,1152,true],"2048x2048":["https:\/\/genatronik.com\/wp-content\/uploads\/2025\/02\/cp503b_1.png",1600,1200,false],"trp-custom-language-flag":["https:\/\/genatronik.com\/wp-content\/uploads\/2025\/02\/cp503b_1-16x12.png",16,12,true],"tp-image-grid":["https:\/\/genatronik.com\/wp-content\/uploads\/2025\/02\/cp503b_1-700x700.png",700,700,true],"woocommerce_thumbnail":["https:\/\/genatronik.com\/wp-content\/uploads\/2025\/02\/cp503b_1-300x225.png",300,225,true],"woocommerce_single":["https:\/\/genatronik.com\/wp-content\/uploads\/2025\/02\/cp503b_1-600x450.png",600,450,true],"woocommerce_gallery_thumbnail":["https:\/\/genatronik.com\/wp-content\/uploads\/2025\/02\/cp503b_1-100x100.png",100,100,true]},"uagb_author_info":{"display_name":"guanyuan zhu","author_link":"https:\/\/genatronik.com\/fr\/author\/"},"uagb_comment_info":0,"uagb_excerpt":"Current probe for DC+AC - compatible with all oscilloscopes (BNC connector) Bandwidth DC up to 50 MHz Current ranges 5 A at 1 V\/A sensitivity 50 A at 0.1 V\/A sensitivity CAT I 300 V Power supply via supplied plug-in power supply","jetpack_sharing_enabled":true,"_links":{"self":[{"href":"https:\/\/genatronik.com\/fr\/wp-json\/wp\/v2\/product\/4033","targetHints":{"allow":["GET"]}}],"collection":[{"href":"https:\/\/genatronik.com\/fr\/wp-json\/wp\/v2\/product"}],"about":[{"href":"https:\/\/genatronik.com\/fr\/wp-json\/wp\/v2\/types\/product"}],"replies":[{"embeddable":true,"href":"https:\/\/genatronik.com\/fr\/wp-json\/wp\/v2\/comments?post=4033"}],"version-history":[{"count":6,"href":"https:\/\/genatronik.com\/fr\/wp-json\/wp\/v2\/product\/4033\/revisions"}],"predecessor-version":[{"id":6450,"href":"https:\/\/genatronik.com\/fr\/wp-json\/wp\/v2\/product\/4033\/revisions\/6450"}],"wp:featuredmedia":[{"embeddable":true,"href":"https:\/\/genatronik.com\/fr\/wp-json\/wp\/v2\/media\/7104"}],"wp:attachment":[{"href":"https:\/\/genatronik.com\/fr\/wp-json\/wp\/v2\/media?parent=4033"}],"wp:term":[{"taxonomy":"product_brand","embeddable":true,"href":"https:\/\/genatronik.com\/fr\/wp-json\/wp\/v2\/product_brand?post=4033"},{"taxonomy":"product_cat","embeddable":true,"href":"https:\/\/genatronik.com\/fr\/wp-json\/wp\/v2\/product_cat?post=4033"},{"taxonomy":"product_tag","embeddable":true,"href":"https:\/\/genatronik.com\/fr\/wp-json\/wp\/v2\/product_tag?post=4033"}],"curies":[{"name":"wp","href":"https:\/\/api.w.org\/{rel}","templated":true}]}}