{"id":4031,"date":"2025-02-19T13:47:55","date_gmt":"2025-02-19T12:47:55","guid":{"rendered":"https:\/\/genatronik.com\/?post_type=product&#038;p=4031"},"modified":"2025-04-25T18:47:43","modified_gmt":"2025-04-25T16:47:43","slug":"cp2100b","status":"publish","type":"product","link":"https:\/\/genatronik.com\/fr\/product\/cp2100b\/","title":{"rendered":"Micsig CP2100B"},"content":{"rendered":"<p>Le multim\u00e8tre \u00e0 pince de la s\u00e9rie Micsig CP2100 peut mesurer le courant continu et alternatif et pr\u00e9sente un design petit et compact. La sonde utilise une interface BNC standard pour les oscilloscopes ou une fiche multiple pour les adaptateurs. Le courant maximum mesurable est de 100 Apk et la bande passante est de DC ~ 800 kHz. La sonde de courant dispose de deux plages de mesure optionnelles de 10 A et 100 A. La sonde dispose \u00e9galement d'un r\u00e9glage de z\u00e9ro automatique et manuel et d'une alimentation USB. Indication de surcharge optique et acoustique.<\/p>\n<table class=\"long-desc-table\">\n<thead class=\"long-desc-thd\">\n<tr>\n<th>Mod\u00e8le<\/th>\n<th>CP2100A<\/th>\n<th>CP2100B<\/th>\n<\/tr>\n<\/thead>\n<tbody>\n<tr class=\"long-desc-tr\">\n<td>Largeur de bande<\/td>\n<td>CC-800 kHz<\/td>\n<td>DC-2,5 MHz<\/td>\n<\/tr>\n<tr class=\"long-desc-tr\">\n<td>Temps de mont\u00e9e<\/td>\n<td>&lt;= 583 ns<\/td>\n<td>&lt;= 175 ns<\/td>\n<\/tr>\n<tr class=\"long-desc-tr\">\n<td>Plages<\/td>\n<td>10 A\/100 A<\/td>\n<td>10 A\/100 A<\/td>\n<\/tr>\n<tr class=\"long-desc-tr\">\n<td>Sensibilit\u00e9 de sortie<\/td>\n<td>0.1 V\/A (10 A) 0.01 V\/A (100 A)<\/td>\n<td>0.1 V\/A (10 A) 0.01 V\/A (100 A)<\/td>\n<\/tr>\n<tr class=\"long-desc-tr\">\n<td>Pr\u00e9cision CC<\/td>\n<td>3 %+-50 mA (10 A) 4 %+-50 mA (100 A, 500 mA-40 Apk) 15 % (100 A, 40Apk-100Apk)<\/td>\n<td>3%+-50 mA (10 A) 4 %+-50 mA (100 A, 500 mA-40 Apk) 15 % (100 A, 40Apk-100Apk)<\/td>\n<\/tr>\n<tr class=\"long-desc-tr\">\n<td>D\u00e9lai de signal<\/td>\n<td>&lt;150 nanosecondes (10 A) &lt;200 nanosecondes (100 A)<\/td>\n<td>&lt;150 nanosecondes (10 A) &lt;200 nanosecondes (100 A)<\/td>\n<\/tr>\n<tr class=\"long-desc-tr\">\n<td><\/td>\n<td>1 A \u2013 100 Apk (100 A)<\/td>\n<td>1 A \u2013 100 Apk (100 A)<\/td>\n<\/tr>\n<tr class=\"long-desc-tr\">\n<td>Tension Max<\/td>\n<td>CAT II 600 V \/ CAT III 300 V<\/td>\n<td>CAT II 600 V \/ CAT III 300 V<\/td>\n<\/tr>\n<tr class=\"long-desc-tr\">\n<td>Alimentation \u00e9lectrique<\/td>\n<td>5 V CC<\/td>\n<td>5 V CC<\/td>\n<\/tr>\n<\/tbody>\n<\/table>","protected":false},"excerpt":{"rendered":"<p class=\"desc\">Sonde de courant pour DC+AC - compatible avec tous les oscilloscopes (connecteur BNC)<\/p>\n<ul>\n<li>Largeur de bande DC jusqu'\u00e0 2,5 MHz<\/li>\n<li>Plages actuelles<\/li>\n<li>10 A \u00e0 0,1 V\/A sensibilit\u00e9<\/li>\n<li>100 A \u00e0 0,01 V\/A sensibilit\u00e9<\/li>\n<li>CAT II 600 V \/ CAT III 300 V<\/li>\n<li>Alimentation \u00e9lectrique par connexion USB<\/li>\n<\/ul>","protected":false},"featured_media":4027,"comment_status":"open","ping_status":"closed","template":"","meta":{"_surecart_dashboard_logo_width":"180px","_surecart_dashboard_show_logo":true,"_surecart_dashboard_navigation_orders":true,"_surecart_dashboard_navigation_invoices":true,"_surecart_dashboard_navigation_subscriptions":true,"_surecart_dashboard_navigation_downloads":true,"_surecart_dashboard_navigation_billing":true,"_surecart_dashboard_navigation_account":true,"_uag_custom_page_level_css":"","site-sidebar-layout":"default","site-content-layout":"","ast-site-content-layout":"default","site-content-style":"default","site-sidebar-style":"default","ast-global-header-display":"","ast-banner-title-visibility":"","ast-main-header-display":"","ast-hfb-above-header-display":"","ast-hfb-below-header-display":"","ast-hfb-mobile-header-display":"","site-post-title":"","ast-breadcrumbs-content":"","ast-featured-img":"","footer-sml-layout":"","ast-disable-related-posts":"","theme-transparent-header-meta":"default","adv-header-id-meta":"","stick-header-meta":"default","header-above-stick-meta":"","header-main-stick-meta":"","header-below-stick-meta":"","astra-migrate-meta-layouts":"set","ast-page-background-enabled":"default","ast-page-background-meta":{"desktop":{"background-color":"var(--ast-global-color-4)","background-image":"","background-repeat":"repeat","background-position":"center center","background-size":"auto","background-attachment":"scroll","background-type":"","background-media":"","overlay-type":"","overlay-color":"","overlay-opacity":"","overlay-gradient":""},"tablet":{"background-color":"","background-image":"","background-repeat":"repeat","background-position":"center center","background-size":"auto","background-attachment":"scroll","background-type":"","background-media":"","overlay-type":"","overlay-color":"","overlay-opacity":"","overlay-gradient":""},"mobile":{"background-color":"","background-image":"","background-repeat":"repeat","background-position":"center center","background-size":"auto","background-attachment":"scroll","background-type":"","background-media":"","overlay-type":"","overlay-color":"","overlay-opacity":"","overlay-gradient":""}},"ast-content-background-meta":{"desktop":{"background-color":"var(--ast-global-color-5)","background-image":"","background-repeat":"repeat","background-position":"center center","background-size":"auto","background-attachment":"scroll","background-type":"","background-media":"","overlay-type":"","overlay-color":"","overlay-opacity":"","overlay-gradient":""},"tablet":{"background-color":"var(--ast-global-color-5)","background-image":"","background-repeat":"repeat","background-position":"center center","background-size":"auto","background-attachment":"scroll","background-type":"","background-media":"","overlay-type":"","overlay-color":"","overlay-opacity":"","overlay-gradient":""},"mobile":{"background-color":"var(--ast-global-color-5)","background-image":"","background-repeat":"repeat","background-position":"center center","background-size":"auto","background-attachment":"scroll","background-type":"","background-media":"","overlay-type":"","overlay-color":"","overlay-opacity":"","overlay-gradient":""}}},"product_brand":[],"product_cat":[110,113,120,124],"product_tag":[],"class_list":{"0":"post-4031","1":"product","2":"type-product","3":"status-publish","4":"has-post-thumbnail","6":"product_cat-probe","7":"product_cat-all-current-probe","8":"product_cat-micsig-probe","9":"product_cat-cp-current-probes","10":"desktop-align-left","11":"tablet-align-left","12":"mobile-align-left","13":"ast-product-gallery-layout-horizontal-slider","14":"ast-product-gallery-with-no-image","15":"ast-product-tabs-layout-horizontal","17":"first","18":"instock","19":"taxable","20":"shipping-taxable","21":"purchasable","22":"product-type-simple"},"yoast_head":"<!-- This site is optimized with the Yoast SEO plugin v26.2 - https:\/\/yoast.com\/wordpress\/plugins\/seo\/ -->\n<title>Micsig CP2100B - Genatronik<\/title>\n<meta name=\"robots\" content=\"index, follow, max-snippet:-1, max-image-preview:large, max-video-preview:-1\" \/>\n<link rel=\"canonical\" href=\"https:\/\/genatronik.com\/fr\/product\/cp2100b\/\" \/>\n<meta property=\"og:locale\" content=\"fr_FR\" \/>\n<meta property=\"og:type\" content=\"article\" \/>\n<meta property=\"og:title\" content=\"Micsig CP2100B - Genatronik\" \/>\n<meta property=\"og:description\" content=\"Current probe for DC+AC - compatible with all oscilloscopes (BNC connector)    Bandwidth DC up to 2.5 MHz  Current ranges  10 A at 0.1 V\/A sensitivity  100 A at 0.01 V\/A sensitivity  CAT II 600 V \/ CAT III 300 V  Power supply via USB connection\" \/>\n<meta property=\"og:url\" content=\"https:\/\/genatronik.com\/fr\/product\/cp2100b\/\" \/>\n<meta property=\"og:site_name\" content=\"Genatronik\" \/>\n<meta property=\"article:modified_time\" content=\"2025-04-25T16:47:43+00:00\" \/>\n<meta property=\"og:image\" content=\"https:\/\/genatronik.com\/wp-content\/uploads\/2025\/02\/CP2100\u7535\u6d41\u63a2\u5934-1600-1200.png\" \/>\n\t<meta property=\"og:image:width\" content=\"1600\" \/>\n\t<meta property=\"og:image:height\" content=\"1200\" \/>\n\t<meta property=\"og:image:type\" content=\"image\/png\" \/>\n<meta name=\"twitter:card\" content=\"summary_large_image\" \/>\n<meta name=\"twitter:label1\" content=\"Dur\u00e9e de lecture estim\u00e9e\" \/>\n\t<meta name=\"twitter:data1\" content=\"2 minutes\" \/>\n<script type=\"application\/ld+json\" class=\"yoast-schema-graph\">{\"@context\":\"https:\/\/schema.org\",\"@graph\":[{\"@type\":\"WebPage\",\"@id\":\"https:\/\/genatronik.com\/en\/product\/cp2100b\/\",\"url\":\"https:\/\/genatronik.com\/en\/product\/cp2100b\/\",\"name\":\"Micsig CP2100B - Genatronik\",\"isPartOf\":{\"@id\":\"https:\/\/genatronik.com\/en\/#website\"},\"primaryImageOfPage\":{\"@id\":\"https:\/\/genatronik.com\/en\/product\/cp2100b\/#primaryimage\"},\"image\":{\"@id\":\"https:\/\/genatronik.com\/en\/product\/cp2100b\/#primaryimage\"},\"thumbnailUrl\":\"https:\/\/genatronik.com\/wp-content\/uploads\/2025\/02\/CP2100\u7535\u6d41\u63a2\u5934-1600-1200.png\",\"datePublished\":\"2025-02-19T12:47:55+00:00\",\"dateModified\":\"2025-04-25T16:47:43+00:00\",\"breadcrumb\":{\"@id\":\"https:\/\/genatronik.com\/en\/product\/cp2100b\/#breadcrumb\"},\"inLanguage\":\"fr-FR\",\"potentialAction\":[{\"@type\":\"ReadAction\",\"target\":[\"https:\/\/genatronik.com\/en\/product\/cp2100b\/\"]}]},{\"@type\":\"ImageObject\",\"inLanguage\":\"fr-FR\",\"@id\":\"https:\/\/genatronik.com\/en\/product\/cp2100b\/#primaryimage\",\"url\":\"https:\/\/genatronik.com\/wp-content\/uploads\/2025\/02\/CP2100\u7535\u6d41\u63a2\u5934-1600-1200.png\",\"contentUrl\":\"https:\/\/genatronik.com\/wp-content\/uploads\/2025\/02\/CP2100\u7535\u6d41\u63a2\u5934-1600-1200.png\",\"width\":1600,\"height\":1200},{\"@type\":\"BreadcrumbList\",\"@id\":\"https:\/\/genatronik.com\/en\/product\/cp2100b\/#breadcrumb\",\"itemListElement\":[{\"@type\":\"ListItem\",\"position\":1,\"name\":\"Home\",\"item\":\"https:\/\/genatronik.com\/\"},{\"@type\":\"ListItem\",\"position\":2,\"name\":\"Produkte\",\"item\":\"https:\/\/genatronik.com\/de\/shop\/\"},{\"@type\":\"ListItem\",\"position\":3,\"name\":\"Products\",\"item\":\"https:\/\/genatronik.com\/product-category\/products\/\"},{\"@type\":\"ListItem\",\"position\":4,\"name\":\"Test &amp; Measure\",\"item\":\"https:\/\/genatronik.com\/product-category\/products\/test-measure\/\"},{\"@type\":\"ListItem\",\"position\":5,\"name\":\"Probe\",\"item\":\"https:\/\/genatronik.com\/en\/product-category\/products\/test-measure\/probe\/\"},{\"@type\":\"ListItem\",\"position\":6,\"name\":\"Micsig CP2100B\"}]},{\"@type\":\"WebSite\",\"@id\":\"https:\/\/genatronik.com\/en\/#website\",\"url\":\"https:\/\/genatronik.com\/en\/\",\"name\":\"Genatronik\",\"description\":\"Advanced Devices. Reliable Service.\",\"publisher\":{\"@id\":\"https:\/\/genatronik.com\/en\/#organization\"},\"potentialAction\":[{\"@type\":\"SearchAction\",\"target\":{\"@type\":\"EntryPoint\",\"urlTemplate\":\"https:\/\/genatronik.com\/en\/?s={search_term_string}\"},\"query-input\":{\"@type\":\"PropertyValueSpecification\",\"valueRequired\":true,\"valueName\":\"search_term_string\"}}],\"inLanguage\":\"fr-FR\"},{\"@type\":\"Organization\",\"@id\":\"https:\/\/genatronik.com\/en\/#organization\",\"name\":\"Genatronik\",\"url\":\"https:\/\/genatronik.com\/en\/\",\"logo\":{\"@type\":\"ImageObject\",\"inLanguage\":\"fr-FR\",\"@id\":\"https:\/\/genatronik.com\/en\/#\/schema\/logo\/image\/\",\"url\":\"https:\/\/genatronik.com\/wp-content\/uploads\/2025\/05\/genatronik_logo_header-scaled.png\",\"contentUrl\":\"https:\/\/genatronik.com\/wp-content\/uploads\/2025\/05\/genatronik_logo_header-scaled.png\",\"width\":2560,\"height\":448,\"caption\":\"Genatronik\"},\"image\":{\"@id\":\"https:\/\/genatronik.com\/en\/#\/schema\/logo\/image\/\"}}]}<\/script>\n<!-- \/ Yoast SEO plugin. -->","yoast_head_json":{"title":"Micsig CP2100B - Genatronik","robots":{"index":"index","follow":"follow","max-snippet":"max-snippet:-1","max-image-preview":"max-image-preview:large","max-video-preview":"max-video-preview:-1"},"canonical":"https:\/\/genatronik.com\/fr\/product\/cp2100b\/","og_locale":"fr_FR","og_type":"article","og_title":"Micsig CP2100B - Genatronik","og_description":"Current probe for DC+AC - compatible with all oscilloscopes (BNC connector)    Bandwidth DC up to 2.5 MHz  Current ranges  10 A at 0.1 V\/A sensitivity  100 A at 0.01 V\/A sensitivity  CAT II 600 V \/ CAT III 300 V  Power supply via USB connection","og_url":"https:\/\/genatronik.com\/fr\/product\/cp2100b\/","og_site_name":"Genatronik","article_modified_time":"2025-04-25T16:47:43+00:00","og_image":[{"width":1600,"height":1200,"url":"https:\/\/genatronik.com\/wp-content\/uploads\/2025\/02\/CP2100\u7535\u6d41\u63a2\u5934-1600-1200.png","type":"image\/png"}],"twitter_card":"summary_large_image","twitter_misc":{"Dur\u00e9e de lecture estim\u00e9e":"2 minutes"},"schema":{"@context":"https:\/\/schema.org","@graph":[{"@type":"WebPage","@id":"https:\/\/genatronik.com\/en\/product\/cp2100b\/","url":"https:\/\/genatronik.com\/en\/product\/cp2100b\/","name":"Micsig CP2100B - Genatronik","isPartOf":{"@id":"https:\/\/genatronik.com\/en\/#website"},"primaryImageOfPage":{"@id":"https:\/\/genatronik.com\/en\/product\/cp2100b\/#primaryimage"},"image":{"@id":"https:\/\/genatronik.com\/en\/product\/cp2100b\/#primaryimage"},"thumbnailUrl":"https:\/\/genatronik.com\/wp-content\/uploads\/2025\/02\/CP2100\u7535\u6d41\u63a2\u5934-1600-1200.png","datePublished":"2025-02-19T12:47:55+00:00","dateModified":"2025-04-25T16:47:43+00:00","breadcrumb":{"@id":"https:\/\/genatronik.com\/en\/product\/cp2100b\/#breadcrumb"},"inLanguage":"fr-FR","potentialAction":[{"@type":"ReadAction","target":["https:\/\/genatronik.com\/en\/product\/cp2100b\/"]}]},{"@type":"ImageObject","inLanguage":"fr-FR","@id":"https:\/\/genatronik.com\/en\/product\/cp2100b\/#primaryimage","url":"https:\/\/genatronik.com\/wp-content\/uploads\/2025\/02\/CP2100\u7535\u6d41\u63a2\u5934-1600-1200.png","contentUrl":"https:\/\/genatronik.com\/wp-content\/uploads\/2025\/02\/CP2100\u7535\u6d41\u63a2\u5934-1600-1200.png","width":1600,"height":1200},{"@type":"BreadcrumbList","@id":"https:\/\/genatronik.com\/en\/product\/cp2100b\/#breadcrumb","itemListElement":[{"@type":"ListItem","position":1,"name":"Home","item":"https:\/\/genatronik.com\/"},{"@type":"ListItem","position":2,"name":"Produkte","item":"https:\/\/genatronik.com\/de\/shop\/"},{"@type":"ListItem","position":3,"name":"Products","item":"https:\/\/genatronik.com\/product-category\/products\/"},{"@type":"ListItem","position":4,"name":"Test &amp; Measure","item":"https:\/\/genatronik.com\/product-category\/products\/test-measure\/"},{"@type":"ListItem","position":5,"name":"Probe","item":"https:\/\/genatronik.com\/en\/product-category\/products\/test-measure\/probe\/"},{"@type":"ListItem","position":6,"name":"Micsig CP2100B"}]},{"@type":"WebSite","@id":"https:\/\/genatronik.com\/en\/#website","url":"https:\/\/genatronik.com\/en\/","name":"Genatronik","description":"Dispositifs avanc\u00e9s. Un service fiable.","publisher":{"@id":"https:\/\/genatronik.com\/en\/#organization"},"potentialAction":[{"@type":"SearchAction","target":{"@type":"EntryPoint","urlTemplate":"https:\/\/genatronik.com\/en\/?s={search_term_string}"},"query-input":{"@type":"PropertyValueSpecification","valueRequired":true,"valueName":"search_term_string"}}],"inLanguage":"fr-FR"},{"@type":"Organization","@id":"https:\/\/genatronik.com\/en\/#organization","name":"Genatronik","url":"https:\/\/genatronik.com\/en\/","logo":{"@type":"ImageObject","inLanguage":"fr-FR","@id":"https:\/\/genatronik.com\/en\/#\/schema\/logo\/image\/","url":"https:\/\/genatronik.com\/wp-content\/uploads\/2025\/05\/genatronik_logo_header-scaled.png","contentUrl":"https:\/\/genatronik.com\/wp-content\/uploads\/2025\/05\/genatronik_logo_header-scaled.png","width":2560,"height":448,"caption":"Genatronik"},"image":{"@id":"https:\/\/genatronik.com\/en\/#\/schema\/logo\/image\/"}}]}},"uagb_featured_image_src":{"full":["https:\/\/genatronik.com\/wp-content\/uploads\/2025\/02\/CP2100\u7535\u6d41\u63a2\u5934-1600-1200.png",1600,1200,false],"thumbnail":["https:\/\/genatronik.com\/wp-content\/uploads\/2025\/02\/CP2100\u7535\u6d41\u63a2\u5934-1600-1200-150x150.png",150,150,true],"medium":["https:\/\/genatronik.com\/wp-content\/uploads\/2025\/02\/CP2100\u7535\u6d41\u63a2\u5934-1600-1200-300x225.png",300,225,true],"medium_large":["https:\/\/genatronik.com\/wp-content\/uploads\/2025\/02\/CP2100\u7535\u6d41\u63a2\u5934-1600-1200-768x576.png",768,576,true],"large":["https:\/\/genatronik.com\/wp-content\/uploads\/2025\/02\/CP2100\u7535\u6d41\u63a2\u5934-1600-1200-1024x768.png",1024,768,true],"1536x1536":["https:\/\/genatronik.com\/wp-content\/uploads\/2025\/02\/CP2100\u7535\u6d41\u63a2\u5934-1600-1200-1536x1152.png",1536,1152,true],"2048x2048":["https:\/\/genatronik.com\/wp-content\/uploads\/2025\/02\/CP2100\u7535\u6d41\u63a2\u5934-1600-1200.png",1600,1200,false],"trp-custom-language-flag":["https:\/\/genatronik.com\/wp-content\/uploads\/2025\/02\/CP2100\u7535\u6d41\u63a2\u5934-1600-1200-16x12.png",16,12,true],"tp-image-grid":["https:\/\/genatronik.com\/wp-content\/uploads\/2025\/02\/CP2100\u7535\u6d41\u63a2\u5934-1600-1200-700x700.png",700,700,true],"woocommerce_thumbnail":["https:\/\/genatronik.com\/wp-content\/uploads\/2025\/02\/CP2100\u7535\u6d41\u63a2\u5934-1600-1200-300x225.png",300,225,true],"woocommerce_single":["https:\/\/genatronik.com\/wp-content\/uploads\/2025\/02\/CP2100\u7535\u6d41\u63a2\u5934-1600-1200-600x450.png",600,450,true],"woocommerce_gallery_thumbnail":["https:\/\/genatronik.com\/wp-content\/uploads\/2025\/02\/CP2100\u7535\u6d41\u63a2\u5934-1600-1200-100x100.png",100,100,true]},"uagb_author_info":{"display_name":"guanyuan zhu","author_link":"https:\/\/genatronik.com\/fr\/author\/"},"uagb_comment_info":0,"uagb_excerpt":"Current probe for DC+AC - compatible with all oscilloscopes (BNC connector) Bandwidth DC up to 2.5 MHz Current ranges 10 A at 0.1 V\/A sensitivity 100 A at 0.01 V\/A sensitivity CAT II 600 V \/ CAT III 300 V Power supply via USB connection","jetpack_sharing_enabled":true,"_links":{"self":[{"href":"https:\/\/genatronik.com\/fr\/wp-json\/wp\/v2\/product\/4031","targetHints":{"allow":["GET"]}}],"collection":[{"href":"https:\/\/genatronik.com\/fr\/wp-json\/wp\/v2\/product"}],"about":[{"href":"https:\/\/genatronik.com\/fr\/wp-json\/wp\/v2\/types\/product"}],"replies":[{"embeddable":true,"href":"https:\/\/genatronik.com\/fr\/wp-json\/wp\/v2\/comments?post=4031"}],"version-history":[{"count":6,"href":"https:\/\/genatronik.com\/fr\/wp-json\/wp\/v2\/product\/4031\/revisions"}],"predecessor-version":[{"id":6449,"href":"https:\/\/genatronik.com\/fr\/wp-json\/wp\/v2\/product\/4031\/revisions\/6449"}],"wp:featuredmedia":[{"embeddable":true,"href":"https:\/\/genatronik.com\/fr\/wp-json\/wp\/v2\/media\/4027"}],"wp:attachment":[{"href":"https:\/\/genatronik.com\/fr\/wp-json\/wp\/v2\/media?parent=4031"}],"wp:term":[{"taxonomy":"product_brand","embeddable":true,"href":"https:\/\/genatronik.com\/fr\/wp-json\/wp\/v2\/product_brand?post=4031"},{"taxonomy":"product_cat","embeddable":true,"href":"https:\/\/genatronik.com\/fr\/wp-json\/wp\/v2\/product_cat?post=4031"},{"taxonomy":"product_tag","embeddable":true,"href":"https:\/\/genatronik.com\/fr\/wp-json\/wp\/v2\/product_tag?post=4031"}],"curies":[{"name":"wp","href":"https:\/\/api.w.org\/{rel}","templated":true}]}}