{"id":3848,"date":"2025-02-11T17:23:31","date_gmt":"2025-02-11T16:23:31","guid":{"rendered":"https:\/\/genatronik.com\/?post_type=product&#038;p=3848"},"modified":"2025-05-13T10:06:29","modified_gmt":"2025-05-13T08:06:29","slug":"dl3031a","status":"publish","type":"product","link":"https:\/\/genatronik.com\/fr\/product\/dl3031a\/","title":{"rendered":"Rigol DL3031A"},"content":{"rendered":"<ul>\n<li>DL3021\/DL3021A : monocanal, DC150 V\/40 A, puissance totale jusqu'\u00e0 200 W<\/li>\n<li>DL3031\/DL3031A : un canal, DC150 V\/60 A, puissance totale jusqu'\u00e0 350 W<\/li>\n<li>Mode dynamique : jusqu'\u00e0 30 kHz<\/li>\n<li>Vitesse d'augmentation du courant r\u00e9glable : 0,001 A\/\u03bcs \u00e0 5 A\/\u03bcs<\/li>\n<li>R\u00e9solution minimale de lecture : 0,1 mV\uff0c0,1 mA<\/li>\n<li>\u00c9cran LCD TFT de 4,3 pouces, capable d'afficher de nombreux param\u00e8tres et des informations sur la sant\u00e9.<br \/>\nsimultan\u00e9ment<\/li>\n<li>Surtension\/surintensit\u00e9\/surpuissance\/surtemp\u00e9rature\/inversion<br \/>\nprotection de la tension<\/li>\n<li>4 modes statiques : CC, CV, CR, CP<\/li>\n<li>3 modes dynamiques : continu, puls\u00e9, altern\u00e9<\/li>\n<li>La fonction de liste permet d'\u00e9diter jusqu'\u00e0 512 \u00e9tapes<\/li>\n<li>Fonction de test de la batterie, test OCP, test OPP, fonction de test d'usine, etc.<\/li>\n<li>Fonction de test de court-circuit<\/li>\n<li>Fonction de m\u00e9morisation de la mise hors tension<\/li>\n<li>Interface de communication RS232\/USB\/LAN int\u00e9gr\u00e9e<\/li>\n<li>Module USB-GPIB (en option)<\/li>\n<\/ul>","protected":false},"excerpt":{"rendered":"<p>Charge \u00e9lectronique DC pour max. 150V, 60A, 350W. Avec interface USB Host, USB Device, LAN et RS232.<\/p>","protected":false},"featured_media":3850,"comment_status":"open","ping_status":"closed","template":"","meta":{"_surecart_dashboard_logo_width":"180px","_surecart_dashboard_show_logo":true,"_surecart_dashboard_navigation_orders":true,"_surecart_dashboard_navigation_invoices":true,"_surecart_dashboard_navigation_subscriptions":true,"_surecart_dashboard_navigation_downloads":true,"_surecart_dashboard_navigation_billing":true,"_surecart_dashboard_navigation_account":true,"_uag_custom_page_level_css":"","site-sidebar-layout":"default","site-content-layout":"","ast-site-content-layout":"default","site-content-style":"default","site-sidebar-style":"default","ast-global-header-display":"","ast-banner-title-visibility":"","ast-main-header-display":"","ast-hfb-above-header-display":"","ast-hfb-below-header-display":"","ast-hfb-mobile-header-display":"","site-post-title":"","ast-breadcrumbs-content":"","ast-featured-img":"","footer-sml-layout":"","ast-disable-related-posts":"","theme-transparent-header-meta":"default","adv-header-id-meta":"","stick-header-meta":"default","header-above-stick-meta":"","header-main-stick-meta":"","header-below-stick-meta":"","astra-migrate-meta-layouts":"set","ast-page-background-enabled":"default","ast-page-background-meta":{"desktop":{"background-color":"var(--ast-global-color-4)","background-image":"","background-repeat":"repeat","background-position":"center center","background-size":"auto","background-attachment":"scroll","background-type":"","background-media":"","overlay-type":"","overlay-color":"","overlay-opacity":"","overlay-gradient":""},"tablet":{"background-color":"","background-image":"","background-repeat":"repeat","background-position":"center center","background-size":"auto","background-attachment":"scroll","background-type":"","background-media":"","overlay-type":"","overlay-color":"","overlay-opacity":"","overlay-gradient":""},"mobile":{"background-color":"","background-image":"","background-repeat":"repeat","background-position":"center center","background-size":"auto","background-attachment":"scroll","background-type":"","background-media":"","overlay-type":"","overlay-color":"","overlay-opacity":"","overlay-gradient":""}},"ast-content-background-meta":{"desktop":{"background-color":"var(--ast-global-color-5)","background-image":"","background-repeat":"repeat","background-position":"center center","background-size":"auto","background-attachment":"scroll","background-type":"","background-media":"","overlay-type":"","overlay-color":"","overlay-opacity":"","overlay-gradient":""},"tablet":{"background-color":"var(--ast-global-color-5)","background-image":"","background-repeat":"repeat","background-position":"center center","background-size":"auto","background-attachment":"scroll","background-type":"","background-media":"","overlay-type":"","overlay-color":"","overlay-opacity":"","overlay-gradient":""},"mobile":{"background-color":"var(--ast-global-color-5)","background-image":"","background-repeat":"repeat","background-position":"center center","background-size":"auto","background-attachment":"scroll","background-type":"","background-media":"","overlay-type":"","overlay-color":"","overlay-opacity":"","overlay-gradient":""}}},"product_brand":[],"product_cat":[38,39,109,47],"product_tag":[],"class_list":{"0":"post-3848","1":"product","2":"type-product","3":"status-publish","4":"has-post-thumbnail","6":"product_cat-test-measure","7":"product_cat-dc-load","8":"product_cat-rigol-dc-load","9":"product_cat-dl3000","10":"desktop-align-left","11":"tablet-align-left","12":"mobile-align-left","13":"ast-product-gallery-layout-horizontal-slider","14":"ast-product-gallery-with-no-image","15":"ast-product-tabs-layout-horizontal","17":"first","18":"instock","19":"taxable","20":"shipping-taxable","21":"purchasable","22":"product-type-simple"},"yoast_head":"<!-- This site is optimized with the Yoast SEO plugin v26.2 - https:\/\/yoast.com\/wordpress\/plugins\/seo\/ -->\n<title>Rigol DL3031A - Genatronik<\/title>\n<meta name=\"description\" content=\"The DL3000 is a cost-effective programmable DC electronic load with performance specifications that rival any instrument in its class. With a user-friendly interface including graphical charting, the DL3000 series provides various interfaces for remote communication to meet your diversified test requirements. Test power systems and batteries with configurable static, transient, and advanced application modes.\" \/>\n<meta name=\"robots\" content=\"index, follow, max-snippet:-1, max-image-preview:large, max-video-preview:-1\" \/>\n<link rel=\"canonical\" href=\"https:\/\/genatronik.com\/fr\/product\/dl3031a\/\" \/>\n<meta property=\"og:locale\" content=\"fr_FR\" \/>\n<meta property=\"og:type\" content=\"article\" \/>\n<meta property=\"og:title\" content=\"Rigol DL3031A - Genatronik\" \/>\n<meta property=\"og:description\" content=\"The DL3000 is a cost-effective programmable DC electronic load with performance specifications that rival any instrument in its class. With a user-friendly interface including graphical charting, the DL3000 series provides various interfaces for remote communication to meet your diversified test requirements. Test power systems and batteries with configurable static, transient, and advanced application modes.\" \/>\n<meta property=\"og:url\" content=\"https:\/\/genatronik.com\/fr\/product\/dl3031a\/\" \/>\n<meta property=\"og:site_name\" content=\"Genatronik\" \/>\n<meta property=\"article:modified_time\" content=\"2025-05-13T08:06:29+00:00\" \/>\n<meta property=\"og:image\" content=\"https:\/\/genatronik.com\/wp-content\/uploads\/2025\/02\/DL3031A-1600-1200.png\" \/>\n\t<meta property=\"og:image:width\" content=\"1600\" \/>\n\t<meta property=\"og:image:height\" content=\"1200\" \/>\n\t<meta property=\"og:image:type\" content=\"image\/png\" \/>\n<meta name=\"twitter:card\" content=\"summary_large_image\" \/>\n<meta name=\"twitter:label1\" content=\"Dur\u00e9e de lecture estim\u00e9e\" \/>\n\t<meta name=\"twitter:data1\" content=\"1 minute\" \/>\n<script type=\"application\/ld+json\" class=\"yoast-schema-graph\">{\"@context\":\"https:\/\/schema.org\",\"@graph\":[{\"@type\":\"WebPage\",\"@id\":\"https:\/\/genatronik.com\/en\/product\/dl3031a\/\",\"url\":\"https:\/\/genatronik.com\/en\/product\/dl3031a\/\",\"name\":\"Rigol DL3031A - Genatronik\",\"isPartOf\":{\"@id\":\"https:\/\/genatronik.com\/en\/#website\"},\"primaryImageOfPage\":{\"@id\":\"https:\/\/genatronik.com\/en\/product\/dl3031a\/#primaryimage\"},\"image\":{\"@id\":\"https:\/\/genatronik.com\/en\/product\/dl3031a\/#primaryimage\"},\"thumbnailUrl\":\"https:\/\/genatronik.com\/wp-content\/uploads\/2025\/02\/DL3031A-1600-1200.png\",\"datePublished\":\"2025-02-11T16:23:31+00:00\",\"dateModified\":\"2025-05-13T08:06:29+00:00\",\"description\":\"The DL3000 is a cost-effective programmable DC electronic load with performance specifications that rival any instrument in its class. With a user-friendly interface including graphical charting, the DL3000 series provides various interfaces for remote communication to meet your diversified test requirements. Test power systems and batteries with configurable static, transient, and advanced application modes.\",\"breadcrumb\":{\"@id\":\"https:\/\/genatronik.com\/en\/product\/dl3031a\/#breadcrumb\"},\"inLanguage\":\"fr-FR\",\"potentialAction\":[{\"@type\":\"ReadAction\",\"target\":[\"https:\/\/genatronik.com\/en\/product\/dl3031a\/\"]}]},{\"@type\":\"ImageObject\",\"inLanguage\":\"fr-FR\",\"@id\":\"https:\/\/genatronik.com\/en\/product\/dl3031a\/#primaryimage\",\"url\":\"https:\/\/genatronik.com\/wp-content\/uploads\/2025\/02\/DL3031A-1600-1200.png\",\"contentUrl\":\"https:\/\/genatronik.com\/wp-content\/uploads\/2025\/02\/DL3031A-1600-1200.png\",\"width\":1600,\"height\":1200},{\"@type\":\"BreadcrumbList\",\"@id\":\"https:\/\/genatronik.com\/en\/product\/dl3031a\/#breadcrumb\",\"itemListElement\":[{\"@type\":\"ListItem\",\"position\":1,\"name\":\"Home\",\"item\":\"https:\/\/genatronik.com\/\"},{\"@type\":\"ListItem\",\"position\":2,\"name\":\"Produkte\",\"item\":\"https:\/\/genatronik.com\/de\/shop\/\"},{\"@type\":\"ListItem\",\"position\":3,\"name\":\"Products\",\"item\":\"https:\/\/genatronik.com\/product-category\/products\/\"},{\"@type\":\"ListItem\",\"position\":4,\"name\":\"Test &amp; Measure\",\"item\":\"https:\/\/genatronik.com\/product-category\/products\/test-measure\/\"},{\"@type\":\"ListItem\",\"position\":5,\"name\":\"DC Load\",\"item\":\"https:\/\/genatronik.com\/product-category\/products\/test-measure\/dc-load\/\"},{\"@type\":\"ListItem\",\"position\":6,\"name\":\"Rigol DC Load\",\"item\":\"https:\/\/genatronik.com\/product-category\/products\/test-measure\/dc-load\/rigol-dc-load\/\"},{\"@type\":\"ListItem\",\"position\":7,\"name\":\"DL3000\",\"item\":\"https:\/\/genatronik.com\/product-category\/products\/test-measure\/dc-load\/rigol-dc-load\/dl3000\/\"},{\"@type\":\"ListItem\",\"position\":8,\"name\":\"Rigol DL3031A\"}]},{\"@type\":\"WebSite\",\"@id\":\"https:\/\/genatronik.com\/en\/#website\",\"url\":\"https:\/\/genatronik.com\/en\/\",\"name\":\"Genatronik\",\"description\":\"Advanced Devices. Reliable Service.\",\"publisher\":{\"@id\":\"https:\/\/genatronik.com\/en\/#organization\"},\"potentialAction\":[{\"@type\":\"SearchAction\",\"target\":{\"@type\":\"EntryPoint\",\"urlTemplate\":\"https:\/\/genatronik.com\/en\/?s={search_term_string}\"},\"query-input\":{\"@type\":\"PropertyValueSpecification\",\"valueRequired\":true,\"valueName\":\"search_term_string\"}}],\"inLanguage\":\"fr-FR\"},{\"@type\":\"Organization\",\"@id\":\"https:\/\/genatronik.com\/en\/#organization\",\"name\":\"Genatronik\",\"url\":\"https:\/\/genatronik.com\/en\/\",\"logo\":{\"@type\":\"ImageObject\",\"inLanguage\":\"fr-FR\",\"@id\":\"https:\/\/genatronik.com\/en\/#\/schema\/logo\/image\/\",\"url\":\"https:\/\/genatronik.com\/wp-content\/uploads\/2025\/05\/genatronik_logo_header-scaled.png\",\"contentUrl\":\"https:\/\/genatronik.com\/wp-content\/uploads\/2025\/05\/genatronik_logo_header-scaled.png\",\"width\":2560,\"height\":448,\"caption\":\"Genatronik\"},\"image\":{\"@id\":\"https:\/\/genatronik.com\/en\/#\/schema\/logo\/image\/\"}}]}<\/script>\n<!-- \/ Yoast SEO plugin. -->","yoast_head_json":{"title":"Rigol DL3031A - Genatronik","description":"Le DL3000 est une charge \u00e9lectronique CC programmable rentable dont les performances rivalisent avec celles de n'importe quel instrument de sa cat\u00e9gorie. Dot\u00e9e d'une interface conviviale comprenant des graphiques, la s\u00e9rie DL3000 offre diverses interfaces de communication \u00e0 distance pour r\u00e9pondre \u00e0 vos besoins de test diversifi\u00e9s. Testez les syst\u00e8mes d'alimentation et les batteries avec des modes d'application statiques, transitoires et avanc\u00e9s configurables.","robots":{"index":"index","follow":"follow","max-snippet":"max-snippet:-1","max-image-preview":"max-image-preview:large","max-video-preview":"max-video-preview:-1"},"canonical":"https:\/\/genatronik.com\/fr\/product\/dl3031a\/","og_locale":"fr_FR","og_type":"article","og_title":"Rigol DL3031A - Genatronik","og_description":"The DL3000 is a cost-effective programmable DC electronic load with performance specifications that rival any instrument in its class. With a user-friendly interface including graphical charting, the DL3000 series provides various interfaces for remote communication to meet your diversified test requirements. Test power systems and batteries with configurable static, transient, and advanced application modes.","og_url":"https:\/\/genatronik.com\/fr\/product\/dl3031a\/","og_site_name":"Genatronik","article_modified_time":"2025-05-13T08:06:29+00:00","og_image":[{"width":1600,"height":1200,"url":"https:\/\/genatronik.com\/wp-content\/uploads\/2025\/02\/DL3031A-1600-1200.png","type":"image\/png"}],"twitter_card":"summary_large_image","twitter_misc":{"Dur\u00e9e de lecture estim\u00e9e":"1 minute"},"schema":{"@context":"https:\/\/schema.org","@graph":[{"@type":"WebPage","@id":"https:\/\/genatronik.com\/en\/product\/dl3031a\/","url":"https:\/\/genatronik.com\/en\/product\/dl3031a\/","name":"Rigol DL3031A - Genatronik","isPartOf":{"@id":"https:\/\/genatronik.com\/en\/#website"},"primaryImageOfPage":{"@id":"https:\/\/genatronik.com\/en\/product\/dl3031a\/#primaryimage"},"image":{"@id":"https:\/\/genatronik.com\/en\/product\/dl3031a\/#primaryimage"},"thumbnailUrl":"https:\/\/genatronik.com\/wp-content\/uploads\/2025\/02\/DL3031A-1600-1200.png","datePublished":"2025-02-11T16:23:31+00:00","dateModified":"2025-05-13T08:06:29+00:00","description":"Le DL3000 est une charge \u00e9lectronique CC programmable rentable dont les performances rivalisent avec celles de n'importe quel instrument de sa cat\u00e9gorie. Dot\u00e9e d'une interface conviviale comprenant des graphiques, la s\u00e9rie DL3000 offre diverses interfaces de communication \u00e0 distance pour r\u00e9pondre \u00e0 vos besoins de test diversifi\u00e9s. Testez les syst\u00e8mes d'alimentation et les batteries avec des modes d'application statiques, transitoires et avanc\u00e9s configurables.","breadcrumb":{"@id":"https:\/\/genatronik.com\/en\/product\/dl3031a\/#breadcrumb"},"inLanguage":"fr-FR","potentialAction":[{"@type":"ReadAction","target":["https:\/\/genatronik.com\/en\/product\/dl3031a\/"]}]},{"@type":"ImageObject","inLanguage":"fr-FR","@id":"https:\/\/genatronik.com\/en\/product\/dl3031a\/#primaryimage","url":"https:\/\/genatronik.com\/wp-content\/uploads\/2025\/02\/DL3031A-1600-1200.png","contentUrl":"https:\/\/genatronik.com\/wp-content\/uploads\/2025\/02\/DL3031A-1600-1200.png","width":1600,"height":1200},{"@type":"BreadcrumbList","@id":"https:\/\/genatronik.com\/en\/product\/dl3031a\/#breadcrumb","itemListElement":[{"@type":"ListItem","position":1,"name":"Home","item":"https:\/\/genatronik.com\/"},{"@type":"ListItem","position":2,"name":"Produkte","item":"https:\/\/genatronik.com\/de\/shop\/"},{"@type":"ListItem","position":3,"name":"Products","item":"https:\/\/genatronik.com\/product-category\/products\/"},{"@type":"ListItem","position":4,"name":"Test &amp; Measure","item":"https:\/\/genatronik.com\/product-category\/products\/test-measure\/"},{"@type":"ListItem","position":5,"name":"DC Load","item":"https:\/\/genatronik.com\/product-category\/products\/test-measure\/dc-load\/"},{"@type":"ListItem","position":6,"name":"Rigol DC Load","item":"https:\/\/genatronik.com\/product-category\/products\/test-measure\/dc-load\/rigol-dc-load\/"},{"@type":"ListItem","position":7,"name":"DL3000","item":"https:\/\/genatronik.com\/product-category\/products\/test-measure\/dc-load\/rigol-dc-load\/dl3000\/"},{"@type":"ListItem","position":8,"name":"Rigol DL3031A"}]},{"@type":"WebSite","@id":"https:\/\/genatronik.com\/en\/#website","url":"https:\/\/genatronik.com\/en\/","name":"Genatronik","description":"Dispositifs avanc\u00e9s. Un service fiable.","publisher":{"@id":"https:\/\/genatronik.com\/en\/#organization"},"potentialAction":[{"@type":"SearchAction","target":{"@type":"EntryPoint","urlTemplate":"https:\/\/genatronik.com\/en\/?s={search_term_string}"},"query-input":{"@type":"PropertyValueSpecification","valueRequired":true,"valueName":"search_term_string"}}],"inLanguage":"fr-FR"},{"@type":"Organization","@id":"https:\/\/genatronik.com\/en\/#organization","name":"Genatronik","url":"https:\/\/genatronik.com\/en\/","logo":{"@type":"ImageObject","inLanguage":"fr-FR","@id":"https:\/\/genatronik.com\/en\/#\/schema\/logo\/image\/","url":"https:\/\/genatronik.com\/wp-content\/uploads\/2025\/05\/genatronik_logo_header-scaled.png","contentUrl":"https:\/\/genatronik.com\/wp-content\/uploads\/2025\/05\/genatronik_logo_header-scaled.png","width":2560,"height":448,"caption":"Genatronik"},"image":{"@id":"https:\/\/genatronik.com\/en\/#\/schema\/logo\/image\/"}}]}},"uagb_featured_image_src":{"full":["https:\/\/genatronik.com\/wp-content\/uploads\/2025\/02\/DL3031A-1600-1200.png",1600,1200,false],"thumbnail":["https:\/\/genatronik.com\/wp-content\/uploads\/2025\/02\/DL3031A-1600-1200-150x150.png",150,150,true],"medium":["https:\/\/genatronik.com\/wp-content\/uploads\/2025\/02\/DL3031A-1600-1200-300x225.png",300,225,true],"medium_large":["https:\/\/genatronik.com\/wp-content\/uploads\/2025\/02\/DL3031A-1600-1200-768x576.png",768,576,true],"large":["https:\/\/genatronik.com\/wp-content\/uploads\/2025\/02\/DL3031A-1600-1200-1024x768.png",1024,768,true],"1536x1536":["https:\/\/genatronik.com\/wp-content\/uploads\/2025\/02\/DL3031A-1600-1200-1536x1152.png",1536,1152,true],"2048x2048":["https:\/\/genatronik.com\/wp-content\/uploads\/2025\/02\/DL3031A-1600-1200.png",1600,1200,false],"trp-custom-language-flag":["https:\/\/genatronik.com\/wp-content\/uploads\/2025\/02\/DL3031A-1600-1200.png",16,12,false],"tp-image-grid":["https:\/\/genatronik.com\/wp-content\/uploads\/2025\/02\/DL3031A-1600-1200-700x700.png",700,700,true],"woocommerce_thumbnail":["https:\/\/genatronik.com\/wp-content\/uploads\/2025\/02\/DL3031A-1600-1200-300x225.png",300,225,true],"woocommerce_single":["https:\/\/genatronik.com\/wp-content\/uploads\/2025\/02\/DL3031A-1600-1200-600x450.png",600,450,true],"woocommerce_gallery_thumbnail":["https:\/\/genatronik.com\/wp-content\/uploads\/2025\/02\/DL3031A-1600-1200-100x100.png",100,100,true]},"uagb_author_info":{"display_name":"guanyuan zhu","author_link":"https:\/\/genatronik.com\/fr\/author\/"},"uagb_comment_info":0,"uagb_excerpt":"Electronic DC load for max. 150V, 60A, 350W. With USB Host, USB Device, LAN and RS232 interface.","jetpack_sharing_enabled":true,"_links":{"self":[{"href":"https:\/\/genatronik.com\/fr\/wp-json\/wp\/v2\/product\/3848","targetHints":{"allow":["GET"]}}],"collection":[{"href":"https:\/\/genatronik.com\/fr\/wp-json\/wp\/v2\/product"}],"about":[{"href":"https:\/\/genatronik.com\/fr\/wp-json\/wp\/v2\/types\/product"}],"replies":[{"embeddable":true,"href":"https:\/\/genatronik.com\/fr\/wp-json\/wp\/v2\/comments?post=3848"}],"version-history":[{"count":1,"href":"https:\/\/genatronik.com\/fr\/wp-json\/wp\/v2\/product\/3848\/revisions"}],"predecessor-version":[{"id":3849,"href":"https:\/\/genatronik.com\/fr\/wp-json\/wp\/v2\/product\/3848\/revisions\/3849"}],"wp:featuredmedia":[{"embeddable":true,"href":"https:\/\/genatronik.com\/fr\/wp-json\/wp\/v2\/media\/3850"}],"wp:attachment":[{"href":"https:\/\/genatronik.com\/fr\/wp-json\/wp\/v2\/media?parent=3848"}],"wp:term":[{"taxonomy":"product_brand","embeddable":true,"href":"https:\/\/genatronik.com\/fr\/wp-json\/wp\/v2\/product_brand?post=3848"},{"taxonomy":"product_cat","embeddable":true,"href":"https:\/\/genatronik.com\/fr\/wp-json\/wp\/v2\/product_cat?post=3848"},{"taxonomy":"product_tag","embeddable":true,"href":"https:\/\/genatronik.com\/fr\/wp-json\/wp\/v2\/product_tag?post=3848"}],"curies":[{"name":"wp","href":"https:\/\/api.w.org\/{rel}","templated":true}]}}