{"id":2873,"date":"2024-12-18T15:50:00","date_gmt":"2024-12-18T07:50:00","guid":{"rendered":"https:\/\/genatronik.com\/?post_type=product&#038;p=2873"},"modified":"2025-04-25T18:22:25","modified_gmt":"2025-04-25T16:22:25","slug":"sato1004","status":"publish","type":"product","link":"https:\/\/genatronik.com\/fr\/product\/sato1004\/","title":{"rendered":"Micsig SATO1004"},"content":{"rendered":"<p>L'oscilloscope de diagnostic automobile de la s\u00e9rie SATO est un oscilloscope sp\u00e9cialis\u00e9 con\u00e7u pour la maintenance et le diagnostic automobile.<br \/>\nIl est dot\u00e9 d'une vari\u00e9t\u00e9 de fonctions professionnelles adapt\u00e9es au diagnostic automobile, d'un \u00e9cran haute d\u00e9finition de 8 pouces avec une r\u00e9solution de 800*600, d'une batterie au lithium int\u00e9gr\u00e9e avec une autonomie de plus de cinq heures, et d'options 2\/4 canaux avec une largeur de bande maximale de 200 MHz et un taux d'\u00e9chantillonnage de 1GSa\/s. La profondeur de stockage atteint jusqu'\u00e0 70 Mpts.<br \/>\n\u00c9quip\u00e9 d'un logiciel automobile int\u00e9gr\u00e9, il permet de configurer en un seul clic divers projets de test, garantissant ainsi un diagnostic et des mesures sans souci pour votre travail dans le secteur automobile.<\/p>\n<p>Caract\u00e9ristiques SATO<br \/>\nCanal : 2 \/ 4<br \/>\nLargeur de bande : 100 \/ 200 MHz<br \/>\nTaux d'\u00e9chantillonnage : 1 GSa\/s<br \/>\nTaux de capture de forme d'onde max : 130 000 wfms<br \/>\nProfondeur de m\u00e9moire : 70 Mpts<br \/>\nStockage : Int\u00e9gr\u00e9e 32GB<\/p>\n<p>Largeur de bande Canal Temps de mont\u00e9e (typ.)<br \/>\nSATO1004 100 MHz 4CH \u2264 3,5 ns<br \/>\nSATO2002 200 MHz 2CH \u22641.75ns<\/p>","protected":false},"excerpt":{"rendered":"<p>Oscilloscope 4 voies pour tablettes automobiles avec une bande passante de 100 MHz, un taux d'\u00e9chantillonnage de 1GSa\/s, un convertisseur A\/D 8 bits, une profondeur de m\u00e9moire de 70Mpts et un \u00e9cran tactile capacitif TFT-LCD industriel de 8\u2033 800 x 600 pixels. L'oscilloscope supporte le d\u00e9codage pour : RS-232\/422\/485\/UART, LIN, CAN, CAN FD, I\u00b2C, SPI.<\/p>","protected":false},"featured_media":4108,"comment_status":"open","ping_status":"closed","template":"","meta":{"_surecart_dashboard_logo_width":"180px","_surecart_dashboard_show_logo":true,"_surecart_dashboard_navigation_orders":true,"_surecart_dashboard_navigation_invoices":true,"_surecart_dashboard_navigation_subscriptions":true,"_surecart_dashboard_navigation_downloads":true,"_surecart_dashboard_navigation_billing":true,"_surecart_dashboard_navigation_account":true,"_uag_custom_page_level_css":"","site-sidebar-layout":"default","site-content-layout":"","ast-site-content-layout":"default","site-content-style":"default","site-sidebar-style":"default","ast-global-header-display":"","ast-banner-title-visibility":"","ast-main-header-display":"","ast-hfb-above-header-display":"","ast-hfb-below-header-display":"","ast-hfb-mobile-header-display":"","site-post-title":"","ast-breadcrumbs-content":"","ast-featured-img":"","footer-sml-layout":"","ast-disable-related-posts":"","theme-transparent-header-meta":"default","adv-header-id-meta":"","stick-header-meta":"default","header-above-stick-meta":"","header-main-stick-meta":"","header-below-stick-meta":"","astra-migrate-meta-layouts":"set","ast-page-background-enabled":"default","ast-page-background-meta":{"desktop":{"background-color":"var(--ast-global-color-4)","background-image":"","background-repeat":"repeat","background-position":"center center","background-size":"auto","background-attachment":"scroll","background-type":"","background-media":"","overlay-type":"","overlay-color":"","overlay-opacity":"","overlay-gradient":""},"tablet":{"background-color":"","background-image":"","background-repeat":"repeat","background-position":"center center","background-size":"auto","background-attachment":"scroll","background-type":"","background-media":"","overlay-type":"","overlay-color":"","overlay-opacity":"","overlay-gradient":""},"mobile":{"background-color":"","background-image":"","background-repeat":"repeat","background-position":"center center","background-size":"auto","background-attachment":"scroll","background-type":"","background-media":"","overlay-type":"","overlay-color":"","overlay-opacity":"","overlay-gradient":""}},"ast-content-background-meta":{"desktop":{"background-color":"var(--ast-global-color-5)","background-image":"","background-repeat":"repeat","background-position":"center center","background-size":"auto","background-attachment":"scroll","background-type":"","background-media":"","overlay-type":"","overlay-color":"","overlay-opacity":"","overlay-gradient":""},"tablet":{"background-color":"var(--ast-global-color-5)","background-image":"","background-repeat":"repeat","background-position":"center center","background-size":"auto","background-attachment":"scroll","background-type":"","background-media":"","overlay-type":"","overlay-color":"","overlay-opacity":"","overlay-gradient":""},"mobile":{"background-color":"var(--ast-global-color-5)","background-image":"","background-repeat":"repeat","background-position":"center center","background-size":"auto","background-attachment":"scroll","background-type":"","background-media":"","overlay-type":"","overlay-color":"","overlay-opacity":"","overlay-gradient":""}}},"product_brand":[],"product_cat":[38,41,104,100],"product_tag":[],"class_list":{"0":"post-2873","1":"product","2":"type-product","3":"status-publish","4":"has-post-thumbnail","6":"product_cat-test-measure","7":"product_cat-oscilloscope","8":"product_cat-micsig-oscilloscope","9":"product_cat-sto-sato","10":"desktop-align-left","11":"tablet-align-left","12":"mobile-align-left","13":"ast-product-gallery-layout-horizontal-slider","14":"ast-product-tabs-layout-horizontal","16":"first","17":"instock","18":"taxable","19":"shipping-taxable","20":"purchasable","21":"product-type-simple"},"yoast_head":"<!-- This site is optimized with the Yoast SEO plugin v26.2 - https:\/\/yoast.com\/wordpress\/plugins\/seo\/ -->\n<title>Micsig SATO1004 - Genatronik<\/title>\n<meta name=\"robots\" content=\"index, follow, max-snippet:-1, max-image-preview:large, max-video-preview:-1\" \/>\n<link rel=\"canonical\" href=\"https:\/\/genatronik.com\/fr\/product\/sato1004\/\" \/>\n<meta property=\"og:locale\" content=\"fr_FR\" \/>\n<meta property=\"og:type\" content=\"article\" \/>\n<meta property=\"og:title\" content=\"Micsig SATO1004 - Genatronik\" \/>\n<meta property=\"og:description\" content=\"4 channel Automotive Tablet Oscilloscope with 100 MHz Bandwidth, 1GSa\/s sample rate, 8 Bit A\/D converter, 70Mpts memory depth and Industrial 8&quot; 800 x 600 pixel TFT-LCD capacitive touch Display. The oscilloscope supports decoding for: RS-232\/422\/485\/UART, LIN, CAN, CAN FD, I\u00b2C, SPI.\" \/>\n<meta property=\"og:url\" content=\"https:\/\/genatronik.com\/fr\/product\/sato1004\/\" \/>\n<meta property=\"og:site_name\" content=\"Genatronik\" \/>\n<meta property=\"article:modified_time\" content=\"2025-04-25T16:22:25+00:00\" \/>\n<meta property=\"og:image\" content=\"https:\/\/genatronik.com\/wp-content\/uploads\/2024\/12\/sato-1.png\" \/>\n\t<meta property=\"og:image:width\" content=\"1600\" \/>\n\t<meta property=\"og:image:height\" content=\"1200\" \/>\n\t<meta property=\"og:image:type\" content=\"image\/png\" \/>\n<meta name=\"twitter:card\" content=\"summary_large_image\" \/>\n<meta name=\"twitter:label1\" content=\"Dur\u00e9e de lecture estim\u00e9e\" \/>\n\t<meta name=\"twitter:data1\" content=\"1 minute\" \/>\n<script type=\"application\/ld+json\" class=\"yoast-schema-graph\">{\"@context\":\"https:\/\/schema.org\",\"@graph\":[{\"@type\":\"WebPage\",\"@id\":\"https:\/\/genatronik.com\/en\/product\/sato1004\/\",\"url\":\"https:\/\/genatronik.com\/en\/product\/sato1004\/\",\"name\":\"Micsig SATO1004 - Genatronik\",\"isPartOf\":{\"@id\":\"https:\/\/genatronik.com\/en\/#website\"},\"primaryImageOfPage\":{\"@id\":\"https:\/\/genatronik.com\/en\/product\/sato1004\/#primaryimage\"},\"image\":{\"@id\":\"https:\/\/genatronik.com\/en\/product\/sato1004\/#primaryimage\"},\"thumbnailUrl\":\"https:\/\/genatronik.com\/wp-content\/uploads\/2024\/12\/sato-1.png\",\"datePublished\":\"2024-12-18T07:50:00+00:00\",\"dateModified\":\"2025-04-25T16:22:25+00:00\",\"breadcrumb\":{\"@id\":\"https:\/\/genatronik.com\/en\/product\/sato1004\/#breadcrumb\"},\"inLanguage\":\"fr-FR\",\"potentialAction\":[{\"@type\":\"ReadAction\",\"target\":[\"https:\/\/genatronik.com\/en\/product\/sato1004\/\"]}]},{\"@type\":\"ImageObject\",\"inLanguage\":\"fr-FR\",\"@id\":\"https:\/\/genatronik.com\/en\/product\/sato1004\/#primaryimage\",\"url\":\"https:\/\/genatronik.com\/wp-content\/uploads\/2024\/12\/sato-1.png\",\"contentUrl\":\"https:\/\/genatronik.com\/wp-content\/uploads\/2024\/12\/sato-1.png\",\"width\":1600,\"height\":1200},{\"@type\":\"BreadcrumbList\",\"@id\":\"https:\/\/genatronik.com\/en\/product\/sato1004\/#breadcrumb\",\"itemListElement\":[{\"@type\":\"ListItem\",\"position\":1,\"name\":\"Home\",\"item\":\"https:\/\/genatronik.com\/\"},{\"@type\":\"ListItem\",\"position\":2,\"name\":\"Produkte\",\"item\":\"https:\/\/genatronik.com\/de\/shop\/\"},{\"@type\":\"ListItem\",\"position\":3,\"name\":\"Products\",\"item\":\"https:\/\/genatronik.com\/product-category\/products\/\"},{\"@type\":\"ListItem\",\"position\":4,\"name\":\"Test &amp; Measure\",\"item\":\"https:\/\/genatronik.com\/product-category\/products\/test-measure\/\"},{\"@type\":\"ListItem\",\"position\":5,\"name\":\"Oscilloscope\",\"item\":\"https:\/\/genatronik.com\/product-category\/products\/test-measure\/oscilloscope\/\"},{\"@type\":\"ListItem\",\"position\":6,\"name\":\"Micsig Oscilloscope\",\"item\":\"https:\/\/genatronik.com\/fr\/product-category\/produits\/test-mesure\/oscilloscope\/oscilloscope-micsig\/\"},{\"@type\":\"ListItem\",\"position\":7,\"name\":\"STO\/SATO\",\"item\":\"https:\/\/genatronik.com\/en\/product-category\/products\/test-measure\/oscilloscope\/micsig-oscilloscope\/sto-sato\/\"},{\"@type\":\"ListItem\",\"position\":8,\"name\":\"Micsig SATO1004\"}]},{\"@type\":\"WebSite\",\"@id\":\"https:\/\/genatronik.com\/en\/#website\",\"url\":\"https:\/\/genatronik.com\/en\/\",\"name\":\"Genatronik\",\"description\":\"Advanced Devices. Reliable Service.\",\"publisher\":{\"@id\":\"https:\/\/genatronik.com\/en\/#organization\"},\"potentialAction\":[{\"@type\":\"SearchAction\",\"target\":{\"@type\":\"EntryPoint\",\"urlTemplate\":\"https:\/\/genatronik.com\/en\/?s={search_term_string}\"},\"query-input\":{\"@type\":\"PropertyValueSpecification\",\"valueRequired\":true,\"valueName\":\"search_term_string\"}}],\"inLanguage\":\"fr-FR\"},{\"@type\":\"Organization\",\"@id\":\"https:\/\/genatronik.com\/en\/#organization\",\"name\":\"Genatronik\",\"url\":\"https:\/\/genatronik.com\/en\/\",\"logo\":{\"@type\":\"ImageObject\",\"inLanguage\":\"fr-FR\",\"@id\":\"https:\/\/genatronik.com\/en\/#\/schema\/logo\/image\/\",\"url\":\"https:\/\/genatronik.com\/wp-content\/uploads\/2025\/05\/genatronik_logo_header-scaled.png\",\"contentUrl\":\"https:\/\/genatronik.com\/wp-content\/uploads\/2025\/05\/genatronik_logo_header-scaled.png\",\"width\":2560,\"height\":448,\"caption\":\"Genatronik\"},\"image\":{\"@id\":\"https:\/\/genatronik.com\/en\/#\/schema\/logo\/image\/\"}}]}<\/script>\n<!-- \/ Yoast SEO plugin. -->","yoast_head_json":{"title":"Micsig SATO1004 - Genatronik","robots":{"index":"index","follow":"follow","max-snippet":"max-snippet:-1","max-image-preview":"max-image-preview:large","max-video-preview":"max-video-preview:-1"},"canonical":"https:\/\/genatronik.com\/fr\/product\/sato1004\/","og_locale":"fr_FR","og_type":"article","og_title":"Micsig SATO1004 - Genatronik","og_description":"4 channel Automotive Tablet Oscilloscope with 100 MHz Bandwidth, 1GSa\/s sample rate, 8 Bit A\/D converter, 70Mpts memory depth and Industrial 8\" 800 x 600 pixel TFT-LCD capacitive touch Display. The oscilloscope supports decoding for: RS-232\/422\/485\/UART, LIN, CAN, CAN FD, I\u00b2C, SPI.","og_url":"https:\/\/genatronik.com\/fr\/product\/sato1004\/","og_site_name":"Genatronik","article_modified_time":"2025-04-25T16:22:25+00:00","og_image":[{"width":1600,"height":1200,"url":"https:\/\/genatronik.com\/wp-content\/uploads\/2024\/12\/sato-1.png","type":"image\/png"}],"twitter_card":"summary_large_image","twitter_misc":{"Dur\u00e9e de lecture estim\u00e9e":"1 minute"},"schema":{"@context":"https:\/\/schema.org","@graph":[{"@type":"WebPage","@id":"https:\/\/genatronik.com\/en\/product\/sato1004\/","url":"https:\/\/genatronik.com\/en\/product\/sato1004\/","name":"Micsig SATO1004 - Genatronik","isPartOf":{"@id":"https:\/\/genatronik.com\/en\/#website"},"primaryImageOfPage":{"@id":"https:\/\/genatronik.com\/en\/product\/sato1004\/#primaryimage"},"image":{"@id":"https:\/\/genatronik.com\/en\/product\/sato1004\/#primaryimage"},"thumbnailUrl":"https:\/\/genatronik.com\/wp-content\/uploads\/2024\/12\/sato-1.png","datePublished":"2024-12-18T07:50:00+00:00","dateModified":"2025-04-25T16:22:25+00:00","breadcrumb":{"@id":"https:\/\/genatronik.com\/en\/product\/sato1004\/#breadcrumb"},"inLanguage":"fr-FR","potentialAction":[{"@type":"ReadAction","target":["https:\/\/genatronik.com\/en\/product\/sato1004\/"]}]},{"@type":"ImageObject","inLanguage":"fr-FR","@id":"https:\/\/genatronik.com\/en\/product\/sato1004\/#primaryimage","url":"https:\/\/genatronik.com\/wp-content\/uploads\/2024\/12\/sato-1.png","contentUrl":"https:\/\/genatronik.com\/wp-content\/uploads\/2024\/12\/sato-1.png","width":1600,"height":1200},{"@type":"BreadcrumbList","@id":"https:\/\/genatronik.com\/en\/product\/sato1004\/#breadcrumb","itemListElement":[{"@type":"ListItem","position":1,"name":"Home","item":"https:\/\/genatronik.com\/"},{"@type":"ListItem","position":2,"name":"Produkte","item":"https:\/\/genatronik.com\/de\/shop\/"},{"@type":"ListItem","position":3,"name":"Products","item":"https:\/\/genatronik.com\/product-category\/products\/"},{"@type":"ListItem","position":4,"name":"Test &amp; Measure","item":"https:\/\/genatronik.com\/product-category\/products\/test-measure\/"},{"@type":"ListItem","position":5,"name":"Oscilloscope","item":"https:\/\/genatronik.com\/product-category\/products\/test-measure\/oscilloscope\/"},{"@type":"ListItem","position":6,"name":"Micsig Oscilloscope","item":"https:\/\/genatronik.com\/fr\/product-category\/produits\/test-mesure\/oscilloscope\/oscilloscope-micsig\/"},{"@type":"ListItem","position":7,"name":"STO\/SATO","item":"https:\/\/genatronik.com\/en\/product-category\/products\/test-measure\/oscilloscope\/micsig-oscilloscope\/sto-sato\/"},{"@type":"ListItem","position":8,"name":"Micsig SATO1004"}]},{"@type":"WebSite","@id":"https:\/\/genatronik.com\/en\/#website","url":"https:\/\/genatronik.com\/en\/","name":"Genatronik","description":"Dispositifs avanc\u00e9s. Un service fiable.","publisher":{"@id":"https:\/\/genatronik.com\/en\/#organization"},"potentialAction":[{"@type":"SearchAction","target":{"@type":"EntryPoint","urlTemplate":"https:\/\/genatronik.com\/en\/?s={search_term_string}"},"query-input":{"@type":"PropertyValueSpecification","valueRequired":true,"valueName":"search_term_string"}}],"inLanguage":"fr-FR"},{"@type":"Organization","@id":"https:\/\/genatronik.com\/en\/#organization","name":"Genatronik","url":"https:\/\/genatronik.com\/en\/","logo":{"@type":"ImageObject","inLanguage":"fr-FR","@id":"https:\/\/genatronik.com\/en\/#\/schema\/logo\/image\/","url":"https:\/\/genatronik.com\/wp-content\/uploads\/2025\/05\/genatronik_logo_header-scaled.png","contentUrl":"https:\/\/genatronik.com\/wp-content\/uploads\/2025\/05\/genatronik_logo_header-scaled.png","width":2560,"height":448,"caption":"Genatronik"},"image":{"@id":"https:\/\/genatronik.com\/en\/#\/schema\/logo\/image\/"}}]}},"uagb_featured_image_src":{"full":["https:\/\/genatronik.com\/wp-content\/uploads\/2024\/12\/sato-1.png",1600,1200,false],"thumbnail":["https:\/\/genatronik.com\/wp-content\/uploads\/2024\/12\/sato-1-150x150.png",150,150,true],"medium":["https:\/\/genatronik.com\/wp-content\/uploads\/2024\/12\/sato-1-300x225.png",300,225,true],"medium_large":["https:\/\/genatronik.com\/wp-content\/uploads\/2024\/12\/sato-1-768x576.png",768,576,true],"large":["https:\/\/genatronik.com\/wp-content\/uploads\/2024\/12\/sato-1-1024x768.png",1024,768,true],"1536x1536":["https:\/\/genatronik.com\/wp-content\/uploads\/2024\/12\/sato-1-1536x1152.png",1536,1152,true],"2048x2048":["https:\/\/genatronik.com\/wp-content\/uploads\/2024\/12\/sato-1.png",1600,1200,false],"trp-custom-language-flag":["https:\/\/genatronik.com\/wp-content\/uploads\/2024\/12\/sato-1-16x12.png",16,12,true],"tp-image-grid":["https:\/\/genatronik.com\/wp-content\/uploads\/2024\/12\/sato-1-700x700.png",700,700,true],"woocommerce_thumbnail":["https:\/\/genatronik.com\/wp-content\/uploads\/2024\/12\/sato-1-300x225.png",300,225,true],"woocommerce_single":["https:\/\/genatronik.com\/wp-content\/uploads\/2024\/12\/sato-1-600x450.png",600,450,true],"woocommerce_gallery_thumbnail":["https:\/\/genatronik.com\/wp-content\/uploads\/2024\/12\/sato-1-100x100.png",100,100,true]},"uagb_author_info":{"display_name":"guanyuan zhu","author_link":"https:\/\/genatronik.com\/fr\/author\/"},"uagb_comment_info":0,"uagb_excerpt":"4 channel Automotive Tablet Oscilloscope with 100 MHz Bandwidth, 1GSa\/s sample rate, 8 Bit A\/D converter, 70Mpts memory depth and Industrial 8\" 800 x 600 pixel TFT-LCD capacitive touch Display. The oscilloscope supports decoding for: RS-232\/422\/485\/UART, LIN, CAN, CAN FD, I\u00b2C, SPI.","jetpack_sharing_enabled":true,"_links":{"self":[{"href":"https:\/\/genatronik.com\/fr\/wp-json\/wp\/v2\/product\/2873","targetHints":{"allow":["GET"]}}],"collection":[{"href":"https:\/\/genatronik.com\/fr\/wp-json\/wp\/v2\/product"}],"about":[{"href":"https:\/\/genatronik.com\/fr\/wp-json\/wp\/v2\/types\/product"}],"replies":[{"embeddable":true,"href":"https:\/\/genatronik.com\/fr\/wp-json\/wp\/v2\/comments?post=2873"}],"version-history":[{"count":6,"href":"https:\/\/genatronik.com\/fr\/wp-json\/wp\/v2\/product\/2873\/revisions"}],"predecessor-version":[{"id":3122,"href":"https:\/\/genatronik.com\/fr\/wp-json\/wp\/v2\/product\/2873\/revisions\/3122"}],"wp:featuredmedia":[{"embeddable":true,"href":"https:\/\/genatronik.com\/fr\/wp-json\/wp\/v2\/media\/4108"}],"wp:attachment":[{"href":"https:\/\/genatronik.com\/fr\/wp-json\/wp\/v2\/media?parent=2873"}],"wp:term":[{"taxonomy":"product_brand","embeddable":true,"href":"https:\/\/genatronik.com\/fr\/wp-json\/wp\/v2\/product_brand?post=2873"},{"taxonomy":"product_cat","embeddable":true,"href":"https:\/\/genatronik.com\/fr\/wp-json\/wp\/v2\/product_cat?post=2873"},{"taxonomy":"product_tag","embeddable":true,"href":"https:\/\/genatronik.com\/fr\/wp-json\/wp\/v2\/product_tag?post=2873"}],"curies":[{"name":"wp","href":"https:\/\/api.w.org\/{rel}","templated":true}]}}