{"id":2840,"date":"2024-12-18T06:41:50","date_gmt":"2024-12-17T22:41:50","guid":{"rendered":"https:\/\/genatronik.com\/?post_type=product&#038;p=2840"},"modified":"2025-04-25T18:29:33","modified_gmt":"2025-04-25T16:29:33","slug":"mdo2504","status":"publish","type":"product","link":"https:\/\/genatronik.com\/fr\/product\/mdo2504\/","title":{"rendered":"Micsig MDO2504"},"content":{"rendered":"<p>La s\u00e9rie MDO est l'oscilloscope de stockage num\u00e9rique de 5\u00e8me g\u00e9n\u00e9ration de Micsig, avec une bande passante de 500 MHz, un taux d'\u00e9chantillonnage de 3 GSa\/s, 4 canaux analogiques et une profondeur m\u00e9moire de 360 Mpts ; son corps ultra-mince de 3,58 cm prend en charge le montage mural\/sur bras, \u00e9conomisant consid\u00e9rablement l'espace sur le bureau ; un \u00e9cran tactile int\u00e9gr\u00e9 de 14 pouces avec une r\u00e9solution de 1920 x 1200 offre un affichage de forme d'onde d'une clart\u00e9 ultime.<br \/>\nIl est aliment\u00e9 par le syst\u00e8me multit\u00e2che SigtestUI\u2122, qui offre une interface utilisateur con\u00e7ue sp\u00e9cifiquement pour les instruments de test, permettant un fonctionnement aussi intuitif que l'utilisation d'un smartphone, facilitant ainsi grandement le diagnostic automobile.<\/p>\n<p>Caract\u00e9ristiques MDO<br \/>\nCanal : 4<br \/>\nLargeur de bande : 250 \/ 350 \/ 500 MHz<br \/>\nTaux d'\u00e9chantillonnage : 3 GSa\/s<br \/>\nTaux de capture de forme d'onde maximum : 230 000 wfms<br \/>\nProfondeur de m\u00e9moire : 360 Mpts<br \/>\nStockage : Int\u00e9gr\u00e9e 32GB<\/p>\n<p>Largeur de bande Canal Temps de mont\u00e9e (typ.)<br \/>\nMDO2504 250 MHz 4 canaux \u2264 1,4 ns<br \/>\nMDO3504 350 MHz 4CH \u2264 1 ns<br \/>\nMDO5004 500 MHz 4 canaux \u2264 0,7 ns<\/p>","protected":false},"excerpt":{"rendered":"<p>Oscilloscope num\u00e9rique \u00e0 4 canaux avec une bande passante de 250 MHz, un taux d'\u00e9chantillonnage de 3GSa\/s, un convertisseur A\/D de 8 bits, une profondeur de m\u00e9moire de 360Mpts et un \u00e9cran tactile TFT capacitif de 14 pouces 1920 x 1200 pixels. L'oscilloscope prend en charge le d\u00e9codage pour : RS-232\/422\/485\/UART, CAN, CAN FD, LIN, SPI, I\u00b2C, ARINC-429, MIL-STD-1553B.<\/p>","protected":false},"featured_media":4078,"comment_status":"open","ping_status":"closed","template":"","meta":{"_surecart_dashboard_logo_width":"180px","_surecart_dashboard_show_logo":true,"_surecart_dashboard_navigation_orders":true,"_surecart_dashboard_navigation_invoices":true,"_surecart_dashboard_navigation_subscriptions":true,"_surecart_dashboard_navigation_downloads":true,"_surecart_dashboard_navigation_billing":true,"_surecart_dashboard_navigation_account":true,"_uag_custom_page_level_css":"","site-sidebar-layout":"default","site-content-layout":"","ast-site-content-layout":"default","site-content-style":"default","site-sidebar-style":"default","ast-global-header-display":"","ast-banner-title-visibility":"","ast-main-header-display":"","ast-hfb-above-header-display":"","ast-hfb-below-header-display":"","ast-hfb-mobile-header-display":"","site-post-title":"","ast-breadcrumbs-content":"","ast-featured-img":"","footer-sml-layout":"","ast-disable-related-posts":"","theme-transparent-header-meta":"default","adv-header-id-meta":"","stick-header-meta":"default","header-above-stick-meta":"","header-main-stick-meta":"","header-below-stick-meta":"","astra-migrate-meta-layouts":"set","ast-page-background-enabled":"default","ast-page-background-meta":{"desktop":{"background-color":"var(--ast-global-color-4)","background-image":"","background-repeat":"repeat","background-position":"center center","background-size":"auto","background-attachment":"scroll","background-type":"","background-media":"","overlay-type":"","overlay-color":"","overlay-opacity":"","overlay-gradient":""},"tablet":{"background-color":"","background-image":"","background-repeat":"repeat","background-position":"center center","background-size":"auto","background-attachment":"scroll","background-type":"","background-media":"","overlay-type":"","overlay-color":"","overlay-opacity":"","overlay-gradient":""},"mobile":{"background-color":"","background-image":"","background-repeat":"repeat","background-position":"center center","background-size":"auto","background-attachment":"scroll","background-type":"","background-media":"","overlay-type":"","overlay-color":"","overlay-opacity":"","overlay-gradient":""}},"ast-content-background-meta":{"desktop":{"background-color":"var(--ast-global-color-5)","background-image":"","background-repeat":"repeat","background-position":"center center","background-size":"auto","background-attachment":"scroll","background-type":"","background-media":"","overlay-type":"","overlay-color":"","overlay-opacity":"","overlay-gradient":""},"tablet":{"background-color":"var(--ast-global-color-5)","background-image":"","background-repeat":"repeat","background-position":"center center","background-size":"auto","background-attachment":"scroll","background-type":"","background-media":"","overlay-type":"","overlay-color":"","overlay-opacity":"","overlay-gradient":""},"mobile":{"background-color":"var(--ast-global-color-5)","background-image":"","background-repeat":"repeat","background-position":"center center","background-size":"auto","background-attachment":"scroll","background-type":"","background-media":"","overlay-type":"","overlay-color":"","overlay-opacity":"","overlay-gradient":""}}},"product_brand":[],"product_cat":[38,41,104,97],"product_tag":[],"class_list":{"0":"post-2840","1":"product","2":"type-product","3":"status-publish","4":"has-post-thumbnail","6":"product_cat-test-measure","7":"product_cat-oscilloscope","8":"product_cat-micsig-oscilloscope","9":"product_cat-mdo","10":"desktop-align-left","11":"tablet-align-left","12":"mobile-align-left","13":"ast-product-gallery-layout-horizontal-slider","14":"ast-product-tabs-layout-horizontal","16":"first","17":"instock","18":"taxable","19":"shipping-taxable","20":"purchasable","21":"product-type-simple"},"yoast_head":"<!-- This site is optimized with the Yoast SEO plugin v26.2 - https:\/\/yoast.com\/wordpress\/plugins\/seo\/ -->\n<title>Micsig MDO2504 - Genatronik<\/title>\n<meta name=\"robots\" content=\"index, follow, max-snippet:-1, max-image-preview:large, max-video-preview:-1\" \/>\n<link rel=\"canonical\" href=\"https:\/\/genatronik.com\/fr\/product\/mdo2504\/\" \/>\n<meta property=\"og:locale\" content=\"fr_FR\" \/>\n<meta property=\"og:type\" content=\"article\" \/>\n<meta property=\"og:title\" content=\"Micsig MDO2504 - Genatronik\" \/>\n<meta property=\"og:description\" content=\"4 channel Digital Storage Oscilloscope with 250 MHz Bandwidth, 3GSa\/s sample rate, 8 Bit A\/D converter, 360Mpts memory depth and 14 Inch 1920 x 1200 pixel capacitive TFT touch Display. The oscilloscope supports decoding for: RS-232\/422\/485\/UART, CAN, CAN FD, LIN, SPI, I\u00b2C, ARINC-429, MIL-STD-1553B.\" \/>\n<meta property=\"og:url\" content=\"https:\/\/genatronik.com\/fr\/product\/mdo2504\/\" \/>\n<meta property=\"og:site_name\" content=\"Genatronik\" \/>\n<meta property=\"article:modified_time\" content=\"2025-04-25T16:29:33+00:00\" \/>\n<meta property=\"og:image\" content=\"https:\/\/genatronik.com\/wp-content\/uploads\/2024\/12\/mdo-1.png\" \/>\n\t<meta property=\"og:image:width\" content=\"1600\" \/>\n\t<meta property=\"og:image:height\" content=\"1200\" \/>\n\t<meta property=\"og:image:type\" content=\"image\/png\" \/>\n<meta name=\"twitter:card\" content=\"summary_large_image\" \/>\n<meta name=\"twitter:label1\" content=\"Dur\u00e9e de lecture estim\u00e9e\" \/>\n\t<meta name=\"twitter:data1\" content=\"1 minute\" \/>\n<script type=\"application\/ld+json\" class=\"yoast-schema-graph\">{\"@context\":\"https:\/\/schema.org\",\"@graph\":[{\"@type\":\"WebPage\",\"@id\":\"https:\/\/genatronik.com\/en\/product\/mdo2504\/\",\"url\":\"https:\/\/genatronik.com\/en\/product\/mdo2504\/\",\"name\":\"Micsig MDO2504 - Genatronik\",\"isPartOf\":{\"@id\":\"https:\/\/genatronik.com\/en\/#website\"},\"primaryImageOfPage\":{\"@id\":\"https:\/\/genatronik.com\/en\/product\/mdo2504\/#primaryimage\"},\"image\":{\"@id\":\"https:\/\/genatronik.com\/en\/product\/mdo2504\/#primaryimage\"},\"thumbnailUrl\":\"https:\/\/genatronik.com\/wp-content\/uploads\/2024\/12\/mdo-1.png\",\"datePublished\":\"2024-12-17T22:41:50+00:00\",\"dateModified\":\"2025-04-25T16:29:33+00:00\",\"breadcrumb\":{\"@id\":\"https:\/\/genatronik.com\/en\/product\/mdo2504\/#breadcrumb\"},\"inLanguage\":\"fr-FR\",\"potentialAction\":[{\"@type\":\"ReadAction\",\"target\":[\"https:\/\/genatronik.com\/en\/product\/mdo2504\/\"]}]},{\"@type\":\"ImageObject\",\"inLanguage\":\"fr-FR\",\"@id\":\"https:\/\/genatronik.com\/en\/product\/mdo2504\/#primaryimage\",\"url\":\"https:\/\/genatronik.com\/wp-content\/uploads\/2024\/12\/mdo-1.png\",\"contentUrl\":\"https:\/\/genatronik.com\/wp-content\/uploads\/2024\/12\/mdo-1.png\",\"width\":1600,\"height\":1200},{\"@type\":\"BreadcrumbList\",\"@id\":\"https:\/\/genatronik.com\/en\/product\/mdo2504\/#breadcrumb\",\"itemListElement\":[{\"@type\":\"ListItem\",\"position\":1,\"name\":\"Home\",\"item\":\"https:\/\/genatronik.com\/\"},{\"@type\":\"ListItem\",\"position\":2,\"name\":\"Produkte\",\"item\":\"https:\/\/genatronik.com\/de\/shop\/\"},{\"@type\":\"ListItem\",\"position\":3,\"name\":\"Products\",\"item\":\"https:\/\/genatronik.com\/product-category\/products\/\"},{\"@type\":\"ListItem\",\"position\":4,\"name\":\"Test &amp; Measure\",\"item\":\"https:\/\/genatronik.com\/product-category\/products\/test-measure\/\"},{\"@type\":\"ListItem\",\"position\":5,\"name\":\"Oscilloscope\",\"item\":\"https:\/\/genatronik.com\/product-category\/products\/test-measure\/oscilloscope\/\"},{\"@type\":\"ListItem\",\"position\":6,\"name\":\"Micsig Oscilloscope\",\"item\":\"https:\/\/genatronik.com\/fr\/product-category\/produits\/test-mesure\/oscilloscope\/oscilloscope-micsig\/\"},{\"@type\":\"ListItem\",\"position\":7,\"name\":\"MDO\",\"item\":\"https:\/\/genatronik.com\/en\/product-category\/products\/test-measure\/oscilloscope\/micsig-oscilloscope\/mdo\/\"},{\"@type\":\"ListItem\",\"position\":8,\"name\":\"Micsig MDO2504\"}]},{\"@type\":\"WebSite\",\"@id\":\"https:\/\/genatronik.com\/en\/#website\",\"url\":\"https:\/\/genatronik.com\/en\/\",\"name\":\"Genatronik\",\"description\":\"Advanced Devices. Reliable Service.\",\"publisher\":{\"@id\":\"https:\/\/genatronik.com\/en\/#organization\"},\"potentialAction\":[{\"@type\":\"SearchAction\",\"target\":{\"@type\":\"EntryPoint\",\"urlTemplate\":\"https:\/\/genatronik.com\/en\/?s={search_term_string}\"},\"query-input\":{\"@type\":\"PropertyValueSpecification\",\"valueRequired\":true,\"valueName\":\"search_term_string\"}}],\"inLanguage\":\"fr-FR\"},{\"@type\":\"Organization\",\"@id\":\"https:\/\/genatronik.com\/en\/#organization\",\"name\":\"Genatronik\",\"url\":\"https:\/\/genatronik.com\/en\/\",\"logo\":{\"@type\":\"ImageObject\",\"inLanguage\":\"fr-FR\",\"@id\":\"https:\/\/genatronik.com\/en\/#\/schema\/logo\/image\/\",\"url\":\"https:\/\/genatronik.com\/wp-content\/uploads\/2025\/05\/genatronik_logo_header-scaled.png\",\"contentUrl\":\"https:\/\/genatronik.com\/wp-content\/uploads\/2025\/05\/genatronik_logo_header-scaled.png\",\"width\":2560,\"height\":448,\"caption\":\"Genatronik\"},\"image\":{\"@id\":\"https:\/\/genatronik.com\/en\/#\/schema\/logo\/image\/\"}}]}<\/script>\n<!-- \/ Yoast SEO plugin. -->","yoast_head_json":{"title":"Micsig MDO2504 - Genatronik","robots":{"index":"index","follow":"follow","max-snippet":"max-snippet:-1","max-image-preview":"max-image-preview:large","max-video-preview":"max-video-preview:-1"},"canonical":"https:\/\/genatronik.com\/fr\/product\/mdo2504\/","og_locale":"fr_FR","og_type":"article","og_title":"Micsig MDO2504 - Genatronik","og_description":"4 channel Digital Storage Oscilloscope with 250 MHz Bandwidth, 3GSa\/s sample rate, 8 Bit A\/D converter, 360Mpts memory depth and 14 Inch 1920 x 1200 pixel capacitive TFT touch Display. The oscilloscope supports decoding for: RS-232\/422\/485\/UART, CAN, CAN FD, LIN, SPI, I\u00b2C, ARINC-429, MIL-STD-1553B.","og_url":"https:\/\/genatronik.com\/fr\/product\/mdo2504\/","og_site_name":"Genatronik","article_modified_time":"2025-04-25T16:29:33+00:00","og_image":[{"width":1600,"height":1200,"url":"https:\/\/genatronik.com\/wp-content\/uploads\/2024\/12\/mdo-1.png","type":"image\/png"}],"twitter_card":"summary_large_image","twitter_misc":{"Dur\u00e9e de lecture estim\u00e9e":"1 minute"},"schema":{"@context":"https:\/\/schema.org","@graph":[{"@type":"WebPage","@id":"https:\/\/genatronik.com\/en\/product\/mdo2504\/","url":"https:\/\/genatronik.com\/en\/product\/mdo2504\/","name":"Micsig MDO2504 - Genatronik","isPartOf":{"@id":"https:\/\/genatronik.com\/en\/#website"},"primaryImageOfPage":{"@id":"https:\/\/genatronik.com\/en\/product\/mdo2504\/#primaryimage"},"image":{"@id":"https:\/\/genatronik.com\/en\/product\/mdo2504\/#primaryimage"},"thumbnailUrl":"https:\/\/genatronik.com\/wp-content\/uploads\/2024\/12\/mdo-1.png","datePublished":"2024-12-17T22:41:50+00:00","dateModified":"2025-04-25T16:29:33+00:00","breadcrumb":{"@id":"https:\/\/genatronik.com\/en\/product\/mdo2504\/#breadcrumb"},"inLanguage":"fr-FR","potentialAction":[{"@type":"ReadAction","target":["https:\/\/genatronik.com\/en\/product\/mdo2504\/"]}]},{"@type":"ImageObject","inLanguage":"fr-FR","@id":"https:\/\/genatronik.com\/en\/product\/mdo2504\/#primaryimage","url":"https:\/\/genatronik.com\/wp-content\/uploads\/2024\/12\/mdo-1.png","contentUrl":"https:\/\/genatronik.com\/wp-content\/uploads\/2024\/12\/mdo-1.png","width":1600,"height":1200},{"@type":"BreadcrumbList","@id":"https:\/\/genatronik.com\/en\/product\/mdo2504\/#breadcrumb","itemListElement":[{"@type":"ListItem","position":1,"name":"Home","item":"https:\/\/genatronik.com\/"},{"@type":"ListItem","position":2,"name":"Produkte","item":"https:\/\/genatronik.com\/de\/shop\/"},{"@type":"ListItem","position":3,"name":"Products","item":"https:\/\/genatronik.com\/product-category\/products\/"},{"@type":"ListItem","position":4,"name":"Test &amp; Measure","item":"https:\/\/genatronik.com\/product-category\/products\/test-measure\/"},{"@type":"ListItem","position":5,"name":"Oscilloscope","item":"https:\/\/genatronik.com\/product-category\/products\/test-measure\/oscilloscope\/"},{"@type":"ListItem","position":6,"name":"Micsig Oscilloscope","item":"https:\/\/genatronik.com\/fr\/product-category\/produits\/test-mesure\/oscilloscope\/oscilloscope-micsig\/"},{"@type":"ListItem","position":7,"name":"MDO","item":"https:\/\/genatronik.com\/en\/product-category\/products\/test-measure\/oscilloscope\/micsig-oscilloscope\/mdo\/"},{"@type":"ListItem","position":8,"name":"Micsig MDO2504"}]},{"@type":"WebSite","@id":"https:\/\/genatronik.com\/en\/#website","url":"https:\/\/genatronik.com\/en\/","name":"Genatronik","description":"Dispositifs avanc\u00e9s. Un service fiable.","publisher":{"@id":"https:\/\/genatronik.com\/en\/#organization"},"potentialAction":[{"@type":"SearchAction","target":{"@type":"EntryPoint","urlTemplate":"https:\/\/genatronik.com\/en\/?s={search_term_string}"},"query-input":{"@type":"PropertyValueSpecification","valueRequired":true,"valueName":"search_term_string"}}],"inLanguage":"fr-FR"},{"@type":"Organization","@id":"https:\/\/genatronik.com\/en\/#organization","name":"Genatronik","url":"https:\/\/genatronik.com\/en\/","logo":{"@type":"ImageObject","inLanguage":"fr-FR","@id":"https:\/\/genatronik.com\/en\/#\/schema\/logo\/image\/","url":"https:\/\/genatronik.com\/wp-content\/uploads\/2025\/05\/genatronik_logo_header-scaled.png","contentUrl":"https:\/\/genatronik.com\/wp-content\/uploads\/2025\/05\/genatronik_logo_header-scaled.png","width":2560,"height":448,"caption":"Genatronik"},"image":{"@id":"https:\/\/genatronik.com\/en\/#\/schema\/logo\/image\/"}}]}},"uagb_featured_image_src":{"full":["https:\/\/genatronik.com\/wp-content\/uploads\/2024\/12\/mdo-1.png",1600,1200,false],"thumbnail":["https:\/\/genatronik.com\/wp-content\/uploads\/2024\/12\/mdo-1.png",150,113,false],"medium":["https:\/\/genatronik.com\/wp-content\/uploads\/2024\/12\/mdo-1.png",300,225,false],"medium_large":["https:\/\/genatronik.com\/wp-content\/uploads\/2024\/12\/mdo-1.png",768,576,false],"large":["https:\/\/genatronik.com\/wp-content\/uploads\/2024\/12\/mdo-1.png",1024,768,false],"1536x1536":["https:\/\/genatronik.com\/wp-content\/uploads\/2024\/12\/mdo-1.png",1536,1152,false],"2048x2048":["https:\/\/genatronik.com\/wp-content\/uploads\/2024\/12\/mdo-1.png",1600,1200,false],"trp-custom-language-flag":["https:\/\/genatronik.com\/wp-content\/uploads\/2024\/12\/mdo-1.png",16,12,false],"tp-image-grid":["https:\/\/genatronik.com\/wp-content\/uploads\/2024\/12\/mdo-1.png",700,525,false],"woocommerce_thumbnail":["https:\/\/genatronik.com\/wp-content\/uploads\/2024\/12\/mdo-1.png",300,225,false],"woocommerce_single":["https:\/\/genatronik.com\/wp-content\/uploads\/2024\/12\/mdo-1.png",600,450,false],"woocommerce_gallery_thumbnail":["https:\/\/genatronik.com\/wp-content\/uploads\/2024\/12\/mdo-1-100x100.png",100,100,true]},"uagb_author_info":{"display_name":"guanyuan zhu","author_link":"https:\/\/genatronik.com\/fr\/author\/"},"uagb_comment_info":0,"uagb_excerpt":"4 channel Digital Storage Oscilloscope with 250 MHz Bandwidth, 3GSa\/s sample rate, 8 Bit A\/D converter, 360Mpts memory depth and 14 Inch 1920 x 1200 pixel capacitive TFT touch Display. The oscilloscope supports decoding for: RS-232\/422\/485\/UART, CAN, CAN FD, LIN, SPI, I\u00b2C, ARINC-429, MIL-STD-1553B.","jetpack_sharing_enabled":true,"_links":{"self":[{"href":"https:\/\/genatronik.com\/fr\/wp-json\/wp\/v2\/product\/2840","targetHints":{"allow":["GET"]}}],"collection":[{"href":"https:\/\/genatronik.com\/fr\/wp-json\/wp\/v2\/product"}],"about":[{"href":"https:\/\/genatronik.com\/fr\/wp-json\/wp\/v2\/types\/product"}],"replies":[{"embeddable":true,"href":"https:\/\/genatronik.com\/fr\/wp-json\/wp\/v2\/comments?post=2840"}],"version-history":[{"count":8,"href":"https:\/\/genatronik.com\/fr\/wp-json\/wp\/v2\/product\/2840\/revisions"}],"predecessor-version":[{"id":6722,"href":"https:\/\/genatronik.com\/fr\/wp-json\/wp\/v2\/product\/2840\/revisions\/6722"}],"wp:featuredmedia":[{"embeddable":true,"href":"https:\/\/genatronik.com\/fr\/wp-json\/wp\/v2\/media\/4078"}],"wp:attachment":[{"href":"https:\/\/genatronik.com\/fr\/wp-json\/wp\/v2\/media?parent=2840"}],"wp:term":[{"taxonomy":"product_brand","embeddable":true,"href":"https:\/\/genatronik.com\/fr\/wp-json\/wp\/v2\/product_brand?post=2840"},{"taxonomy":"product_cat","embeddable":true,"href":"https:\/\/genatronik.com\/fr\/wp-json\/wp\/v2\/product_cat?post=2840"},{"taxonomy":"product_tag","embeddable":true,"href":"https:\/\/genatronik.com\/fr\/wp-json\/wp\/v2\/product_tag?post=2840"}],"curies":[{"name":"wp","href":"https:\/\/api.w.org\/{rel}","templated":true}]}}