{"id":2832,"date":"2024-12-18T06:33:25","date_gmt":"2024-12-17T22:33:25","guid":{"rendered":"https:\/\/genatronik.com\/?post_type=product&#038;p=2832"},"modified":"2025-04-25T18:31:42","modified_gmt":"2025-04-25T16:31:42","slug":"mho14-200","status":"publish","type":"product","link":"https:\/\/genatronik.com\/fr\/product\/mho14-200\/","title":{"rendered":"Micsig MHO14-200"},"content":{"rendered":"<p>La s\u00e9rie Micsig MHO1 est un oscilloscope professionnel ultra-portable \u00e0 haute r\u00e9solution, \u00e9quip\u00e9 d'un CAN 12 bits de haute pr\u00e9cision, avec une bande passante allant jusqu'\u00e0 200 MHz, 4 canaux analogiques, un taux d'\u00e9chantillonnage en temps r\u00e9el de 1GSa\/s, et une profondeur de stockage de 110 Mpts.<br \/>\nCes param\u00e8tres tr\u00e8s performants garantissent la pr\u00e9cision de chaque mesure et constituent une base solide pour une analyse approfondie des signaux. Avec une \u00e9paisseur de seulement 3,1 cm, il peut \u00eatre facilement plac\u00e9 dans un sac \u00e0 dos pour des tests efficaces \u00e0 tout moment et en tout lieu. Il est \u00e9quip\u00e9 d'un \u00e9cran tactile antireflet haute d\u00e9finition de 8 pouces avec une r\u00e9solution allant jusqu'\u00e0 1280*800, offrant une image d\u00e9licate et claire et un toucher r\u00e9actif, apportant aux utilisateurs une exp\u00e9rience d'utilisation ultime.<br \/>\nIl est aliment\u00e9 par le syst\u00e8me multit\u00e2che SigtestUI\u2122, qui offre une interface utilisateur con\u00e7ue sp\u00e9cifiquement pour les instruments de test, permettant un fonctionnement aussi intuitif que l'utilisation d'un smartphone, facilitant ainsi grandement le diagnostic automobile.<\/p>\n<p>Caract\u00e9ristiques MHO1<br \/>\nCanal : 4<br \/>\nLargeur de bande : 200 MHz<br \/>\nTaux d'\u00e9chantillonnage : 1 GSa\/s<br \/>\nTaux de capture de forme d'onde max : 50 000 wfms<br \/>\nProfondeur de m\u00e9moire : 110 Mpts<br \/>\nStockage : Int\u00e9gr\u00e9e 32GB<\/p>\n<p>Largeur de bande Canal Temps de mont\u00e9e (typ.)<br \/>\nMHO14-200 200 MHz 4CH \u2264 1,75 ns<\/p>","protected":false},"excerpt":{"rendered":"<p>Oscilloscope 4 canaux haute r\u00e9solution pour tablette avec une bande passante de 200 MHz, un taux d'\u00e9chantillonnage de 1GSa\/s, un convertisseur A\/D 12 bits, une profondeur de m\u00e9moire de 110Mpts et un \u00e9cran tactile capacitif de 8\u2033 800 x 600 pixels. L'oscilloscope supporte le d\u00e9codage pour : RS-232\/422\/485\/UART, CAN, CAN FD, LIN, SPI, I\u00b2C, ARINC-429, MIL-STD-1553B.<\/p>","protected":false},"featured_media":4085,"comment_status":"open","ping_status":"closed","template":"","meta":{"_surecart_dashboard_logo_width":"180px","_surecart_dashboard_show_logo":true,"_surecart_dashboard_navigation_orders":true,"_surecart_dashboard_navigation_invoices":true,"_surecart_dashboard_navigation_subscriptions":true,"_surecart_dashboard_navigation_downloads":true,"_surecart_dashboard_navigation_billing":true,"_surecart_dashboard_navigation_account":true,"_uag_custom_page_level_css":"","site-sidebar-layout":"default","site-content-layout":"","ast-site-content-layout":"default","site-content-style":"default","site-sidebar-style":"default","ast-global-header-display":"","ast-banner-title-visibility":"","ast-main-header-display":"","ast-hfb-above-header-display":"","ast-hfb-below-header-display":"","ast-hfb-mobile-header-display":"","site-post-title":"","ast-breadcrumbs-content":"","ast-featured-img":"","footer-sml-layout":"","ast-disable-related-posts":"","theme-transparent-header-meta":"default","adv-header-id-meta":"","stick-header-meta":"default","header-above-stick-meta":"","header-main-stick-meta":"","header-below-stick-meta":"","astra-migrate-meta-layouts":"set","ast-page-background-enabled":"default","ast-page-background-meta":{"desktop":{"background-color":"var(--ast-global-color-4)","background-image":"","background-repeat":"repeat","background-position":"center center","background-size":"auto","background-attachment":"scroll","background-type":"","background-media":"","overlay-type":"","overlay-color":"","overlay-opacity":"","overlay-gradient":""},"tablet":{"background-color":"","background-image":"","background-repeat":"repeat","background-position":"center center","background-size":"auto","background-attachment":"scroll","background-type":"","background-media":"","overlay-type":"","overlay-color":"","overlay-opacity":"","overlay-gradient":""},"mobile":{"background-color":"","background-image":"","background-repeat":"repeat","background-position":"center center","background-size":"auto","background-attachment":"scroll","background-type":"","background-media":"","overlay-type":"","overlay-color":"","overlay-opacity":"","overlay-gradient":""}},"ast-content-background-meta":{"desktop":{"background-color":"var(--ast-global-color-5)","background-image":"","background-repeat":"repeat","background-position":"center center","background-size":"auto","background-attachment":"scroll","background-type":"","background-media":"","overlay-type":"","overlay-color":"","overlay-opacity":"","overlay-gradient":""},"tablet":{"background-color":"var(--ast-global-color-5)","background-image":"","background-repeat":"repeat","background-position":"center center","background-size":"auto","background-attachment":"scroll","background-type":"","background-media":"","overlay-type":"","overlay-color":"","overlay-opacity":"","overlay-gradient":""},"mobile":{"background-color":"var(--ast-global-color-5)","background-image":"","background-repeat":"repeat","background-position":"center center","background-size":"auto","background-attachment":"scroll","background-type":"","background-media":"","overlay-type":"","overlay-color":"","overlay-opacity":"","overlay-gradient":""}}},"product_brand":[],"product_cat":[38,41,104,96],"product_tag":[],"class_list":{"0":"post-2832","1":"product","2":"type-product","3":"status-publish","4":"has-post-thumbnail","6":"product_cat-test-measure","7":"product_cat-oscilloscope","8":"product_cat-micsig-oscilloscope","9":"product_cat-mho1","10":"desktop-align-left","11":"tablet-align-left","12":"mobile-align-left","13":"ast-product-gallery-layout-horizontal-slider","14":"ast-product-tabs-layout-horizontal","16":"first","17":"instock","18":"taxable","19":"shipping-taxable","20":"purchasable","21":"product-type-simple"},"yoast_head":"<!-- This site is optimized with the Yoast SEO plugin v26.2 - https:\/\/yoast.com\/wordpress\/plugins\/seo\/ -->\n<title>Micsig MHO14-200 - Genatronik<\/title>\n<meta name=\"robots\" content=\"index, follow, max-snippet:-1, max-image-preview:large, max-video-preview:-1\" \/>\n<link rel=\"canonical\" href=\"https:\/\/genatronik.com\/fr\/product\/mho14-200\/\" \/>\n<meta property=\"og:locale\" content=\"fr_FR\" \/>\n<meta property=\"og:type\" content=\"article\" \/>\n<meta property=\"og:title\" content=\"Micsig MHO14-200 - Genatronik\" \/>\n<meta property=\"og:description\" content=\"4 channel High Resolution Tablet Oscilloscope with 200 MHz Bandwidth, 1GSa\/s sample rate, 12 Bit A\/D converter, 110Mpts memory depth and 8&quot; 800 x 600 pixel capacitive touch Display. The oscilloscope supports decoding for: RS-232\/422\/485\/UART, CAN, CAN FD, LIN, SPI, I\u00b2C, ARINC-429, MIL-STD-1553B.\" \/>\n<meta property=\"og:url\" content=\"https:\/\/genatronik.com\/fr\/product\/mho14-200\/\" \/>\n<meta property=\"og:site_name\" content=\"Genatronik\" \/>\n<meta property=\"article:modified_time\" content=\"2025-04-25T16:31:42+00:00\" \/>\n<meta property=\"og:image\" content=\"https:\/\/genatronik.com\/wp-content\/uploads\/2024\/12\/mho1-1.png\" \/>\n\t<meta property=\"og:image:width\" content=\"1600\" \/>\n\t<meta property=\"og:image:height\" content=\"1200\" \/>\n\t<meta property=\"og:image:type\" content=\"image\/png\" \/>\n<meta name=\"twitter:card\" content=\"summary_large_image\" \/>\n<meta name=\"twitter:label1\" content=\"Dur\u00e9e de lecture estim\u00e9e\" \/>\n\t<meta name=\"twitter:data1\" content=\"1 minute\" \/>\n<script type=\"application\/ld+json\" class=\"yoast-schema-graph\">{\"@context\":\"https:\/\/schema.org\",\"@graph\":[{\"@type\":\"WebPage\",\"@id\":\"https:\/\/genatronik.com\/en\/product\/mho14-200\/\",\"url\":\"https:\/\/genatronik.com\/en\/product\/mho14-200\/\",\"name\":\"Micsig MHO14-200 - Genatronik\",\"isPartOf\":{\"@id\":\"https:\/\/genatronik.com\/en\/#website\"},\"primaryImageOfPage\":{\"@id\":\"https:\/\/genatronik.com\/en\/product\/mho14-200\/#primaryimage\"},\"image\":{\"@id\":\"https:\/\/genatronik.com\/en\/product\/mho14-200\/#primaryimage\"},\"thumbnailUrl\":\"https:\/\/genatronik.com\/wp-content\/uploads\/2024\/12\/mho1-1.png\",\"datePublished\":\"2024-12-17T22:33:25+00:00\",\"dateModified\":\"2025-04-25T16:31:42+00:00\",\"breadcrumb\":{\"@id\":\"https:\/\/genatronik.com\/en\/product\/mho14-200\/#breadcrumb\"},\"inLanguage\":\"fr-FR\",\"potentialAction\":[{\"@type\":\"ReadAction\",\"target\":[\"https:\/\/genatronik.com\/en\/product\/mho14-200\/\"]}]},{\"@type\":\"ImageObject\",\"inLanguage\":\"fr-FR\",\"@id\":\"https:\/\/genatronik.com\/en\/product\/mho14-200\/#primaryimage\",\"url\":\"https:\/\/genatronik.com\/wp-content\/uploads\/2024\/12\/mho1-1.png\",\"contentUrl\":\"https:\/\/genatronik.com\/wp-content\/uploads\/2024\/12\/mho1-1.png\",\"width\":1600,\"height\":1200},{\"@type\":\"BreadcrumbList\",\"@id\":\"https:\/\/genatronik.com\/en\/product\/mho14-200\/#breadcrumb\",\"itemListElement\":[{\"@type\":\"ListItem\",\"position\":1,\"name\":\"Home\",\"item\":\"https:\/\/genatronik.com\/\"},{\"@type\":\"ListItem\",\"position\":2,\"name\":\"Produkte\",\"item\":\"https:\/\/genatronik.com\/de\/shop\/\"},{\"@type\":\"ListItem\",\"position\":3,\"name\":\"Products\",\"item\":\"https:\/\/genatronik.com\/product-category\/products\/\"},{\"@type\":\"ListItem\",\"position\":4,\"name\":\"Test &amp; Measure\",\"item\":\"https:\/\/genatronik.com\/product-category\/products\/test-measure\/\"},{\"@type\":\"ListItem\",\"position\":5,\"name\":\"Oscilloscope\",\"item\":\"https:\/\/genatronik.com\/product-category\/products\/test-measure\/oscilloscope\/\"},{\"@type\":\"ListItem\",\"position\":6,\"name\":\"Micsig Oscilloscope\",\"item\":\"https:\/\/genatronik.com\/fr\/product-category\/produits\/test-mesure\/oscilloscope\/oscilloscope-micsig\/\"},{\"@type\":\"ListItem\",\"position\":7,\"name\":\"MHO1\",\"item\":\"https:\/\/genatronik.com\/en\/product-category\/products\/test-measure\/oscilloscope\/micsig-oscilloscope\/mho1\/\"},{\"@type\":\"ListItem\",\"position\":8,\"name\":\"Micsig MHO14-200\"}]},{\"@type\":\"WebSite\",\"@id\":\"https:\/\/genatronik.com\/en\/#website\",\"url\":\"https:\/\/genatronik.com\/en\/\",\"name\":\"Genatronik\",\"description\":\"Advanced Devices. Reliable Service.\",\"publisher\":{\"@id\":\"https:\/\/genatronik.com\/en\/#organization\"},\"potentialAction\":[{\"@type\":\"SearchAction\",\"target\":{\"@type\":\"EntryPoint\",\"urlTemplate\":\"https:\/\/genatronik.com\/en\/?s={search_term_string}\"},\"query-input\":{\"@type\":\"PropertyValueSpecification\",\"valueRequired\":true,\"valueName\":\"search_term_string\"}}],\"inLanguage\":\"fr-FR\"},{\"@type\":\"Organization\",\"@id\":\"https:\/\/genatronik.com\/en\/#organization\",\"name\":\"Genatronik\",\"url\":\"https:\/\/genatronik.com\/en\/\",\"logo\":{\"@type\":\"ImageObject\",\"inLanguage\":\"fr-FR\",\"@id\":\"https:\/\/genatronik.com\/en\/#\/schema\/logo\/image\/\",\"url\":\"https:\/\/genatronik.com\/wp-content\/uploads\/2025\/05\/genatronik_logo_header-scaled.png\",\"contentUrl\":\"https:\/\/genatronik.com\/wp-content\/uploads\/2025\/05\/genatronik_logo_header-scaled.png\",\"width\":2560,\"height\":448,\"caption\":\"Genatronik\"},\"image\":{\"@id\":\"https:\/\/genatronik.com\/en\/#\/schema\/logo\/image\/\"}}]}<\/script>\n<!-- \/ Yoast SEO plugin. -->","yoast_head_json":{"title":"Micsig MHO14-200 - Genatronik","robots":{"index":"index","follow":"follow","max-snippet":"max-snippet:-1","max-image-preview":"max-image-preview:large","max-video-preview":"max-video-preview:-1"},"canonical":"https:\/\/genatronik.com\/fr\/product\/mho14-200\/","og_locale":"fr_FR","og_type":"article","og_title":"Micsig MHO14-200 - Genatronik","og_description":"4 channel High Resolution Tablet Oscilloscope with 200 MHz Bandwidth, 1GSa\/s sample rate, 12 Bit A\/D converter, 110Mpts memory depth and 8\" 800 x 600 pixel capacitive touch Display. The oscilloscope supports decoding for: RS-232\/422\/485\/UART, CAN, CAN FD, LIN, SPI, I\u00b2C, ARINC-429, MIL-STD-1553B.","og_url":"https:\/\/genatronik.com\/fr\/product\/mho14-200\/","og_site_name":"Genatronik","article_modified_time":"2025-04-25T16:31:42+00:00","og_image":[{"width":1600,"height":1200,"url":"https:\/\/genatronik.com\/wp-content\/uploads\/2024\/12\/mho1-1.png","type":"image\/png"}],"twitter_card":"summary_large_image","twitter_misc":{"Dur\u00e9e de lecture estim\u00e9e":"1 minute"},"schema":{"@context":"https:\/\/schema.org","@graph":[{"@type":"WebPage","@id":"https:\/\/genatronik.com\/en\/product\/mho14-200\/","url":"https:\/\/genatronik.com\/en\/product\/mho14-200\/","name":"Micsig MHO14-200 - Genatronik","isPartOf":{"@id":"https:\/\/genatronik.com\/en\/#website"},"primaryImageOfPage":{"@id":"https:\/\/genatronik.com\/en\/product\/mho14-200\/#primaryimage"},"image":{"@id":"https:\/\/genatronik.com\/en\/product\/mho14-200\/#primaryimage"},"thumbnailUrl":"https:\/\/genatronik.com\/wp-content\/uploads\/2024\/12\/mho1-1.png","datePublished":"2024-12-17T22:33:25+00:00","dateModified":"2025-04-25T16:31:42+00:00","breadcrumb":{"@id":"https:\/\/genatronik.com\/en\/product\/mho14-200\/#breadcrumb"},"inLanguage":"fr-FR","potentialAction":[{"@type":"ReadAction","target":["https:\/\/genatronik.com\/en\/product\/mho14-200\/"]}]},{"@type":"ImageObject","inLanguage":"fr-FR","@id":"https:\/\/genatronik.com\/en\/product\/mho14-200\/#primaryimage","url":"https:\/\/genatronik.com\/wp-content\/uploads\/2024\/12\/mho1-1.png","contentUrl":"https:\/\/genatronik.com\/wp-content\/uploads\/2024\/12\/mho1-1.png","width":1600,"height":1200},{"@type":"BreadcrumbList","@id":"https:\/\/genatronik.com\/en\/product\/mho14-200\/#breadcrumb","itemListElement":[{"@type":"ListItem","position":1,"name":"Home","item":"https:\/\/genatronik.com\/"},{"@type":"ListItem","position":2,"name":"Produkte","item":"https:\/\/genatronik.com\/de\/shop\/"},{"@type":"ListItem","position":3,"name":"Products","item":"https:\/\/genatronik.com\/product-category\/products\/"},{"@type":"ListItem","position":4,"name":"Test &amp; Measure","item":"https:\/\/genatronik.com\/product-category\/products\/test-measure\/"},{"@type":"ListItem","position":5,"name":"Oscilloscope","item":"https:\/\/genatronik.com\/product-category\/products\/test-measure\/oscilloscope\/"},{"@type":"ListItem","position":6,"name":"Micsig Oscilloscope","item":"https:\/\/genatronik.com\/fr\/product-category\/produits\/test-mesure\/oscilloscope\/oscilloscope-micsig\/"},{"@type":"ListItem","position":7,"name":"MHO1","item":"https:\/\/genatronik.com\/en\/product-category\/products\/test-measure\/oscilloscope\/micsig-oscilloscope\/mho1\/"},{"@type":"ListItem","position":8,"name":"Micsig MHO14-200"}]},{"@type":"WebSite","@id":"https:\/\/genatronik.com\/en\/#website","url":"https:\/\/genatronik.com\/en\/","name":"Genatronik","description":"Dispositifs avanc\u00e9s. Un service fiable.","publisher":{"@id":"https:\/\/genatronik.com\/en\/#organization"},"potentialAction":[{"@type":"SearchAction","target":{"@type":"EntryPoint","urlTemplate":"https:\/\/genatronik.com\/en\/?s={search_term_string}"},"query-input":{"@type":"PropertyValueSpecification","valueRequired":true,"valueName":"search_term_string"}}],"inLanguage":"fr-FR"},{"@type":"Organization","@id":"https:\/\/genatronik.com\/en\/#organization","name":"Genatronik","url":"https:\/\/genatronik.com\/en\/","logo":{"@type":"ImageObject","inLanguage":"fr-FR","@id":"https:\/\/genatronik.com\/en\/#\/schema\/logo\/image\/","url":"https:\/\/genatronik.com\/wp-content\/uploads\/2025\/05\/genatronik_logo_header-scaled.png","contentUrl":"https:\/\/genatronik.com\/wp-content\/uploads\/2025\/05\/genatronik_logo_header-scaled.png","width":2560,"height":448,"caption":"Genatronik"},"image":{"@id":"https:\/\/genatronik.com\/en\/#\/schema\/logo\/image\/"}}]}},"uagb_featured_image_src":{"full":["https:\/\/genatronik.com\/wp-content\/uploads\/2024\/12\/mho1-1.png",1600,1200,false],"thumbnail":["https:\/\/genatronik.com\/wp-content\/uploads\/2024\/12\/mho1-1-150x150.png",150,150,true],"medium":["https:\/\/genatronik.com\/wp-content\/uploads\/2024\/12\/mho1-1-300x225.png",300,225,true],"medium_large":["https:\/\/genatronik.com\/wp-content\/uploads\/2024\/12\/mho1-1-768x576.png",768,576,true],"large":["https:\/\/genatronik.com\/wp-content\/uploads\/2024\/12\/mho1-1-1024x768.png",1024,768,true],"1536x1536":["https:\/\/genatronik.com\/wp-content\/uploads\/2024\/12\/mho1-1-1536x1152.png",1536,1152,true],"2048x2048":["https:\/\/genatronik.com\/wp-content\/uploads\/2024\/12\/mho1-1.png",1600,1200,false],"trp-custom-language-flag":["https:\/\/genatronik.com\/wp-content\/uploads\/2024\/12\/mho1-1-16x12.png",16,12,true],"tp-image-grid":["https:\/\/genatronik.com\/wp-content\/uploads\/2024\/12\/mho1-1-700x700.png",700,700,true],"woocommerce_thumbnail":["https:\/\/genatronik.com\/wp-content\/uploads\/2024\/12\/mho1-1-300x225.png",300,225,true],"woocommerce_single":["https:\/\/genatronik.com\/wp-content\/uploads\/2024\/12\/mho1-1-600x450.png",600,450,true],"woocommerce_gallery_thumbnail":["https:\/\/genatronik.com\/wp-content\/uploads\/2024\/12\/mho1-1-100x100.png",100,100,true]},"uagb_author_info":{"display_name":"guanyuan zhu","author_link":"https:\/\/genatronik.com\/fr\/author\/"},"uagb_comment_info":0,"uagb_excerpt":"4 channel High Resolution Tablet Oscilloscope with 200 MHz Bandwidth, 1GSa\/s sample rate, 12 Bit A\/D converter, 110Mpts memory depth and 8\" 800 x 600 pixel capacitive touch Display. The oscilloscope supports decoding for: RS-232\/422\/485\/UART, CAN, CAN FD, LIN, SPI, I\u00b2C, ARINC-429, MIL-STD-1553B.","jetpack_sharing_enabled":true,"_links":{"self":[{"href":"https:\/\/genatronik.com\/fr\/wp-json\/wp\/v2\/product\/2832","targetHints":{"allow":["GET"]}}],"collection":[{"href":"https:\/\/genatronik.com\/fr\/wp-json\/wp\/v2\/product"}],"about":[{"href":"https:\/\/genatronik.com\/fr\/wp-json\/wp\/v2\/types\/product"}],"replies":[{"embeddable":true,"href":"https:\/\/genatronik.com\/fr\/wp-json\/wp\/v2\/comments?post=2832"}],"version-history":[{"count":4,"href":"https:\/\/genatronik.com\/fr\/wp-json\/wp\/v2\/product\/2832\/revisions"}],"predecessor-version":[{"id":3166,"href":"https:\/\/genatronik.com\/fr\/wp-json\/wp\/v2\/product\/2832\/revisions\/3166"}],"wp:featuredmedia":[{"embeddable":true,"href":"https:\/\/genatronik.com\/fr\/wp-json\/wp\/v2\/media\/4085"}],"wp:attachment":[{"href":"https:\/\/genatronik.com\/fr\/wp-json\/wp\/v2\/media?parent=2832"}],"wp:term":[{"taxonomy":"product_brand","embeddable":true,"href":"https:\/\/genatronik.com\/fr\/wp-json\/wp\/v2\/product_brand?post=2832"},{"taxonomy":"product_cat","embeddable":true,"href":"https:\/\/genatronik.com\/fr\/wp-json\/wp\/v2\/product_cat?post=2832"},{"taxonomy":"product_tag","embeddable":true,"href":"https:\/\/genatronik.com\/fr\/wp-json\/wp\/v2\/product_tag?post=2832"}],"curies":[{"name":"wp","href":"https:\/\/api.w.org\/{rel}","templated":true}]}}