{"id":2818,"date":"2024-12-18T06:20:31","date_gmt":"2024-12-17T22:20:31","guid":{"rendered":"https:\/\/genatronik.com\/?post_type=product&#038;p=2818"},"modified":"2025-04-25T18:57:07","modified_gmt":"2025-04-25T16:57:07","slug":"mho68-1000","status":"publish","type":"product","link":"https:\/\/genatronik.com\/fr\/product\/mho68-1000\/","title":{"rendered":"Micsig MHO68-1000"},"content":{"rendered":"<p>L'oscilloscope haute r\u00e9solution MHO de la s\u00e9rie 6 dispose d'une bande passante de 1 GHz, d'un taux d'\u00e9chantillonnage de 6 Giga\/s, de 8 canaux analogiques, d'une profondeur de stockage de 1800 millions de points (Mpts) et d'une r\u00e9solution verticale de 12 bits. Sa bande passante \u00e9lev\u00e9e et sa capacit\u00e9 \u00e0 8 voies conviennent \u00e0 une analyse plus rapide des circuits et \u00e0 des tests de signaux plus synchronis\u00e9s.<br \/>\nSon design ultra-mince de 3,52 cm permet d'\u00e9conomiser beaucoup d'espace sur votre bureau ; un \u00e9cran tactile de 16 pouces avec une r\u00e9solution de 1920*1200 vous offre un affichage de forme d'onde tr\u00e8s clair pour une exp\u00e9rience visuelle plus confortable.<br \/>\nIl est aliment\u00e9 par le syst\u00e8me multit\u00e2che SigtestUI\u2122, qui offre une interface utilisateur con\u00e7ue sp\u00e9cifiquement pour les instruments de test, permettant un fonctionnement aussi intuitif que l'utilisation d'un smartphone, facilitant ainsi grandement le diagnostic automobile.<\/p>\n<p>Caract\u00e9ristiques MHO 6<br \/>\nCanal : 8<br \/>\nLargeur de bande : 350 \/ 500 \/ 1000 MHz<br \/>\nTaux d'\u00e9chantillonnage : 6 GSa\/s<br \/>\nTaux de capture de forme d'onde maximum : 280 000 wfms<br \/>\nProfondeur de m\u00e9moire : 1800 Mpts<br \/>\nStockage : Int\u00e9gr\u00e9e 32GB<\/p>\n<p>Largeur de bande Canal Temps de mont\u00e9e (typ.)<br \/>\nMHO68-350 350 MHz 4CH \u22641ns<br \/>\nMHO68-500 500 MHz 4CH \u22640.7ns<br \/>\nMHO68-1000 1000 MHz 4CH \u22640.4ns<\/p>","protected":false},"excerpt":{"rendered":"<p>Oscilloscope 8 voies haute r\u00e9solution pour tablette avec bande passante de 1000 MHz, taux d'\u00e9chantillonnage de 6GSa\/s, convertisseur A\/D 12 bits, profondeur de m\u00e9moire de 1800Mpts et \u00e9cran tactile de 16 pouces 1920 x 1200 pixels. L'oscilloscope supporte le d\u00e9codage pour : RS-232\/422\/485\/UART, CAN, CAN FD, LIN, SPI, I\u00b2C, ARINC-429, MIL-STD-1553B.<\/p>","protected":false},"featured_media":4100,"comment_status":"open","ping_status":"closed","template":"","meta":{"_surecart_dashboard_logo_width":"180px","_surecart_dashboard_show_logo":true,"_surecart_dashboard_navigation_orders":true,"_surecart_dashboard_navigation_invoices":true,"_surecart_dashboard_navigation_subscriptions":true,"_surecart_dashboard_navigation_downloads":true,"_surecart_dashboard_navigation_billing":true,"_surecart_dashboard_navigation_account":true,"_uag_custom_page_level_css":"","site-sidebar-layout":"default","site-content-layout":"","ast-site-content-layout":"default","site-content-style":"default","site-sidebar-style":"default","ast-global-header-display":"","ast-banner-title-visibility":"","ast-main-header-display":"","ast-hfb-above-header-display":"","ast-hfb-below-header-display":"","ast-hfb-mobile-header-display":"","site-post-title":"","ast-breadcrumbs-content":"","ast-featured-img":"","footer-sml-layout":"","ast-disable-related-posts":"","theme-transparent-header-meta":"default","adv-header-id-meta":"","stick-header-meta":"default","header-above-stick-meta":"","header-main-stick-meta":"","header-below-stick-meta":"","astra-migrate-meta-layouts":"set","ast-page-background-enabled":"default","ast-page-background-meta":{"desktop":{"background-color":"var(--ast-global-color-4)","background-image":"","background-repeat":"repeat","background-position":"center center","background-size":"auto","background-attachment":"scroll","background-type":"","background-media":"","overlay-type":"","overlay-color":"","overlay-opacity":"","overlay-gradient":""},"tablet":{"background-color":"","background-image":"","background-repeat":"repeat","background-position":"center center","background-size":"auto","background-attachment":"scroll","background-type":"","background-media":"","overlay-type":"","overlay-color":"","overlay-opacity":"","overlay-gradient":""},"mobile":{"background-color":"","background-image":"","background-repeat":"repeat","background-position":"center center","background-size":"auto","background-attachment":"scroll","background-type":"","background-media":"","overlay-type":"","overlay-color":"","overlay-opacity":"","overlay-gradient":""}},"ast-content-background-meta":{"desktop":{"background-color":"var(--ast-global-color-5)","background-image":"","background-repeat":"repeat","background-position":"center center","background-size":"auto","background-attachment":"scroll","background-type":"","background-media":"","overlay-type":"","overlay-color":"","overlay-opacity":"","overlay-gradient":""},"tablet":{"background-color":"var(--ast-global-color-5)","background-image":"","background-repeat":"repeat","background-position":"center center","background-size":"auto","background-attachment":"scroll","background-type":"","background-media":"","overlay-type":"","overlay-color":"","overlay-opacity":"","overlay-gradient":""},"mobile":{"background-color":"var(--ast-global-color-5)","background-image":"","background-repeat":"repeat","background-position":"center center","background-size":"auto","background-attachment":"scroll","background-type":"","background-media":"","overlay-type":"","overlay-color":"","overlay-opacity":"","overlay-gradient":""}}},"product_brand":[],"product_cat":[38,41,104,93],"product_tag":[],"class_list":{"0":"post-2818","1":"product","2":"type-product","3":"status-publish","4":"has-post-thumbnail","6":"product_cat-test-measure","7":"product_cat-oscilloscope","8":"product_cat-micsig-oscilloscope","9":"product_cat-mho6","10":"desktop-align-left","11":"tablet-align-left","12":"mobile-align-left","13":"ast-product-gallery-layout-horizontal-slider","14":"ast-product-tabs-layout-horizontal","16":"first","17":"instock","18":"taxable","19":"shipping-taxable","20":"purchasable","21":"product-type-simple"},"yoast_head":"<!-- This site is optimized with the Yoast SEO plugin v26.2 - https:\/\/yoast.com\/wordpress\/plugins\/seo\/ -->\n<title>Micsig MHO68-1000 - Genatronik<\/title>\n<meta name=\"robots\" content=\"index, follow, max-snippet:-1, max-image-preview:large, max-video-preview:-1\" \/>\n<link rel=\"canonical\" href=\"https:\/\/genatronik.com\/fr\/product\/mho68-1000\/\" \/>\n<meta property=\"og:locale\" content=\"fr_FR\" \/>\n<meta property=\"og:type\" content=\"article\" \/>\n<meta property=\"og:title\" content=\"Micsig MHO68-1000 - Genatronik\" \/>\n<meta property=\"og:description\" content=\"8 channel High Resolution Tablet Oscilloscope with 1000 MHz Bandwidth, 6GSa\/s sample rate, 12 Bit A\/D converter, 1800Mpts memory depth and 16 Inch 1920 x 1200 pixel touch Display. The oscilloscope supports decoding for: RS-232\/422\/485\/UART, CAN, CAN FD, LIN, SPI, I\u00b2C, ARINC-429, MIL-STD-1553B.\" \/>\n<meta property=\"og:url\" content=\"https:\/\/genatronik.com\/fr\/product\/mho68-1000\/\" \/>\n<meta property=\"og:site_name\" content=\"Genatronik\" \/>\n<meta property=\"article:modified_time\" content=\"2025-04-25T16:57:07+00:00\" \/>\n<meta property=\"og:image\" content=\"https:\/\/genatronik.com\/wp-content\/uploads\/2024\/12\/mho6-1.png\" \/>\n\t<meta property=\"og:image:width\" content=\"1600\" \/>\n\t<meta property=\"og:image:height\" content=\"1200\" \/>\n\t<meta property=\"og:image:type\" content=\"image\/png\" \/>\n<meta name=\"twitter:card\" content=\"summary_large_image\" \/>\n<meta name=\"twitter:label1\" content=\"Dur\u00e9e de lecture estim\u00e9e\" \/>\n\t<meta name=\"twitter:data1\" content=\"1 minute\" \/>\n<script type=\"application\/ld+json\" class=\"yoast-schema-graph\">{\"@context\":\"https:\/\/schema.org\",\"@graph\":[{\"@type\":\"WebPage\",\"@id\":\"https:\/\/genatronik.com\/fr\/product\/mho68-1000\/\",\"url\":\"https:\/\/genatronik.com\/fr\/product\/mho68-1000\/\",\"name\":\"Micsig MHO68-1000 - Genatronik\",\"isPartOf\":{\"@id\":\"https:\/\/genatronik.com\/en\/#website\"},\"primaryImageOfPage\":{\"@id\":\"https:\/\/genatronik.com\/fr\/product\/mho68-1000\/#primaryimage\"},\"image\":{\"@id\":\"https:\/\/genatronik.com\/fr\/product\/mho68-1000\/#primaryimage\"},\"thumbnailUrl\":\"https:\/\/genatronik.com\/wp-content\/uploads\/2024\/12\/mho6-1.png\",\"datePublished\":\"2024-12-17T22:20:31+00:00\",\"dateModified\":\"2025-04-25T16:57:07+00:00\",\"breadcrumb\":{\"@id\":\"https:\/\/genatronik.com\/fr\/product\/mho68-1000\/#breadcrumb\"},\"inLanguage\":\"fr-FR\",\"potentialAction\":[{\"@type\":\"ReadAction\",\"target\":[\"https:\/\/genatronik.com\/fr\/product\/mho68-1000\/\"]}]},{\"@type\":\"ImageObject\",\"inLanguage\":\"fr-FR\",\"@id\":\"https:\/\/genatronik.com\/fr\/product\/mho68-1000\/#primaryimage\",\"url\":\"https:\/\/genatronik.com\/wp-content\/uploads\/2024\/12\/mho6-1.png\",\"contentUrl\":\"https:\/\/genatronik.com\/wp-content\/uploads\/2024\/12\/mho6-1.png\",\"width\":1600,\"height\":1200},{\"@type\":\"BreadcrumbList\",\"@id\":\"https:\/\/genatronik.com\/fr\/product\/mho68-1000\/#breadcrumb\",\"itemListElement\":[{\"@type\":\"ListItem\",\"position\":1,\"name\":\"Home\",\"item\":\"https:\/\/genatronik.com\/\"},{\"@type\":\"ListItem\",\"position\":2,\"name\":\"Produkte\",\"item\":\"https:\/\/genatronik.com\/de\/shop\/\"},{\"@type\":\"ListItem\",\"position\":3,\"name\":\"Products\",\"item\":\"https:\/\/genatronik.com\/product-category\/products\/\"},{\"@type\":\"ListItem\",\"position\":4,\"name\":\"Test &amp; Measure\",\"item\":\"https:\/\/genatronik.com\/product-category\/products\/test-measure\/\"},{\"@type\":\"ListItem\",\"position\":5,\"name\":\"Oscilloscope\",\"item\":\"https:\/\/genatronik.com\/product-category\/products\/test-measure\/oscilloscope\/\"},{\"@type\":\"ListItem\",\"position\":6,\"name\":\"Micsig Oscilloscope\",\"item\":\"https:\/\/genatronik.com\/fr\/product-category\/produits\/test-mesure\/oscilloscope\/oscilloscope-micsig\/\"},{\"@type\":\"ListItem\",\"position\":7,\"name\":\"MHO6\",\"item\":\"https:\/\/genatronik.com\/en\/product-category\/products\/test-measure\/oscilloscope\/micsig-oscilloscope\/mho6\/\"},{\"@type\":\"ListItem\",\"position\":8,\"name\":\"Micsig MHO68-1000\"}]},{\"@type\":\"WebSite\",\"@id\":\"https:\/\/genatronik.com\/en\/#website\",\"url\":\"https:\/\/genatronik.com\/en\/\",\"name\":\"Genatronik\",\"description\":\"Advanced Devices. Reliable Service.\",\"publisher\":{\"@id\":\"https:\/\/genatronik.com\/en\/#organization\"},\"potentialAction\":[{\"@type\":\"SearchAction\",\"target\":{\"@type\":\"EntryPoint\",\"urlTemplate\":\"https:\/\/genatronik.com\/en\/?s={search_term_string}\"},\"query-input\":{\"@type\":\"PropertyValueSpecification\",\"valueRequired\":true,\"valueName\":\"search_term_string\"}}],\"inLanguage\":\"fr-FR\"},{\"@type\":\"Organization\",\"@id\":\"https:\/\/genatronik.com\/en\/#organization\",\"name\":\"Genatronik\",\"url\":\"https:\/\/genatronik.com\/en\/\",\"logo\":{\"@type\":\"ImageObject\",\"inLanguage\":\"fr-FR\",\"@id\":\"https:\/\/genatronik.com\/en\/#\/schema\/logo\/image\/\",\"url\":\"https:\/\/genatronik.com\/wp-content\/uploads\/2025\/05\/genatronik_logo_header-scaled.png\",\"contentUrl\":\"https:\/\/genatronik.com\/wp-content\/uploads\/2025\/05\/genatronik_logo_header-scaled.png\",\"width\":2560,\"height\":448,\"caption\":\"Genatronik\"},\"image\":{\"@id\":\"https:\/\/genatronik.com\/en\/#\/schema\/logo\/image\/\"}}]}<\/script>\n<!-- \/ Yoast SEO plugin. -->","yoast_head_json":{"title":"Micsig MHO68-1000 - Genatronik","robots":{"index":"index","follow":"follow","max-snippet":"max-snippet:-1","max-image-preview":"max-image-preview:large","max-video-preview":"max-video-preview:-1"},"canonical":"https:\/\/genatronik.com\/fr\/product\/mho68-1000\/","og_locale":"fr_FR","og_type":"article","og_title":"Micsig MHO68-1000 - Genatronik","og_description":"8 channel High Resolution Tablet Oscilloscope with 1000 MHz Bandwidth, 6GSa\/s sample rate, 12 Bit A\/D converter, 1800Mpts memory depth and 16 Inch 1920 x 1200 pixel touch Display. The oscilloscope supports decoding for: RS-232\/422\/485\/UART, CAN, CAN FD, LIN, SPI, I\u00b2C, ARINC-429, MIL-STD-1553B.","og_url":"https:\/\/genatronik.com\/fr\/product\/mho68-1000\/","og_site_name":"Genatronik","article_modified_time":"2025-04-25T16:57:07+00:00","og_image":[{"width":1600,"height":1200,"url":"https:\/\/genatronik.com\/wp-content\/uploads\/2024\/12\/mho6-1.png","type":"image\/png"}],"twitter_card":"summary_large_image","twitter_misc":{"Dur\u00e9e de lecture estim\u00e9e":"1 minute"},"schema":{"@context":"https:\/\/schema.org","@graph":[{"@type":"WebPage","@id":"https:\/\/genatronik.com\/fr\/product\/mho68-1000\/","url":"https:\/\/genatronik.com\/fr\/product\/mho68-1000\/","name":"Micsig MHO68-1000 - Genatronik","isPartOf":{"@id":"https:\/\/genatronik.com\/en\/#website"},"primaryImageOfPage":{"@id":"https:\/\/genatronik.com\/fr\/product\/mho68-1000\/#primaryimage"},"image":{"@id":"https:\/\/genatronik.com\/fr\/product\/mho68-1000\/#primaryimage"},"thumbnailUrl":"https:\/\/genatronik.com\/wp-content\/uploads\/2024\/12\/mho6-1.png","datePublished":"2024-12-17T22:20:31+00:00","dateModified":"2025-04-25T16:57:07+00:00","breadcrumb":{"@id":"https:\/\/genatronik.com\/fr\/product\/mho68-1000\/#breadcrumb"},"inLanguage":"fr-FR","potentialAction":[{"@type":"ReadAction","target":["https:\/\/genatronik.com\/fr\/product\/mho68-1000\/"]}]},{"@type":"ImageObject","inLanguage":"fr-FR","@id":"https:\/\/genatronik.com\/fr\/product\/mho68-1000\/#primaryimage","url":"https:\/\/genatronik.com\/wp-content\/uploads\/2024\/12\/mho6-1.png","contentUrl":"https:\/\/genatronik.com\/wp-content\/uploads\/2024\/12\/mho6-1.png","width":1600,"height":1200},{"@type":"BreadcrumbList","@id":"https:\/\/genatronik.com\/fr\/product\/mho68-1000\/#breadcrumb","itemListElement":[{"@type":"ListItem","position":1,"name":"Home","item":"https:\/\/genatronik.com\/"},{"@type":"ListItem","position":2,"name":"Produkte","item":"https:\/\/genatronik.com\/de\/shop\/"},{"@type":"ListItem","position":3,"name":"Products","item":"https:\/\/genatronik.com\/product-category\/products\/"},{"@type":"ListItem","position":4,"name":"Test &amp; Measure","item":"https:\/\/genatronik.com\/product-category\/products\/test-measure\/"},{"@type":"ListItem","position":5,"name":"Oscilloscope","item":"https:\/\/genatronik.com\/product-category\/products\/test-measure\/oscilloscope\/"},{"@type":"ListItem","position":6,"name":"Micsig Oscilloscope","item":"https:\/\/genatronik.com\/fr\/product-category\/produits\/test-mesure\/oscilloscope\/oscilloscope-micsig\/"},{"@type":"ListItem","position":7,"name":"MHO6","item":"https:\/\/genatronik.com\/en\/product-category\/products\/test-measure\/oscilloscope\/micsig-oscilloscope\/mho6\/"},{"@type":"ListItem","position":8,"name":"Micsig MHO68-1000"}]},{"@type":"WebSite","@id":"https:\/\/genatronik.com\/en\/#website","url":"https:\/\/genatronik.com\/en\/","name":"Genatronik","description":"Dispositifs avanc\u00e9s. Un service fiable.","publisher":{"@id":"https:\/\/genatronik.com\/en\/#organization"},"potentialAction":[{"@type":"SearchAction","target":{"@type":"EntryPoint","urlTemplate":"https:\/\/genatronik.com\/en\/?s={search_term_string}"},"query-input":{"@type":"PropertyValueSpecification","valueRequired":true,"valueName":"search_term_string"}}],"inLanguage":"fr-FR"},{"@type":"Organization","@id":"https:\/\/genatronik.com\/en\/#organization","name":"Genatronik","url":"https:\/\/genatronik.com\/en\/","logo":{"@type":"ImageObject","inLanguage":"fr-FR","@id":"https:\/\/genatronik.com\/en\/#\/schema\/logo\/image\/","url":"https:\/\/genatronik.com\/wp-content\/uploads\/2025\/05\/genatronik_logo_header-scaled.png","contentUrl":"https:\/\/genatronik.com\/wp-content\/uploads\/2025\/05\/genatronik_logo_header-scaled.png","width":2560,"height":448,"caption":"Genatronik"},"image":{"@id":"https:\/\/genatronik.com\/en\/#\/schema\/logo\/image\/"}}]}},"uagb_featured_image_src":{"full":["https:\/\/genatronik.com\/wp-content\/uploads\/2024\/12\/mho6-1.png",1600,1200,false],"thumbnail":["https:\/\/genatronik.com\/wp-content\/uploads\/2024\/12\/mho6-1.png",150,113,false],"medium":["https:\/\/genatronik.com\/wp-content\/uploads\/2024\/12\/mho6-1.png",300,225,false],"medium_large":["https:\/\/genatronik.com\/wp-content\/uploads\/2024\/12\/mho6-1.png",768,576,false],"large":["https:\/\/genatronik.com\/wp-content\/uploads\/2024\/12\/mho6-1.png",1024,768,false],"1536x1536":["https:\/\/genatronik.com\/wp-content\/uploads\/2024\/12\/mho6-1.png",1536,1152,false],"2048x2048":["https:\/\/genatronik.com\/wp-content\/uploads\/2024\/12\/mho6-1.png",1600,1200,false],"trp-custom-language-flag":["https:\/\/genatronik.com\/wp-content\/uploads\/2024\/12\/mho6-1.png",16,12,false],"tp-image-grid":["https:\/\/genatronik.com\/wp-content\/uploads\/2024\/12\/mho6-1.png",700,525,false],"woocommerce_thumbnail":["https:\/\/genatronik.com\/wp-content\/uploads\/2024\/12\/mho6-1.png",300,225,false],"woocommerce_single":["https:\/\/genatronik.com\/wp-content\/uploads\/2024\/12\/mho6-1.png",600,450,false],"woocommerce_gallery_thumbnail":["https:\/\/genatronik.com\/wp-content\/uploads\/2024\/12\/mho6-1-100x100.png",100,100,true]},"uagb_author_info":{"display_name":"guanyuan zhu","author_link":"https:\/\/genatronik.com\/fr\/author\/"},"uagb_comment_info":0,"uagb_excerpt":"8 channel High Resolution Tablet Oscilloscope with 1000 MHz Bandwidth, 6GSa\/s sample rate, 12 Bit A\/D converter, 1800Mpts memory depth and 16 Inch 1920 x 1200 pixel touch Display. The oscilloscope supports decoding for: RS-232\/422\/485\/UART, CAN, CAN FD, LIN, SPI, I\u00b2C, ARINC-429, MIL-STD-1553B.","jetpack_sharing_enabled":true,"_links":{"self":[{"href":"https:\/\/genatronik.com\/fr\/wp-json\/wp\/v2\/product\/2818","targetHints":{"allow":["GET"]}}],"collection":[{"href":"https:\/\/genatronik.com\/fr\/wp-json\/wp\/v2\/product"}],"about":[{"href":"https:\/\/genatronik.com\/fr\/wp-json\/wp\/v2\/types\/product"}],"replies":[{"embeddable":true,"href":"https:\/\/genatronik.com\/fr\/wp-json\/wp\/v2\/comments?post=2818"}],"version-history":[{"count":6,"href":"https:\/\/genatronik.com\/fr\/wp-json\/wp\/v2\/product\/2818\/revisions"}],"predecessor-version":[{"id":6268,"href":"https:\/\/genatronik.com\/fr\/wp-json\/wp\/v2\/product\/2818\/revisions\/6268"}],"wp:featuredmedia":[{"embeddable":true,"href":"https:\/\/genatronik.com\/fr\/wp-json\/wp\/v2\/media\/4100"}],"wp:attachment":[{"href":"https:\/\/genatronik.com\/fr\/wp-json\/wp\/v2\/media?parent=2818"}],"wp:term":[{"taxonomy":"product_brand","embeddable":true,"href":"https:\/\/genatronik.com\/fr\/wp-json\/wp\/v2\/product_brand?post=2818"},{"taxonomy":"product_cat","embeddable":true,"href":"https:\/\/genatronik.com\/fr\/wp-json\/wp\/v2\/product_cat?post=2818"},{"taxonomy":"product_tag","embeddable":true,"href":"https:\/\/genatronik.com\/fr\/wp-json\/wp\/v2\/product_tag?post=2818"}],"curies":[{"name":"wp","href":"https:\/\/api.w.org\/{rel}","templated":true}]}}