{"id":2734,"date":"2024-12-17T00:31:31","date_gmt":"2024-12-16T16:31:31","guid":{"rendered":"https:\/\/genatronik.com\/?post_type=product&#038;p=2734"},"modified":"2025-04-23T15:37:54","modified_gmt":"2025-04-23T13:37:54","slug":"df463a","status":"publish","type":"product","link":"https:\/\/genatronik.com\/fr\/product\/df463a\/","title":{"rendered":"Tronovo DF463A"},"content":{"rendered":"<p><span style=\"background-color: transparent;\"><br \/>\n    <span style=\"font-size: 18px;\"><br \/>\n    Pour la fabrication et l'assemblage de mat\u00e9riel \u00e9lectronique, la technologie d'ionisation \u00e0 haute fr\u00e9quence et les ventilateurs \u00e0 grande vitesse sont utilis\u00e9s pour \u00e9liminer l'\u00e9lectricit\u00e9 statique \u00e0 grande vitesse et avec peu d'entretien. La conception fiable du c\u00e2blage, la fonction de nomination int\u00e9gr\u00e9e de la brosse de nettoyage de l'aiguille d'ionisation, r\u00e9duisent la fr\u00e9quence de l'entretien. Le ventilateur d'ionisation dispose de 5 types de fonctions d'auto-alarme et chaque sortie d'air est \u00e9quip\u00e9e d'un indicateur d'\u00e9tat pour afficher l'\u00e9tat de fonctionnement et les anomalies d'ionisation en temps r\u00e9el.<br \/>\n    <\/span><\/span><\/p>\n<p>\n&nbsp;<\/p>\n<hr style=\"height:3px;border-width:0;color:gray;background-color:gray\">\n&nbsp;<\/p>\n<table style=\"width: 100%; border-collapse: collapse; float: center; border: none;\">\n<tbody style=\"border: none;\">\n<tr style=\"border: none;\">\n<td style=\"width: 50%; border: none; background-color: grey;\">\n            <img fetchpriority=\"high\" decoding=\"async\" class=\"alignnone wp-image-6786 size-large\" src=\"https:\/\/genatronik.com\/wp-content\/uploads\/2025\/04\/esd_df462_desc_1.jpg\" alt=\"\" width=\"640\" height=\"420\" data-wp-editing=\"1\" \/>\n        <\/td>\n<td style=\"width: 50%; border: none;\">\n<h5>Technologie haute fr\u00e9quence<\/h5>\n<p>            <span style=\"font-size: 19px;\"><br \/>\n                Syst\u00e8me qui utilise des \u00e9l\u00e9ments pi\u00e9zo\u00e9lectriques pour augmenter la tension alternative de \u00b1 2kV et l'appliquer \u00e0 des broches d'\u00e9lectrodes \u00e0 haute fr\u00e9quence. Le cycle des ions positifs et n\u00e9gatifs est de 70 000 Hz.<br \/>\n            <\/span><\/td>\n<\/tr>\n<tr style=\"border: none;\">\n<td style=\"width: 50%; border: none;\">\n<h5>Nettoyage programm\u00e9 intelligent, aspiration invers\u00e9e automatique<\/h5>\n<p>            <span style=\"font-size: 19px;\"><br \/>\n                Lors du nettoyage automatique, le ventilateur est invers\u00e9 pour \u00e9vacuer la poussi\u00e8re afin d'\u00e9viter qu'elle ne soit projet\u00e9e sur le produit, et un entretien r\u00e9gulier est tr\u00e8s important pour maintenir les performances du produit.<br \/>\n            <\/span><\/td>\n<td style=\"width: 50%; border: none; background-color: grey;\">\n            <img decoding=\"async\" class=\"alignnone wp-image-6370 size-large\" src=\"https:\/\/genatronik.com\/wp-content\/uploads\/2025\/04\/esd_df462_desc_2.jpg\" alt=\"\" width=\"640\" height=\"420\"\/>\n        <\/td>\n<\/tr>\n<tr style=\"border: none;\">\n<td style=\"width: 50%; border: none; background-color: grey;\">\n            <img decoding=\"async\" class=\"alignnone wp-image-6372 size-large\" src=\"https:\/\/genatronik.com\/wp-content\/uploads\/2025\/04\/esd_df462_desc_3.jpg\" alt=\"\" width=\"640\" height=\"420\"\/>\n        <\/td>\n<td style=\"width: 50%; border: none;\">\n<h5>6 types de fonctions d'alarme, affichage visuel<\/h5>\n<p>            <span style=\"font-size: 19px;\"><br \/>\n                L'\u00e9tat de fonctionnement de la soufflerie d'ionisation peut \u00eatre confirm\u00e9 visuellement<br \/>\n            <\/span>\n        <\/td>\n<\/tr>\n<tr style=\"border: none;\">\n<td style=\"border: none; width: 50%;\">\n<h5>Structure de conduit d'air nouvellement d\u00e9velopp\u00e9e<\/h5>\n<p>            <span style=\"font-size: 19px;\"><br \/>\n                Contr\u00f4le total du flux d'air du ventilateur avec une \u00e9limination rapide de l'\u00e9lectricit\u00e9 statique.<br \/>\n            <\/span>\n        <\/td>\n<td style=\"border: none; width: 50%; background-color: grey;\">\n            <img loading=\"lazy\" decoding=\"async\" class=\"alignnone wp-image-6614 size-large\" src=\"https:\/\/genatronik.com\/wp-content\/uploads\/2025\/04\/esd_df462_desc_4.jpg\" alt=\"\" width=\"640\" height=\"420\"\/>\n        <\/td>\n<\/tr>\n<tr style=\"border: none;\">\n<td style=\"width: 50%; border: none; background-color: grey;\">\n            <img loading=\"lazy\" decoding=\"async\" class=\"alignnone wp-image-6372 size-large\" src=\"https:\/\/genatronik.com\/wp-content\/uploads\/2025\/04\/esd_df462_desc_5.jpg\" alt=\"\" width=\"640\" height=\"420\"\/>\n        <\/td>\n<td style=\"width: 50%; border: none;\">\n<h5>\u00c9limination de l'\u00e9lectricit\u00e9 statique \u00e0 grande \u00e9chelle et \u00e0 longue distance<\/h5>\n<p>            <span style=\"font-size: 19px;\"><br \/>\n                Technologie d'ionisation AC \u00e0 haute fr\u00e9quence, \u00e9quilibrage automatique et instinctif des ions<br \/>\n            <\/span>\n        <\/td>\n<\/tr>\n<tr style=\"border: none;\">\n<td style=\"border: none; width: 50%;\">\n<h5>Il existe deux types de grilles, qui peuvent \u00eatre remplac\u00e9es en fonction de l'application<\/h5>\n<p>            <span style=\"font-size: 19px;\"><br \/>\n                Pour les deux objectifs diff\u00e9rents que sont \"l'\u00e9limination de la statique \u00e0 longue distance\" et \"l'\u00e9limination de la statique \u00e0 grande \u00e9chelle\", il suffit de remplacer la grille, et ces deux types de grille sont standardis\u00e9s en usine.<br \/>\n            <\/span>\n        <\/td>\n<td style=\"border: none; width: 50%; background-color: grey;\">\n            <img loading=\"lazy\" decoding=\"async\" class=\"alignnone wp-image-6614 size-large\" src=\"https:\/\/genatronik.com\/wp-content\/uploads\/2025\/04\/esd_df462_desc_6.png\" alt=\"\" width=\"640\" height=\"420\"\/>\n        <\/td>\n<\/tr>\n<tr style=\"border: none;\">\n<td style=\"width: 50%; border: none; background-color: grey;\">\n            <img loading=\"lazy\" decoding=\"async\" class=\"alignnone wp-image-6372 size-large\" src=\"https:\/\/genatronik.com\/wp-content\/uploads\/2025\/04\/esd_df462_desc_7.jpg\" alt=\"\" width=\"640\" height=\"420\"\/>\n        <\/td>\n<td style=\"width: 50%; border: none;\">\n<h5>Il existe deux types de grilles, qui peuvent \u00eatre remplac\u00e9es en fonction de l'application<\/h5>\n<p>            <span style=\"font-size: 19px;\"><br \/>\n                Pour les deux objectifs diff\u00e9rents que sont \"l'\u00e9limination de la statique \u00e0 longue distance\" et \"l'\u00e9limination de la statique \u00e0 grande \u00e9chelle\", il suffit de remplacer la grille, et ces deux types de grille sont standardis\u00e9s en usine.<br \/>\n            <\/span>\n        <\/td>\n<\/tr>\n<tr style=\"border: none;\">\n<td style=\"border: none; width: 50%;\">\n<h5>\u00c9quilibre ionique extr\u00eamement stable<\/h5>\n<p>            <span style=\"font-size: 19px;\"><br \/>\n                Performances conformes aux normes de l'industrie \u00e9lectronique et aux sp\u00e9cifications internationalement reconnues en mati\u00e8re de gestion des d\u00e9charges \u00e9lectrostatiques (ESD) pour les produits \u00e9lectriques et \u00e9lectroniques<br \/>\n            <\/span>\n        <\/td>\n<td style=\"border: none; width: 50%; background-color: grey;\">\n            <img loading=\"lazy\" decoding=\"async\" class=\"alignnone wp-image-6614 size-large\" src=\"https:\/\/genatronik.com\/wp-content\/uploads\/2025\/04\/esd_df462_desc_8.jpg\" alt=\"\" width=\"640\" height=\"420\"\/>\n        <\/td>\n<\/tr>\n<tr style=\"border: none;\">\n<td style=\"width: 50%; border: none; background-color: grey;\">\n            <img loading=\"lazy\" decoding=\"async\" class=\"alignnone wp-image-6372 size-large\" src=\"https:\/\/genatronik.com\/wp-content\/uploads\/2025\/04\/esd_df462_desc_9.jpg\" alt=\"\" width=\"640\" height=\"420\"\/>\n        <\/td>\n<td style=\"width: 50%; border: none;\">\n<h5>Les aiguilles en alliage sp\u00e9cial de tungst\u00e8ne ne s'usent pas facilement.<\/h5>\n<p>            <span style=\"font-size: 19px;\"><br \/>\n                Les aiguilles ioniques en alliage de tungst\u00e8ne pr\u00e9sentent les caract\u00e9ristiques d'une grande solidit\u00e9 et d'une r\u00e9sistance aux temp\u00e9ratures \u00e9lev\u00e9es, et ont une dur\u00e9e de vie plus longue que les aiguilles ioniques en SUS.<br \/>\n            <\/span>\n        <\/td>\n<\/tr>\n<tr style=\"border: none;\">\n<td style=\"border: none; width: 50%;\">\n<h5>WIFI r\u00e9seau sans fil Gestion int\u00e9gr\u00e9e efficace<\/h5>\n<p>            <span style=\"font-size: 19px;\"><br \/>\n                La flexibilit\u00e9 et la mobilit\u00e9 du WIFI seront meilleures, et l'emplacement ne sera pas limit\u00e9 par l'emplacement du c\u00e2ble r\u00e9seau, ce qui peut r\u00e9duire de nombreux processus de c\u00e2blage encombrants. * Le module WIFI doit \u00eatre achet\u00e9 s\u00e9par\u00e9ment.<br \/>\n            <\/span>\n        <\/td>\n<td style=\"border: none; width: 50%; background-color: grey;\">\n            <img loading=\"lazy\" decoding=\"async\" class=\"alignnone wp-image-6614 size-large\" src=\"https:\/\/genatronik.com\/wp-content\/uploads\/2025\/04\/esd_df462_desc_10.jpg\" alt=\"\" width=\"640\" height=\"420\"\/>\n        <\/td>\n<\/tr>\n<\/tbody>\n<\/table>","protected":false},"excerpt":{"rendered":"<p>- Technologie d'ionisation AC \u00e0 haute fr\u00e9quence, bon effet d'\u00e9limination \u00e9lectrostatique<br \/>\n- Prise en charge de la surveillance \u00e0 distance du r\u00e9seau<br \/>\n- 5 fonctions d'alarme en cas d'anomalie, indicateur d'alarme de tuy\u00e8re ind\u00e9pendant<br \/>\n- Entretien facile, nettoyage automatique de l'aiguille d'ionisation, anneau d'aiguille d'ionisation amovible<br \/>\n- Conforme aux exigences de la norme ANSI\/ESD S20.20 EC61340-5-1<br \/>\n- Contr\u00f4le automatique, interface standard I0, signal de fonctionnement\/signal de d\u00e9faut<br \/>\n- 12 vitesses de vent r\u00e9glables, pour r\u00e9pondre \u00e0 diff\u00e9rents sc\u00e9narios d'exploitation<br \/>\n- Tension de s\u00e9curit\u00e9 de 2200V, circuits de protection multiples, pas de combustion, pas de crainte de court-circuit<br \/>\n- Transformateur c\u00e9ramique pi\u00e9zo\u00e9lectrique import\u00e9, aiguille ionique en tungst\u00e8ne \u00e0 longue dur\u00e9e de vie, durable.<\/p>","protected":false},"featured_media":4688,"comment_status":"open","ping_status":"closed","template":"","meta":{"_surecart_dashboard_logo_width":"180px","_surecart_dashboard_show_logo":true,"_surecart_dashboard_navigation_orders":true,"_surecart_dashboard_navigation_invoices":true,"_surecart_dashboard_navigation_subscriptions":true,"_surecart_dashboard_navigation_downloads":true,"_surecart_dashboard_navigation_billing":true,"_surecart_dashboard_navigation_account":true,"_uag_custom_page_level_css":"","site-sidebar-layout":"default","site-content-layout":"","ast-site-content-layout":"default","site-content-style":"default","site-sidebar-style":"default","ast-global-header-display":"","ast-banner-title-visibility":"","ast-main-header-display":"","ast-hfb-above-header-display":"","ast-hfb-below-header-display":"","ast-hfb-mobile-header-display":"","site-post-title":"","ast-breadcrumbs-content":"","ast-featured-img":"","footer-sml-layout":"","ast-disable-related-posts":"","theme-transparent-header-meta":"default","adv-header-id-meta":"","stick-header-meta":"default","header-above-stick-meta":"","header-main-stick-meta":"","header-below-stick-meta":"","astra-migrate-meta-layouts":"set","ast-page-background-enabled":"default","ast-page-background-meta":{"desktop":{"background-color":"var(--ast-global-color-4)","background-image":"","background-repeat":"repeat","background-position":"center center","background-size":"auto","background-attachment":"scroll","background-type":"","background-media":"","overlay-type":"","overlay-color":"","overlay-opacity":"","overlay-gradient":""},"tablet":{"background-color":"","background-image":"","background-repeat":"repeat","background-position":"center center","background-size":"auto","background-attachment":"scroll","background-type":"","background-media":"","overlay-type":"","overlay-color":"","overlay-opacity":"","overlay-gradient":""},"mobile":{"background-color":"","background-image":"","background-repeat":"repeat","background-position":"center center","background-size":"auto","background-attachment":"scroll","background-type":"","background-media":"","overlay-type":"","overlay-color":"","overlay-opacity":"","overlay-gradient":""}},"ast-content-background-meta":{"desktop":{"background-color":"var(--ast-global-color-5)","background-image":"","background-repeat":"repeat","background-position":"center center","background-size":"auto","background-attachment":"scroll","background-type":"","background-media":"","overlay-type":"","overlay-color":"","overlay-opacity":"","overlay-gradient":""},"tablet":{"background-color":"var(--ast-global-color-5)","background-image":"","background-repeat":"repeat","background-position":"center center","background-size":"auto","background-attachment":"scroll","background-type":"","background-media":"","overlay-type":"","overlay-color":"","overlay-opacity":"","overlay-gradient":""},"mobile":{"background-color":"var(--ast-global-color-5)","background-image":"","background-repeat":"repeat","background-position":"center center","background-size":"auto","background-attachment":"scroll","background-type":"","background-media":"","overlay-type":"","overlay-color":"","overlay-opacity":"","overlay-gradient":""}}},"product_brand":[],"product_cat":[45,79],"product_tag":[],"class_list":{"0":"post-2734","1":"product","2":"type-product","3":"status-publish","4":"has-post-thumbnail","6":"product_cat-esd","7":"product_cat-ionizing-fan","8":"desktop-align-left","9":"tablet-align-left","10":"mobile-align-left","11":"ast-product-gallery-layout-horizontal-slider","12":"ast-product-tabs-layout-horizontal","14":"first","15":"instock","16":"taxable","17":"shipping-taxable","18":"purchasable","19":"product-type-simple"},"yoast_head":"<!-- This site is optimized with the Yoast SEO plugin v26.2 - https:\/\/yoast.com\/wordpress\/plugins\/seo\/ -->\n<title>Tronovo DF463A - Genatronik<\/title>\n<meta name=\"robots\" content=\"index, follow, max-snippet:-1, max-image-preview:large, max-video-preview:-1\" \/>\n<link rel=\"canonical\" href=\"https:\/\/genatronik.com\/fr\/product\/df463a\/\" \/>\n<meta property=\"og:locale\" content=\"fr_FR\" \/>\n<meta property=\"og:type\" content=\"article\" \/>\n<meta property=\"og:title\" content=\"Tronovo DF463A - Genatronik\" \/>\n<meta property=\"og:description\" content=\"\u2022 High frequency AC ionization technology, good electrostatic removal effect \u2022 Support network remote monitoring \u2022\u00a05 abnormal alarm functions, independent tuyere alarm indicator \u2022 Easy maintenance, automatic cleaning of the ion needle, detachable ion needle ring \u2022 Meets the requirements specification, ANSI\/ESD S20.20 EC61340-5-1 \u2022 Automatic control, standard I0 interface, operating signal\/fault signal \u2022 12 adjustable wind speeds, to meet different operating scenarios \u2022 2200V safe voltage, multiple protection circuits, no combustion, not afraid of short circuit \u2022 \u00a0Imported piezoelectric ceramic transformer, long-life tungsten ion needle, durable\" \/>\n<meta property=\"og:url\" content=\"https:\/\/genatronik.com\/fr\/product\/df463a\/\" \/>\n<meta property=\"og:site_name\" content=\"Genatronik\" \/>\n<meta property=\"article:modified_time\" content=\"2025-04-23T13:37:54+00:00\" \/>\n<meta property=\"og:image\" content=\"https:\/\/genatronik.com\/wp-content\/uploads\/2024\/12\/DF463A.3-1600-1200.png\" \/>\n\t<meta property=\"og:image:width\" content=\"1600\" \/>\n\t<meta property=\"og:image:height\" content=\"1200\" \/>\n\t<meta property=\"og:image:type\" content=\"image\/png\" \/>\n<meta name=\"twitter:card\" content=\"summary_large_image\" \/>\n<meta name=\"twitter:label1\" content=\"Dur\u00e9e de lecture estim\u00e9e\" \/>\n\t<meta name=\"twitter:data1\" content=\"4 minutes\" \/>\n<script type=\"application\/ld+json\" class=\"yoast-schema-graph\">{\"@context\":\"https:\/\/schema.org\",\"@graph\":[{\"@type\":\"WebPage\",\"@id\":\"https:\/\/genatronik.com\/en\/product\/df463a\/\",\"url\":\"https:\/\/genatronik.com\/en\/product\/df463a\/\",\"name\":\"Tronovo DF463A - Genatronik\",\"isPartOf\":{\"@id\":\"https:\/\/genatronik.com\/en\/#website\"},\"primaryImageOfPage\":{\"@id\":\"https:\/\/genatronik.com\/en\/product\/df463a\/#primaryimage\"},\"image\":{\"@id\":\"https:\/\/genatronik.com\/en\/product\/df463a\/#primaryimage\"},\"thumbnailUrl\":\"https:\/\/genatronik.com\/wp-content\/uploads\/2024\/12\/DF463A.3-1600-1200.png\",\"datePublished\":\"2024-12-16T16:31:31+00:00\",\"dateModified\":\"2025-04-23T13:37:54+00:00\",\"breadcrumb\":{\"@id\":\"https:\/\/genatronik.com\/en\/product\/df463a\/#breadcrumb\"},\"inLanguage\":\"fr-FR\",\"potentialAction\":[{\"@type\":\"ReadAction\",\"target\":[\"https:\/\/genatronik.com\/en\/product\/df463a\/\"]}]},{\"@type\":\"ImageObject\",\"inLanguage\":\"fr-FR\",\"@id\":\"https:\/\/genatronik.com\/en\/product\/df463a\/#primaryimage\",\"url\":\"https:\/\/genatronik.com\/wp-content\/uploads\/2024\/12\/DF463A.3-1600-1200.png\",\"contentUrl\":\"https:\/\/genatronik.com\/wp-content\/uploads\/2024\/12\/DF463A.3-1600-1200.png\",\"width\":1600,\"height\":1200},{\"@type\":\"BreadcrumbList\",\"@id\":\"https:\/\/genatronik.com\/en\/product\/df463a\/#breadcrumb\",\"itemListElement\":[{\"@type\":\"ListItem\",\"position\":1,\"name\":\"Home\",\"item\":\"https:\/\/genatronik.com\/\"},{\"@type\":\"ListItem\",\"position\":2,\"name\":\"Produkte\",\"item\":\"https:\/\/genatronik.com\/de\/shop\/\"},{\"@type\":\"ListItem\",\"position\":3,\"name\":\"Products\",\"item\":\"https:\/\/genatronik.com\/product-category\/products\/\"},{\"@type\":\"ListItem\",\"position\":4,\"name\":\"ESD\",\"item\":\"https:\/\/genatronik.com\/product-category\/products\/esd\/\"},{\"@type\":\"ListItem\",\"position\":5,\"name\":\"Ionizing Fan\",\"item\":\"https:\/\/genatronik.com\/en\/product-category\/products\/esd\/ionizing-fan\/\"},{\"@type\":\"ListItem\",\"position\":6,\"name\":\"Tronovo DF463A\"}]},{\"@type\":\"WebSite\",\"@id\":\"https:\/\/genatronik.com\/en\/#website\",\"url\":\"https:\/\/genatronik.com\/en\/\",\"name\":\"Genatronik\",\"description\":\"Advanced Devices. Reliable Service.\",\"publisher\":{\"@id\":\"https:\/\/genatronik.com\/en\/#organization\"},\"potentialAction\":[{\"@type\":\"SearchAction\",\"target\":{\"@type\":\"EntryPoint\",\"urlTemplate\":\"https:\/\/genatronik.com\/en\/?s={search_term_string}\"},\"query-input\":{\"@type\":\"PropertyValueSpecification\",\"valueRequired\":true,\"valueName\":\"search_term_string\"}}],\"inLanguage\":\"fr-FR\"},{\"@type\":\"Organization\",\"@id\":\"https:\/\/genatronik.com\/en\/#organization\",\"name\":\"Genatronik\",\"url\":\"https:\/\/genatronik.com\/en\/\",\"logo\":{\"@type\":\"ImageObject\",\"inLanguage\":\"fr-FR\",\"@id\":\"https:\/\/genatronik.com\/en\/#\/schema\/logo\/image\/\",\"url\":\"https:\/\/genatronik.com\/wp-content\/uploads\/2025\/05\/genatronik_logo_header-scaled.png\",\"contentUrl\":\"https:\/\/genatronik.com\/wp-content\/uploads\/2025\/05\/genatronik_logo_header-scaled.png\",\"width\":2560,\"height\":448,\"caption\":\"Genatronik\"},\"image\":{\"@id\":\"https:\/\/genatronik.com\/en\/#\/schema\/logo\/image\/\"}}]}<\/script>\n<!-- \/ Yoast SEO plugin. -->","yoast_head_json":{"title":"Tronovo DF463A - Genatronik","robots":{"index":"index","follow":"follow","max-snippet":"max-snippet:-1","max-image-preview":"max-image-preview:large","max-video-preview":"max-video-preview:-1"},"canonical":"https:\/\/genatronik.com\/fr\/product\/df463a\/","og_locale":"fr_FR","og_type":"article","og_title":"Tronovo DF463A - Genatronik","og_description":"\u2022 High frequency AC ionization technology, good electrostatic removal effect \u2022 Support network remote monitoring \u2022\u00a05 abnormal alarm functions, independent tuyere alarm indicator \u2022 Easy maintenance, automatic cleaning of the ion needle, detachable ion needle ring \u2022 Meets the requirements specification, ANSI\/ESD S20.20 EC61340-5-1 \u2022 Automatic control, standard I0 interface, operating signal\/fault signal \u2022 12 adjustable wind speeds, to meet different operating scenarios \u2022 2200V safe voltage, multiple protection circuits, no combustion, not afraid of short circuit \u2022 \u00a0Imported piezoelectric ceramic transformer, long-life tungsten ion needle, durable","og_url":"https:\/\/genatronik.com\/fr\/product\/df463a\/","og_site_name":"Genatronik","article_modified_time":"2025-04-23T13:37:54+00:00","og_image":[{"width":1600,"height":1200,"url":"https:\/\/genatronik.com\/wp-content\/uploads\/2024\/12\/DF463A.3-1600-1200.png","type":"image\/png"}],"twitter_card":"summary_large_image","twitter_misc":{"Dur\u00e9e de lecture estim\u00e9e":"4 minutes"},"schema":{"@context":"https:\/\/schema.org","@graph":[{"@type":"WebPage","@id":"https:\/\/genatronik.com\/en\/product\/df463a\/","url":"https:\/\/genatronik.com\/en\/product\/df463a\/","name":"Tronovo DF463A - Genatronik","isPartOf":{"@id":"https:\/\/genatronik.com\/en\/#website"},"primaryImageOfPage":{"@id":"https:\/\/genatronik.com\/en\/product\/df463a\/#primaryimage"},"image":{"@id":"https:\/\/genatronik.com\/en\/product\/df463a\/#primaryimage"},"thumbnailUrl":"https:\/\/genatronik.com\/wp-content\/uploads\/2024\/12\/DF463A.3-1600-1200.png","datePublished":"2024-12-16T16:31:31+00:00","dateModified":"2025-04-23T13:37:54+00:00","breadcrumb":{"@id":"https:\/\/genatronik.com\/en\/product\/df463a\/#breadcrumb"},"inLanguage":"fr-FR","potentialAction":[{"@type":"ReadAction","target":["https:\/\/genatronik.com\/en\/product\/df463a\/"]}]},{"@type":"ImageObject","inLanguage":"fr-FR","@id":"https:\/\/genatronik.com\/en\/product\/df463a\/#primaryimage","url":"https:\/\/genatronik.com\/wp-content\/uploads\/2024\/12\/DF463A.3-1600-1200.png","contentUrl":"https:\/\/genatronik.com\/wp-content\/uploads\/2024\/12\/DF463A.3-1600-1200.png","width":1600,"height":1200},{"@type":"BreadcrumbList","@id":"https:\/\/genatronik.com\/en\/product\/df463a\/#breadcrumb","itemListElement":[{"@type":"ListItem","position":1,"name":"Home","item":"https:\/\/genatronik.com\/"},{"@type":"ListItem","position":2,"name":"Produkte","item":"https:\/\/genatronik.com\/de\/shop\/"},{"@type":"ListItem","position":3,"name":"Products","item":"https:\/\/genatronik.com\/product-category\/products\/"},{"@type":"ListItem","position":4,"name":"ESD","item":"https:\/\/genatronik.com\/product-category\/products\/esd\/"},{"@type":"ListItem","position":5,"name":"Ionizing Fan","item":"https:\/\/genatronik.com\/en\/product-category\/products\/esd\/ionizing-fan\/"},{"@type":"ListItem","position":6,"name":"Tronovo DF463A"}]},{"@type":"WebSite","@id":"https:\/\/genatronik.com\/en\/#website","url":"https:\/\/genatronik.com\/en\/","name":"Genatronik","description":"Dispositifs avanc\u00e9s. Un service fiable.","publisher":{"@id":"https:\/\/genatronik.com\/en\/#organization"},"potentialAction":[{"@type":"SearchAction","target":{"@type":"EntryPoint","urlTemplate":"https:\/\/genatronik.com\/en\/?s={search_term_string}"},"query-input":{"@type":"PropertyValueSpecification","valueRequired":true,"valueName":"search_term_string"}}],"inLanguage":"fr-FR"},{"@type":"Organization","@id":"https:\/\/genatronik.com\/en\/#organization","name":"Genatronik","url":"https:\/\/genatronik.com\/en\/","logo":{"@type":"ImageObject","inLanguage":"fr-FR","@id":"https:\/\/genatronik.com\/en\/#\/schema\/logo\/image\/","url":"https:\/\/genatronik.com\/wp-content\/uploads\/2025\/05\/genatronik_logo_header-scaled.png","contentUrl":"https:\/\/genatronik.com\/wp-content\/uploads\/2025\/05\/genatronik_logo_header-scaled.png","width":2560,"height":448,"caption":"Genatronik"},"image":{"@id":"https:\/\/genatronik.com\/en\/#\/schema\/logo\/image\/"}}]}},"uagb_featured_image_src":{"full":["https:\/\/genatronik.com\/wp-content\/uploads\/2024\/12\/DF463A.3-1600-1200.png",1600,1200,false],"thumbnail":["https:\/\/genatronik.com\/wp-content\/uploads\/2024\/12\/DF463A.3-1600-1200.png",150,113,false],"medium":["https:\/\/genatronik.com\/wp-content\/uploads\/2024\/12\/DF463A.3-1600-1200.png",300,225,false],"medium_large":["https:\/\/genatronik.com\/wp-content\/uploads\/2024\/12\/DF463A.3-1600-1200.png",768,576,false],"large":["https:\/\/genatronik.com\/wp-content\/uploads\/2024\/12\/DF463A.3-1600-1200.png",1024,768,false],"1536x1536":["https:\/\/genatronik.com\/wp-content\/uploads\/2024\/12\/DF463A.3-1600-1200.png",1536,1152,false],"2048x2048":["https:\/\/genatronik.com\/wp-content\/uploads\/2024\/12\/DF463A.3-1600-1200.png",1600,1200,false],"trp-custom-language-flag":["https:\/\/genatronik.com\/wp-content\/uploads\/2024\/12\/DF463A.3-1600-1200.png",16,12,false],"tp-image-grid":["https:\/\/genatronik.com\/wp-content\/uploads\/2024\/12\/DF463A.3-1600-1200.png",700,525,false],"woocommerce_thumbnail":["https:\/\/genatronik.com\/wp-content\/uploads\/2024\/12\/DF463A.3-1600-1200.png",300,225,false],"woocommerce_single":["https:\/\/genatronik.com\/wp-content\/uploads\/2024\/12\/DF463A.3-1600-1200.png",600,450,false],"woocommerce_gallery_thumbnail":["https:\/\/genatronik.com\/wp-content\/uploads\/2024\/12\/DF463A.3-1600-1200-100x100.png",100,100,true]},"uagb_author_info":{"display_name":"guanyuan zhu","author_link":"https:\/\/genatronik.com\/fr\/author\/"},"uagb_comment_info":0,"uagb_excerpt":"\u2022 High frequency AC ionization technology, good electrostatic removal effect \u2022 Support network remote monitoring \u2022\u00a05 abnormal alarm functions, independent tuyere alarm indicator \u2022 Easy maintenance, automatic cleaning of the ion needle, detachable ion needle ring \u2022 Meets the requirements specification, ANSI\/ESD S20.20 EC61340-5-1 \u2022 Automatic control, standard I0 interface, operating signal\/fault signal \u2022 12\u2026","jetpack_sharing_enabled":true,"_links":{"self":[{"href":"https:\/\/genatronik.com\/fr\/wp-json\/wp\/v2\/product\/2734","targetHints":{"allow":["GET"]}}],"collection":[{"href":"https:\/\/genatronik.com\/fr\/wp-json\/wp\/v2\/product"}],"about":[{"href":"https:\/\/genatronik.com\/fr\/wp-json\/wp\/v2\/types\/product"}],"replies":[{"embeddable":true,"href":"https:\/\/genatronik.com\/fr\/wp-json\/wp\/v2\/comments?post=2734"}],"version-history":[{"count":11,"href":"https:\/\/genatronik.com\/fr\/wp-json\/wp\/v2\/product\/2734\/revisions"}],"predecessor-version":[{"id":6869,"href":"https:\/\/genatronik.com\/fr\/wp-json\/wp\/v2\/product\/2734\/revisions\/6869"}],"wp:featuredmedia":[{"embeddable":true,"href":"https:\/\/genatronik.com\/fr\/wp-json\/wp\/v2\/media\/4688"}],"wp:attachment":[{"href":"https:\/\/genatronik.com\/fr\/wp-json\/wp\/v2\/media?parent=2734"}],"wp:term":[{"taxonomy":"product_brand","embeddable":true,"href":"https:\/\/genatronik.com\/fr\/wp-json\/wp\/v2\/product_brand?post=2734"},{"taxonomy":"product_cat","embeddable":true,"href":"https:\/\/genatronik.com\/fr\/wp-json\/wp\/v2\/product_cat?post=2734"},{"taxonomy":"product_tag","embeddable":true,"href":"https:\/\/genatronik.com\/fr\/wp-json\/wp\/v2\/product_tag?post=2734"}],"curies":[{"name":"wp","href":"https:\/\/api.w.org\/{rel}","templated":true}]}}