{"id":2692,"date":"2024-12-16T20:06:04","date_gmt":"2024-12-16T12:06:04","guid":{"rendered":"https:\/\/genatronik.com\/?post_type=product&#038;p=2692"},"modified":"2025-04-23T15:31:11","modified_gmt":"2025-04-23T13:31:11","slug":"df721","status":"publish","type":"product","link":"https:\/\/genatronik.com\/fr\/product\/df721\/","title":{"rendered":"Tronovo DF721"},"content":{"rendered":"<p><span style=\"background-color: transparent;\"><br \/>\n<span style=\"font-size: 18px;\"><br \/>\nLes ionisateurs utilisent la technologie d'ionisation \u00e0 courant alternatif pour fournir un \u00e9quilibre ionique stable qui \u00e9limine rapidement l'\u00e9lectricit\u00e9 statique de la table de travail. Sa l\u00e9g\u00e8ret\u00e9 et sa petite taille permettent de le placer facilement n'importe o\u00f9 sur la table. Excellentes performances, bonne protection antistatique du produit, et emp\u00eache \u00e9galement les particules de poussi\u00e8re de s'adsorber sur le produit. La lingette de nettoyage \u00e0 aiguille \u00e9lectrostatique int\u00e9gr\u00e9e simplifie les proc\u00e9dures d'entretien.<br \/>\n<\/span><\/span><\/p>\n<hr style=\"height: 3px; border-width: 0; color: gray; background-color: gray;\" \/>\n<p>&nbsp;<\/p>\n<table style=\"width: 100%; border-collapse: collapse; float: center; border: none;\">\n<tbody style=\"border: none;\">\n<tr style=\"border: none;\">\n<td style=\"width: 50%; border: none; background-color: grey;\"><img fetchpriority=\"high\" decoding=\"async\" class=\"alignnone wp-image-6786 size-large\" src=\"https:\/\/genatronik.com\/wp-content\/uploads\/2025\/04\/esd_df722_desc_1.jpg\" alt=\"\" width=\"640\" height=\"420\" data-wp-editing=\"1\" \/><\/td>\n<td style=\"width: 50%; border: none;\">\n<h5>Normes de protection ESD<\/h5>\n<p><span style=\"font-size: 19px;\"><br \/>\nLa capacit\u00e9 de l'\u00e9liminateur d'\u00e9lectricit\u00e9 statique est test\u00e9e par la norme am\u00e9ricaine EOS\/ESD pour l'utilisation d'un moniteur \u00e0 \u00e9cran plat sous tension, et la norme de tension r\u00e9siduelle sp\u00e9cifie entre \u00b135V et le temps de dissipation de l'\u00e9lectricit\u00e9 statique refl\u00e8te la vitesse \u00e0 laquelle l'\u00e9lectricit\u00e9 statique est \u00e9limin\u00e9e.<br \/>\n<\/span><\/td>\n<\/tr>\n<tr style=\"border: none;\">\n<td style=\"width: 50%; border: none;\">\n<h5>Hotte de nettoyage des filtres<\/h5>\n<p><span style=\"font-size: 19px;\"><br \/>\nDans les environnements poussi\u00e9reux, il est recommand\u00e9 d'installer un filtre.<br \/>\n<\/span><\/td>\n<td style=\"width: 50%; border: none; background-color: grey;\"><img decoding=\"async\" class=\"alignnone wp-image-6370 size-large\" src=\"https:\/\/genatronik.com\/wp-content\/uploads\/2025\/04\/esd_df722_desc_2.jpg\" alt=\"\" width=\"640\" height=\"420\" \/><\/td>\n<\/tr>\n<tr style=\"border: none;\">\n<td style=\"width: 50%; border: none; background-color: grey;\"><img decoding=\"async\" class=\"alignnone wp-image-6372 size-large\" src=\"https:\/\/genatronik.com\/wp-content\/uploads\/2025\/04\/esd_df722_desc_3.png\" alt=\"\" width=\"640\" height=\"420\" \/><\/td>\n<td style=\"width: 50%; border: none;\">\n<h5>Temps de dissipation typique<\/h5>\n<p><span style=\"font-size: 19px;\"><br \/>\nSelon la norme de l'Institut ESD des \u00c9tats-Unis : ANSI\/ESDS20.20-2014, chaque point repr\u00e9sente le temps de dissipation statique de 1000V \u00e0 100V \u00e0 des vitesses de vent \u00e9lev\u00e9es.<br \/>\n<\/span><\/td>\n<\/tr>\n<tr style=\"border: none;\">\n<td style=\"border: none; width: 50%;\">\n<h5>Instrument de test : CPM374<\/h5>\n<p><span style=\"font-size: 19px;\"><br \/>\nTension d'essai : \u00b11000V \u2192 \u00b1100V Att\u00e9nuation<br \/>\nDistance de mesure : 30CM<br \/>\nEnvironnement de mesure : humidit\u00e9 55%, temp\u00e9rature 25\u00b0C<br \/>\n<\/span><\/td>\n<td style=\"border: none; width: 50%; background-color: grey;\"><img loading=\"lazy\" decoding=\"async\" class=\"alignnone wp-image-6614 size-large\" src=\"https:\/\/genatronik.com\/wp-content\/uploads\/2025\/04\/esd_df722_desc_4.png\" alt=\"\" width=\"640\" height=\"420\" \/><\/td>\n<\/tr>\n<\/tbody>\n<\/table>","protected":false},"excerpt":{"rendered":"<p>- Temps de dissipation rapide, \u00e9limination rapide de l'\u00e9lectricit\u00e9 statique<br \/>\n- L\u00e9ger et orient\u00e9 directement vers la table de travail<br \/>\n- Temps de dissipation rapide, \u00e9limination rapide de l'\u00e9lectricit\u00e9 statique<br \/>\n- Entretien facile, brosse de nettoyage ionique int\u00e9gr\u00e9e<br \/>\n- La vitesse du vent peut \u00eatre ajust\u00e9e et la puissance du vent peut \u00eatre contr\u00f4l\u00e9e \u00e0 volont\u00e9.<br \/>\n- Indicateur d'ionisation pour la visualisation de l'\u00e9tat de fonctionnement<br \/>\n- Faible niveau sonore pour \u00e9viter les risques de bruit<br \/>\n- Certificat CE, meilleure assurance qualit\u00e9<\/p>","protected":false},"featured_media":4667,"comment_status":"open","ping_status":"closed","template":"","meta":{"_surecart_dashboard_logo_width":"180px","_surecart_dashboard_show_logo":true,"_surecart_dashboard_navigation_orders":true,"_surecart_dashboard_navigation_invoices":true,"_surecart_dashboard_navigation_subscriptions":true,"_surecart_dashboard_navigation_downloads":true,"_surecart_dashboard_navigation_billing":true,"_surecart_dashboard_navigation_account":true,"_uag_custom_page_level_css":"","site-sidebar-layout":"default","site-content-layout":"","ast-site-content-layout":"default","site-content-style":"default","site-sidebar-style":"default","ast-global-header-display":"","ast-banner-title-visibility":"","ast-main-header-display":"","ast-hfb-above-header-display":"","ast-hfb-below-header-display":"","ast-hfb-mobile-header-display":"","site-post-title":"","ast-breadcrumbs-content":"","ast-featured-img":"","footer-sml-layout":"","ast-disable-related-posts":"","theme-transparent-header-meta":"default","adv-header-id-meta":"","stick-header-meta":"default","header-above-stick-meta":"","header-main-stick-meta":"","header-below-stick-meta":"","astra-migrate-meta-layouts":"set","ast-page-background-enabled":"default","ast-page-background-meta":{"desktop":{"background-color":"var(--ast-global-color-4)","background-image":"","background-repeat":"repeat","background-position":"center center","background-size":"auto","background-attachment":"scroll","background-type":"","background-media":"","overlay-type":"","overlay-color":"","overlay-opacity":"","overlay-gradient":""},"tablet":{"background-color":"","background-image":"","background-repeat":"repeat","background-position":"center center","background-size":"auto","background-attachment":"scroll","background-type":"","background-media":"","overlay-type":"","overlay-color":"","overlay-opacity":"","overlay-gradient":""},"mobile":{"background-color":"","background-image":"","background-repeat":"repeat","background-position":"center center","background-size":"auto","background-attachment":"scroll","background-type":"","background-media":"","overlay-type":"","overlay-color":"","overlay-opacity":"","overlay-gradient":""}},"ast-content-background-meta":{"desktop":{"background-color":"var(--ast-global-color-5)","background-image":"","background-repeat":"repeat","background-position":"center center","background-size":"auto","background-attachment":"scroll","background-type":"","background-media":"","overlay-type":"","overlay-color":"","overlay-opacity":"","overlay-gradient":""},"tablet":{"background-color":"var(--ast-global-color-5)","background-image":"","background-repeat":"repeat","background-position":"center center","background-size":"auto","background-attachment":"scroll","background-type":"","background-media":"","overlay-type":"","overlay-color":"","overlay-opacity":"","overlay-gradient":""},"mobile":{"background-color":"var(--ast-global-color-5)","background-image":"","background-repeat":"repeat","background-position":"center center","background-size":"auto","background-attachment":"scroll","background-type":"","background-media":"","overlay-type":"","overlay-color":"","overlay-opacity":"","overlay-gradient":""}}},"product_brand":[],"product_cat":[45,79],"product_tag":[],"class_list":{"0":"post-2692","1":"product","2":"type-product","3":"status-publish","4":"has-post-thumbnail","6":"product_cat-esd","7":"product_cat-ionizing-fan","8":"desktop-align-left","9":"tablet-align-left","10":"mobile-align-left","11":"ast-product-gallery-layout-horizontal-slider","12":"ast-product-tabs-layout-horizontal","14":"first","15":"instock","16":"taxable","17":"shipping-taxable","18":"purchasable","19":"product-type-simple"},"yoast_head":"<!-- This site is optimized with the Yoast SEO plugin v26.2 - https:\/\/yoast.com\/wordpress\/plugins\/seo\/ -->\n<title>Tronovo DF721 - Genatronik<\/title>\n<meta name=\"robots\" content=\"index, follow, max-snippet:-1, max-image-preview:large, max-video-preview:-1\" \/>\n<link rel=\"canonical\" href=\"https:\/\/genatronik.com\/fr\/product\/df721\/\" \/>\n<meta property=\"og:locale\" content=\"fr_FR\" \/>\n<meta property=\"og:type\" content=\"article\" \/>\n<meta property=\"og:title\" content=\"Tronovo DF721 - Genatronik\" \/>\n<meta property=\"og:description\" content=\"\u2022 Fast dissipation time, fast elimination of static electricity \u2022 Lightweight and aimed directly at the work table \u2022 Fast dissipation time, fast elimination of static electricity \u2022 Easy maintenance, built-in ionic needle cleaning brush \u2022 Wind speed can be adjusted, and the wind power can be controlled at will \u2022 Ionization indicator for visual display of working status \u2022 Low noise to prevent noise hazards \u2022 CE certificate, higher quality assurance\" \/>\n<meta property=\"og:url\" content=\"https:\/\/genatronik.com\/fr\/product\/df721\/\" \/>\n<meta property=\"og:site_name\" content=\"Genatronik\" \/>\n<meta property=\"article:modified_time\" content=\"2025-04-23T13:31:11+00:00\" \/>\n<meta property=\"og:image\" content=\"https:\/\/genatronik.com\/wp-content\/uploads\/2024\/12\/DF721-1-1600-1200.png\" \/>\n\t<meta property=\"og:image:width\" content=\"1600\" \/>\n\t<meta property=\"og:image:height\" content=\"1200\" \/>\n\t<meta property=\"og:image:type\" content=\"image\/png\" \/>\n<meta name=\"twitter:card\" content=\"summary_large_image\" \/>\n<meta name=\"twitter:label1\" content=\"Dur\u00e9e de lecture estim\u00e9e\" \/>\n\t<meta name=\"twitter:data1\" content=\"2 minutes\" \/>\n<script type=\"application\/ld+json\" class=\"yoast-schema-graph\">{\"@context\":\"https:\/\/schema.org\",\"@graph\":[{\"@type\":\"WebPage\",\"@id\":\"https:\/\/genatronik.com\/en\/product\/df721\/\",\"url\":\"https:\/\/genatronik.com\/en\/product\/df721\/\",\"name\":\"Tronovo DF721 - Genatronik\",\"isPartOf\":{\"@id\":\"https:\/\/genatronik.com\/en\/#website\"},\"primaryImageOfPage\":{\"@id\":\"https:\/\/genatronik.com\/en\/product\/df721\/#primaryimage\"},\"image\":{\"@id\":\"https:\/\/genatronik.com\/en\/product\/df721\/#primaryimage\"},\"thumbnailUrl\":\"https:\/\/genatronik.com\/wp-content\/uploads\/2024\/12\/DF721-1-1600-1200.png\",\"datePublished\":\"2024-12-16T12:06:04+00:00\",\"dateModified\":\"2025-04-23T13:31:11+00:00\",\"breadcrumb\":{\"@id\":\"https:\/\/genatronik.com\/en\/product\/df721\/#breadcrumb\"},\"inLanguage\":\"fr-FR\",\"potentialAction\":[{\"@type\":\"ReadAction\",\"target\":[\"https:\/\/genatronik.com\/en\/product\/df721\/\"]}]},{\"@type\":\"ImageObject\",\"inLanguage\":\"fr-FR\",\"@id\":\"https:\/\/genatronik.com\/en\/product\/df721\/#primaryimage\",\"url\":\"https:\/\/genatronik.com\/wp-content\/uploads\/2024\/12\/DF721-1-1600-1200.png\",\"contentUrl\":\"https:\/\/genatronik.com\/wp-content\/uploads\/2024\/12\/DF721-1-1600-1200.png\",\"width\":1600,\"height\":1200},{\"@type\":\"BreadcrumbList\",\"@id\":\"https:\/\/genatronik.com\/en\/product\/df721\/#breadcrumb\",\"itemListElement\":[{\"@type\":\"ListItem\",\"position\":1,\"name\":\"Home\",\"item\":\"https:\/\/genatronik.com\/\"},{\"@type\":\"ListItem\",\"position\":2,\"name\":\"Produkte\",\"item\":\"https:\/\/genatronik.com\/de\/shop\/\"},{\"@type\":\"ListItem\",\"position\":3,\"name\":\"Products\",\"item\":\"https:\/\/genatronik.com\/product-category\/products\/\"},{\"@type\":\"ListItem\",\"position\":4,\"name\":\"ESD\",\"item\":\"https:\/\/genatronik.com\/product-category\/products\/esd\/\"},{\"@type\":\"ListItem\",\"position\":5,\"name\":\"Ionizing Fan\",\"item\":\"https:\/\/genatronik.com\/en\/product-category\/products\/esd\/ionizing-fan\/\"},{\"@type\":\"ListItem\",\"position\":6,\"name\":\"Tronovo DF721\"}]},{\"@type\":\"WebSite\",\"@id\":\"https:\/\/genatronik.com\/en\/#website\",\"url\":\"https:\/\/genatronik.com\/en\/\",\"name\":\"Genatronik\",\"description\":\"Advanced Devices. Reliable Service.\",\"publisher\":{\"@id\":\"https:\/\/genatronik.com\/en\/#organization\"},\"potentialAction\":[{\"@type\":\"SearchAction\",\"target\":{\"@type\":\"EntryPoint\",\"urlTemplate\":\"https:\/\/genatronik.com\/en\/?s={search_term_string}\"},\"query-input\":{\"@type\":\"PropertyValueSpecification\",\"valueRequired\":true,\"valueName\":\"search_term_string\"}}],\"inLanguage\":\"fr-FR\"},{\"@type\":\"Organization\",\"@id\":\"https:\/\/genatronik.com\/en\/#organization\",\"name\":\"Genatronik\",\"url\":\"https:\/\/genatronik.com\/en\/\",\"logo\":{\"@type\":\"ImageObject\",\"inLanguage\":\"fr-FR\",\"@id\":\"https:\/\/genatronik.com\/en\/#\/schema\/logo\/image\/\",\"url\":\"https:\/\/genatronik.com\/wp-content\/uploads\/2025\/05\/genatronik_logo_header-scaled.png\",\"contentUrl\":\"https:\/\/genatronik.com\/wp-content\/uploads\/2025\/05\/genatronik_logo_header-scaled.png\",\"width\":2560,\"height\":448,\"caption\":\"Genatronik\"},\"image\":{\"@id\":\"https:\/\/genatronik.com\/en\/#\/schema\/logo\/image\/\"}}]}<\/script>\n<!-- \/ Yoast SEO plugin. -->","yoast_head_json":{"title":"Tronovo DF721 - Genatronik","robots":{"index":"index","follow":"follow","max-snippet":"max-snippet:-1","max-image-preview":"max-image-preview:large","max-video-preview":"max-video-preview:-1"},"canonical":"https:\/\/genatronik.com\/fr\/product\/df721\/","og_locale":"fr_FR","og_type":"article","og_title":"Tronovo DF721 - Genatronik","og_description":"\u2022 Fast dissipation time, fast elimination of static electricity \u2022 Lightweight and aimed directly at the work table \u2022 Fast dissipation time, fast elimination of static electricity \u2022 Easy maintenance, built-in ionic needle cleaning brush \u2022 Wind speed can be adjusted, and the wind power can be controlled at will \u2022 Ionization indicator for visual display of working status \u2022 Low noise to prevent noise hazards \u2022 CE certificate, higher quality assurance","og_url":"https:\/\/genatronik.com\/fr\/product\/df721\/","og_site_name":"Genatronik","article_modified_time":"2025-04-23T13:31:11+00:00","og_image":[{"width":1600,"height":1200,"url":"https:\/\/genatronik.com\/wp-content\/uploads\/2024\/12\/DF721-1-1600-1200.png","type":"image\/png"}],"twitter_card":"summary_large_image","twitter_misc":{"Dur\u00e9e de lecture estim\u00e9e":"2 minutes"},"schema":{"@context":"https:\/\/schema.org","@graph":[{"@type":"WebPage","@id":"https:\/\/genatronik.com\/en\/product\/df721\/","url":"https:\/\/genatronik.com\/en\/product\/df721\/","name":"Tronovo DF721 - Genatronik","isPartOf":{"@id":"https:\/\/genatronik.com\/en\/#website"},"primaryImageOfPage":{"@id":"https:\/\/genatronik.com\/en\/product\/df721\/#primaryimage"},"image":{"@id":"https:\/\/genatronik.com\/en\/product\/df721\/#primaryimage"},"thumbnailUrl":"https:\/\/genatronik.com\/wp-content\/uploads\/2024\/12\/DF721-1-1600-1200.png","datePublished":"2024-12-16T12:06:04+00:00","dateModified":"2025-04-23T13:31:11+00:00","breadcrumb":{"@id":"https:\/\/genatronik.com\/en\/product\/df721\/#breadcrumb"},"inLanguage":"fr-FR","potentialAction":[{"@type":"ReadAction","target":["https:\/\/genatronik.com\/en\/product\/df721\/"]}]},{"@type":"ImageObject","inLanguage":"fr-FR","@id":"https:\/\/genatronik.com\/en\/product\/df721\/#primaryimage","url":"https:\/\/genatronik.com\/wp-content\/uploads\/2024\/12\/DF721-1-1600-1200.png","contentUrl":"https:\/\/genatronik.com\/wp-content\/uploads\/2024\/12\/DF721-1-1600-1200.png","width":1600,"height":1200},{"@type":"BreadcrumbList","@id":"https:\/\/genatronik.com\/en\/product\/df721\/#breadcrumb","itemListElement":[{"@type":"ListItem","position":1,"name":"Home","item":"https:\/\/genatronik.com\/"},{"@type":"ListItem","position":2,"name":"Produkte","item":"https:\/\/genatronik.com\/de\/shop\/"},{"@type":"ListItem","position":3,"name":"Products","item":"https:\/\/genatronik.com\/product-category\/products\/"},{"@type":"ListItem","position":4,"name":"ESD","item":"https:\/\/genatronik.com\/product-category\/products\/esd\/"},{"@type":"ListItem","position":5,"name":"Ionizing Fan","item":"https:\/\/genatronik.com\/en\/product-category\/products\/esd\/ionizing-fan\/"},{"@type":"ListItem","position":6,"name":"Tronovo DF721"}]},{"@type":"WebSite","@id":"https:\/\/genatronik.com\/en\/#website","url":"https:\/\/genatronik.com\/en\/","name":"Genatronik","description":"Dispositifs avanc\u00e9s. Un service fiable.","publisher":{"@id":"https:\/\/genatronik.com\/en\/#organization"},"potentialAction":[{"@type":"SearchAction","target":{"@type":"EntryPoint","urlTemplate":"https:\/\/genatronik.com\/en\/?s={search_term_string}"},"query-input":{"@type":"PropertyValueSpecification","valueRequired":true,"valueName":"search_term_string"}}],"inLanguage":"fr-FR"},{"@type":"Organization","@id":"https:\/\/genatronik.com\/en\/#organization","name":"Genatronik","url":"https:\/\/genatronik.com\/en\/","logo":{"@type":"ImageObject","inLanguage":"fr-FR","@id":"https:\/\/genatronik.com\/en\/#\/schema\/logo\/image\/","url":"https:\/\/genatronik.com\/wp-content\/uploads\/2025\/05\/genatronik_logo_header-scaled.png","contentUrl":"https:\/\/genatronik.com\/wp-content\/uploads\/2025\/05\/genatronik_logo_header-scaled.png","width":2560,"height":448,"caption":"Genatronik"},"image":{"@id":"https:\/\/genatronik.com\/en\/#\/schema\/logo\/image\/"}}]}},"uagb_featured_image_src":{"full":["https:\/\/genatronik.com\/wp-content\/uploads\/2024\/12\/DF721-1-1600-1200.png",1600,1200,false],"thumbnail":["https:\/\/genatronik.com\/wp-content\/uploads\/2024\/12\/DF721-1-1600-1200.png",150,113,false],"medium":["https:\/\/genatronik.com\/wp-content\/uploads\/2024\/12\/DF721-1-1600-1200.png",300,225,false],"medium_large":["https:\/\/genatronik.com\/wp-content\/uploads\/2024\/12\/DF721-1-1600-1200.png",768,576,false],"large":["https:\/\/genatronik.com\/wp-content\/uploads\/2024\/12\/DF721-1-1600-1200.png",1024,768,false],"1536x1536":["https:\/\/genatronik.com\/wp-content\/uploads\/2024\/12\/DF721-1-1600-1200.png",1536,1152,false],"2048x2048":["https:\/\/genatronik.com\/wp-content\/uploads\/2024\/12\/DF721-1-1600-1200.png",1600,1200,false],"trp-custom-language-flag":["https:\/\/genatronik.com\/wp-content\/uploads\/2024\/12\/DF721-1-1600-1200.png",16,12,false],"tp-image-grid":["https:\/\/genatronik.com\/wp-content\/uploads\/2024\/12\/DF721-1-1600-1200.png",700,525,false],"woocommerce_thumbnail":["https:\/\/genatronik.com\/wp-content\/uploads\/2024\/12\/DF721-1-1600-1200.png",300,225,false],"woocommerce_single":["https:\/\/genatronik.com\/wp-content\/uploads\/2024\/12\/DF721-1-1600-1200.png",600,450,false],"woocommerce_gallery_thumbnail":["https:\/\/genatronik.com\/wp-content\/uploads\/2024\/12\/DF721-1-1600-1200-100x100.png",100,100,true]},"uagb_author_info":{"display_name":"guanyuan zhu","author_link":"https:\/\/genatronik.com\/fr\/author\/"},"uagb_comment_info":0,"uagb_excerpt":"\u2022 Fast dissipation time, fast elimination of static electricity \u2022 Lightweight and aimed directly at the work table \u2022 Fast dissipation time, fast elimination of static electricity \u2022 Easy maintenance, built-in ionic needle cleaning brush \u2022 Wind speed can be adjusted, and the wind power can be controlled at will \u2022 Ionization indicator for visual\u2026","jetpack_sharing_enabled":true,"_links":{"self":[{"href":"https:\/\/genatronik.com\/fr\/wp-json\/wp\/v2\/product\/2692","targetHints":{"allow":["GET"]}}],"collection":[{"href":"https:\/\/genatronik.com\/fr\/wp-json\/wp\/v2\/product"}],"about":[{"href":"https:\/\/genatronik.com\/fr\/wp-json\/wp\/v2\/types\/product"}],"replies":[{"embeddable":true,"href":"https:\/\/genatronik.com\/fr\/wp-json\/wp\/v2\/comments?post=2692"}],"version-history":[{"count":15,"href":"https:\/\/genatronik.com\/fr\/wp-json\/wp\/v2\/product\/2692\/revisions"}],"predecessor-version":[{"id":6868,"href":"https:\/\/genatronik.com\/fr\/wp-json\/wp\/v2\/product\/2692\/revisions\/6868"}],"wp:featuredmedia":[{"embeddable":true,"href":"https:\/\/genatronik.com\/fr\/wp-json\/wp\/v2\/media\/4667"}],"wp:attachment":[{"href":"https:\/\/genatronik.com\/fr\/wp-json\/wp\/v2\/media?parent=2692"}],"wp:term":[{"taxonomy":"product_brand","embeddable":true,"href":"https:\/\/genatronik.com\/fr\/wp-json\/wp\/v2\/product_brand?post=2692"},{"taxonomy":"product_cat","embeddable":true,"href":"https:\/\/genatronik.com\/fr\/wp-json\/wp\/v2\/product_cat?post=2692"},{"taxonomy":"product_tag","embeddable":true,"href":"https:\/\/genatronik.com\/fr\/wp-json\/wp\/v2\/product_tag?post=2692"}],"curies":[{"name":"wp","href":"https:\/\/api.w.org\/{rel}","templated":true}]}}