{"id":2659,"date":"2024-12-02T23:34:29","date_gmt":"2024-12-02T15:34:29","guid":{"rendered":"https:\/\/genatronik.com\/?post_type=product&#038;p=2659"},"modified":"2025-03-31T13:01:31","modified_gmt":"2025-03-31T11:01:31","slug":"dm858","status":"publish","type":"product","link":"https:\/\/genatronik.com\/fr\/product\/dm858\/","title":{"rendered":"Rigol DM858"},"content":{"rendered":"<p>- Taux de lecture max : 80 lectures\/s<br \/>\n- Jusqu'\u00e0 500 000 points de m\u00e9moire pour enregistrer et analyser plus de donn\u00e9es<br \/>\n- R\u00e9solution de lecture de 5\u00bd chiffres (120 000 points)<br \/>\n- Mesure de la tension et du courant AC True-RMS<br \/>\n- 10 groupes de stockage de donn\u00e9es et 10 groupes de stockage de configuration int\u00e9gr\u00e9s<br \/>\n- Fonctions math\u00e9matiques solides, supportant divers protocoles d'application<br \/>\n- \u00c9cran tactile couleur de 7 pouces, affichant simultan\u00e9ment les r\u00e9sultats des deux mesures<br \/>\n- Interface Type-C pour la recharge \u00e9lectrique ; taille compacte, lib\u00e9rant de l'espace sur l'\u00e9tabli<br \/>\n- Interfaces USB et LAN standard, supportant le contr\u00f4le Web<\/p>","protected":false},"excerpt":{"rendered":"<p>Multim\u00e8tre TRMS \u00e0 5\u00bd chiffres, pr\u00e9cision DCV jusqu'\u00e0 0,030%, taux de lecture jusqu'\u00e0 125 rdgs\/s, m\u00e9moire de 500000 points et un \u00e9cran tactile de 17,8 cm 1024\u00d7600 pixels.<\/p>","protected":false},"featured_media":3637,"comment_status":"open","ping_status":"closed","template":"","meta":{"_surecart_dashboard_logo_width":"180px","_surecart_dashboard_show_logo":true,"_surecart_dashboard_navigation_orders":true,"_surecart_dashboard_navigation_invoices":true,"_surecart_dashboard_navigation_subscriptions":true,"_surecart_dashboard_navigation_downloads":true,"_surecart_dashboard_navigation_billing":true,"_surecart_dashboard_navigation_account":true,"_uag_custom_page_level_css":"","site-sidebar-layout":"default","site-content-layout":"","ast-site-content-layout":"default","site-content-style":"default","site-sidebar-style":"default","ast-global-header-display":"","ast-banner-title-visibility":"","ast-main-header-display":"","ast-hfb-above-header-display":"","ast-hfb-below-header-display":"","ast-hfb-mobile-header-display":"","site-post-title":"","ast-breadcrumbs-content":"","ast-featured-img":"","footer-sml-layout":"","ast-disable-related-posts":"","theme-transparent-header-meta":"default","adv-header-id-meta":"","stick-header-meta":"default","header-above-stick-meta":"","header-main-stick-meta":"","header-below-stick-meta":"","astra-migrate-meta-layouts":"set","ast-page-background-enabled":"default","ast-page-background-meta":{"desktop":{"background-color":"var(--ast-global-color-4)","background-image":"","background-repeat":"repeat","background-position":"center center","background-size":"auto","background-attachment":"scroll","background-type":"","background-media":"","overlay-type":"","overlay-color":"","overlay-opacity":"","overlay-gradient":""},"tablet":{"background-color":"","background-image":"","background-repeat":"repeat","background-position":"center center","background-size":"auto","background-attachment":"scroll","background-type":"","background-media":"","overlay-type":"","overlay-color":"","overlay-opacity":"","overlay-gradient":""},"mobile":{"background-color":"","background-image":"","background-repeat":"repeat","background-position":"center center","background-size":"auto","background-attachment":"scroll","background-type":"","background-media":"","overlay-type":"","overlay-color":"","overlay-opacity":"","overlay-gradient":""}},"ast-content-background-meta":{"desktop":{"background-color":"var(--ast-global-color-5)","background-image":"","background-repeat":"repeat","background-position":"center center","background-size":"auto","background-attachment":"scroll","background-type":"","background-media":"","overlay-type":"","overlay-color":"","overlay-opacity":"","overlay-gradient":""},"tablet":{"background-color":"var(--ast-global-color-5)","background-image":"","background-repeat":"repeat","background-position":"center center","background-size":"auto","background-attachment":"scroll","background-type":"","background-media":"","overlay-type":"","overlay-color":"","overlay-opacity":"","overlay-gradient":""},"mobile":{"background-color":"var(--ast-global-color-5)","background-image":"","background-repeat":"repeat","background-position":"center center","background-size":"auto","background-attachment":"scroll","background-type":"","background-media":"","overlay-type":"","overlay-color":"","overlay-opacity":"","overlay-gradient":""}}},"product_brand":[],"product_cat":[38,40,106,78],"product_tag":[],"class_list":{"0":"post-2659","1":"product","2":"type-product","3":"status-publish","4":"has-post-thumbnail","6":"product_cat-test-measure","7":"product_cat-digital-multimeter","8":"product_cat-rigol-digital-multimeter","9":"product_cat-dm858","10":"desktop-align-left","11":"tablet-align-left","12":"mobile-align-left","13":"ast-product-gallery-layout-horizontal-slider","14":"ast-product-gallery-with-no-image","15":"ast-product-tabs-layout-horizontal","17":"first","18":"instock","19":"taxable","20":"shipping-taxable","21":"purchasable","22":"product-type-simple"},"yoast_head":"<!-- This site is optimized with the Yoast SEO plugin v26.2 - https:\/\/yoast.com\/wordpress\/plugins\/seo\/ -->\n<title>Rigol DM858 - Genatronik<\/title>\n<meta name=\"description\" content=\"The DM858 Series is a compact and capable benchtop 5.5 digit DMM with 7\u201d touch display. It supports 11 measurement functions and offers a capable combination of 125 readings\/s reading speed with a logging memory of 500,000 points. The DM858 includes USB and LAN interfaces to support remote control. Its small size and light weight conserve benchtop space while also allowing it to be attached to VESA-compliant stands or mounts.\" \/>\n<meta name=\"robots\" content=\"index, follow, max-snippet:-1, max-image-preview:large, max-video-preview:-1\" \/>\n<link rel=\"canonical\" href=\"https:\/\/genatronik.com\/fr\/product\/dm858\/\" \/>\n<meta property=\"og:locale\" content=\"fr_FR\" \/>\n<meta property=\"og:type\" content=\"article\" \/>\n<meta property=\"og:title\" content=\"Rigol DM858 - Genatronik\" \/>\n<meta property=\"og:description\" content=\"The DM858 Series is a compact and capable benchtop 5.5 digit DMM with 7\u201d touch display. It supports 11 measurement functions and offers a capable combination of 125 readings\/s reading speed with a logging memory of 500,000 points. The DM858 includes USB and LAN interfaces to support remote control. Its small size and light weight conserve benchtop space while also allowing it to be attached to VESA-compliant stands or mounts.\" \/>\n<meta property=\"og:url\" content=\"https:\/\/genatronik.com\/fr\/product\/dm858\/\" \/>\n<meta property=\"og:site_name\" content=\"Genatronik\" \/>\n<meta property=\"article:modified_time\" content=\"2025-03-31T11:01:31+00:00\" \/>\n<meta property=\"og:image\" content=\"https:\/\/genatronik.com\/wp-content\/uploads\/2024\/12\/dm858-right-side-1600-1200-1.png\" \/>\n\t<meta property=\"og:image:width\" content=\"1600\" \/>\n\t<meta property=\"og:image:height\" content=\"1200\" \/>\n\t<meta property=\"og:image:type\" content=\"image\/png\" \/>\n<meta name=\"twitter:card\" content=\"summary_large_image\" \/>\n<meta name=\"twitter:label1\" content=\"Dur\u00e9e de lecture estim\u00e9e\" \/>\n\t<meta name=\"twitter:data1\" content=\"1 minute\" \/>\n<script type=\"application\/ld+json\" class=\"yoast-schema-graph\">{\"@context\":\"https:\/\/schema.org\",\"@graph\":[{\"@type\":\"WebPage\",\"@id\":\"https:\/\/genatronik.com\/en\/product\/dm858\/\",\"url\":\"https:\/\/genatronik.com\/en\/product\/dm858\/\",\"name\":\"Rigol DM858 - Genatronik\",\"isPartOf\":{\"@id\":\"https:\/\/genatronik.com\/en\/#website\"},\"primaryImageOfPage\":{\"@id\":\"https:\/\/genatronik.com\/en\/product\/dm858\/#primaryimage\"},\"image\":{\"@id\":\"https:\/\/genatronik.com\/en\/product\/dm858\/#primaryimage\"},\"thumbnailUrl\":\"https:\/\/genatronik.com\/wp-content\/uploads\/2024\/12\/dm858-right-side-1600-1200-1.png\",\"datePublished\":\"2024-12-02T15:34:29+00:00\",\"dateModified\":\"2025-03-31T11:01:31+00:00\",\"description\":\"The DM858 Series is a compact and capable benchtop 5.5 digit DMM with 7\u201d touch display. It supports 11 measurement functions and offers a capable combination of 125 readings\/s reading speed with a logging memory of 500,000 points. The DM858 includes USB and LAN interfaces to support remote control. Its small size and light weight conserve benchtop space while also allowing it to be attached to VESA-compliant stands or mounts.\",\"breadcrumb\":{\"@id\":\"https:\/\/genatronik.com\/en\/product\/dm858\/#breadcrumb\"},\"inLanguage\":\"fr-FR\",\"potentialAction\":[{\"@type\":\"ReadAction\",\"target\":[\"https:\/\/genatronik.com\/en\/product\/dm858\/\"]}]},{\"@type\":\"ImageObject\",\"inLanguage\":\"fr-FR\",\"@id\":\"https:\/\/genatronik.com\/en\/product\/dm858\/#primaryimage\",\"url\":\"https:\/\/genatronik.com\/wp-content\/uploads\/2024\/12\/dm858-right-side-1600-1200-1.png\",\"contentUrl\":\"https:\/\/genatronik.com\/wp-content\/uploads\/2024\/12\/dm858-right-side-1600-1200-1.png\",\"width\":1600,\"height\":1200},{\"@type\":\"BreadcrumbList\",\"@id\":\"https:\/\/genatronik.com\/en\/product\/dm858\/#breadcrumb\",\"itemListElement\":[{\"@type\":\"ListItem\",\"position\":1,\"name\":\"Home\",\"item\":\"https:\/\/genatronik.com\/\"},{\"@type\":\"ListItem\",\"position\":2,\"name\":\"Produkte\",\"item\":\"https:\/\/genatronik.com\/de\/shop\/\"},{\"@type\":\"ListItem\",\"position\":3,\"name\":\"Products\",\"item\":\"https:\/\/genatronik.com\/product-category\/products\/\"},{\"@type\":\"ListItem\",\"position\":4,\"name\":\"Test &amp; Measure\",\"item\":\"https:\/\/genatronik.com\/product-category\/products\/test-measure\/\"},{\"@type\":\"ListItem\",\"position\":5,\"name\":\"Digital Multimeter\",\"item\":\"https:\/\/genatronik.com\/product-category\/products\/test-measure\/digital-multimeter\/\"},{\"@type\":\"ListItem\",\"position\":6,\"name\":\"Rigol Digital Multimeter\",\"item\":\"https:\/\/genatronik.com\/product-category\/products\/test-measure\/digital-multimeter\/rigol-digital-multimeter\/\"},{\"@type\":\"ListItem\",\"position\":7,\"name\":\"DM858\",\"item\":\"https:\/\/genatronik.com\/fr\/product-category\/produits\/test-mesure\/multimetre-numerique\/multimetre-numerique-rigol\/dm858\/\"},{\"@type\":\"ListItem\",\"position\":8,\"name\":\"Rigol DM858\"}]},{\"@type\":\"WebSite\",\"@id\":\"https:\/\/genatronik.com\/en\/#website\",\"url\":\"https:\/\/genatronik.com\/en\/\",\"name\":\"Genatronik\",\"description\":\"Advanced Devices. Reliable Service.\",\"publisher\":{\"@id\":\"https:\/\/genatronik.com\/en\/#organization\"},\"potentialAction\":[{\"@type\":\"SearchAction\",\"target\":{\"@type\":\"EntryPoint\",\"urlTemplate\":\"https:\/\/genatronik.com\/en\/?s={search_term_string}\"},\"query-input\":{\"@type\":\"PropertyValueSpecification\",\"valueRequired\":true,\"valueName\":\"search_term_string\"}}],\"inLanguage\":\"fr-FR\"},{\"@type\":\"Organization\",\"@id\":\"https:\/\/genatronik.com\/en\/#organization\",\"name\":\"Genatronik\",\"url\":\"https:\/\/genatronik.com\/en\/\",\"logo\":{\"@type\":\"ImageObject\",\"inLanguage\":\"fr-FR\",\"@id\":\"https:\/\/genatronik.com\/en\/#\/schema\/logo\/image\/\",\"url\":\"https:\/\/genatronik.com\/wp-content\/uploads\/2025\/05\/genatronik_logo_header-scaled.png\",\"contentUrl\":\"https:\/\/genatronik.com\/wp-content\/uploads\/2025\/05\/genatronik_logo_header-scaled.png\",\"width\":2560,\"height\":448,\"caption\":\"Genatronik\"},\"image\":{\"@id\":\"https:\/\/genatronik.com\/en\/#\/schema\/logo\/image\/\"}}]}<\/script>\n<!-- \/ Yoast SEO plugin. -->","yoast_head_json":{"title":"Rigol DM858 - Genatronik","description":"La s\u00e9rie DM858 est un multim\u00e8tre de paillasse compact et performant \u00e0 5,5\u00a0chiffres dot\u00e9 d'un \u00e9cran tactile de 7\u00a0pouces. Il prend en charge 11\u00a0fonctions de mesure et offre une combinaison performante de 125\u00a0lectures\/seconde avec une m\u00e9moire d'enregistrement de 500\u00a0000\u00a0points. Le DM858 inclut des interfaces USB et LAN pour prendre en charge le contr\u00f4le \u00e0 distance. Sa petite taille et son poids l\u00e9ger pr\u00e9servent l'espace sur le banc tout en permettant de le fixer \u00e0 des supports ou des fixations conformes VESA.","robots":{"index":"index","follow":"follow","max-snippet":"max-snippet:-1","max-image-preview":"max-image-preview:large","max-video-preview":"max-video-preview:-1"},"canonical":"https:\/\/genatronik.com\/fr\/product\/dm858\/","og_locale":"fr_FR","og_type":"article","og_title":"Rigol DM858 - Genatronik","og_description":"The DM858 Series is a compact and capable benchtop 5.5 digit DMM with 7\u201d touch display. It supports 11 measurement functions and offers a capable combination of 125 readings\/s reading speed with a logging memory of 500,000 points. The DM858 includes USB and LAN interfaces to support remote control. Its small size and light weight conserve benchtop space while also allowing it to be attached to VESA-compliant stands or mounts.","og_url":"https:\/\/genatronik.com\/fr\/product\/dm858\/","og_site_name":"Genatronik","article_modified_time":"2025-03-31T11:01:31+00:00","og_image":[{"width":1600,"height":1200,"url":"https:\/\/genatronik.com\/wp-content\/uploads\/2024\/12\/dm858-right-side-1600-1200-1.png","type":"image\/png"}],"twitter_card":"summary_large_image","twitter_misc":{"Dur\u00e9e de lecture estim\u00e9e":"1 minute"},"schema":{"@context":"https:\/\/schema.org","@graph":[{"@type":"WebPage","@id":"https:\/\/genatronik.com\/en\/product\/dm858\/","url":"https:\/\/genatronik.com\/en\/product\/dm858\/","name":"Rigol DM858 - Genatronik","isPartOf":{"@id":"https:\/\/genatronik.com\/en\/#website"},"primaryImageOfPage":{"@id":"https:\/\/genatronik.com\/en\/product\/dm858\/#primaryimage"},"image":{"@id":"https:\/\/genatronik.com\/en\/product\/dm858\/#primaryimage"},"thumbnailUrl":"https:\/\/genatronik.com\/wp-content\/uploads\/2024\/12\/dm858-right-side-1600-1200-1.png","datePublished":"2024-12-02T15:34:29+00:00","dateModified":"2025-03-31T11:01:31+00:00","description":"La s\u00e9rie DM858 est un multim\u00e8tre de paillasse compact et performant \u00e0 5,5\u00a0chiffres dot\u00e9 d'un \u00e9cran tactile de 7\u00a0pouces. Il prend en charge 11\u00a0fonctions de mesure et offre une combinaison performante de 125\u00a0lectures\/seconde avec une m\u00e9moire d'enregistrement de 500\u00a0000\u00a0points. Le DM858 inclut des interfaces USB et LAN pour prendre en charge le contr\u00f4le \u00e0 distance. Sa petite taille et son poids l\u00e9ger pr\u00e9servent l'espace sur le banc tout en permettant de le fixer \u00e0 des supports ou des fixations conformes VESA.","breadcrumb":{"@id":"https:\/\/genatronik.com\/en\/product\/dm858\/#breadcrumb"},"inLanguage":"fr-FR","potentialAction":[{"@type":"ReadAction","target":["https:\/\/genatronik.com\/en\/product\/dm858\/"]}]},{"@type":"ImageObject","inLanguage":"fr-FR","@id":"https:\/\/genatronik.com\/en\/product\/dm858\/#primaryimage","url":"https:\/\/genatronik.com\/wp-content\/uploads\/2024\/12\/dm858-right-side-1600-1200-1.png","contentUrl":"https:\/\/genatronik.com\/wp-content\/uploads\/2024\/12\/dm858-right-side-1600-1200-1.png","width":1600,"height":1200},{"@type":"BreadcrumbList","@id":"https:\/\/genatronik.com\/en\/product\/dm858\/#breadcrumb","itemListElement":[{"@type":"ListItem","position":1,"name":"Home","item":"https:\/\/genatronik.com\/"},{"@type":"ListItem","position":2,"name":"Produkte","item":"https:\/\/genatronik.com\/de\/shop\/"},{"@type":"ListItem","position":3,"name":"Products","item":"https:\/\/genatronik.com\/product-category\/products\/"},{"@type":"ListItem","position":4,"name":"Test &amp; Measure","item":"https:\/\/genatronik.com\/product-category\/products\/test-measure\/"},{"@type":"ListItem","position":5,"name":"Digital Multimeter","item":"https:\/\/genatronik.com\/product-category\/products\/test-measure\/digital-multimeter\/"},{"@type":"ListItem","position":6,"name":"Rigol Digital Multimeter","item":"https:\/\/genatronik.com\/product-category\/products\/test-measure\/digital-multimeter\/rigol-digital-multimeter\/"},{"@type":"ListItem","position":7,"name":"DM858","item":"https:\/\/genatronik.com\/fr\/product-category\/produits\/test-mesure\/multimetre-numerique\/multimetre-numerique-rigol\/dm858\/"},{"@type":"ListItem","position":8,"name":"Rigol DM858"}]},{"@type":"WebSite","@id":"https:\/\/genatronik.com\/en\/#website","url":"https:\/\/genatronik.com\/en\/","name":"Genatronik","description":"Dispositifs avanc\u00e9s. Un service fiable.","publisher":{"@id":"https:\/\/genatronik.com\/en\/#organization"},"potentialAction":[{"@type":"SearchAction","target":{"@type":"EntryPoint","urlTemplate":"https:\/\/genatronik.com\/en\/?s={search_term_string}"},"query-input":{"@type":"PropertyValueSpecification","valueRequired":true,"valueName":"search_term_string"}}],"inLanguage":"fr-FR"},{"@type":"Organization","@id":"https:\/\/genatronik.com\/en\/#organization","name":"Genatronik","url":"https:\/\/genatronik.com\/en\/","logo":{"@type":"ImageObject","inLanguage":"fr-FR","@id":"https:\/\/genatronik.com\/en\/#\/schema\/logo\/image\/","url":"https:\/\/genatronik.com\/wp-content\/uploads\/2025\/05\/genatronik_logo_header-scaled.png","contentUrl":"https:\/\/genatronik.com\/wp-content\/uploads\/2025\/05\/genatronik_logo_header-scaled.png","width":2560,"height":448,"caption":"Genatronik"},"image":{"@id":"https:\/\/genatronik.com\/en\/#\/schema\/logo\/image\/"}}]}},"uagb_featured_image_src":{"full":["https:\/\/genatronik.com\/wp-content\/uploads\/2024\/12\/dm858-right-side-1600-1200-1.png",1600,1200,false],"thumbnail":["https:\/\/genatronik.com\/wp-content\/uploads\/2024\/12\/dm858-right-side-1600-1200-1-150x150.png",150,150,true],"medium":["https:\/\/genatronik.com\/wp-content\/uploads\/2024\/12\/dm858-right-side-1600-1200-1-300x225.png",300,225,true],"medium_large":["https:\/\/genatronik.com\/wp-content\/uploads\/2024\/12\/dm858-right-side-1600-1200-1-768x576.png",768,576,true],"large":["https:\/\/genatronik.com\/wp-content\/uploads\/2024\/12\/dm858-right-side-1600-1200-1-1024x768.png",1024,768,true],"1536x1536":["https:\/\/genatronik.com\/wp-content\/uploads\/2024\/12\/dm858-right-side-1600-1200-1-1536x1152.png",1536,1152,true],"2048x2048":["https:\/\/genatronik.com\/wp-content\/uploads\/2024\/12\/dm858-right-side-1600-1200-1.png",1600,1200,false],"trp-custom-language-flag":["https:\/\/genatronik.com\/wp-content\/uploads\/2024\/12\/dm858-right-side-1600-1200-1.png",16,12,false],"tp-image-grid":["https:\/\/genatronik.com\/wp-content\/uploads\/2024\/12\/dm858-right-side-1600-1200-1-700x700.png",700,700,true],"woocommerce_thumbnail":["https:\/\/genatronik.com\/wp-content\/uploads\/2024\/12\/dm858-right-side-1600-1200-1-300x225.png",300,225,true],"woocommerce_single":["https:\/\/genatronik.com\/wp-content\/uploads\/2024\/12\/dm858-right-side-1600-1200-1-600x450.png",600,450,true],"woocommerce_gallery_thumbnail":["https:\/\/genatronik.com\/wp-content\/uploads\/2024\/12\/dm858-right-side-1600-1200-1-100x100.png",100,100,true]},"uagb_author_info":{"display_name":"guanyuan zhu","author_link":"https:\/\/genatronik.com\/fr\/author\/"},"uagb_comment_info":0,"uagb_excerpt":"5\u00bd digit TRMS multimeter, DCV accuracy up to 0.030%, reading rate up to 125 rdgs\/s, 500000 points memory and a 17.8 cm touchdisplay 1024x600 pixel.","jetpack_sharing_enabled":true,"_links":{"self":[{"href":"https:\/\/genatronik.com\/fr\/wp-json\/wp\/v2\/product\/2659","targetHints":{"allow":["GET"]}}],"collection":[{"href":"https:\/\/genatronik.com\/fr\/wp-json\/wp\/v2\/product"}],"about":[{"href":"https:\/\/genatronik.com\/fr\/wp-json\/wp\/v2\/types\/product"}],"replies":[{"embeddable":true,"href":"https:\/\/genatronik.com\/fr\/wp-json\/wp\/v2\/comments?post=2659"}],"version-history":[{"count":4,"href":"https:\/\/genatronik.com\/fr\/wp-json\/wp\/v2\/product\/2659\/revisions"}],"predecessor-version":[{"id":7057,"href":"https:\/\/genatronik.com\/fr\/wp-json\/wp\/v2\/product\/2659\/revisions\/7057"}],"wp:featuredmedia":[{"embeddable":true,"href":"https:\/\/genatronik.com\/fr\/wp-json\/wp\/v2\/media\/3637"}],"wp:attachment":[{"href":"https:\/\/genatronik.com\/fr\/wp-json\/wp\/v2\/media?parent=2659"}],"wp:term":[{"taxonomy":"product_brand","embeddable":true,"href":"https:\/\/genatronik.com\/fr\/wp-json\/wp\/v2\/product_brand?post=2659"},{"taxonomy":"product_cat","embeddable":true,"href":"https:\/\/genatronik.com\/fr\/wp-json\/wp\/v2\/product_cat?post=2659"},{"taxonomy":"product_tag","embeddable":true,"href":"https:\/\/genatronik.com\/fr\/wp-json\/wp\/v2\/product_tag?post=2659"}],"curies":[{"name":"wp","href":"https:\/\/api.w.org\/{rel}","templated":true}]}}