{"id":2653,"date":"2024-12-02T23:22:45","date_gmt":"2024-12-02T15:22:45","guid":{"rendered":"https:\/\/genatronik.com\/?post_type=product&#038;p=2653"},"modified":"2025-05-13T10:18:40","modified_gmt":"2025-05-13T08:18:40","slug":"dm3058e","status":"publish","type":"product","link":"https:\/\/genatronik.com\/fr\/product\/dm3058e\/","title":{"rendered":"Rigol DM3058E"},"content":{"rendered":"<ul>\n<li>R\u00e9solution r\u00e9elle de 5\u00bd chiffres.<\/li>\n<li>Trois vitesses de mesure : 2,5 lectures\/s, 20 lectures\/s et 123 lectures\/s.<\/li>\n<li>La fonction de double affichage permet d'afficher deux types de caract\u00e9ristiques pour un m\u00eame signal de mani\u00e8re synchrone.<\/li>\n<li>Deux modes de fonctionnement : Pr\u00e9r\u00e9glage et Ordinaire. Le mode pr\u00e9r\u00e9gl\u00e9 permet de m\u00e9moriser rapidement la configuration.<\/li>\n<li>Plage de tension continue comprise entre 200mV et 1000V.<\/li>\n<li>Gamme de courant continu entre 200\u03bcA et 10A.<\/li>\n<li>True-RMS, gamme de tension AC entre 200mV et 750V.<\/li>\n<li>Courant de tension AC True-RMS entre 20mA et 10A.<\/li>\n<li>Plage de r\u00e9sistance entre 200\u03a9 et 100M\u03a9 pour la mesure de la r\u00e9sistance des 2 et 4 fils.<\/li>\n<li>Plage de capacit\u00e9 entre 2nF et 10000\u03bcF.<\/li>\n<li>Gamme de fr\u00e9quences entre 20Hz et 1MHz.<\/li>\n<li>Test de continuit\u00e9 et de diode.<\/li>\n<li>Fonction de mesure du capteur, compensation du thermocouple int\u00e9gr\u00e9 dans le terminal froid.<\/li>\n<li>Nombreuses op\u00e9rations math\u00e9matiques : Max, Min, Moyenne, P\/F, dBm, dB, Mesure relative, Ecart type et Histogramme.<\/li>\n<li>Prise en charge du stockage des donn\u00e9es et de la configuration via une cl\u00e9 USB.<\/li>\n<li>Supporte les interfaces USB, GPIB, RS-232 et LAN. Prise en charge de l'USB-TMC, de la norme IEEE 488.2, de la norme de classe LXI-C et du langage SCPI.<\/li>\n<li>En possession de commandes compatibles avec Agilent 34401A et Fluke 45.<\/li>\n<li>Enregistrer et sauvegarder les r\u00e9sultats des mesures de l'historique.<\/li>\n<li>Trois types de gestion pour l'alimentation \u00e9lectrique : PwrOn, Default et Switch.<\/li>\n<li>Permet de stocker 10 groupes de configurations du syst\u00e8me dans la m\u00e9moire interne et de les rappeler en cas de besoin.<\/li>\n<li>Sauvegarde ou \"clonage\" de toutes les configurations de l'instrument dans un autre DM3058\/DM3058E via une cl\u00e9 USB.<\/li>\n<li>Menu en chinois et en anglais et syst\u00e8me d'aide en ligne.<\/li>\n<li>Fourni avec un logiciel de contr\u00f4le sur PC et un logiciel d'application pour le capteur.<\/li>\n<\/ul>","protected":false},"excerpt":{"rendered":"<p>Multim\u00e8tre TRMS \u00e0 5\u00bd chiffres, pr\u00e9cision DCV jusqu'\u00e0 0,015%, vitesse de lecture jusqu'\u00e0 120 rdgs\/s, m\u00e9moire 2000 points, \u00e9cran monochrome (256\u00d764 pixels).<\/p>","protected":false},"featured_media":3844,"comment_status":"open","ping_status":"closed","template":"","meta":{"_surecart_dashboard_logo_width":"180px","_surecart_dashboard_show_logo":true,"_surecart_dashboard_navigation_orders":true,"_surecart_dashboard_navigation_invoices":true,"_surecart_dashboard_navigation_subscriptions":true,"_surecart_dashboard_navigation_downloads":true,"_surecart_dashboard_navigation_billing":true,"_surecart_dashboard_navigation_account":true,"_uag_custom_page_level_css":"","site-sidebar-layout":"default","site-content-layout":"","ast-site-content-layout":"default","site-content-style":"default","site-sidebar-style":"default","ast-global-header-display":"","ast-banner-title-visibility":"","ast-main-header-display":"","ast-hfb-above-header-display":"","ast-hfb-below-header-display":"","ast-hfb-mobile-header-display":"","site-post-title":"","ast-breadcrumbs-content":"","ast-featured-img":"","footer-sml-layout":"","ast-disable-related-posts":"","theme-transparent-header-meta":"default","adv-header-id-meta":"","stick-header-meta":"default","header-above-stick-meta":"","header-main-stick-meta":"","header-below-stick-meta":"","astra-migrate-meta-layouts":"set","ast-page-background-enabled":"default","ast-page-background-meta":{"desktop":{"background-color":"var(--ast-global-color-4)","background-image":"","background-repeat":"repeat","background-position":"center center","background-size":"auto","background-attachment":"scroll","background-type":"","background-media":"","overlay-type":"","overlay-color":"","overlay-opacity":"","overlay-gradient":""},"tablet":{"background-color":"","background-image":"","background-repeat":"repeat","background-position":"center center","background-size":"auto","background-attachment":"scroll","background-type":"","background-media":"","overlay-type":"","overlay-color":"","overlay-opacity":"","overlay-gradient":""},"mobile":{"background-color":"","background-image":"","background-repeat":"repeat","background-position":"center center","background-size":"auto","background-attachment":"scroll","background-type":"","background-media":"","overlay-type":"","overlay-color":"","overlay-opacity":"","overlay-gradient":""}},"ast-content-background-meta":{"desktop":{"background-color":"var(--ast-global-color-5)","background-image":"","background-repeat":"repeat","background-position":"center center","background-size":"auto","background-attachment":"scroll","background-type":"","background-media":"","overlay-type":"","overlay-color":"","overlay-opacity":"","overlay-gradient":""},"tablet":{"background-color":"var(--ast-global-color-5)","background-image":"","background-repeat":"repeat","background-position":"center center","background-size":"auto","background-attachment":"scroll","background-type":"","background-media":"","overlay-type":"","overlay-color":"","overlay-opacity":"","overlay-gradient":""},"mobile":{"background-color":"var(--ast-global-color-5)","background-image":"","background-repeat":"repeat","background-position":"center center","background-size":"auto","background-attachment":"scroll","background-type":"","background-media":"","overlay-type":"","overlay-color":"","overlay-opacity":"","overlay-gradient":""}}},"product_brand":[],"product_cat":[38,40,106,48],"product_tag":[],"class_list":{"0":"post-2653","1":"product","2":"type-product","3":"status-publish","4":"has-post-thumbnail","6":"product_cat-test-measure","7":"product_cat-digital-multimeter","8":"product_cat-rigol-digital-multimeter","9":"product_cat-dm3000","10":"desktop-align-left","11":"tablet-align-left","12":"mobile-align-left","13":"ast-product-gallery-layout-horizontal-slider","14":"ast-product-gallery-with-no-image","15":"ast-product-tabs-layout-horizontal","17":"first","18":"instock","19":"taxable","20":"shipping-taxable","21":"purchasable","22":"product-type-simple"},"yoast_head":"<!-- This site is optimized with the Yoast SEO plugin v26.2 - https:\/\/yoast.com\/wordpress\/plugins\/seo\/ -->\n<title>Rigol DM3058E - Genatronik<\/title>\n<meta name=\"description\" content=\"The Rigol DM3058E is a high quality digital tabletop multimeter of the DM3050 series with a sampling rate of max. 120 Sa\/s.These Rigol multimeters have a very sophisticated and easy to use interface and provide plenty functions for all measurement tasks. The use of the menu navigation is very intuitive and the devices will provide precise results all of their many many application areas. With the help of a computer, you can perform long running monitoring tasks, too.The LC-Display with its 256x64 pixels is easy to read and provides a very good overview of all features. The display has a resolution of 5\u00bd digits (max. count 240.000).\" \/>\n<meta name=\"robots\" content=\"index, follow, max-snippet:-1, max-image-preview:large, max-video-preview:-1\" \/>\n<link rel=\"canonical\" href=\"https:\/\/genatronik.com\/fr\/product\/dm3058e\/\" \/>\n<meta property=\"og:locale\" content=\"fr_FR\" \/>\n<meta property=\"og:type\" content=\"article\" \/>\n<meta property=\"og:title\" content=\"Rigol DM3058E - Genatronik\" \/>\n<meta property=\"og:description\" content=\"The Rigol DM3058E is a high quality digital tabletop multimeter of the DM3050 series with a sampling rate of max. 120 Sa\/s.These Rigol multimeters have a very sophisticated and easy to use interface and provide plenty functions for all measurement tasks. The use of the menu navigation is very intuitive and the devices will provide precise results all of their many many application areas. With the help of a computer, you can perform long running monitoring tasks, too.The LC-Display with its 256x64 pixels is easy to read and provides a very good overview of all features. The display has a resolution of 5\u00bd digits (max. count 240.000).\" \/>\n<meta property=\"og:url\" content=\"https:\/\/genatronik.com\/fr\/product\/dm3058e\/\" \/>\n<meta property=\"og:site_name\" content=\"Genatronik\" \/>\n<meta property=\"article:modified_time\" content=\"2025-05-13T08:18:40+00:00\" \/>\n<meta property=\"og:image\" content=\"https:\/\/genatronik.com\/wp-content\/uploads\/2024\/12\/DM3058E-1600-1200.png\" \/>\n\t<meta property=\"og:image:width\" content=\"1600\" \/>\n\t<meta property=\"og:image:height\" content=\"1200\" \/>\n\t<meta property=\"og:image:type\" content=\"image\/png\" \/>\n<meta name=\"twitter:card\" content=\"summary_large_image\" \/>\n<meta name=\"twitter:label1\" content=\"Dur\u00e9e de lecture estim\u00e9e\" \/>\n\t<meta name=\"twitter:data1\" content=\"2 minutes\" \/>\n<script type=\"application\/ld+json\" class=\"yoast-schema-graph\">{\"@context\":\"https:\/\/schema.org\",\"@graph\":[{\"@type\":\"WebPage\",\"@id\":\"https:\/\/genatronik.com\/en\/product\/dm3058e\/\",\"url\":\"https:\/\/genatronik.com\/en\/product\/dm3058e\/\",\"name\":\"Rigol DM3058E - Genatronik\",\"isPartOf\":{\"@id\":\"https:\/\/genatronik.com\/en\/#website\"},\"primaryImageOfPage\":{\"@id\":\"https:\/\/genatronik.com\/en\/product\/dm3058e\/#primaryimage\"},\"image\":{\"@id\":\"https:\/\/genatronik.com\/en\/product\/dm3058e\/#primaryimage\"},\"thumbnailUrl\":\"https:\/\/genatronik.com\/wp-content\/uploads\/2024\/12\/DM3058E-1600-1200.png\",\"datePublished\":\"2024-12-02T15:22:45+00:00\",\"dateModified\":\"2025-05-13T08:18:40+00:00\",\"description\":\"The Rigol DM3058E is a high quality digital tabletop multimeter of the DM3050 series with a sampling rate of max. 120 Sa\/s.These Rigol multimeters have a very sophisticated and easy to use interface and provide plenty functions for all measurement tasks. The use of the menu navigation is very intuitive and the devices will provide precise results all of their many many application areas. With the help of a computer, you can perform long running monitoring tasks, too.The LC-Display with its 256x64 pixels is easy to read and provides a very good overview of all features. The display has a resolution of 5\u00bd digits (max. count 240.000).\",\"breadcrumb\":{\"@id\":\"https:\/\/genatronik.com\/en\/product\/dm3058e\/#breadcrumb\"},\"inLanguage\":\"fr-FR\",\"potentialAction\":[{\"@type\":\"ReadAction\",\"target\":[\"https:\/\/genatronik.com\/en\/product\/dm3058e\/\"]}]},{\"@type\":\"ImageObject\",\"inLanguage\":\"fr-FR\",\"@id\":\"https:\/\/genatronik.com\/en\/product\/dm3058e\/#primaryimage\",\"url\":\"https:\/\/genatronik.com\/wp-content\/uploads\/2024\/12\/DM3058E-1600-1200.png\",\"contentUrl\":\"https:\/\/genatronik.com\/wp-content\/uploads\/2024\/12\/DM3058E-1600-1200.png\",\"width\":1600,\"height\":1200},{\"@type\":\"BreadcrumbList\",\"@id\":\"https:\/\/genatronik.com\/en\/product\/dm3058e\/#breadcrumb\",\"itemListElement\":[{\"@type\":\"ListItem\",\"position\":1,\"name\":\"Home\",\"item\":\"https:\/\/genatronik.com\/\"},{\"@type\":\"ListItem\",\"position\":2,\"name\":\"Produkte\",\"item\":\"https:\/\/genatronik.com\/de\/shop\/\"},{\"@type\":\"ListItem\",\"position\":3,\"name\":\"Products\",\"item\":\"https:\/\/genatronik.com\/product-category\/products\/\"},{\"@type\":\"ListItem\",\"position\":4,\"name\":\"Test &amp; Measure\",\"item\":\"https:\/\/genatronik.com\/product-category\/products\/test-measure\/\"},{\"@type\":\"ListItem\",\"position\":5,\"name\":\"Digital Multimeter\",\"item\":\"https:\/\/genatronik.com\/product-category\/products\/test-measure\/digital-multimeter\/\"},{\"@type\":\"ListItem\",\"position\":6,\"name\":\"Rigol Digital Multimeter\",\"item\":\"https:\/\/genatronik.com\/product-category\/products\/test-measure\/digital-multimeter\/rigol-digital-multimeter\/\"},{\"@type\":\"ListItem\",\"position\":7,\"name\":\"DM3000\",\"item\":\"https:\/\/genatronik.com\/product-category\/products\/test-measure\/digital-multimeter\/rigol-digital-multimeter\/dm3000\/\"},{\"@type\":\"ListItem\",\"position\":8,\"name\":\"Rigol DM3058E\"}]},{\"@type\":\"WebSite\",\"@id\":\"https:\/\/genatronik.com\/en\/#website\",\"url\":\"https:\/\/genatronik.com\/en\/\",\"name\":\"Genatronik\",\"description\":\"Advanced Devices. Reliable Service.\",\"publisher\":{\"@id\":\"https:\/\/genatronik.com\/en\/#organization\"},\"potentialAction\":[{\"@type\":\"SearchAction\",\"target\":{\"@type\":\"EntryPoint\",\"urlTemplate\":\"https:\/\/genatronik.com\/en\/?s={search_term_string}\"},\"query-input\":{\"@type\":\"PropertyValueSpecification\",\"valueRequired\":true,\"valueName\":\"search_term_string\"}}],\"inLanguage\":\"fr-FR\"},{\"@type\":\"Organization\",\"@id\":\"https:\/\/genatronik.com\/en\/#organization\",\"name\":\"Genatronik\",\"url\":\"https:\/\/genatronik.com\/en\/\",\"logo\":{\"@type\":\"ImageObject\",\"inLanguage\":\"fr-FR\",\"@id\":\"https:\/\/genatronik.com\/en\/#\/schema\/logo\/image\/\",\"url\":\"https:\/\/genatronik.com\/wp-content\/uploads\/2025\/05\/genatronik_logo_header-scaled.png\",\"contentUrl\":\"https:\/\/genatronik.com\/wp-content\/uploads\/2025\/05\/genatronik_logo_header-scaled.png\",\"width\":2560,\"height\":448,\"caption\":\"Genatronik\"},\"image\":{\"@id\":\"https:\/\/genatronik.com\/en\/#\/schema\/logo\/image\/\"}}]}<\/script>\n<!-- \/ Yoast SEO plugin. -->","yoast_head_json":{"title":"Rigol DM3058E - Genatronik","description":"Le Rigol DM3058E est un multim\u00e8tre num\u00e9rique de table de haute qualit\u00e9 de la s\u00e9rie DM3050 avec un taux d'\u00e9chantillonnage de max. 120 Sa\/s. Ces multim\u00e8tres Rigol ont une interface tr\u00e8s sophistiqu\u00e9e et facile \u00e0 utiliser et offrent de nombreuses fonctions pour toutes les t\u00e2ches de mesure. Ces multim\u00e8tres Rigol disposent d'une interface tr\u00e8s sophistiqu\u00e9e et facile \u00e0 utiliser et offrent de nombreuses fonctions pour toutes les t\u00e2ches de mesure. L'utilisation du menu de navigation est tr\u00e8s intuitive et les appareils fourniront des r\u00e9sultats pr\u00e9cis dans tous leurs nombreux domaines d'application. Avec l'aide d'un ordinateur, vous pouvez \u00e9galement effectuer des t\u00e2ches de surveillance de longue dur\u00e9e.L'\u00e9cran LC de 256x64 pixels est facile \u00e0 lire et fournit une tr\u00e8s bonne vue d'ensemble de toutes les caract\u00e9ristiques. L'\u00e9cran a une r\u00e9solution de 5\u00bd chiffres (compte max. 240.000).","robots":{"index":"index","follow":"follow","max-snippet":"max-snippet:-1","max-image-preview":"max-image-preview:large","max-video-preview":"max-video-preview:-1"},"canonical":"https:\/\/genatronik.com\/fr\/product\/dm3058e\/","og_locale":"fr_FR","og_type":"article","og_title":"Rigol DM3058E - Genatronik","og_description":"The Rigol DM3058E is a high quality digital tabletop multimeter of the DM3050 series with a sampling rate of max. 120 Sa\/s.These Rigol multimeters have a very sophisticated and easy to use interface and provide plenty functions for all measurement tasks. The use of the menu navigation is very intuitive and the devices will provide precise results all of their many many application areas. With the help of a computer, you can perform long running monitoring tasks, too.The LC-Display with its 256x64 pixels is easy to read and provides a very good overview of all features. The display has a resolution of 5\u00bd digits (max. count 240.000).","og_url":"https:\/\/genatronik.com\/fr\/product\/dm3058e\/","og_site_name":"Genatronik","article_modified_time":"2025-05-13T08:18:40+00:00","og_image":[{"width":1600,"height":1200,"url":"https:\/\/genatronik.com\/wp-content\/uploads\/2024\/12\/DM3058E-1600-1200.png","type":"image\/png"}],"twitter_card":"summary_large_image","twitter_misc":{"Dur\u00e9e de lecture estim\u00e9e":"2 minutes"},"schema":{"@context":"https:\/\/schema.org","@graph":[{"@type":"WebPage","@id":"https:\/\/genatronik.com\/en\/product\/dm3058e\/","url":"https:\/\/genatronik.com\/en\/product\/dm3058e\/","name":"Rigol DM3058E - Genatronik","isPartOf":{"@id":"https:\/\/genatronik.com\/en\/#website"},"primaryImageOfPage":{"@id":"https:\/\/genatronik.com\/en\/product\/dm3058e\/#primaryimage"},"image":{"@id":"https:\/\/genatronik.com\/en\/product\/dm3058e\/#primaryimage"},"thumbnailUrl":"https:\/\/genatronik.com\/wp-content\/uploads\/2024\/12\/DM3058E-1600-1200.png","datePublished":"2024-12-02T15:22:45+00:00","dateModified":"2025-05-13T08:18:40+00:00","description":"Le Rigol DM3058E est un multim\u00e8tre num\u00e9rique de table de haute qualit\u00e9 de la s\u00e9rie DM3050 avec un taux d'\u00e9chantillonnage de max. 120 Sa\/s. Ces multim\u00e8tres Rigol ont une interface tr\u00e8s sophistiqu\u00e9e et facile \u00e0 utiliser et offrent de nombreuses fonctions pour toutes les t\u00e2ches de mesure. Ces multim\u00e8tres Rigol disposent d'une interface tr\u00e8s sophistiqu\u00e9e et facile \u00e0 utiliser et offrent de nombreuses fonctions pour toutes les t\u00e2ches de mesure. L'utilisation du menu de navigation est tr\u00e8s intuitive et les appareils fourniront des r\u00e9sultats pr\u00e9cis dans tous leurs nombreux domaines d'application. Avec l'aide d'un ordinateur, vous pouvez \u00e9galement effectuer des t\u00e2ches de surveillance de longue dur\u00e9e.L'\u00e9cran LC de 256x64 pixels est facile \u00e0 lire et fournit une tr\u00e8s bonne vue d'ensemble de toutes les caract\u00e9ristiques. L'\u00e9cran a une r\u00e9solution de 5\u00bd chiffres (compte max. 240.000).","breadcrumb":{"@id":"https:\/\/genatronik.com\/en\/product\/dm3058e\/#breadcrumb"},"inLanguage":"fr-FR","potentialAction":[{"@type":"ReadAction","target":["https:\/\/genatronik.com\/en\/product\/dm3058e\/"]}]},{"@type":"ImageObject","inLanguage":"fr-FR","@id":"https:\/\/genatronik.com\/en\/product\/dm3058e\/#primaryimage","url":"https:\/\/genatronik.com\/wp-content\/uploads\/2024\/12\/DM3058E-1600-1200.png","contentUrl":"https:\/\/genatronik.com\/wp-content\/uploads\/2024\/12\/DM3058E-1600-1200.png","width":1600,"height":1200},{"@type":"BreadcrumbList","@id":"https:\/\/genatronik.com\/en\/product\/dm3058e\/#breadcrumb","itemListElement":[{"@type":"ListItem","position":1,"name":"Home","item":"https:\/\/genatronik.com\/"},{"@type":"ListItem","position":2,"name":"Produkte","item":"https:\/\/genatronik.com\/de\/shop\/"},{"@type":"ListItem","position":3,"name":"Products","item":"https:\/\/genatronik.com\/product-category\/products\/"},{"@type":"ListItem","position":4,"name":"Test &amp; Measure","item":"https:\/\/genatronik.com\/product-category\/products\/test-measure\/"},{"@type":"ListItem","position":5,"name":"Digital Multimeter","item":"https:\/\/genatronik.com\/product-category\/products\/test-measure\/digital-multimeter\/"},{"@type":"ListItem","position":6,"name":"Rigol Digital Multimeter","item":"https:\/\/genatronik.com\/product-category\/products\/test-measure\/digital-multimeter\/rigol-digital-multimeter\/"},{"@type":"ListItem","position":7,"name":"DM3000","item":"https:\/\/genatronik.com\/product-category\/products\/test-measure\/digital-multimeter\/rigol-digital-multimeter\/dm3000\/"},{"@type":"ListItem","position":8,"name":"Rigol DM3058E"}]},{"@type":"WebSite","@id":"https:\/\/genatronik.com\/en\/#website","url":"https:\/\/genatronik.com\/en\/","name":"Genatronik","description":"Dispositifs avanc\u00e9s. Un service fiable.","publisher":{"@id":"https:\/\/genatronik.com\/en\/#organization"},"potentialAction":[{"@type":"SearchAction","target":{"@type":"EntryPoint","urlTemplate":"https:\/\/genatronik.com\/en\/?s={search_term_string}"},"query-input":{"@type":"PropertyValueSpecification","valueRequired":true,"valueName":"search_term_string"}}],"inLanguage":"fr-FR"},{"@type":"Organization","@id":"https:\/\/genatronik.com\/en\/#organization","name":"Genatronik","url":"https:\/\/genatronik.com\/en\/","logo":{"@type":"ImageObject","inLanguage":"fr-FR","@id":"https:\/\/genatronik.com\/en\/#\/schema\/logo\/image\/","url":"https:\/\/genatronik.com\/wp-content\/uploads\/2025\/05\/genatronik_logo_header-scaled.png","contentUrl":"https:\/\/genatronik.com\/wp-content\/uploads\/2025\/05\/genatronik_logo_header-scaled.png","width":2560,"height":448,"caption":"Genatronik"},"image":{"@id":"https:\/\/genatronik.com\/en\/#\/schema\/logo\/image\/"}}]}},"uagb_featured_image_src":{"full":["https:\/\/genatronik.com\/wp-content\/uploads\/2024\/12\/DM3058E-1600-1200.png",1600,1200,false],"thumbnail":["https:\/\/genatronik.com\/wp-content\/uploads\/2024\/12\/DM3058E-1600-1200-150x150.png",150,150,true],"medium":["https:\/\/genatronik.com\/wp-content\/uploads\/2024\/12\/DM3058E-1600-1200-300x225.png",300,225,true],"medium_large":["https:\/\/genatronik.com\/wp-content\/uploads\/2024\/12\/DM3058E-1600-1200-768x576.png",768,576,true],"large":["https:\/\/genatronik.com\/wp-content\/uploads\/2024\/12\/DM3058E-1600-1200-1024x768.png",1024,768,true],"1536x1536":["https:\/\/genatronik.com\/wp-content\/uploads\/2024\/12\/DM3058E-1600-1200-1536x1152.png",1536,1152,true],"2048x2048":["https:\/\/genatronik.com\/wp-content\/uploads\/2024\/12\/DM3058E-1600-1200.png",1600,1200,false],"trp-custom-language-flag":["https:\/\/genatronik.com\/wp-content\/uploads\/2024\/12\/DM3058E-1600-1200.png",16,12,false],"tp-image-grid":["https:\/\/genatronik.com\/wp-content\/uploads\/2024\/12\/DM3058E-1600-1200-700x700.png",700,700,true],"woocommerce_thumbnail":["https:\/\/genatronik.com\/wp-content\/uploads\/2024\/12\/DM3058E-1600-1200-300x225.png",300,225,true],"woocommerce_single":["https:\/\/genatronik.com\/wp-content\/uploads\/2024\/12\/DM3058E-1600-1200-600x450.png",600,450,true],"woocommerce_gallery_thumbnail":["https:\/\/genatronik.com\/wp-content\/uploads\/2024\/12\/DM3058E-1600-1200-100x100.png",100,100,true]},"uagb_author_info":{"display_name":"guanyuan zhu","author_link":"https:\/\/genatronik.com\/fr\/author\/"},"uagb_comment_info":0,"uagb_excerpt":"5\u00bd digit TRMS multimeter, DCV accuracy up to 0.015%, reading rate up to 120 rdgs\/s, 2000 points memory, monochrome display (256x64 pixel).","jetpack_sharing_enabled":true,"_links":{"self":[{"href":"https:\/\/genatronik.com\/fr\/wp-json\/wp\/v2\/product\/2653","targetHints":{"allow":["GET"]}}],"collection":[{"href":"https:\/\/genatronik.com\/fr\/wp-json\/wp\/v2\/product"}],"about":[{"href":"https:\/\/genatronik.com\/fr\/wp-json\/wp\/v2\/types\/product"}],"replies":[{"embeddable":true,"href":"https:\/\/genatronik.com\/fr\/wp-json\/wp\/v2\/comments?post=2653"}],"version-history":[{"count":4,"href":"https:\/\/genatronik.com\/fr\/wp-json\/wp\/v2\/product\/2653\/revisions"}],"predecessor-version":[{"id":7059,"href":"https:\/\/genatronik.com\/fr\/wp-json\/wp\/v2\/product\/2653\/revisions\/7059"}],"wp:featuredmedia":[{"embeddable":true,"href":"https:\/\/genatronik.com\/fr\/wp-json\/wp\/v2\/media\/3844"}],"wp:attachment":[{"href":"https:\/\/genatronik.com\/fr\/wp-json\/wp\/v2\/media?parent=2653"}],"wp:term":[{"taxonomy":"product_brand","embeddable":true,"href":"https:\/\/genatronik.com\/fr\/wp-json\/wp\/v2\/product_brand?post=2653"},{"taxonomy":"product_cat","embeddable":true,"href":"https:\/\/genatronik.com\/fr\/wp-json\/wp\/v2\/product_cat?post=2653"},{"taxonomy":"product_tag","embeddable":true,"href":"https:\/\/genatronik.com\/fr\/wp-json\/wp\/v2\/product_tag?post=2653"}],"curies":[{"name":"wp","href":"https:\/\/api.w.org\/{rel}","templated":true}]}}