{"id":2647,"date":"2024-12-02T23:19:25","date_gmt":"2024-12-02T15:19:25","guid":{"rendered":"https:\/\/genatronik.com\/?post_type=product&#038;p=2647"},"modified":"2025-05-13T10:20:51","modified_gmt":"2025-05-13T08:20:51","slug":"dm3068","status":"publish","type":"product","link":"https:\/\/genatronik.com\/fr\/product\/dm3068\/","title":{"rendered":"Rigol DM3068"},"content":{"rendered":"<ul>\n<li>R\u00e9solution de lecture r\u00e9elle de 6\u00bd chiffres.<\/li>\n<li>Temps d'int\u00e9gration minimum : 0,006 PLC.<\/li>\n<li>Double affichage : affichez de mani\u00e8re synchrone deux types de caract\u00e9ristiques du m\u00eame signal.<\/li>\n<li>Basculez entre les modes de fonctionnement \u201c Normal \u201d et \u201c Pr\u00e9r\u00e9glage \u201d. Le mode \u201c Pr\u00e9r\u00e9glage \u201d permet de rappeler rapidement les configurations pr\u00e9d\u00e9finies.<\/li>\n<li>Plage de mesure de la tension CC : -1050 V \u00e0 1050 V.<\/li>\n<li>Plage de mesure de courant CC : -10,5 A \u00e0 10,5 A.<\/li>\n<li>Plage de mesure de la tension CA\u00a0: VRAI RMS, de 0\u00a0V \u00e0 787,5\u00a0V.<\/li>\n<li>Plage de mesure du courant alternatif : True-RMS, 0 A \u00e0 10,5 A.<\/li>\n<li>Plage de mesure de r\u00e9sistance : 0 \u03a9 \u00e0 110 M \u03a9 ; prend en charge les mesures de r\u00e9sistance 2 fils (2WR) et 4 fils (4WR).<\/li>\n<li>Plage de mesure de capacit\u00e9 : 0 F \u00e0 110 mF.<\/li>\n<li>Plage de mesure de fr\u00e9quence : 3 Hz \u00e0 1 MHz.<\/li>\n<li>Continuit\u00e9 et tests de diodes.<\/li>\n<li>Mesures de capteurs d\u00e9finies par l'utilisateur et trois types de mesures de capteurs de temp\u00e9rature : TC, RTD et THERM.<\/li>\n<li>De nombreuses op\u00e9rations math\u00e9matiques telles que STA (MAX, MIN, AVG, ALL), P\/F, dBm, dB, REL ainsi que les fonctions d'affichage de graphique de tendance en temps r\u00e9el et d'histogramme.<\/li>\n<li>Impossible de stocker les donn\u00e9es et la configuration sur un p\u00e9riph\u00e9rique de stockage USB.<\/li>\n<li>De nombreuses interfaces : USB Device, USB Host, GPIB, RS232 et LAN.<\/li>\n<li>Prendre en charge les jeux de commandes des RIGOL DM3068, Agilent 34401A (y compris certaines extensions) et Fluke 45.<\/li>\n<li>Deux modes de gestion de l'alimentation : activer ou d\u00e9sactiver l'interrupteur d'alimentation du panneau avant.<\/li>\n<li>Capacit\u00e9 de stocker 10 groupes de configurations syst\u00e8me et 5 groupes de configurations de capteurs en m\u00e9moire interne et de les rappeler si n\u00e9cessaire.<\/li>\n<li>Configuration clone : sauvegarder toutes les configurations d'instruments sur un p\u00e9riph\u00e9rique de stockage USB ou cloner les configurations vers d'autres DM3068.<\/li>\n<li>Fournir des menus en anglais\/chinois et un syst\u00e8me d'aide int\u00e9gr\u00e9.<\/li>\n<li>T\u00e9l\u00e9commande puissante et logiciel d'\u00e9dition de n'importe quel capteur<\/li>\n<\/ul>\n<p>&nbsp;<\/p>\n<p>Le DM3068 est un multim\u00e8tre num\u00e9rique con\u00e7u avec une r\u00e9solution de lecture de 6 chiffres<br \/>\nparticuli\u00e8rement adapt\u00e9 aux besoins de haute pr\u00e9cision, multifonction et automatique<br \/>\nmesure. Il adopte de nombreuses nouvelles technologies actuelles pour atteindre une haute<br \/>\nperformances, des fonctionnalit\u00e9s abondantes dans la m\u00eame cat\u00e9gorie. Il est con\u00e7u pour viser le<br \/>\nexigences du plus grand march\u00e9 de DMM de la recherche, de l'\u00e9ducation, industriel<br \/>\nles industries de l'\u00e9lectronique, de l'\u00e9lectronique grand public et de l'automobile avec son innovante<br \/>\ntechnologie, sp\u00e9cifications de pointe, fonctions de mesure puissantes et<br \/>\ncapacit\u00e9s d'analyse approfondies.<\/p>","protected":false},"excerpt":{"rendered":"<p>Multim\u00e8tre TRMS \u00e0 6\u00bd chiffres, pr\u00e9cision DCV jusqu'\u00e0 0.0015%, vitesse de lecture jusqu'\u00e0 10000 rdgs\/s, m\u00e9moire de 512000 points, \u00e9cran monochrome (256\u00d764 pixels).<\/p>","protected":false},"featured_media":3838,"comment_status":"open","ping_status":"closed","template":"","meta":{"_surecart_dashboard_logo_width":"180px","_surecart_dashboard_show_logo":true,"_surecart_dashboard_navigation_orders":true,"_surecart_dashboard_navigation_invoices":true,"_surecart_dashboard_navigation_subscriptions":true,"_surecart_dashboard_navigation_downloads":true,"_surecart_dashboard_navigation_billing":true,"_surecart_dashboard_navigation_account":true,"_uag_custom_page_level_css":"","site-sidebar-layout":"default","site-content-layout":"","ast-site-content-layout":"default","site-content-style":"default","site-sidebar-style":"default","ast-global-header-display":"","ast-banner-title-visibility":"","ast-main-header-display":"","ast-hfb-above-header-display":"","ast-hfb-below-header-display":"","ast-hfb-mobile-header-display":"","site-post-title":"","ast-breadcrumbs-content":"","ast-featured-img":"","footer-sml-layout":"","ast-disable-related-posts":"","theme-transparent-header-meta":"default","adv-header-id-meta":"","stick-header-meta":"default","header-above-stick-meta":"","header-main-stick-meta":"","header-below-stick-meta":"","astra-migrate-meta-layouts":"set","ast-page-background-enabled":"default","ast-page-background-meta":{"desktop":{"background-color":"var(--ast-global-color-4)","background-image":"","background-repeat":"repeat","background-position":"center center","background-size":"auto","background-attachment":"scroll","background-type":"","background-media":"","overlay-type":"","overlay-color":"","overlay-opacity":"","overlay-gradient":""},"tablet":{"background-color":"","background-image":"","background-repeat":"repeat","background-position":"center center","background-size":"auto","background-attachment":"scroll","background-type":"","background-media":"","overlay-type":"","overlay-color":"","overlay-opacity":"","overlay-gradient":""},"mobile":{"background-color":"","background-image":"","background-repeat":"repeat","background-position":"center center","background-size":"auto","background-attachment":"scroll","background-type":"","background-media":"","overlay-type":"","overlay-color":"","overlay-opacity":"","overlay-gradient":""}},"ast-content-background-meta":{"desktop":{"background-color":"var(--ast-global-color-5)","background-image":"","background-repeat":"repeat","background-position":"center center","background-size":"auto","background-attachment":"scroll","background-type":"","background-media":"","overlay-type":"","overlay-color":"","overlay-opacity":"","overlay-gradient":""},"tablet":{"background-color":"var(--ast-global-color-5)","background-image":"","background-repeat":"repeat","background-position":"center center","background-size":"auto","background-attachment":"scroll","background-type":"","background-media":"","overlay-type":"","overlay-color":"","overlay-opacity":"","overlay-gradient":""},"mobile":{"background-color":"var(--ast-global-color-5)","background-image":"","background-repeat":"repeat","background-position":"center center","background-size":"auto","background-attachment":"scroll","background-type":"","background-media":"","overlay-type":"","overlay-color":"","overlay-opacity":"","overlay-gradient":""}}},"product_brand":[],"product_cat":[38,40,106,48],"product_tag":[],"class_list":{"0":"post-2647","1":"product","2":"type-product","3":"status-publish","4":"has-post-thumbnail","6":"product_cat-test-measure","7":"product_cat-digital-multimeter","8":"product_cat-rigol-digital-multimeter","9":"product_cat-dm3000","10":"desktop-align-left","11":"tablet-align-left","12":"mobile-align-left","13":"ast-product-gallery-layout-horizontal-slider","14":"ast-product-gallery-with-no-image","15":"ast-product-tabs-layout-horizontal","17":"first","18":"instock","19":"taxable","20":"shipping-taxable","21":"purchasable","22":"product-type-simple"},"yoast_head":"<!-- This site is optimized with the Yoast SEO plugin v26.2 - https:\/\/yoast.com\/wordpress\/plugins\/seo\/ -->\n<title>Rigol DM3068 - Genatronik<\/title>\n<meta name=\"description\" content=\"DM3068 is a digital multimeter designed with 6 digits readings resolutionespecially fitting to the needs of high-precision, multifunction and automaticmeasurement. It adopts many today&#039;s new technologies to achieve highperformance, abundant features in the same class. It&#039;s designed to aim at therequirements of the largest DMM market from the research, education,industrialelectronics,consumer electronics and automotive industries with its innovativetechnology,industry leading specifications,powerful measurement functions andbroad analysis capabilities.\" \/>\n<meta name=\"robots\" content=\"index, follow, max-snippet:-1, max-image-preview:large, max-video-preview:-1\" \/>\n<link rel=\"canonical\" href=\"https:\/\/genatronik.com\/fr\/product\/dm3068\/\" \/>\n<meta property=\"og:locale\" content=\"fr_FR\" \/>\n<meta property=\"og:type\" content=\"article\" \/>\n<meta property=\"og:title\" content=\"Rigol DM3068 - Genatronik\" \/>\n<meta property=\"og:description\" content=\"DM3068 is a digital multimeter designed with 6 digits readings resolutionespecially fitting to the needs of high-precision, multifunction and automaticmeasurement. It adopts many today&#039;s new technologies to achieve highperformance, abundant features in the same class. It&#039;s designed to aim at therequirements of the largest DMM market from the research, education,industrialelectronics,consumer electronics and automotive industries with its innovativetechnology,industry leading specifications,powerful measurement functions andbroad analysis capabilities.\" \/>\n<meta property=\"og:url\" content=\"https:\/\/genatronik.com\/fr\/product\/dm3068\/\" \/>\n<meta property=\"og:site_name\" content=\"Genatronik\" \/>\n<meta property=\"article:modified_time\" content=\"2025-05-13T08:20:51+00:00\" \/>\n<meta property=\"og:image\" content=\"https:\/\/genatronik.com\/wp-content\/uploads\/2024\/12\/DM3068-1600-1200.png\" \/>\n\t<meta property=\"og:image:width\" content=\"1600\" \/>\n\t<meta property=\"og:image:height\" content=\"1200\" \/>\n\t<meta property=\"og:image:type\" content=\"image\/png\" \/>\n<meta name=\"twitter:card\" content=\"summary_large_image\" \/>\n<meta name=\"twitter:label1\" content=\"Dur\u00e9e de lecture estim\u00e9e\" \/>\n\t<meta name=\"twitter:data1\" content=\"2 minutes\" \/>\n<script type=\"application\/ld+json\" class=\"yoast-schema-graph\">{\"@context\":\"https:\/\/schema.org\",\"@graph\":[{\"@type\":\"WebPage\",\"@id\":\"https:\/\/genatronik.com\/en\/product\/dm3068\/\",\"url\":\"https:\/\/genatronik.com\/en\/product\/dm3068\/\",\"name\":\"Rigol DM3068 - Genatronik\",\"isPartOf\":{\"@id\":\"https:\/\/genatronik.com\/en\/#website\"},\"primaryImageOfPage\":{\"@id\":\"https:\/\/genatronik.com\/en\/product\/dm3068\/#primaryimage\"},\"image\":{\"@id\":\"https:\/\/genatronik.com\/en\/product\/dm3068\/#primaryimage\"},\"thumbnailUrl\":\"https:\/\/genatronik.com\/wp-content\/uploads\/2024\/12\/DM3068-1600-1200.png\",\"datePublished\":\"2024-12-02T15:19:25+00:00\",\"dateModified\":\"2025-05-13T08:20:51+00:00\",\"description\":\"DM3068 is a digital multimeter designed with 6 digits readings resolutionespecially fitting to the needs of high-precision, multifunction and automaticmeasurement. It adopts many today's new technologies to achieve highperformance, abundant features in the same class. It's designed to aim at therequirements of the largest DMM market from the research, education,industrialelectronics,consumer electronics and automotive industries with its innovativetechnology,industry leading specifications,powerful measurement functions andbroad analysis capabilities.\",\"breadcrumb\":{\"@id\":\"https:\/\/genatronik.com\/en\/product\/dm3068\/#breadcrumb\"},\"inLanguage\":\"fr-FR\",\"potentialAction\":[{\"@type\":\"ReadAction\",\"target\":[\"https:\/\/genatronik.com\/en\/product\/dm3068\/\"]}]},{\"@type\":\"ImageObject\",\"inLanguage\":\"fr-FR\",\"@id\":\"https:\/\/genatronik.com\/en\/product\/dm3068\/#primaryimage\",\"url\":\"https:\/\/genatronik.com\/wp-content\/uploads\/2024\/12\/DM3068-1600-1200.png\",\"contentUrl\":\"https:\/\/genatronik.com\/wp-content\/uploads\/2024\/12\/DM3068-1600-1200.png\",\"width\":1600,\"height\":1200},{\"@type\":\"BreadcrumbList\",\"@id\":\"https:\/\/genatronik.com\/en\/product\/dm3068\/#breadcrumb\",\"itemListElement\":[{\"@type\":\"ListItem\",\"position\":1,\"name\":\"Home\",\"item\":\"https:\/\/genatronik.com\/\"},{\"@type\":\"ListItem\",\"position\":2,\"name\":\"Produkte\",\"item\":\"https:\/\/genatronik.com\/de\/shop\/\"},{\"@type\":\"ListItem\",\"position\":3,\"name\":\"Products\",\"item\":\"https:\/\/genatronik.com\/product-category\/products\/\"},{\"@type\":\"ListItem\",\"position\":4,\"name\":\"Test &amp; Measure\",\"item\":\"https:\/\/genatronik.com\/product-category\/products\/test-measure\/\"},{\"@type\":\"ListItem\",\"position\":5,\"name\":\"Digital Multimeter\",\"item\":\"https:\/\/genatronik.com\/product-category\/products\/test-measure\/digital-multimeter\/\"},{\"@type\":\"ListItem\",\"position\":6,\"name\":\"Rigol Digital Multimeter\",\"item\":\"https:\/\/genatronik.com\/product-category\/products\/test-measure\/digital-multimeter\/rigol-digital-multimeter\/\"},{\"@type\":\"ListItem\",\"position\":7,\"name\":\"DM3000\",\"item\":\"https:\/\/genatronik.com\/product-category\/products\/test-measure\/digital-multimeter\/rigol-digital-multimeter\/dm3000\/\"},{\"@type\":\"ListItem\",\"position\":8,\"name\":\"Rigol DM3068\"}]},{\"@type\":\"WebSite\",\"@id\":\"https:\/\/genatronik.com\/en\/#website\",\"url\":\"https:\/\/genatronik.com\/en\/\",\"name\":\"Genatronik\",\"description\":\"Advanced Devices. Reliable Service.\",\"publisher\":{\"@id\":\"https:\/\/genatronik.com\/en\/#organization\"},\"potentialAction\":[{\"@type\":\"SearchAction\",\"target\":{\"@type\":\"EntryPoint\",\"urlTemplate\":\"https:\/\/genatronik.com\/en\/?s={search_term_string}\"},\"query-input\":{\"@type\":\"PropertyValueSpecification\",\"valueRequired\":true,\"valueName\":\"search_term_string\"}}],\"inLanguage\":\"fr-FR\"},{\"@type\":\"Organization\",\"@id\":\"https:\/\/genatronik.com\/en\/#organization\",\"name\":\"Genatronik\",\"url\":\"https:\/\/genatronik.com\/en\/\",\"logo\":{\"@type\":\"ImageObject\",\"inLanguage\":\"fr-FR\",\"@id\":\"https:\/\/genatronik.com\/en\/#\/schema\/logo\/image\/\",\"url\":\"https:\/\/genatronik.com\/wp-content\/uploads\/2025\/05\/genatronik_logo_header-scaled.png\",\"contentUrl\":\"https:\/\/genatronik.com\/wp-content\/uploads\/2025\/05\/genatronik_logo_header-scaled.png\",\"width\":2560,\"height\":448,\"caption\":\"Genatronik\"},\"image\":{\"@id\":\"https:\/\/genatronik.com\/en\/#\/schema\/logo\/image\/\"}}]}<\/script>\n<!-- \/ Yoast SEO plugin. -->","yoast_head_json":{"title":"Rigol DM3068 - Genatronik","description":"Le DM3068 est un multim\u00e8tre num\u00e9rique con\u00e7u avec une r\u00e9solution de lecture de 6 chiffres, particuli\u00e8rement adapt\u00e9 aux besoins de haute pr\u00e9cision, multifonction et de mesure automatique. Il adopte de nombreuses technologies nouvelles d'aujourd'hui pour atteindre des performances \u00e9lev\u00e9es et des fonctionnalit\u00e9s abondantes dans la m\u00eame cat\u00e9gorie. Il est con\u00e7u pour r\u00e9pondre aux exigences du plus grand march\u00e9 des multim\u00e8tres num\u00e9riques issu des industries de la recherche, de l'\u00e9ducation, de l'\u00e9lectronique industrielle, de l'\u00e9lectronique grand public et de l'automobile, gr\u00e2ce \u00e0 sa technologie innovante, ses sp\u00e9cifications de pointe, ses puissantes fonctions de mesure et ses vastes capacit\u00e9s d'analyse.","robots":{"index":"index","follow":"follow","max-snippet":"max-snippet:-1","max-image-preview":"max-image-preview:large","max-video-preview":"max-video-preview:-1"},"canonical":"https:\/\/genatronik.com\/fr\/product\/dm3068\/","og_locale":"fr_FR","og_type":"article","og_title":"Rigol DM3068 - Genatronik","og_description":"DM3068 is a digital multimeter designed with 6 digits readings resolutionespecially fitting to the needs of high-precision, multifunction and automaticmeasurement. It adopts many today's new technologies to achieve highperformance, abundant features in the same class. It's designed to aim at therequirements of the largest DMM market from the research, education,industrialelectronics,consumer electronics and automotive industries with its innovativetechnology,industry leading specifications,powerful measurement functions andbroad analysis capabilities.","og_url":"https:\/\/genatronik.com\/fr\/product\/dm3068\/","og_site_name":"Genatronik","article_modified_time":"2025-05-13T08:20:51+00:00","og_image":[{"width":1600,"height":1200,"url":"https:\/\/genatronik.com\/wp-content\/uploads\/2024\/12\/DM3068-1600-1200.png","type":"image\/png"}],"twitter_card":"summary_large_image","twitter_misc":{"Dur\u00e9e de lecture estim\u00e9e":"2 minutes"},"schema":{"@context":"https:\/\/schema.org","@graph":[{"@type":"WebPage","@id":"https:\/\/genatronik.com\/en\/product\/dm3068\/","url":"https:\/\/genatronik.com\/en\/product\/dm3068\/","name":"Rigol DM3068 - Genatronik","isPartOf":{"@id":"https:\/\/genatronik.com\/en\/#website"},"primaryImageOfPage":{"@id":"https:\/\/genatronik.com\/en\/product\/dm3068\/#primaryimage"},"image":{"@id":"https:\/\/genatronik.com\/en\/product\/dm3068\/#primaryimage"},"thumbnailUrl":"https:\/\/genatronik.com\/wp-content\/uploads\/2024\/12\/DM3068-1600-1200.png","datePublished":"2024-12-02T15:19:25+00:00","dateModified":"2025-05-13T08:20:51+00:00","description":"Le DM3068 est un multim\u00e8tre num\u00e9rique con\u00e7u avec une r\u00e9solution de lecture de 6 chiffres, particuli\u00e8rement adapt\u00e9 aux besoins de haute pr\u00e9cision, multifonction et de mesure automatique. Il adopte de nombreuses technologies nouvelles d'aujourd'hui pour atteindre des performances \u00e9lev\u00e9es et des fonctionnalit\u00e9s abondantes dans la m\u00eame cat\u00e9gorie. Il est con\u00e7u pour r\u00e9pondre aux exigences du plus grand march\u00e9 des multim\u00e8tres num\u00e9riques issu des industries de la recherche, de l'\u00e9ducation, de l'\u00e9lectronique industrielle, de l'\u00e9lectronique grand public et de l'automobile, gr\u00e2ce \u00e0 sa technologie innovante, ses sp\u00e9cifications de pointe, ses puissantes fonctions de mesure et ses vastes capacit\u00e9s d'analyse.","breadcrumb":{"@id":"https:\/\/genatronik.com\/en\/product\/dm3068\/#breadcrumb"},"inLanguage":"fr-FR","potentialAction":[{"@type":"ReadAction","target":["https:\/\/genatronik.com\/en\/product\/dm3068\/"]}]},{"@type":"ImageObject","inLanguage":"fr-FR","@id":"https:\/\/genatronik.com\/en\/product\/dm3068\/#primaryimage","url":"https:\/\/genatronik.com\/wp-content\/uploads\/2024\/12\/DM3068-1600-1200.png","contentUrl":"https:\/\/genatronik.com\/wp-content\/uploads\/2024\/12\/DM3068-1600-1200.png","width":1600,"height":1200},{"@type":"BreadcrumbList","@id":"https:\/\/genatronik.com\/en\/product\/dm3068\/#breadcrumb","itemListElement":[{"@type":"ListItem","position":1,"name":"Home","item":"https:\/\/genatronik.com\/"},{"@type":"ListItem","position":2,"name":"Produkte","item":"https:\/\/genatronik.com\/de\/shop\/"},{"@type":"ListItem","position":3,"name":"Products","item":"https:\/\/genatronik.com\/product-category\/products\/"},{"@type":"ListItem","position":4,"name":"Test &amp; Measure","item":"https:\/\/genatronik.com\/product-category\/products\/test-measure\/"},{"@type":"ListItem","position":5,"name":"Digital Multimeter","item":"https:\/\/genatronik.com\/product-category\/products\/test-measure\/digital-multimeter\/"},{"@type":"ListItem","position":6,"name":"Rigol Digital Multimeter","item":"https:\/\/genatronik.com\/product-category\/products\/test-measure\/digital-multimeter\/rigol-digital-multimeter\/"},{"@type":"ListItem","position":7,"name":"DM3000","item":"https:\/\/genatronik.com\/product-category\/products\/test-measure\/digital-multimeter\/rigol-digital-multimeter\/dm3000\/"},{"@type":"ListItem","position":8,"name":"Rigol DM3068"}]},{"@type":"WebSite","@id":"https:\/\/genatronik.com\/en\/#website","url":"https:\/\/genatronik.com\/en\/","name":"Genatronik","description":"Dispositifs avanc\u00e9s. Un service fiable.","publisher":{"@id":"https:\/\/genatronik.com\/en\/#organization"},"potentialAction":[{"@type":"SearchAction","target":{"@type":"EntryPoint","urlTemplate":"https:\/\/genatronik.com\/en\/?s={search_term_string}"},"query-input":{"@type":"PropertyValueSpecification","valueRequired":true,"valueName":"search_term_string"}}],"inLanguage":"fr-FR"},{"@type":"Organization","@id":"https:\/\/genatronik.com\/en\/#organization","name":"Genatronik","url":"https:\/\/genatronik.com\/en\/","logo":{"@type":"ImageObject","inLanguage":"fr-FR","@id":"https:\/\/genatronik.com\/en\/#\/schema\/logo\/image\/","url":"https:\/\/genatronik.com\/wp-content\/uploads\/2025\/05\/genatronik_logo_header-scaled.png","contentUrl":"https:\/\/genatronik.com\/wp-content\/uploads\/2025\/05\/genatronik_logo_header-scaled.png","width":2560,"height":448,"caption":"Genatronik"},"image":{"@id":"https:\/\/genatronik.com\/en\/#\/schema\/logo\/image\/"}}]}},"uagb_featured_image_src":{"full":["https:\/\/genatronik.com\/wp-content\/uploads\/2024\/12\/DM3068-1600-1200.png",1600,1200,false],"thumbnail":["https:\/\/genatronik.com\/wp-content\/uploads\/2024\/12\/DM3068-1600-1200-150x150.png",150,150,true],"medium":["https:\/\/genatronik.com\/wp-content\/uploads\/2024\/12\/DM3068-1600-1200-300x225.png",300,225,true],"medium_large":["https:\/\/genatronik.com\/wp-content\/uploads\/2024\/12\/DM3068-1600-1200-768x576.png",768,576,true],"large":["https:\/\/genatronik.com\/wp-content\/uploads\/2024\/12\/DM3068-1600-1200-1024x768.png",1024,768,true],"1536x1536":["https:\/\/genatronik.com\/wp-content\/uploads\/2024\/12\/DM3068-1600-1200-1536x1152.png",1536,1152,true],"2048x2048":["https:\/\/genatronik.com\/wp-content\/uploads\/2024\/12\/DM3068-1600-1200.png",1600,1200,false],"trp-custom-language-flag":["https:\/\/genatronik.com\/wp-content\/uploads\/2024\/12\/DM3068-1600-1200.png",16,12,false],"tp-image-grid":["https:\/\/genatronik.com\/wp-content\/uploads\/2024\/12\/DM3068-1600-1200-700x700.png",700,700,true],"woocommerce_thumbnail":["https:\/\/genatronik.com\/wp-content\/uploads\/2024\/12\/DM3068-1600-1200-300x225.png",300,225,true],"woocommerce_single":["https:\/\/genatronik.com\/wp-content\/uploads\/2024\/12\/DM3068-1600-1200-600x450.png",600,450,true],"woocommerce_gallery_thumbnail":["https:\/\/genatronik.com\/wp-content\/uploads\/2024\/12\/DM3068-1600-1200-100x100.png",100,100,true]},"uagb_author_info":{"display_name":"guanyuan zhu","author_link":"https:\/\/genatronik.com\/fr\/author\/"},"uagb_comment_info":0,"uagb_excerpt":"6\u00bd digit TRMS multimeter, DCV accuracy up to 0.0015%, reading rate up to 10000 rdgs\/s, 512000 points memory, monochrome display (256x64 pixel).","jetpack_sharing_enabled":true,"_links":{"self":[{"href":"https:\/\/genatronik.com\/fr\/wp-json\/wp\/v2\/product\/2647","targetHints":{"allow":["GET"]}}],"collection":[{"href":"https:\/\/genatronik.com\/fr\/wp-json\/wp\/v2\/product"}],"about":[{"href":"https:\/\/genatronik.com\/fr\/wp-json\/wp\/v2\/types\/product"}],"replies":[{"embeddable":true,"href":"https:\/\/genatronik.com\/fr\/wp-json\/wp\/v2\/comments?post=2647"}],"version-history":[{"count":4,"href":"https:\/\/genatronik.com\/fr\/wp-json\/wp\/v2\/product\/2647\/revisions"}],"predecessor-version":[{"id":7061,"href":"https:\/\/genatronik.com\/fr\/wp-json\/wp\/v2\/product\/2647\/revisions\/7061"}],"wp:featuredmedia":[{"embeddable":true,"href":"https:\/\/genatronik.com\/fr\/wp-json\/wp\/v2\/media\/3838"}],"wp:attachment":[{"href":"https:\/\/genatronik.com\/fr\/wp-json\/wp\/v2\/media?parent=2647"}],"wp:term":[{"taxonomy":"product_brand","embeddable":true,"href":"https:\/\/genatronik.com\/fr\/wp-json\/wp\/v2\/product_brand?post=2647"},{"taxonomy":"product_cat","embeddable":true,"href":"https:\/\/genatronik.com\/fr\/wp-json\/wp\/v2\/product_cat?post=2647"},{"taxonomy":"product_tag","embeddable":true,"href":"https:\/\/genatronik.com\/fr\/wp-json\/wp\/v2\/product_tag?post=2647"}],"curies":[{"name":"wp","href":"https:\/\/api.w.org\/{rel}","templated":true}]}}