{"id":2571,"date":"2024-12-02T18:43:46","date_gmt":"2024-12-02T10:43:46","guid":{"rendered":"https:\/\/genatronik.com\/?post_type=product&#038;p=2571"},"modified":"2025-05-13T10:40:42","modified_gmt":"2025-05-13T08:40:42","slug":"rsa3045","status":"publish","type":"product","link":"https:\/\/genatronik.com\/fr\/product\/rsa3045\/","title":{"rendered":"Rigol RSA3045"},"content":{"rendered":"<ul>\n<li>Technologie Ultra-Real<\/li>\n<li>Fr\u00e9quence : 4,5 GHz<\/li>\n<li>Niveau de bruit moyen affich\u00e9 (DANL) : &lt;-165 dBm (typique)<\/li>\n<li>Bruit de phase : &lt;-108 dBc\/Hz (typique)<\/li>\n<li>Incertitude de la mesure du niveau : &lt;0,8 dB<\/li>\n<li>RBW 1 Hz<\/li>\n<li>Filtre CEM et d\u00e9tecteur de quasi-cr\u00eate<\/li>\n<li>Diverses fonctions de mesure<\/li>\n<li>Modes de mesure multiples<\/li>\n<li>Largeur de bande d'analyse en temps r\u00e9el jusqu'\u00e0 40 MHz<\/li>\n<li>Modes et masques de d\u00e9clenchement multiples<\/li>\n<li>Densit\u00e9, spectrogramme et autres modes d'affichage<\/li>\n<li>Options du logiciel PC<\/li>\n<li>\u00c9cran capacitif multi-touch de 1 pouce, prenant en charge les gestes tactiles<\/li>\n<li>USB, LAN, HDMI et autres interfaces de communication et d'affichage<\/li>\n<li>Remarque : les options SW ne sont pas incluses dans le produit standard et doivent \u00eatre achet\u00e9es s\u00e9par\u00e9ment.<\/li>\n<\/ul>","protected":false},"excerpt":{"rendered":"<p>Analyseur de spectre en temps r\u00e9el de 9 kHz \u00e0 4,5 GHz de largeur de bande, jusqu'\u00e0 40 MHz de largeur de bande en temps r\u00e9el, 1 Hz - 10 MHz RBW et un \u00e9cran tactile de 25,6 cm (10,1\u2033) avec 1024\u00d7600 pixels.<\/p>","protected":false},"featured_media":3819,"comment_status":"open","ping_status":"closed","template":"","meta":{"_surecart_dashboard_logo_width":"180px","_surecart_dashboard_show_logo":true,"_surecart_dashboard_navigation_orders":true,"_surecart_dashboard_navigation_invoices":true,"_surecart_dashboard_navigation_subscriptions":true,"_surecart_dashboard_navigation_downloads":true,"_surecart_dashboard_navigation_billing":true,"_surecart_dashboard_navigation_account":true,"_uag_custom_page_level_css":"","site-sidebar-layout":"default","site-content-layout":"","ast-site-content-layout":"default","site-content-style":"default","site-sidebar-style":"default","ast-global-header-display":"","ast-banner-title-visibility":"","ast-main-header-display":"","ast-hfb-above-header-display":"","ast-hfb-below-header-display":"","ast-hfb-mobile-header-display":"","site-post-title":"","ast-breadcrumbs-content":"","ast-featured-img":"","footer-sml-layout":"","ast-disable-related-posts":"","theme-transparent-header-meta":"default","adv-header-id-meta":"","stick-header-meta":"default","header-above-stick-meta":"","header-main-stick-meta":"","header-below-stick-meta":"","astra-migrate-meta-layouts":"set","ast-page-background-enabled":"default","ast-page-background-meta":{"desktop":{"background-color":"var(--ast-global-color-4)","background-image":"","background-repeat":"repeat","background-position":"center center","background-size":"auto","background-attachment":"scroll","background-type":"","background-media":"","overlay-type":"","overlay-color":"","overlay-opacity":"","overlay-gradient":""},"tablet":{"background-color":"","background-image":"","background-repeat":"repeat","background-position":"center center","background-size":"auto","background-attachment":"scroll","background-type":"","background-media":"","overlay-type":"","overlay-color":"","overlay-opacity":"","overlay-gradient":""},"mobile":{"background-color":"","background-image":"","background-repeat":"repeat","background-position":"center center","background-size":"auto","background-attachment":"scroll","background-type":"","background-media":"","overlay-type":"","overlay-color":"","overlay-opacity":"","overlay-gradient":""}},"ast-content-background-meta":{"desktop":{"background-color":"var(--ast-global-color-5)","background-image":"","background-repeat":"repeat","background-position":"center center","background-size":"auto","background-attachment":"scroll","background-type":"","background-media":"","overlay-type":"","overlay-color":"","overlay-opacity":"","overlay-gradient":""},"tablet":{"background-color":"var(--ast-global-color-5)","background-image":"","background-repeat":"repeat","background-position":"center center","background-size":"auto","background-attachment":"scroll","background-type":"","background-media":"","overlay-type":"","overlay-color":"","overlay-opacity":"","overlay-gradient":""},"mobile":{"background-color":"var(--ast-global-color-5)","background-image":"","background-repeat":"repeat","background-position":"center center","background-size":"auto","background-attachment":"scroll","background-type":"","background-media":"","overlay-type":"","overlay-color":"","overlay-opacity":"","overlay-gradient":""}}},"product_brand":[],"product_cat":[38,43,107,72],"product_tag":[],"class_list":{"0":"post-2571","1":"product","2":"type-product","3":"status-publish","4":"has-post-thumbnail","6":"product_cat-test-measure","7":"product_cat-spectrum-analyzer","8":"product_cat-rigol-spectrum-analyzer","9":"product_cat-rsa3000","10":"desktop-align-left","11":"tablet-align-left","12":"mobile-align-left","13":"ast-product-gallery-layout-horizontal-slider","14":"ast-product-gallery-with-no-image","15":"ast-product-tabs-layout-horizontal","17":"first","18":"instock","19":"taxable","20":"shipping-taxable","21":"purchasable","22":"product-type-simple"},"yoast_head":"<!-- This site is optimized with the Yoast SEO plugin v26.2 - https:\/\/yoast.com\/wordpress\/plugins\/seo\/ -->\n<title>Rigol RSA3045 - Genatronik<\/title>\n<meta name=\"robots\" content=\"index, follow, max-snippet:-1, max-image-preview:large, max-video-preview:-1\" \/>\n<link rel=\"canonical\" href=\"https:\/\/genatronik.com\/fr\/product\/rsa3045\/\" \/>\n<meta property=\"og:locale\" content=\"fr_FR\" \/>\n<meta property=\"og:type\" content=\"article\" \/>\n<meta property=\"og:title\" content=\"Rigol RSA3045 - Genatronik\" \/>\n<meta property=\"og:description\" content=\"Real-time spectrum analyzer from 9 kHz to 4.5 GHz bandwidth, up to 40 MHz real-time bandwidth, 1 Hz - 10 MHz RBW and a 25.6 cm (10.1&quot;) touchdisplay with 1024x600 pixel.\" \/>\n<meta property=\"og:url\" content=\"https:\/\/genatronik.com\/fr\/product\/rsa3045\/\" \/>\n<meta property=\"og:site_name\" content=\"Genatronik\" \/>\n<meta property=\"article:modified_time\" content=\"2025-05-13T08:40:42+00:00\" \/>\n<meta property=\"og:image\" content=\"https:\/\/genatronik.com\/wp-content\/uploads\/2024\/12\/RSA3045\u6b63\u97621600-1200.png\" \/>\n\t<meta property=\"og:image:width\" content=\"1600\" \/>\n\t<meta property=\"og:image:height\" content=\"1200\" \/>\n\t<meta property=\"og:image:type\" content=\"image\/png\" \/>\n<meta name=\"twitter:card\" content=\"summary_large_image\" \/>\n<meta name=\"twitter:label1\" content=\"Dur\u00e9e de lecture estim\u00e9e\" \/>\n\t<meta name=\"twitter:data1\" content=\"1 minute\" \/>\n<script type=\"application\/ld+json\" class=\"yoast-schema-graph\">{\"@context\":\"https:\/\/schema.org\",\"@graph\":[{\"@type\":\"WebPage\",\"@id\":\"https:\/\/genatronik.com\/en\/product\/rsa3045\/\",\"url\":\"https:\/\/genatronik.com\/en\/product\/rsa3045\/\",\"name\":\"Rigol RSA3045 - Genatronik\",\"isPartOf\":{\"@id\":\"https:\/\/genatronik.com\/en\/#website\"},\"primaryImageOfPage\":{\"@id\":\"https:\/\/genatronik.com\/en\/product\/rsa3045\/#primaryimage\"},\"image\":{\"@id\":\"https:\/\/genatronik.com\/en\/product\/rsa3045\/#primaryimage\"},\"thumbnailUrl\":\"https:\/\/genatronik.com\/wp-content\/uploads\/2024\/12\/RSA3045\u6b63\u97621600-1200.png\",\"datePublished\":\"2024-12-02T10:43:46+00:00\",\"dateModified\":\"2025-05-13T08:40:42+00:00\",\"breadcrumb\":{\"@id\":\"https:\/\/genatronik.com\/en\/product\/rsa3045\/#breadcrumb\"},\"inLanguage\":\"fr-FR\",\"potentialAction\":[{\"@type\":\"ReadAction\",\"target\":[\"https:\/\/genatronik.com\/en\/product\/rsa3045\/\"]}]},{\"@type\":\"ImageObject\",\"inLanguage\":\"fr-FR\",\"@id\":\"https:\/\/genatronik.com\/en\/product\/rsa3045\/#primaryimage\",\"url\":\"https:\/\/genatronik.com\/wp-content\/uploads\/2024\/12\/RSA3045\u6b63\u97621600-1200.png\",\"contentUrl\":\"https:\/\/genatronik.com\/wp-content\/uploads\/2024\/12\/RSA3045\u6b63\u97621600-1200.png\",\"width\":1600,\"height\":1200},{\"@type\":\"BreadcrumbList\",\"@id\":\"https:\/\/genatronik.com\/en\/product\/rsa3045\/#breadcrumb\",\"itemListElement\":[{\"@type\":\"ListItem\",\"position\":1,\"name\":\"Home\",\"item\":\"https:\/\/genatronik.com\/\"},{\"@type\":\"ListItem\",\"position\":2,\"name\":\"Produkte\",\"item\":\"https:\/\/genatronik.com\/de\/shop\/\"},{\"@type\":\"ListItem\",\"position\":3,\"name\":\"Products\",\"item\":\"https:\/\/genatronik.com\/product-category\/products\/\"},{\"@type\":\"ListItem\",\"position\":4,\"name\":\"Test &amp; Measure\",\"item\":\"https:\/\/genatronik.com\/product-category\/products\/test-measure\/\"},{\"@type\":\"ListItem\",\"position\":5,\"name\":\"Spectrum Analyzer\",\"item\":\"https:\/\/genatronik.com\/product-category\/products\/test-measure\/spectrum-analyzer\/\"},{\"@type\":\"ListItem\",\"position\":6,\"name\":\"Rigol Spectrum Analyzer\",\"item\":\"https:\/\/genatronik.com\/fr\/product-category\/produits\/test-mesure\/analyseur-de-spectre\/analyseur-de-spectre-rigol\/\"},{\"@type\":\"ListItem\",\"position\":7,\"name\":\"RSA3000\",\"item\":\"https:\/\/genatronik.com\/fr\/product-category\/produits\/test-mesure\/analyseur-de-spectre\/analyseur-de-spectre-rigol\/rsa3000\/\"},{\"@type\":\"ListItem\",\"position\":8,\"name\":\"Rigol RSA3045\"}]},{\"@type\":\"WebSite\",\"@id\":\"https:\/\/genatronik.com\/en\/#website\",\"url\":\"https:\/\/genatronik.com\/en\/\",\"name\":\"Genatronik\",\"description\":\"Advanced Devices. Reliable Service.\",\"publisher\":{\"@id\":\"https:\/\/genatronik.com\/en\/#organization\"},\"potentialAction\":[{\"@type\":\"SearchAction\",\"target\":{\"@type\":\"EntryPoint\",\"urlTemplate\":\"https:\/\/genatronik.com\/en\/?s={search_term_string}\"},\"query-input\":{\"@type\":\"PropertyValueSpecification\",\"valueRequired\":true,\"valueName\":\"search_term_string\"}}],\"inLanguage\":\"fr-FR\"},{\"@type\":\"Organization\",\"@id\":\"https:\/\/genatronik.com\/en\/#organization\",\"name\":\"Genatronik\",\"url\":\"https:\/\/genatronik.com\/en\/\",\"logo\":{\"@type\":\"ImageObject\",\"inLanguage\":\"fr-FR\",\"@id\":\"https:\/\/genatronik.com\/en\/#\/schema\/logo\/image\/\",\"url\":\"https:\/\/genatronik.com\/wp-content\/uploads\/2025\/05\/genatronik_logo_header-scaled.png\",\"contentUrl\":\"https:\/\/genatronik.com\/wp-content\/uploads\/2025\/05\/genatronik_logo_header-scaled.png\",\"width\":2560,\"height\":448,\"caption\":\"Genatronik\"},\"image\":{\"@id\":\"https:\/\/genatronik.com\/en\/#\/schema\/logo\/image\/\"}}]}<\/script>\n<!-- \/ Yoast SEO plugin. -->","yoast_head_json":{"title":"Rigol RSA3045 - Genatronik","robots":{"index":"index","follow":"follow","max-snippet":"max-snippet:-1","max-image-preview":"max-image-preview:large","max-video-preview":"max-video-preview:-1"},"canonical":"https:\/\/genatronik.com\/fr\/product\/rsa3045\/","og_locale":"fr_FR","og_type":"article","og_title":"Rigol RSA3045 - Genatronik","og_description":"Real-time spectrum analyzer from 9 kHz to 4.5 GHz bandwidth, up to 40 MHz real-time bandwidth, 1 Hz - 10 MHz RBW and a 25.6 cm (10.1\") touchdisplay with 1024x600 pixel.","og_url":"https:\/\/genatronik.com\/fr\/product\/rsa3045\/","og_site_name":"Genatronik","article_modified_time":"2025-05-13T08:40:42+00:00","og_image":[{"width":1600,"height":1200,"url":"https:\/\/genatronik.com\/wp-content\/uploads\/2024\/12\/RSA3045\u6b63\u97621600-1200.png","type":"image\/png"}],"twitter_card":"summary_large_image","twitter_misc":{"Dur\u00e9e de lecture estim\u00e9e":"1 minute"},"schema":{"@context":"https:\/\/schema.org","@graph":[{"@type":"WebPage","@id":"https:\/\/genatronik.com\/en\/product\/rsa3045\/","url":"https:\/\/genatronik.com\/en\/product\/rsa3045\/","name":"Rigol RSA3045 - Genatronik","isPartOf":{"@id":"https:\/\/genatronik.com\/en\/#website"},"primaryImageOfPage":{"@id":"https:\/\/genatronik.com\/en\/product\/rsa3045\/#primaryimage"},"image":{"@id":"https:\/\/genatronik.com\/en\/product\/rsa3045\/#primaryimage"},"thumbnailUrl":"https:\/\/genatronik.com\/wp-content\/uploads\/2024\/12\/RSA3045\u6b63\u97621600-1200.png","datePublished":"2024-12-02T10:43:46+00:00","dateModified":"2025-05-13T08:40:42+00:00","breadcrumb":{"@id":"https:\/\/genatronik.com\/en\/product\/rsa3045\/#breadcrumb"},"inLanguage":"fr-FR","potentialAction":[{"@type":"ReadAction","target":["https:\/\/genatronik.com\/en\/product\/rsa3045\/"]}]},{"@type":"ImageObject","inLanguage":"fr-FR","@id":"https:\/\/genatronik.com\/en\/product\/rsa3045\/#primaryimage","url":"https:\/\/genatronik.com\/wp-content\/uploads\/2024\/12\/RSA3045\u6b63\u97621600-1200.png","contentUrl":"https:\/\/genatronik.com\/wp-content\/uploads\/2024\/12\/RSA3045\u6b63\u97621600-1200.png","width":1600,"height":1200},{"@type":"BreadcrumbList","@id":"https:\/\/genatronik.com\/en\/product\/rsa3045\/#breadcrumb","itemListElement":[{"@type":"ListItem","position":1,"name":"Home","item":"https:\/\/genatronik.com\/"},{"@type":"ListItem","position":2,"name":"Produkte","item":"https:\/\/genatronik.com\/de\/shop\/"},{"@type":"ListItem","position":3,"name":"Products","item":"https:\/\/genatronik.com\/product-category\/products\/"},{"@type":"ListItem","position":4,"name":"Test &amp; Measure","item":"https:\/\/genatronik.com\/product-category\/products\/test-measure\/"},{"@type":"ListItem","position":5,"name":"Spectrum Analyzer","item":"https:\/\/genatronik.com\/product-category\/products\/test-measure\/spectrum-analyzer\/"},{"@type":"ListItem","position":6,"name":"Rigol Spectrum Analyzer","item":"https:\/\/genatronik.com\/fr\/product-category\/produits\/test-mesure\/analyseur-de-spectre\/analyseur-de-spectre-rigol\/"},{"@type":"ListItem","position":7,"name":"RSA3000","item":"https:\/\/genatronik.com\/fr\/product-category\/produits\/test-mesure\/analyseur-de-spectre\/analyseur-de-spectre-rigol\/rsa3000\/"},{"@type":"ListItem","position":8,"name":"Rigol RSA3045"}]},{"@type":"WebSite","@id":"https:\/\/genatronik.com\/en\/#website","url":"https:\/\/genatronik.com\/en\/","name":"Genatronik","description":"Dispositifs avanc\u00e9s. Un service fiable.","publisher":{"@id":"https:\/\/genatronik.com\/en\/#organization"},"potentialAction":[{"@type":"SearchAction","target":{"@type":"EntryPoint","urlTemplate":"https:\/\/genatronik.com\/en\/?s={search_term_string}"},"query-input":{"@type":"PropertyValueSpecification","valueRequired":true,"valueName":"search_term_string"}}],"inLanguage":"fr-FR"},{"@type":"Organization","@id":"https:\/\/genatronik.com\/en\/#organization","name":"Genatronik","url":"https:\/\/genatronik.com\/en\/","logo":{"@type":"ImageObject","inLanguage":"fr-FR","@id":"https:\/\/genatronik.com\/en\/#\/schema\/logo\/image\/","url":"https:\/\/genatronik.com\/wp-content\/uploads\/2025\/05\/genatronik_logo_header-scaled.png","contentUrl":"https:\/\/genatronik.com\/wp-content\/uploads\/2025\/05\/genatronik_logo_header-scaled.png","width":2560,"height":448,"caption":"Genatronik"},"image":{"@id":"https:\/\/genatronik.com\/en\/#\/schema\/logo\/image\/"}}]}},"uagb_featured_image_src":{"full":["https:\/\/genatronik.com\/wp-content\/uploads\/2024\/12\/RSA3045\u6b63\u97621600-1200.png",1600,1200,false],"thumbnail":["https:\/\/genatronik.com\/wp-content\/uploads\/2024\/12\/RSA3045\u6b63\u97621600-1200.png",150,113,false],"medium":["https:\/\/genatronik.com\/wp-content\/uploads\/2024\/12\/RSA3045\u6b63\u97621600-1200.png",300,225,false],"medium_large":["https:\/\/genatronik.com\/wp-content\/uploads\/2024\/12\/RSA3045\u6b63\u97621600-1200.png",768,576,false],"large":["https:\/\/genatronik.com\/wp-content\/uploads\/2024\/12\/RSA3045\u6b63\u97621600-1200.png",1024,768,false],"1536x1536":["https:\/\/genatronik.com\/wp-content\/uploads\/2024\/12\/RSA3045\u6b63\u97621600-1200.png",1536,1152,false],"2048x2048":["https:\/\/genatronik.com\/wp-content\/uploads\/2024\/12\/RSA3045\u6b63\u97621600-1200.png",1600,1200,false],"trp-custom-language-flag":["https:\/\/genatronik.com\/wp-content\/uploads\/2024\/12\/RSA3045\u6b63\u97621600-1200.png",16,12,false],"tp-image-grid":["https:\/\/genatronik.com\/wp-content\/uploads\/2024\/12\/RSA3045\u6b63\u97621600-1200.png",700,525,false],"woocommerce_thumbnail":["https:\/\/genatronik.com\/wp-content\/uploads\/2024\/12\/RSA3045\u6b63\u97621600-1200.png",300,225,false],"woocommerce_single":["https:\/\/genatronik.com\/wp-content\/uploads\/2024\/12\/RSA3045\u6b63\u97621600-1200.png",600,450,false],"woocommerce_gallery_thumbnail":["https:\/\/genatronik.com\/wp-content\/uploads\/2024\/12\/RSA3045\u6b63\u97621600-1200-100x100.png",100,100,true]},"uagb_author_info":{"display_name":"guanyuan zhu","author_link":"https:\/\/genatronik.com\/fr\/author\/"},"uagb_comment_info":0,"uagb_excerpt":"Real-time spectrum analyzer from 9 kHz to 4.5 GHz bandwidth, up to 40 MHz real-time bandwidth, 1 Hz - 10 MHz RBW and a 25.6 cm (10.1\") touchdisplay with 1024x600 pixel.","jetpack_sharing_enabled":true,"_links":{"self":[{"href":"https:\/\/genatronik.com\/fr\/wp-json\/wp\/v2\/product\/2571","targetHints":{"allow":["GET"]}}],"collection":[{"href":"https:\/\/genatronik.com\/fr\/wp-json\/wp\/v2\/product"}],"about":[{"href":"https:\/\/genatronik.com\/fr\/wp-json\/wp\/v2\/types\/product"}],"replies":[{"embeddable":true,"href":"https:\/\/genatronik.com\/fr\/wp-json\/wp\/v2\/comments?post=2571"}],"version-history":[{"count":4,"href":"https:\/\/genatronik.com\/fr\/wp-json\/wp\/v2\/product\/2571\/revisions"}],"predecessor-version":[{"id":7071,"href":"https:\/\/genatronik.com\/fr\/wp-json\/wp\/v2\/product\/2571\/revisions\/7071"}],"wp:featuredmedia":[{"embeddable":true,"href":"https:\/\/genatronik.com\/fr\/wp-json\/wp\/v2\/media\/3819"}],"wp:attachment":[{"href":"https:\/\/genatronik.com\/fr\/wp-json\/wp\/v2\/media?parent=2571"}],"wp:term":[{"taxonomy":"product_brand","embeddable":true,"href":"https:\/\/genatronik.com\/fr\/wp-json\/wp\/v2\/product_brand?post=2571"},{"taxonomy":"product_cat","embeddable":true,"href":"https:\/\/genatronik.com\/fr\/wp-json\/wp\/v2\/product_cat?post=2571"},{"taxonomy":"product_tag","embeddable":true,"href":"https:\/\/genatronik.com\/fr\/wp-json\/wp\/v2\/product_tag?post=2571"}],"curies":[{"name":"wp","href":"https:\/\/api.w.org\/{rel}","templated":true}]}}