{"id":2529,"date":"2024-11-30T01:15:37","date_gmt":"2024-11-29T17:15:37","guid":{"rendered":"https:\/\/genatronik.com\/?post_type=product&#038;p=2529"},"modified":"2025-05-13T10:48:39","modified_gmt":"2025-05-13T08:48:39","slug":"dg822-pro","status":"publish","type":"product","link":"https:\/\/genatronik.com\/fr\/product\/dg822-pro\/","title":{"rendered":"Rigol DG822 Pro"},"content":{"rendered":"<p>- Taux d'\u00e9chantillonnage max : 625 MSa\/s<br \/>\n- Fr\u00e9quence de sortie maximale : 25 MHz<br \/>\n- R\u00e9solution verticale de 16 bits<br \/>\n- Fonction d'\u00e9dition de forme d'onde arbitraire avec une longueur de forme d'onde arbitraire maximale de 2 Mpts\/CH (8 Mpts\/CH). Arb de 2 Mpts\/CH (8 Mpts\/CH<br \/>\nfacultatif)<br \/>\n- G\u00e9n\u00e9rateur d'harmoniques de rang \u00e9lev\u00e9 int\u00e9gr\u00e9 (20e ordre maximum)<br \/>\n- Canal ind\u00e9pendant de mesure de la fr\u00e9quence du signal avec une fr\u00e9quence maximale de 500 MHz<br \/>\n- Interfaces USB et LAN pour la connexion \u00e0 distance<br \/>\n- Interface d'alimentation de type C pour alimenter l'instrument \u00e0 l'aide d'une source d'alimentation mobile, satisfaisante.<br \/>\nexigences en mati\u00e8re d'essais sur le terrain<br \/>\n- Fonction de contr\u00f4le Web standard pour faciliter la coop\u00e9ration \u00e0 distance<\/p>","protected":false},"excerpt":{"rendered":"<p>G\u00e9n\u00e9rateur de fonctions \/ formes d'ondes arbitraires 2 canaux avec bande passante de 1 \u03bcHz \u00e0 25 MHz, \u00e9chantillonnage 625 MSa\/s, r\u00e9solution 16 bits, profondeur de m\u00e9moire 2 Mpts (8 Mpts en option), plage d'amplitude 1 mVpp \u00e0 10 Vpp (haute imp\u00e9dance), \u00e9cran tactile 17,8 cm (7\u2033).<\/p>","protected":false},"featured_media":3722,"comment_status":"open","ping_status":"closed","template":"","meta":{"_surecart_dashboard_logo_width":"180px","_surecart_dashboard_show_logo":true,"_surecart_dashboard_navigation_orders":true,"_surecart_dashboard_navigation_invoices":true,"_surecart_dashboard_navigation_subscriptions":true,"_surecart_dashboard_navigation_downloads":true,"_surecart_dashboard_navigation_billing":true,"_surecart_dashboard_navigation_account":true,"_uag_custom_page_level_css":"","site-sidebar-layout":"default","site-content-layout":"","ast-site-content-layout":"default","site-content-style":"default","site-sidebar-style":"default","ast-global-header-display":"","ast-banner-title-visibility":"","ast-main-header-display":"","ast-hfb-above-header-display":"","ast-hfb-below-header-display":"","ast-hfb-mobile-header-display":"","site-post-title":"","ast-breadcrumbs-content":"","ast-featured-img":"","footer-sml-layout":"","ast-disable-related-posts":"","theme-transparent-header-meta":"default","adv-header-id-meta":"","stick-header-meta":"default","header-above-stick-meta":"","header-main-stick-meta":"","header-below-stick-meta":"","astra-migrate-meta-layouts":"set","ast-page-background-enabled":"default","ast-page-background-meta":{"desktop":{"background-color":"var(--ast-global-color-4)","background-image":"","background-repeat":"repeat","background-position":"center center","background-size":"auto","background-attachment":"scroll","background-type":"","background-media":"","overlay-type":"","overlay-color":"","overlay-opacity":"","overlay-gradient":""},"tablet":{"background-color":"","background-image":"","background-repeat":"repeat","background-position":"center center","background-size":"auto","background-attachment":"scroll","background-type":"","background-media":"","overlay-type":"","overlay-color":"","overlay-opacity":"","overlay-gradient":""},"mobile":{"background-color":"","background-image":"","background-repeat":"repeat","background-position":"center center","background-size":"auto","background-attachment":"scroll","background-type":"","background-media":"","overlay-type":"","overlay-color":"","overlay-opacity":"","overlay-gradient":""}},"ast-content-background-meta":{"desktop":{"background-color":"var(--ast-global-color-5)","background-image":"","background-repeat":"repeat","background-position":"center center","background-size":"auto","background-attachment":"scroll","background-type":"","background-media":"","overlay-type":"","overlay-color":"","overlay-opacity":"","overlay-gradient":""},"tablet":{"background-color":"var(--ast-global-color-5)","background-image":"","background-repeat":"repeat","background-position":"center center","background-size":"auto","background-attachment":"scroll","background-type":"","background-media":"","overlay-type":"","overlay-color":"","overlay-opacity":"","overlay-gradient":""},"mobile":{"background-color":"var(--ast-global-color-5)","background-image":"","background-repeat":"repeat","background-position":"center center","background-size":"auto","background-attachment":"scroll","background-type":"","background-media":"","overlay-type":"","overlay-color":"","overlay-opacity":"","overlay-gradient":""}}},"product_brand":[],"product_cat":[38,44,108,65],"product_tag":[],"class_list":{"0":"post-2529","1":"product","2":"type-product","3":"status-publish","4":"has-post-thumbnail","6":"product_cat-test-measure","7":"product_cat-waveform-generator","8":"product_cat-rigol-waveform-generator","9":"product_cat-dg800-pro","10":"desktop-align-left","11":"tablet-align-left","12":"mobile-align-left","13":"ast-product-gallery-layout-horizontal-slider","14":"ast-product-gallery-with-no-image","15":"ast-product-tabs-layout-horizontal","17":"first","18":"instock","19":"taxable","20":"shipping-taxable","21":"purchasable","22":"product-type-simple"},"yoast_head":"<!-- This site is optimized with the Yoast SEO plugin v26.2 - https:\/\/yoast.com\/wordpress\/plugins\/seo\/ -->\n<title>Rigol DG822 Pro - Genatronik<\/title>\n<meta name=\"description\" content=\"2 channel function \/ arbitrary waveform generator with 1 \u03bcHz to 25 MHz bandwidth, 625 MSa\/s samplerate, 16 Bit resolution, 2 Mpts memory depth (8 Mpts optional), amplitude range 1 mVpp to 10 Vpp (high impedance), 17,8 cm (7&quot;) touchdisplay.\" \/>\n<meta name=\"robots\" content=\"index, follow, max-snippet:-1, max-image-preview:large, max-video-preview:-1\" \/>\n<link rel=\"canonical\" href=\"https:\/\/genatronik.com\/fr\/product\/dg822-pro\/\" \/>\n<meta property=\"og:locale\" content=\"fr_FR\" \/>\n<meta property=\"og:type\" content=\"article\" \/>\n<meta property=\"og:title\" content=\"Rigol DG822 Pro - Genatronik\" \/>\n<meta property=\"og:description\" content=\"2 channel function \/ arbitrary waveform generator with 1 \u03bcHz to 25 MHz bandwidth, 625 MSa\/s samplerate, 16 Bit resolution, 2 Mpts memory depth (8 Mpts optional), amplitude range 1 mVpp to 10 Vpp (high impedance), 17,8 cm (7&quot;) touchdisplay.\" \/>\n<meta property=\"og:url\" content=\"https:\/\/genatronik.com\/fr\/product\/dg822-pro\/\" \/>\n<meta property=\"og:site_name\" content=\"Genatronik\" \/>\n<meta property=\"article:modified_time\" content=\"2025-05-13T08:48:39+00:00\" \/>\n<meta property=\"og:image\" content=\"https:\/\/genatronik.com\/wp-content\/uploads\/2024\/11\/dg822-pro1600-1200.png\" \/>\n\t<meta property=\"og:image:width\" content=\"1600\" \/>\n\t<meta property=\"og:image:height\" content=\"1200\" \/>\n\t<meta property=\"og:image:type\" content=\"image\/png\" \/>\n<meta name=\"twitter:card\" content=\"summary_large_image\" \/>\n<meta name=\"twitter:label1\" content=\"Dur\u00e9e de lecture estim\u00e9e\" \/>\n\t<meta name=\"twitter:data1\" content=\"1 minute\" \/>\n<script type=\"application\/ld+json\" class=\"yoast-schema-graph\">{\"@context\":\"https:\/\/schema.org\",\"@graph\":[{\"@type\":\"WebPage\",\"@id\":\"https:\/\/genatronik.com\/en\/product\/dg822-pro\/\",\"url\":\"https:\/\/genatronik.com\/en\/product\/dg822-pro\/\",\"name\":\"Rigol DG822 Pro - Genatronik\",\"isPartOf\":{\"@id\":\"https:\/\/genatronik.com\/en\/#website\"},\"primaryImageOfPage\":{\"@id\":\"https:\/\/genatronik.com\/en\/product\/dg822-pro\/#primaryimage\"},\"image\":{\"@id\":\"https:\/\/genatronik.com\/en\/product\/dg822-pro\/#primaryimage\"},\"thumbnailUrl\":\"https:\/\/genatronik.com\/wp-content\/uploads\/2024\/11\/dg822-pro1600-1200.png\",\"datePublished\":\"2024-11-29T17:15:37+00:00\",\"dateModified\":\"2025-05-13T08:48:39+00:00\",\"description\":\"2 channel function \/ arbitrary waveform generator with 1 \u03bcHz to 25 MHz bandwidth, 625 MSa\/s samplerate, 16 Bit resolution, 2 Mpts memory depth (8 Mpts optional), amplitude range 1 mVpp to 10 Vpp (high impedance), 17,8 cm (7\\\") touchdisplay.\",\"breadcrumb\":{\"@id\":\"https:\/\/genatronik.com\/en\/product\/dg822-pro\/#breadcrumb\"},\"inLanguage\":\"fr-FR\",\"potentialAction\":[{\"@type\":\"ReadAction\",\"target\":[\"https:\/\/genatronik.com\/en\/product\/dg822-pro\/\"]}]},{\"@type\":\"ImageObject\",\"inLanguage\":\"fr-FR\",\"@id\":\"https:\/\/genatronik.com\/en\/product\/dg822-pro\/#primaryimage\",\"url\":\"https:\/\/genatronik.com\/wp-content\/uploads\/2024\/11\/dg822-pro1600-1200.png\",\"contentUrl\":\"https:\/\/genatronik.com\/wp-content\/uploads\/2024\/11\/dg822-pro1600-1200.png\",\"width\":1600,\"height\":1200},{\"@type\":\"BreadcrumbList\",\"@id\":\"https:\/\/genatronik.com\/en\/product\/dg822-pro\/#breadcrumb\",\"itemListElement\":[{\"@type\":\"ListItem\",\"position\":1,\"name\":\"Home\",\"item\":\"https:\/\/genatronik.com\/\"},{\"@type\":\"ListItem\",\"position\":2,\"name\":\"Produkte\",\"item\":\"https:\/\/genatronik.com\/de\/shop\/\"},{\"@type\":\"ListItem\",\"position\":3,\"name\":\"Products\",\"item\":\"https:\/\/genatronik.com\/product-category\/products\/\"},{\"@type\":\"ListItem\",\"position\":4,\"name\":\"Test &amp; Measure\",\"item\":\"https:\/\/genatronik.com\/product-category\/products\/test-measure\/\"},{\"@type\":\"ListItem\",\"position\":5,\"name\":\"Waveform Generator\",\"item\":\"https:\/\/genatronik.com\/product-category\/products\/test-measure\/waveform-generator\/\"},{\"@type\":\"ListItem\",\"position\":6,\"name\":\"Rigol Waveform Generator\",\"item\":\"https:\/\/genatronik.com\/fr\/product-category\/produits\/test-mesure\/generateur-de-forme-donde\/generateur-de-forme-donde-rigol\/\"},{\"@type\":\"ListItem\",\"position\":7,\"name\":\"DG800 Pro\",\"item\":\"https:\/\/genatronik.com\/en\/product-category\/products\/test-measure\/waveform-generator\/rigol-waveform-generator\/dg800-pro\/\"},{\"@type\":\"ListItem\",\"position\":8,\"name\":\"Rigol DG822 Pro\"}]},{\"@type\":\"WebSite\",\"@id\":\"https:\/\/genatronik.com\/en\/#website\",\"url\":\"https:\/\/genatronik.com\/en\/\",\"name\":\"Genatronik\",\"description\":\"Advanced Devices. Reliable Service.\",\"publisher\":{\"@id\":\"https:\/\/genatronik.com\/en\/#organization\"},\"potentialAction\":[{\"@type\":\"SearchAction\",\"target\":{\"@type\":\"EntryPoint\",\"urlTemplate\":\"https:\/\/genatronik.com\/en\/?s={search_term_string}\"},\"query-input\":{\"@type\":\"PropertyValueSpecification\",\"valueRequired\":true,\"valueName\":\"search_term_string\"}}],\"inLanguage\":\"fr-FR\"},{\"@type\":\"Organization\",\"@id\":\"https:\/\/genatronik.com\/en\/#organization\",\"name\":\"Genatronik\",\"url\":\"https:\/\/genatronik.com\/en\/\",\"logo\":{\"@type\":\"ImageObject\",\"inLanguage\":\"fr-FR\",\"@id\":\"https:\/\/genatronik.com\/en\/#\/schema\/logo\/image\/\",\"url\":\"https:\/\/genatronik.com\/wp-content\/uploads\/2025\/05\/genatronik_logo_header-scaled.png\",\"contentUrl\":\"https:\/\/genatronik.com\/wp-content\/uploads\/2025\/05\/genatronik_logo_header-scaled.png\",\"width\":2560,\"height\":448,\"caption\":\"Genatronik\"},\"image\":{\"@id\":\"https:\/\/genatronik.com\/en\/#\/schema\/logo\/image\/\"}}]}<\/script>\n<!-- \/ Yoast SEO plugin. -->","yoast_head_json":{"title":"Rigol DG822 Pro - Genatronik","description":"G\u00e9n\u00e9rateur de fonctions \/ formes d'ondes arbitraires 2 canaux avec bande passante de 1 \u03bcHz \u00e0 25 MHz, \u00e9chantillonnage 625 MSa\/s, r\u00e9solution 16 bits, profondeur de m\u00e9moire 2 Mpts (8 Mpts en option), plage d'amplitude 1 mVpp \u00e0 10 Vpp (haute imp\u00e9dance), \u00e9cran tactile 17,8 cm (7\").","robots":{"index":"index","follow":"follow","max-snippet":"max-snippet:-1","max-image-preview":"max-image-preview:large","max-video-preview":"max-video-preview:-1"},"canonical":"https:\/\/genatronik.com\/fr\/product\/dg822-pro\/","og_locale":"fr_FR","og_type":"article","og_title":"Rigol DG822 Pro - Genatronik","og_description":"2 channel function \/ arbitrary waveform generator with 1 \u03bcHz to 25 MHz bandwidth, 625 MSa\/s samplerate, 16 Bit resolution, 2 Mpts memory depth (8 Mpts optional), amplitude range 1 mVpp to 10 Vpp (high impedance), 17,8 cm (7\") touchdisplay.","og_url":"https:\/\/genatronik.com\/fr\/product\/dg822-pro\/","og_site_name":"Genatronik","article_modified_time":"2025-05-13T08:48:39+00:00","og_image":[{"width":1600,"height":1200,"url":"https:\/\/genatronik.com\/wp-content\/uploads\/2024\/11\/dg822-pro1600-1200.png","type":"image\/png"}],"twitter_card":"summary_large_image","twitter_misc":{"Dur\u00e9e de lecture estim\u00e9e":"1 minute"},"schema":{"@context":"https:\/\/schema.org","@graph":[{"@type":"WebPage","@id":"https:\/\/genatronik.com\/en\/product\/dg822-pro\/","url":"https:\/\/genatronik.com\/en\/product\/dg822-pro\/","name":"Rigol DG822 Pro - Genatronik","isPartOf":{"@id":"https:\/\/genatronik.com\/en\/#website"},"primaryImageOfPage":{"@id":"https:\/\/genatronik.com\/en\/product\/dg822-pro\/#primaryimage"},"image":{"@id":"https:\/\/genatronik.com\/en\/product\/dg822-pro\/#primaryimage"},"thumbnailUrl":"https:\/\/genatronik.com\/wp-content\/uploads\/2024\/11\/dg822-pro1600-1200.png","datePublished":"2024-11-29T17:15:37+00:00","dateModified":"2025-05-13T08:48:39+00:00","description":"G\u00e9n\u00e9rateur de fonctions \/ formes d'ondes arbitraires 2 canaux avec bande passante de 1 \u03bcHz \u00e0 25 MHz, \u00e9chantillonnage 625 MSa\/s, r\u00e9solution 16 bits, profondeur de m\u00e9moire 2 Mpts (8 Mpts en option), plage d'amplitude 1 mVpp \u00e0 10 Vpp (haute imp\u00e9dance), \u00e9cran tactile 17,8 cm (7\").","breadcrumb":{"@id":"https:\/\/genatronik.com\/en\/product\/dg822-pro\/#breadcrumb"},"inLanguage":"fr-FR","potentialAction":[{"@type":"ReadAction","target":["https:\/\/genatronik.com\/en\/product\/dg822-pro\/"]}]},{"@type":"ImageObject","inLanguage":"fr-FR","@id":"https:\/\/genatronik.com\/en\/product\/dg822-pro\/#primaryimage","url":"https:\/\/genatronik.com\/wp-content\/uploads\/2024\/11\/dg822-pro1600-1200.png","contentUrl":"https:\/\/genatronik.com\/wp-content\/uploads\/2024\/11\/dg822-pro1600-1200.png","width":1600,"height":1200},{"@type":"BreadcrumbList","@id":"https:\/\/genatronik.com\/en\/product\/dg822-pro\/#breadcrumb","itemListElement":[{"@type":"ListItem","position":1,"name":"Home","item":"https:\/\/genatronik.com\/"},{"@type":"ListItem","position":2,"name":"Produkte","item":"https:\/\/genatronik.com\/de\/shop\/"},{"@type":"ListItem","position":3,"name":"Products","item":"https:\/\/genatronik.com\/product-category\/products\/"},{"@type":"ListItem","position":4,"name":"Test &amp; Measure","item":"https:\/\/genatronik.com\/product-category\/products\/test-measure\/"},{"@type":"ListItem","position":5,"name":"Waveform Generator","item":"https:\/\/genatronik.com\/product-category\/products\/test-measure\/waveform-generator\/"},{"@type":"ListItem","position":6,"name":"Rigol Waveform Generator","item":"https:\/\/genatronik.com\/fr\/product-category\/produits\/test-mesure\/generateur-de-forme-donde\/generateur-de-forme-donde-rigol\/"},{"@type":"ListItem","position":7,"name":"DG800 Pro","item":"https:\/\/genatronik.com\/en\/product-category\/products\/test-measure\/waveform-generator\/rigol-waveform-generator\/dg800-pro\/"},{"@type":"ListItem","position":8,"name":"Rigol DG822 Pro"}]},{"@type":"WebSite","@id":"https:\/\/genatronik.com\/en\/#website","url":"https:\/\/genatronik.com\/en\/","name":"Genatronik","description":"Dispositifs avanc\u00e9s. Un service fiable.","publisher":{"@id":"https:\/\/genatronik.com\/en\/#organization"},"potentialAction":[{"@type":"SearchAction","target":{"@type":"EntryPoint","urlTemplate":"https:\/\/genatronik.com\/en\/?s={search_term_string}"},"query-input":{"@type":"PropertyValueSpecification","valueRequired":true,"valueName":"search_term_string"}}],"inLanguage":"fr-FR"},{"@type":"Organization","@id":"https:\/\/genatronik.com\/en\/#organization","name":"Genatronik","url":"https:\/\/genatronik.com\/en\/","logo":{"@type":"ImageObject","inLanguage":"fr-FR","@id":"https:\/\/genatronik.com\/en\/#\/schema\/logo\/image\/","url":"https:\/\/genatronik.com\/wp-content\/uploads\/2025\/05\/genatronik_logo_header-scaled.png","contentUrl":"https:\/\/genatronik.com\/wp-content\/uploads\/2025\/05\/genatronik_logo_header-scaled.png","width":2560,"height":448,"caption":"Genatronik"},"image":{"@id":"https:\/\/genatronik.com\/en\/#\/schema\/logo\/image\/"}}]}},"uagb_featured_image_src":{"full":["https:\/\/genatronik.com\/wp-content\/uploads\/2024\/11\/dg822-pro1600-1200.png",1600,1200,false],"thumbnail":["https:\/\/genatronik.com\/wp-content\/uploads\/2024\/11\/dg822-pro1600-1200.png",150,113,false],"medium":["https:\/\/genatronik.com\/wp-content\/uploads\/2024\/11\/dg822-pro1600-1200.png",300,225,false],"medium_large":["https:\/\/genatronik.com\/wp-content\/uploads\/2024\/11\/dg822-pro1600-1200.png",768,576,false],"large":["https:\/\/genatronik.com\/wp-content\/uploads\/2024\/11\/dg822-pro1600-1200.png",1024,768,false],"1536x1536":["https:\/\/genatronik.com\/wp-content\/uploads\/2024\/11\/dg822-pro1600-1200.png",1536,1152,false],"2048x2048":["https:\/\/genatronik.com\/wp-content\/uploads\/2024\/11\/dg822-pro1600-1200.png",1600,1200,false],"trp-custom-language-flag":["https:\/\/genatronik.com\/wp-content\/uploads\/2024\/11\/dg822-pro1600-1200.png",16,12,false],"tp-image-grid":["https:\/\/genatronik.com\/wp-content\/uploads\/2024\/11\/dg822-pro1600-1200.png",700,525,false],"woocommerce_thumbnail":["https:\/\/genatronik.com\/wp-content\/uploads\/2024\/11\/dg822-pro1600-1200.png",300,225,false],"woocommerce_single":["https:\/\/genatronik.com\/wp-content\/uploads\/2024\/11\/dg822-pro1600-1200.png",600,450,false],"woocommerce_gallery_thumbnail":["https:\/\/genatronik.com\/wp-content\/uploads\/2024\/11\/dg822-pro1600-1200-100x100.png",100,100,true]},"uagb_author_info":{"display_name":"guanyuan zhu","author_link":"https:\/\/genatronik.com\/fr\/author\/"},"uagb_comment_info":0,"uagb_excerpt":"2 channel function \/ arbitrary waveform generator with 1 \u03bcHz to 25 MHz bandwidth, 625 MSa\/s samplerate, 16 Bit resolution, 2 Mpts memory depth (8 Mpts optional), amplitude range 1 mVpp to 10 Vpp (high impedance), 17,8 cm (7\") touchdisplay.","jetpack_sharing_enabled":true,"_links":{"self":[{"href":"https:\/\/genatronik.com\/fr\/wp-json\/wp\/v2\/product\/2529","targetHints":{"allow":["GET"]}}],"collection":[{"href":"https:\/\/genatronik.com\/fr\/wp-json\/wp\/v2\/product"}],"about":[{"href":"https:\/\/genatronik.com\/fr\/wp-json\/wp\/v2\/types\/product"}],"replies":[{"embeddable":true,"href":"https:\/\/genatronik.com\/fr\/wp-json\/wp\/v2\/comments?post=2529"}],"version-history":[{"count":4,"href":"https:\/\/genatronik.com\/fr\/wp-json\/wp\/v2\/product\/2529\/revisions"}],"predecessor-version":[{"id":7075,"href":"https:\/\/genatronik.com\/fr\/wp-json\/wp\/v2\/product\/2529\/revisions\/7075"}],"wp:featuredmedia":[{"embeddable":true,"href":"https:\/\/genatronik.com\/fr\/wp-json\/wp\/v2\/media\/3722"}],"wp:attachment":[{"href":"https:\/\/genatronik.com\/fr\/wp-json\/wp\/v2\/media?parent=2529"}],"wp:term":[{"taxonomy":"product_brand","embeddable":true,"href":"https:\/\/genatronik.com\/fr\/wp-json\/wp\/v2\/product_brand?post=2529"},{"taxonomy":"product_cat","embeddable":true,"href":"https:\/\/genatronik.com\/fr\/wp-json\/wp\/v2\/product_cat?post=2529"},{"taxonomy":"product_tag","embeddable":true,"href":"https:\/\/genatronik.com\/fr\/wp-json\/wp\/v2\/product_tag?post=2529"}],"curies":[{"name":"wp","href":"https:\/\/api.w.org\/{rel}","templated":true}]}}