{"id":2524,"date":"2024-11-30T00:59:11","date_gmt":"2024-11-29T16:59:11","guid":{"rendered":"https:\/\/genatronik.com\/?post_type=product&#038;p=2524"},"modified":"2025-05-13T10:50:23","modified_gmt":"2025-05-13T08:50:23","slug":"dg1022z","status":"publish","type":"product","link":"https:\/\/genatronik.com\/fr\/product\/dg1022z\/","title":{"rendered":"Rigol DG1022Z"},"content":{"rendered":"<ul>\n<li>SiFi (Signal Fidelity) pour la reproduction de la forme d'onde du 100%<\/li>\n<li>8Mpts\/CH (std.), 16Mpts\/CH (opt.) longueur de forme d'onde arbitraire<\/li>\n<li>Standard 2 canaux ind\u00e9pendants enti\u00e8rement fonctionnels<\/li>\n<li>Stabilit\u00e9 de fr\u00e9quence \u00b11ppm, bruit de phase -125dBc\/Hz, faible gigue 200ps<\/li>\n<li>G\u00e9n\u00e9rateur d'harmoniques de 8 ordres int\u00e9gr\u00e9<\/li>\n<li>Compteur int\u00e9gr\u00e9 de 7 chiffres\/s jusqu'\u00e0 200MHz<\/li>\n<li>160 formes d'ondes pr\u00e9\u00e9dit\u00e9es int\u00e9gr\u00e9es<\/li>\n<li>Logiciel intuitif d'\u00e9dition de formes d'ondes arbitraires<\/li>\n<li>Modulation compl\u00e8te prise en charge : AM, FM, PM, ASK, FSK, PSK et PWM<\/li>\n<\/ul>","protected":false},"excerpt":{"rendered":"<p>G\u00e9n\u00e9rateur de fonctions \/ formes d'ondes arbitraires 2 canaux avec bande passante de 1 \u03bcHz \u00e0 25 MHz, \u00e9chantillonnage 200 MSa\/s, r\u00e9solution 14 Bit, profondeur de m\u00e9moire 2 Mpts (16Mpts en option), plage d'amplitude 1 mVpp \u00e0 10 Vpp (haute imp\u00e9dance), \u00e9cran 8,9 cm (3,5\u2033).<\/p>","protected":false},"featured_media":3740,"comment_status":"open","ping_status":"closed","template":"","meta":{"_surecart_dashboard_logo_width":"180px","_surecart_dashboard_show_logo":true,"_surecart_dashboard_navigation_orders":true,"_surecart_dashboard_navigation_invoices":true,"_surecart_dashboard_navigation_subscriptions":true,"_surecart_dashboard_navigation_downloads":true,"_surecart_dashboard_navigation_billing":true,"_surecart_dashboard_navigation_account":true,"_uag_custom_page_level_css":"","site-sidebar-layout":"default","site-content-layout":"","ast-site-content-layout":"default","site-content-style":"default","site-sidebar-style":"default","ast-global-header-display":"","ast-banner-title-visibility":"","ast-main-header-display":"","ast-hfb-above-header-display":"","ast-hfb-below-header-display":"","ast-hfb-mobile-header-display":"","site-post-title":"","ast-breadcrumbs-content":"","ast-featured-img":"","footer-sml-layout":"","theme-transparent-header-meta":"default","adv-header-id-meta":"","stick-header-meta":"default","header-above-stick-meta":"","header-main-stick-meta":"","header-below-stick-meta":"","astra-migrate-meta-layouts":"set","ast-page-background-enabled":"default","ast-page-background-meta":{"desktop":{"background-color":"var(--ast-global-color-4)","background-image":"","background-repeat":"repeat","background-position":"center center","background-size":"auto","background-attachment":"scroll","background-type":"","background-media":"","overlay-type":"","overlay-color":"","overlay-opacity":"","overlay-gradient":""},"tablet":{"background-color":"","background-image":"","background-repeat":"repeat","background-position":"center center","background-size":"auto","background-attachment":"scroll","background-type":"","background-media":"","overlay-type":"","overlay-color":"","overlay-opacity":"","overlay-gradient":""},"mobile":{"background-color":"","background-image":"","background-repeat":"repeat","background-position":"center center","background-size":"auto","background-attachment":"scroll","background-type":"","background-media":"","overlay-type":"","overlay-color":"","overlay-opacity":"","overlay-gradient":""}},"ast-content-background-meta":{"desktop":{"background-color":"var(--ast-global-color-5)","background-image":"","background-repeat":"repeat","background-position":"center center","background-size":"auto","background-attachment":"scroll","background-type":"","background-media":"","overlay-type":"","overlay-color":"","overlay-opacity":"","overlay-gradient":""},"tablet":{"background-color":"var(--ast-global-color-5)","background-image":"","background-repeat":"repeat","background-position":"center center","background-size":"auto","background-attachment":"scroll","background-type":"","background-media":"","overlay-type":"","overlay-color":"","overlay-opacity":"","overlay-gradient":""},"mobile":{"background-color":"var(--ast-global-color-5)","background-image":"","background-repeat":"repeat","background-position":"center center","background-size":"auto","background-attachment":"scroll","background-type":"","background-media":"","overlay-type":"","overlay-color":"","overlay-opacity":"","overlay-gradient":""}}},"product_brand":[],"product_cat":[38,44,108,64],"product_tag":[],"class_list":{"0":"post-2524","1":"product","2":"type-product","3":"status-publish","4":"has-post-thumbnail","6":"product_cat-test-measure","7":"product_cat-waveform-generator","8":"product_cat-rigol-waveform-generator","9":"product_cat-dg1000z","10":"desktop-align-left","11":"tablet-align-left","12":"mobile-align-left","13":"ast-product-gallery-layout-horizontal-slider","14":"ast-product-gallery-with-no-image","15":"ast-product-tabs-layout-horizontal","17":"first","18":"instock","19":"taxable","20":"shipping-taxable","21":"purchasable","22":"product-type-simple"},"yoast_head":"<!-- This site is optimized with the Yoast SEO plugin v26.2 - https:\/\/yoast.com\/wordpress\/plugins\/seo\/ -->\n<title>Rigol DG1022Z - Genatronik<\/title>\n<meta name=\"description\" content=\"2 channel function \/ arbitrary waveform generator with 1 \u03bcHz to 25 MHz bandwidth, 200 MSa\/s samplerate, 14 Bit resolution, 2 Mpts memory depth (16Mpts optional), amplitude range 1 mVpp to 10 Vpp (high impedance), 8.9 cm (3.5&quot;) Display.\" \/>\n<meta name=\"robots\" content=\"index, follow, max-snippet:-1, max-image-preview:large, max-video-preview:-1\" \/>\n<link rel=\"canonical\" href=\"https:\/\/genatronik.com\/fr\/product\/dg1022z\/\" \/>\n<meta property=\"og:locale\" content=\"fr_FR\" \/>\n<meta property=\"og:type\" content=\"article\" \/>\n<meta property=\"og:title\" content=\"Rigol DG1022Z - Genatronik\" \/>\n<meta property=\"og:description\" content=\"2 channel function \/ arbitrary waveform generator with 1 \u03bcHz to 25 MHz bandwidth, 200 MSa\/s samplerate, 14 Bit resolution, 2 Mpts memory depth (16Mpts optional), amplitude range 1 mVpp to 10 Vpp (high impedance), 8.9 cm (3.5&quot;) Display.\" \/>\n<meta property=\"og:url\" content=\"https:\/\/genatronik.com\/fr\/product\/dg1022z\/\" \/>\n<meta property=\"og:site_name\" content=\"Genatronik\" \/>\n<meta property=\"article:modified_time\" content=\"2025-05-13T08:50:23+00:00\" \/>\n<meta property=\"og:image\" content=\"https:\/\/genatronik.com\/wp-content\/uploads\/2024\/11\/DG1022Z-Front-Large-1600-1200.png\" \/>\n\t<meta property=\"og:image:width\" content=\"1600\" \/>\n\t<meta property=\"og:image:height\" content=\"1200\" \/>\n\t<meta property=\"og:image:type\" content=\"image\/png\" \/>\n<meta name=\"twitter:card\" content=\"summary_large_image\" \/>\n<meta name=\"twitter:label1\" content=\"Dur\u00e9e de lecture estim\u00e9e\" \/>\n\t<meta name=\"twitter:data1\" content=\"1 minute\" \/>\n<script type=\"application\/ld+json\" class=\"yoast-schema-graph\">{\"@context\":\"https:\/\/schema.org\",\"@graph\":[{\"@type\":\"WebPage\",\"@id\":\"https:\/\/genatronik.com\/en\/product\/dg1022z\/\",\"url\":\"https:\/\/genatronik.com\/en\/product\/dg1022z\/\",\"name\":\"Rigol DG1022Z - Genatronik\",\"isPartOf\":{\"@id\":\"https:\/\/genatronik.com\/en\/#website\"},\"primaryImageOfPage\":{\"@id\":\"https:\/\/genatronik.com\/en\/product\/dg1022z\/#primaryimage\"},\"image\":{\"@id\":\"https:\/\/genatronik.com\/en\/product\/dg1022z\/#primaryimage\"},\"thumbnailUrl\":\"https:\/\/genatronik.com\/wp-content\/uploads\/2024\/11\/DG1022Z-Front-Large-1600-1200.png\",\"datePublished\":\"2024-11-29T16:59:11+00:00\",\"dateModified\":\"2025-05-13T08:50:23+00:00\",\"description\":\"2 channel function \/ arbitrary waveform generator with 1 \u03bcHz to 25 MHz bandwidth, 200 MSa\/s samplerate, 14 Bit resolution, 2 Mpts memory depth (16Mpts optional), amplitude range 1 mVpp to 10 Vpp (high impedance), 8.9 cm (3.5\\\") Display.\",\"breadcrumb\":{\"@id\":\"https:\/\/genatronik.com\/en\/product\/dg1022z\/#breadcrumb\"},\"inLanguage\":\"fr-FR\",\"potentialAction\":[{\"@type\":\"ReadAction\",\"target\":[\"https:\/\/genatronik.com\/en\/product\/dg1022z\/\"]}]},{\"@type\":\"ImageObject\",\"inLanguage\":\"fr-FR\",\"@id\":\"https:\/\/genatronik.com\/en\/product\/dg1022z\/#primaryimage\",\"url\":\"https:\/\/genatronik.com\/wp-content\/uploads\/2024\/11\/DG1022Z-Front-Large-1600-1200.png\",\"contentUrl\":\"https:\/\/genatronik.com\/wp-content\/uploads\/2024\/11\/DG1022Z-Front-Large-1600-1200.png\",\"width\":1600,\"height\":1200},{\"@type\":\"BreadcrumbList\",\"@id\":\"https:\/\/genatronik.com\/en\/product\/dg1022z\/#breadcrumb\",\"itemListElement\":[{\"@type\":\"ListItem\",\"position\":1,\"name\":\"Home\",\"item\":\"https:\/\/genatronik.com\/\"},{\"@type\":\"ListItem\",\"position\":2,\"name\":\"Produkte\",\"item\":\"https:\/\/genatronik.com\/de\/shop\/\"},{\"@type\":\"ListItem\",\"position\":3,\"name\":\"Products\",\"item\":\"https:\/\/genatronik.com\/product-category\/products\/\"},{\"@type\":\"ListItem\",\"position\":4,\"name\":\"Test &amp; Measure\",\"item\":\"https:\/\/genatronik.com\/product-category\/products\/test-measure\/\"},{\"@type\":\"ListItem\",\"position\":5,\"name\":\"Waveform Generator\",\"item\":\"https:\/\/genatronik.com\/product-category\/products\/test-measure\/waveform-generator\/\"},{\"@type\":\"ListItem\",\"position\":6,\"name\":\"Rigol Waveform Generator\",\"item\":\"https:\/\/genatronik.com\/fr\/product-category\/produits\/test-mesure\/generateur-de-forme-donde\/generateur-de-forme-donde-rigol\/\"},{\"@type\":\"ListItem\",\"position\":7,\"name\":\"DG1000Z\",\"item\":\"https:\/\/genatronik.com\/en\/product-category\/products\/test-measure\/waveform-generator\/rigol-waveform-generator\/dg1000z\/\"},{\"@type\":\"ListItem\",\"position\":8,\"name\":\"Rigol DG1022Z\"}]},{\"@type\":\"WebSite\",\"@id\":\"https:\/\/genatronik.com\/en\/#website\",\"url\":\"https:\/\/genatronik.com\/en\/\",\"name\":\"Genatronik\",\"description\":\"Advanced Devices. Reliable Service.\",\"publisher\":{\"@id\":\"https:\/\/genatronik.com\/en\/#organization\"},\"potentialAction\":[{\"@type\":\"SearchAction\",\"target\":{\"@type\":\"EntryPoint\",\"urlTemplate\":\"https:\/\/genatronik.com\/en\/?s={search_term_string}\"},\"query-input\":{\"@type\":\"PropertyValueSpecification\",\"valueRequired\":true,\"valueName\":\"search_term_string\"}}],\"inLanguage\":\"fr-FR\"},{\"@type\":\"Organization\",\"@id\":\"https:\/\/genatronik.com\/en\/#organization\",\"name\":\"Genatronik\",\"url\":\"https:\/\/genatronik.com\/en\/\",\"logo\":{\"@type\":\"ImageObject\",\"inLanguage\":\"fr-FR\",\"@id\":\"https:\/\/genatronik.com\/en\/#\/schema\/logo\/image\/\",\"url\":\"https:\/\/genatronik.com\/wp-content\/uploads\/2025\/05\/genatronik_logo_header-scaled.png\",\"contentUrl\":\"https:\/\/genatronik.com\/wp-content\/uploads\/2025\/05\/genatronik_logo_header-scaled.png\",\"width\":2560,\"height\":448,\"caption\":\"Genatronik\"},\"image\":{\"@id\":\"https:\/\/genatronik.com\/en\/#\/schema\/logo\/image\/\"}}]}<\/script>\n<!-- \/ Yoast SEO plugin. -->","yoast_head_json":{"title":"Rigol DG1022Z - Genatronik","description":"2 channel function \/ arbitrary waveform generator with 1 \u03bcHz to 25 MHz bandwidth, 200 MSa\/s samplerate, 14 Bit resolution, 2 Mpts memory depth (16Mpts optional), amplitude range 1 mVpp to 10 Vpp (high impedance), 8.9 cm (3.5\") Display.","robots":{"index":"index","follow":"follow","max-snippet":"max-snippet:-1","max-image-preview":"max-image-preview:large","max-video-preview":"max-video-preview:-1"},"canonical":"https:\/\/genatronik.com\/fr\/product\/dg1022z\/","og_locale":"fr_FR","og_type":"article","og_title":"Rigol DG1022Z - Genatronik","og_description":"2 channel function \/ arbitrary waveform generator with 1 \u03bcHz to 25 MHz bandwidth, 200 MSa\/s samplerate, 14 Bit resolution, 2 Mpts memory depth (16Mpts optional), amplitude range 1 mVpp to 10 Vpp (high impedance), 8.9 cm (3.5\") Display.","og_url":"https:\/\/genatronik.com\/fr\/product\/dg1022z\/","og_site_name":"Genatronik","article_modified_time":"2025-05-13T08:50:23+00:00","og_image":[{"width":1600,"height":1200,"url":"https:\/\/genatronik.com\/wp-content\/uploads\/2024\/11\/DG1022Z-Front-Large-1600-1200.png","type":"image\/png"}],"twitter_card":"summary_large_image","twitter_misc":{"Dur\u00e9e de lecture estim\u00e9e":"1 minute"},"schema":{"@context":"https:\/\/schema.org","@graph":[{"@type":"WebPage","@id":"https:\/\/genatronik.com\/en\/product\/dg1022z\/","url":"https:\/\/genatronik.com\/en\/product\/dg1022z\/","name":"Rigol DG1022Z - Genatronik","isPartOf":{"@id":"https:\/\/genatronik.com\/en\/#website"},"primaryImageOfPage":{"@id":"https:\/\/genatronik.com\/en\/product\/dg1022z\/#primaryimage"},"image":{"@id":"https:\/\/genatronik.com\/en\/product\/dg1022z\/#primaryimage"},"thumbnailUrl":"https:\/\/genatronik.com\/wp-content\/uploads\/2024\/11\/DG1022Z-Front-Large-1600-1200.png","datePublished":"2024-11-29T16:59:11+00:00","dateModified":"2025-05-13T08:50:23+00:00","description":"2 channel function \/ arbitrary waveform generator with 1 \u03bcHz to 25 MHz bandwidth, 200 MSa\/s samplerate, 14 Bit resolution, 2 Mpts memory depth (16Mpts optional), amplitude range 1 mVpp to 10 Vpp (high impedance), 8.9 cm (3.5\") Display.","breadcrumb":{"@id":"https:\/\/genatronik.com\/en\/product\/dg1022z\/#breadcrumb"},"inLanguage":"fr-FR","potentialAction":[{"@type":"ReadAction","target":["https:\/\/genatronik.com\/en\/product\/dg1022z\/"]}]},{"@type":"ImageObject","inLanguage":"fr-FR","@id":"https:\/\/genatronik.com\/en\/product\/dg1022z\/#primaryimage","url":"https:\/\/genatronik.com\/wp-content\/uploads\/2024\/11\/DG1022Z-Front-Large-1600-1200.png","contentUrl":"https:\/\/genatronik.com\/wp-content\/uploads\/2024\/11\/DG1022Z-Front-Large-1600-1200.png","width":1600,"height":1200},{"@type":"BreadcrumbList","@id":"https:\/\/genatronik.com\/en\/product\/dg1022z\/#breadcrumb","itemListElement":[{"@type":"ListItem","position":1,"name":"Home","item":"https:\/\/genatronik.com\/"},{"@type":"ListItem","position":2,"name":"Produkte","item":"https:\/\/genatronik.com\/de\/shop\/"},{"@type":"ListItem","position":3,"name":"Products","item":"https:\/\/genatronik.com\/product-category\/products\/"},{"@type":"ListItem","position":4,"name":"Test &amp; Measure","item":"https:\/\/genatronik.com\/product-category\/products\/test-measure\/"},{"@type":"ListItem","position":5,"name":"Waveform Generator","item":"https:\/\/genatronik.com\/product-category\/products\/test-measure\/waveform-generator\/"},{"@type":"ListItem","position":6,"name":"Rigol Waveform Generator","item":"https:\/\/genatronik.com\/fr\/product-category\/produits\/test-mesure\/generateur-de-forme-donde\/generateur-de-forme-donde-rigol\/"},{"@type":"ListItem","position":7,"name":"DG1000Z","item":"https:\/\/genatronik.com\/en\/product-category\/products\/test-measure\/waveform-generator\/rigol-waveform-generator\/dg1000z\/"},{"@type":"ListItem","position":8,"name":"Rigol DG1022Z"}]},{"@type":"WebSite","@id":"https:\/\/genatronik.com\/en\/#website","url":"https:\/\/genatronik.com\/en\/","name":"Genatronik","description":"Dispositifs avanc\u00e9s. Un service fiable.","publisher":{"@id":"https:\/\/genatronik.com\/en\/#organization"},"potentialAction":[{"@type":"SearchAction","target":{"@type":"EntryPoint","urlTemplate":"https:\/\/genatronik.com\/en\/?s={search_term_string}"},"query-input":{"@type":"PropertyValueSpecification","valueRequired":true,"valueName":"search_term_string"}}],"inLanguage":"fr-FR"},{"@type":"Organization","@id":"https:\/\/genatronik.com\/en\/#organization","name":"Genatronik","url":"https:\/\/genatronik.com\/en\/","logo":{"@type":"ImageObject","inLanguage":"fr-FR","@id":"https:\/\/genatronik.com\/en\/#\/schema\/logo\/image\/","url":"https:\/\/genatronik.com\/wp-content\/uploads\/2025\/05\/genatronik_logo_header-scaled.png","contentUrl":"https:\/\/genatronik.com\/wp-content\/uploads\/2025\/05\/genatronik_logo_header-scaled.png","width":2560,"height":448,"caption":"Genatronik"},"image":{"@id":"https:\/\/genatronik.com\/en\/#\/schema\/logo\/image\/"}}]}},"uagb_featured_image_src":{"full":["https:\/\/genatronik.com\/wp-content\/uploads\/2024\/11\/DG1022Z-Front-Large-1600-1200.png",1600,1200,false],"thumbnail":["https:\/\/genatronik.com\/wp-content\/uploads\/2024\/11\/DG1022Z-Front-Large-1600-1200-150x150.png",150,150,true],"medium":["https:\/\/genatronik.com\/wp-content\/uploads\/2024\/11\/DG1022Z-Front-Large-1600-1200-300x225.png",300,225,true],"medium_large":["https:\/\/genatronik.com\/wp-content\/uploads\/2024\/11\/DG1022Z-Front-Large-1600-1200-768x576.png",768,576,true],"large":["https:\/\/genatronik.com\/wp-content\/uploads\/2024\/11\/DG1022Z-Front-Large-1600-1200-1024x768.png",1024,768,true],"1536x1536":["https:\/\/genatronik.com\/wp-content\/uploads\/2024\/11\/DG1022Z-Front-Large-1600-1200-1536x1152.png",1536,1152,true],"2048x2048":["https:\/\/genatronik.com\/wp-content\/uploads\/2024\/11\/DG1022Z-Front-Large-1600-1200.png",1600,1200,false],"trp-custom-language-flag":["https:\/\/genatronik.com\/wp-content\/uploads\/2024\/11\/DG1022Z-Front-Large-1600-1200.png",16,12,false],"tp-image-grid":["https:\/\/genatronik.com\/wp-content\/uploads\/2024\/11\/DG1022Z-Front-Large-1600-1200-700x700.png",700,700,true],"woocommerce_thumbnail":["https:\/\/genatronik.com\/wp-content\/uploads\/2024\/11\/DG1022Z-Front-Large-1600-1200-300x225.png",300,225,true],"woocommerce_single":["https:\/\/genatronik.com\/wp-content\/uploads\/2024\/11\/DG1022Z-Front-Large-1600-1200-600x450.png",600,450,true],"woocommerce_gallery_thumbnail":["https:\/\/genatronik.com\/wp-content\/uploads\/2024\/11\/DG1022Z-Front-Large-1600-1200-100x100.png",100,100,true]},"uagb_author_info":{"display_name":"guanyuan zhu","author_link":"https:\/\/genatronik.com\/fr\/author\/"},"uagb_comment_info":0,"uagb_excerpt":"2 channel function \/ arbitrary waveform generator with 1 \u03bcHz to 25 MHz bandwidth, 200 MSa\/s samplerate, 14 Bit resolution, 2 Mpts memory depth (16Mpts optional), amplitude range 1 mVpp to 10 Vpp (high impedance), 8.9 cm (3.5\") Display.","jetpack_sharing_enabled":true,"_links":{"self":[{"href":"https:\/\/genatronik.com\/fr\/wp-json\/wp\/v2\/product\/2524","targetHints":{"allow":["GET"]}}],"collection":[{"href":"https:\/\/genatronik.com\/fr\/wp-json\/wp\/v2\/product"}],"about":[{"href":"https:\/\/genatronik.com\/fr\/wp-json\/wp\/v2\/types\/product"}],"replies":[{"embeddable":true,"href":"https:\/\/genatronik.com\/fr\/wp-json\/wp\/v2\/comments?post=2524"}],"version-history":[{"count":4,"href":"https:\/\/genatronik.com\/fr\/wp-json\/wp\/v2\/product\/2524\/revisions"}],"predecessor-version":[{"id":3473,"href":"https:\/\/genatronik.com\/fr\/wp-json\/wp\/v2\/product\/2524\/revisions\/3473"}],"wp:featuredmedia":[{"embeddable":true,"href":"https:\/\/genatronik.com\/fr\/wp-json\/wp\/v2\/media\/3740"}],"wp:attachment":[{"href":"https:\/\/genatronik.com\/fr\/wp-json\/wp\/v2\/media?parent=2524"}],"wp:term":[{"taxonomy":"product_brand","embeddable":true,"href":"https:\/\/genatronik.com\/fr\/wp-json\/wp\/v2\/product_brand?post=2524"},{"taxonomy":"product_cat","embeddable":true,"href":"https:\/\/genatronik.com\/fr\/wp-json\/wp\/v2\/product_cat?post=2524"},{"taxonomy":"product_tag","embeddable":true,"href":"https:\/\/genatronik.com\/fr\/wp-json\/wp\/v2\/product_tag?post=2524"}],"curies":[{"name":"wp","href":"https:\/\/api.w.org\/{rel}","templated":true}]}}