{"id":2516,"date":"2024-11-30T00:51:40","date_gmt":"2024-11-29T16:51:40","guid":{"rendered":"https:\/\/genatronik.com\/?post_type=product&#038;p=2516"},"modified":"2025-05-13T10:52:36","modified_gmt":"2025-05-13T08:52:36","slug":"dg2052","status":"publish","type":"product","link":"https:\/\/genatronik.com\/fr\/product\/dg2052\/","title":{"rendered":"Rigol DG2052"},"content":{"rendered":"<ul>\n<li>Technologie unique SiFi II (Signal Fidelity II) : g\u00e9n\u00e9ration de formes d'ondes arbitraires point par point ; r\u00e9cup\u00e9ration du signal sans distorsion ; taux d'\u00e9chantillonnage pr\u00e9cis et r\u00e9glable ; gigue de toutes les formes d'ondes de sortie (y compris sinuso\u00efdale, puls\u00e9e, etc.) aussi faible que 200ps.<\/li>\n<li>Profondeur de m\u00e9moire de 16 Mpts par canal pour les formes d'ondes arbitraires<\/li>\n<li>Double canal standard avec les m\u00eames performances, \u00e9quivalent \u00e0 deux sources de signaux ind\u00e9pendantes<\/li>\n<li>Stabilit\u00e9 \u00e0 haute fr\u00e9quence : \u00b11 ppm ; faible bruit de phase : -105 dBc\/Hz<\/li>\n<li>G\u00e9n\u00e9rateur d'harmoniques d'ordre \u00e9lev\u00e9 int\u00e9gr\u00e9 (au plus 8 harmoniques d'ordre)<\/li>\n<li>Compteur de fr\u00e9quence complet int\u00e9gr\u00e9, 7 chiffres\/s, bande passante de 240 MHz<\/li>\n<li>Jusqu'\u00e0 160 formes d'ondes arbitraires int\u00e9gr\u00e9es, couvrant les signaux courants dans les applications d'ing\u00e9nierie, l'\u00e9lectronique m\u00e9dicale, l'\u00e9lectronique automobile, le traitement math\u00e9matique et d'autres domaines divers.<\/li>\n<li>Taux d'\u00e9chantillonnage jusqu'\u00e0 250 MSa\/s, r\u00e9solution verticale 16 bits<\/li>\n<li>Fonction d'\u00e9dition de s\u00e9quences de formes d'ondes arbitraires disponible ; des s\u00e9quences de formes d'ondes arbitraires sont disponibles.<\/li>\n<li>Les formes d'onde peuvent \u00e9galement \u00eatre g\u00e9n\u00e9r\u00e9es par le biais du logiciel PC<\/li>\n<li>Diverses fonctions de modulation analogiques et num\u00e9riques : AM, FM, PM, ASK, FSK, PSK et PWM.<\/li>\n<li>Fonction de combinaison de formes d'onde standard, capable de produire des formes d'onde sp\u00e9cifi\u00e9es combin\u00e9es aux formes d'onde de base<\/li>\n<li>Fonction standard de suivi des canaux : lorsqu'elle est activ\u00e9e, tous les param\u00e8tres des deux canaux sont mis \u00e0 jour en fonction des confi gurations des utilisateurs.<\/li>\n<li>Interface standard : USB Host&amp;Device et LAN (LXI Core 2011 Device) ;<\/li>\n<li>Prise en charge de la fonction USB-GPIB<\/li>\n<li>\u00c9cran tactile couleur TFT de 3 pouces<\/li>\n<li>Prise en charge des sorties RS232, PRBS et Dual-tone<\/li>\n<\/ul>","protected":false},"excerpt":{"rendered":"<p>G\u00e9n\u00e9rateur de fonctions \/ formes d'ondes arbitraires 2 canaux avec bande passante de 1 \u03bcHz \u00e0 50 MHz, \u00e9chantillonnage 250 MSa\/s, r\u00e9solution 16 bits, profondeur de m\u00e9moire 16 Mpts, plage d'amplitude 1 mVpp \u00e0 10 Vpp (haute imp\u00e9dance), \u00e9cran tactile 10,9 cm (4,3\u2033).<\/p>","protected":false},"featured_media":3754,"comment_status":"open","ping_status":"closed","template":"","meta":{"_surecart_dashboard_logo_width":"180px","_surecart_dashboard_show_logo":true,"_surecart_dashboard_navigation_orders":true,"_surecart_dashboard_navigation_invoices":true,"_surecart_dashboard_navigation_subscriptions":true,"_surecart_dashboard_navigation_downloads":true,"_surecart_dashboard_navigation_billing":true,"_surecart_dashboard_navigation_account":true,"_uag_custom_page_level_css":"","site-sidebar-layout":"default","site-content-layout":"","ast-site-content-layout":"default","site-content-style":"default","site-sidebar-style":"default","ast-global-header-display":"","ast-banner-title-visibility":"","ast-main-header-display":"","ast-hfb-above-header-display":"","ast-hfb-below-header-display":"","ast-hfb-mobile-header-display":"","site-post-title":"","ast-breadcrumbs-content":"","ast-featured-img":"","footer-sml-layout":"","ast-disable-related-posts":"","theme-transparent-header-meta":"default","adv-header-id-meta":"","stick-header-meta":"default","header-above-stick-meta":"","header-main-stick-meta":"","header-below-stick-meta":"","astra-migrate-meta-layouts":"set","ast-page-background-enabled":"default","ast-page-background-meta":{"desktop":{"background-color":"var(--ast-global-color-4)","background-image":"","background-repeat":"repeat","background-position":"center center","background-size":"auto","background-attachment":"scroll","background-type":"","background-media":"","overlay-type":"","overlay-color":"","overlay-opacity":"","overlay-gradient":""},"tablet":{"background-color":"","background-image":"","background-repeat":"repeat","background-position":"center center","background-size":"auto","background-attachment":"scroll","background-type":"","background-media":"","overlay-type":"","overlay-color":"","overlay-opacity":"","overlay-gradient":""},"mobile":{"background-color":"","background-image":"","background-repeat":"repeat","background-position":"center center","background-size":"auto","background-attachment":"scroll","background-type":"","background-media":"","overlay-type":"","overlay-color":"","overlay-opacity":"","overlay-gradient":""}},"ast-content-background-meta":{"desktop":{"background-color":"var(--ast-global-color-5)","background-image":"","background-repeat":"repeat","background-position":"center center","background-size":"auto","background-attachment":"scroll","background-type":"","background-media":"","overlay-type":"","overlay-color":"","overlay-opacity":"","overlay-gradient":""},"tablet":{"background-color":"var(--ast-global-color-5)","background-image":"","background-repeat":"repeat","background-position":"center center","background-size":"auto","background-attachment":"scroll","background-type":"","background-media":"","overlay-type":"","overlay-color":"","overlay-opacity":"","overlay-gradient":""},"mobile":{"background-color":"var(--ast-global-color-5)","background-image":"","background-repeat":"repeat","background-position":"center center","background-size":"auto","background-attachment":"scroll","background-type":"","background-media":"","overlay-type":"","overlay-color":"","overlay-opacity":"","overlay-gradient":""}}},"product_brand":[],"product_cat":[38,44,108,63],"product_tag":[],"class_list":{"0":"post-2516","1":"product","2":"type-product","3":"status-publish","4":"has-post-thumbnail","6":"product_cat-test-measure","7":"product_cat-waveform-generator","8":"product_cat-rigol-waveform-generator","9":"product_cat-dg2000","10":"desktop-align-left","11":"tablet-align-left","12":"mobile-align-left","13":"ast-product-gallery-layout-horizontal-slider","14":"ast-product-gallery-with-no-image","15":"ast-product-tabs-layout-horizontal","17":"first","18":"instock","19":"taxable","20":"shipping-taxable","21":"purchasable","22":"product-type-simple"},"yoast_head":"<!-- This site is optimized with the Yoast SEO plugin v26.2 - https:\/\/yoast.com\/wordpress\/plugins\/seo\/ -->\n<title>Rigol DG2052 - Genatronik<\/title>\n<meta name=\"description\" content=\"2 channel function \/ arbitrary waveform generator with 1 \u03bcHz to 50 MHz bandwidth, 250 MSa\/s samplerate, 16 Bit resolution, 16 Mpts memory depth, amplitude range 1 mVpp to 10 Vpp (high impedance), 10.9 cm (4.3&quot;) touchdisplay.\" \/>\n<meta name=\"robots\" content=\"index, follow, max-snippet:-1, max-image-preview:large, max-video-preview:-1\" \/>\n<link rel=\"canonical\" href=\"https:\/\/genatronik.com\/fr\/product\/dg2052\/\" \/>\n<meta property=\"og:locale\" content=\"fr_FR\" \/>\n<meta property=\"og:type\" content=\"article\" \/>\n<meta property=\"og:title\" content=\"Rigol DG2052 - Genatronik\" \/>\n<meta property=\"og:description\" content=\"2 channel function \/ arbitrary waveform generator with 1 \u03bcHz to 50 MHz bandwidth, 250 MSa\/s samplerate, 16 Bit resolution, 16 Mpts memory depth, amplitude range 1 mVpp to 10 Vpp (high impedance), 10.9 cm (4.3&quot;) touchdisplay.\" \/>\n<meta property=\"og:url\" content=\"https:\/\/genatronik.com\/fr\/product\/dg2052\/\" \/>\n<meta property=\"og:site_name\" content=\"Genatronik\" \/>\n<meta property=\"article:modified_time\" content=\"2025-05-13T08:52:36+00:00\" \/>\n<meta property=\"og:image\" content=\"https:\/\/genatronik.com\/wp-content\/uploads\/2024\/11\/DG2052\u6b63\u97621600-1200-3.png\" \/>\n\t<meta property=\"og:image:width\" content=\"1600\" \/>\n\t<meta property=\"og:image:height\" content=\"1200\" \/>\n\t<meta property=\"og:image:type\" content=\"image\/png\" \/>\n<meta name=\"twitter:card\" content=\"summary_large_image\" \/>\n<meta name=\"twitter:label1\" content=\"Dur\u00e9e de lecture estim\u00e9e\" \/>\n\t<meta name=\"twitter:data1\" content=\"2 minutes\" \/>\n<script type=\"application\/ld+json\" class=\"yoast-schema-graph\">{\"@context\":\"https:\/\/schema.org\",\"@graph\":[{\"@type\":\"WebPage\",\"@id\":\"https:\/\/genatronik.com\/en\/product\/dg2052\/\",\"url\":\"https:\/\/genatronik.com\/en\/product\/dg2052\/\",\"name\":\"Rigol DG2052 - Genatronik\",\"isPartOf\":{\"@id\":\"https:\/\/genatronik.com\/en\/#website\"},\"primaryImageOfPage\":{\"@id\":\"https:\/\/genatronik.com\/en\/product\/dg2052\/#primaryimage\"},\"image\":{\"@id\":\"https:\/\/genatronik.com\/en\/product\/dg2052\/#primaryimage\"},\"thumbnailUrl\":\"https:\/\/genatronik.com\/wp-content\/uploads\/2024\/11\/DG2052\u6b63\u97621600-1200-3.png\",\"datePublished\":\"2024-11-29T16:51:40+00:00\",\"dateModified\":\"2025-05-13T08:52:36+00:00\",\"description\":\"2 channel function \/ arbitrary waveform generator with 1 \u03bcHz to 50 MHz bandwidth, 250 MSa\/s samplerate, 16 Bit resolution, 16 Mpts memory depth, amplitude range 1 mVpp to 10 Vpp (high impedance), 10.9 cm (4.3\\\") touchdisplay.\",\"breadcrumb\":{\"@id\":\"https:\/\/genatronik.com\/en\/product\/dg2052\/#breadcrumb\"},\"inLanguage\":\"fr-FR\",\"potentialAction\":[{\"@type\":\"ReadAction\",\"target\":[\"https:\/\/genatronik.com\/en\/product\/dg2052\/\"]}]},{\"@type\":\"ImageObject\",\"inLanguage\":\"fr-FR\",\"@id\":\"https:\/\/genatronik.com\/en\/product\/dg2052\/#primaryimage\",\"url\":\"https:\/\/genatronik.com\/wp-content\/uploads\/2024\/11\/DG2052\u6b63\u97621600-1200-3.png\",\"contentUrl\":\"https:\/\/genatronik.com\/wp-content\/uploads\/2024\/11\/DG2052\u6b63\u97621600-1200-3.png\",\"width\":1600,\"height\":1200},{\"@type\":\"BreadcrumbList\",\"@id\":\"https:\/\/genatronik.com\/en\/product\/dg2052\/#breadcrumb\",\"itemListElement\":[{\"@type\":\"ListItem\",\"position\":1,\"name\":\"Home\",\"item\":\"https:\/\/genatronik.com\/\"},{\"@type\":\"ListItem\",\"position\":2,\"name\":\"Produkte\",\"item\":\"https:\/\/genatronik.com\/de\/shop\/\"},{\"@type\":\"ListItem\",\"position\":3,\"name\":\"Products\",\"item\":\"https:\/\/genatronik.com\/product-category\/products\/\"},{\"@type\":\"ListItem\",\"position\":4,\"name\":\"Test &amp; Measure\",\"item\":\"https:\/\/genatronik.com\/product-category\/products\/test-measure\/\"},{\"@type\":\"ListItem\",\"position\":5,\"name\":\"Waveform Generator\",\"item\":\"https:\/\/genatronik.com\/product-category\/products\/test-measure\/waveform-generator\/\"},{\"@type\":\"ListItem\",\"position\":6,\"name\":\"Rigol Waveform Generator\",\"item\":\"https:\/\/genatronik.com\/fr\/product-category\/produits\/test-mesure\/generateur-de-forme-donde\/generateur-de-forme-donde-rigol\/\"},{\"@type\":\"ListItem\",\"position\":7,\"name\":\"DG2000\",\"item\":\"https:\/\/genatronik.com\/en\/product-category\/products\/test-measure\/waveform-generator\/rigol-waveform-generator\/dg2000\/\"},{\"@type\":\"ListItem\",\"position\":8,\"name\":\"Rigol DG2052\"}]},{\"@type\":\"WebSite\",\"@id\":\"https:\/\/genatronik.com\/en\/#website\",\"url\":\"https:\/\/genatronik.com\/en\/\",\"name\":\"Genatronik\",\"description\":\"Advanced Devices. Reliable Service.\",\"publisher\":{\"@id\":\"https:\/\/genatronik.com\/en\/#organization\"},\"potentialAction\":[{\"@type\":\"SearchAction\",\"target\":{\"@type\":\"EntryPoint\",\"urlTemplate\":\"https:\/\/genatronik.com\/en\/?s={search_term_string}\"},\"query-input\":{\"@type\":\"PropertyValueSpecification\",\"valueRequired\":true,\"valueName\":\"search_term_string\"}}],\"inLanguage\":\"fr-FR\"},{\"@type\":\"Organization\",\"@id\":\"https:\/\/genatronik.com\/en\/#organization\",\"name\":\"Genatronik\",\"url\":\"https:\/\/genatronik.com\/en\/\",\"logo\":{\"@type\":\"ImageObject\",\"inLanguage\":\"fr-FR\",\"@id\":\"https:\/\/genatronik.com\/en\/#\/schema\/logo\/image\/\",\"url\":\"https:\/\/genatronik.com\/wp-content\/uploads\/2025\/05\/genatronik_logo_header-scaled.png\",\"contentUrl\":\"https:\/\/genatronik.com\/wp-content\/uploads\/2025\/05\/genatronik_logo_header-scaled.png\",\"width\":2560,\"height\":448,\"caption\":\"Genatronik\"},\"image\":{\"@id\":\"https:\/\/genatronik.com\/en\/#\/schema\/logo\/image\/\"}}]}<\/script>\n<!-- \/ Yoast SEO plugin. -->","yoast_head_json":{"title":"Rigol DG2052 - Genatronik","description":"G\u00e9n\u00e9rateur de fonctions \/ formes d'ondes arbitraires 2 canaux avec bande passante de 1 \u03bcHz \u00e0 50 MHz, \u00e9chantillonnage 250 MSa\/s, r\u00e9solution 16 bits, profondeur de m\u00e9moire 16 Mpts, plage d'amplitude 1 mVpp \u00e0 10 Vpp (haute imp\u00e9dance), \u00e9cran tactile 10,9 cm (4,3\").","robots":{"index":"index","follow":"follow","max-snippet":"max-snippet:-1","max-image-preview":"max-image-preview:large","max-video-preview":"max-video-preview:-1"},"canonical":"https:\/\/genatronik.com\/fr\/product\/dg2052\/","og_locale":"fr_FR","og_type":"article","og_title":"Rigol DG2052 - Genatronik","og_description":"2 channel function \/ arbitrary waveform generator with 1 \u03bcHz to 50 MHz bandwidth, 250 MSa\/s samplerate, 16 Bit resolution, 16 Mpts memory depth, amplitude range 1 mVpp to 10 Vpp (high impedance), 10.9 cm (4.3\") touchdisplay.","og_url":"https:\/\/genatronik.com\/fr\/product\/dg2052\/","og_site_name":"Genatronik","article_modified_time":"2025-05-13T08:52:36+00:00","og_image":[{"width":1600,"height":1200,"url":"https:\/\/genatronik.com\/wp-content\/uploads\/2024\/11\/DG2052\u6b63\u97621600-1200-3.png","type":"image\/png"}],"twitter_card":"summary_large_image","twitter_misc":{"Dur\u00e9e de lecture estim\u00e9e":"2 minutes"},"schema":{"@context":"https:\/\/schema.org","@graph":[{"@type":"WebPage","@id":"https:\/\/genatronik.com\/en\/product\/dg2052\/","url":"https:\/\/genatronik.com\/en\/product\/dg2052\/","name":"Rigol DG2052 - Genatronik","isPartOf":{"@id":"https:\/\/genatronik.com\/en\/#website"},"primaryImageOfPage":{"@id":"https:\/\/genatronik.com\/en\/product\/dg2052\/#primaryimage"},"image":{"@id":"https:\/\/genatronik.com\/en\/product\/dg2052\/#primaryimage"},"thumbnailUrl":"https:\/\/genatronik.com\/wp-content\/uploads\/2024\/11\/DG2052\u6b63\u97621600-1200-3.png","datePublished":"2024-11-29T16:51:40+00:00","dateModified":"2025-05-13T08:52:36+00:00","description":"G\u00e9n\u00e9rateur de fonctions \/ formes d'ondes arbitraires 2 canaux avec bande passante de 1 \u03bcHz \u00e0 50 MHz, \u00e9chantillonnage 250 MSa\/s, r\u00e9solution 16 bits, profondeur de m\u00e9moire 16 Mpts, plage d'amplitude 1 mVpp \u00e0 10 Vpp (haute imp\u00e9dance), \u00e9cran tactile 10,9 cm (4,3\").","breadcrumb":{"@id":"https:\/\/genatronik.com\/en\/product\/dg2052\/#breadcrumb"},"inLanguage":"fr-FR","potentialAction":[{"@type":"ReadAction","target":["https:\/\/genatronik.com\/en\/product\/dg2052\/"]}]},{"@type":"ImageObject","inLanguage":"fr-FR","@id":"https:\/\/genatronik.com\/en\/product\/dg2052\/#primaryimage","url":"https:\/\/genatronik.com\/wp-content\/uploads\/2024\/11\/DG2052\u6b63\u97621600-1200-3.png","contentUrl":"https:\/\/genatronik.com\/wp-content\/uploads\/2024\/11\/DG2052\u6b63\u97621600-1200-3.png","width":1600,"height":1200},{"@type":"BreadcrumbList","@id":"https:\/\/genatronik.com\/en\/product\/dg2052\/#breadcrumb","itemListElement":[{"@type":"ListItem","position":1,"name":"Home","item":"https:\/\/genatronik.com\/"},{"@type":"ListItem","position":2,"name":"Produkte","item":"https:\/\/genatronik.com\/de\/shop\/"},{"@type":"ListItem","position":3,"name":"Products","item":"https:\/\/genatronik.com\/product-category\/products\/"},{"@type":"ListItem","position":4,"name":"Test &amp; Measure","item":"https:\/\/genatronik.com\/product-category\/products\/test-measure\/"},{"@type":"ListItem","position":5,"name":"Waveform Generator","item":"https:\/\/genatronik.com\/product-category\/products\/test-measure\/waveform-generator\/"},{"@type":"ListItem","position":6,"name":"Rigol Waveform Generator","item":"https:\/\/genatronik.com\/fr\/product-category\/produits\/test-mesure\/generateur-de-forme-donde\/generateur-de-forme-donde-rigol\/"},{"@type":"ListItem","position":7,"name":"DG2000","item":"https:\/\/genatronik.com\/en\/product-category\/products\/test-measure\/waveform-generator\/rigol-waveform-generator\/dg2000\/"},{"@type":"ListItem","position":8,"name":"Rigol DG2052"}]},{"@type":"WebSite","@id":"https:\/\/genatronik.com\/en\/#website","url":"https:\/\/genatronik.com\/en\/","name":"Genatronik","description":"Dispositifs avanc\u00e9s. Un service fiable.","publisher":{"@id":"https:\/\/genatronik.com\/en\/#organization"},"potentialAction":[{"@type":"SearchAction","target":{"@type":"EntryPoint","urlTemplate":"https:\/\/genatronik.com\/en\/?s={search_term_string}"},"query-input":{"@type":"PropertyValueSpecification","valueRequired":true,"valueName":"search_term_string"}}],"inLanguage":"fr-FR"},{"@type":"Organization","@id":"https:\/\/genatronik.com\/en\/#organization","name":"Genatronik","url":"https:\/\/genatronik.com\/en\/","logo":{"@type":"ImageObject","inLanguage":"fr-FR","@id":"https:\/\/genatronik.com\/en\/#\/schema\/logo\/image\/","url":"https:\/\/genatronik.com\/wp-content\/uploads\/2025\/05\/genatronik_logo_header-scaled.png","contentUrl":"https:\/\/genatronik.com\/wp-content\/uploads\/2025\/05\/genatronik_logo_header-scaled.png","width":2560,"height":448,"caption":"Genatronik"},"image":{"@id":"https:\/\/genatronik.com\/en\/#\/schema\/logo\/image\/"}}]}},"uagb_featured_image_src":{"full":["https:\/\/genatronik.com\/wp-content\/uploads\/2024\/11\/DG2052\u6b63\u97621600-1200-3.png",1600,1200,false],"thumbnail":["https:\/\/genatronik.com\/wp-content\/uploads\/2024\/11\/DG2052\u6b63\u97621600-1200-3-150x150.png",150,150,true],"medium":["https:\/\/genatronik.com\/wp-content\/uploads\/2024\/11\/DG2052\u6b63\u97621600-1200-3-300x225.png",300,225,true],"medium_large":["https:\/\/genatronik.com\/wp-content\/uploads\/2024\/11\/DG2052\u6b63\u97621600-1200-3-768x576.png",768,576,true],"large":["https:\/\/genatronik.com\/wp-content\/uploads\/2024\/11\/DG2052\u6b63\u97621600-1200-3-1024x768.png",1024,768,true],"1536x1536":["https:\/\/genatronik.com\/wp-content\/uploads\/2024\/11\/DG2052\u6b63\u97621600-1200-3-1536x1152.png",1536,1152,true],"2048x2048":["https:\/\/genatronik.com\/wp-content\/uploads\/2024\/11\/DG2052\u6b63\u97621600-1200-3.png",1600,1200,false],"trp-custom-language-flag":["https:\/\/genatronik.com\/wp-content\/uploads\/2024\/11\/DG2052\u6b63\u97621600-1200-3.png",16,12,false],"tp-image-grid":["https:\/\/genatronik.com\/wp-content\/uploads\/2024\/11\/DG2052\u6b63\u97621600-1200-3-700x700.png",700,700,true],"woocommerce_thumbnail":["https:\/\/genatronik.com\/wp-content\/uploads\/2024\/11\/DG2052\u6b63\u97621600-1200-3-300x225.png",300,225,true],"woocommerce_single":["https:\/\/genatronik.com\/wp-content\/uploads\/2024\/11\/DG2052\u6b63\u97621600-1200-3-600x450.png",600,450,true],"woocommerce_gallery_thumbnail":["https:\/\/genatronik.com\/wp-content\/uploads\/2024\/11\/DG2052\u6b63\u97621600-1200-3-100x100.png",100,100,true]},"uagb_author_info":{"display_name":"guanyuan zhu","author_link":"https:\/\/genatronik.com\/fr\/author\/"},"uagb_comment_info":0,"uagb_excerpt":"2 channel function \/ arbitrary waveform generator with 1 \u03bcHz to 50 MHz bandwidth, 250 MSa\/s samplerate, 16 Bit resolution, 16 Mpts memory depth, amplitude range 1 mVpp to 10 Vpp (high impedance), 10.9 cm (4.3\") touchdisplay.","jetpack_sharing_enabled":true,"_links":{"self":[{"href":"https:\/\/genatronik.com\/fr\/wp-json\/wp\/v2\/product\/2516","targetHints":{"allow":["GET"]}}],"collection":[{"href":"https:\/\/genatronik.com\/fr\/wp-json\/wp\/v2\/product"}],"about":[{"href":"https:\/\/genatronik.com\/fr\/wp-json\/wp\/v2\/types\/product"}],"replies":[{"embeddable":true,"href":"https:\/\/genatronik.com\/fr\/wp-json\/wp\/v2\/comments?post=2516"}],"version-history":[{"count":4,"href":"https:\/\/genatronik.com\/fr\/wp-json\/wp\/v2\/product\/2516\/revisions"}],"predecessor-version":[{"id":7078,"href":"https:\/\/genatronik.com\/fr\/wp-json\/wp\/v2\/product\/2516\/revisions\/7078"}],"wp:featuredmedia":[{"embeddable":true,"href":"https:\/\/genatronik.com\/fr\/wp-json\/wp\/v2\/media\/3754"}],"wp:attachment":[{"href":"https:\/\/genatronik.com\/fr\/wp-json\/wp\/v2\/media?parent=2516"}],"wp:term":[{"taxonomy":"product_brand","embeddable":true,"href":"https:\/\/genatronik.com\/fr\/wp-json\/wp\/v2\/product_brand?post=2516"},{"taxonomy":"product_cat","embeddable":true,"href":"https:\/\/genatronik.com\/fr\/wp-json\/wp\/v2\/product_cat?post=2516"},{"taxonomy":"product_tag","embeddable":true,"href":"https:\/\/genatronik.com\/fr\/wp-json\/wp\/v2\/product_tag?post=2516"}],"curies":[{"name":"wp","href":"https:\/\/api.w.org\/{rel}","templated":true}]}}