{"id":2506,"date":"2024-11-30T00:37:15","date_gmt":"2024-11-29T16:37:15","guid":{"rendered":"https:\/\/genatronik.com\/?post_type=product&#038;p=2506"},"modified":"2025-05-20T09:18:48","modified_gmt":"2025-05-20T07:18:48","slug":"dg4062","status":"publish","type":"product","link":"https:\/\/genatronik.com\/fr\/product\/dg4062\/","title":{"rendered":"Rigol DG4062"},"content":{"rendered":"<ul>\n<li>Fr\u00e9quence de sortie maximale de 60 MHz (pour le sinus), taux d'\u00e9chantillonnage de 500MSa\/s, r\u00e9solution verticale de 14 bits.<\/li>\n<li>Ajustez pr\u00e9cis\u00e9ment les phases des deux canaux.<\/li>\n<li>Prise en charge du module d'amplification de puissance externe (en option) avec fonction de configuration en ligne.<\/li>\n<li>150 formes d'ondes ou fonctions : Sinus, carr\u00e9, rampe, impulsion, bruit, Sinc, mont\u00e9e exponentielle, chute exponentielle, ECG, Gauss, Haversine, Lorentz, double tonalit\u00e9, harmoniques, signal vid\u00e9o, signal radar, DC, etc.<\/li>\n<li>Permet d'\u00e9diter une forme d'onde arbitraire de 16 kpts et prend en charge la sortie point par point de la forme d'onde arbitraire.<\/li>\n<li>Le temps de mont\u00e9e et le temps de descente de l'impulsion peuvent \u00eatre r\u00e9gl\u00e9s s\u00e9par\u00e9ment.<\/li>\n<li>Permet d'\u00e9mettre des harmoniques avec l'ordre et l'amplitude sp\u00e9cifi\u00e9s, permet d'\u00e9mettre jusqu'au 16\u00e8me ordre d'harmoniques.<\/li>\n<li>Possibilit\u00e9 de superposer le bruit de Gauss aux formes d'onde de base.<\/li>\n<li>Diff\u00e9rents types de modulation : AM, FM, PM, ASK, FSK, PSK, BPSK, QPSK, 3FSK, 4FSK, OSK et modulations PWM.<br \/>\nPrise en charge du balayage de fr\u00e9quence et de la sortie en rafale.<\/li>\n<li>Les deux canaux peuvent effectuer une modulation interne\/externe et un d\u00e9clenchement interne\/externe\/manuel s\u00e9par\u00e9ment ou en m\u00eame temps.<\/li>\n<li>Adoptent la technologie du synth\u00e9tiseur num\u00e9rique direct (DDS) et fournissent des signaux stables, pr\u00e9cis, purs et \u00e0 faible distorsion.<\/li>\n<li>\u00c9cran TFT LCD de 7 pouces, 16M couleurs r\u00e9elles, affichant les param\u00e8tres et les graphiques des deux canaux en m\u00eame temps.<\/li>\n<li>Les deux canaux peuvent \u00e9mettre un signal de synchronisation s\u00e9par\u00e9ment ou en m\u00eame temps.<\/li>\n<li>Possibilit\u00e9 d'activer le couplage de fr\u00e9quence, le couplage de phase et le couplage d'amplitude s\u00e9par\u00e9ment ou en m\u00eame temps.<\/li>\n<li>Compteur de 7 chiffres\/s, 200 MHz ; permet de mesurer divers param\u00e8tres du signal externe tels que la fr\u00e9quence, la p\u00e9riode, le rapport cyclique, la largeur d'impulsion positive et la largeur d'impulsion n\u00e9gative ; fournit une fonction statistique des r\u00e9sultats de mesure.<\/li>\n<li>Prise en charge de la copie de la forme d'onde et de l'\u00e9tat entre les canaux.<\/li>\n<li>Permet de stocker et de rappeler des fichiers de donn\u00e9es de formes d'onde arbitraires et des fichiers d'\u00e9tat de l'instrument ; prend en charge diff\u00e9rents types de fichiers.<\/li>\n<li>Nombreuses interfaces standard : USB Host, USB Device et LAN.<\/li>\n<li>Nombreuses E\/S : sortie de forme d'onde, sortie de signal de synchronisation, entr\u00e9e de modulation, entr\u00e9e\/sortie d'horloge 10MHz et entr\u00e9e\/sortie de d\u00e9clenchement.<\/li>\n<li>Prend en charge les dispositifs de stockage USB au format FAT32 (type flash).<\/li>\n<li>Prise en charge de l'Ethernet web 10\/100M ; les utilisateurs peuvent contr\u00f4ler l'instrument \u00e0 distance via le web.<\/li>\n<li>Conforme aux normes de l'instrument LXI Core 2011 Device.<\/li>\n<li>Fournir des informations d'aide en chinois et en anglais, des messages d'invite et l'affichage de l'interface.<\/li>\n<li>Fournir un puissant logiciel PC d'\u00e9dition de formes d'onde (Ultra Station).<\/li>\n<li>Pr\u00e9voir un trou de serrure de s\u00e9curit\u00e9.<\/li>\n<\/ul>","protected":false},"excerpt":{"rendered":"<p>G\u00e9n\u00e9rateur de fonctions \/ formes d'ondes arbitraires 2 canaux avec bande passante de 1 \u03bcHz \u00e0 60 MHz, \u00e9chantillonnage de 500 MSa\/s, r\u00e9solution de 14 bits, profondeur de m\u00e9moire de 16 kpts, plage d'amplitude de 1 mVpp \u00e0 10 Vpp (haute imp\u00e9dance), \u00e9cran de 17,8 cm (7\u2033).<\/p>","protected":false},"featured_media":7094,"comment_status":"open","ping_status":"closed","template":"","meta":{"_surecart_dashboard_logo_width":"180px","_surecart_dashboard_show_logo":true,"_surecart_dashboard_navigation_orders":true,"_surecart_dashboard_navigation_invoices":true,"_surecart_dashboard_navigation_subscriptions":true,"_surecart_dashboard_navigation_downloads":true,"_surecart_dashboard_navigation_billing":true,"_surecart_dashboard_navigation_account":true,"_uag_custom_page_level_css":"","site-sidebar-layout":"default","site-content-layout":"","ast-site-content-layout":"default","site-content-style":"default","site-sidebar-style":"default","ast-global-header-display":"","ast-banner-title-visibility":"","ast-main-header-display":"","ast-hfb-above-header-display":"","ast-hfb-below-header-display":"","ast-hfb-mobile-header-display":"","site-post-title":"","ast-breadcrumbs-content":"","ast-featured-img":"","footer-sml-layout":"","ast-disable-related-posts":"","theme-transparent-header-meta":"default","adv-header-id-meta":"","stick-header-meta":"default","header-above-stick-meta":"","header-main-stick-meta":"","header-below-stick-meta":"","astra-migrate-meta-layouts":"set","ast-page-background-enabled":"default","ast-page-background-meta":{"desktop":{"background-color":"var(--ast-global-color-4)","background-image":"","background-repeat":"repeat","background-position":"center center","background-size":"auto","background-attachment":"scroll","background-type":"","background-media":"","overlay-type":"","overlay-color":"","overlay-opacity":"","overlay-gradient":""},"tablet":{"background-color":"","background-image":"","background-repeat":"repeat","background-position":"center center","background-size":"auto","background-attachment":"scroll","background-type":"","background-media":"","overlay-type":"","overlay-color":"","overlay-opacity":"","overlay-gradient":""},"mobile":{"background-color":"","background-image":"","background-repeat":"repeat","background-position":"center center","background-size":"auto","background-attachment":"scroll","background-type":"","background-media":"","overlay-type":"","overlay-color":"","overlay-opacity":"","overlay-gradient":""}},"ast-content-background-meta":{"desktop":{"background-color":"var(--ast-global-color-5)","background-image":"","background-repeat":"repeat","background-position":"center center","background-size":"auto","background-attachment":"scroll","background-type":"","background-media":"","overlay-type":"","overlay-color":"","overlay-opacity":"","overlay-gradient":""},"tablet":{"background-color":"var(--ast-global-color-5)","background-image":"","background-repeat":"repeat","background-position":"center center","background-size":"auto","background-attachment":"scroll","background-type":"","background-media":"","overlay-type":"","overlay-color":"","overlay-opacity":"","overlay-gradient":""},"mobile":{"background-color":"var(--ast-global-color-5)","background-image":"","background-repeat":"repeat","background-position":"center center","background-size":"auto","background-attachment":"scroll","background-type":"","background-media":"","overlay-type":"","overlay-color":"","overlay-opacity":"","overlay-gradient":""}}},"product_brand":[],"product_cat":[38,44,108,52],"product_tag":[],"class_list":{"0":"post-2506","1":"product","2":"type-product","3":"status-publish","4":"has-post-thumbnail","6":"product_cat-test-measure","7":"product_cat-waveform-generator","8":"product_cat-rigol-waveform-generator","9":"product_cat-dg4000","10":"desktop-align-left","11":"tablet-align-left","12":"mobile-align-left","13":"ast-product-gallery-layout-horizontal-slider","14":"ast-product-tabs-layout-horizontal","16":"first","17":"instock","18":"taxable","19":"shipping-taxable","20":"purchasable","21":"product-type-simple"},"yoast_head":"<!-- This site is optimized with the Yoast SEO plugin v26.2 - https:\/\/yoast.com\/wordpress\/plugins\/seo\/ -->\n<title>Rigol DG4062 - Genatronik<\/title>\n<meta name=\"description\" content=\"2 channel function \/ arbitrary waveform generator with 1 \u03bcHz to 60 MHz bandwidth, 500 MSa\/s samplerate, 14 Bit resolution, 16 kpts memory depth, amplitude range 1 mVpp to 10 Vpp (high impedance), 17.8 cm (7&quot;) display.\" \/>\n<meta name=\"robots\" content=\"index, follow, max-snippet:-1, max-image-preview:large, max-video-preview:-1\" \/>\n<link rel=\"canonical\" href=\"https:\/\/genatronik.com\/fr\/product\/dg4062\/\" \/>\n<meta property=\"og:locale\" content=\"fr_FR\" \/>\n<meta property=\"og:type\" content=\"article\" \/>\n<meta property=\"og:title\" content=\"Rigol DG4062 - Genatronik\" \/>\n<meta property=\"og:description\" content=\"2 channel function \/ arbitrary waveform generator with 1 \u03bcHz to 60 MHz bandwidth, 500 MSa\/s samplerate, 14 Bit resolution, 16 kpts memory depth, amplitude range 1 mVpp to 10 Vpp (high impedance), 17.8 cm (7&quot;) display.\" \/>\n<meta property=\"og:url\" content=\"https:\/\/genatronik.com\/fr\/product\/dg4062\/\" \/>\n<meta property=\"og:site_name\" content=\"Genatronik\" \/>\n<meta property=\"article:modified_time\" content=\"2025-05-20T07:18:48+00:00\" \/>\n<meta property=\"og:image\" content=\"https:\/\/genatronik.com\/wp-content\/uploads\/2024\/11\/dg4062_1.png\" \/>\n\t<meta property=\"og:image:width\" content=\"1600\" \/>\n\t<meta property=\"og:image:height\" content=\"1200\" \/>\n\t<meta property=\"og:image:type\" content=\"image\/png\" \/>\n<meta name=\"twitter:card\" content=\"summary_large_image\" \/>\n<meta name=\"twitter:label1\" content=\"Dur\u00e9e de lecture estim\u00e9e\" \/>\n\t<meta name=\"twitter:data1\" content=\"2 minutes\" \/>\n<script type=\"application\/ld+json\" class=\"yoast-schema-graph\">{\"@context\":\"https:\/\/schema.org\",\"@graph\":[{\"@type\":\"WebPage\",\"@id\":\"https:\/\/genatronik.com\/en\/product\/dg4062\/\",\"url\":\"https:\/\/genatronik.com\/en\/product\/dg4062\/\",\"name\":\"Rigol DG4062 - Genatronik\",\"isPartOf\":{\"@id\":\"https:\/\/genatronik.com\/en\/#website\"},\"primaryImageOfPage\":{\"@id\":\"https:\/\/genatronik.com\/en\/product\/dg4062\/#primaryimage\"},\"image\":{\"@id\":\"https:\/\/genatronik.com\/en\/product\/dg4062\/#primaryimage\"},\"thumbnailUrl\":\"https:\/\/genatronik.com\/wp-content\/uploads\/2024\/11\/dg4062_1.png\",\"datePublished\":\"2024-11-29T16:37:15+00:00\",\"dateModified\":\"2025-05-20T07:18:48+00:00\",\"description\":\"2 channel function \/ arbitrary waveform generator with 1 \u03bcHz to 60 MHz bandwidth, 500 MSa\/s samplerate, 14 Bit resolution, 16 kpts memory depth, amplitude range 1 mVpp to 10 Vpp (high impedance), 17.8 cm (7\\\") display.\",\"breadcrumb\":{\"@id\":\"https:\/\/genatronik.com\/en\/product\/dg4062\/#breadcrumb\"},\"inLanguage\":\"fr-FR\",\"potentialAction\":[{\"@type\":\"ReadAction\",\"target\":[\"https:\/\/genatronik.com\/en\/product\/dg4062\/\"]}]},{\"@type\":\"ImageObject\",\"inLanguage\":\"fr-FR\",\"@id\":\"https:\/\/genatronik.com\/en\/product\/dg4062\/#primaryimage\",\"url\":\"https:\/\/genatronik.com\/wp-content\/uploads\/2024\/11\/dg4062_1.png\",\"contentUrl\":\"https:\/\/genatronik.com\/wp-content\/uploads\/2024\/11\/dg4062_1.png\",\"width\":1600,\"height\":1200},{\"@type\":\"BreadcrumbList\",\"@id\":\"https:\/\/genatronik.com\/en\/product\/dg4062\/#breadcrumb\",\"itemListElement\":[{\"@type\":\"ListItem\",\"position\":1,\"name\":\"Home\",\"item\":\"https:\/\/genatronik.com\/\"},{\"@type\":\"ListItem\",\"position\":2,\"name\":\"Produkte\",\"item\":\"https:\/\/genatronik.com\/de\/shop\/\"},{\"@type\":\"ListItem\",\"position\":3,\"name\":\"Products\",\"item\":\"https:\/\/genatronik.com\/product-category\/products\/\"},{\"@type\":\"ListItem\",\"position\":4,\"name\":\"Test &amp; Measure\",\"item\":\"https:\/\/genatronik.com\/product-category\/products\/test-measure\/\"},{\"@type\":\"ListItem\",\"position\":5,\"name\":\"Waveform Generator\",\"item\":\"https:\/\/genatronik.com\/product-category\/products\/test-measure\/waveform-generator\/\"},{\"@type\":\"ListItem\",\"position\":6,\"name\":\"Rigol Waveform Generator\",\"item\":\"https:\/\/genatronik.com\/fr\/product-category\/produits\/test-mesure\/generateur-de-forme-donde\/generateur-de-forme-donde-rigol\/\"},{\"@type\":\"ListItem\",\"position\":7,\"name\":\"DG4000\",\"item\":\"https:\/\/genatronik.com\/en\/product-category\/products\/test-measure\/waveform-generator\/rigol-waveform-generator\/dg4000\/\"},{\"@type\":\"ListItem\",\"position\":8,\"name\":\"Rigol DG4062\"}]},{\"@type\":\"WebSite\",\"@id\":\"https:\/\/genatronik.com\/en\/#website\",\"url\":\"https:\/\/genatronik.com\/en\/\",\"name\":\"Genatronik\",\"description\":\"Advanced Devices. Reliable Service.\",\"publisher\":{\"@id\":\"https:\/\/genatronik.com\/en\/#organization\"},\"potentialAction\":[{\"@type\":\"SearchAction\",\"target\":{\"@type\":\"EntryPoint\",\"urlTemplate\":\"https:\/\/genatronik.com\/en\/?s={search_term_string}\"},\"query-input\":{\"@type\":\"PropertyValueSpecification\",\"valueRequired\":true,\"valueName\":\"search_term_string\"}}],\"inLanguage\":\"fr-FR\"},{\"@type\":\"Organization\",\"@id\":\"https:\/\/genatronik.com\/en\/#organization\",\"name\":\"Genatronik\",\"url\":\"https:\/\/genatronik.com\/en\/\",\"logo\":{\"@type\":\"ImageObject\",\"inLanguage\":\"fr-FR\",\"@id\":\"https:\/\/genatronik.com\/en\/#\/schema\/logo\/image\/\",\"url\":\"https:\/\/genatronik.com\/wp-content\/uploads\/2025\/05\/genatronik_logo_header-scaled.png\",\"contentUrl\":\"https:\/\/genatronik.com\/wp-content\/uploads\/2025\/05\/genatronik_logo_header-scaled.png\",\"width\":2560,\"height\":448,\"caption\":\"Genatronik\"},\"image\":{\"@id\":\"https:\/\/genatronik.com\/en\/#\/schema\/logo\/image\/\"}}]}<\/script>\n<!-- \/ Yoast SEO plugin. -->","yoast_head_json":{"title":"Rigol DG4062 - Genatronik","description":"G\u00e9n\u00e9rateur de fonctions \/ formes d'ondes arbitraires 2 voies avec bande passante de 1 \u03bcHz \u00e0 60 MHz, \u00e9chantillonnage de 500 MSa\/s, r\u00e9solution de 14 bits, profondeur de m\u00e9moire de 16 kpts, plage d'amplitude de 1 mVpp \u00e0 10 Vpp (haute imp\u00e9dance), \u00e9cran de 17,8 cm (7\").","robots":{"index":"index","follow":"follow","max-snippet":"max-snippet:-1","max-image-preview":"max-image-preview:large","max-video-preview":"max-video-preview:-1"},"canonical":"https:\/\/genatronik.com\/fr\/product\/dg4062\/","og_locale":"fr_FR","og_type":"article","og_title":"Rigol DG4062 - Genatronik","og_description":"2 channel function \/ arbitrary waveform generator with 1 \u03bcHz to 60 MHz bandwidth, 500 MSa\/s samplerate, 14 Bit resolution, 16 kpts memory depth, amplitude range 1 mVpp to 10 Vpp (high impedance), 17.8 cm (7\") display.","og_url":"https:\/\/genatronik.com\/fr\/product\/dg4062\/","og_site_name":"Genatronik","article_modified_time":"2025-05-20T07:18:48+00:00","og_image":[{"width":1600,"height":1200,"url":"https:\/\/genatronik.com\/wp-content\/uploads\/2024\/11\/dg4062_1.png","type":"image\/png"}],"twitter_card":"summary_large_image","twitter_misc":{"Dur\u00e9e de lecture estim\u00e9e":"2 minutes"},"schema":{"@context":"https:\/\/schema.org","@graph":[{"@type":"WebPage","@id":"https:\/\/genatronik.com\/en\/product\/dg4062\/","url":"https:\/\/genatronik.com\/en\/product\/dg4062\/","name":"Rigol DG4062 - Genatronik","isPartOf":{"@id":"https:\/\/genatronik.com\/en\/#website"},"primaryImageOfPage":{"@id":"https:\/\/genatronik.com\/en\/product\/dg4062\/#primaryimage"},"image":{"@id":"https:\/\/genatronik.com\/en\/product\/dg4062\/#primaryimage"},"thumbnailUrl":"https:\/\/genatronik.com\/wp-content\/uploads\/2024\/11\/dg4062_1.png","datePublished":"2024-11-29T16:37:15+00:00","dateModified":"2025-05-20T07:18:48+00:00","description":"G\u00e9n\u00e9rateur de fonctions \/ formes d'ondes arbitraires 2 voies avec bande passante de 1 \u03bcHz \u00e0 60 MHz, \u00e9chantillonnage de 500 MSa\/s, r\u00e9solution de 14 bits, profondeur de m\u00e9moire de 16 kpts, plage d'amplitude de 1 mVpp \u00e0 10 Vpp (haute imp\u00e9dance), \u00e9cran de 17,8 cm (7\").","breadcrumb":{"@id":"https:\/\/genatronik.com\/en\/product\/dg4062\/#breadcrumb"},"inLanguage":"fr-FR","potentialAction":[{"@type":"ReadAction","target":["https:\/\/genatronik.com\/en\/product\/dg4062\/"]}]},{"@type":"ImageObject","inLanguage":"fr-FR","@id":"https:\/\/genatronik.com\/en\/product\/dg4062\/#primaryimage","url":"https:\/\/genatronik.com\/wp-content\/uploads\/2024\/11\/dg4062_1.png","contentUrl":"https:\/\/genatronik.com\/wp-content\/uploads\/2024\/11\/dg4062_1.png","width":1600,"height":1200},{"@type":"BreadcrumbList","@id":"https:\/\/genatronik.com\/en\/product\/dg4062\/#breadcrumb","itemListElement":[{"@type":"ListItem","position":1,"name":"Home","item":"https:\/\/genatronik.com\/"},{"@type":"ListItem","position":2,"name":"Produkte","item":"https:\/\/genatronik.com\/de\/shop\/"},{"@type":"ListItem","position":3,"name":"Products","item":"https:\/\/genatronik.com\/product-category\/products\/"},{"@type":"ListItem","position":4,"name":"Test &amp; Measure","item":"https:\/\/genatronik.com\/product-category\/products\/test-measure\/"},{"@type":"ListItem","position":5,"name":"Waveform Generator","item":"https:\/\/genatronik.com\/product-category\/products\/test-measure\/waveform-generator\/"},{"@type":"ListItem","position":6,"name":"Rigol Waveform Generator","item":"https:\/\/genatronik.com\/fr\/product-category\/produits\/test-mesure\/generateur-de-forme-donde\/generateur-de-forme-donde-rigol\/"},{"@type":"ListItem","position":7,"name":"DG4000","item":"https:\/\/genatronik.com\/en\/product-category\/products\/test-measure\/waveform-generator\/rigol-waveform-generator\/dg4000\/"},{"@type":"ListItem","position":8,"name":"Rigol DG4062"}]},{"@type":"WebSite","@id":"https:\/\/genatronik.com\/en\/#website","url":"https:\/\/genatronik.com\/en\/","name":"Genatronik","description":"Dispositifs avanc\u00e9s. Un service fiable.","publisher":{"@id":"https:\/\/genatronik.com\/en\/#organization"},"potentialAction":[{"@type":"SearchAction","target":{"@type":"EntryPoint","urlTemplate":"https:\/\/genatronik.com\/en\/?s={search_term_string}"},"query-input":{"@type":"PropertyValueSpecification","valueRequired":true,"valueName":"search_term_string"}}],"inLanguage":"fr-FR"},{"@type":"Organization","@id":"https:\/\/genatronik.com\/en\/#organization","name":"Genatronik","url":"https:\/\/genatronik.com\/en\/","logo":{"@type":"ImageObject","inLanguage":"fr-FR","@id":"https:\/\/genatronik.com\/en\/#\/schema\/logo\/image\/","url":"https:\/\/genatronik.com\/wp-content\/uploads\/2025\/05\/genatronik_logo_header-scaled.png","contentUrl":"https:\/\/genatronik.com\/wp-content\/uploads\/2025\/05\/genatronik_logo_header-scaled.png","width":2560,"height":448,"caption":"Genatronik"},"image":{"@id":"https:\/\/genatronik.com\/en\/#\/schema\/logo\/image\/"}}]}},"uagb_featured_image_src":{"full":["https:\/\/genatronik.com\/wp-content\/uploads\/2024\/11\/dg4062_1.png",1600,1200,false],"thumbnail":["https:\/\/genatronik.com\/wp-content\/uploads\/2024\/11\/dg4062_1-150x150.png",150,150,true],"medium":["https:\/\/genatronik.com\/wp-content\/uploads\/2024\/11\/dg4062_1-300x225.png",300,225,true],"medium_large":["https:\/\/genatronik.com\/wp-content\/uploads\/2024\/11\/dg4062_1-768x576.png",768,576,true],"large":["https:\/\/genatronik.com\/wp-content\/uploads\/2024\/11\/dg4062_1-1024x768.png",1024,768,true],"1536x1536":["https:\/\/genatronik.com\/wp-content\/uploads\/2024\/11\/dg4062_1-1536x1152.png",1536,1152,true],"2048x2048":["https:\/\/genatronik.com\/wp-content\/uploads\/2024\/11\/dg4062_1.png",1600,1200,false],"trp-custom-language-flag":["https:\/\/genatronik.com\/wp-content\/uploads\/2024\/11\/dg4062_1-16x12.png",16,12,true],"tp-image-grid":["https:\/\/genatronik.com\/wp-content\/uploads\/2024\/11\/dg4062_1-700x700.png",700,700,true],"woocommerce_thumbnail":["https:\/\/genatronik.com\/wp-content\/uploads\/2024\/11\/dg4062_1-300x225.png",300,225,true],"woocommerce_single":["https:\/\/genatronik.com\/wp-content\/uploads\/2024\/11\/dg4062_1-600x450.png",600,450,true],"woocommerce_gallery_thumbnail":["https:\/\/genatronik.com\/wp-content\/uploads\/2024\/11\/dg4062_1-100x100.png",100,100,true]},"uagb_author_info":{"display_name":"guanyuan zhu","author_link":"https:\/\/genatronik.com\/fr\/author\/"},"uagb_comment_info":0,"uagb_excerpt":"2 channel function \/ arbitrary waveform generator with 1 \u03bcHz to 60 MHz bandwidth, 500 MSa\/s samplerate, 14 Bit resolution, 16 kpts memory depth, amplitude range 1 mVpp to 10 Vpp (high impedance), 17.8 cm (7\") display.","jetpack_sharing_enabled":true,"_links":{"self":[{"href":"https:\/\/genatronik.com\/fr\/wp-json\/wp\/v2\/product\/2506","targetHints":{"allow":["GET"]}}],"collection":[{"href":"https:\/\/genatronik.com\/fr\/wp-json\/wp\/v2\/product"}],"about":[{"href":"https:\/\/genatronik.com\/fr\/wp-json\/wp\/v2\/types\/product"}],"replies":[{"embeddable":true,"href":"https:\/\/genatronik.com\/fr\/wp-json\/wp\/v2\/comments?post=2506"}],"version-history":[{"count":8,"href":"https:\/\/genatronik.com\/fr\/wp-json\/wp\/v2\/product\/2506\/revisions"}],"predecessor-version":[{"id":7097,"href":"https:\/\/genatronik.com\/fr\/wp-json\/wp\/v2\/product\/2506\/revisions\/7097"}],"wp:featuredmedia":[{"embeddable":true,"href":"https:\/\/genatronik.com\/fr\/wp-json\/wp\/v2\/media\/7094"}],"wp:attachment":[{"href":"https:\/\/genatronik.com\/fr\/wp-json\/wp\/v2\/media?parent=2506"}],"wp:term":[{"taxonomy":"product_brand","embeddable":true,"href":"https:\/\/genatronik.com\/fr\/wp-json\/wp\/v2\/product_brand?post=2506"},{"taxonomy":"product_cat","embeddable":true,"href":"https:\/\/genatronik.com\/fr\/wp-json\/wp\/v2\/product_cat?post=2506"},{"taxonomy":"product_tag","embeddable":true,"href":"https:\/\/genatronik.com\/fr\/wp-json\/wp\/v2\/product_tag?post=2506"}],"curies":[{"name":"wp","href":"https:\/\/api.w.org\/{rel}","templated":true}]}}