{"id":2425,"date":"2024-11-28T22:59:40","date_gmt":"2024-11-28T14:59:40","guid":{"rendered":"https:\/\/genatronik.com\/?post_type=product&#038;p=2425"},"modified":"2025-05-13T11:04:33","modified_gmt":"2025-05-13T09:04:33","slug":"mso5104","status":"publish","type":"product","link":"https:\/\/genatronik.com\/fr\/product\/mso5104\/","title":{"rendered":"Rigol MSO5104"},"content":{"rendered":"<h6>Description :<\/h6>\n<ul>\n<li>Bande passante analogique : 350 MHz, 200 MHz, 100 MHz et 70 MHz ; mise \u00e0 niveau de la bande passante<\/li>\n<li>option prise en charge<\/li>\n<li>4 canaux analogiques\uff0cstandard 16 canaux num\u00e9riques (sonde LA requise)<\/li>\n<li>Taux d'\u00e9chantillonnage en temps r\u00e9el jusqu'\u00e0 8 GSa\/s<\/li>\n<li>Jusqu'\u00e0 200 Mpts de profondeur de m\u00e9moire (option)<\/li>\n<li>Taux \u00e9lev\u00e9 de capture de formes d'onde (plus de 500 000 wfm\/s)<\/li>\n<li>Mesure automatique de 41 param\u00e8tres de forme d'onde ; mesure mat\u00e9rielle \u00e0 m\u00e9moire compl\u00e8te<\/li>\n<li>fonction<\/li>\n<li>Une vari\u00e9t\u00e9 de d\u00e9clencheurs et de d\u00e9codeurs de protocoles s\u00e9riels<\/li>\n<li>Jusqu'\u00e0 450 000 images d'enregistrement de formes d'ondes en temps r\u00e9el et en continu, et<\/li>\n<li>fonctions de lecture<\/li>\n<li>Recherche ind\u00e9pendante, touches de navigation et tableau des \u00e9v\u00e9nements<\/li>\n<li>Logiciel int\u00e9gr\u00e9 d'analyse avanc\u00e9e de la puissance (en option)<\/li>\n<li>Int\u00e8gre 7 instruments ind\u00e9pendants en un seul, y compris un oscilloscope num\u00e9rique, un d\u00e9tecteur de mouvement logique, une cam\u00e9ra de surveillance et une cam\u00e9ra de contr\u00f4le.<\/li>\n<li>un analyseur de spectre, un g\u00e9n\u00e9rateur de formes d'ondes arbitraires, un voltm\u00e8tre num\u00e9rique,<\/li>\n<li>un compteur et un totalisateur de fr\u00e9quences, et un analyseur de protocole<\/li>\n<li>\u00c9cran tactile capacitif de 9 pouces, affichage \u00e0 256 niveaux d'intensit\u00e9, avec couleur.<\/li>\n<li>persistance<\/li>\n<li>Plusieurs interfaces disponibles : USB HOST&amp;DEVICE, LAN(LXI), HDMI, TRIG OUT, et<\/li>\n<li>USB-GPIB<\/li>\n<li>Commande \u00e0 distance Web Control<\/li>\n<li>Mise \u00e0 jour unique de la version en ligne<\/li>\n<li>Conception industrielle nouvelle et d\u00e9licate, facile \u00e0 utiliser<\/li>\n<\/ul>","protected":false},"excerpt":{"rendered":"<div class=\"ewa-rteLine\">Oscilloscope 4 voies avec une bande passante de 100 MHz, un taux d'\u00e9chantillonnage de 8 GSa\/s, une profondeur de m\u00e9moire allant jusqu'\u00e0 200 Mpts et un \u00e9cran tactile de 22,9 cm de 1024\u00d7600 pixels.<\/div>\n<div class=\"ewa-rteLine\"><\/div>\n<div class=\"ewa-rteLine\">\u00c9volutif vers un MSO avec un analyseur logique \u00e0 16 canaux et extensible par un g\u00e9n\u00e9rateur de forme d'onde \u00e0 2 canaux.<\/div>","protected":false},"featured_media":3646,"comment_status":"open","ping_status":"closed","template":"","meta":{"_surecart_dashboard_logo_width":"180px","_surecart_dashboard_show_logo":true,"_surecart_dashboard_navigation_orders":true,"_surecart_dashboard_navigation_invoices":true,"_surecart_dashboard_navigation_subscriptions":true,"_surecart_dashboard_navigation_downloads":true,"_surecart_dashboard_navigation_billing":true,"_surecart_dashboard_navigation_account":true,"_uag_custom_page_level_css":"","site-sidebar-layout":"default","site-content-layout":"","ast-site-content-layout":"default","site-content-style":"default","site-sidebar-style":"default","ast-global-header-display":"","ast-banner-title-visibility":"","ast-main-header-display":"","ast-hfb-above-header-display":"","ast-hfb-below-header-display":"","ast-hfb-mobile-header-display":"","site-post-title":"","ast-breadcrumbs-content":"","ast-featured-img":"","footer-sml-layout":"","ast-disable-related-posts":"","theme-transparent-header-meta":"default","adv-header-id-meta":"","stick-header-meta":"default","header-above-stick-meta":"","header-main-stick-meta":"","header-below-stick-meta":"","astra-migrate-meta-layouts":"set","ast-page-background-enabled":"default","ast-page-background-meta":{"desktop":{"background-color":"var(--ast-global-color-4)","background-image":"","background-repeat":"repeat","background-position":"center center","background-size":"auto","background-attachment":"scroll","background-type":"","background-media":"","overlay-type":"","overlay-color":"","overlay-opacity":"","overlay-gradient":""},"tablet":{"background-color":"","background-image":"","background-repeat":"repeat","background-position":"center center","background-size":"auto","background-attachment":"scroll","background-type":"","background-media":"","overlay-type":"","overlay-color":"","overlay-opacity":"","overlay-gradient":""},"mobile":{"background-color":"","background-image":"","background-repeat":"repeat","background-position":"center center","background-size":"auto","background-attachment":"scroll","background-type":"","background-media":"","overlay-type":"","overlay-color":"","overlay-opacity":"","overlay-gradient":""}},"ast-content-background-meta":{"desktop":{"background-color":"var(--ast-global-color-5)","background-image":"","background-repeat":"repeat","background-position":"center center","background-size":"auto","background-attachment":"scroll","background-type":"","background-media":"","overlay-type":"","overlay-color":"","overlay-opacity":"","overlay-gradient":""},"tablet":{"background-color":"var(--ast-global-color-5)","background-image":"","background-repeat":"repeat","background-position":"center center","background-size":"auto","background-attachment":"scroll","background-type":"","background-media":"","overlay-type":"","overlay-color":"","overlay-opacity":"","overlay-gradient":""},"mobile":{"background-color":"var(--ast-global-color-5)","background-image":"","background-repeat":"repeat","background-position":"center center","background-size":"auto","background-attachment":"scroll","background-type":"","background-media":"","overlay-type":"","overlay-color":"","overlay-opacity":"","overlay-gradient":""}}},"product_brand":[],"product_cat":[38,41,103,61],"product_tag":[],"class_list":{"0":"post-2425","1":"product","2":"type-product","3":"status-publish","4":"has-post-thumbnail","6":"product_cat-test-measure","7":"product_cat-oscilloscope","8":"product_cat-rigol-oscilloscope","9":"product_cat-mso5000","10":"desktop-align-left","11":"tablet-align-left","12":"mobile-align-left","13":"ast-product-gallery-layout-horizontal-slider","14":"ast-product-gallery-with-no-image","15":"ast-product-tabs-layout-horizontal","17":"first","18":"instock","19":"taxable","20":"shipping-taxable","21":"purchasable","22":"product-type-simple"},"yoast_head":"<!-- This site is optimized with the Yoast SEO plugin v26.2 - https:\/\/yoast.com\/wordpress\/plugins\/seo\/ -->\n<title>Rigol MSO5104 - Genatronik<\/title>\n<meta name=\"description\" content=\"4 channel oscilloscope with 100 MHz Bandwidth, 8 GSa\/s sample rate, up to 200 Mpts memory depth and a 22.9 cm touch display 1024x600 pixel.Upgradable to a MSO with a 16 channel logic analyzer and expandable by a 2 channel waveform generator.\" \/>\n<meta name=\"robots\" content=\"index, follow, max-snippet:-1, max-image-preview:large, max-video-preview:-1\" \/>\n<link rel=\"canonical\" href=\"https:\/\/genatronik.com\/fr\/product\/mso5104\/\" \/>\n<meta property=\"og:locale\" content=\"fr_FR\" \/>\n<meta property=\"og:type\" content=\"article\" \/>\n<meta property=\"og:title\" content=\"Rigol MSO5104 - Genatronik\" \/>\n<meta property=\"og:description\" content=\"4 channel oscilloscope with 100 MHz Bandwidth, 8 GSa\/s sample rate, up to 200 Mpts memory depth and a 22.9 cm touch display 1024x600 pixel.Upgradable to a MSO with a 16 channel logic analyzer and expandable by a 2 channel waveform generator.\" \/>\n<meta property=\"og:url\" content=\"https:\/\/genatronik.com\/fr\/product\/mso5104\/\" \/>\n<meta property=\"og:site_name\" content=\"Genatronik\" \/>\n<meta property=\"article:modified_time\" content=\"2025-05-13T09:04:33+00:00\" \/>\n<meta property=\"og:image\" content=\"https:\/\/genatronik.com\/wp-content\/uploads\/2024\/11\/MSO5104-1600-1200-1.png\" \/>\n\t<meta property=\"og:image:width\" content=\"1600\" \/>\n\t<meta property=\"og:image:height\" content=\"1200\" \/>\n\t<meta property=\"og:image:type\" content=\"image\/png\" \/>\n<meta name=\"twitter:card\" content=\"summary_large_image\" \/>\n<meta name=\"twitter:label1\" content=\"Dur\u00e9e de lecture estim\u00e9e\" \/>\n\t<meta name=\"twitter:data1\" content=\"1 minute\" \/>\n<script type=\"application\/ld+json\" class=\"yoast-schema-graph\">{\"@context\":\"https:\/\/schema.org\",\"@graph\":[{\"@type\":\"WebPage\",\"@id\":\"https:\/\/genatronik.com\/en\/product\/mso5104\/\",\"url\":\"https:\/\/genatronik.com\/en\/product\/mso5104\/\",\"name\":\"Rigol MSO5104 - Genatronik\",\"isPartOf\":{\"@id\":\"https:\/\/genatronik.com\/en\/#website\"},\"primaryImageOfPage\":{\"@id\":\"https:\/\/genatronik.com\/en\/product\/mso5104\/#primaryimage\"},\"image\":{\"@id\":\"https:\/\/genatronik.com\/en\/product\/mso5104\/#primaryimage\"},\"thumbnailUrl\":\"https:\/\/genatronik.com\/wp-content\/uploads\/2024\/11\/MSO5104-1600-1200-1.png\",\"datePublished\":\"2024-11-28T14:59:40+00:00\",\"dateModified\":\"2025-05-13T09:04:33+00:00\",\"description\":\"4 channel oscilloscope with 100 MHz Bandwidth, 8 GSa\/s sample rate, up to 200 Mpts memory depth and a 22.9 cm touch display 1024x600 pixel.Upgradable to a MSO with a 16 channel logic analyzer and expandable by a 2 channel waveform generator.\",\"breadcrumb\":{\"@id\":\"https:\/\/genatronik.com\/en\/product\/mso5104\/#breadcrumb\"},\"inLanguage\":\"fr-FR\",\"potentialAction\":[{\"@type\":\"ReadAction\",\"target\":[\"https:\/\/genatronik.com\/en\/product\/mso5104\/\"]}]},{\"@type\":\"ImageObject\",\"inLanguage\":\"fr-FR\",\"@id\":\"https:\/\/genatronik.com\/en\/product\/mso5104\/#primaryimage\",\"url\":\"https:\/\/genatronik.com\/wp-content\/uploads\/2024\/11\/MSO5104-1600-1200-1.png\",\"contentUrl\":\"https:\/\/genatronik.com\/wp-content\/uploads\/2024\/11\/MSO5104-1600-1200-1.png\",\"width\":1600,\"height\":1200},{\"@type\":\"BreadcrumbList\",\"@id\":\"https:\/\/genatronik.com\/en\/product\/mso5104\/#breadcrumb\",\"itemListElement\":[{\"@type\":\"ListItem\",\"position\":1,\"name\":\"Home\",\"item\":\"https:\/\/genatronik.com\/\"},{\"@type\":\"ListItem\",\"position\":2,\"name\":\"Produkte\",\"item\":\"https:\/\/genatronik.com\/de\/shop\/\"},{\"@type\":\"ListItem\",\"position\":3,\"name\":\"Products\",\"item\":\"https:\/\/genatronik.com\/product-category\/products\/\"},{\"@type\":\"ListItem\",\"position\":4,\"name\":\"Test &amp; Measure\",\"item\":\"https:\/\/genatronik.com\/product-category\/products\/test-measure\/\"},{\"@type\":\"ListItem\",\"position\":5,\"name\":\"Oscilloscope\",\"item\":\"https:\/\/genatronik.com\/product-category\/products\/test-measure\/oscilloscope\/\"},{\"@type\":\"ListItem\",\"position\":6,\"name\":\"Rigol Oscilloscope\",\"item\":\"https:\/\/genatronik.com\/product-category\/products\/test-measure\/oscilloscope\/rigol-oscilloscope\/\"},{\"@type\":\"ListItem\",\"position\":7,\"name\":\"MSO5000 Oscilloscope\",\"item\":\"https:\/\/genatronik.com\/fr\/product-category\/produits\/test-mesure\/oscilloscope\/oscilloscope-rigol\/mso5000\/\"},{\"@type\":\"ListItem\",\"position\":8,\"name\":\"Rigol MSO5104\"}]},{\"@type\":\"WebSite\",\"@id\":\"https:\/\/genatronik.com\/en\/#website\",\"url\":\"https:\/\/genatronik.com\/en\/\",\"name\":\"Genatronik\",\"description\":\"Advanced Devices. Reliable Service.\",\"publisher\":{\"@id\":\"https:\/\/genatronik.com\/en\/#organization\"},\"potentialAction\":[{\"@type\":\"SearchAction\",\"target\":{\"@type\":\"EntryPoint\",\"urlTemplate\":\"https:\/\/genatronik.com\/en\/?s={search_term_string}\"},\"query-input\":{\"@type\":\"PropertyValueSpecification\",\"valueRequired\":true,\"valueName\":\"search_term_string\"}}],\"inLanguage\":\"fr-FR\"},{\"@type\":\"Organization\",\"@id\":\"https:\/\/genatronik.com\/en\/#organization\",\"name\":\"Genatronik\",\"url\":\"https:\/\/genatronik.com\/en\/\",\"logo\":{\"@type\":\"ImageObject\",\"inLanguage\":\"fr-FR\",\"@id\":\"https:\/\/genatronik.com\/en\/#\/schema\/logo\/image\/\",\"url\":\"https:\/\/genatronik.com\/wp-content\/uploads\/2025\/05\/genatronik_logo_header-scaled.png\",\"contentUrl\":\"https:\/\/genatronik.com\/wp-content\/uploads\/2025\/05\/genatronik_logo_header-scaled.png\",\"width\":2560,\"height\":448,\"caption\":\"Genatronik\"},\"image\":{\"@id\":\"https:\/\/genatronik.com\/en\/#\/schema\/logo\/image\/\"}}]}<\/script>\n<!-- \/ Yoast SEO plugin. -->","yoast_head_json":{"title":"Rigol MSO5104 - Genatronik","description":"Oscilloscope 4 canaux avec une bande passante de 100 MHz, une fr\u00e9quence d'\u00e9chantillonnage de 8 GSa\/s, une profondeur m\u00e9moire jusqu'\u00e0 200 Mpts et un \u00e9cran tactile de 22,9 cm de 1024x600 pixels. Extensible en MSO avec un analyseur logique 16 canaux et extensible par un g\u00e9n\u00e9rateur de forme d'onde 2 canaux.","robots":{"index":"index","follow":"follow","max-snippet":"max-snippet:-1","max-image-preview":"max-image-preview:large","max-video-preview":"max-video-preview:-1"},"canonical":"https:\/\/genatronik.com\/fr\/product\/mso5104\/","og_locale":"fr_FR","og_type":"article","og_title":"Rigol MSO5104 - Genatronik","og_description":"4 channel oscilloscope with 100 MHz Bandwidth, 8 GSa\/s sample rate, up to 200 Mpts memory depth and a 22.9 cm touch display 1024x600 pixel.Upgradable to a MSO with a 16 channel logic analyzer and expandable by a 2 channel waveform generator.","og_url":"https:\/\/genatronik.com\/fr\/product\/mso5104\/","og_site_name":"Genatronik","article_modified_time":"2025-05-13T09:04:33+00:00","og_image":[{"width":1600,"height":1200,"url":"https:\/\/genatronik.com\/wp-content\/uploads\/2024\/11\/MSO5104-1600-1200-1.png","type":"image\/png"}],"twitter_card":"summary_large_image","twitter_misc":{"Dur\u00e9e de lecture estim\u00e9e":"1 minute"},"schema":{"@context":"https:\/\/schema.org","@graph":[{"@type":"WebPage","@id":"https:\/\/genatronik.com\/en\/product\/mso5104\/","url":"https:\/\/genatronik.com\/en\/product\/mso5104\/","name":"Rigol MSO5104 - Genatronik","isPartOf":{"@id":"https:\/\/genatronik.com\/en\/#website"},"primaryImageOfPage":{"@id":"https:\/\/genatronik.com\/en\/product\/mso5104\/#primaryimage"},"image":{"@id":"https:\/\/genatronik.com\/en\/product\/mso5104\/#primaryimage"},"thumbnailUrl":"https:\/\/genatronik.com\/wp-content\/uploads\/2024\/11\/MSO5104-1600-1200-1.png","datePublished":"2024-11-28T14:59:40+00:00","dateModified":"2025-05-13T09:04:33+00:00","description":"Oscilloscope 4 canaux avec une bande passante de 100 MHz, une fr\u00e9quence d'\u00e9chantillonnage de 8 GSa\/s, une profondeur m\u00e9moire jusqu'\u00e0 200 Mpts et un \u00e9cran tactile de 22,9 cm de 1024x600 pixels. Extensible en MSO avec un analyseur logique 16 canaux et extensible par un g\u00e9n\u00e9rateur de forme d'onde 2 canaux.","breadcrumb":{"@id":"https:\/\/genatronik.com\/en\/product\/mso5104\/#breadcrumb"},"inLanguage":"fr-FR","potentialAction":[{"@type":"ReadAction","target":["https:\/\/genatronik.com\/en\/product\/mso5104\/"]}]},{"@type":"ImageObject","inLanguage":"fr-FR","@id":"https:\/\/genatronik.com\/en\/product\/mso5104\/#primaryimage","url":"https:\/\/genatronik.com\/wp-content\/uploads\/2024\/11\/MSO5104-1600-1200-1.png","contentUrl":"https:\/\/genatronik.com\/wp-content\/uploads\/2024\/11\/MSO5104-1600-1200-1.png","width":1600,"height":1200},{"@type":"BreadcrumbList","@id":"https:\/\/genatronik.com\/en\/product\/mso5104\/#breadcrumb","itemListElement":[{"@type":"ListItem","position":1,"name":"Home","item":"https:\/\/genatronik.com\/"},{"@type":"ListItem","position":2,"name":"Produkte","item":"https:\/\/genatronik.com\/de\/shop\/"},{"@type":"ListItem","position":3,"name":"Products","item":"https:\/\/genatronik.com\/product-category\/products\/"},{"@type":"ListItem","position":4,"name":"Test &amp; Measure","item":"https:\/\/genatronik.com\/product-category\/products\/test-measure\/"},{"@type":"ListItem","position":5,"name":"Oscilloscope","item":"https:\/\/genatronik.com\/product-category\/products\/test-measure\/oscilloscope\/"},{"@type":"ListItem","position":6,"name":"Rigol Oscilloscope","item":"https:\/\/genatronik.com\/product-category\/products\/test-measure\/oscilloscope\/rigol-oscilloscope\/"},{"@type":"ListItem","position":7,"name":"MSO5000 Oscilloscope","item":"https:\/\/genatronik.com\/fr\/product-category\/produits\/test-mesure\/oscilloscope\/oscilloscope-rigol\/mso5000\/"},{"@type":"ListItem","position":8,"name":"Rigol MSO5104"}]},{"@type":"WebSite","@id":"https:\/\/genatronik.com\/en\/#website","url":"https:\/\/genatronik.com\/en\/","name":"Genatronik","description":"Dispositifs avanc\u00e9s. Un service fiable.","publisher":{"@id":"https:\/\/genatronik.com\/en\/#organization"},"potentialAction":[{"@type":"SearchAction","target":{"@type":"EntryPoint","urlTemplate":"https:\/\/genatronik.com\/en\/?s={search_term_string}"},"query-input":{"@type":"PropertyValueSpecification","valueRequired":true,"valueName":"search_term_string"}}],"inLanguage":"fr-FR"},{"@type":"Organization","@id":"https:\/\/genatronik.com\/en\/#organization","name":"Genatronik","url":"https:\/\/genatronik.com\/en\/","logo":{"@type":"ImageObject","inLanguage":"fr-FR","@id":"https:\/\/genatronik.com\/en\/#\/schema\/logo\/image\/","url":"https:\/\/genatronik.com\/wp-content\/uploads\/2025\/05\/genatronik_logo_header-scaled.png","contentUrl":"https:\/\/genatronik.com\/wp-content\/uploads\/2025\/05\/genatronik_logo_header-scaled.png","width":2560,"height":448,"caption":"Genatronik"},"image":{"@id":"https:\/\/genatronik.com\/en\/#\/schema\/logo\/image\/"}}]}},"uagb_featured_image_src":{"full":["https:\/\/genatronik.com\/wp-content\/uploads\/2024\/11\/MSO5104-1600-1200-1.png",1600,1200,false],"thumbnail":["https:\/\/genatronik.com\/wp-content\/uploads\/2024\/11\/MSO5104-1600-1200-1-150x150.png",150,150,true],"medium":["https:\/\/genatronik.com\/wp-content\/uploads\/2024\/11\/MSO5104-1600-1200-1-300x225.png",300,225,true],"medium_large":["https:\/\/genatronik.com\/wp-content\/uploads\/2024\/11\/MSO5104-1600-1200-1-768x576.png",768,576,true],"large":["https:\/\/genatronik.com\/wp-content\/uploads\/2024\/11\/MSO5104-1600-1200-1-1024x768.png",1024,768,true],"1536x1536":["https:\/\/genatronik.com\/wp-content\/uploads\/2024\/11\/MSO5104-1600-1200-1-1536x1152.png",1536,1152,true],"2048x2048":["https:\/\/genatronik.com\/wp-content\/uploads\/2024\/11\/MSO5104-1600-1200-1.png",1600,1200,false],"trp-custom-language-flag":["https:\/\/genatronik.com\/wp-content\/uploads\/2024\/11\/MSO5104-1600-1200-1.png",16,12,false],"tp-image-grid":["https:\/\/genatronik.com\/wp-content\/uploads\/2024\/11\/MSO5104-1600-1200-1-700x700.png",700,700,true],"woocommerce_thumbnail":["https:\/\/genatronik.com\/wp-content\/uploads\/2024\/11\/MSO5104-1600-1200-1-300x225.png",300,225,true],"woocommerce_single":["https:\/\/genatronik.com\/wp-content\/uploads\/2024\/11\/MSO5104-1600-1200-1-600x450.png",600,450,true],"woocommerce_gallery_thumbnail":["https:\/\/genatronik.com\/wp-content\/uploads\/2024\/11\/MSO5104-1600-1200-1-100x100.png",100,100,true]},"uagb_author_info":{"display_name":"guanyuan zhu","author_link":"https:\/\/genatronik.com\/fr\/author\/"},"uagb_comment_info":0,"uagb_excerpt":"4 channel oscilloscope with 100 MHz Bandwidth, 8 GSa\/s sample rate, up to 200 Mpts memory depth and a 22.9 cm touch display 1024x600 pixel. Upgradable to a MSO with a 16 channel logic analyzer and expandable by a 2 channel waveform generator.","jetpack_sharing_enabled":true,"_links":{"self":[{"href":"https:\/\/genatronik.com\/fr\/wp-json\/wp\/v2\/product\/2425","targetHints":{"allow":["GET"]}}],"collection":[{"href":"https:\/\/genatronik.com\/fr\/wp-json\/wp\/v2\/product"}],"about":[{"href":"https:\/\/genatronik.com\/fr\/wp-json\/wp\/v2\/types\/product"}],"replies":[{"embeddable":true,"href":"https:\/\/genatronik.com\/fr\/wp-json\/wp\/v2\/comments?post=2425"}],"version-history":[{"count":9,"href":"https:\/\/genatronik.com\/fr\/wp-json\/wp\/v2\/product\/2425\/revisions"}],"predecessor-version":[{"id":7087,"href":"https:\/\/genatronik.com\/fr\/wp-json\/wp\/v2\/product\/2425\/revisions\/7087"}],"wp:featuredmedia":[{"embeddable":true,"href":"https:\/\/genatronik.com\/fr\/wp-json\/wp\/v2\/media\/3646"}],"wp:attachment":[{"href":"https:\/\/genatronik.com\/fr\/wp-json\/wp\/v2\/media?parent=2425"}],"wp:term":[{"taxonomy":"product_brand","embeddable":true,"href":"https:\/\/genatronik.com\/fr\/wp-json\/wp\/v2\/product_brand?post=2425"},{"taxonomy":"product_cat","embeddable":true,"href":"https:\/\/genatronik.com\/fr\/wp-json\/wp\/v2\/product_cat?post=2425"},{"taxonomy":"product_tag","embeddable":true,"href":"https:\/\/genatronik.com\/fr\/wp-json\/wp\/v2\/product_tag?post=2425"}],"curies":[{"name":"wp","href":"https:\/\/api.w.org\/{rel}","templated":true}]}}