{"id":2403,"date":"2024-11-28T22:31:57","date_gmt":"2024-11-28T14:31:57","guid":{"rendered":"https:\/\/genatronik.com\/?post_type=product&#038;p=2403"},"modified":"2025-05-13T11:09:07","modified_gmt":"2025-05-13T09:09:07","slug":"dho914","status":"publish","type":"product","link":"https:\/\/genatronik.com\/fr\/product\/dho914\/","title":{"rendered":"RIGOL DHO914"},"content":{"rendered":"<p>Largeur de bande du canal analogique : 125 MHz<br \/>\n4 canaux analogiques, 16 canaux num\u00e9riques<br \/>\nr\u00e9solution verticale jusqu'\u00e0 12 bits<br \/>\nTaux d'\u00e9chantillonnage en temps r\u00e9el jusqu'\u00e0 1,25 GSa\/s<br \/>\nProfondeur de m\u00e9moire jusqu'\u00e0 50 Mpts<br \/>\nPlage de sensibilit\u00e9 verticale : 200 \u03bcV\/div \u00e0 10 V\/div<br \/>\nTaux de capture maximal de 1 000 000 wfms\/s (en mode UltraAcquire)<br \/>\n\u00c9cran tactile capacitif de 7\u2033 (1024\u00d7600)<br \/>\nPrise en charge de l'interface de contr\u00f4le Web<\/p>","protected":false},"excerpt":{"rendered":"<p>Oscilloscope 4 voies avec une bande passante de 125 MHz, un taux d'\u00e9chantillonnage de 1,25 GSa\/s, un convertisseur A\/N de 12 bits, une profondeur de m\u00e9moire de 50 Mpts et un \u00e9cran tactile de 17,8 cm de 1024\u00d7600 pixels. Les d\u00e9codeurs s\u00e9rie pour I\u00b2C, SPI et RS232\/UART, CAN et LIN sont d\u00e9j\u00e0 inclus !<\/p>","protected":false},"featured_media":3656,"comment_status":"open","ping_status":"closed","template":"","meta":{"_surecart_dashboard_logo_width":"180px","_surecart_dashboard_show_logo":true,"_surecart_dashboard_navigation_orders":true,"_surecart_dashboard_navigation_invoices":true,"_surecart_dashboard_navigation_subscriptions":true,"_surecart_dashboard_navigation_downloads":true,"_surecart_dashboard_navigation_billing":true,"_surecart_dashboard_navigation_account":true,"_uag_custom_page_level_css":"","site-sidebar-layout":"default","site-content-layout":"","ast-site-content-layout":"default","site-content-style":"default","site-sidebar-style":"default","ast-global-header-display":"","ast-banner-title-visibility":"","ast-main-header-display":"","ast-hfb-above-header-display":"","ast-hfb-below-header-display":"","ast-hfb-mobile-header-display":"","site-post-title":"","ast-breadcrumbs-content":"","ast-featured-img":"","footer-sml-layout":"","ast-disable-related-posts":"","theme-transparent-header-meta":"default","adv-header-id-meta":"","stick-header-meta":"default","header-above-stick-meta":"","header-main-stick-meta":"","header-below-stick-meta":"","astra-migrate-meta-layouts":"set","ast-page-background-enabled":"default","ast-page-background-meta":{"desktop":{"background-color":"var(--ast-global-color-4)","background-image":"","background-repeat":"repeat","background-position":"center center","background-size":"auto","background-attachment":"scroll","background-type":"","background-media":"","overlay-type":"","overlay-color":"","overlay-opacity":"","overlay-gradient":""},"tablet":{"background-color":"","background-image":"","background-repeat":"repeat","background-position":"center center","background-size":"auto","background-attachment":"scroll","background-type":"","background-media":"","overlay-type":"","overlay-color":"","overlay-opacity":"","overlay-gradient":""},"mobile":{"background-color":"","background-image":"","background-repeat":"repeat","background-position":"center center","background-size":"auto","background-attachment":"scroll","background-type":"","background-media":"","overlay-type":"","overlay-color":"","overlay-opacity":"","overlay-gradient":""}},"ast-content-background-meta":{"desktop":{"background-color":"var(--ast-global-color-5)","background-image":"","background-repeat":"repeat","background-position":"center center","background-size":"auto","background-attachment":"scroll","background-type":"","background-media":"","overlay-type":"","overlay-color":"","overlay-opacity":"","overlay-gradient":""},"tablet":{"background-color":"var(--ast-global-color-5)","background-image":"","background-repeat":"repeat","background-position":"center center","background-size":"auto","background-attachment":"scroll","background-type":"","background-media":"","overlay-type":"","overlay-color":"","overlay-opacity":"","overlay-gradient":""},"mobile":{"background-color":"var(--ast-global-color-5)","background-image":"","background-repeat":"repeat","background-position":"center center","background-size":"auto","background-attachment":"scroll","background-type":"","background-media":"","overlay-type":"","overlay-color":"","overlay-opacity":"","overlay-gradient":""}}},"product_brand":[],"product_cat":[38,41,103,58],"product_tag":[],"class_list":{"0":"post-2403","1":"product","2":"type-product","3":"status-publish","4":"has-post-thumbnail","6":"product_cat-test-measure","7":"product_cat-oscilloscope","8":"product_cat-rigol-oscilloscope","9":"product_cat-dho900","10":"desktop-align-left","11":"tablet-align-left","12":"mobile-align-left","13":"ast-product-gallery-layout-horizontal-slider","14":"ast-product-gallery-with-no-image","15":"ast-product-tabs-layout-horizontal","17":"first","18":"instock","19":"taxable","20":"shipping-taxable","21":"purchasable","22":"product-type-simple"},"yoast_head":"<!-- This site is optimized with the Yoast SEO plugin v26.2 - https:\/\/yoast.com\/wordpress\/plugins\/seo\/ -->\n<title>RIGOL DHO914 - Genatronik<\/title>\n<meta name=\"description\" content=\"The DHO900 series is RIGOL&#039;s new launched high-performance economical digital oscilloscope. Though compact in design, it has superior performance. It features a capture rate up to 1,000,000 wfms\/s (in UltraAcquire Mode), 50 Mpts memory depth, 12 bits resolution, and low noise. The DHO900 series supports 16 digital channels. One instrument can make an analysis on both the analog and digital signals to meet the embedded design and test scenarios. With an affordable price equivalent to purchasing an entry-level instrument, you can access the auto serial and parallel bus analysis, bode plot analysis, and other functions to meet the test demands in the R&amp;D, education, and scientific research fields\" \/>\n<meta name=\"robots\" content=\"index, follow, max-snippet:-1, max-image-preview:large, max-video-preview:-1\" \/>\n<link rel=\"canonical\" href=\"https:\/\/genatronik.com\/fr\/product\/dho914\/\" \/>\n<meta property=\"og:locale\" content=\"fr_FR\" \/>\n<meta property=\"og:type\" content=\"article\" \/>\n<meta property=\"og:title\" content=\"RIGOL DHO914 - Genatronik\" \/>\n<meta property=\"og:description\" content=\"The DHO900 series is RIGOL&#039;s new launched high-performance economical digital oscilloscope. Though compact in design, it has superior performance. It features a capture rate up to 1,000,000 wfms\/s (in UltraAcquire Mode), 50 Mpts memory depth, 12 bits resolution, and low noise. The DHO900 series supports 16 digital channels. One instrument can make an analysis on both the analog and digital signals to meet the embedded design and test scenarios. With an affordable price equivalent to purchasing an entry-level instrument, you can access the auto serial and parallel bus analysis, bode plot analysis, and other functions to meet the test demands in the R&amp;D, education, and scientific research fields\" \/>\n<meta property=\"og:url\" content=\"https:\/\/genatronik.com\/fr\/product\/dho914\/\" \/>\n<meta property=\"og:site_name\" content=\"Genatronik\" \/>\n<meta property=\"article:modified_time\" content=\"2025-05-13T09:09:07+00:00\" \/>\n<meta property=\"og:image\" content=\"https:\/\/genatronik.com\/wp-content\/uploads\/2024\/11\/DHO914-1600-1200.png\" \/>\n\t<meta property=\"og:image:width\" content=\"1600\" \/>\n\t<meta property=\"og:image:height\" content=\"1200\" \/>\n\t<meta property=\"og:image:type\" content=\"image\/png\" \/>\n<meta name=\"twitter:card\" content=\"summary_large_image\" \/>\n<meta name=\"twitter:label1\" content=\"Dur\u00e9e de lecture estim\u00e9e\" \/>\n\t<meta name=\"twitter:data1\" content=\"1 minute\" \/>\n<script type=\"application\/ld+json\" class=\"yoast-schema-graph\">{\"@context\":\"https:\/\/schema.org\",\"@graph\":[{\"@type\":\"WebPage\",\"@id\":\"https:\/\/genatronik.com\/en\/product\/dho914\/\",\"url\":\"https:\/\/genatronik.com\/en\/product\/dho914\/\",\"name\":\"RIGOL DHO914 - Genatronik\",\"isPartOf\":{\"@id\":\"https:\/\/genatronik.com\/en\/#website\"},\"primaryImageOfPage\":{\"@id\":\"https:\/\/genatronik.com\/en\/product\/dho914\/#primaryimage\"},\"image\":{\"@id\":\"https:\/\/genatronik.com\/en\/product\/dho914\/#primaryimage\"},\"thumbnailUrl\":\"https:\/\/genatronik.com\/wp-content\/uploads\/2024\/11\/DHO914-1600-1200.png\",\"datePublished\":\"2024-11-28T14:31:57+00:00\",\"dateModified\":\"2025-05-13T09:09:07+00:00\",\"description\":\"The DHO900 series is RIGOL's new launched high-performance economical digital oscilloscope. Though compact in design, it has superior performance. It features a capture rate up to 1,000,000 wfms\/s (in UltraAcquire Mode), 50 Mpts memory depth, 12 bits resolution, and low noise. The DHO900 series supports 16 digital channels. One instrument can make an analysis on both the analog and digital signals to meet the embedded design and test scenarios. With an affordable price equivalent to purchasing an entry-level instrument, you can access the auto serial and parallel bus analysis, bode plot analysis, and other functions to meet the test demands in the R&D, education, and scientific research fields\",\"breadcrumb\":{\"@id\":\"https:\/\/genatronik.com\/en\/product\/dho914\/#breadcrumb\"},\"inLanguage\":\"fr-FR\",\"potentialAction\":[{\"@type\":\"ReadAction\",\"target\":[\"https:\/\/genatronik.com\/en\/product\/dho914\/\"]}]},{\"@type\":\"ImageObject\",\"inLanguage\":\"fr-FR\",\"@id\":\"https:\/\/genatronik.com\/en\/product\/dho914\/#primaryimage\",\"url\":\"https:\/\/genatronik.com\/wp-content\/uploads\/2024\/11\/DHO914-1600-1200.png\",\"contentUrl\":\"https:\/\/genatronik.com\/wp-content\/uploads\/2024\/11\/DHO914-1600-1200.png\",\"width\":1600,\"height\":1200},{\"@type\":\"BreadcrumbList\",\"@id\":\"https:\/\/genatronik.com\/en\/product\/dho914\/#breadcrumb\",\"itemListElement\":[{\"@type\":\"ListItem\",\"position\":1,\"name\":\"Home\",\"item\":\"https:\/\/genatronik.com\/\"},{\"@type\":\"ListItem\",\"position\":2,\"name\":\"Produkte\",\"item\":\"https:\/\/genatronik.com\/de\/shop\/\"},{\"@type\":\"ListItem\",\"position\":3,\"name\":\"Products\",\"item\":\"https:\/\/genatronik.com\/product-category\/products\/\"},{\"@type\":\"ListItem\",\"position\":4,\"name\":\"Test &amp; Measure\",\"item\":\"https:\/\/genatronik.com\/product-category\/products\/test-measure\/\"},{\"@type\":\"ListItem\",\"position\":5,\"name\":\"Oscilloscope\",\"item\":\"https:\/\/genatronik.com\/product-category\/products\/test-measure\/oscilloscope\/\"},{\"@type\":\"ListItem\",\"position\":6,\"name\":\"Rigol Oscilloscope\",\"item\":\"https:\/\/genatronik.com\/product-category\/products\/test-measure\/oscilloscope\/rigol-oscilloscope\/\"},{\"@type\":\"ListItem\",\"position\":7,\"name\":\"DHO900 Oscilloscope\",\"item\":\"https:\/\/genatronik.com\/en\/product-category\/products\/test-measure\/oscilloscope\/rigol-oscilloscope\/dho900\/\"},{\"@type\":\"ListItem\",\"position\":8,\"name\":\"RIGOL DHO914\"}]},{\"@type\":\"WebSite\",\"@id\":\"https:\/\/genatronik.com\/en\/#website\",\"url\":\"https:\/\/genatronik.com\/en\/\",\"name\":\"Genatronik\",\"description\":\"Advanced Devices. Reliable Service.\",\"publisher\":{\"@id\":\"https:\/\/genatronik.com\/en\/#organization\"},\"potentialAction\":[{\"@type\":\"SearchAction\",\"target\":{\"@type\":\"EntryPoint\",\"urlTemplate\":\"https:\/\/genatronik.com\/en\/?s={search_term_string}\"},\"query-input\":{\"@type\":\"PropertyValueSpecification\",\"valueRequired\":true,\"valueName\":\"search_term_string\"}}],\"inLanguage\":\"fr-FR\"},{\"@type\":\"Organization\",\"@id\":\"https:\/\/genatronik.com\/en\/#organization\",\"name\":\"Genatronik\",\"url\":\"https:\/\/genatronik.com\/en\/\",\"logo\":{\"@type\":\"ImageObject\",\"inLanguage\":\"fr-FR\",\"@id\":\"https:\/\/genatronik.com\/en\/#\/schema\/logo\/image\/\",\"url\":\"https:\/\/genatronik.com\/wp-content\/uploads\/2025\/05\/genatronik_logo_header-scaled.png\",\"contentUrl\":\"https:\/\/genatronik.com\/wp-content\/uploads\/2025\/05\/genatronik_logo_header-scaled.png\",\"width\":2560,\"height\":448,\"caption\":\"Genatronik\"},\"image\":{\"@id\":\"https:\/\/genatronik.com\/en\/#\/schema\/logo\/image\/\"}}]}<\/script>\n<!-- \/ Yoast SEO plugin. -->","yoast_head_json":{"title":"RIGOL DHO914 - Genatronik","description":"La s\u00e9rie DHO900 est le nouvel oscilloscope num\u00e9rique \u00e9conomique de haute performance lanc\u00e9 par RIGOL. Bien que de conception compacte, il offre des performances sup\u00e9rieures. Il offre un taux de capture allant jusqu'\u00e0 1 000 000 wfms\/s (en mode UltraAcquire), une profondeur de m\u00e9moire de 50 Mpts, une r\u00e9solution de 12 bits et un faible niveau de bruit. La s\u00e9rie DHO900 prend en charge 16 canaux num\u00e9riques. Un seul instrument peut analyser les signaux analogiques et num\u00e9riques pour r\u00e9pondre aux sc\u00e9narios de conception et de test int\u00e9gr\u00e9s. Avec un prix abordable \u00e9quivalent \u00e0 l'achat d'un instrument d'entr\u00e9e de gamme, vous pouvez acc\u00e9der \u00e0 l'analyse automatique des bus s\u00e9rie et parall\u00e8le, \u00e0 l'analyse du diagramme de bode et \u00e0 d'autres fonctions pour r\u00e9pondre aux demandes de test dans les domaines de la R&amp;D, de l'\u00e9ducation et de la recherche scientifique.","robots":{"index":"index","follow":"follow","max-snippet":"max-snippet:-1","max-image-preview":"max-image-preview:large","max-video-preview":"max-video-preview:-1"},"canonical":"https:\/\/genatronik.com\/fr\/product\/dho914\/","og_locale":"fr_FR","og_type":"article","og_title":"RIGOL DHO914 - Genatronik","og_description":"The DHO900 series is RIGOL's new launched high-performance economical digital oscilloscope. Though compact in design, it has superior performance. It features a capture rate up to 1,000,000 wfms\/s (in UltraAcquire Mode), 50 Mpts memory depth, 12 bits resolution, and low noise. The DHO900 series supports 16 digital channels. One instrument can make an analysis on both the analog and digital signals to meet the embedded design and test scenarios. With an affordable price equivalent to purchasing an entry-level instrument, you can access the auto serial and parallel bus analysis, bode plot analysis, and other functions to meet the test demands in the R&D, education, and scientific research fields","og_url":"https:\/\/genatronik.com\/fr\/product\/dho914\/","og_site_name":"Genatronik","article_modified_time":"2025-05-13T09:09:07+00:00","og_image":[{"width":1600,"height":1200,"url":"https:\/\/genatronik.com\/wp-content\/uploads\/2024\/11\/DHO914-1600-1200.png","type":"image\/png"}],"twitter_card":"summary_large_image","twitter_misc":{"Dur\u00e9e de lecture estim\u00e9e":"1 minute"},"schema":{"@context":"https:\/\/schema.org","@graph":[{"@type":"WebPage","@id":"https:\/\/genatronik.com\/en\/product\/dho914\/","url":"https:\/\/genatronik.com\/en\/product\/dho914\/","name":"RIGOL DHO914 - Genatronik","isPartOf":{"@id":"https:\/\/genatronik.com\/en\/#website"},"primaryImageOfPage":{"@id":"https:\/\/genatronik.com\/en\/product\/dho914\/#primaryimage"},"image":{"@id":"https:\/\/genatronik.com\/en\/product\/dho914\/#primaryimage"},"thumbnailUrl":"https:\/\/genatronik.com\/wp-content\/uploads\/2024\/11\/DHO914-1600-1200.png","datePublished":"2024-11-28T14:31:57+00:00","dateModified":"2025-05-13T09:09:07+00:00","description":"La s\u00e9rie DHO900 est le nouvel oscilloscope num\u00e9rique \u00e9conomique de haute performance lanc\u00e9 par RIGOL. Bien que de conception compacte, il offre des performances sup\u00e9rieures. Il offre un taux de capture allant jusqu'\u00e0 1 000 000 wfms\/s (en mode UltraAcquire), une profondeur de m\u00e9moire de 50 Mpts, une r\u00e9solution de 12 bits et un faible niveau de bruit. La s\u00e9rie DHO900 prend en charge 16 canaux num\u00e9riques. Un seul instrument peut analyser les signaux analogiques et num\u00e9riques pour r\u00e9pondre aux sc\u00e9narios de conception et de test int\u00e9gr\u00e9s. Avec un prix abordable \u00e9quivalent \u00e0 l'achat d'un instrument d'entr\u00e9e de gamme, vous pouvez acc\u00e9der \u00e0 l'analyse automatique des bus s\u00e9rie et parall\u00e8le, \u00e0 l'analyse du diagramme de bode et \u00e0 d'autres fonctions pour r\u00e9pondre aux demandes de test dans les domaines de la R&amp;D, de l'\u00e9ducation et de la recherche scientifique.","breadcrumb":{"@id":"https:\/\/genatronik.com\/en\/product\/dho914\/#breadcrumb"},"inLanguage":"fr-FR","potentialAction":[{"@type":"ReadAction","target":["https:\/\/genatronik.com\/en\/product\/dho914\/"]}]},{"@type":"ImageObject","inLanguage":"fr-FR","@id":"https:\/\/genatronik.com\/en\/product\/dho914\/#primaryimage","url":"https:\/\/genatronik.com\/wp-content\/uploads\/2024\/11\/DHO914-1600-1200.png","contentUrl":"https:\/\/genatronik.com\/wp-content\/uploads\/2024\/11\/DHO914-1600-1200.png","width":1600,"height":1200},{"@type":"BreadcrumbList","@id":"https:\/\/genatronik.com\/en\/product\/dho914\/#breadcrumb","itemListElement":[{"@type":"ListItem","position":1,"name":"Home","item":"https:\/\/genatronik.com\/"},{"@type":"ListItem","position":2,"name":"Produkte","item":"https:\/\/genatronik.com\/de\/shop\/"},{"@type":"ListItem","position":3,"name":"Products","item":"https:\/\/genatronik.com\/product-category\/products\/"},{"@type":"ListItem","position":4,"name":"Test &amp; Measure","item":"https:\/\/genatronik.com\/product-category\/products\/test-measure\/"},{"@type":"ListItem","position":5,"name":"Oscilloscope","item":"https:\/\/genatronik.com\/product-category\/products\/test-measure\/oscilloscope\/"},{"@type":"ListItem","position":6,"name":"Rigol Oscilloscope","item":"https:\/\/genatronik.com\/product-category\/products\/test-measure\/oscilloscope\/rigol-oscilloscope\/"},{"@type":"ListItem","position":7,"name":"DHO900 Oscilloscope","item":"https:\/\/genatronik.com\/en\/product-category\/products\/test-measure\/oscilloscope\/rigol-oscilloscope\/dho900\/"},{"@type":"ListItem","position":8,"name":"RIGOL DHO914"}]},{"@type":"WebSite","@id":"https:\/\/genatronik.com\/en\/#website","url":"https:\/\/genatronik.com\/en\/","name":"Genatronik","description":"Dispositifs avanc\u00e9s. Un service fiable.","publisher":{"@id":"https:\/\/genatronik.com\/en\/#organization"},"potentialAction":[{"@type":"SearchAction","target":{"@type":"EntryPoint","urlTemplate":"https:\/\/genatronik.com\/en\/?s={search_term_string}"},"query-input":{"@type":"PropertyValueSpecification","valueRequired":true,"valueName":"search_term_string"}}],"inLanguage":"fr-FR"},{"@type":"Organization","@id":"https:\/\/genatronik.com\/en\/#organization","name":"Genatronik","url":"https:\/\/genatronik.com\/en\/","logo":{"@type":"ImageObject","inLanguage":"fr-FR","@id":"https:\/\/genatronik.com\/en\/#\/schema\/logo\/image\/","url":"https:\/\/genatronik.com\/wp-content\/uploads\/2025\/05\/genatronik_logo_header-scaled.png","contentUrl":"https:\/\/genatronik.com\/wp-content\/uploads\/2025\/05\/genatronik_logo_header-scaled.png","width":2560,"height":448,"caption":"Genatronik"},"image":{"@id":"https:\/\/genatronik.com\/en\/#\/schema\/logo\/image\/"}}]}},"uagb_featured_image_src":{"full":["https:\/\/genatronik.com\/wp-content\/uploads\/2024\/11\/DHO914-1600-1200.png",1600,1200,false],"thumbnail":["https:\/\/genatronik.com\/wp-content\/uploads\/2024\/11\/DHO914-1600-1200-150x150.png",150,150,true],"medium":["https:\/\/genatronik.com\/wp-content\/uploads\/2024\/11\/DHO914-1600-1200-300x225.png",300,225,true],"medium_large":["https:\/\/genatronik.com\/wp-content\/uploads\/2024\/11\/DHO914-1600-1200-768x576.png",768,576,true],"large":["https:\/\/genatronik.com\/wp-content\/uploads\/2024\/11\/DHO914-1600-1200-1024x768.png",1024,768,true],"1536x1536":["https:\/\/genatronik.com\/wp-content\/uploads\/2024\/11\/DHO914-1600-1200-1536x1152.png",1536,1152,true],"2048x2048":["https:\/\/genatronik.com\/wp-content\/uploads\/2024\/11\/DHO914-1600-1200.png",1600,1200,false],"trp-custom-language-flag":["https:\/\/genatronik.com\/wp-content\/uploads\/2024\/11\/DHO914-1600-1200.png",16,12,false],"tp-image-grid":["https:\/\/genatronik.com\/wp-content\/uploads\/2024\/11\/DHO914-1600-1200-700x700.png",700,700,true],"woocommerce_thumbnail":["https:\/\/genatronik.com\/wp-content\/uploads\/2024\/11\/DHO914-1600-1200-300x225.png",300,225,true],"woocommerce_single":["https:\/\/genatronik.com\/wp-content\/uploads\/2024\/11\/DHO914-1600-1200-600x450.png",600,450,true],"woocommerce_gallery_thumbnail":["https:\/\/genatronik.com\/wp-content\/uploads\/2024\/11\/DHO914-1600-1200-100x100.png",100,100,true]},"uagb_author_info":{"display_name":"guanyuan zhu","author_link":"https:\/\/genatronik.com\/fr\/author\/"},"uagb_comment_info":0,"uagb_excerpt":"4 channel oscilloscope with 125 MHz Bandwidth, 1.25 GSa\/s sample rate, 12 Bit A\/D converter, 50 Mpts memory depth and a 17.8 cm touchdisplay 1024x600 pixel. Serial decoders for I\u00b2C, SPI and RS232\/UART, CAN and LIN are already included!","jetpack_sharing_enabled":true,"_links":{"self":[{"href":"https:\/\/genatronik.com\/fr\/wp-json\/wp\/v2\/product\/2403","targetHints":{"allow":["GET"]}}],"collection":[{"href":"https:\/\/genatronik.com\/fr\/wp-json\/wp\/v2\/product"}],"about":[{"href":"https:\/\/genatronik.com\/fr\/wp-json\/wp\/v2\/types\/product"}],"replies":[{"embeddable":true,"href":"https:\/\/genatronik.com\/fr\/wp-json\/wp\/v2\/comments?post=2403"}],"version-history":[{"count":6,"href":"https:\/\/genatronik.com\/fr\/wp-json\/wp\/v2\/product\/2403\/revisions"}],"predecessor-version":[{"id":7090,"href":"https:\/\/genatronik.com\/fr\/wp-json\/wp\/v2\/product\/2403\/revisions\/7090"}],"wp:featuredmedia":[{"embeddable":true,"href":"https:\/\/genatronik.com\/fr\/wp-json\/wp\/v2\/media\/3656"}],"wp:attachment":[{"href":"https:\/\/genatronik.com\/fr\/wp-json\/wp\/v2\/media?parent=2403"}],"wp:term":[{"taxonomy":"product_brand","embeddable":true,"href":"https:\/\/genatronik.com\/fr\/wp-json\/wp\/v2\/product_brand?post=2403"},{"taxonomy":"product_cat","embeddable":true,"href":"https:\/\/genatronik.com\/fr\/wp-json\/wp\/v2\/product_cat?post=2403"},{"taxonomy":"product_tag","embeddable":true,"href":"https:\/\/genatronik.com\/fr\/wp-json\/wp\/v2\/product_tag?post=2403"}],"curies":[{"name":"wp","href":"https:\/\/api.w.org\/{rel}","templated":true}]}}