{"id":2038,"date":"2024-11-12T15:28:02","date_gmt":"2024-11-12T07:28:02","guid":{"rendered":"https:\/\/genatronik.com\/?post_type=product&#038;p=2038"},"modified":"2025-05-15T10:45:44","modified_gmt":"2025-05-15T08:45:44","slug":"dho4804","status":"publish","type":"product","link":"https:\/\/genatronik.com\/fr\/product\/dho4804\/","title":{"rendered":"Rigol DHO4804"},"content":{"rendered":"<p>Nouvelle puce \"Centaurus\" d\u00e9velopp\u00e9e par RIGOL<br \/>\nLargeur de bande du canal analogique : 800 MHz<br \/>\n4 canaux analogiques et 1 canal EXT<br \/>\nR\u00e9solution verticale de 12 bits<br \/>\nTaux d'\u00e9chantillonnage en temps r\u00e9el jusqu'\u00e0 4 GSa\/s<br \/>\nPlancher de bruit ultra-faible \u00e0 18 \u03bcVrms au minimum.<br \/>\nProfondeur de m\u00e9moire jusqu'\u00e0 500 Mpts (en option)<br \/>\nSensibilit\u00e9 verticale minimale : 100 \u03bcV\/div<br \/>\nTaux de capture de formes d'ondes jusqu'\u00e0 1 500 000 wfms\/s avec le mode UltraAcquire<br \/>\n\u00c9cran tactile HD de 10,1 pouces 1280*800<br \/>\nBoutons Flex conviviaux, pour une interaction plus fluide<br \/>\nBoutons de commande du codeur photo\u00e9lectrique standard, prolongeant efficacement sa dur\u00e9e de vie.<br \/>\nInterfaces standard USB Device &amp; Host, LAN et HDMI<br \/>\nBatterie optionnelle dans un bo\u00eetier tr\u00e8s portable pour une libert\u00e9 illimit\u00e9e<br \/>\nPrise en charge de la mise \u00e0 jour de la version en ligne<\/p>","protected":false},"excerpt":{"rendered":"<h6>Oscilloscope 4 voies avec une bande passante de 800 MHz, une fr\u00e9quence d'\u00e9chantillonnage de 4 GSa\/s, un convertisseur A\/N 12 bits, une profondeur de m\u00e9moire de 250 Mpts (500 Mpts en option) et un \u00e9cran tactile de 25,7 cm de 1280\u00d7800 pixels. Les d\u00e9codeurs s\u00e9rie pour I\u00b2C, SPI, RS232\/UART et CAN sont d\u00e9j\u00e0 inclus !<\/h6>","protected":false},"featured_media":3658,"comment_status":"open","ping_status":"closed","template":"","meta":{"_surecart_dashboard_logo_width":"180px","_surecart_dashboard_show_logo":true,"_surecart_dashboard_navigation_orders":true,"_surecart_dashboard_navigation_invoices":true,"_surecart_dashboard_navigation_subscriptions":true,"_surecart_dashboard_navigation_downloads":true,"_surecart_dashboard_navigation_billing":true,"_surecart_dashboard_navigation_account":true,"_uag_custom_page_level_css":"","site-sidebar-layout":"default","site-content-layout":"","ast-site-content-layout":"default","site-content-style":"default","site-sidebar-style":"default","ast-global-header-display":"","ast-banner-title-visibility":"","ast-main-header-display":"","ast-hfb-above-header-display":"","ast-hfb-below-header-display":"","ast-hfb-mobile-header-display":"","site-post-title":"","ast-breadcrumbs-content":"","ast-featured-img":"","footer-sml-layout":"","ast-disable-related-posts":"","theme-transparent-header-meta":"default","adv-header-id-meta":"","stick-header-meta":"default","header-above-stick-meta":"","header-main-stick-meta":"","header-below-stick-meta":"","astra-migrate-meta-layouts":"set","ast-page-background-enabled":"default","ast-page-background-meta":{"desktop":{"background-color":"var(--ast-global-color-4)","background-image":"","background-repeat":"repeat","background-position":"center center","background-size":"auto","background-attachment":"scroll","background-type":"","background-media":"","overlay-type":"","overlay-color":"","overlay-opacity":"","overlay-gradient":""},"tablet":{"background-color":"","background-image":"","background-repeat":"repeat","background-position":"center center","background-size":"auto","background-attachment":"scroll","background-type":"","background-media":"","overlay-type":"","overlay-color":"","overlay-opacity":"","overlay-gradient":""},"mobile":{"background-color":"","background-image":"","background-repeat":"repeat","background-position":"center center","background-size":"auto","background-attachment":"scroll","background-type":"","background-media":"","overlay-type":"","overlay-color":"","overlay-opacity":"","overlay-gradient":""}},"ast-content-background-meta":{"desktop":{"background-color":"var(--ast-global-color-5)","background-image":"","background-repeat":"repeat","background-position":"center center","background-size":"auto","background-attachment":"scroll","background-type":"","background-media":"","overlay-type":"","overlay-color":"","overlay-opacity":"","overlay-gradient":""},"tablet":{"background-color":"var(--ast-global-color-5)","background-image":"","background-repeat":"repeat","background-position":"center center","background-size":"auto","background-attachment":"scroll","background-type":"","background-media":"","overlay-type":"","overlay-color":"","overlay-opacity":"","overlay-gradient":""},"mobile":{"background-color":"var(--ast-global-color-5)","background-image":"","background-repeat":"repeat","background-position":"center center","background-size":"auto","background-attachment":"scroll","background-type":"","background-media":"","overlay-type":"","overlay-color":"","overlay-opacity":"","overlay-gradient":""}}},"product_brand":[],"product_cat":[41,103,60],"product_tag":[],"class_list":{"0":"post-2038","1":"product","2":"type-product","3":"status-publish","4":"has-post-thumbnail","6":"product_cat-oscilloscope","7":"product_cat-rigol-oscilloscope","8":"product_cat-dho4000","9":"desktop-align-left","10":"tablet-align-left","11":"mobile-align-left","12":"ast-product-gallery-layout-horizontal-slider","13":"ast-product-gallery-with-no-image","14":"ast-product-tabs-layout-horizontal","16":"first","17":"instock","18":"taxable","19":"shipping-taxable","20":"purchasable","21":"product-type-simple"},"yoast_head":"<!-- This site is optimized with the Yoast SEO plugin v26.2 - https:\/\/yoast.com\/wordpress\/plugins\/seo\/ -->\n<title>Rigol DHO4804 - Genatronik<\/title>\n<meta name=\"description\" content=\"The DHO4000 series digital oscilloscope adopts RIGOL&#039;s chipset &quot;Centaurus&quot;, delivering excellent performance with a maximum sample rate of 4 GSa\/s, 800 MHz bandwidth.RIGOL&#039;s brand new UltraVison III technical platform guarantees the specifications to reach the advanced level in the industry, with the capture rate up to 1,500,000 wfms\/s, 500 Mpts memory depth, 12 bits resolution.\" \/>\n<meta name=\"robots\" content=\"index, follow, max-snippet:-1, max-image-preview:large, max-video-preview:-1\" \/>\n<link rel=\"canonical\" href=\"https:\/\/genatronik.com\/fr\/product\/dho4804\/\" \/>\n<meta property=\"og:locale\" content=\"fr_FR\" \/>\n<meta property=\"og:type\" content=\"article\" \/>\n<meta property=\"og:title\" content=\"Rigol DHO4804 - Genatronik\" \/>\n<meta property=\"og:description\" content=\"The DHO4000 series digital oscilloscope adopts RIGOL&#039;s chipset &quot;Centaurus&quot;, delivering excellent performance with a maximum sample rate of 4 GSa\/s, 800 MHz bandwidth.RIGOL&#039;s brand new UltraVison III technical platform guarantees the specifications to reach the advanced level in the industry, with the capture rate up to 1,500,000 wfms\/s, 500 Mpts memory depth, 12 bits resolution.\" \/>\n<meta property=\"og:url\" content=\"https:\/\/genatronik.com\/fr\/product\/dho4804\/\" \/>\n<meta property=\"og:site_name\" content=\"Genatronik\" \/>\n<meta property=\"article:modified_time\" content=\"2025-05-15T08:45:44+00:00\" \/>\n<meta property=\"og:image\" content=\"https:\/\/genatronik.com\/wp-content\/uploads\/2024\/11\/dho4804-1600-1200.png\" \/>\n\t<meta property=\"og:image:width\" content=\"1600\" \/>\n\t<meta property=\"og:image:height\" content=\"1200\" \/>\n\t<meta property=\"og:image:type\" content=\"image\/png\" \/>\n<meta name=\"twitter:card\" content=\"summary_large_image\" \/>\n<meta name=\"twitter:label1\" content=\"Dur\u00e9e de lecture estim\u00e9e\" \/>\n\t<meta name=\"twitter:data1\" content=\"1 minute\" \/>\n<script type=\"application\/ld+json\" class=\"yoast-schema-graph\">{\"@context\":\"https:\/\/schema.org\",\"@graph\":[{\"@type\":\"WebPage\",\"@id\":\"https:\/\/genatronik.com\/en\/product\/dho4804\/\",\"url\":\"https:\/\/genatronik.com\/en\/product\/dho4804\/\",\"name\":\"Rigol DHO4804 - Genatronik\",\"isPartOf\":{\"@id\":\"https:\/\/genatronik.com\/en\/#website\"},\"primaryImageOfPage\":{\"@id\":\"https:\/\/genatronik.com\/en\/product\/dho4804\/#primaryimage\"},\"image\":{\"@id\":\"https:\/\/genatronik.com\/en\/product\/dho4804\/#primaryimage\"},\"thumbnailUrl\":\"https:\/\/genatronik.com\/wp-content\/uploads\/2024\/11\/dho4804-1600-1200.png\",\"datePublished\":\"2024-11-12T07:28:02+00:00\",\"dateModified\":\"2025-05-15T08:45:44+00:00\",\"description\":\"The DHO4000 series digital oscilloscope adopts RIGOL's chipset \\\"Centaurus\\\", delivering excellent performance with a maximum sample rate of 4 GSa\/s, 800 MHz bandwidth.RIGOL's brand new UltraVison III technical platform guarantees the specifications to reach the advanced level in the industry, with the capture rate up to 1,500,000 wfms\/s, 500 Mpts memory depth, 12 bits resolution.\",\"breadcrumb\":{\"@id\":\"https:\/\/genatronik.com\/en\/product\/dho4804\/#breadcrumb\"},\"inLanguage\":\"fr-FR\",\"potentialAction\":[{\"@type\":\"ReadAction\",\"target\":[\"https:\/\/genatronik.com\/en\/product\/dho4804\/\"]}]},{\"@type\":\"ImageObject\",\"inLanguage\":\"fr-FR\",\"@id\":\"https:\/\/genatronik.com\/en\/product\/dho4804\/#primaryimage\",\"url\":\"https:\/\/genatronik.com\/wp-content\/uploads\/2024\/11\/dho4804-1600-1200.png\",\"contentUrl\":\"https:\/\/genatronik.com\/wp-content\/uploads\/2024\/11\/dho4804-1600-1200.png\",\"width\":1600,\"height\":1200},{\"@type\":\"BreadcrumbList\",\"@id\":\"https:\/\/genatronik.com\/en\/product\/dho4804\/#breadcrumb\",\"itemListElement\":[{\"@type\":\"ListItem\",\"position\":1,\"name\":\"Home\",\"item\":\"https:\/\/genatronik.com\/\"},{\"@type\":\"ListItem\",\"position\":2,\"name\":\"Produkte\",\"item\":\"https:\/\/genatronik.com\/de\/shop\/\"},{\"@type\":\"ListItem\",\"position\":3,\"name\":\"Products\",\"item\":\"https:\/\/genatronik.com\/product-category\/products\/\"},{\"@type\":\"ListItem\",\"position\":4,\"name\":\"Test &amp; Measure\",\"item\":\"https:\/\/genatronik.com\/product-category\/products\/test-measure\/\"},{\"@type\":\"ListItem\",\"position\":5,\"name\":\"Oscilloscope\",\"item\":\"https:\/\/genatronik.com\/product-category\/products\/test-measure\/oscilloscope\/\"},{\"@type\":\"ListItem\",\"position\":6,\"name\":\"Rigol Oscilloscope\",\"item\":\"https:\/\/genatronik.com\/product-category\/products\/test-measure\/oscilloscope\/rigol-oscilloscope\/\"},{\"@type\":\"ListItem\",\"position\":7,\"name\":\"DHO4000 Oscilloscope\",\"item\":\"https:\/\/genatronik.com\/en\/product-category\/products\/test-measure\/oscilloscope\/rigol-oscilloscope\/dho4000\/\"},{\"@type\":\"ListItem\",\"position\":8,\"name\":\"Rigol DHO4804\"}]},{\"@type\":\"WebSite\",\"@id\":\"https:\/\/genatronik.com\/en\/#website\",\"url\":\"https:\/\/genatronik.com\/en\/\",\"name\":\"Genatronik\",\"description\":\"Advanced Devices. Reliable Service.\",\"publisher\":{\"@id\":\"https:\/\/genatronik.com\/en\/#organization\"},\"potentialAction\":[{\"@type\":\"SearchAction\",\"target\":{\"@type\":\"EntryPoint\",\"urlTemplate\":\"https:\/\/genatronik.com\/en\/?s={search_term_string}\"},\"query-input\":{\"@type\":\"PropertyValueSpecification\",\"valueRequired\":true,\"valueName\":\"search_term_string\"}}],\"inLanguage\":\"fr-FR\"},{\"@type\":\"Organization\",\"@id\":\"https:\/\/genatronik.com\/en\/#organization\",\"name\":\"Genatronik\",\"url\":\"https:\/\/genatronik.com\/en\/\",\"logo\":{\"@type\":\"ImageObject\",\"inLanguage\":\"fr-FR\",\"@id\":\"https:\/\/genatronik.com\/en\/#\/schema\/logo\/image\/\",\"url\":\"https:\/\/genatronik.com\/wp-content\/uploads\/2025\/05\/genatronik_logo_header-scaled.png\",\"contentUrl\":\"https:\/\/genatronik.com\/wp-content\/uploads\/2025\/05\/genatronik_logo_header-scaled.png\",\"width\":2560,\"height\":448,\"caption\":\"Genatronik\"},\"image\":{\"@id\":\"https:\/\/genatronik.com\/en\/#\/schema\/logo\/image\/\"}}]}<\/script>\n<!-- \/ Yoast SEO plugin. -->","yoast_head_json":{"title":"Rigol DHO4804 - Genatronik","description":"L'oscilloscope num\u00e9rique de la s\u00e9rie DHO4000 adopte le chipset \"Centaurus\" de RIGOL, offrant d'excellentes performances avec une fr\u00e9quence d'\u00e9chantillonnage maximale de 4 GSa\/s, une bande passante de 800 MHz. La toute nouvelle plate-forme technique UltraVison III de RIGOL garantit que les sp\u00e9cifications atteignent le niveau le plus avanc\u00e9 de l'industrie, avec un taux de capture allant jusqu'\u00e0 1 500 000 wfms\/s, une profondeur de m\u00e9moire de 500 Mpts, une r\u00e9solution de 12 bits.","robots":{"index":"index","follow":"follow","max-snippet":"max-snippet:-1","max-image-preview":"max-image-preview:large","max-video-preview":"max-video-preview:-1"},"canonical":"https:\/\/genatronik.com\/fr\/product\/dho4804\/","og_locale":"fr_FR","og_type":"article","og_title":"Rigol DHO4804 - Genatronik","og_description":"The DHO4000 series digital oscilloscope adopts RIGOL's chipset \"Centaurus\", delivering excellent performance with a maximum sample rate of 4 GSa\/s, 800 MHz bandwidth.RIGOL's brand new UltraVison III technical platform guarantees the specifications to reach the advanced level in the industry, with the capture rate up to 1,500,000 wfms\/s, 500 Mpts memory depth, 12 bits resolution.","og_url":"https:\/\/genatronik.com\/fr\/product\/dho4804\/","og_site_name":"Genatronik","article_modified_time":"2025-05-15T08:45:44+00:00","og_image":[{"width":1600,"height":1200,"url":"https:\/\/genatronik.com\/wp-content\/uploads\/2024\/11\/dho4804-1600-1200.png","type":"image\/png"}],"twitter_card":"summary_large_image","twitter_misc":{"Dur\u00e9e de lecture estim\u00e9e":"1 minute"},"schema":{"@context":"https:\/\/schema.org","@graph":[{"@type":"WebPage","@id":"https:\/\/genatronik.com\/en\/product\/dho4804\/","url":"https:\/\/genatronik.com\/en\/product\/dho4804\/","name":"Rigol DHO4804 - Genatronik","isPartOf":{"@id":"https:\/\/genatronik.com\/en\/#website"},"primaryImageOfPage":{"@id":"https:\/\/genatronik.com\/en\/product\/dho4804\/#primaryimage"},"image":{"@id":"https:\/\/genatronik.com\/en\/product\/dho4804\/#primaryimage"},"thumbnailUrl":"https:\/\/genatronik.com\/wp-content\/uploads\/2024\/11\/dho4804-1600-1200.png","datePublished":"2024-11-12T07:28:02+00:00","dateModified":"2025-05-15T08:45:44+00:00","description":"L'oscilloscope num\u00e9rique de la s\u00e9rie DHO4000 adopte le chipset \"Centaurus\" de RIGOL, offrant d'excellentes performances avec une fr\u00e9quence d'\u00e9chantillonnage maximale de 4 GSa\/s, une bande passante de 800 MHz. La toute nouvelle plate-forme technique UltraVison III de RIGOL garantit que les sp\u00e9cifications atteignent le niveau le plus avanc\u00e9 de l'industrie, avec un taux de capture allant jusqu'\u00e0 1 500 000 wfms\/s, une profondeur de m\u00e9moire de 500 Mpts, une r\u00e9solution de 12 bits.","breadcrumb":{"@id":"https:\/\/genatronik.com\/en\/product\/dho4804\/#breadcrumb"},"inLanguage":"fr-FR","potentialAction":[{"@type":"ReadAction","target":["https:\/\/genatronik.com\/en\/product\/dho4804\/"]}]},{"@type":"ImageObject","inLanguage":"fr-FR","@id":"https:\/\/genatronik.com\/en\/product\/dho4804\/#primaryimage","url":"https:\/\/genatronik.com\/wp-content\/uploads\/2024\/11\/dho4804-1600-1200.png","contentUrl":"https:\/\/genatronik.com\/wp-content\/uploads\/2024\/11\/dho4804-1600-1200.png","width":1600,"height":1200},{"@type":"BreadcrumbList","@id":"https:\/\/genatronik.com\/en\/product\/dho4804\/#breadcrumb","itemListElement":[{"@type":"ListItem","position":1,"name":"Home","item":"https:\/\/genatronik.com\/"},{"@type":"ListItem","position":2,"name":"Produkte","item":"https:\/\/genatronik.com\/de\/shop\/"},{"@type":"ListItem","position":3,"name":"Products","item":"https:\/\/genatronik.com\/product-category\/products\/"},{"@type":"ListItem","position":4,"name":"Test &amp; Measure","item":"https:\/\/genatronik.com\/product-category\/products\/test-measure\/"},{"@type":"ListItem","position":5,"name":"Oscilloscope","item":"https:\/\/genatronik.com\/product-category\/products\/test-measure\/oscilloscope\/"},{"@type":"ListItem","position":6,"name":"Rigol Oscilloscope","item":"https:\/\/genatronik.com\/product-category\/products\/test-measure\/oscilloscope\/rigol-oscilloscope\/"},{"@type":"ListItem","position":7,"name":"DHO4000 Oscilloscope","item":"https:\/\/genatronik.com\/en\/product-category\/products\/test-measure\/oscilloscope\/rigol-oscilloscope\/dho4000\/"},{"@type":"ListItem","position":8,"name":"Rigol DHO4804"}]},{"@type":"WebSite","@id":"https:\/\/genatronik.com\/en\/#website","url":"https:\/\/genatronik.com\/en\/","name":"Genatronik","description":"Dispositifs avanc\u00e9s. Un service fiable.","publisher":{"@id":"https:\/\/genatronik.com\/en\/#organization"},"potentialAction":[{"@type":"SearchAction","target":{"@type":"EntryPoint","urlTemplate":"https:\/\/genatronik.com\/en\/?s={search_term_string}"},"query-input":{"@type":"PropertyValueSpecification","valueRequired":true,"valueName":"search_term_string"}}],"inLanguage":"fr-FR"},{"@type":"Organization","@id":"https:\/\/genatronik.com\/en\/#organization","name":"Genatronik","url":"https:\/\/genatronik.com\/en\/","logo":{"@type":"ImageObject","inLanguage":"fr-FR","@id":"https:\/\/genatronik.com\/en\/#\/schema\/logo\/image\/","url":"https:\/\/genatronik.com\/wp-content\/uploads\/2025\/05\/genatronik_logo_header-scaled.png","contentUrl":"https:\/\/genatronik.com\/wp-content\/uploads\/2025\/05\/genatronik_logo_header-scaled.png","width":2560,"height":448,"caption":"Genatronik"},"image":{"@id":"https:\/\/genatronik.com\/en\/#\/schema\/logo\/image\/"}}]}},"uagb_featured_image_src":{"full":["https:\/\/genatronik.com\/wp-content\/uploads\/2024\/11\/dho4804-1600-1200.png",1600,1200,false],"thumbnail":["https:\/\/genatronik.com\/wp-content\/uploads\/2024\/11\/dho4804-1600-1200-150x150.png",150,150,true],"medium":["https:\/\/genatronik.com\/wp-content\/uploads\/2024\/11\/dho4804-1600-1200-300x225.png",300,225,true],"medium_large":["https:\/\/genatronik.com\/wp-content\/uploads\/2024\/11\/dho4804-1600-1200-768x576.png",768,576,true],"large":["https:\/\/genatronik.com\/wp-content\/uploads\/2024\/11\/dho4804-1600-1200-1024x768.png",1024,768,true],"1536x1536":["https:\/\/genatronik.com\/wp-content\/uploads\/2024\/11\/dho4804-1600-1200-1536x1152.png",1536,1152,true],"2048x2048":["https:\/\/genatronik.com\/wp-content\/uploads\/2024\/11\/dho4804-1600-1200.png",1600,1200,false],"trp-custom-language-flag":["https:\/\/genatronik.com\/wp-content\/uploads\/2024\/11\/dho4804-1600-1200.png",16,12,false],"tp-image-grid":["https:\/\/genatronik.com\/wp-content\/uploads\/2024\/11\/dho4804-1600-1200-700x700.png",700,700,true],"woocommerce_thumbnail":["https:\/\/genatronik.com\/wp-content\/uploads\/2024\/11\/dho4804-1600-1200-300x225.png",300,225,true],"woocommerce_single":["https:\/\/genatronik.com\/wp-content\/uploads\/2024\/11\/dho4804-1600-1200-600x450.png",600,450,true],"woocommerce_gallery_thumbnail":["https:\/\/genatronik.com\/wp-content\/uploads\/2024\/11\/dho4804-1600-1200-100x100.png",100,100,true]},"uagb_author_info":{"display_name":"xinhua zhang","author_link":"https:\/\/genatronik.com\/fr\/author\/"},"uagb_comment_info":0,"uagb_excerpt":"4 channel oscilloscope with 800 MHz Bandwidth, 4 GSa\/s sample rate, 12 Bit A\/D converter, 250 Mpts memory depth (500 Mpts optional) and a 25.7 cm touchdisplay 1280x800 pixel. Serial decoders for I\u00b2C, SPI, RS232\/UART and CAN are already included!","jetpack_sharing_enabled":true,"_links":{"self":[{"href":"https:\/\/genatronik.com\/fr\/wp-json\/wp\/v2\/product\/2038","targetHints":{"allow":["GET"]}}],"collection":[{"href":"https:\/\/genatronik.com\/fr\/wp-json\/wp\/v2\/product"}],"about":[{"href":"https:\/\/genatronik.com\/fr\/wp-json\/wp\/v2\/types\/product"}],"replies":[{"embeddable":true,"href":"https:\/\/genatronik.com\/fr\/wp-json\/wp\/v2\/comments?post=2038"}],"version-history":[{"count":9,"href":"https:\/\/genatronik.com\/fr\/wp-json\/wp\/v2\/product\/2038\/revisions"}],"predecessor-version":[{"id":7093,"href":"https:\/\/genatronik.com\/fr\/wp-json\/wp\/v2\/product\/2038\/revisions\/7093"}],"wp:featuredmedia":[{"embeddable":true,"href":"https:\/\/genatronik.com\/fr\/wp-json\/wp\/v2\/media\/3658"}],"wp:attachment":[{"href":"https:\/\/genatronik.com\/fr\/wp-json\/wp\/v2\/media?parent=2038"}],"wp:term":[{"taxonomy":"product_brand","embeddable":true,"href":"https:\/\/genatronik.com\/fr\/wp-json\/wp\/v2\/product_brand?post=2038"},{"taxonomy":"product_cat","embeddable":true,"href":"https:\/\/genatronik.com\/fr\/wp-json\/wp\/v2\/product_cat?post=2038"},{"taxonomy":"product_tag","embeddable":true,"href":"https:\/\/genatronik.com\/fr\/wp-json\/wp\/v2\/product_tag?post=2038"}],"curies":[{"name":"wp","href":"https:\/\/api.w.org\/{rel}","templated":true}]}}