{"id":6036,"date":"2025-04-07T16:43:11","date_gmt":"2025-04-07T14:43:11","guid":{"rendered":"https:\/\/genatronik.com\/?page_id=6036"},"modified":"2025-04-07T16:48:08","modified_gmt":"2025-04-07T14:48:08","slug":"remboursements","status":"publish","type":"page","link":"https:\/\/genatronik.com\/fr\/remboursements\/","title":{"rendered":"Politique de remboursement et de retour"},"content":{"rendered":"<div data-elementor-type=\"wp-page\" data-elementor-id=\"6036\" class=\"elementor elementor-6036\" data-elementor-post-type=\"page\">\n\t\t\t\t<div class=\"elementor-element elementor-element-9d63f87 e-flex e-con-boxed e-con e-parent\" data-id=\"9d63f87\" data-element_type=\"container\">\n\t\t\t\t\t<div class=\"e-con-inner\">\n\t\t\t\t<div class=\"elementor-element elementor-element-84d18f9 elementor-widget elementor-widget-heading\" data-id=\"84d18f9\" data-element_type=\"widget\" data-widget_type=\"heading.default\">\n\t\t\t\t<div class=\"elementor-widget-container\">\n\t\t\t\t\t<h2 class=\"elementor-heading-title elementor-size-default\">Politique de remboursement et de retour<\/h2>\t\t\t\t<\/div>\n\t\t\t\t<\/div>\n\t\t\t\t<div class=\"elementor-element elementor-element-811da8d elementor-widget elementor-widget-text-editor\" data-id=\"811da8d\" data-element_type=\"widget\" data-widget_type=\"text-editor.default\">\n\t\t\t\t<div class=\"elementor-widget-container\">\n\t\t\t\t\t\t\t\t\t<p>Notre promesse \u00e0 nos pr\u00e9cieux clients :<\/p><p>Nous nous engageons \u00e0 \u00eatre votre partenaire de confiance en vous fournissant des produits de haute qualit\u00e9 au prix le plus bas, le service et la commodit\u00e9 que vous m\u00e9ritez. Si vous n'\u00eates pas enti\u00e8rement satisfait de votre achat, nous sommes l\u00e0 pour vous aider avec un \u00e9change, un retour ou une r\u00e9paration. Si vous avez re\u00e7u un article dont vous n'\u00eates pas satisfait, veuillez contacter le service client\u00e8le par e-mail Info@genatronik.com.<\/p><p>Retours<\/p><p>\u25c6 Tant que les produits ne sont pas endommag\u00e9s par l'homme, nous pouvons effectuer le remboursement pour n'importe quelle raison dans les 30 jours suivant la r\u00e9ception des produits.Mais vous devez payer des frais express.Notre politique dure 30 jours. Si 30 jours se sont \u00e9coul\u00e9s depuis que vous avez re\u00e7u le produit, malheureusement nous ne pouvons pas vous offrir un remboursement ou un \u00e9change.<\/p><p>Retour pour \u00e9change (le cas \u00e9ch\u00e9ant)<\/p><p>Nous ne rempla\u00e7ons les articles que s'ils sont d\u00e9fectueux ou endommag\u00e9s. Si vous souhaitez l'\u00e9changer contre le m\u00eame article, n'h\u00e9sitez pas \u00e0 nous contacter \u00e0 l'adresse Info@genatronik.com, nous nous ferons un plaisir de vous aider.<\/p><p>Veuillez nous contacter par e-mail pour demander une adresse de retour avant de nous renvoyer le produit.<\/p><p>Courriel : Info@genatronik.com<\/p><p>Nous ne pouvons pas effectuer de remboursement si l'une des deux situations suivantes se produit.<\/p><ol><li>Envoyer des produits \u00e0 une mauvaise adresse (y compris retourner directement au lieu d'exp\u00e9dition sans nous contacter).<\/li><li>Choisissez la m\u00e9thode de retour pour le contre-remboursement.<\/li><\/ol><p>Remboursements (le cas \u00e9ch\u00e9ant)<\/p><p>\u25c6 Une fois votre retour re\u00e7u et inspect\u00e9, nous vous enverrons un e-mail pour vous informer que nous avons re\u00e7u votre article retourn\u00e9. Si vous \u00eates approuv\u00e9, votre remboursement sera trait\u00e9 et un cr\u00e9dit sera automatiquement appliqu\u00e9 \u00e0 votre carte de cr\u00e9dit ou \u00e0 votre mode de paiement original, dans un d\u00e9lai de 7 jours ouvrables.<\/p><p>\u25c6 Il vous incombe de payer les frais d'exp\u00e9dition pour le retour de votre article. Les frais d'exp\u00e9dition ne sont pas remboursables. Si vous recevez un remboursement, les frais de retour seront d\u00e9duits de votre remboursement.<\/p><p>Le d\u00e9lai d'\u00e9change peut varier en fonction de votre lieu de r\u00e9sidence. Si vous exp\u00e9diez un article de plus de $75, il est pr\u00e9f\u00e9rable de choisir un service d'exp\u00e9dition avec suivi ou d'acheter une assurance d'exp\u00e9dition. Nous ne pouvons pas vous rembourser si nous ne pouvons pas recevoir votre article retourn\u00e9.<\/p><p>\u25c6 Articles sold\u00e9s (le cas \u00e9ch\u00e9ant)<\/p><p>Seuls les articles \u00e0 prix normal peuvent \u00eatre rembours\u00e9s, les articles sold\u00e9s ne peuvent malheureusement pas \u00eatre rembours\u00e9s.<\/p><p>Remboursements tardifs ou manquants (le cas \u00e9ch\u00e9ant)<\/p><p>Si vous n'avez pas encore re\u00e7u de remboursement, v\u00e9rifiez d'abord votre compte bancaire. Contactez ensuite la soci\u00e9t\u00e9 \u00e9mettrice de votre carte de cr\u00e9dit, car il peut s'\u00e9couler un certain temps avant que votre remboursement ne soit officiellement comptabilis\u00e9. Si vous avez fait tout cela et que vous n'avez toujours pas re\u00e7u votre remboursement, veuillez nous contacter \u00e0 l'adresse suivante : Info@genatronik.com.<\/p><p>\u00a0<\/p><p>\u00a0<\/p><p><!-- \/wp:paragraph --><\/p>\t\t\t\t\t\t\t\t<\/div>\n\t\t\t\t<\/div>\n\t\t\t\t\t<\/div>\n\t\t\t\t<\/div>\n\t\t\t\t<\/div>","protected":false},"excerpt":{"rendered":"<p>Refund and Returns Policy Our Promise to our Valued Customers: We are committed to being your trusted partner by delivering the high quality products with lowest price, service and convenience you deserve. If you are not fully satisfied with your purchase, we are here to help you with an Exchange, Return or Repair.If you received [&hellip;]<\/p>","protected":false},"author":2,"featured_media":0,"parent":0,"menu_order":0,"comment_status":"closed","ping_status":"closed","template":"","meta":{"_surecart_dashboard_logo_width":"180px","_surecart_dashboard_show_logo":true,"_surecart_dashboard_navigation_orders":true,"_surecart_dashboard_navigation_invoices":true,"_surecart_dashboard_navigation_subscriptions":true,"_surecart_dashboard_navigation_downloads":true,"_surecart_dashboard_navigation_billing":true,"_surecart_dashboard_navigation_account":true,"_uag_custom_page_level_css":"","site-sidebar-layout":"no-sidebar","site-content-layout":"page-builder","ast-site-content-layout":"full-width-container","site-content-style":"default","site-sidebar-style":"default","ast-global-header-display":"","ast-banner-title-visibility":"","ast-main-header-display":"","ast-hfb-above-header-display":"","ast-hfb-below-header-display":"","ast-hfb-mobile-header-display":"","site-post-title":"disabled","ast-breadcrumbs-content":"","ast-featured-img":"disabled","footer-sml-layout":"","ast-disable-related-posts":"","theme-transparent-header-meta":"","adv-header-id-meta":"","stick-header-meta":"","header-above-stick-meta":"","header-main-stick-meta":"","header-below-stick-meta":"","astra-migrate-meta-layouts":"default","ast-page-background-enabled":"default","ast-page-background-meta":{"desktop":{"background-color":"var(--ast-global-color-4)","background-image":"","background-repeat":"repeat","background-position":"center center","background-size":"auto","background-attachment":"scroll","background-type":"","background-media":"","overlay-type":"","overlay-color":"","overlay-opacity":"","overlay-gradient":""},"tablet":{"background-color":"","background-image":"","background-repeat":"repeat","background-position":"center center","background-size":"auto","background-attachment":"scroll","background-type":"","background-media":"","overlay-type":"","overlay-color":"","overlay-opacity":"","overlay-gradient":""},"mobile":{"background-color":"","background-image":"","background-repeat":"repeat","background-position":"center center","background-size":"auto","background-attachment":"scroll","background-type":"","background-media":"","overlay-type":"","overlay-color":"","overlay-opacity":"","overlay-gradient":""}},"ast-content-background-meta":{"desktop":{"background-color":"var(--ast-global-color-5)","background-image":"","background-repeat":"repeat","background-position":"center center","background-size":"auto","background-attachment":"scroll","background-type":"","background-media":"","overlay-type":"","overlay-color":"","overlay-opacity":"","overlay-gradient":""},"tablet":{"background-color":"var(--ast-global-color-5)","background-image":"","background-repeat":"repeat","background-position":"center center","background-size":"auto","background-attachment":"scroll","background-type":"","background-media":"","overlay-type":"","overlay-color":"","overlay-opacity":"","overlay-gradient":""},"mobile":{"background-color":"var(--ast-global-color-5)","background-image":"","background-repeat":"repeat","background-position":"center center","background-size":"auto","background-attachment":"scroll","background-type":"","background-media":"","overlay-type":"","overlay-color":"","overlay-opacity":"","overlay-gradient":""}},"footnotes":""},"class_list":["post-6036","page","type-page","status-publish","hentry"],"yoast_head":"<!-- This site is optimized with the Yoast SEO plugin v26.2 - https:\/\/yoast.com\/wordpress\/plugins\/seo\/ -->\n<title>Refund and Returns Policy - Genatronik<\/title>\n<meta name=\"robots\" content=\"index, follow, max-snippet:-1, max-image-preview:large, max-video-preview:-1\" \/>\n<link rel=\"canonical\" href=\"https:\/\/genatronik.com\/fr\/remboursements\/\" \/>\n<meta property=\"og:locale\" content=\"fr_FR\" \/>\n<meta property=\"og:type\" content=\"article\" \/>\n<meta property=\"og:title\" content=\"Refund and Returns Policy - Genatronik\" \/>\n<meta property=\"og:description\" content=\"Refund and Returns Policy Our Promise to our Valued Customers: We are committed to being your trusted partner by delivering the high quality products with lowest price, service and convenience you deserve. If you are not fully satisfied with your purchase, we are here to help you with an Exchange, Return or Repair.If you received [&hellip;]\" \/>\n<meta property=\"og:url\" content=\"https:\/\/genatronik.com\/fr\/remboursements\/\" \/>\n<meta property=\"og:site_name\" content=\"Genatronik\" \/>\n<meta property=\"article:modified_time\" content=\"2025-04-07T14:48:08+00:00\" \/>\n<meta name=\"twitter:card\" content=\"summary_large_image\" \/>\n<meta name=\"twitter:label1\" content=\"Dur\u00e9e de lecture estim\u00e9e\" \/>\n\t<meta name=\"twitter:data1\" content=\"3 minutes\" \/>\n<script type=\"application\/ld+json\" class=\"yoast-schema-graph\">{\"@context\":\"https:\/\/schema.org\",\"@graph\":[{\"@type\":\"WebPage\",\"@id\":\"https:\/\/genatronik.com\/fr\/remboursements\/\",\"url\":\"https:\/\/genatronik.com\/fr\/remboursements\/\",\"name\":\"Refund and Returns Policy - Genatronik\",\"isPartOf\":{\"@id\":\"https:\/\/genatronik.com\/en\/#website\"},\"datePublished\":\"2025-04-07T14:43:11+00:00\",\"dateModified\":\"2025-04-07T14:48:08+00:00\",\"breadcrumb\":{\"@id\":\"https:\/\/genatronik.com\/fr\/remboursements\/#breadcrumb\"},\"inLanguage\":\"fr-FR\",\"potentialAction\":[{\"@type\":\"ReadAction\",\"target\":[\"https:\/\/genatronik.com\/fr\/remboursements\/\"]}]},{\"@type\":\"BreadcrumbList\",\"@id\":\"https:\/\/genatronik.com\/fr\/remboursements\/#breadcrumb\",\"itemListElement\":[{\"@type\":\"ListItem\",\"position\":1,\"name\":\"Home\",\"item\":\"https:\/\/genatronik.com\/\"},{\"@type\":\"ListItem\",\"position\":2,\"name\":\"Refund and Returns Policy\"}]},{\"@type\":\"WebSite\",\"@id\":\"https:\/\/genatronik.com\/en\/#website\",\"url\":\"https:\/\/genatronik.com\/en\/\",\"name\":\"Genatronik\",\"description\":\"Advanced Devices. Reliable Service.\",\"publisher\":{\"@id\":\"https:\/\/genatronik.com\/en\/#organization\"},\"potentialAction\":[{\"@type\":\"SearchAction\",\"target\":{\"@type\":\"EntryPoint\",\"urlTemplate\":\"https:\/\/genatronik.com\/en\/?s={search_term_string}\"},\"query-input\":{\"@type\":\"PropertyValueSpecification\",\"valueRequired\":true,\"valueName\":\"search_term_string\"}}],\"inLanguage\":\"fr-FR\"},{\"@type\":\"Organization\",\"@id\":\"https:\/\/genatronik.com\/en\/#organization\",\"name\":\"Genatronik\",\"url\":\"https:\/\/genatronik.com\/en\/\",\"logo\":{\"@type\":\"ImageObject\",\"inLanguage\":\"fr-FR\",\"@id\":\"https:\/\/genatronik.com\/en\/#\/schema\/logo\/image\/\",\"url\":\"https:\/\/genatronik.com\/wp-content\/uploads\/2025\/05\/genatronik_logo_header-scaled.png\",\"contentUrl\":\"https:\/\/genatronik.com\/wp-content\/uploads\/2025\/05\/genatronik_logo_header-scaled.png\",\"width\":2560,\"height\":448,\"caption\":\"Genatronik\"},\"image\":{\"@id\":\"https:\/\/genatronik.com\/en\/#\/schema\/logo\/image\/\"}}]}<\/script>\n<!-- \/ Yoast SEO plugin. -->","yoast_head_json":{"title":"Politique de remboursement et de retour - Genatronik","robots":{"index":"index","follow":"follow","max-snippet":"max-snippet:-1","max-image-preview":"max-image-preview:large","max-video-preview":"max-video-preview:-1"},"canonical":"https:\/\/genatronik.com\/fr\/remboursements\/","og_locale":"fr_FR","og_type":"article","og_title":"Refund and Returns Policy - Genatronik","og_description":"Refund and Returns Policy Our Promise to our Valued Customers: We are committed to being your trusted partner by delivering the high quality products with lowest price, service and convenience you deserve. If you are not fully satisfied with your purchase, we are here to help you with an Exchange, Return or Repair.If you received [&hellip;]","og_url":"https:\/\/genatronik.com\/fr\/remboursements\/","og_site_name":"Genatronik","article_modified_time":"2025-04-07T14:48:08+00:00","twitter_card":"summary_large_image","twitter_misc":{"Dur\u00e9e de lecture estim\u00e9e":"3 minutes"},"schema":{"@context":"https:\/\/schema.org","@graph":[{"@type":"WebPage","@id":"https:\/\/genatronik.com\/fr\/remboursements\/","url":"https:\/\/genatronik.com\/fr\/remboursements\/","name":"Politique de remboursement et de retour - Genatronik","isPartOf":{"@id":"https:\/\/genatronik.com\/en\/#website"},"datePublished":"2025-04-07T14:43:11+00:00","dateModified":"2025-04-07T14:48:08+00:00","breadcrumb":{"@id":"https:\/\/genatronik.com\/fr\/remboursements\/#breadcrumb"},"inLanguage":"fr-FR","potentialAction":[{"@type":"ReadAction","target":["https:\/\/genatronik.com\/fr\/remboursements\/"]}]},{"@type":"BreadcrumbList","@id":"https:\/\/genatronik.com\/fr\/remboursements\/#breadcrumb","itemListElement":[{"@type":"ListItem","position":1,"name":"Home","item":"https:\/\/genatronik.com\/"},{"@type":"ListItem","position":2,"name":"Refund and Returns Policy"}]},{"@type":"WebSite","@id":"https:\/\/genatronik.com\/en\/#website","url":"https:\/\/genatronik.com\/en\/","name":"Genatronik","description":"Dispositifs avanc\u00e9s. Un service fiable.","publisher":{"@id":"https:\/\/genatronik.com\/en\/#organization"},"potentialAction":[{"@type":"SearchAction","target":{"@type":"EntryPoint","urlTemplate":"https:\/\/genatronik.com\/en\/?s={search_term_string}"},"query-input":{"@type":"PropertyValueSpecification","valueRequired":true,"valueName":"search_term_string"}}],"inLanguage":"fr-FR"},{"@type":"Organization","@id":"https:\/\/genatronik.com\/en\/#organization","name":"Genatronik","url":"https:\/\/genatronik.com\/en\/","logo":{"@type":"ImageObject","inLanguage":"fr-FR","@id":"https:\/\/genatronik.com\/en\/#\/schema\/logo\/image\/","url":"https:\/\/genatronik.com\/wp-content\/uploads\/2025\/05\/genatronik_logo_header-scaled.png","contentUrl":"https:\/\/genatronik.com\/wp-content\/uploads\/2025\/05\/genatronik_logo_header-scaled.png","width":2560,"height":448,"caption":"Genatronik"},"image":{"@id":"https:\/\/genatronik.com\/en\/#\/schema\/logo\/image\/"}}]}},"uagb_featured_image_src":{"full":false,"thumbnail":false,"medium":false,"medium_large":false,"large":false,"1536x1536":false,"2048x2048":false,"trp-custom-language-flag":false,"tp-image-grid":false,"woocommerce_thumbnail":false,"woocommerce_single":false,"woocommerce_gallery_thumbnail":false},"uagb_author_info":{"display_name":"xinhua zhang","author_link":"https:\/\/genatronik.com\/fr\/author\/xinhua\/"},"uagb_comment_info":0,"uagb_excerpt":"Refund and Returns Policy Our Promise to our Valued Customers: We are committed to being your trusted partner by delivering the high quality products with lowest price, service and convenience you deserve. If you are not fully satisfied with your purchase, we are here to help you with an Exchange, Return or Repair.If you received\u2026","jetpack_sharing_enabled":true,"_links":{"self":[{"href":"https:\/\/genatronik.com\/fr\/wp-json\/wp\/v2\/pages\/6036","targetHints":{"allow":["GET"]}}],"collection":[{"href":"https:\/\/genatronik.com\/fr\/wp-json\/wp\/v2\/pages"}],"about":[{"href":"https:\/\/genatronik.com\/fr\/wp-json\/wp\/v2\/types\/page"}],"author":[{"embeddable":true,"href":"https:\/\/genatronik.com\/fr\/wp-json\/wp\/v2\/users\/2"}],"replies":[{"embeddable":true,"href":"https:\/\/genatronik.com\/fr\/wp-json\/wp\/v2\/comments?post=6036"}],"version-history":[{"count":9,"href":"https:\/\/genatronik.com\/fr\/wp-json\/wp\/v2\/pages\/6036\/revisions"}],"predecessor-version":[{"id":6046,"href":"https:\/\/genatronik.com\/fr\/wp-json\/wp\/v2\/pages\/6036\/revisions\/6046"}],"wp:attachment":[{"href":"https:\/\/genatronik.com\/fr\/wp-json\/wp\/v2\/media?parent=6036"}],"curies":[{"name":"wp","href":"https:\/\/api.w.org\/{rel}","templated":true}]}}