{"id":4541,"date":"2025-03-07T16:21:16","date_gmt":"2025-03-07T15:21:16","guid":{"rendered":"https:\/\/genatronik.com\/?post_type=product&#038;p=4541"},"modified":"2025-07-04T09:43:58","modified_gmt":"2025-07-04T07:43:58","slug":"tronovo-dg25p","status":"publish","type":"product","link":"https:\/\/genatronik.com\/de\/produkt\/tronovo-dg25p\/","title":{"rendered":"Tronovo-DG25P"},"content":{"rendered":"<p><span style=\"background-color: transparent;\"><br \/>\n    <span style=\"font-size: 18px;\"><br \/>\n    Hochfrequenz-AC-Steuerung und eine interne Struktur, die entwickelt wurde, um die Auswirkungen des Luftdruckverlustes f\u00fcr eine leistungsstarke elektrostatische Abscheiderleistung stark zu reduzieren. Die Luftpistole verf\u00fcgt \u00fcber eine integrierte Magnetventil-\/Reglerstruktur, die externe Reglereinstellungen und die Verdrahtung grober Hochspannungskabel \u00fcberfl\u00fcssig macht und eine hohe Regelbarkeit erm\u00f6glicht. Ausgestattet mit einer Alarmfunktion, kann der Verschmutzungsgrad der Elektrodennadel durch die Kontrollleuchte \u00fcberpr\u00fcft werden.<br \/>\n    <\/span><\/span><\/p>\n<p>\n&nbsp;<\/p>\n<hr style=\"height:3px;border-width:0;color:gray;background-color:gray\">\n&nbsp;<\/p>\n<table style=\"width: 100%; border-collapse: collapse; float: center; border: none;\">\n<tbody style=\"border: none;\">\n<tr style=\"border: none;\">\n<td style=\"width: 50%; border: none; background-color: grey;\">\n            <img fetchpriority=\"high\" decoding=\"async\" class=\"alignnone wp-image-6786 size-large\" src=\"https:\/\/genatronik.com\/wp-content\/uploads\/2025\/04\/esd_dg25p_desc_1.png\" alt=\"\" width=\"640\" height=\"420\" data-wp-editing=\"1\" \/>\n        <\/td>\n<td style=\"width: 50%; border: none;\">\n<h5>Hervorragende Staubentfernungsf\u00e4higkeit, Staub-\"Visualisierung\"<\/h5>\n<p>            <span style=\"font-size: 19px;\"><br \/>\n                Der Griff ist leicht zu greifen und arbeitssparend zu bedienen, und die 24-V-Niederspannungs-Sicherheitsverkabelung erfordert keine Hochspannungskabel.<br \/>\n            <\/span>\n        <\/td>\n<\/tr>\n<tr style=\"border: none;\">\n<td style=\"width: 50%; border: none;\">\n<h5>Vor dem Betreten der Werkstatt Staub entfernen<\/h5>\n<p>            <span style=\"font-size: 19px;\"><br \/>\n                Alle Arten von Materialien und Halbfertigprodukten, Waren und Ausr\u00fcstungen m\u00fcssen vor dem Betreten der staubfreien Werkstatt zun\u00e4chst mit hoher Geschwindigkeit saubere ionisierte Luft durchstr\u00f6men, um den Staub zu entfernen, der an der Kleidung und den Waren haftet, bevor sie die staubfreie Werkstatt betreten, um die Sauberkeit und Sicherheit der Werkstatt zu gew\u00e4hrleisten.<br \/>\n            <\/span><\/td>\n<td style=\"width: 50%; border: none; background-color: grey;\">\n            <img decoding=\"async\" class=\"alignnone wp-image-6370 size-large\" src=\"https:\/\/genatronik.com\/wp-content\/uploads\/2025\/04\/esd_dg25p_desc_2.jpg\" alt=\"\" width=\"640\" height=\"420\"\/>\n        <\/td>\n<\/tr>\n<tr style=\"border: none;\">\n<td style=\"width: 50%; border: none; background-color: grey;\">\n            <img decoding=\"async\" class=\"alignnone wp-image-6372 size-large\" src=\"https:\/\/genatronik.com\/wp-content\/uploads\/2025\/04\/esd_dg25p_desc_3.jpg\" alt=\"\" width=\"640\" height=\"420\"\/>\n        <\/td>\n<td style=\"width: 50%; border: none;\">\n<h5>Die Leiterplatte wird von Oberfl\u00e4chenstaub befreit<\/h5>\n<p>            <span style=\"font-size: 19px;\"><br \/>\n                Durch den Einsatz einer Elektrofilterpistole mit hervorragender Staubentfernungsf\u00e4higkeit kann der nach dem Schneiden der Leiterplatten entstehende leitf\u00e4hige Staub gereinigt werden, um sicherzustellen, dass sich die PCBA-Oberfl\u00e4che in einem sauberen Zustand befindet, und um Kurzschl\u00fcsse, intermittierende Schaltkreisausf\u00e4lle, Korrosion usw. im Voraus zu beseitigen, wodurch versteckte Gefahren verringert und die Produktqualit\u00e4t verbessert werden.<br \/>\n            <\/span>\n        <\/td>\n<\/tr>\n<tr style=\"border: none;\">\n<td style=\"border: none; width: 50%;\">\n<h5>Staubentfernung vor der Karosserielackierung zur Vermeidung einer schlechten Beschichtung<\/h5>\n<p>            <span style=\"font-size: 19px;\"><br \/>\n                Die Fat Punch Ion Air Gun ist ideal f\u00fcr die Oberfl\u00e4chenreinigung, da sie den Staub durch das Sch\u00fctteln der gepulsten Luft auf der Oberfl\u00e4che schweben l\u00e4sst. Sie kann Staub, der in der Vertiefung nur schwer zu entfernen ist, m\u00fchelos entfernen und erzielt einen Staubentfernungseffekt, der den von Dauerluft \u00fcbertrifft.<br \/>\n            <\/span>\n        <\/td>\n<td style=\"border: none; width: 50%; background-color: grey;\">\n            <img loading=\"lazy\" decoding=\"async\" class=\"alignnone wp-image-6614 size-large\" src=\"https:\/\/genatronik.com\/wp-content\/uploads\/2025\/04\/esd_dg25p_desc_4.jpg\" alt=\"\" width=\"640\" height=\"420\"\/>\n        <\/td>\n<\/tr>\n<tr style=\"border: none;\">\n<td style=\"width: 50%; border: none; background-color: grey;\">\n            <img loading=\"lazy\" decoding=\"async\" class=\"alignnone wp-image-6372 size-large\" src=\"https:\/\/genatronik.com\/wp-content\/uploads\/2025\/04\/esd_dg25p_desc_6.jpg\" alt=\"\" width=\"640\" height=\"420\"\/>\n        <\/td>\n<td style=\"width: 50%; border: none;\">\n<h5>Kontinuierliches Blasen - Sie k\u00f6nnen den Modus w\u00e4hlen, der Ihren Bed\u00fcrfnissen entspricht<\/h5>\n<p>            <span style=\"font-size: 19px;\"><br \/>\n                Dr\u00fccken Sie den Abzug, um die ionisierte Luft abzustauben, und entspannen Sie den Abzug, um die ionisierte Luft zu stoppen.<br \/>\n            <\/span>\n        <\/td>\n<\/tr>\n<tr style=\"border: none;\">\n<td style=\"border: none; width: 50%;\">\n<h5>Gew\u00f6hnliche Luft, die den Staub ausbl\u00e4st, kann nicht gereinigt werden<\/h5>\n<p>            <span style=\"font-size: 19px;\"><br \/>\n                Die herk\u00f6mmliche Entstaubungspistole kann statische Elektrizit\u00e4t ohne Ionen nicht beseitigen, und der Staub kann nicht gereinigt werden.<br \/>\n            <\/span>\n        <\/td>\n<td style=\"border: none; width: 50%; background-color: grey;\">\n            <img loading=\"lazy\" decoding=\"async\" class=\"alignnone wp-image-6614 size-large\" src=\"https:\/\/genatronik.com\/wp-content\/uploads\/2025\/04\/esd_dg25p_desc_7.png\" alt=\"\" width=\"640\" height=\"420\"\/>\n        <\/td>\n<\/tr>\n<tr style=\"border: none;\">\n<td style=\"width: 50%; border: none; background-color: grey;\">\n            <img loading=\"lazy\" decoding=\"async\" class=\"alignnone wp-image-6372 size-large\" src=\"https:\/\/genatronik.com\/wp-content\/uploads\/2025\/04\/esd_dg25p_desc_7.png\" alt=\"\" width=\"640\" height=\"420\"\/>\n        <\/td>\n<td style=\"width: 50%; border: none;\">\n<h5>Ausblasen mit ionischer Luft - verhindert, dass sich Staub wieder festsetzt<\/h5>\n<p>            <span style=\"font-size: 19px;\"><br \/>\n                Durch die Kombination von positiven und negativen Ionen und Luftsp\u00fclung wird nicht nur Staub entfernt, sondern auch elektrostatische Elektrizit\u00e4t genutzt, um zu verhindern, dass sich der Staub erneut festsetzt. Es ist kein mehrfaches Blasen erforderlich, wodurch eine effizientere Staubentfernung in einem Durchgang erreicht werden kann.<br \/>\n            <\/span>\n        <\/td>\n<\/tr>\n<tr style=\"border: none;\">\n<td style=\"border: none; width: 50%;\">\n<h5>Spezielle D\u00fcsen - f\u00fcr ein breites Spektrum an statischer Beseitigung<\/h5>\n<p>            <span style=\"font-size: 19px;\"><br \/>\n                Mit einer Vielzahl von D\u00fcsenoptionen k\u00f6nnen verschiedene D\u00fcsen entsprechend den unterschiedlichen Arbeitsanforderungen ausgew\u00e4hlt werden, um eine bessere statische Beseitigung zu erreichen.<br \/>\n            <\/span>\n        <\/td>\n<td style=\"border: none; width: 50%; background-color: grey;\">\n            <img loading=\"lazy\" decoding=\"async\" class=\"alignnone wp-image-6614 size-large\" src=\"https:\/\/genatronik.com\/wp-content\/uploads\/2025\/04\/esd_dg25p_desc_8.png\" alt=\"\" width=\"640\" height=\"420\"\/>\n        <\/td>\n<\/tr>\n<tr style=\"border: none;\">\n<td style=\"width: 50%; border: none; background-color: grey;\">\n            <img loading=\"lazy\" decoding=\"async\" class=\"alignnone wp-image-6372 size-large\" src=\"https:\/\/genatronik.com\/wp-content\/uploads\/2025\/04\/esd_dg25p_desc_9.png\" alt=\"\" width=\"640\" height=\"420\"\/>\n        <\/td>\n<td style=\"width: 50%; border: none;\">\n<h5>Komfortabler Griff - leicht zu dr\u00fccken und nicht zu verrutschen<\/h5>\n<p>            <span style=\"font-size: 19px;\"><br \/>\n                Mit einem Griff, der sich den Fingern anpasst, und einem geeigneten Schwerpunkt.<br \/>\n            <\/span>\n        <\/td>\n<\/tr>\n<tr style=\"border: none;\">\n<td style=\"border: none; width: 50%;\">\n<h5>Sicher &amp; Zuverl\u00e4ssig - Mit perfekten Sicherheitsvorkehrungen<\/h5>\n<p>            <span style=\"font-size: 19px;\"><br \/>\n                24V-Niederspannungs-Sicherheitsverdrahtung, eingebauter Ionisator; Er ist mit einer Alarmanzeige f\u00fcr den Betriebsstatus ausgestattet, mit Ionenanomalie, Kurzschlussschutz und \u00dcberhitzungsschutz, um einen sicheren und zuverl\u00e4ssigen Betrieb zu gew\u00e4hrleisten.<br \/>\n            <\/span>\n        <\/td>\n<td style=\"border: none; width: 50%; background-color: grey;\">\n            <img loading=\"lazy\" decoding=\"async\" class=\"alignnone wp-image-6614 size-large\" src=\"https:\/\/genatronik.com\/wp-content\/uploads\/2025\/04\/esd_dg25p_desc_10.png\" alt=\"\" width=\"640\" height=\"420\"\/>\n        <\/td>\n<\/tr>\n<tr style=\"border: none;\">\n<td style=\"width: 50%; border: none; background-color: grey;\">\n            <img loading=\"lazy\" decoding=\"async\" class=\"alignnone wp-image-6372 size-large\" src=\"https:\/\/genatronik.com\/wp-content\/uploads\/2025\/04\/esd_dg25p_desc_11.png\" alt=\"\" width=\"640\" height=\"420\"\/>\n        <\/td>\n<td style=\"width: 50%; border: none;\">\n<h5>Hakenfunktion - einfach zum Aufh\u00e4ngen und Aufbewahren<\/h5>\n<p>            <span style=\"font-size: 19px;\"><br \/>\n                Die Oberseite ist mit einem Haken versehen, der in industriellen Umgebungen leicht vor Ort angebracht werden kann.<br \/>\n            <\/span>\n        <\/td>\n<\/tr>\n<\/tbody>\n<\/table>","protected":false},"excerpt":{"rendered":"<p>- Leistungsstarke Staubaufnahmekapazit\u00e4t<br \/>\n- Superbequemes Gef\u00fchl<br \/>\n- Drei Entleerungsmodi<br \/>\n- Infrarot-Laser-Fokussierungsfunktion<br \/>\n- Ausgestattet mit einer sehr hellen Staubdetektionslampe<br \/>\n- Verbesserte Staubabscheidung durch pulsierende (intermittierende) Luft<\/p>","protected":false},"featured_media":4542,"comment_status":"open","ping_status":"closed","template":"","meta":{"_surecart_dashboard_logo_width":"180px","_surecart_dashboard_show_logo":true,"_surecart_dashboard_navigation_orders":true,"_surecart_dashboard_navigation_invoices":true,"_surecart_dashboard_navigation_subscriptions":true,"_surecart_dashboard_navigation_downloads":true,"_surecart_dashboard_navigation_billing":true,"_surecart_dashboard_navigation_account":true,"_uag_custom_page_level_css":"","site-sidebar-layout":"default","site-content-layout":"","ast-site-content-layout":"default","site-content-style":"default","site-sidebar-style":"default","ast-global-header-display":"","ast-banner-title-visibility":"","ast-main-header-display":"","ast-hfb-above-header-display":"","ast-hfb-below-header-display":"","ast-hfb-mobile-header-display":"","site-post-title":"","ast-breadcrumbs-content":"","ast-featured-img":"","footer-sml-layout":"","ast-disable-related-posts":"","theme-transparent-header-meta":"default","adv-header-id-meta":"","stick-header-meta":"default","header-above-stick-meta":"","header-main-stick-meta":"","header-below-stick-meta":"","astra-migrate-meta-layouts":"set","ast-page-background-enabled":"default","ast-page-background-meta":{"desktop":{"background-color":"var(--ast-global-color-4)","background-image":"","background-repeat":"repeat","background-position":"center center","background-size":"auto","background-attachment":"scroll","background-type":"","background-media":"","overlay-type":"","overlay-color":"","overlay-opacity":"","overlay-gradient":""},"tablet":{"background-color":"","background-image":"","background-repeat":"repeat","background-position":"center center","background-size":"auto","background-attachment":"scroll","background-type":"","background-media":"","overlay-type":"","overlay-color":"","overlay-opacity":"","overlay-gradient":""},"mobile":{"background-color":"","background-image":"","background-repeat":"repeat","background-position":"center center","background-size":"auto","background-attachment":"scroll","background-type":"","background-media":"","overlay-type":"","overlay-color":"","overlay-opacity":"","overlay-gradient":""}},"ast-content-background-meta":{"desktop":{"background-color":"var(--ast-global-color-5)","background-image":"","background-repeat":"repeat","background-position":"center center","background-size":"auto","background-attachment":"scroll","background-type":"","background-media":"","overlay-type":"","overlay-color":"","overlay-opacity":"","overlay-gradient":""},"tablet":{"background-color":"var(--ast-global-color-5)","background-image":"","background-repeat":"repeat","background-position":"center center","background-size":"auto","background-attachment":"scroll","background-type":"","background-media":"","overlay-type":"","overlay-color":"","overlay-opacity":"","overlay-gradient":""},"mobile":{"background-color":"var(--ast-global-color-5)","background-image":"","background-repeat":"repeat","background-position":"center center","background-size":"auto","background-attachment":"scroll","background-type":"","background-media":"","overlay-type":"","overlay-color":"","overlay-opacity":"","overlay-gradient":""}}},"product_brand":[],"product_cat":[142,45,80],"product_tag":[],"class_list":{"0":"post-4541","1":"product","2":"type-product","3":"status-publish","4":"has-post-thumbnail","6":"product_cat-products","7":"product_cat-esd","8":"product_cat-ionizing-gun","9":"desktop-align-left","10":"tablet-align-left","11":"mobile-align-left","12":"ast-product-gallery-layout-horizontal-slider","13":"ast-product-tabs-layout-horizontal","15":"first","16":"instock","17":"taxable","18":"shipping-taxable","19":"purchasable","20":"product-type-simple"},"yoast_head":"<!-- This site is optimized with the Yoast SEO plugin v26.2 - https:\/\/yoast.com\/wordpress\/plugins\/seo\/ -->\n<title>Tronovo-DG25P - Genatronik<\/title>\n<meta name=\"robots\" content=\"index, follow, max-snippet:-1, max-image-preview:large, max-video-preview:-1\" \/>\n<link rel=\"canonical\" href=\"https:\/\/genatronik.com\/de\/produkt\/tronovo-dg25p\/\" \/>\n<meta property=\"og:locale\" content=\"de_DE\" \/>\n<meta property=\"og:type\" content=\"article\" \/>\n<meta property=\"og:title\" content=\"Tronovo-DG25P - Genatronik\" \/>\n<meta property=\"og:description\" content=\"\u2022 Powerful dust collection capacity \u2022 Super comfortable feel \u2022 Three purge modes \u2022 Infrared laser focusing function \u2022 Equipped with a high-brightness dust detection lamp \u2022 Improved dust collection by pulsing (intermittent) air\" \/>\n<meta property=\"og:url\" content=\"https:\/\/genatronik.com\/de\/produkt\/tronovo-dg25p\/\" \/>\n<meta property=\"og:site_name\" content=\"Genatronik\" \/>\n<meta property=\"article:modified_time\" content=\"2025-07-04T07:43:58+00:00\" \/>\n<meta property=\"og:image\" content=\"https:\/\/genatronik.com\/wp-content\/uploads\/2025\/03\/TG-2032-20250305.6-1600-1200.png\" \/>\n\t<meta property=\"og:image:width\" content=\"1600\" \/>\n\t<meta property=\"og:image:height\" content=\"1200\" \/>\n\t<meta property=\"og:image:type\" content=\"image\/png\" \/>\n<meta name=\"twitter:card\" content=\"summary_large_image\" \/>\n<meta name=\"twitter:label1\" content=\"Gesch\u00e4tzte Lesezeit\" \/>\n\t<meta name=\"twitter:data1\" content=\"5\u00a0Minuten\" \/>\n<script type=\"application\/ld+json\" class=\"yoast-schema-graph\">{\"@context\":\"https:\/\/schema.org\",\"@graph\":[{\"@type\":\"WebPage\",\"@id\":\"https:\/\/genatronik.com\/en\/product\/tronovo-dg25p\/\",\"url\":\"https:\/\/genatronik.com\/en\/product\/tronovo-dg25p\/\",\"name\":\"Tronovo-DG25P - Genatronik\",\"isPartOf\":{\"@id\":\"https:\/\/genatronik.com\/en\/#website\"},\"primaryImageOfPage\":{\"@id\":\"https:\/\/genatronik.com\/en\/product\/tronovo-dg25p\/#primaryimage\"},\"image\":{\"@id\":\"https:\/\/genatronik.com\/en\/product\/tronovo-dg25p\/#primaryimage\"},\"thumbnailUrl\":\"https:\/\/genatronik.com\/wp-content\/uploads\/2025\/03\/TG-2032-20250305.6-1600-1200.png\",\"datePublished\":\"2025-03-07T15:21:16+00:00\",\"dateModified\":\"2025-07-04T07:43:58+00:00\",\"breadcrumb\":{\"@id\":\"https:\/\/genatronik.com\/en\/product\/tronovo-dg25p\/#breadcrumb\"},\"inLanguage\":\"de\",\"potentialAction\":[{\"@type\":\"ReadAction\",\"target\":[\"https:\/\/genatronik.com\/en\/product\/tronovo-dg25p\/\"]}]},{\"@type\":\"ImageObject\",\"inLanguage\":\"de\",\"@id\":\"https:\/\/genatronik.com\/en\/product\/tronovo-dg25p\/#primaryimage\",\"url\":\"https:\/\/genatronik.com\/wp-content\/uploads\/2025\/03\/TG-2032-20250305.6-1600-1200.png\",\"contentUrl\":\"https:\/\/genatronik.com\/wp-content\/uploads\/2025\/03\/TG-2032-20250305.6-1600-1200.png\",\"width\":1600,\"height\":1200},{\"@type\":\"BreadcrumbList\",\"@id\":\"https:\/\/genatronik.com\/en\/product\/tronovo-dg25p\/#breadcrumb\",\"itemListElement\":[{\"@type\":\"ListItem\",\"position\":1,\"name\":\"Home\",\"item\":\"https:\/\/genatronik.com\/\"},{\"@type\":\"ListItem\",\"position\":2,\"name\":\"Produkte\",\"item\":\"https:\/\/genatronik.com\/de\/shop\/\"},{\"@type\":\"ListItem\",\"position\":3,\"name\":\"Products\",\"item\":\"https:\/\/genatronik.com\/product-category\/products\/\"},{\"@type\":\"ListItem\",\"position\":4,\"name\":\"ESD\",\"item\":\"https:\/\/genatronik.com\/product-category\/products\/esd\/\"},{\"@type\":\"ListItem\",\"position\":5,\"name\":\"Ionizing Gun\",\"item\":\"https:\/\/genatronik.com\/en\/product-category\/products\/esd\/ionizing-gun\/\"},{\"@type\":\"ListItem\",\"position\":6,\"name\":\"Tronovo-DG25P\"}]},{\"@type\":\"WebSite\",\"@id\":\"https:\/\/genatronik.com\/en\/#website\",\"url\":\"https:\/\/genatronik.com\/en\/\",\"name\":\"Genatronik\",\"description\":\"Advanced Devices. Reliable Service.\",\"publisher\":{\"@id\":\"https:\/\/genatronik.com\/en\/#organization\"},\"potentialAction\":[{\"@type\":\"SearchAction\",\"target\":{\"@type\":\"EntryPoint\",\"urlTemplate\":\"https:\/\/genatronik.com\/en\/?s={search_term_string}\"},\"query-input\":{\"@type\":\"PropertyValueSpecification\",\"valueRequired\":true,\"valueName\":\"search_term_string\"}}],\"inLanguage\":\"de\"},{\"@type\":\"Organization\",\"@id\":\"https:\/\/genatronik.com\/en\/#organization\",\"name\":\"Genatronik\",\"url\":\"https:\/\/genatronik.com\/en\/\",\"logo\":{\"@type\":\"ImageObject\",\"inLanguage\":\"de\",\"@id\":\"https:\/\/genatronik.com\/en\/#\/schema\/logo\/image\/\",\"url\":\"https:\/\/genatronik.com\/wp-content\/uploads\/2025\/05\/genatronik_logo_header-scaled.png\",\"contentUrl\":\"https:\/\/genatronik.com\/wp-content\/uploads\/2025\/05\/genatronik_logo_header-scaled.png\",\"width\":2560,\"height\":448,\"caption\":\"Genatronik\"},\"image\":{\"@id\":\"https:\/\/genatronik.com\/en\/#\/schema\/logo\/image\/\"}}]}<\/script>\n<!-- \/ Yoast SEO plugin. -->","yoast_head_json":{"title":"Tronovo-DG25P - Genatronik","robots":{"index":"index","follow":"follow","max-snippet":"max-snippet:-1","max-image-preview":"max-image-preview:large","max-video-preview":"max-video-preview:-1"},"canonical":"https:\/\/genatronik.com\/de\/produkt\/tronovo-dg25p\/","og_locale":"de_DE","og_type":"article","og_title":"Tronovo-DG25P - Genatronik","og_description":"\u2022 Powerful dust collection capacity \u2022 Super comfortable feel \u2022 Three purge modes \u2022 Infrared laser focusing function \u2022 Equipped with a high-brightness dust detection lamp \u2022 Improved dust collection by pulsing (intermittent) air","og_url":"https:\/\/genatronik.com\/de\/produkt\/tronovo-dg25p\/","og_site_name":"Genatronik","article_modified_time":"2025-07-04T07:43:58+00:00","og_image":[{"width":1600,"height":1200,"url":"https:\/\/genatronik.com\/wp-content\/uploads\/2025\/03\/TG-2032-20250305.6-1600-1200.png","type":"image\/png"}],"twitter_card":"summary_large_image","twitter_misc":{"Gesch\u00e4tzte Lesezeit":"5\u00a0Minuten"},"schema":{"@context":"https:\/\/schema.org","@graph":[{"@type":"WebPage","@id":"https:\/\/genatronik.com\/en\/product\/tronovo-dg25p\/","url":"https:\/\/genatronik.com\/en\/product\/tronovo-dg25p\/","name":"Tronovo-DG25P - Genatronik","isPartOf":{"@id":"https:\/\/genatronik.com\/en\/#website"},"primaryImageOfPage":{"@id":"https:\/\/genatronik.com\/en\/product\/tronovo-dg25p\/#primaryimage"},"image":{"@id":"https:\/\/genatronik.com\/en\/product\/tronovo-dg25p\/#primaryimage"},"thumbnailUrl":"https:\/\/genatronik.com\/wp-content\/uploads\/2025\/03\/TG-2032-20250305.6-1600-1200.png","datePublished":"2025-03-07T15:21:16+00:00","dateModified":"2025-07-04T07:43:58+00:00","breadcrumb":{"@id":"https:\/\/genatronik.com\/en\/product\/tronovo-dg25p\/#breadcrumb"},"inLanguage":"de","potentialAction":[{"@type":"ReadAction","target":["https:\/\/genatronik.com\/en\/product\/tronovo-dg25p\/"]}]},{"@type":"ImageObject","inLanguage":"de","@id":"https:\/\/genatronik.com\/en\/product\/tronovo-dg25p\/#primaryimage","url":"https:\/\/genatronik.com\/wp-content\/uploads\/2025\/03\/TG-2032-20250305.6-1600-1200.png","contentUrl":"https:\/\/genatronik.com\/wp-content\/uploads\/2025\/03\/TG-2032-20250305.6-1600-1200.png","width":1600,"height":1200},{"@type":"BreadcrumbList","@id":"https:\/\/genatronik.com\/en\/product\/tronovo-dg25p\/#breadcrumb","itemListElement":[{"@type":"ListItem","position":1,"name":"Home","item":"https:\/\/genatronik.com\/"},{"@type":"ListItem","position":2,"name":"Produkte","item":"https:\/\/genatronik.com\/de\/shop\/"},{"@type":"ListItem","position":3,"name":"Products","item":"https:\/\/genatronik.com\/product-category\/products\/"},{"@type":"ListItem","position":4,"name":"ESD","item":"https:\/\/genatronik.com\/product-category\/products\/esd\/"},{"@type":"ListItem","position":5,"name":"Ionizing Gun","item":"https:\/\/genatronik.com\/en\/product-category\/products\/esd\/ionizing-gun\/"},{"@type":"ListItem","position":6,"name":"Tronovo-DG25P"}]},{"@type":"WebSite","@id":"https:\/\/genatronik.com\/en\/#website","url":"https:\/\/genatronik.com\/en\/","name":"Genatronik","description":"Fortschrittliche Ger\u00e4te. Zuverl\u00e4ssiger Service.","publisher":{"@id":"https:\/\/genatronik.com\/en\/#organization"},"potentialAction":[{"@type":"SearchAction","target":{"@type":"EntryPoint","urlTemplate":"https:\/\/genatronik.com\/en\/?s={search_term_string}"},"query-input":{"@type":"PropertyValueSpecification","valueRequired":true,"valueName":"search_term_string"}}],"inLanguage":"de"},{"@type":"Organization","@id":"https:\/\/genatronik.com\/en\/#organization","name":"Genatronik","url":"https:\/\/genatronik.com\/en\/","logo":{"@type":"ImageObject","inLanguage":"de","@id":"https:\/\/genatronik.com\/en\/#\/schema\/logo\/image\/","url":"https:\/\/genatronik.com\/wp-content\/uploads\/2025\/05\/genatronik_logo_header-scaled.png","contentUrl":"https:\/\/genatronik.com\/wp-content\/uploads\/2025\/05\/genatronik_logo_header-scaled.png","width":2560,"height":448,"caption":"Genatronik"},"image":{"@id":"https:\/\/genatronik.com\/en\/#\/schema\/logo\/image\/"}}]}},"uagb_featured_image_src":{"full":["https:\/\/genatronik.com\/wp-content\/uploads\/2025\/03\/TG-2032-20250305.6-1600-1200.png",1600,1200,false],"thumbnail":["https:\/\/genatronik.com\/wp-content\/uploads\/2025\/03\/TG-2032-20250305.6-1600-1200.png",150,113,false],"medium":["https:\/\/genatronik.com\/wp-content\/uploads\/2025\/03\/TG-2032-20250305.6-1600-1200.png",300,225,false],"medium_large":["https:\/\/genatronik.com\/wp-content\/uploads\/2025\/03\/TG-2032-20250305.6-1600-1200.png",768,576,false],"large":["https:\/\/genatronik.com\/wp-content\/uploads\/2025\/03\/TG-2032-20250305.6-1600-1200.png",1024,768,false],"1536x1536":["https:\/\/genatronik.com\/wp-content\/uploads\/2025\/03\/TG-2032-20250305.6-1600-1200.png",1536,1152,false],"2048x2048":["https:\/\/genatronik.com\/wp-content\/uploads\/2025\/03\/TG-2032-20250305.6-1600-1200.png",1600,1200,false],"trp-custom-language-flag":["https:\/\/genatronik.com\/wp-content\/uploads\/2025\/03\/TG-2032-20250305.6-1600-1200.png",16,12,false],"tp-image-grid":["https:\/\/genatronik.com\/wp-content\/uploads\/2025\/03\/TG-2032-20250305.6-1600-1200.png",700,525,false],"woocommerce_thumbnail":["https:\/\/genatronik.com\/wp-content\/uploads\/2025\/03\/TG-2032-20250305.6-1600-1200.png",300,225,false],"woocommerce_single":["https:\/\/genatronik.com\/wp-content\/uploads\/2025\/03\/TG-2032-20250305.6-1600-1200.png",600,450,false],"woocommerce_gallery_thumbnail":["https:\/\/genatronik.com\/wp-content\/uploads\/2025\/03\/TG-2032-20250305.6-1600-1200-100x100.png",100,100,true]},"uagb_author_info":{"display_name":"guanyuan zhu","author_link":"https:\/\/genatronik.com\/de\/author\/"},"uagb_comment_info":3,"uagb_excerpt":"\u2022 Powerful dust collection capacity \u2022 Super comfortable feel \u2022 Three purge modes \u2022 Infrared laser focusing function \u2022 Equipped with a high-brightness dust detection lamp \u2022 Improved dust collection by pulsing (intermittent) air","jetpack_sharing_enabled":true,"_links":{"self":[{"href":"https:\/\/genatronik.com\/de\/wp-json\/wp\/v2\/product\/4541","targetHints":{"allow":["GET"]}}],"collection":[{"href":"https:\/\/genatronik.com\/de\/wp-json\/wp\/v2\/product"}],"about":[{"href":"https:\/\/genatronik.com\/de\/wp-json\/wp\/v2\/types\/product"}],"replies":[{"embeddable":true,"href":"https:\/\/genatronik.com\/de\/wp-json\/wp\/v2\/comments?post=4541"}],"version-history":[{"count":6,"href":"https:\/\/genatronik.com\/de\/wp-json\/wp\/v2\/product\/4541\/revisions"}],"predecessor-version":[{"id":6879,"href":"https:\/\/genatronik.com\/de\/wp-json\/wp\/v2\/product\/4541\/revisions\/6879"}],"wp:featuredmedia":[{"embeddable":true,"href":"https:\/\/genatronik.com\/de\/wp-json\/wp\/v2\/media\/4542"}],"wp:attachment":[{"href":"https:\/\/genatronik.com\/de\/wp-json\/wp\/v2\/media?parent=4541"}],"wp:term":[{"taxonomy":"product_brand","embeddable":true,"href":"https:\/\/genatronik.com\/de\/wp-json\/wp\/v2\/product_brand?post=4541"},{"taxonomy":"product_cat","embeddable":true,"href":"https:\/\/genatronik.com\/de\/wp-json\/wp\/v2\/product_cat?post=4541"},{"taxonomy":"product_tag","embeddable":true,"href":"https:\/\/genatronik.com\/de\/wp-json\/wp\/v2\/product_tag?post=4541"}],"curies":[{"name":"wp","href":"https:\/\/api.w.org\/{rel}","templated":true}]}}