{"id":4455,"date":"2025-04-01T15:19:38","date_gmt":"2025-04-01T13:19:38","guid":{"rendered":"https:\/\/genatronik.com\/?post_type=product&#038;p=4455"},"modified":"2025-05-05T11:40:41","modified_gmt":"2025-05-05T09:40:41","slug":"e2403","status":"publish","type":"product","link":"https:\/\/genatronik.com\/de\/produkt\/e2403\/","title":{"rendered":"econest ecoSensor(E2403)"},"content":{"rendered":"<p><span style=\"background-color: transparent;\"><span style=\"font-size: 18px;\">Econest HEMS ist in der Lage, den Stromverbrauch bestimmter R\u00e4ume oder Ger\u00e4te \u00fcber bis zu 40 Kan\u00e4le zu \u00fcberwachen und Einblicke in den Haushalt und den Stromverbrauch zu geben sowie die Stromverschwendung zu identifizieren. <\/span><span style=\"font-size: 18px;\">Das gesamte System besteht aus dem Hauptmodul (ecoMain), den Untermodulen (ecoSub), dem Stromsensor (ecoSensor), der APP und dem entsprechenden Zubeh\u00f6r.<\/span><\/span><\/p>\n<table class=\"tab_desc_table\" style=\"border-collapse: collapse; width: 100%; border: none;\">\n<thead>\n<tr class=\"tab_desc_trow\" style=\"background-color: #d3d3d3; border-bottom: 1px solid #ccc;\">\n<th style=\"border: none; text-align: left;\">Modul<\/th>\n<th style=\"border: none; text-align: left;\">Typ<\/th>\n<th style=\"border: none; text-align: left;\">Spannungs-Kan\u00e4le<\/th>\n<th style=\"border: none; text-align: left;\">Aktuelle Kan\u00e4le<\/th>\n<th style=\"border: none; text-align: left;\">Abmessungen (mm)<\/th>\n<\/tr>\n<\/thead>\n<tbody style=\"border: none;\">\n<tr class=\"tab_desc_trow\" style=\"border-bottom: 1px solid #ccc;\">\n<td class=\"tab_desc_tcolumn\" style=\"border: none; text-align: left;\">ecoMain<\/td>\n<td style=\"border: none; text-align: left;\">Hauptmodul<\/td>\n<td style=\"border: none; text-align: left;\">3<\/td>\n<td style=\"border: none; text-align: left;\">10<\/td>\n<td style=\"border: none; text-align: left;\">72\u00d778\u00d766<\/td>\n<\/tr>\n<tr class=\"tab_desc_trow\" style=\"border-bottom: 1px solid #ccc;\">\n<td style=\"border: none; text-align: left;\">ecoSub<\/td>\n<td style=\"border: none; text-align: left;\">Untermodul<\/td>\n<td style=\"border: none; text-align: left;\">0<\/td>\n<td style=\"border: none; text-align: left;\">10<\/td>\n<td style=\"border: none; text-align: left;\">36\u00d778\u00d766<\/td>\n<\/tr>\n<tr class=\"tab_desc_trow\" style=\"border-bottom: 1px solid #ccc;\">\n<td style=\"border: none; text-align: left;\">ecoSensor<\/td>\n<td style=\"border: none; text-align: left;\">Zubeh\u00f6r<\/td>\n<td style=\"border: none; text-align: left;\">0<\/td>\n<td style=\"border: none; text-align: left;\">0<\/td>\n<td style=\"border: none; text-align: left;\">34x50x12,4<\/td>\n<\/tr>\n<\/tbody>\n<\/table>\n<p style=\"white-space: nowrap; margin: 0; padding: 0;\"><strong><br \/>\nDie Spezifikationen des HEMS finden Sie hier: \u00a0\u00a0<\/strong><strong><a style=\"display: inline;\" href=\"https:\/\/genatronik.com\/wp-content\/uploads\/2025\/04\/Datasheet_econest_E240X_-Home_Electricity_Monitor_EN.pdf\">Englisch<\/a> |<a style=\"display: inline;\" href=\"https:\/\/genatronik.com\/wp-content\/uploads\/2025\/04\/Datasheet_econest_E240X-_Home_Electricity_Monitor_DE.pdf\"> Deutsch<\/a> |<a style=\"display: inline;\" href=\"https:\/\/genatronik.com\/wp-content\/uploads\/2025\/04\/Datasheet_econest_E240X_Home_Electricity_Monitor_FR-.pdf\"> Franz\u00f6sisch<\/a><br \/>\n<\/strong><\/p>\n<table style=\"width: 100%; border-collapse: collapse; float: left; border: none;\">\n<tbody style=\"border: none;\">\n<tr style=\"border: none;\">\n<td style=\"width: 20%; border: none;\"><\/td>\n<td style=\"width: 80%; border: none;\"><\/td>\n<\/tr>\n<tr style=\"border: none;\">\n<td style=\"width: 20%; border: none;\"><img fetchpriority=\"high\" decoding=\"async\" class=\"alignnone wp-image-6380 size-full\" src=\"https:\/\/genatronik.com\/wp-content\/uploads\/2025\/04\/3.png\" alt=\"\" width=\"2480\" height=\"3508\" srcset=\"https:\/\/genatronik.com\/wp-content\/uploads\/2025\/04\/3.png 2480w, https:\/\/genatronik.com\/wp-content\/uploads\/2025\/04\/3-212x300.png 212w, https:\/\/genatronik.com\/wp-content\/uploads\/2025\/04\/3-724x1024.png 724w, https:\/\/genatronik.com\/wp-content\/uploads\/2025\/04\/3-768x1086.png 768w, https:\/\/genatronik.com\/wp-content\/uploads\/2025\/04\/3-1086x1536.png 1086w, https:\/\/genatronik.com\/wp-content\/uploads\/2025\/04\/3-1448x2048.png 1448w, https:\/\/genatronik.com\/wp-content\/uploads\/2025\/04\/3-8x12.png 8w, https:\/\/genatronik.com\/wp-content\/uploads\/2025\/04\/3-600x849.png 600w\" sizes=\"(max-width: 2480px) 100vw, 2480px\" \/><\/td>\n<td style=\"width: 80%; border: none;\">\n<h5>Neuartige ultrad\u00fcnne Sensoren<\/h5>\n<p><span style=\"font-size: 19px;\">Der ultrad\u00fcnne (12 mm) ecoSensor passt in enge Verdrahtungsr\u00e4ume. Seine schlanke Form erm\u00f6glicht die Installation am Schalterabgang, selbst bei eng beieinander liegenden Euro-Schaltern.<\/span><\/td>\n<\/tr>\n<tr style=\"border: none;\">\n<td style=\"width: 20%; border: none; height: 100;\">\u00a0 \u00a0 \u00a0 <img decoding=\"async\" class=\"alignnone wp-image-6614 size-full\" src=\"https:\/\/genatronik.com\/wp-content\/uploads\/2025\/04\/Sensor2\u65e0\u9700\u7b49\u5f85-1.png\" alt=\"\" width=\"2480\" height=\"3508\" srcset=\"https:\/\/genatronik.com\/wp-content\/uploads\/2025\/04\/Sensor2\u65e0\u9700\u7b49\u5f85-1.png 2480w, https:\/\/genatronik.com\/wp-content\/uploads\/2025\/04\/Sensor2\u65e0\u9700\u7b49\u5f85-1-212x300.png 212w, https:\/\/genatronik.com\/wp-content\/uploads\/2025\/04\/Sensor2\u65e0\u9700\u7b49\u5f85-1-724x1024.png 724w, https:\/\/genatronik.com\/wp-content\/uploads\/2025\/04\/Sensor2\u65e0\u9700\u7b49\u5f85-1-768x1086.png 768w, https:\/\/genatronik.com\/wp-content\/uploads\/2025\/04\/Sensor2\u65e0\u9700\u7b49\u5f85-1-1086x1536.png 1086w, https:\/\/genatronik.com\/wp-content\/uploads\/2025\/04\/Sensor2\u65e0\u9700\u7b49\u5f85-1-1448x2048.png 1448w, https:\/\/genatronik.com\/wp-content\/uploads\/2025\/04\/Sensor2\u65e0\u9700\u7b49\u5f85-1-8x12.png 8w, https:\/\/genatronik.com\/wp-content\/uploads\/2025\/04\/Sensor2\u65e0\u9700\u7b49\u5f85-1-600x849.png 600w\" sizes=\"(max-width: 2480px) 100vw, 2480px\" \/><\/td>\n<td style=\"width: 80%; border: none;\">\n<h5><\/h5>\n<h5><\/h5>\n<h5><\/h5>\n<h5>Strukturierter Entwurf<\/h5>\n<p><span style=\"font-size: 19px;\">Effektive Handhabung der komplexen Verdrahtung in Verteilerschr\u00e4nken.<\/span><\/td>\n<\/tr>\n<tr style=\"border: none;\">\n<td style=\"width: 20%; border: none;\"><img decoding=\"async\" class=\"alignnone wp-image-6600 size-full\" src=\"https:\/\/genatronik.com\/wp-content\/uploads\/2025\/04\/Sensor3\u65e0\u9700\u7b49\u5f85.png\" alt=\"\" width=\"2480\" height=\"3508\" srcset=\"https:\/\/genatronik.com\/wp-content\/uploads\/2025\/04\/Sensor3\u65e0\u9700\u7b49\u5f85.png 2480w, https:\/\/genatronik.com\/wp-content\/uploads\/2025\/04\/Sensor3\u65e0\u9700\u7b49\u5f85-212x300.png 212w, https:\/\/genatronik.com\/wp-content\/uploads\/2025\/04\/Sensor3\u65e0\u9700\u7b49\u5f85-724x1024.png 724w, https:\/\/genatronik.com\/wp-content\/uploads\/2025\/04\/Sensor3\u65e0\u9700\u7b49\u5f85-768x1086.png 768w, https:\/\/genatronik.com\/wp-content\/uploads\/2025\/04\/Sensor3\u65e0\u9700\u7b49\u5f85-1086x1536.png 1086w, https:\/\/genatronik.com\/wp-content\/uploads\/2025\/04\/Sensor3\u65e0\u9700\u7b49\u5f85-1448x2048.png 1448w, https:\/\/genatronik.com\/wp-content\/uploads\/2025\/04\/Sensor3\u65e0\u9700\u7b49\u5f85-8x12.png 8w, https:\/\/genatronik.com\/wp-content\/uploads\/2025\/04\/Sensor3\u65e0\u9700\u7b49\u5f85-600x849.png 600w\" sizes=\"(max-width: 2480px) 100vw, 2480px\" \/><\/td>\n<td style=\"width: 80%; border: none;\">\n<h5>Verl\u00e4ngerbare Kabel<\/h5>\n<p><span style=\"font-size: 19px;\">Erm\u00f6glicht die Messung in unterschiedlichen Entfernungen und verhindert gleichzeitig den durch \u00fcberm\u00e4\u00dfige L\u00e4nge verursachten Kabelsalat<\/span><\/td>\n<\/tr>\n<tr style=\"border: none;\">\n<td style=\"border: none; width: 20%;\"><\/td>\n<td style=\"border: none; width: 80%;\"><\/td>\n<\/tr>\n<tr style=\"border: none;\">\n<td style=\"border: none; width: 20%;\"><img loading=\"lazy\" decoding=\"async\" class=\"alignnone wp-image-6383 size-full\" src=\"https:\/\/genatronik.com\/wp-content\/uploads\/2025\/04\/Sensor4.png\" alt=\"\" width=\"2480\" height=\"3508\" srcset=\"https:\/\/genatronik.com\/wp-content\/uploads\/2025\/04\/Sensor4.png 2480w, https:\/\/genatronik.com\/wp-content\/uploads\/2025\/04\/Sensor4-212x300.png 212w, https:\/\/genatronik.com\/wp-content\/uploads\/2025\/04\/Sensor4-724x1024.png 724w, https:\/\/genatronik.com\/wp-content\/uploads\/2025\/04\/Sensor4-768x1086.png 768w, https:\/\/genatronik.com\/wp-content\/uploads\/2025\/04\/Sensor4-1086x1536.png 1086w, https:\/\/genatronik.com\/wp-content\/uploads\/2025\/04\/Sensor4-1448x2048.png 1448w, https:\/\/genatronik.com\/wp-content\/uploads\/2025\/04\/Sensor4-8x12.png 8w, https:\/\/genatronik.com\/wp-content\/uploads\/2025\/04\/Sensor4-600x849.png 600w\" sizes=\"(max-width: 2480px) 100vw, 2480px\" \/><\/td>\n<td style=\"border: none; width: 80%;\">\n<h5>Modernes und innovatives Erscheinungsbild<\/h5>\n<p><span style=\"font-size: 19px;\">Gew\u00e4hrleistet eine genaue Datenerfassung und hohe \u00dcbertragungsstabilit\u00e4t.<\/span><\/td>\n<\/tr>\n<tr style=\"border: none;\">\n<td style=\"border: none; width: 20%;\"><\/td>\n<td style=\"border: none; width: 80%;\"><\/td>\n<\/tr>\n<tr style=\"border: none;\">\n<td style=\"border: none; width: 20%;\"><\/td>\n<td style=\"border: none; width: 80%;\"><\/td>\n<\/tr>\n<tr style=\"border: none;\">\n<td style=\"border: none; width: 20%;\"><\/td>\n<td style=\"border: none; width: 80%;\"><\/td>\n<\/tr>\n<tr style=\"border: none;\">\n<td style=\"border: none; width: 20%;\"><\/td>\n<td style=\"border: none; width: 80%;\"><\/td>\n<\/tr>\n<tr style=\"border: none;\">\n<td style=\"border: none; width: 20%;\"><\/td>\n<td style=\"border: none; width: 80%;\"><\/td>\n<\/tr>\n<tr style=\"border: none;\">\n<td style=\"border: none; width: 20%;\"><\/td>\n<td style=\"border: none; width: 80%;\"><\/td>\n<\/tr>\n<\/tbody>\n<\/table>","protected":false},"excerpt":{"rendered":"<p>\u25cfMax. Prim\u00e4rstrom: 30A<br \/>\nArbeiten Sie mit ecoMain oder ecoSub zusammen<br \/>\n\u25cfSt\u00fcckzahl: 5 St\u00fcck<br \/>\n\u25cfStandard Kabell\u00e4nge: 50cm<br \/>\n\u25cfAbmessungen (L\u00d7B\u00d7H):34x50x12,4(mm)<\/p>","protected":false},"featured_media":4456,"comment_status":"open","ping_status":"closed","template":"","meta":{"_surecart_dashboard_logo_width":"180px","_surecart_dashboard_show_logo":true,"_surecart_dashboard_navigation_orders":true,"_surecart_dashboard_navigation_invoices":true,"_surecart_dashboard_navigation_subscriptions":true,"_surecart_dashboard_navigation_downloads":true,"_surecart_dashboard_navigation_billing":true,"_surecart_dashboard_navigation_account":true,"_uag_custom_page_level_css":"","site-sidebar-layout":"default","site-content-layout":"","ast-site-content-layout":"default","site-content-style":"default","site-sidebar-style":"default","ast-global-header-display":"","ast-banner-title-visibility":"","ast-main-header-display":"","ast-hfb-above-header-display":"","ast-hfb-below-header-display":"","ast-hfb-mobile-header-display":"","site-post-title":"","ast-breadcrumbs-content":"","ast-featured-img":"","footer-sml-layout":"","theme-transparent-header-meta":"default","adv-header-id-meta":"","stick-header-meta":"default","header-above-stick-meta":"","header-main-stick-meta":"","header-below-stick-meta":"","astra-migrate-meta-layouts":"set","ast-page-background-enabled":"default","ast-page-background-meta":{"desktop":{"background-color":"var(--ast-global-color-4)","background-image":"","background-repeat":"repeat","background-position":"center center","background-size":"auto","background-attachment":"scroll","background-type":"","background-media":"","overlay-type":"","overlay-color":"","overlay-opacity":"","overlay-gradient":""},"tablet":{"background-color":"","background-image":"","background-repeat":"repeat","background-position":"center center","background-size":"auto","background-attachment":"scroll","background-type":"","background-media":"","overlay-type":"","overlay-color":"","overlay-opacity":"","overlay-gradient":""},"mobile":{"background-color":"","background-image":"","background-repeat":"repeat","background-position":"center center","background-size":"auto","background-attachment":"scroll","background-type":"","background-media":"","overlay-type":"","overlay-color":"","overlay-opacity":"","overlay-gradient":""}},"ast-content-background-meta":{"desktop":{"background-color":"var(--ast-global-color-5)","background-image":"","background-repeat":"repeat","background-position":"center center","background-size":"auto","background-attachment":"scroll","background-type":"","background-media":"","overlay-type":"","overlay-color":"","overlay-opacity":"","overlay-gradient":""},"tablet":{"background-color":"var(--ast-global-color-5)","background-image":"","background-repeat":"repeat","background-position":"center center","background-size":"auto","background-attachment":"scroll","background-type":"","background-media":"","overlay-type":"","overlay-color":"","overlay-opacity":"","overlay-gradient":""},"mobile":{"background-color":"var(--ast-global-color-5)","background-image":"","background-repeat":"repeat","background-position":"center center","background-size":"auto","background-attachment":"scroll","background-type":"","background-media":"","overlay-type":"","overlay-color":"","overlay-opacity":"","overlay-gradient":""}}},"product_brand":[164],"product_cat":[142,46,146],"product_tag":[],"class_list":{"0":"post-4455","1":"product","2":"type-product","3":"status-publish","4":"has-post-thumbnail","6":"product_brand-econest","7":"product_cat-products","8":"product_cat-hems","9":"product_cat-ecosensor","10":"desktop-align-left","11":"tablet-align-left","12":"mobile-align-left","13":"ast-product-gallery-layout-horizontal-slider","14":"ast-product-tabs-layout-horizontal","16":"first","17":"instock","18":"taxable","19":"shipping-taxable","20":"purchasable","21":"product-type-simple"},"yoast_head":"<!-- This site is optimized with the Yoast SEO plugin v26.2 - https:\/\/yoast.com\/wordpress\/plugins\/seo\/ -->\n<title>econest ecoSensor(E2403) - Genatronik<\/title>\n<meta name=\"description\" content=\"ecoSensor is an important component of the HEMS. It connects with ecoMain or ecoSub, responsible for directly collecting current data and transmitting it to ecoMain and ecoSub\" \/>\n<meta name=\"robots\" content=\"index, follow, max-snippet:-1, max-image-preview:large, max-video-preview:-1\" \/>\n<link rel=\"canonical\" href=\"https:\/\/genatronik.com\/de\/produkt\/e2403\/\" \/>\n<meta property=\"og:locale\" content=\"de_DE\" \/>\n<meta property=\"og:type\" content=\"article\" \/>\n<meta property=\"og:title\" content=\"econest ecoSensor(E2403) - Genatronik\" \/>\n<meta property=\"og:description\" content=\"ecoSensor is an important component of the HEMS. It connects with ecoMain or ecoSub, responsible for directly collecting current data and transmitting it to ecoMain and ecoSub\" \/>\n<meta property=\"og:url\" content=\"https:\/\/genatronik.com\/de\/produkt\/e2403\/\" \/>\n<meta property=\"og:site_name\" content=\"Genatronik\" \/>\n<meta property=\"article:modified_time\" content=\"2025-05-05T09:40:41+00:00\" \/>\n<meta property=\"og:image\" content=\"https:\/\/genatronik.com\/wp-content\/uploads\/2025\/03\/6.3.1600-1200.png\" \/>\n\t<meta property=\"og:image:width\" content=\"1600\" \/>\n\t<meta property=\"og:image:height\" content=\"1200\" \/>\n\t<meta property=\"og:image:type\" content=\"image\/png\" \/>\n<meta name=\"twitter:card\" content=\"summary_large_image\" \/>\n<meta name=\"twitter:label1\" content=\"Gesch\u00e4tzte Lesezeit\" \/>\n\t<meta name=\"twitter:data1\" content=\"2\u00a0Minuten\" \/>\n<script type=\"application\/ld+json\" class=\"yoast-schema-graph\">{\"@context\":\"https:\/\/schema.org\",\"@graph\":[{\"@type\":\"WebPage\",\"@id\":\"https:\/\/genatronik.com\/fr\/product\/e2403\/\",\"url\":\"https:\/\/genatronik.com\/fr\/product\/e2403\/\",\"name\":\"econest ecoSensor(E2403) - Genatronik\",\"isPartOf\":{\"@id\":\"https:\/\/genatronik.com\/en\/#website\"},\"primaryImageOfPage\":{\"@id\":\"https:\/\/genatronik.com\/fr\/product\/e2403\/#primaryimage\"},\"image\":{\"@id\":\"https:\/\/genatronik.com\/fr\/product\/e2403\/#primaryimage\"},\"thumbnailUrl\":\"https:\/\/genatronik.com\/wp-content\/uploads\/2025\/03\/6.3.1600-1200.png\",\"datePublished\":\"2025-04-01T13:19:38+00:00\",\"dateModified\":\"2025-05-05T09:40:41+00:00\",\"description\":\"ecoSensor is an important component of the HEMS. It connects with ecoMain or ecoSub, responsible for directly collecting current data and transmitting it to ecoMain and ecoSub\",\"breadcrumb\":{\"@id\":\"https:\/\/genatronik.com\/fr\/product\/e2403\/#breadcrumb\"},\"inLanguage\":\"de\",\"potentialAction\":[{\"@type\":\"ReadAction\",\"target\":[\"https:\/\/genatronik.com\/fr\/product\/e2403\/\"]}]},{\"@type\":\"ImageObject\",\"inLanguage\":\"de\",\"@id\":\"https:\/\/genatronik.com\/fr\/product\/e2403\/#primaryimage\",\"url\":\"https:\/\/genatronik.com\/wp-content\/uploads\/2025\/03\/6.3.1600-1200.png\",\"contentUrl\":\"https:\/\/genatronik.com\/wp-content\/uploads\/2025\/03\/6.3.1600-1200.png\",\"width\":1600,\"height\":1200},{\"@type\":\"BreadcrumbList\",\"@id\":\"https:\/\/genatronik.com\/fr\/product\/e2403\/#breadcrumb\",\"itemListElement\":[{\"@type\":\"ListItem\",\"position\":1,\"name\":\"Home\",\"item\":\"https:\/\/genatronik.com\/\"},{\"@type\":\"ListItem\",\"position\":2,\"name\":\"Produkte\",\"item\":\"https:\/\/genatronik.com\/de\/shop\/\"},{\"@type\":\"ListItem\",\"position\":3,\"name\":\"Products\",\"item\":\"https:\/\/genatronik.com\/product-category\/products\/\"},{\"@type\":\"ListItem\",\"position\":4,\"name\":\"Home Electricity Monitor System\",\"item\":\"https:\/\/genatronik.com\/product-category\/products\/hems\/\"},{\"@type\":\"ListItem\",\"position\":5,\"name\":\"EcoSensor(E2403)\",\"item\":\"https:\/\/genatronik.com\/en\/product-category\/products\/hems\/ecosensor\/\"},{\"@type\":\"ListItem\",\"position\":6,\"name\":\"econest ecoSensor(E2403)\"}]},{\"@type\":\"WebSite\",\"@id\":\"https:\/\/genatronik.com\/en\/#website\",\"url\":\"https:\/\/genatronik.com\/en\/\",\"name\":\"Genatronik\",\"description\":\"Advanced Devices. Reliable Service.\",\"publisher\":{\"@id\":\"https:\/\/genatronik.com\/en\/#organization\"},\"potentialAction\":[{\"@type\":\"SearchAction\",\"target\":{\"@type\":\"EntryPoint\",\"urlTemplate\":\"https:\/\/genatronik.com\/en\/?s={search_term_string}\"},\"query-input\":{\"@type\":\"PropertyValueSpecification\",\"valueRequired\":true,\"valueName\":\"search_term_string\"}}],\"inLanguage\":\"de\"},{\"@type\":\"Organization\",\"@id\":\"https:\/\/genatronik.com\/en\/#organization\",\"name\":\"Genatronik\",\"url\":\"https:\/\/genatronik.com\/en\/\",\"logo\":{\"@type\":\"ImageObject\",\"inLanguage\":\"de\",\"@id\":\"https:\/\/genatronik.com\/en\/#\/schema\/logo\/image\/\",\"url\":\"https:\/\/genatronik.com\/wp-content\/uploads\/2025\/05\/genatronik_logo_header-scaled.png\",\"contentUrl\":\"https:\/\/genatronik.com\/wp-content\/uploads\/2025\/05\/genatronik_logo_header-scaled.png\",\"width\":2560,\"height\":448,\"caption\":\"Genatronik\"},\"image\":{\"@id\":\"https:\/\/genatronik.com\/en\/#\/schema\/logo\/image\/\"}}]}<\/script>\n<!-- \/ Yoast SEO plugin. -->","yoast_head_json":{"title":"econest ecoSensor(E2403) - Genatronik","description":"ecoSensor ist ein wichtiger Bestandteil des HEMS. Er wird mit ecoMain oder ecoSub verbunden und ist daf\u00fcr verantwortlich, aktuelle Daten direkt zu erfassen und an ecoMain und ecoSub zu \u00fcbermitteln","robots":{"index":"index","follow":"follow","max-snippet":"max-snippet:-1","max-image-preview":"max-image-preview:large","max-video-preview":"max-video-preview:-1"},"canonical":"https:\/\/genatronik.com\/de\/produkt\/e2403\/","og_locale":"de_DE","og_type":"article","og_title":"econest ecoSensor(E2403) - Genatronik","og_description":"ecoSensor is an important component of the HEMS. It connects with ecoMain or ecoSub, responsible for directly collecting current data and transmitting it to ecoMain and ecoSub","og_url":"https:\/\/genatronik.com\/de\/produkt\/e2403\/","og_site_name":"Genatronik","article_modified_time":"2025-05-05T09:40:41+00:00","og_image":[{"width":1600,"height":1200,"url":"https:\/\/genatronik.com\/wp-content\/uploads\/2025\/03\/6.3.1600-1200.png","type":"image\/png"}],"twitter_card":"summary_large_image","twitter_misc":{"Gesch\u00e4tzte Lesezeit":"2\u00a0Minuten"},"schema":{"@context":"https:\/\/schema.org","@graph":[{"@type":"WebPage","@id":"https:\/\/genatronik.com\/fr\/product\/e2403\/","url":"https:\/\/genatronik.com\/fr\/product\/e2403\/","name":"econest ecoSensor(E2403) - Genatronik","isPartOf":{"@id":"https:\/\/genatronik.com\/en\/#website"},"primaryImageOfPage":{"@id":"https:\/\/genatronik.com\/fr\/product\/e2403\/#primaryimage"},"image":{"@id":"https:\/\/genatronik.com\/fr\/product\/e2403\/#primaryimage"},"thumbnailUrl":"https:\/\/genatronik.com\/wp-content\/uploads\/2025\/03\/6.3.1600-1200.png","datePublished":"2025-04-01T13:19:38+00:00","dateModified":"2025-05-05T09:40:41+00:00","description":"ecoSensor ist ein wichtiger Bestandteil des HEMS. Er wird mit ecoMain oder ecoSub verbunden und ist daf\u00fcr verantwortlich, aktuelle Daten direkt zu erfassen und an ecoMain und ecoSub zu \u00fcbermitteln","breadcrumb":{"@id":"https:\/\/genatronik.com\/fr\/product\/e2403\/#breadcrumb"},"inLanguage":"de","potentialAction":[{"@type":"ReadAction","target":["https:\/\/genatronik.com\/fr\/product\/e2403\/"]}]},{"@type":"ImageObject","inLanguage":"de","@id":"https:\/\/genatronik.com\/fr\/product\/e2403\/#primaryimage","url":"https:\/\/genatronik.com\/wp-content\/uploads\/2025\/03\/6.3.1600-1200.png","contentUrl":"https:\/\/genatronik.com\/wp-content\/uploads\/2025\/03\/6.3.1600-1200.png","width":1600,"height":1200},{"@type":"BreadcrumbList","@id":"https:\/\/genatronik.com\/fr\/product\/e2403\/#breadcrumb","itemListElement":[{"@type":"ListItem","position":1,"name":"Home","item":"https:\/\/genatronik.com\/"},{"@type":"ListItem","position":2,"name":"Produkte","item":"https:\/\/genatronik.com\/de\/shop\/"},{"@type":"ListItem","position":3,"name":"Products","item":"https:\/\/genatronik.com\/product-category\/products\/"},{"@type":"ListItem","position":4,"name":"Home Electricity Monitor System","item":"https:\/\/genatronik.com\/product-category\/products\/hems\/"},{"@type":"ListItem","position":5,"name":"EcoSensor(E2403)","item":"https:\/\/genatronik.com\/en\/product-category\/products\/hems\/ecosensor\/"},{"@type":"ListItem","position":6,"name":"econest ecoSensor(E2403)"}]},{"@type":"WebSite","@id":"https:\/\/genatronik.com\/en\/#website","url":"https:\/\/genatronik.com\/en\/","name":"Genatronik","description":"Fortschrittliche Ger\u00e4te. Zuverl\u00e4ssiger Service.","publisher":{"@id":"https:\/\/genatronik.com\/en\/#organization"},"potentialAction":[{"@type":"SearchAction","target":{"@type":"EntryPoint","urlTemplate":"https:\/\/genatronik.com\/en\/?s={search_term_string}"},"query-input":{"@type":"PropertyValueSpecification","valueRequired":true,"valueName":"search_term_string"}}],"inLanguage":"de"},{"@type":"Organization","@id":"https:\/\/genatronik.com\/en\/#organization","name":"Genatronik","url":"https:\/\/genatronik.com\/en\/","logo":{"@type":"ImageObject","inLanguage":"de","@id":"https:\/\/genatronik.com\/en\/#\/schema\/logo\/image\/","url":"https:\/\/genatronik.com\/wp-content\/uploads\/2025\/05\/genatronik_logo_header-scaled.png","contentUrl":"https:\/\/genatronik.com\/wp-content\/uploads\/2025\/05\/genatronik_logo_header-scaled.png","width":2560,"height":448,"caption":"Genatronik"},"image":{"@id":"https:\/\/genatronik.com\/en\/#\/schema\/logo\/image\/"}}]}},"uagb_featured_image_src":{"full":["https:\/\/genatronik.com\/wp-content\/uploads\/2025\/03\/6.3.1600-1200.png",1600,1200,false],"thumbnail":["https:\/\/genatronik.com\/wp-content\/uploads\/2025\/03\/6.3.1600-1200-150x150.png",150,150,true],"medium":["https:\/\/genatronik.com\/wp-content\/uploads\/2025\/03\/6.3.1600-1200-300x225.png",300,225,true],"medium_large":["https:\/\/genatronik.com\/wp-content\/uploads\/2025\/03\/6.3.1600-1200-768x576.png",768,576,true],"large":["https:\/\/genatronik.com\/wp-content\/uploads\/2025\/03\/6.3.1600-1200-1024x768.png",1024,768,true],"1536x1536":["https:\/\/genatronik.com\/wp-content\/uploads\/2025\/03\/6.3.1600-1200-1536x1152.png",1536,1152,true],"2048x2048":["https:\/\/genatronik.com\/wp-content\/uploads\/2025\/03\/6.3.1600-1200.png",1600,1200,false],"trp-custom-language-flag":["https:\/\/genatronik.com\/wp-content\/uploads\/2025\/03\/6.3.1600-1200-16x12.png",16,12,true],"tp-image-grid":["https:\/\/genatronik.com\/wp-content\/uploads\/2025\/03\/6.3.1600-1200-700x700.png",700,700,true],"woocommerce_thumbnail":["https:\/\/genatronik.com\/wp-content\/uploads\/2025\/03\/6.3.1600-1200-300x225.png",300,225,true],"woocommerce_single":["https:\/\/genatronik.com\/wp-content\/uploads\/2025\/03\/6.3.1600-1200-600x450.png",600,450,true],"woocommerce_gallery_thumbnail":["https:\/\/genatronik.com\/wp-content\/uploads\/2025\/03\/6.3.1600-1200-100x100.png",100,100,true]},"uagb_author_info":{"display_name":"guanyuan zhu","author_link":"https:\/\/genatronik.com\/de\/author\/"},"uagb_comment_info":0,"uagb_excerpt":"\u25cfMax primary current: 30A \u25cfWork with ecoMain or ecoSub together \u25cfQuantity: 5 pcs \u25cfStandard cable length: 50cm \u25cfDimensions(L\u00d7W\u00d7H):34x50x12.4(mm)","jetpack_sharing_enabled":true,"_links":{"self":[{"href":"https:\/\/genatronik.com\/de\/wp-json\/wp\/v2\/product\/4455","targetHints":{"allow":["GET"]}}],"collection":[{"href":"https:\/\/genatronik.com\/de\/wp-json\/wp\/v2\/product"}],"about":[{"href":"https:\/\/genatronik.com\/de\/wp-json\/wp\/v2\/types\/product"}],"replies":[{"embeddable":true,"href":"https:\/\/genatronik.com\/de\/wp-json\/wp\/v2\/comments?post=4455"}],"version-history":[{"count":41,"href":"https:\/\/genatronik.com\/de\/wp-json\/wp\/v2\/product\/4455\/revisions"}],"predecessor-version":[{"id":6907,"href":"https:\/\/genatronik.com\/de\/wp-json\/wp\/v2\/product\/4455\/revisions\/6907"}],"wp:featuredmedia":[{"embeddable":true,"href":"https:\/\/genatronik.com\/de\/wp-json\/wp\/v2\/media\/4456"}],"wp:attachment":[{"href":"https:\/\/genatronik.com\/de\/wp-json\/wp\/v2\/media?parent=4455"}],"wp:term":[{"taxonomy":"product_brand","embeddable":true,"href":"https:\/\/genatronik.com\/de\/wp-json\/wp\/v2\/product_brand?post=4455"},{"taxonomy":"product_cat","embeddable":true,"href":"https:\/\/genatronik.com\/de\/wp-json\/wp\/v2\/product_cat?post=4455"},{"taxonomy":"product_tag","embeddable":true,"href":"https:\/\/genatronik.com\/de\/wp-json\/wp\/v2\/product_tag?post=4455"}],"curies":[{"name":"wp","href":"https:\/\/api.w.org\/{rel}","templated":true}]}}