{"id":4168,"date":"2025-02-24T11:17:55","date_gmt":"2025-02-24T10:17:55","guid":{"rendered":"https:\/\/genatronik.com\/?post_type=product&#038;p=4168"},"modified":"2025-04-25T18:40:41","modified_gmt":"2025-04-25T16:40:41","slug":"rcp300-xs","status":"publish","type":"product","link":"https:\/\/genatronik.com\/de\/produkt\/rcp300-xs\/","title":{"rendered":"Micsig RCP300-XS"},"content":{"rendered":"<p>Die Rogowski-Sonden der RCP-Serie messen Wechselstr\u00f6me bis zu 600 Apk, minimal ab 200 mApk, mit einer Bandbreite von 10 Hz bis 30 MHz, einer Genauigkeit von 1 % und einem Rauschpegel von weniger als 2 bis 18 mVpp. Innerhalb des Messbereichs sind das Ausgangssignal des Systems und das zu messende Stromsignal immer linear, so dass sich die Genauigkeit nicht mit dem Strom \u00e4ndert; die Spule enth\u00e4lt keine magnetischen S\u00e4ttigungskomponenten und kein Magnetkern- oder S\u00e4ttigungsph\u00e4nomen, kein Erhitzungsproblem; die Rogowski-Spule enth\u00e4lt keine ferromagnetischen Materialien und hat daher keinen Hystereseeffekt; die Phasendifferenz zwischen dem Ausgangssignal und der Stromwellenform ist extrem klein und kann weniger als 0,8\u00b0 betragen.<\/p>\n<p>Die RCP-Modelle sind kompakt und einfach zu handhaben. Das RCP500 ist f\u00fcr das Micsig UPI Multifunktions-Tastkopf-Interface geeignet und ben\u00f6tigt bei Verwendung mit einigen neuen Micsig-Oszilloskopen keine zus\u00e4tzliche Batterie oder Stromversorgung. Er kann auch mit dem Micsig PA05 Adapter an Oszilloskope anderer Hersteller angepasst werden. Die Modelle RCP300-XS und RCP600-XS haben eine Standard-BNC-Schnittstelle und verf\u00fcgen \u00fcber einen DC 12 V-Anschluss. Die RCP-Modelle k\u00f6nnen Stromsignale mit komplexen Kurvenformen messen, wie z.B. transiente Einschaltstr\u00f6me von Leistungsger\u00e4ten, sinusf\u00f6rmige Str\u00f6me von dreiphasigen Str\u00f6men dreiphasiger Stromversorgungssysteme, harmonische Komponenten von gemessenen Str\u00f6men, Strommessungen von IGBTs und MOSFETs, etc.<\/p>\n<p>&nbsp;<\/p>\n<table class=\"long-desc-table\">\n<thead class=\"long-desc-thd\">\n<tr>\n<th>Modell<\/th>\n<th>RCP500<\/th>\n<th>RCP300-XS<\/th>\n<th>RCP600-XS<\/th>\n<\/tr>\n<\/thead>\n<tbody>\n<tr class=\"longt-desc-tr\">\n<td>Bandbreite<\/td>\n<td>15 Hz - 300 kHz (-3 dB)<\/td>\n<td>10 Hz - 30 MHz<\/td>\n<td>10 Hz - 30 MHz<\/td>\n<\/tr>\n<tr class=\"accordion-opened\">\n<td>Aktueller Bereich<\/td>\n<td>200 mApk - 500 Apk<\/td>\n<td>200 mApk - 300 Apk<\/td>\n<td>200 mApk - 600 Apk<\/td>\n<\/tr>\n<tr class=\"accordion-opened\">\n<td>Ausgangsstecker<\/td>\n<td>BNC \/ UPI<\/td>\n<td>BNC<\/td>\n<td>BNC<\/td>\n<\/tr>\n<tr class=\"accordion-opened\">\n<td>Empfindlichkeit des Ausgangs<\/td>\n<td>10 mV\/A<\/td>\n<td>20 mV\/A<\/td>\n<td>10 mV\/A<\/td>\n<\/tr>\n<tr class=\"accordion-opened\">\n<td>Typische Genauigkeit<\/td>\n<td>1%<\/td>\n<td>1%<\/td>\n<td>1%<\/td>\n<\/tr>\n<tr class=\"accordion-opened\">\n<td>Max. Spannung<\/td>\n<td>AC 10 kVRMS (1 min, 50 Hz\/60 Hz, nur Rogowski-Spulenteil)<\/td>\n<td>AC 2 kVRMS (1 min, 50 Hz\/60 Hz, nur Rogowski-Spulenteil)<\/td>\n<td>AC 2 kVRMS (1 min, 50 Hz\/60 Hz, nur Rogowski-Spulenteil)<\/td>\n<\/tr>\n<tr class=\"accordion-opened\">\n<td>Ausgangsrauschen<\/td>\n<td>2 mVRMS<\/td>\n<td>&lt; 18 mVRMS<\/td>\n<td>&lt; 12 mVRMS<\/td>\n<\/tr>\n<tr class=\"accordion-opened\">\n<td>Durchmesser des zu pr\u00fcfenden Leiters<\/td>\n<td>\u226450 mm<\/td>\n<td>\u226425 mm<\/td>\n<td>\u226425 mm<\/td>\n<\/tr>\n<tr class=\"accordion-opened\">\n<td>Stromversorgung<\/td>\n<td>Micsig UPI-Multifunktionsschnittstelle, Adapter (USB-Stromversorgung)<\/td>\n<td>12 V GLEICHSTROM<\/td>\n<td>12 V GLEICHSTROM<\/td>\n<\/tr>\n<tr class=\"accordion-opened\">\n<td>L\u00e4nge des Kabels zwischen Spule und Integrator<\/td>\n<td>2 m (anpassbar)<\/td>\n<td>1,5 m (anpassbar)<\/td>\n<td>1,5 m (anpassbar)<\/td>\n<\/tr>\n<tr class=\"accordion-opened\">\n<td>Abmessungen des Integrators (mm)<\/td>\n<td>37 x 22 x 82<\/td>\n<td>70 x 40 x 17<\/td>\n<td>70 x 40 x 17<\/td>\n<\/tr>\n<tr class=\"accordion-opened\">\n<td>Rogowski-Spule<\/td>\n<td>Innendurchmesser 50 mm (anpassbar), Spulendicke ca. 6 mm<\/td>\n<td>Innendurchmesser 25 mm (anpassbar), Spulendicke ca. 1,6 mm<\/td>\n<td>Innendurchmesser 25 mm (anpassbar), Spulendicke ca. 1,6 mm|<\/td>\n<\/tr>\n<\/tbody>\n<\/table>","protected":false},"excerpt":{"rendered":"<p>Stromsonde f\u00fcr AC (Rogowski) - kompatibel mit allen Oszilloskopen (BNC-Anschluss)<\/p>\n<ul>\n<li>Bandbreite 10 Hz bis zu 30 MHz<\/li>\n<li>Strombereich 300 A bei 0,02 V\/A Empfindlichkeit<\/li>\n<li>Stromversorgung \u00fcber USB-Anschluss<\/li>\n<\/ul>","protected":false},"featured_media":4169,"comment_status":"open","ping_status":"closed","template":"","meta":{"_surecart_dashboard_logo_width":"180px","_surecart_dashboard_show_logo":true,"_surecart_dashboard_navigation_orders":true,"_surecart_dashboard_navigation_invoices":true,"_surecart_dashboard_navigation_subscriptions":true,"_surecart_dashboard_navigation_downloads":true,"_surecart_dashboard_navigation_billing":true,"_surecart_dashboard_navigation_account":true,"_uag_custom_page_level_css":"","site-sidebar-layout":"default","site-content-layout":"","ast-site-content-layout":"default","site-content-style":"default","site-sidebar-style":"default","ast-global-header-display":"","ast-banner-title-visibility":"","ast-main-header-display":"","ast-hfb-above-header-display":"","ast-hfb-below-header-display":"","ast-hfb-mobile-header-display":"","site-post-title":"","ast-breadcrumbs-content":"","ast-featured-img":"","footer-sml-layout":"","ast-disable-related-posts":"","theme-transparent-header-meta":"default","adv-header-id-meta":"","stick-header-meta":"default","header-above-stick-meta":"","header-main-stick-meta":"","header-below-stick-meta":"","astra-migrate-meta-layouts":"set","ast-page-background-enabled":"default","ast-page-background-meta":{"desktop":{"background-color":"var(--ast-global-color-4)","background-image":"","background-repeat":"repeat","background-position":"center center","background-size":"auto","background-attachment":"scroll","background-type":"","background-media":"","overlay-type":"","overlay-color":"","overlay-opacity":"","overlay-gradient":""},"tablet":{"background-color":"","background-image":"","background-repeat":"repeat","background-position":"center center","background-size":"auto","background-attachment":"scroll","background-type":"","background-media":"","overlay-type":"","overlay-color":"","overlay-opacity":"","overlay-gradient":""},"mobile":{"background-color":"","background-image":"","background-repeat":"repeat","background-position":"center center","background-size":"auto","background-attachment":"scroll","background-type":"","background-media":"","overlay-type":"","overlay-color":"","overlay-opacity":"","overlay-gradient":""}},"ast-content-background-meta":{"desktop":{"background-color":"var(--ast-global-color-5)","background-image":"","background-repeat":"repeat","background-position":"center center","background-size":"auto","background-attachment":"scroll","background-type":"","background-media":"","overlay-type":"","overlay-color":"","overlay-opacity":"","overlay-gradient":""},"tablet":{"background-color":"var(--ast-global-color-5)","background-image":"","background-repeat":"repeat","background-position":"center center","background-size":"auto","background-attachment":"scroll","background-type":"","background-media":"","overlay-type":"","overlay-color":"","overlay-opacity":"","overlay-gradient":""},"mobile":{"background-color":"var(--ast-global-color-5)","background-image":"","background-repeat":"repeat","background-position":"center center","background-size":"auto","background-attachment":"scroll","background-type":"","background-media":"","overlay-type":"","overlay-color":"","overlay-opacity":"","overlay-gradient":""}}},"product_brand":[],"product_cat":[110,113,120,126],"product_tag":[],"class_list":{"0":"post-4168","1":"product","2":"type-product","3":"status-publish","4":"has-post-thumbnail","6":"product_cat-probe","7":"product_cat-all-current-probe","8":"product_cat-micsig-probe","9":"product_cat-rcp-rogowski-ac-current-probes","10":"desktop-align-left","11":"tablet-align-left","12":"mobile-align-left","13":"ast-product-gallery-layout-horizontal-slider","14":"ast-product-gallery-with-no-image","15":"ast-product-tabs-layout-horizontal","17":"first","18":"instock","19":"taxable","20":"shipping-taxable","21":"purchasable","22":"product-type-simple"},"yoast_head":"<!-- This site is optimized with the Yoast SEO plugin v26.2 - https:\/\/yoast.com\/wordpress\/plugins\/seo\/ -->\n<title>Micsig RCP300-XS - Genatronik<\/title>\n<meta name=\"robots\" content=\"index, follow, max-snippet:-1, max-image-preview:large, max-video-preview:-1\" \/>\n<link rel=\"canonical\" href=\"https:\/\/genatronik.com\/de\/produkt\/rcp300-xs\/\" \/>\n<meta property=\"og:locale\" content=\"de_DE\" \/>\n<meta property=\"og:type\" content=\"article\" \/>\n<meta property=\"og:title\" content=\"Micsig RCP300-XS - Genatronik\" \/>\n<meta property=\"og:description\" content=\"Current probe for AC (Rogowski) - compatible with all oscilloscopes (BNC connector)   Bandwidth 10 Hz up to 30 MHz  Current range 300 A at 0.02 V\/A sensitivity  Power supply via USB connection\" \/>\n<meta property=\"og:url\" content=\"https:\/\/genatronik.com\/de\/produkt\/rcp300-xs\/\" \/>\n<meta property=\"og:site_name\" content=\"Genatronik\" \/>\n<meta property=\"article:modified_time\" content=\"2025-04-25T16:40:41+00:00\" \/>\n<meta property=\"og:image\" content=\"https:\/\/genatronik.com\/wp-content\/uploads\/2025\/02\/RCP300-1600-1200.png\" \/>\n\t<meta property=\"og:image:width\" content=\"1600\" \/>\n\t<meta property=\"og:image:height\" content=\"1200\" \/>\n\t<meta property=\"og:image:type\" content=\"image\/png\" \/>\n<meta name=\"twitter:card\" content=\"summary_large_image\" \/>\n<meta name=\"twitter:label1\" content=\"Gesch\u00e4tzte Lesezeit\" \/>\n\t<meta name=\"twitter:data1\" content=\"3\u00a0Minuten\" \/>\n<script type=\"application\/ld+json\" class=\"yoast-schema-graph\">{\"@context\":\"https:\/\/schema.org\",\"@graph\":[{\"@type\":\"WebPage\",\"@id\":\"https:\/\/genatronik.com\/en\/product\/rcp300-xs\/\",\"url\":\"https:\/\/genatronik.com\/en\/product\/rcp300-xs\/\",\"name\":\"Micsig RCP300-XS - Genatronik\",\"isPartOf\":{\"@id\":\"https:\/\/genatronik.com\/en\/#website\"},\"primaryImageOfPage\":{\"@id\":\"https:\/\/genatronik.com\/en\/product\/rcp300-xs\/#primaryimage\"},\"image\":{\"@id\":\"https:\/\/genatronik.com\/en\/product\/rcp300-xs\/#primaryimage\"},\"thumbnailUrl\":\"https:\/\/genatronik.com\/wp-content\/uploads\/2025\/02\/RCP300-1600-1200.png\",\"datePublished\":\"2025-02-24T10:17:55+00:00\",\"dateModified\":\"2025-04-25T16:40:41+00:00\",\"breadcrumb\":{\"@id\":\"https:\/\/genatronik.com\/en\/product\/rcp300-xs\/#breadcrumb\"},\"inLanguage\":\"de\",\"potentialAction\":[{\"@type\":\"ReadAction\",\"target\":[\"https:\/\/genatronik.com\/en\/product\/rcp300-xs\/\"]}]},{\"@type\":\"ImageObject\",\"inLanguage\":\"de\",\"@id\":\"https:\/\/genatronik.com\/en\/product\/rcp300-xs\/#primaryimage\",\"url\":\"https:\/\/genatronik.com\/wp-content\/uploads\/2025\/02\/RCP300-1600-1200.png\",\"contentUrl\":\"https:\/\/genatronik.com\/wp-content\/uploads\/2025\/02\/RCP300-1600-1200.png\",\"width\":1600,\"height\":1200},{\"@type\":\"BreadcrumbList\",\"@id\":\"https:\/\/genatronik.com\/en\/product\/rcp300-xs\/#breadcrumb\",\"itemListElement\":[{\"@type\":\"ListItem\",\"position\":1,\"name\":\"Home\",\"item\":\"https:\/\/genatronik.com\/\"},{\"@type\":\"ListItem\",\"position\":2,\"name\":\"Produkte\",\"item\":\"https:\/\/genatronik.com\/de\/shop\/\"},{\"@type\":\"ListItem\",\"position\":3,\"name\":\"Products\",\"item\":\"https:\/\/genatronik.com\/product-category\/products\/\"},{\"@type\":\"ListItem\",\"position\":4,\"name\":\"Test &amp; Measure\",\"item\":\"https:\/\/genatronik.com\/product-category\/products\/test-measure\/\"},{\"@type\":\"ListItem\",\"position\":5,\"name\":\"Probe\",\"item\":\"https:\/\/genatronik.com\/en\/product-category\/products\/test-measure\/probe\/\"},{\"@type\":\"ListItem\",\"position\":6,\"name\":\"Micsig RCP300-XS\"}]},{\"@type\":\"WebSite\",\"@id\":\"https:\/\/genatronik.com\/en\/#website\",\"url\":\"https:\/\/genatronik.com\/en\/\",\"name\":\"Genatronik\",\"description\":\"Advanced Devices. Reliable Service.\",\"publisher\":{\"@id\":\"https:\/\/genatronik.com\/en\/#organization\"},\"potentialAction\":[{\"@type\":\"SearchAction\",\"target\":{\"@type\":\"EntryPoint\",\"urlTemplate\":\"https:\/\/genatronik.com\/en\/?s={search_term_string}\"},\"query-input\":{\"@type\":\"PropertyValueSpecification\",\"valueRequired\":true,\"valueName\":\"search_term_string\"}}],\"inLanguage\":\"de\"},{\"@type\":\"Organization\",\"@id\":\"https:\/\/genatronik.com\/en\/#organization\",\"name\":\"Genatronik\",\"url\":\"https:\/\/genatronik.com\/en\/\",\"logo\":{\"@type\":\"ImageObject\",\"inLanguage\":\"de\",\"@id\":\"https:\/\/genatronik.com\/en\/#\/schema\/logo\/image\/\",\"url\":\"https:\/\/genatronik.com\/wp-content\/uploads\/2025\/05\/genatronik_logo_header-scaled.png\",\"contentUrl\":\"https:\/\/genatronik.com\/wp-content\/uploads\/2025\/05\/genatronik_logo_header-scaled.png\",\"width\":2560,\"height\":448,\"caption\":\"Genatronik\"},\"image\":{\"@id\":\"https:\/\/genatronik.com\/en\/#\/schema\/logo\/image\/\"}}]}<\/script>\n<!-- \/ Yoast SEO plugin. -->","yoast_head_json":{"title":"Micsig RCP300-XS - Genatronik","robots":{"index":"index","follow":"follow","max-snippet":"max-snippet:-1","max-image-preview":"max-image-preview:large","max-video-preview":"max-video-preview:-1"},"canonical":"https:\/\/genatronik.com\/de\/produkt\/rcp300-xs\/","og_locale":"de_DE","og_type":"article","og_title":"Micsig RCP300-XS - Genatronik","og_description":"Current probe for AC (Rogowski) - compatible with all oscilloscopes (BNC connector)   Bandwidth 10 Hz up to 30 MHz  Current range 300 A at 0.02 V\/A sensitivity  Power supply via USB connection","og_url":"https:\/\/genatronik.com\/de\/produkt\/rcp300-xs\/","og_site_name":"Genatronik","article_modified_time":"2025-04-25T16:40:41+00:00","og_image":[{"width":1600,"height":1200,"url":"https:\/\/genatronik.com\/wp-content\/uploads\/2025\/02\/RCP300-1600-1200.png","type":"image\/png"}],"twitter_card":"summary_large_image","twitter_misc":{"Gesch\u00e4tzte Lesezeit":"3\u00a0Minuten"},"schema":{"@context":"https:\/\/schema.org","@graph":[{"@type":"WebPage","@id":"https:\/\/genatronik.com\/en\/product\/rcp300-xs\/","url":"https:\/\/genatronik.com\/en\/product\/rcp300-xs\/","name":"Micsig RCP300-XS - Genatronik","isPartOf":{"@id":"https:\/\/genatronik.com\/en\/#website"},"primaryImageOfPage":{"@id":"https:\/\/genatronik.com\/en\/product\/rcp300-xs\/#primaryimage"},"image":{"@id":"https:\/\/genatronik.com\/en\/product\/rcp300-xs\/#primaryimage"},"thumbnailUrl":"https:\/\/genatronik.com\/wp-content\/uploads\/2025\/02\/RCP300-1600-1200.png","datePublished":"2025-02-24T10:17:55+00:00","dateModified":"2025-04-25T16:40:41+00:00","breadcrumb":{"@id":"https:\/\/genatronik.com\/en\/product\/rcp300-xs\/#breadcrumb"},"inLanguage":"de","potentialAction":[{"@type":"ReadAction","target":["https:\/\/genatronik.com\/en\/product\/rcp300-xs\/"]}]},{"@type":"ImageObject","inLanguage":"de","@id":"https:\/\/genatronik.com\/en\/product\/rcp300-xs\/#primaryimage","url":"https:\/\/genatronik.com\/wp-content\/uploads\/2025\/02\/RCP300-1600-1200.png","contentUrl":"https:\/\/genatronik.com\/wp-content\/uploads\/2025\/02\/RCP300-1600-1200.png","width":1600,"height":1200},{"@type":"BreadcrumbList","@id":"https:\/\/genatronik.com\/en\/product\/rcp300-xs\/#breadcrumb","itemListElement":[{"@type":"ListItem","position":1,"name":"Home","item":"https:\/\/genatronik.com\/"},{"@type":"ListItem","position":2,"name":"Produkte","item":"https:\/\/genatronik.com\/de\/shop\/"},{"@type":"ListItem","position":3,"name":"Products","item":"https:\/\/genatronik.com\/product-category\/products\/"},{"@type":"ListItem","position":4,"name":"Test &amp; Measure","item":"https:\/\/genatronik.com\/product-category\/products\/test-measure\/"},{"@type":"ListItem","position":5,"name":"Probe","item":"https:\/\/genatronik.com\/en\/product-category\/products\/test-measure\/probe\/"},{"@type":"ListItem","position":6,"name":"Micsig RCP300-XS"}]},{"@type":"WebSite","@id":"https:\/\/genatronik.com\/en\/#website","url":"https:\/\/genatronik.com\/en\/","name":"Genatronik","description":"Fortschrittliche Ger\u00e4te. Zuverl\u00e4ssiger Service.","publisher":{"@id":"https:\/\/genatronik.com\/en\/#organization"},"potentialAction":[{"@type":"SearchAction","target":{"@type":"EntryPoint","urlTemplate":"https:\/\/genatronik.com\/en\/?s={search_term_string}"},"query-input":{"@type":"PropertyValueSpecification","valueRequired":true,"valueName":"search_term_string"}}],"inLanguage":"de"},{"@type":"Organization","@id":"https:\/\/genatronik.com\/en\/#organization","name":"Genatronik","url":"https:\/\/genatronik.com\/en\/","logo":{"@type":"ImageObject","inLanguage":"de","@id":"https:\/\/genatronik.com\/en\/#\/schema\/logo\/image\/","url":"https:\/\/genatronik.com\/wp-content\/uploads\/2025\/05\/genatronik_logo_header-scaled.png","contentUrl":"https:\/\/genatronik.com\/wp-content\/uploads\/2025\/05\/genatronik_logo_header-scaled.png","width":2560,"height":448,"caption":"Genatronik"},"image":{"@id":"https:\/\/genatronik.com\/en\/#\/schema\/logo\/image\/"}}]}},"uagb_featured_image_src":{"full":["https:\/\/genatronik.com\/wp-content\/uploads\/2025\/02\/RCP300-1600-1200.png",1600,1200,false],"thumbnail":["https:\/\/genatronik.com\/wp-content\/uploads\/2025\/02\/RCP300-1600-1200-150x150.png",150,150,true],"medium":["https:\/\/genatronik.com\/wp-content\/uploads\/2025\/02\/RCP300-1600-1200-300x225.png",300,225,true],"medium_large":["https:\/\/genatronik.com\/wp-content\/uploads\/2025\/02\/RCP300-1600-1200-768x576.png",768,576,true],"large":["https:\/\/genatronik.com\/wp-content\/uploads\/2025\/02\/RCP300-1600-1200-1024x768.png",1024,768,true],"1536x1536":["https:\/\/genatronik.com\/wp-content\/uploads\/2025\/02\/RCP300-1600-1200-1536x1152.png",1536,1152,true],"2048x2048":["https:\/\/genatronik.com\/wp-content\/uploads\/2025\/02\/RCP300-1600-1200.png",1600,1200,false],"trp-custom-language-flag":["https:\/\/genatronik.com\/wp-content\/uploads\/2025\/02\/RCP300-1600-1200-16x12.png",16,12,true],"tp-image-grid":["https:\/\/genatronik.com\/wp-content\/uploads\/2025\/02\/RCP300-1600-1200-700x700.png",700,700,true],"woocommerce_thumbnail":["https:\/\/genatronik.com\/wp-content\/uploads\/2025\/02\/RCP300-1600-1200-300x225.png",300,225,true],"woocommerce_single":["https:\/\/genatronik.com\/wp-content\/uploads\/2025\/02\/RCP300-1600-1200-600x450.png",600,450,true],"woocommerce_gallery_thumbnail":["https:\/\/genatronik.com\/wp-content\/uploads\/2025\/02\/RCP300-1600-1200-100x100.png",100,100,true]},"uagb_author_info":{"display_name":"guanyuan zhu","author_link":"https:\/\/genatronik.com\/de\/author\/"},"uagb_comment_info":0,"uagb_excerpt":"Current probe for AC (Rogowski) - compatible with all oscilloscopes (BNC connector) Bandwidth 10 Hz up to 30 MHz Current range 300 A at 0.02 V\/A sensitivity Power supply via USB connection","jetpack_sharing_enabled":true,"_links":{"self":[{"href":"https:\/\/genatronik.com\/de\/wp-json\/wp\/v2\/product\/4168","targetHints":{"allow":["GET"]}}],"collection":[{"href":"https:\/\/genatronik.com\/de\/wp-json\/wp\/v2\/product"}],"about":[{"href":"https:\/\/genatronik.com\/de\/wp-json\/wp\/v2\/types\/product"}],"replies":[{"embeddable":true,"href":"https:\/\/genatronik.com\/de\/wp-json\/wp\/v2\/comments?post=4168"}],"version-history":[{"count":4,"href":"https:\/\/genatronik.com\/de\/wp-json\/wp\/v2\/product\/4168\/revisions"}],"predecessor-version":[{"id":5444,"href":"https:\/\/genatronik.com\/de\/wp-json\/wp\/v2\/product\/4168\/revisions\/5444"}],"wp:featuredmedia":[{"embeddable":true,"href":"https:\/\/genatronik.com\/de\/wp-json\/wp\/v2\/media\/4169"}],"wp:attachment":[{"href":"https:\/\/genatronik.com\/de\/wp-json\/wp\/v2\/media?parent=4168"}],"wp:term":[{"taxonomy":"product_brand","embeddable":true,"href":"https:\/\/genatronik.com\/de\/wp-json\/wp\/v2\/product_brand?post=4168"},{"taxonomy":"product_cat","embeddable":true,"href":"https:\/\/genatronik.com\/de\/wp-json\/wp\/v2\/product_cat?post=4168"},{"taxonomy":"product_tag","embeddable":true,"href":"https:\/\/genatronik.com\/de\/wp-json\/wp\/v2\/product_tag?post=4168"}],"curies":[{"name":"wp","href":"https:\/\/api.w.org\/{rel}","templated":true}]}}