{"id":4157,"date":"2025-02-24T09:41:15","date_gmt":"2025-02-24T08:41:15","guid":{"rendered":"https:\/\/genatronik.com\/?post_type=product&#038;p=4157"},"modified":"2025-04-25T18:46:02","modified_gmt":"2025-04-25T16:46:02","slug":"acp1000","status":"publish","type":"product","link":"https:\/\/genatronik.com\/de\/produkt\/acp1000\/","title":{"rendered":"Micsig ACP1000"},"content":{"rendered":"<p>Die Micsig ACP 1000 ist eine Stromzange f\u00fcr die tragbaren und Tablet-Oszilloskope der Micsig ATO-, STO- und TO-Serie sowie f\u00fcr andere Oszilloskope mit BNC-Anschluss. Mit einem optionalen BNC-Bananenadapter (nicht im Lieferumfang enthalten), kann der Tastkopf auch mit Multimetern verwendet werden.<\/p>\n<p>Mit Wechselstromzangen k\u00f6nnen Stromsignale mit komplexen Wellenformen gemessen werden, z. B. transiente Anlaufstr\u00f6me von Leistungsger\u00e4ten, sinusf\u00f6rmige Str\u00f6me von Dreiphasenstr\u00f6men dreiphasiger Stromversorgungen, Oberwellenkomponenten gemessener Str\u00f6me, Strommessung von IGBTs und MOSFETs usw.<\/p>\n<table class=\"long-desc-table\">\n<thead class=\"long-desc-thd\">\n<tr>\n<th>Modell<\/th>\n<th>ACP1000<\/th>\n<\/tr>\n<\/thead>\n<tbody>\n<tr class=\"long-desc-tr\">\n<td>Nennleistung<\/td>\n<td>100 mV\/A, 10 mV\/A, 1 mV\/A<\/td>\n<\/tr>\n<tr class=\"long-desc-tr\">\n<td>Frequenz<\/td>\n<td>10-100 kHz<\/td>\n<\/tr>\n<tr class=\"long-desc-tr\">\n<td>Sekund\u00e4re Belastung<\/td>\n<td>\u2265100 k\u03a9<\/td>\n<\/tr>\n<tr class=\"long-desc-tr\">\n<td>Genauigkeitsklasse<\/td>\n<td>3% \u00b110 mV\/2% \u00b15 mV\/1% \u00b11 mV<\/td>\n<\/tr>\n<tr class=\"long-desc-tr\">\n<td>Pr\u00fcfstrombereich<\/td>\n<td>0.1-1000 A<\/td>\n<\/tr>\n<tr class=\"long-desc-tr\">\n<td>Betriebsfrequenz<\/td>\n<td>10 Hz-100 kHz<\/td>\n<\/tr>\n<tr class=\"long-desc-tr\">\n<td>Max. Arbeitsstrom<\/td>\n<td>2000 A (2 s)<\/td>\n<\/tr>\n<tr class=\"long-desc-tr\">\n<td>Ausgangssignal<\/td>\n<td>mV\/A<\/td>\n<\/tr>\n<tr class=\"long-desc-tr\">\n<td>H\u00f6chste Pr\u00e4zision<\/td>\n<td>1%<\/td>\n<\/tr>\n<tr class=\"long-desc-tr\">\n<td>Betriebstemperatur<\/td>\n<td>-15-+75\u00b0C<\/td>\n<\/tr>\n<tr class=\"long-desc-tr\">\n<td>Sicherheitsklasse<\/td>\n<td>CAT III 600 V<\/td>\n<\/tr>\n<tr class=\"long-desc-tr\">\n<td>Max. Leitergr\u00f6\u00dfe<\/td>\n<td>52 mm<\/td>\n<\/tr>\n<tr class=\"long-desc-tr\">\n<td>Abmessungen (mm)<\/td>\n<td>111 x 216 x 45<\/td>\n<\/tr>\n<tr class=\"long-desc-tr\">\n<td>Ausgangskabel<\/td>\n<td>Das 1,5 m lange isolierte BNC\/Koax-Kabel kann direkt an ein Oszilloskop angeschlossen werden. Kann auch mit Multimetern mit optionalem BNC\/Bananen-Adapter verwendet werden.<\/td>\n<\/tr>\n<\/tbody>\n<\/table>","protected":false},"excerpt":{"rendered":"<p class=\"desc\">Stromsonde f\u00fcr AC (Rogowski) - kompatibel mit allen Oszilloskopen (BNC-Anschluss)<\/p>\n<ul>\n<li>Bandbreite 10 Hz bis zu 100 kHz<\/li>\n<li>Aktuelle Reichweiten<\/li>\n<li>10 A bei 0,1 V\/A Empfindlichkeit<\/li>\n<li>100 A bei 0,01 V\/A Empfindlichkeit<\/li>\n<li>1000 A bei 0,001 V\/A Empfindlichkeit<\/li>\n<li>CAT III 600 V<\/li>\n<\/ul>","protected":false},"featured_media":4158,"comment_status":"open","ping_status":"closed","template":"","meta":{"_surecart_dashboard_logo_width":"180px","_surecart_dashboard_show_logo":true,"_surecart_dashboard_navigation_orders":true,"_surecart_dashboard_navigation_invoices":true,"_surecart_dashboard_navigation_subscriptions":true,"_surecart_dashboard_navigation_downloads":true,"_surecart_dashboard_navigation_billing":true,"_surecart_dashboard_navigation_account":true,"_uag_custom_page_level_css":"","site-sidebar-layout":"default","site-content-layout":"","ast-site-content-layout":"default","site-content-style":"default","site-sidebar-style":"default","ast-global-header-display":"","ast-banner-title-visibility":"","ast-main-header-display":"","ast-hfb-above-header-display":"","ast-hfb-below-header-display":"","ast-hfb-mobile-header-display":"","site-post-title":"","ast-breadcrumbs-content":"","ast-featured-img":"","footer-sml-layout":"","theme-transparent-header-meta":"default","adv-header-id-meta":"","stick-header-meta":"default","header-above-stick-meta":"","header-main-stick-meta":"","header-below-stick-meta":"","astra-migrate-meta-layouts":"set","ast-page-background-enabled":"default","ast-page-background-meta":{"desktop":{"background-color":"var(--ast-global-color-4)","background-image":"","background-repeat":"repeat","background-position":"center center","background-size":"auto","background-attachment":"scroll","background-type":"","background-media":"","overlay-type":"","overlay-color":"","overlay-opacity":"","overlay-gradient":""},"tablet":{"background-color":"","background-image":"","background-repeat":"repeat","background-position":"center center","background-size":"auto","background-attachment":"scroll","background-type":"","background-media":"","overlay-type":"","overlay-color":"","overlay-opacity":"","overlay-gradient":""},"mobile":{"background-color":"","background-image":"","background-repeat":"repeat","background-position":"center center","background-size":"auto","background-attachment":"scroll","background-type":"","background-media":"","overlay-type":"","overlay-color":"","overlay-opacity":"","overlay-gradient":""}},"ast-content-background-meta":{"desktop":{"background-color":"var(--ast-global-color-5)","background-image":"","background-repeat":"repeat","background-position":"center center","background-size":"auto","background-attachment":"scroll","background-type":"","background-media":"","overlay-type":"","overlay-color":"","overlay-opacity":"","overlay-gradient":""},"tablet":{"background-color":"var(--ast-global-color-5)","background-image":"","background-repeat":"repeat","background-position":"center center","background-size":"auto","background-attachment":"scroll","background-type":"","background-media":"","overlay-type":"","overlay-color":"","overlay-opacity":"","overlay-gradient":""},"mobile":{"background-color":"var(--ast-global-color-5)","background-image":"","background-repeat":"repeat","background-position":"center center","background-size":"auto","background-attachment":"scroll","background-type":"","background-media":"","overlay-type":"","overlay-color":"","overlay-opacity":"","overlay-gradient":""}}},"product_brand":[],"product_cat":[110,113,120,125],"product_tag":[],"class_list":{"0":"post-4157","1":"product","2":"type-product","3":"status-publish","4":"has-post-thumbnail","6":"product_cat-probe","7":"product_cat-all-current-probe","8":"product_cat-micsig-probe","9":"product_cat-acp-ac-current-probes","10":"desktop-align-left","11":"tablet-align-left","12":"mobile-align-left","13":"ast-product-gallery-layout-horizontal-slider","14":"ast-product-tabs-layout-horizontal","16":"first","17":"instock","18":"taxable","19":"shipping-taxable","20":"purchasable","21":"product-type-simple"},"yoast_head":"<!-- This site is optimized with the Yoast SEO plugin v26.2 - https:\/\/yoast.com\/wordpress\/plugins\/seo\/ -->\n<title>Micsig ACP1000 - Genatronik<\/title>\n<meta name=\"robots\" content=\"index, follow, max-snippet:-1, max-image-preview:large, max-video-preview:-1\" \/>\n<link rel=\"canonical\" href=\"https:\/\/genatronik.com\/de\/produkt\/acp1000\/\" \/>\n<meta property=\"og:locale\" content=\"de_DE\" \/>\n<meta property=\"og:type\" content=\"article\" \/>\n<meta property=\"og:title\" content=\"Micsig ACP1000 - Genatronik\" \/>\n<meta property=\"og:description\" content=\"Current probe for AC (Rogowski) - compatible with all oscilloscopes (BNC connector)    Bandwidth 10 Hz up to 100 kHz  Current ranges  10 A at 0.1 V\/A sensitivity  100 A at 0.01 V\/A sensitivity  1000 A at 0.001 V\/A sensitivity  CAT III 600 V\" \/>\n<meta property=\"og:url\" content=\"https:\/\/genatronik.com\/de\/produkt\/acp1000\/\" \/>\n<meta property=\"og:site_name\" content=\"Genatronik\" \/>\n<meta property=\"article:modified_time\" content=\"2025-04-25T16:46:02+00:00\" \/>\n<meta property=\"og:image\" content=\"https:\/\/genatronik.com\/wp-content\/uploads\/2025\/02\/ACP-1600-1200.png\" \/>\n\t<meta property=\"og:image:width\" content=\"1600\" \/>\n\t<meta property=\"og:image:height\" content=\"1200\" \/>\n\t<meta property=\"og:image:type\" content=\"image\/png\" \/>\n<meta name=\"twitter:card\" content=\"summary_large_image\" \/>\n<meta name=\"twitter:label1\" content=\"Gesch\u00e4tzte Lesezeit\" \/>\n\t<meta name=\"twitter:data1\" content=\"1\u00a0Minute\" \/>\n<script type=\"application\/ld+json\" class=\"yoast-schema-graph\">{\"@context\":\"https:\/\/schema.org\",\"@graph\":[{\"@type\":\"WebPage\",\"@id\":\"https:\/\/genatronik.com\/en\/product\/acp1000\/\",\"url\":\"https:\/\/genatronik.com\/en\/product\/acp1000\/\",\"name\":\"Micsig ACP1000 - Genatronik\",\"isPartOf\":{\"@id\":\"https:\/\/genatronik.com\/en\/#website\"},\"primaryImageOfPage\":{\"@id\":\"https:\/\/genatronik.com\/en\/product\/acp1000\/#primaryimage\"},\"image\":{\"@id\":\"https:\/\/genatronik.com\/en\/product\/acp1000\/#primaryimage\"},\"thumbnailUrl\":\"https:\/\/genatronik.com\/wp-content\/uploads\/2025\/02\/ACP-1600-1200.png\",\"datePublished\":\"2025-02-24T08:41:15+00:00\",\"dateModified\":\"2025-04-25T16:46:02+00:00\",\"breadcrumb\":{\"@id\":\"https:\/\/genatronik.com\/en\/product\/acp1000\/#breadcrumb\"},\"inLanguage\":\"de\",\"potentialAction\":[{\"@type\":\"ReadAction\",\"target\":[\"https:\/\/genatronik.com\/en\/product\/acp1000\/\"]}]},{\"@type\":\"ImageObject\",\"inLanguage\":\"de\",\"@id\":\"https:\/\/genatronik.com\/en\/product\/acp1000\/#primaryimage\",\"url\":\"https:\/\/genatronik.com\/wp-content\/uploads\/2025\/02\/ACP-1600-1200.png\",\"contentUrl\":\"https:\/\/genatronik.com\/wp-content\/uploads\/2025\/02\/ACP-1600-1200.png\",\"width\":1600,\"height\":1200},{\"@type\":\"BreadcrumbList\",\"@id\":\"https:\/\/genatronik.com\/en\/product\/acp1000\/#breadcrumb\",\"itemListElement\":[{\"@type\":\"ListItem\",\"position\":1,\"name\":\"Home\",\"item\":\"https:\/\/genatronik.com\/\"},{\"@type\":\"ListItem\",\"position\":2,\"name\":\"Produkte\",\"item\":\"https:\/\/genatronik.com\/de\/shop\/\"},{\"@type\":\"ListItem\",\"position\":3,\"name\":\"Products\",\"item\":\"https:\/\/genatronik.com\/product-category\/products\/\"},{\"@type\":\"ListItem\",\"position\":4,\"name\":\"Test &amp; Measure\",\"item\":\"https:\/\/genatronik.com\/product-category\/products\/test-measure\/\"},{\"@type\":\"ListItem\",\"position\":5,\"name\":\"Probe\",\"item\":\"https:\/\/genatronik.com\/en\/product-category\/products\/test-measure\/probe\/\"},{\"@type\":\"ListItem\",\"position\":6,\"name\":\"Micsig ACP1000\"}]},{\"@type\":\"WebSite\",\"@id\":\"https:\/\/genatronik.com\/en\/#website\",\"url\":\"https:\/\/genatronik.com\/en\/\",\"name\":\"Genatronik\",\"description\":\"Advanced Devices. Reliable Service.\",\"publisher\":{\"@id\":\"https:\/\/genatronik.com\/en\/#organization\"},\"potentialAction\":[{\"@type\":\"SearchAction\",\"target\":{\"@type\":\"EntryPoint\",\"urlTemplate\":\"https:\/\/genatronik.com\/en\/?s={search_term_string}\"},\"query-input\":{\"@type\":\"PropertyValueSpecification\",\"valueRequired\":true,\"valueName\":\"search_term_string\"}}],\"inLanguage\":\"de\"},{\"@type\":\"Organization\",\"@id\":\"https:\/\/genatronik.com\/en\/#organization\",\"name\":\"Genatronik\",\"url\":\"https:\/\/genatronik.com\/en\/\",\"logo\":{\"@type\":\"ImageObject\",\"inLanguage\":\"de\",\"@id\":\"https:\/\/genatronik.com\/en\/#\/schema\/logo\/image\/\",\"url\":\"https:\/\/genatronik.com\/wp-content\/uploads\/2025\/05\/genatronik_logo_header-scaled.png\",\"contentUrl\":\"https:\/\/genatronik.com\/wp-content\/uploads\/2025\/05\/genatronik_logo_header-scaled.png\",\"width\":2560,\"height\":448,\"caption\":\"Genatronik\"},\"image\":{\"@id\":\"https:\/\/genatronik.com\/en\/#\/schema\/logo\/image\/\"}}]}<\/script>\n<!-- \/ Yoast SEO plugin. -->","yoast_head_json":{"title":"Micsig ACP1000 - Genatronik","robots":{"index":"index","follow":"follow","max-snippet":"max-snippet:-1","max-image-preview":"max-image-preview:large","max-video-preview":"max-video-preview:-1"},"canonical":"https:\/\/genatronik.com\/de\/produkt\/acp1000\/","og_locale":"de_DE","og_type":"article","og_title":"Micsig ACP1000 - Genatronik","og_description":"Current probe for AC (Rogowski) - compatible with all oscilloscopes (BNC connector)    Bandwidth 10 Hz up to 100 kHz  Current ranges  10 A at 0.1 V\/A sensitivity  100 A at 0.01 V\/A sensitivity  1000 A at 0.001 V\/A sensitivity  CAT III 600 V","og_url":"https:\/\/genatronik.com\/de\/produkt\/acp1000\/","og_site_name":"Genatronik","article_modified_time":"2025-04-25T16:46:02+00:00","og_image":[{"width":1600,"height":1200,"url":"https:\/\/genatronik.com\/wp-content\/uploads\/2025\/02\/ACP-1600-1200.png","type":"image\/png"}],"twitter_card":"summary_large_image","twitter_misc":{"Gesch\u00e4tzte Lesezeit":"1\u00a0Minute"},"schema":{"@context":"https:\/\/schema.org","@graph":[{"@type":"WebPage","@id":"https:\/\/genatronik.com\/en\/product\/acp1000\/","url":"https:\/\/genatronik.com\/en\/product\/acp1000\/","name":"Micsig ACP1000 - Genatronik","isPartOf":{"@id":"https:\/\/genatronik.com\/en\/#website"},"primaryImageOfPage":{"@id":"https:\/\/genatronik.com\/en\/product\/acp1000\/#primaryimage"},"image":{"@id":"https:\/\/genatronik.com\/en\/product\/acp1000\/#primaryimage"},"thumbnailUrl":"https:\/\/genatronik.com\/wp-content\/uploads\/2025\/02\/ACP-1600-1200.png","datePublished":"2025-02-24T08:41:15+00:00","dateModified":"2025-04-25T16:46:02+00:00","breadcrumb":{"@id":"https:\/\/genatronik.com\/en\/product\/acp1000\/#breadcrumb"},"inLanguage":"de","potentialAction":[{"@type":"ReadAction","target":["https:\/\/genatronik.com\/en\/product\/acp1000\/"]}]},{"@type":"ImageObject","inLanguage":"de","@id":"https:\/\/genatronik.com\/en\/product\/acp1000\/#primaryimage","url":"https:\/\/genatronik.com\/wp-content\/uploads\/2025\/02\/ACP-1600-1200.png","contentUrl":"https:\/\/genatronik.com\/wp-content\/uploads\/2025\/02\/ACP-1600-1200.png","width":1600,"height":1200},{"@type":"BreadcrumbList","@id":"https:\/\/genatronik.com\/en\/product\/acp1000\/#breadcrumb","itemListElement":[{"@type":"ListItem","position":1,"name":"Home","item":"https:\/\/genatronik.com\/"},{"@type":"ListItem","position":2,"name":"Produkte","item":"https:\/\/genatronik.com\/de\/shop\/"},{"@type":"ListItem","position":3,"name":"Products","item":"https:\/\/genatronik.com\/product-category\/products\/"},{"@type":"ListItem","position":4,"name":"Test &amp; Measure","item":"https:\/\/genatronik.com\/product-category\/products\/test-measure\/"},{"@type":"ListItem","position":5,"name":"Probe","item":"https:\/\/genatronik.com\/en\/product-category\/products\/test-measure\/probe\/"},{"@type":"ListItem","position":6,"name":"Micsig ACP1000"}]},{"@type":"WebSite","@id":"https:\/\/genatronik.com\/en\/#website","url":"https:\/\/genatronik.com\/en\/","name":"Genatronik","description":"Fortschrittliche Ger\u00e4te. Zuverl\u00e4ssiger Service.","publisher":{"@id":"https:\/\/genatronik.com\/en\/#organization"},"potentialAction":[{"@type":"SearchAction","target":{"@type":"EntryPoint","urlTemplate":"https:\/\/genatronik.com\/en\/?s={search_term_string}"},"query-input":{"@type":"PropertyValueSpecification","valueRequired":true,"valueName":"search_term_string"}}],"inLanguage":"de"},{"@type":"Organization","@id":"https:\/\/genatronik.com\/en\/#organization","name":"Genatronik","url":"https:\/\/genatronik.com\/en\/","logo":{"@type":"ImageObject","inLanguage":"de","@id":"https:\/\/genatronik.com\/en\/#\/schema\/logo\/image\/","url":"https:\/\/genatronik.com\/wp-content\/uploads\/2025\/05\/genatronik_logo_header-scaled.png","contentUrl":"https:\/\/genatronik.com\/wp-content\/uploads\/2025\/05\/genatronik_logo_header-scaled.png","width":2560,"height":448,"caption":"Genatronik"},"image":{"@id":"https:\/\/genatronik.com\/en\/#\/schema\/logo\/image\/"}}]}},"uagb_featured_image_src":{"full":["https:\/\/genatronik.com\/wp-content\/uploads\/2025\/02\/ACP-1600-1200.png",1600,1200,false],"thumbnail":["https:\/\/genatronik.com\/wp-content\/uploads\/2025\/02\/ACP-1600-1200-150x150.png",150,150,true],"medium":["https:\/\/genatronik.com\/wp-content\/uploads\/2025\/02\/ACP-1600-1200-300x225.png",300,225,true],"medium_large":["https:\/\/genatronik.com\/wp-content\/uploads\/2025\/02\/ACP-1600-1200-768x576.png",768,576,true],"large":["https:\/\/genatronik.com\/wp-content\/uploads\/2025\/02\/ACP-1600-1200-1024x768.png",1024,768,true],"1536x1536":["https:\/\/genatronik.com\/wp-content\/uploads\/2025\/02\/ACP-1600-1200-1536x1152.png",1536,1152,true],"2048x2048":["https:\/\/genatronik.com\/wp-content\/uploads\/2025\/02\/ACP-1600-1200.png",1600,1200,false],"trp-custom-language-flag":["https:\/\/genatronik.com\/wp-content\/uploads\/2025\/02\/ACP-1600-1200-16x12.png",16,12,true],"tp-image-grid":["https:\/\/genatronik.com\/wp-content\/uploads\/2025\/02\/ACP-1600-1200-700x700.png",700,700,true],"woocommerce_thumbnail":["https:\/\/genatronik.com\/wp-content\/uploads\/2025\/02\/ACP-1600-1200-300x225.png",300,225,true],"woocommerce_single":["https:\/\/genatronik.com\/wp-content\/uploads\/2025\/02\/ACP-1600-1200-600x450.png",600,450,true],"woocommerce_gallery_thumbnail":["https:\/\/genatronik.com\/wp-content\/uploads\/2025\/02\/ACP-1600-1200-100x100.png",100,100,true]},"uagb_author_info":{"display_name":"guanyuan zhu","author_link":"https:\/\/genatronik.com\/de\/author\/"},"uagb_comment_info":0,"uagb_excerpt":"Current probe for AC (Rogowski) - compatible with all oscilloscopes (BNC connector) Bandwidth 10 Hz up to 100 kHz Current ranges 10 A at 0.1 V\/A sensitivity 100 A at 0.01 V\/A sensitivity 1000 A at 0.001 V\/A sensitivity CAT III 600 V","jetpack_sharing_enabled":true,"_links":{"self":[{"href":"https:\/\/genatronik.com\/de\/wp-json\/wp\/v2\/product\/4157","targetHints":{"allow":["GET"]}}],"collection":[{"href":"https:\/\/genatronik.com\/de\/wp-json\/wp\/v2\/product"}],"about":[{"href":"https:\/\/genatronik.com\/de\/wp-json\/wp\/v2\/types\/product"}],"replies":[{"embeddable":true,"href":"https:\/\/genatronik.com\/de\/wp-json\/wp\/v2\/comments?post=4157"}],"version-history":[{"count":7,"href":"https:\/\/genatronik.com\/de\/wp-json\/wp\/v2\/product\/4157\/revisions"}],"predecessor-version":[{"id":6445,"href":"https:\/\/genatronik.com\/de\/wp-json\/wp\/v2\/product\/4157\/revisions\/6445"}],"wp:featuredmedia":[{"embeddable":true,"href":"https:\/\/genatronik.com\/de\/wp-json\/wp\/v2\/media\/4158"}],"wp:attachment":[{"href":"https:\/\/genatronik.com\/de\/wp-json\/wp\/v2\/media?parent=4157"}],"wp:term":[{"taxonomy":"product_brand","embeddable":true,"href":"https:\/\/genatronik.com\/de\/wp-json\/wp\/v2\/product_brand?post=4157"},{"taxonomy":"product_cat","embeddable":true,"href":"https:\/\/genatronik.com\/de\/wp-json\/wp\/v2\/product_cat?post=4157"},{"taxonomy":"product_tag","embeddable":true,"href":"https:\/\/genatronik.com\/de\/wp-json\/wp\/v2\/product_tag?post=4157"}],"curies":[{"name":"wp","href":"https:\/\/api.w.org\/{rel}","templated":true}]}}