{"id":4026,"date":"2025-02-19T13:33:08","date_gmt":"2025-02-19T12:33:08","guid":{"rendered":"https:\/\/genatronik.com\/?post_type=product&#038;p=4026"},"modified":"2025-04-25T18:48:24","modified_gmt":"2025-04-25T16:48:24","slug":"cp2100a","status":"publish","type":"product","link":"https:\/\/genatronik.com\/de\/produkt\/cp2100a\/","title":{"rendered":"Micsig CP2100A"},"content":{"rendered":"<p>Das Zangenmessger\u00e4t der Serie CP2100 von Micsig kann sowohl Gleich- als auch Wechselstrom messen und hat ein kleines und kompaktes Design. Die Sonde verwendet eine Standard-BNC-Schnittstelle f\u00fcr Oszilloskope oder einen Multistecker f\u00fcr Adapter. Die maximale Stromst\u00e4rke, die gemessen werden kann, betr\u00e4gt 100 Apk und die Bandbreite liegt bei DC ~ 800 kHz. Die Stromsonde hat zwei optionale Messbereiche von 10 A und 100 A. Die Sonde verf\u00fcgt au\u00dferdem \u00fcber eine automatische und manuelle Nullstellung und eine USB-Stromversorgung. Optische und akustische \u00dcberlastungsanzeige.<\/p>\n<table class=\"long-desc-table\">\n<thead class=\"long-desc-thd\">\n<tr>\n<th>Modell<\/th>\n<th>CP2100A<\/th>\n<th>CP2100B<\/th>\n<\/tr>\n<\/thead>\n<tbody>\n<tr class=\"long-desc-tr\">\n<td>Bandbreite<\/td>\n<td>DC-800 kHz<\/td>\n<td>DC-2,5 MHz<\/td>\n<\/tr>\n<tr class=\"long-desc-tr\">\n<td>Anstiegszeit<\/td>\n<td>&lt;= 583 ns<\/td>\n<td>&lt;= 175 ns<\/td>\n<\/tr>\n<tr class=\"long-desc-tr\">\n<td>Bereiche<\/td>\n<td>10 A\/100 A<\/td>\n<td>10 A\/100 A<\/td>\n<\/tr>\n<tr class=\"long-desc-tr\">\n<td>Ausgabe-Empfindlichkeit<\/td>\n<td>0,1 V\/A (10 A) 0,01 V\/A (100 A)<\/td>\n<td>0,1 V\/A (10 A) 0,01 V\/A (100 A)<\/td>\n<\/tr>\n<tr class=\"long-desc-tr\">\n<td>DC-Genauigkeit<\/td>\n<td>3 %+-50 mA (10 A) 4 %+-50 mA (100 A, 500 mA-40 Apk) 15 % (100 A, 40 Apk-100 Apk)<\/td>\n<td>3 %+-50 mA (10 A) 4 %+-50 mA (100 A, 500 mA-40 Apk) 15% (100 A, 40 Apk-100 Apk)<\/td>\n<\/tr>\n<tr class=\"long-desc-tr\">\n<td>Signalverz\u00f6gerung<\/td>\n<td>&lt;150 ns (10 A) &lt;200 ns (100 A)<\/td>\n<td>&lt;150 ns (10 A) &lt;200 ns (100 A)<\/td>\n<\/tr>\n<tr class=\"long-desc-tr\">\n<td><\/td>\n<td>1 A - 100 Apk (100 A)<\/td>\n<td>1 A - 100 Apk (100 A)<\/td>\n<\/tr>\n<tr class=\"long-desc-tr\">\n<td>Max. Spannung<\/td>\n<td>KAT II 600 V \/ KAT III 300 V<\/td>\n<td>KAT II 600 V \/ KAT III 300 V<\/td>\n<\/tr>\n<tr class=\"long-desc-tr\">\n<td>Stromversorgung<\/td>\n<td>DC 5 V<\/td>\n<td>DC 5 V<\/td>\n<\/tr>\n<\/tbody>\n<\/table>","protected":false},"excerpt":{"rendered":"<p>Stromzange f\u00fcr DC+AC - kompatibel mit allen Oszilloskopen (BNC-Anschluss)<\/p>\n<ul>\n<li>Bandbreite DC bis zu 800 kHz<\/li>\n<li>Aktuelle Reichweiten<\/li>\n<li>10 A bei 0,1 V\/A Empfindlichkeit<\/li>\n<li>100 A bei 0,01 V\/A Empfindlichkeit<\/li>\n<li>KAT II 600 V \/ KAT III 300 V<\/li>\n<li>USB-gespeist<\/li>\n<\/ul>","protected":false},"featured_media":4027,"comment_status":"open","ping_status":"closed","template":"","meta":{"_surecart_dashboard_logo_width":"180px","_surecart_dashboard_show_logo":true,"_surecart_dashboard_navigation_orders":true,"_surecart_dashboard_navigation_invoices":true,"_surecart_dashboard_navigation_subscriptions":true,"_surecart_dashboard_navigation_downloads":true,"_surecart_dashboard_navigation_billing":true,"_surecart_dashboard_navigation_account":true,"_uag_custom_page_level_css":"","site-sidebar-layout":"default","site-content-layout":"","ast-site-content-layout":"default","site-content-style":"default","site-sidebar-style":"default","ast-global-header-display":"","ast-banner-title-visibility":"","ast-main-header-display":"","ast-hfb-above-header-display":"","ast-hfb-below-header-display":"","ast-hfb-mobile-header-display":"","site-post-title":"","ast-breadcrumbs-content":"","ast-featured-img":"","footer-sml-layout":"","ast-disable-related-posts":"","theme-transparent-header-meta":"default","adv-header-id-meta":"","stick-header-meta":"default","header-above-stick-meta":"","header-main-stick-meta":"","header-below-stick-meta":"","astra-migrate-meta-layouts":"set","ast-page-background-enabled":"default","ast-page-background-meta":{"desktop":{"background-color":"var(--ast-global-color-4)","background-image":"","background-repeat":"repeat","background-position":"center center","background-size":"auto","background-attachment":"scroll","background-type":"","background-media":"","overlay-type":"","overlay-color":"","overlay-opacity":"","overlay-gradient":""},"tablet":{"background-color":"","background-image":"","background-repeat":"repeat","background-position":"center center","background-size":"auto","background-attachment":"scroll","background-type":"","background-media":"","overlay-type":"","overlay-color":"","overlay-opacity":"","overlay-gradient":""},"mobile":{"background-color":"","background-image":"","background-repeat":"repeat","background-position":"center center","background-size":"auto","background-attachment":"scroll","background-type":"","background-media":"","overlay-type":"","overlay-color":"","overlay-opacity":"","overlay-gradient":""}},"ast-content-background-meta":{"desktop":{"background-color":"var(--ast-global-color-5)","background-image":"","background-repeat":"repeat","background-position":"center center","background-size":"auto","background-attachment":"scroll","background-type":"","background-media":"","overlay-type":"","overlay-color":"","overlay-opacity":"","overlay-gradient":""},"tablet":{"background-color":"var(--ast-global-color-5)","background-image":"","background-repeat":"repeat","background-position":"center center","background-size":"auto","background-attachment":"scroll","background-type":"","background-media":"","overlay-type":"","overlay-color":"","overlay-opacity":"","overlay-gradient":""},"mobile":{"background-color":"var(--ast-global-color-5)","background-image":"","background-repeat":"repeat","background-position":"center center","background-size":"auto","background-attachment":"scroll","background-type":"","background-media":"","overlay-type":"","overlay-color":"","overlay-opacity":"","overlay-gradient":""}}},"product_brand":[],"product_cat":[110,113,120,124],"product_tag":[],"class_list":{"0":"post-4026","1":"product","2":"type-product","3":"status-publish","4":"has-post-thumbnail","6":"product_cat-probe","7":"product_cat-all-current-probe","8":"product_cat-micsig-probe","9":"product_cat-cp-current-probes","10":"desktop-align-left","11":"tablet-align-left","12":"mobile-align-left","13":"ast-product-gallery-layout-horizontal-slider","14":"ast-product-gallery-with-no-image","15":"ast-product-tabs-layout-horizontal","17":"first","18":"instock","19":"taxable","20":"shipping-taxable","21":"purchasable","22":"product-type-simple"},"yoast_head":"<!-- This site is optimized with the Yoast SEO plugin v26.2 - https:\/\/yoast.com\/wordpress\/plugins\/seo\/ -->\n<title>Micsig CP2100A - Genatronik<\/title>\n<meta name=\"robots\" content=\"index, follow, max-snippet:-1, max-image-preview:large, max-video-preview:-1\" \/>\n<link rel=\"canonical\" href=\"https:\/\/genatronik.com\/de\/produkt\/cp2100a\/\" \/>\n<meta property=\"og:locale\" content=\"de_DE\" \/>\n<meta property=\"og:type\" content=\"article\" \/>\n<meta property=\"og:title\" content=\"Micsig CP2100A - Genatronik\" \/>\n<meta property=\"og:description\" content=\"Current probe for DC+AC - compatible with all oscilloscopes (BNC connector)   Bandwidth DC up to 800 kHz  Current ranges  10 A at 0.1 V\/A sensitivity  100 A at 0.01 V\/A sensitivity  CAT II 600 V \/ CAT III 300 V  USB-powered\" \/>\n<meta property=\"og:url\" content=\"https:\/\/genatronik.com\/de\/produkt\/cp2100a\/\" \/>\n<meta property=\"og:site_name\" content=\"Genatronik\" \/>\n<meta property=\"article:modified_time\" content=\"2025-04-25T16:48:24+00:00\" \/>\n<meta property=\"og:image\" content=\"https:\/\/genatronik.com\/wp-content\/uploads\/2025\/02\/CP2100\u7535\u6d41\u63a2\u5934-1600-1200.png\" \/>\n\t<meta property=\"og:image:width\" content=\"1600\" \/>\n\t<meta property=\"og:image:height\" content=\"1200\" \/>\n\t<meta property=\"og:image:type\" content=\"image\/png\" \/>\n<meta name=\"twitter:card\" content=\"summary_large_image\" \/>\n<meta name=\"twitter:label1\" content=\"Gesch\u00e4tzte Lesezeit\" \/>\n\t<meta name=\"twitter:data1\" content=\"2\u00a0Minuten\" \/>\n<script type=\"application\/ld+json\" class=\"yoast-schema-graph\">{\"@context\":\"https:\/\/schema.org\",\"@graph\":[{\"@type\":\"WebPage\",\"@id\":\"https:\/\/genatronik.com\/en\/product\/cp2100a\/\",\"url\":\"https:\/\/genatronik.com\/en\/product\/cp2100a\/\",\"name\":\"Micsig CP2100A - Genatronik\",\"isPartOf\":{\"@id\":\"https:\/\/genatronik.com\/en\/#website\"},\"primaryImageOfPage\":{\"@id\":\"https:\/\/genatronik.com\/en\/product\/cp2100a\/#primaryimage\"},\"image\":{\"@id\":\"https:\/\/genatronik.com\/en\/product\/cp2100a\/#primaryimage\"},\"thumbnailUrl\":\"https:\/\/genatronik.com\/wp-content\/uploads\/2025\/02\/CP2100\u7535\u6d41\u63a2\u5934-1600-1200.png\",\"datePublished\":\"2025-02-19T12:33:08+00:00\",\"dateModified\":\"2025-04-25T16:48:24+00:00\",\"breadcrumb\":{\"@id\":\"https:\/\/genatronik.com\/en\/product\/cp2100a\/#breadcrumb\"},\"inLanguage\":\"de\",\"potentialAction\":[{\"@type\":\"ReadAction\",\"target\":[\"https:\/\/genatronik.com\/en\/product\/cp2100a\/\"]}]},{\"@type\":\"ImageObject\",\"inLanguage\":\"de\",\"@id\":\"https:\/\/genatronik.com\/en\/product\/cp2100a\/#primaryimage\",\"url\":\"https:\/\/genatronik.com\/wp-content\/uploads\/2025\/02\/CP2100\u7535\u6d41\u63a2\u5934-1600-1200.png\",\"contentUrl\":\"https:\/\/genatronik.com\/wp-content\/uploads\/2025\/02\/CP2100\u7535\u6d41\u63a2\u5934-1600-1200.png\",\"width\":1600,\"height\":1200},{\"@type\":\"BreadcrumbList\",\"@id\":\"https:\/\/genatronik.com\/en\/product\/cp2100a\/#breadcrumb\",\"itemListElement\":[{\"@type\":\"ListItem\",\"position\":1,\"name\":\"Home\",\"item\":\"https:\/\/genatronik.com\/\"},{\"@type\":\"ListItem\",\"position\":2,\"name\":\"Produkte\",\"item\":\"https:\/\/genatronik.com\/de\/shop\/\"},{\"@type\":\"ListItem\",\"position\":3,\"name\":\"Products\",\"item\":\"https:\/\/genatronik.com\/product-category\/products\/\"},{\"@type\":\"ListItem\",\"position\":4,\"name\":\"Test &amp; Measure\",\"item\":\"https:\/\/genatronik.com\/product-category\/products\/test-measure\/\"},{\"@type\":\"ListItem\",\"position\":5,\"name\":\"Probe\",\"item\":\"https:\/\/genatronik.com\/en\/product-category\/products\/test-measure\/probe\/\"},{\"@type\":\"ListItem\",\"position\":6,\"name\":\"Micsig CP2100A\"}]},{\"@type\":\"WebSite\",\"@id\":\"https:\/\/genatronik.com\/en\/#website\",\"url\":\"https:\/\/genatronik.com\/en\/\",\"name\":\"Genatronik\",\"description\":\"Advanced Devices. Reliable Service.\",\"publisher\":{\"@id\":\"https:\/\/genatronik.com\/en\/#organization\"},\"potentialAction\":[{\"@type\":\"SearchAction\",\"target\":{\"@type\":\"EntryPoint\",\"urlTemplate\":\"https:\/\/genatronik.com\/en\/?s={search_term_string}\"},\"query-input\":{\"@type\":\"PropertyValueSpecification\",\"valueRequired\":true,\"valueName\":\"search_term_string\"}}],\"inLanguage\":\"de\"},{\"@type\":\"Organization\",\"@id\":\"https:\/\/genatronik.com\/en\/#organization\",\"name\":\"Genatronik\",\"url\":\"https:\/\/genatronik.com\/en\/\",\"logo\":{\"@type\":\"ImageObject\",\"inLanguage\":\"de\",\"@id\":\"https:\/\/genatronik.com\/en\/#\/schema\/logo\/image\/\",\"url\":\"https:\/\/genatronik.com\/wp-content\/uploads\/2025\/05\/genatronik_logo_header-scaled.png\",\"contentUrl\":\"https:\/\/genatronik.com\/wp-content\/uploads\/2025\/05\/genatronik_logo_header-scaled.png\",\"width\":2560,\"height\":448,\"caption\":\"Genatronik\"},\"image\":{\"@id\":\"https:\/\/genatronik.com\/en\/#\/schema\/logo\/image\/\"}}]}<\/script>\n<!-- \/ Yoast SEO plugin. -->","yoast_head_json":{"title":"Micsig CP2100A - Genatronik","robots":{"index":"index","follow":"follow","max-snippet":"max-snippet:-1","max-image-preview":"max-image-preview:large","max-video-preview":"max-video-preview:-1"},"canonical":"https:\/\/genatronik.com\/de\/produkt\/cp2100a\/","og_locale":"de_DE","og_type":"article","og_title":"Micsig CP2100A - Genatronik","og_description":"Current probe for DC+AC - compatible with all oscilloscopes (BNC connector)   Bandwidth DC up to 800 kHz  Current ranges  10 A at 0.1 V\/A sensitivity  100 A at 0.01 V\/A sensitivity  CAT II 600 V \/ CAT III 300 V  USB-powered","og_url":"https:\/\/genatronik.com\/de\/produkt\/cp2100a\/","og_site_name":"Genatronik","article_modified_time":"2025-04-25T16:48:24+00:00","og_image":[{"width":1600,"height":1200,"url":"https:\/\/genatronik.com\/wp-content\/uploads\/2025\/02\/CP2100\u7535\u6d41\u63a2\u5934-1600-1200.png","type":"image\/png"}],"twitter_card":"summary_large_image","twitter_misc":{"Gesch\u00e4tzte Lesezeit":"2\u00a0Minuten"},"schema":{"@context":"https:\/\/schema.org","@graph":[{"@type":"WebPage","@id":"https:\/\/genatronik.com\/en\/product\/cp2100a\/","url":"https:\/\/genatronik.com\/en\/product\/cp2100a\/","name":"Micsig CP2100A - Genatronik","isPartOf":{"@id":"https:\/\/genatronik.com\/en\/#website"},"primaryImageOfPage":{"@id":"https:\/\/genatronik.com\/en\/product\/cp2100a\/#primaryimage"},"image":{"@id":"https:\/\/genatronik.com\/en\/product\/cp2100a\/#primaryimage"},"thumbnailUrl":"https:\/\/genatronik.com\/wp-content\/uploads\/2025\/02\/CP2100\u7535\u6d41\u63a2\u5934-1600-1200.png","datePublished":"2025-02-19T12:33:08+00:00","dateModified":"2025-04-25T16:48:24+00:00","breadcrumb":{"@id":"https:\/\/genatronik.com\/en\/product\/cp2100a\/#breadcrumb"},"inLanguage":"de","potentialAction":[{"@type":"ReadAction","target":["https:\/\/genatronik.com\/en\/product\/cp2100a\/"]}]},{"@type":"ImageObject","inLanguage":"de","@id":"https:\/\/genatronik.com\/en\/product\/cp2100a\/#primaryimage","url":"https:\/\/genatronik.com\/wp-content\/uploads\/2025\/02\/CP2100\u7535\u6d41\u63a2\u5934-1600-1200.png","contentUrl":"https:\/\/genatronik.com\/wp-content\/uploads\/2025\/02\/CP2100\u7535\u6d41\u63a2\u5934-1600-1200.png","width":1600,"height":1200},{"@type":"BreadcrumbList","@id":"https:\/\/genatronik.com\/en\/product\/cp2100a\/#breadcrumb","itemListElement":[{"@type":"ListItem","position":1,"name":"Home","item":"https:\/\/genatronik.com\/"},{"@type":"ListItem","position":2,"name":"Produkte","item":"https:\/\/genatronik.com\/de\/shop\/"},{"@type":"ListItem","position":3,"name":"Products","item":"https:\/\/genatronik.com\/product-category\/products\/"},{"@type":"ListItem","position":4,"name":"Test &amp; Measure","item":"https:\/\/genatronik.com\/product-category\/products\/test-measure\/"},{"@type":"ListItem","position":5,"name":"Probe","item":"https:\/\/genatronik.com\/en\/product-category\/products\/test-measure\/probe\/"},{"@type":"ListItem","position":6,"name":"Micsig CP2100A"}]},{"@type":"WebSite","@id":"https:\/\/genatronik.com\/en\/#website","url":"https:\/\/genatronik.com\/en\/","name":"Genatronik","description":"Fortschrittliche Ger\u00e4te. Zuverl\u00e4ssiger Service.","publisher":{"@id":"https:\/\/genatronik.com\/en\/#organization"},"potentialAction":[{"@type":"SearchAction","target":{"@type":"EntryPoint","urlTemplate":"https:\/\/genatronik.com\/en\/?s={search_term_string}"},"query-input":{"@type":"PropertyValueSpecification","valueRequired":true,"valueName":"search_term_string"}}],"inLanguage":"de"},{"@type":"Organization","@id":"https:\/\/genatronik.com\/en\/#organization","name":"Genatronik","url":"https:\/\/genatronik.com\/en\/","logo":{"@type":"ImageObject","inLanguage":"de","@id":"https:\/\/genatronik.com\/en\/#\/schema\/logo\/image\/","url":"https:\/\/genatronik.com\/wp-content\/uploads\/2025\/05\/genatronik_logo_header-scaled.png","contentUrl":"https:\/\/genatronik.com\/wp-content\/uploads\/2025\/05\/genatronik_logo_header-scaled.png","width":2560,"height":448,"caption":"Genatronik"},"image":{"@id":"https:\/\/genatronik.com\/en\/#\/schema\/logo\/image\/"}}]}},"uagb_featured_image_src":{"full":["https:\/\/genatronik.com\/wp-content\/uploads\/2025\/02\/CP2100\u7535\u6d41\u63a2\u5934-1600-1200.png",1600,1200,false],"thumbnail":["https:\/\/genatronik.com\/wp-content\/uploads\/2025\/02\/CP2100\u7535\u6d41\u63a2\u5934-1600-1200-150x150.png",150,150,true],"medium":["https:\/\/genatronik.com\/wp-content\/uploads\/2025\/02\/CP2100\u7535\u6d41\u63a2\u5934-1600-1200-300x225.png",300,225,true],"medium_large":["https:\/\/genatronik.com\/wp-content\/uploads\/2025\/02\/CP2100\u7535\u6d41\u63a2\u5934-1600-1200-768x576.png",768,576,true],"large":["https:\/\/genatronik.com\/wp-content\/uploads\/2025\/02\/CP2100\u7535\u6d41\u63a2\u5934-1600-1200-1024x768.png",1024,768,true],"1536x1536":["https:\/\/genatronik.com\/wp-content\/uploads\/2025\/02\/CP2100\u7535\u6d41\u63a2\u5934-1600-1200-1536x1152.png",1536,1152,true],"2048x2048":["https:\/\/genatronik.com\/wp-content\/uploads\/2025\/02\/CP2100\u7535\u6d41\u63a2\u5934-1600-1200.png",1600,1200,false],"trp-custom-language-flag":["https:\/\/genatronik.com\/wp-content\/uploads\/2025\/02\/CP2100\u7535\u6d41\u63a2\u5934-1600-1200-16x12.png",16,12,true],"tp-image-grid":["https:\/\/genatronik.com\/wp-content\/uploads\/2025\/02\/CP2100\u7535\u6d41\u63a2\u5934-1600-1200-700x700.png",700,700,true],"woocommerce_thumbnail":["https:\/\/genatronik.com\/wp-content\/uploads\/2025\/02\/CP2100\u7535\u6d41\u63a2\u5934-1600-1200-300x225.png",300,225,true],"woocommerce_single":["https:\/\/genatronik.com\/wp-content\/uploads\/2025\/02\/CP2100\u7535\u6d41\u63a2\u5934-1600-1200-600x450.png",600,450,true],"woocommerce_gallery_thumbnail":["https:\/\/genatronik.com\/wp-content\/uploads\/2025\/02\/CP2100\u7535\u6d41\u63a2\u5934-1600-1200-100x100.png",100,100,true]},"uagb_author_info":{"display_name":"guanyuan zhu","author_link":"https:\/\/genatronik.com\/de\/author\/"},"uagb_comment_info":0,"uagb_excerpt":"Current probe for DC+AC - compatible with all oscilloscopes (BNC connector) Bandwidth DC up to 800 kHz Current ranges 10 A at 0.1 V\/A sensitivity 100 A at 0.01 V\/A sensitivity CAT II 600 V \/ CAT III 300 V USB-powered","jetpack_sharing_enabled":true,"_links":{"self":[{"href":"https:\/\/genatronik.com\/de\/wp-json\/wp\/v2\/product\/4026","targetHints":{"allow":["GET"]}}],"collection":[{"href":"https:\/\/genatronik.com\/de\/wp-json\/wp\/v2\/product"}],"about":[{"href":"https:\/\/genatronik.com\/de\/wp-json\/wp\/v2\/types\/product"}],"replies":[{"embeddable":true,"href":"https:\/\/genatronik.com\/de\/wp-json\/wp\/v2\/comments?post=4026"}],"version-history":[{"count":7,"href":"https:\/\/genatronik.com\/de\/wp-json\/wp\/v2\/product\/4026\/revisions"}],"predecessor-version":[{"id":6448,"href":"https:\/\/genatronik.com\/de\/wp-json\/wp\/v2\/product\/4026\/revisions\/6448"}],"wp:featuredmedia":[{"embeddable":true,"href":"https:\/\/genatronik.com\/de\/wp-json\/wp\/v2\/media\/4027"}],"wp:attachment":[{"href":"https:\/\/genatronik.com\/de\/wp-json\/wp\/v2\/media?parent=4026"}],"wp:term":[{"taxonomy":"product_brand","embeddable":true,"href":"https:\/\/genatronik.com\/de\/wp-json\/wp\/v2\/product_brand?post=4026"},{"taxonomy":"product_cat","embeddable":true,"href":"https:\/\/genatronik.com\/de\/wp-json\/wp\/v2\/product_cat?post=4026"},{"taxonomy":"product_tag","embeddable":true,"href":"https:\/\/genatronik.com\/de\/wp-json\/wp\/v2\/product_tag?post=4026"}],"curies":[{"name":"wp","href":"https:\/\/api.w.org\/{rel}","templated":true}]}}