{"id":3183,"date":"2025-01-05T23:37:44","date_gmt":"2025-01-05T15:37:44","guid":{"rendered":"https:\/\/genatronik.com\/?post_type=product&#038;p=3183"},"modified":"2025-05-13T10:13:46","modified_gmt":"2025-05-13T08:13:46","slug":"dl3021","status":"publish","type":"product","link":"https:\/\/genatronik.com\/de\/produkt\/dl3021\/","title":{"rendered":"Rigol DL3021"},"content":{"rendered":"<ul>\n<li>DL3021\/DL3021A: Einzelkanal, DC150 V\/40 A, Gesamtleistung bis zu 200 W<\/li>\n<li>DL3031\/DL3031A: einkanalig, DC150 V\/60 A, Gesamtleistung bis zu 350 W<\/li>\n<li>Dynamischer Modus: bis zu 30 kHz<\/li>\n<li>Einstellbare Stromanstiegsgeschwindigkeit: 0,001 A\/\u03bcs bis 5 A\/\u03bcs<\/li>\n<li>Min. R\u00fcckleseaufl\u00f6sung: 0,1 mV\uff0c0,1 mA<\/li>\n<li>4,3-Zoll-TFT-LCD, das mehrere Parameter und Daten anzeigen kann<br \/>\nStaaten gleichzeitig<\/li>\n<li>\u00dcberspannung\/\u00dcberstrom\/\u00dcberleistung\/\u00dcbertemperatur\/Umkehr<br \/>\nSpannungsschutz<\/li>\n<li>4 statische Modi: CC, CV, CR, CP<\/li>\n<li>3 dynamische Modi: kontinuierlich, gepulst, umgeschaltet<\/li>\n<li>Die Listenfunktion unterst\u00fctzt die Bearbeitung von bis zu 512 Schritten<\/li>\n<li>Batterietestfunktion, OCP-Test, OPP-Test, Werkstestfunktion, etc.<\/li>\n<li>Kurzschlusstest-Funktion<\/li>\n<li>Speicherfunktion zum Ausschalten<\/li>\n<li>Eingebaute RS232\/USB\/LAN-Kommunikationsschnittstelle<\/li>\n<li>USB-GPIB-Modul (optional)<\/li>\n<\/ul>","protected":false},"excerpt":{"rendered":"<p>Elektronische DC-Last f\u00fcr max. 150V, 40A, 200W. Mit USB Host, USB Device und RS232 Schnittstelle. LAN ist als Option erh\u00e4ltlich.<\/p>","protected":false},"featured_media":3852,"comment_status":"open","ping_status":"closed","template":"","meta":{"_surecart_dashboard_logo_width":"180px","_surecart_dashboard_show_logo":true,"_surecart_dashboard_navigation_orders":true,"_surecart_dashboard_navigation_invoices":true,"_surecart_dashboard_navigation_subscriptions":true,"_surecart_dashboard_navigation_downloads":true,"_surecart_dashboard_navigation_billing":true,"_surecart_dashboard_navigation_account":true,"_uag_custom_page_level_css":"","site-sidebar-layout":"default","site-content-layout":"","ast-site-content-layout":"default","site-content-style":"default","site-sidebar-style":"default","ast-global-header-display":"","ast-banner-title-visibility":"","ast-main-header-display":"","ast-hfb-above-header-display":"","ast-hfb-below-header-display":"","ast-hfb-mobile-header-display":"","site-post-title":"","ast-breadcrumbs-content":"","ast-featured-img":"","footer-sml-layout":"","ast-disable-related-posts":"","theme-transparent-header-meta":"default","adv-header-id-meta":"","stick-header-meta":"default","header-above-stick-meta":"","header-main-stick-meta":"","header-below-stick-meta":"","astra-migrate-meta-layouts":"set","ast-page-background-enabled":"default","ast-page-background-meta":{"desktop":{"background-color":"var(--ast-global-color-4)","background-image":"","background-repeat":"repeat","background-position":"center center","background-size":"auto","background-attachment":"scroll","background-type":"","background-media":"","overlay-type":"","overlay-color":"","overlay-opacity":"","overlay-gradient":""},"tablet":{"background-color":"","background-image":"","background-repeat":"repeat","background-position":"center center","background-size":"auto","background-attachment":"scroll","background-type":"","background-media":"","overlay-type":"","overlay-color":"","overlay-opacity":"","overlay-gradient":""},"mobile":{"background-color":"","background-image":"","background-repeat":"repeat","background-position":"center center","background-size":"auto","background-attachment":"scroll","background-type":"","background-media":"","overlay-type":"","overlay-color":"","overlay-opacity":"","overlay-gradient":""}},"ast-content-background-meta":{"desktop":{"background-color":"var(--ast-global-color-5)","background-image":"","background-repeat":"repeat","background-position":"center center","background-size":"auto","background-attachment":"scroll","background-type":"","background-media":"","overlay-type":"","overlay-color":"","overlay-opacity":"","overlay-gradient":""},"tablet":{"background-color":"var(--ast-global-color-5)","background-image":"","background-repeat":"repeat","background-position":"center center","background-size":"auto","background-attachment":"scroll","background-type":"","background-media":"","overlay-type":"","overlay-color":"","overlay-opacity":"","overlay-gradient":""},"mobile":{"background-color":"var(--ast-global-color-5)","background-image":"","background-repeat":"repeat","background-position":"center center","background-size":"auto","background-attachment":"scroll","background-type":"","background-media":"","overlay-type":"","overlay-color":"","overlay-opacity":"","overlay-gradient":""}}},"product_brand":[],"product_cat":[38,39,109,47],"product_tag":[],"class_list":{"0":"post-3183","1":"product","2":"type-product","3":"status-publish","4":"has-post-thumbnail","6":"product_cat-test-measure","7":"product_cat-dc-load","8":"product_cat-rigol-dc-load","9":"product_cat-dl3000","10":"desktop-align-left","11":"tablet-align-left","12":"mobile-align-left","13":"ast-product-gallery-layout-horizontal-slider","14":"ast-product-gallery-with-no-image","15":"ast-product-tabs-layout-horizontal","17":"first","18":"instock","19":"taxable","20":"shipping-taxable","21":"purchasable","22":"product-type-simple"},"yoast_head":"<!-- This site is optimized with the Yoast SEO plugin v26.2 - https:\/\/yoast.com\/wordpress\/plugins\/seo\/ -->\n<title>Rigol DL3021 - Genatronik<\/title>\n<meta name=\"description\" content=\"The DL3000 is a cost-effective programmable DC electronic load with performance specifications that rival any instrument in its class. With a user-friendly interface including graphical charting, the DL3000 series provides various interfaces for remote communication to meet your diversified test requirements. Test power systems and batteries with configurable static, transient, and advanced application modes.\" \/>\n<meta name=\"robots\" content=\"index, follow, max-snippet:-1, max-image-preview:large, max-video-preview:-1\" \/>\n<link rel=\"canonical\" href=\"https:\/\/genatronik.com\/de\/produkt\/dl3021\/\" \/>\n<meta property=\"og:locale\" content=\"de_DE\" \/>\n<meta property=\"og:type\" content=\"article\" \/>\n<meta property=\"og:title\" content=\"Rigol DL3021 - Genatronik\" \/>\n<meta property=\"og:description\" content=\"The DL3000 is a cost-effective programmable DC electronic load with performance specifications that rival any instrument in its class. With a user-friendly interface including graphical charting, the DL3000 series provides various interfaces for remote communication to meet your diversified test requirements. Test power systems and batteries with configurable static, transient, and advanced application modes.\" \/>\n<meta property=\"og:url\" content=\"https:\/\/genatronik.com\/de\/produkt\/dl3021\/\" \/>\n<meta property=\"og:site_name\" content=\"Genatronik\" \/>\n<meta property=\"article:modified_time\" content=\"2025-05-13T08:13:46+00:00\" \/>\n<meta property=\"og:image\" content=\"https:\/\/genatronik.com\/wp-content\/uploads\/2025\/01\/DL3021-1600-1200.png\" \/>\n\t<meta property=\"og:image:width\" content=\"1600\" \/>\n\t<meta property=\"og:image:height\" content=\"1200\" \/>\n\t<meta property=\"og:image:type\" content=\"image\/png\" \/>\n<meta name=\"twitter:card\" content=\"summary_large_image\" \/>\n<meta name=\"twitter:label1\" content=\"Gesch\u00e4tzte Lesezeit\" \/>\n\t<meta name=\"twitter:data1\" content=\"1\u00a0Minute\" \/>\n<script type=\"application\/ld+json\" class=\"yoast-schema-graph\">{\"@context\":\"https:\/\/schema.org\",\"@graph\":[{\"@type\":\"WebPage\",\"@id\":\"https:\/\/genatronik.com\/fr\/product\/dl3021\/\",\"url\":\"https:\/\/genatronik.com\/fr\/product\/dl3021\/\",\"name\":\"Rigol DL3021 - Genatronik\",\"isPartOf\":{\"@id\":\"https:\/\/genatronik.com\/en\/#website\"},\"primaryImageOfPage\":{\"@id\":\"https:\/\/genatronik.com\/fr\/product\/dl3021\/#primaryimage\"},\"image\":{\"@id\":\"https:\/\/genatronik.com\/fr\/product\/dl3021\/#primaryimage\"},\"thumbnailUrl\":\"https:\/\/genatronik.com\/wp-content\/uploads\/2025\/01\/DL3021-1600-1200.png\",\"datePublished\":\"2025-01-05T15:37:44+00:00\",\"dateModified\":\"2025-05-13T08:13:46+00:00\",\"description\":\"The DL3000 is a cost-effective programmable DC electronic load with performance specifications that rival any instrument in its class. With a user-friendly interface including graphical charting, the DL3000 series provides various interfaces for remote communication to meet your diversified test requirements. Test power systems and batteries with configurable static, transient, and advanced application modes.\",\"breadcrumb\":{\"@id\":\"https:\/\/genatronik.com\/fr\/product\/dl3021\/#breadcrumb\"},\"inLanguage\":\"de\",\"potentialAction\":[{\"@type\":\"ReadAction\",\"target\":[\"https:\/\/genatronik.com\/fr\/product\/dl3021\/\"]}]},{\"@type\":\"ImageObject\",\"inLanguage\":\"de\",\"@id\":\"https:\/\/genatronik.com\/fr\/product\/dl3021\/#primaryimage\",\"url\":\"https:\/\/genatronik.com\/wp-content\/uploads\/2025\/01\/DL3021-1600-1200.png\",\"contentUrl\":\"https:\/\/genatronik.com\/wp-content\/uploads\/2025\/01\/DL3021-1600-1200.png\",\"width\":1600,\"height\":1200},{\"@type\":\"BreadcrumbList\",\"@id\":\"https:\/\/genatronik.com\/fr\/product\/dl3021\/#breadcrumb\",\"itemListElement\":[{\"@type\":\"ListItem\",\"position\":1,\"name\":\"Home\",\"item\":\"https:\/\/genatronik.com\/\"},{\"@type\":\"ListItem\",\"position\":2,\"name\":\"Produkte\",\"item\":\"https:\/\/genatronik.com\/de\/shop\/\"},{\"@type\":\"ListItem\",\"position\":3,\"name\":\"Products\",\"item\":\"https:\/\/genatronik.com\/product-category\/products\/\"},{\"@type\":\"ListItem\",\"position\":4,\"name\":\"Test &amp; Measure\",\"item\":\"https:\/\/genatronik.com\/product-category\/products\/test-measure\/\"},{\"@type\":\"ListItem\",\"position\":5,\"name\":\"DC Load\",\"item\":\"https:\/\/genatronik.com\/product-category\/products\/test-measure\/dc-load\/\"},{\"@type\":\"ListItem\",\"position\":6,\"name\":\"Rigol DC Load\",\"item\":\"https:\/\/genatronik.com\/product-category\/products\/test-measure\/dc-load\/rigol-dc-load\/\"},{\"@type\":\"ListItem\",\"position\":7,\"name\":\"DL3000\",\"item\":\"https:\/\/genatronik.com\/product-category\/products\/test-measure\/dc-load\/rigol-dc-load\/dl3000\/\"},{\"@type\":\"ListItem\",\"position\":8,\"name\":\"Rigol DL3021\"}]},{\"@type\":\"WebSite\",\"@id\":\"https:\/\/genatronik.com\/en\/#website\",\"url\":\"https:\/\/genatronik.com\/en\/\",\"name\":\"Genatronik\",\"description\":\"Advanced Devices. Reliable Service.\",\"publisher\":{\"@id\":\"https:\/\/genatronik.com\/en\/#organization\"},\"potentialAction\":[{\"@type\":\"SearchAction\",\"target\":{\"@type\":\"EntryPoint\",\"urlTemplate\":\"https:\/\/genatronik.com\/en\/?s={search_term_string}\"},\"query-input\":{\"@type\":\"PropertyValueSpecification\",\"valueRequired\":true,\"valueName\":\"search_term_string\"}}],\"inLanguage\":\"de\"},{\"@type\":\"Organization\",\"@id\":\"https:\/\/genatronik.com\/en\/#organization\",\"name\":\"Genatronik\",\"url\":\"https:\/\/genatronik.com\/en\/\",\"logo\":{\"@type\":\"ImageObject\",\"inLanguage\":\"de\",\"@id\":\"https:\/\/genatronik.com\/en\/#\/schema\/logo\/image\/\",\"url\":\"https:\/\/genatronik.com\/wp-content\/uploads\/2025\/05\/genatronik_logo_header-scaled.png\",\"contentUrl\":\"https:\/\/genatronik.com\/wp-content\/uploads\/2025\/05\/genatronik_logo_header-scaled.png\",\"width\":2560,\"height\":448,\"caption\":\"Genatronik\"},\"image\":{\"@id\":\"https:\/\/genatronik.com\/en\/#\/schema\/logo\/image\/\"}}]}<\/script>\n<!-- \/ Yoast SEO plugin. -->","yoast_head_json":{"title":"Rigol DL3021 - Genatronik","description":"Die DL3000 ist eine kosteneffektive programmierbare elektronische Gleichstromlast mit Leistungsdaten, die sich mit denen aller anderen Ger\u00e4te ihrer Klasse messen k\u00f6nnen. Die DL3000-Serie verf\u00fcgt \u00fcber eine benutzerfreundliche Oberfl\u00e4che mit grafischer Darstellung und bietet verschiedene Schnittstellen f\u00fcr die Fernkommunikation, um Ihre vielf\u00e4ltigen Pr\u00fcfanforderungen zu erf\u00fcllen. Testen Sie Stromversorgungssysteme und Batterien mit konfigurierbaren statischen, transienten und erweiterten Anwendungsmodi.","robots":{"index":"index","follow":"follow","max-snippet":"max-snippet:-1","max-image-preview":"max-image-preview:large","max-video-preview":"max-video-preview:-1"},"canonical":"https:\/\/genatronik.com\/de\/produkt\/dl3021\/","og_locale":"de_DE","og_type":"article","og_title":"Rigol DL3021 - Genatronik","og_description":"The DL3000 is a cost-effective programmable DC electronic load with performance specifications that rival any instrument in its class. With a user-friendly interface including graphical charting, the DL3000 series provides various interfaces for remote communication to meet your diversified test requirements. Test power systems and batteries with configurable static, transient, and advanced application modes.","og_url":"https:\/\/genatronik.com\/de\/produkt\/dl3021\/","og_site_name":"Genatronik","article_modified_time":"2025-05-13T08:13:46+00:00","og_image":[{"width":1600,"height":1200,"url":"https:\/\/genatronik.com\/wp-content\/uploads\/2025\/01\/DL3021-1600-1200.png","type":"image\/png"}],"twitter_card":"summary_large_image","twitter_misc":{"Gesch\u00e4tzte Lesezeit":"1\u00a0Minute"},"schema":{"@context":"https:\/\/schema.org","@graph":[{"@type":"WebPage","@id":"https:\/\/genatronik.com\/fr\/product\/dl3021\/","url":"https:\/\/genatronik.com\/fr\/product\/dl3021\/","name":"Rigol DL3021 - Genatronik","isPartOf":{"@id":"https:\/\/genatronik.com\/en\/#website"},"primaryImageOfPage":{"@id":"https:\/\/genatronik.com\/fr\/product\/dl3021\/#primaryimage"},"image":{"@id":"https:\/\/genatronik.com\/fr\/product\/dl3021\/#primaryimage"},"thumbnailUrl":"https:\/\/genatronik.com\/wp-content\/uploads\/2025\/01\/DL3021-1600-1200.png","datePublished":"2025-01-05T15:37:44+00:00","dateModified":"2025-05-13T08:13:46+00:00","description":"Die DL3000 ist eine kosteneffektive programmierbare elektronische Gleichstromlast mit Leistungsdaten, die sich mit denen aller anderen Ger\u00e4te ihrer Klasse messen k\u00f6nnen. Die DL3000-Serie verf\u00fcgt \u00fcber eine benutzerfreundliche Oberfl\u00e4che mit grafischer Darstellung und bietet verschiedene Schnittstellen f\u00fcr die Fernkommunikation, um Ihre vielf\u00e4ltigen Pr\u00fcfanforderungen zu erf\u00fcllen. Testen Sie Stromversorgungssysteme und Batterien mit konfigurierbaren statischen, transienten und erweiterten Anwendungsmodi.","breadcrumb":{"@id":"https:\/\/genatronik.com\/fr\/product\/dl3021\/#breadcrumb"},"inLanguage":"de","potentialAction":[{"@type":"ReadAction","target":["https:\/\/genatronik.com\/fr\/product\/dl3021\/"]}]},{"@type":"ImageObject","inLanguage":"de","@id":"https:\/\/genatronik.com\/fr\/product\/dl3021\/#primaryimage","url":"https:\/\/genatronik.com\/wp-content\/uploads\/2025\/01\/DL3021-1600-1200.png","contentUrl":"https:\/\/genatronik.com\/wp-content\/uploads\/2025\/01\/DL3021-1600-1200.png","width":1600,"height":1200},{"@type":"BreadcrumbList","@id":"https:\/\/genatronik.com\/fr\/product\/dl3021\/#breadcrumb","itemListElement":[{"@type":"ListItem","position":1,"name":"Home","item":"https:\/\/genatronik.com\/"},{"@type":"ListItem","position":2,"name":"Produkte","item":"https:\/\/genatronik.com\/de\/shop\/"},{"@type":"ListItem","position":3,"name":"Products","item":"https:\/\/genatronik.com\/product-category\/products\/"},{"@type":"ListItem","position":4,"name":"Test &amp; Measure","item":"https:\/\/genatronik.com\/product-category\/products\/test-measure\/"},{"@type":"ListItem","position":5,"name":"DC Load","item":"https:\/\/genatronik.com\/product-category\/products\/test-measure\/dc-load\/"},{"@type":"ListItem","position":6,"name":"Rigol DC Load","item":"https:\/\/genatronik.com\/product-category\/products\/test-measure\/dc-load\/rigol-dc-load\/"},{"@type":"ListItem","position":7,"name":"DL3000","item":"https:\/\/genatronik.com\/product-category\/products\/test-measure\/dc-load\/rigol-dc-load\/dl3000\/"},{"@type":"ListItem","position":8,"name":"Rigol DL3021"}]},{"@type":"WebSite","@id":"https:\/\/genatronik.com\/en\/#website","url":"https:\/\/genatronik.com\/en\/","name":"Genatronik","description":"Fortschrittliche Ger\u00e4te. Zuverl\u00e4ssiger Service.","publisher":{"@id":"https:\/\/genatronik.com\/en\/#organization"},"potentialAction":[{"@type":"SearchAction","target":{"@type":"EntryPoint","urlTemplate":"https:\/\/genatronik.com\/en\/?s={search_term_string}"},"query-input":{"@type":"PropertyValueSpecification","valueRequired":true,"valueName":"search_term_string"}}],"inLanguage":"de"},{"@type":"Organization","@id":"https:\/\/genatronik.com\/en\/#organization","name":"Genatronik","url":"https:\/\/genatronik.com\/en\/","logo":{"@type":"ImageObject","inLanguage":"de","@id":"https:\/\/genatronik.com\/en\/#\/schema\/logo\/image\/","url":"https:\/\/genatronik.com\/wp-content\/uploads\/2025\/05\/genatronik_logo_header-scaled.png","contentUrl":"https:\/\/genatronik.com\/wp-content\/uploads\/2025\/05\/genatronik_logo_header-scaled.png","width":2560,"height":448,"caption":"Genatronik"},"image":{"@id":"https:\/\/genatronik.com\/en\/#\/schema\/logo\/image\/"}}]}},"uagb_featured_image_src":{"full":["https:\/\/genatronik.com\/wp-content\/uploads\/2025\/01\/DL3021-1600-1200.png",1600,1200,false],"thumbnail":["https:\/\/genatronik.com\/wp-content\/uploads\/2025\/01\/DL3021-1600-1200-150x150.png",150,150,true],"medium":["https:\/\/genatronik.com\/wp-content\/uploads\/2025\/01\/DL3021-1600-1200-300x225.png",300,225,true],"medium_large":["https:\/\/genatronik.com\/wp-content\/uploads\/2025\/01\/DL3021-1600-1200-768x576.png",768,576,true],"large":["https:\/\/genatronik.com\/wp-content\/uploads\/2025\/01\/DL3021-1600-1200-1024x768.png",1024,768,true],"1536x1536":["https:\/\/genatronik.com\/wp-content\/uploads\/2025\/01\/DL3021-1600-1200-1536x1152.png",1536,1152,true],"2048x2048":["https:\/\/genatronik.com\/wp-content\/uploads\/2025\/01\/DL3021-1600-1200.png",1600,1200,false],"trp-custom-language-flag":["https:\/\/genatronik.com\/wp-content\/uploads\/2025\/01\/DL3021-1600-1200.png",16,12,false],"tp-image-grid":["https:\/\/genatronik.com\/wp-content\/uploads\/2025\/01\/DL3021-1600-1200-700x700.png",700,700,true],"woocommerce_thumbnail":["https:\/\/genatronik.com\/wp-content\/uploads\/2025\/01\/DL3021-1600-1200-300x225.png",300,225,true],"woocommerce_single":["https:\/\/genatronik.com\/wp-content\/uploads\/2025\/01\/DL3021-1600-1200-600x450.png",600,450,true],"woocommerce_gallery_thumbnail":["https:\/\/genatronik.com\/wp-content\/uploads\/2025\/01\/DL3021-1600-1200-100x100.png",100,100,true]},"uagb_author_info":{"display_name":"guanyuan zhu","author_link":"https:\/\/genatronik.com\/de\/author\/"},"uagb_comment_info":0,"uagb_excerpt":"Electronic DC load for max. 150V, 40A, 200W. With USB Host, USB Device and RS232 interface. LAN is available as an option.","jetpack_sharing_enabled":true,"_links":{"self":[{"href":"https:\/\/genatronik.com\/de\/wp-json\/wp\/v2\/product\/3183","targetHints":{"allow":["GET"]}}],"collection":[{"href":"https:\/\/genatronik.com\/de\/wp-json\/wp\/v2\/product"}],"about":[{"href":"https:\/\/genatronik.com\/de\/wp-json\/wp\/v2\/types\/product"}],"replies":[{"embeddable":true,"href":"https:\/\/genatronik.com\/de\/wp-json\/wp\/v2\/comments?post=3183"}],"version-history":[{"count":4,"href":"https:\/\/genatronik.com\/de\/wp-json\/wp\/v2\/product\/3183\/revisions"}],"predecessor-version":[{"id":7056,"href":"https:\/\/genatronik.com\/de\/wp-json\/wp\/v2\/product\/3183\/revisions\/7056"}],"wp:featuredmedia":[{"embeddable":true,"href":"https:\/\/genatronik.com\/de\/wp-json\/wp\/v2\/media\/3852"}],"wp:attachment":[{"href":"https:\/\/genatronik.com\/de\/wp-json\/wp\/v2\/media?parent=3183"}],"wp:term":[{"taxonomy":"product_brand","embeddable":true,"href":"https:\/\/genatronik.com\/de\/wp-json\/wp\/v2\/product_brand?post=3183"},{"taxonomy":"product_cat","embeddable":true,"href":"https:\/\/genatronik.com\/de\/wp-json\/wp\/v2\/product_cat?post=3183"},{"taxonomy":"product_tag","embeddable":true,"href":"https:\/\/genatronik.com\/de\/wp-json\/wp\/v2\/product_tag?post=3183"}],"curies":[{"name":"wp","href":"https:\/\/api.w.org\/{rel}","templated":true}]}}