{"id":2768,"date":"2024-12-17T17:24:44","date_gmt":"2024-12-17T09:24:44","guid":{"rendered":"https:\/\/genatronik.com\/?post_type=product&#038;p=2768"},"modified":"2025-04-24T09:28:59","modified_gmt":"2025-04-24T07:28:59","slug":"dn243","status":"publish","type":"product","link":"https:\/\/genatronik.com\/de\/produkt\/dn243\/","title":{"rendered":"Tronovo DN243"},"content":{"rendered":"<p><span style=\"background-color: transparent;\"><br \/>\n    <span style=\"font-size: 18px;\"><br \/>\n    Die Hochfrequenz-Ionenwindschlange ist ein leistungsf\u00e4higes Hilfsmittel, das die Normen f\u00fcr die elektrostatische Kontrolle erf\u00fcllt, mit einem fotoelektrischen Sensor ausgestattet ist, der Ionenwinde ansaugt und ausbl\u00e4st, die H\u00e4nde frei macht, die Str\u00f6mung leicht kontrolliert und die Arbeit bequemer macht.<br \/>\n    <\/span><\/span><\/p>\n<p>\n&nbsp;<\/p>\n<hr style=\"height:3px;border-width:0;color:gray;background-color:gray\">\n&nbsp;<\/p>\n<table style=\"width: 100%; border-collapse: collapse; float: center; border: none;\">\n<tbody style=\"border: none;\">\n<tr style=\"border: none;\">\n<td style=\"width: 50%; border: none; background-color: grey;\">\n            <img fetchpriority=\"high\" decoding=\"async\" class=\"alignnone wp-image-6786 size-large\" src=\"https:\/\/genatronik.com\/wp-content\/uploads\/2025\/04\/esd_dn243_desc_1.jpg\" alt=\"\" width=\"640\" height=\"420\" data-wp-editing=\"1\" \/>\n        <\/td>\n<td style=\"width: 50%; border: none;\">\n<h5>Entfernt statische Elektrizit\u00e4t und Fremdk\u00f6rper von Oberfl\u00e4chen<\/h5>\n<p>            <span style=\"font-size: 19px;\"><br \/>\n                Es ist f\u00fcr den Einsatz auf der Werkbank geeignet, das Schlangenrohr kann beliebig verformt werden, um die Windschlange in die gew\u00fcnschte Richtung zu lenken, und der fotoelektrische Induktionsschalter steuert den Luftstrom ohne manuelle Bedienung.<br \/>\n            <\/span>\n        <\/td>\n<\/tr>\n<tr style=\"border: none;\">\n<td style=\"width: 50%; border: none;\">\n<h5>Induktives Design - gleichzeitige Steuerung von Gas und Strom<\/h5>\n<p>            <span style=\"font-size: 19px;\"><br \/>\n                Wenn ein Objekt in einem Umkreis von 300 mm vor der D\u00fcse auftaucht, kann die D\u00fcse automatisch die Druckluft und gleichzeitig die Hochdruck-Ionen einschalten und einen starken Ionenwind ausblasen. Die hochmoderne gas-elektrische Synchronsteuerung der Branche kann die Ozonbildung wirksam reduzieren<br \/>\n            <\/span>\n        <\/td>\n<td style=\"width: 50%; border: none; background-color: grey;\">\n            <img decoding=\"async\" class=\"alignnone wp-image-6370 size-large\" src=\"https:\/\/genatronik.com\/wp-content\/uploads\/2025\/04\/esd_dn243_desc_2.jpg\" alt=\"\" width=\"640\" height=\"420\"\/>\n        <\/td>\n<\/tr>\n<tr style=\"border: none;\">\n<td style=\"width: 50%; border: none; background-color: grey;\">\n            <img decoding=\"async\" class=\"alignnone wp-image-6372 size-large\" src=\"https:\/\/genatronik.com\/wp-content\/uploads\/2025\/04\/esd_dn243_desc_3.jpg\" alt=\"\" width=\"640\" height=\"420\"\/>\n        <\/td>\n<td style=\"width: 50%; border: none;\">\n<h5>Vordere Drosselklappe - die Gr\u00f6\u00dfe des Luftstroms l\u00e4sst sich leicht einstellen<\/h5>\n<p>            <span style=\"font-size: 19px;\"><br \/>\n                Die Luftmenge kann beliebig eingestellt werden, der Wind ist stark, und der fotoelektrische Induktionsschalter steuert den Luftstrom ohne manuelle Bedienung.<br \/>\n            <\/span>\n        <\/td>\n<\/tr>\n<tr style=\"border: none;\">\n<td style=\"border: none; width: 50%;\">\n<h5>Saugnapfdesign - An der Unterseite befindet sich ein Befestigungssaugnapf<\/h5>\n<p>            <span style=\"font-size: 19px;\"><br \/>\n                Er ist f\u00fcr den Einsatz auf der Werkbank oder an der Maschine geeignet.<br \/>\n            <\/span>\n        <\/td>\n<td style=\"border: none; width: 50%; background-color: grey;\">\n            <img loading=\"lazy\" decoding=\"async\" class=\"alignnone wp-image-6614 size-large\" src=\"https:\/\/genatronik.com\/wp-content\/uploads\/2025\/04\/esd_dn243_desc_4.jpg\" alt=\"\" width=\"640\" height=\"420\"\/>\n        <\/td>\n<\/tr>\n<tr style=\"border: none;\">\n<td style=\"width: 50%; border: none; background-color: grey;\">\n            <img loading=\"lazy\" decoding=\"async\" class=\"alignnone wp-image-6372 size-large\" src=\"https:\/\/genatronik.com\/wp-content\/uploads\/2025\/04\/esd_dn243_desc_5.jpg\" alt=\"\" width=\"640\" height=\"420\"\/>\n        <\/td>\n<td style=\"width: 50%; border: none;\">\n<h5>LED-Anzeige - mit \"Check\"-Funktion<\/h5>\n<p>            <span style=\"font-size: 19px;\"><br \/>\n                Es verf\u00fcgt \u00fcber eine \"Inspektionsfunktion\", die automatisch die Reinigung der Ionennadel veranlasst, was durch eine LED-Anzeige \u00fcberpr\u00fcft werden kann. Der Ausgang jeder Funktion kann auch dazu verwendet werden, den Betriebszustand des Statik-Eliminators von au\u00dfen zu \u00fcberwachen.<br \/>\n            <\/span>\n        <\/td>\n<\/tr>\n<tr style=\"border: none;\">\n<td style=\"border: none; width: 50%;\">\n<h5>Schnelle Eliminierung - hohes Niveau der statischen Eliminierung<\/h5>\n<p>            <span style=\"font-size: 19px;\"><br \/>\n                Mit Hilfe von Multiparameter-Hybridtests k\u00f6nnen die Eigenschaften der Anwendung umfassender \u00fcberpr\u00fcft werden, und bei Anwendungen in der Produktionslinie sollte die Bequemlichkeit von automatisierten Tests im Vordergrund stehen.<br \/>\n            <\/span>\n        <\/td>\n<td style=\"border: none; width: 50%; background-color: grey;\">\n            <img loading=\"lazy\" decoding=\"async\" class=\"alignnone wp-image-6614 size-large\" src=\"https:\/\/genatronik.com\/wp-content\/uploads\/2025\/04\/esd_dn243_desc_6.jpg\" alt=\"\" width=\"640\" height=\"420\"\/>\n        <\/td>\n<\/tr>\n<\/tbody>\n<\/table>","protected":false},"excerpt":{"rendered":"<p>- Effiziente elektrostatische Niederschlagsentfernung, um sicherzustellen, dass keine Ladungsr\u00fcckst\u00e4nde auf der Oberfl\u00e4che des Produkts verbleiben und die Ausbeute verbessert wird<br \/>\n- Einfach zu bedienen - fotoelektrischer Sensor, der ionische Luft einbl\u00e4st, macht die Bedienung bequemer<br \/>\n- Flexibles, schlangenf\u00f6rmiges Rohrdesign, das sich leicht an verschiedene Winkel anpassen l\u00e4sst<br \/>\n- Sicher und zuverl\u00e4ssig, um Sch\u00e4den oder Gefahren durch abnormale Entladungen oder Kurzschl\u00fcsse zu vermeiden<br \/>\n- Design zur Ozonreduzierung, Druckluft- und Ionenkontrolle zur gleichen Zeit<br \/>\n- Langlebig und aus hochwertigen Materialien gefertigt<br \/>\n- Optionaler Fu\u00dfschalter zur freih\u00e4ndigen Steuerung des Luftstroms<\/p>","protected":false},"featured_media":4780,"comment_status":"open","ping_status":"closed","template":"","meta":{"_surecart_dashboard_logo_width":"180px","_surecart_dashboard_show_logo":true,"_surecart_dashboard_navigation_orders":true,"_surecart_dashboard_navigation_invoices":true,"_surecart_dashboard_navigation_subscriptions":true,"_surecart_dashboard_navigation_downloads":true,"_surecart_dashboard_navigation_billing":true,"_surecart_dashboard_navigation_account":true,"_uag_custom_page_level_css":"","site-sidebar-layout":"default","site-content-layout":"","ast-site-content-layout":"default","site-content-style":"default","site-sidebar-style":"default","ast-global-header-display":"","ast-banner-title-visibility":"","ast-main-header-display":"","ast-hfb-above-header-display":"","ast-hfb-below-header-display":"","ast-hfb-mobile-header-display":"","site-post-title":"","ast-breadcrumbs-content":"","ast-featured-img":"","footer-sml-layout":"","ast-disable-related-posts":"","theme-transparent-header-meta":"default","adv-header-id-meta":"","stick-header-meta":"default","header-above-stick-meta":"","header-main-stick-meta":"","header-below-stick-meta":"","astra-migrate-meta-layouts":"set","ast-page-background-enabled":"default","ast-page-background-meta":{"desktop":{"background-color":"var(--ast-global-color-4)","background-image":"","background-repeat":"repeat","background-position":"center center","background-size":"auto","background-attachment":"scroll","background-type":"","background-media":"","overlay-type":"","overlay-color":"","overlay-opacity":"","overlay-gradient":""},"tablet":{"background-color":"","background-image":"","background-repeat":"repeat","background-position":"center center","background-size":"auto","background-attachment":"scroll","background-type":"","background-media":"","overlay-type":"","overlay-color":"","overlay-opacity":"","overlay-gradient":""},"mobile":{"background-color":"","background-image":"","background-repeat":"repeat","background-position":"center center","background-size":"auto","background-attachment":"scroll","background-type":"","background-media":"","overlay-type":"","overlay-color":"","overlay-opacity":"","overlay-gradient":""}},"ast-content-background-meta":{"desktop":{"background-color":"var(--ast-global-color-5)","background-image":"","background-repeat":"repeat","background-position":"center center","background-size":"auto","background-attachment":"scroll","background-type":"","background-media":"","overlay-type":"","overlay-color":"","overlay-opacity":"","overlay-gradient":""},"tablet":{"background-color":"var(--ast-global-color-5)","background-image":"","background-repeat":"repeat","background-position":"center center","background-size":"auto","background-attachment":"scroll","background-type":"","background-media":"","overlay-type":"","overlay-color":"","overlay-opacity":"","overlay-gradient":""},"mobile":{"background-color":"var(--ast-global-color-5)","background-image":"","background-repeat":"repeat","background-position":"center center","background-size":"auto","background-attachment":"scroll","background-type":"","background-media":"","overlay-type":"","overlay-color":"","overlay-opacity":"","overlay-gradient":""}}},"product_brand":[],"product_cat":[45,89],"product_tag":[],"class_list":{"0":"post-2768","1":"product","2":"type-product","3":"status-publish","4":"has-post-thumbnail","6":"product_cat-esd","7":"product_cat-ionizing-wind-snake","8":"desktop-align-left","9":"tablet-align-left","10":"mobile-align-left","11":"ast-product-gallery-layout-horizontal-slider","12":"ast-product-tabs-layout-horizontal","14":"first","15":"instock","16":"taxable","17":"shipping-taxable","18":"purchasable","19":"product-type-simple"},"yoast_head":"<!-- This site is optimized with the Yoast SEO plugin v26.2 - https:\/\/yoast.com\/wordpress\/plugins\/seo\/ -->\n<title>Tronovo DN243 - Genatronik<\/title>\n<meta name=\"robots\" content=\"index, follow, max-snippet:-1, max-image-preview:large, max-video-preview:-1\" \/>\n<link rel=\"canonical\" href=\"https:\/\/genatronik.com\/de\/produkt\/dn243\/\" \/>\n<meta property=\"og:locale\" content=\"de_DE\" \/>\n<meta property=\"og:type\" content=\"article\" \/>\n<meta property=\"og:title\" content=\"Tronovo DN243 - Genatronik\" \/>\n<meta property=\"og:description\" content=\"\u2022 Efficient electrostatic precipitation removal to ensure that there is no charge residue on the surface of the product and improve the yield rate \u2022 Easy to operate - photoelectric sensor, sensing that blows ionic air, makes operation more convenient \u2022 Flexible, serpentine tube design, easy to adapt to various angles \u2022 Safe and reliable to prevent damage or danger caused by abnormal discharge or short circuit \u2022 Ozone reduction design, compressed air and ion control at the same time \u2022 Durable and manufactured with high-quality materials \u2022 Optional foot switch for hands-free airflow control\" \/>\n<meta property=\"og:url\" content=\"https:\/\/genatronik.com\/de\/produkt\/dn243\/\" \/>\n<meta property=\"og:site_name\" content=\"Genatronik\" \/>\n<meta property=\"article:modified_time\" content=\"2025-04-24T07:28:59+00:00\" \/>\n<meta property=\"og:image\" content=\"https:\/\/genatronik.com\/wp-content\/uploads\/2024\/12\/DN243-1600-1200.png\" \/>\n\t<meta property=\"og:image:width\" content=\"1600\" \/>\n\t<meta property=\"og:image:height\" content=\"1200\" \/>\n\t<meta property=\"og:image:type\" content=\"image\/png\" \/>\n<meta name=\"twitter:card\" content=\"summary_large_image\" \/>\n<meta name=\"twitter:label1\" content=\"Gesch\u00e4tzte Lesezeit\" \/>\n\t<meta name=\"twitter:data1\" content=\"3\u00a0Minuten\" \/>\n<script type=\"application\/ld+json\" class=\"yoast-schema-graph\">{\"@context\":\"https:\/\/schema.org\",\"@graph\":[{\"@type\":\"WebPage\",\"@id\":\"https:\/\/genatronik.com\/de\/produkt\/dn243\/\",\"url\":\"https:\/\/genatronik.com\/de\/produkt\/dn243\/\",\"name\":\"Tronovo DN243 - Genatronik\",\"isPartOf\":{\"@id\":\"https:\/\/genatronik.com\/en\/#website\"},\"primaryImageOfPage\":{\"@id\":\"https:\/\/genatronik.com\/de\/produkt\/dn243\/#primaryimage\"},\"image\":{\"@id\":\"https:\/\/genatronik.com\/de\/produkt\/dn243\/#primaryimage\"},\"thumbnailUrl\":\"https:\/\/genatronik.com\/wp-content\/uploads\/2024\/12\/DN243-1600-1200.png\",\"datePublished\":\"2024-12-17T09:24:44+00:00\",\"dateModified\":\"2025-04-24T07:28:59+00:00\",\"breadcrumb\":{\"@id\":\"https:\/\/genatronik.com\/de\/produkt\/dn243\/#breadcrumb\"},\"inLanguage\":\"de\",\"potentialAction\":[{\"@type\":\"ReadAction\",\"target\":[\"https:\/\/genatronik.com\/de\/produkt\/dn243\/\"]}]},{\"@type\":\"ImageObject\",\"inLanguage\":\"de\",\"@id\":\"https:\/\/genatronik.com\/de\/produkt\/dn243\/#primaryimage\",\"url\":\"https:\/\/genatronik.com\/wp-content\/uploads\/2024\/12\/DN243-1600-1200.png\",\"contentUrl\":\"https:\/\/genatronik.com\/wp-content\/uploads\/2024\/12\/DN243-1600-1200.png\",\"width\":1600,\"height\":1200},{\"@type\":\"BreadcrumbList\",\"@id\":\"https:\/\/genatronik.com\/de\/produkt\/dn243\/#breadcrumb\",\"itemListElement\":[{\"@type\":\"ListItem\",\"position\":1,\"name\":\"Home\",\"item\":\"https:\/\/genatronik.com\/\"},{\"@type\":\"ListItem\",\"position\":2,\"name\":\"Produkte\",\"item\":\"https:\/\/genatronik.com\/de\/shop\/\"},{\"@type\":\"ListItem\",\"position\":3,\"name\":\"Products\",\"item\":\"https:\/\/genatronik.com\/product-category\/products\/\"},{\"@type\":\"ListItem\",\"position\":4,\"name\":\"ESD\",\"item\":\"https:\/\/genatronik.com\/product-category\/products\/esd\/\"},{\"@type\":\"ListItem\",\"position\":5,\"name\":\"Ionizing wind snake\",\"item\":\"https:\/\/genatronik.com\/en\/product-category\/products\/esd\/ionizing-wind-snake\/\"},{\"@type\":\"ListItem\",\"position\":6,\"name\":\"Tronovo DN243\"}]},{\"@type\":\"WebSite\",\"@id\":\"https:\/\/genatronik.com\/en\/#website\",\"url\":\"https:\/\/genatronik.com\/en\/\",\"name\":\"Genatronik\",\"description\":\"Advanced Devices. Reliable Service.\",\"publisher\":{\"@id\":\"https:\/\/genatronik.com\/en\/#organization\"},\"potentialAction\":[{\"@type\":\"SearchAction\",\"target\":{\"@type\":\"EntryPoint\",\"urlTemplate\":\"https:\/\/genatronik.com\/en\/?s={search_term_string}\"},\"query-input\":{\"@type\":\"PropertyValueSpecification\",\"valueRequired\":true,\"valueName\":\"search_term_string\"}}],\"inLanguage\":\"de\"},{\"@type\":\"Organization\",\"@id\":\"https:\/\/genatronik.com\/en\/#organization\",\"name\":\"Genatronik\",\"url\":\"https:\/\/genatronik.com\/en\/\",\"logo\":{\"@type\":\"ImageObject\",\"inLanguage\":\"de\",\"@id\":\"https:\/\/genatronik.com\/en\/#\/schema\/logo\/image\/\",\"url\":\"https:\/\/genatronik.com\/wp-content\/uploads\/2025\/05\/genatronik_logo_header-scaled.png\",\"contentUrl\":\"https:\/\/genatronik.com\/wp-content\/uploads\/2025\/05\/genatronik_logo_header-scaled.png\",\"width\":2560,\"height\":448,\"caption\":\"Genatronik\"},\"image\":{\"@id\":\"https:\/\/genatronik.com\/en\/#\/schema\/logo\/image\/\"}}]}<\/script>\n<!-- \/ Yoast SEO plugin. -->","yoast_head_json":{"title":"Tronovo DN243 - Genatronik","robots":{"index":"index","follow":"follow","max-snippet":"max-snippet:-1","max-image-preview":"max-image-preview:large","max-video-preview":"max-video-preview:-1"},"canonical":"https:\/\/genatronik.com\/de\/produkt\/dn243\/","og_locale":"de_DE","og_type":"article","og_title":"Tronovo DN243 - Genatronik","og_description":"\u2022 Efficient electrostatic precipitation removal to ensure that there is no charge residue on the surface of the product and improve the yield rate \u2022 Easy to operate - photoelectric sensor, sensing that blows ionic air, makes operation more convenient \u2022 Flexible, serpentine tube design, easy to adapt to various angles \u2022 Safe and reliable to prevent damage or danger caused by abnormal discharge or short circuit \u2022 Ozone reduction design, compressed air and ion control at the same time \u2022 Durable and manufactured with high-quality materials \u2022 Optional foot switch for hands-free airflow control","og_url":"https:\/\/genatronik.com\/de\/produkt\/dn243\/","og_site_name":"Genatronik","article_modified_time":"2025-04-24T07:28:59+00:00","og_image":[{"width":1600,"height":1200,"url":"https:\/\/genatronik.com\/wp-content\/uploads\/2024\/12\/DN243-1600-1200.png","type":"image\/png"}],"twitter_card":"summary_large_image","twitter_misc":{"Gesch\u00e4tzte Lesezeit":"3\u00a0Minuten"},"schema":{"@context":"https:\/\/schema.org","@graph":[{"@type":"WebPage","@id":"https:\/\/genatronik.com\/de\/produkt\/dn243\/","url":"https:\/\/genatronik.com\/de\/produkt\/dn243\/","name":"Tronovo DN243 - Genatronik","isPartOf":{"@id":"https:\/\/genatronik.com\/en\/#website"},"primaryImageOfPage":{"@id":"https:\/\/genatronik.com\/de\/produkt\/dn243\/#primaryimage"},"image":{"@id":"https:\/\/genatronik.com\/de\/produkt\/dn243\/#primaryimage"},"thumbnailUrl":"https:\/\/genatronik.com\/wp-content\/uploads\/2024\/12\/DN243-1600-1200.png","datePublished":"2024-12-17T09:24:44+00:00","dateModified":"2025-04-24T07:28:59+00:00","breadcrumb":{"@id":"https:\/\/genatronik.com\/de\/produkt\/dn243\/#breadcrumb"},"inLanguage":"de","potentialAction":[{"@type":"ReadAction","target":["https:\/\/genatronik.com\/de\/produkt\/dn243\/"]}]},{"@type":"ImageObject","inLanguage":"de","@id":"https:\/\/genatronik.com\/de\/produkt\/dn243\/#primaryimage","url":"https:\/\/genatronik.com\/wp-content\/uploads\/2024\/12\/DN243-1600-1200.png","contentUrl":"https:\/\/genatronik.com\/wp-content\/uploads\/2024\/12\/DN243-1600-1200.png","width":1600,"height":1200},{"@type":"BreadcrumbList","@id":"https:\/\/genatronik.com\/de\/produkt\/dn243\/#breadcrumb","itemListElement":[{"@type":"ListItem","position":1,"name":"Home","item":"https:\/\/genatronik.com\/"},{"@type":"ListItem","position":2,"name":"Produkte","item":"https:\/\/genatronik.com\/de\/shop\/"},{"@type":"ListItem","position":3,"name":"Products","item":"https:\/\/genatronik.com\/product-category\/products\/"},{"@type":"ListItem","position":4,"name":"ESD","item":"https:\/\/genatronik.com\/product-category\/products\/esd\/"},{"@type":"ListItem","position":5,"name":"Ionizing wind snake","item":"https:\/\/genatronik.com\/en\/product-category\/products\/esd\/ionizing-wind-snake\/"},{"@type":"ListItem","position":6,"name":"Tronovo DN243"}]},{"@type":"WebSite","@id":"https:\/\/genatronik.com\/en\/#website","url":"https:\/\/genatronik.com\/en\/","name":"Genatronik","description":"Fortschrittliche Ger\u00e4te. Zuverl\u00e4ssiger Service.","publisher":{"@id":"https:\/\/genatronik.com\/en\/#organization"},"potentialAction":[{"@type":"SearchAction","target":{"@type":"EntryPoint","urlTemplate":"https:\/\/genatronik.com\/en\/?s={search_term_string}"},"query-input":{"@type":"PropertyValueSpecification","valueRequired":true,"valueName":"search_term_string"}}],"inLanguage":"de"},{"@type":"Organization","@id":"https:\/\/genatronik.com\/en\/#organization","name":"Genatronik","url":"https:\/\/genatronik.com\/en\/","logo":{"@type":"ImageObject","inLanguage":"de","@id":"https:\/\/genatronik.com\/en\/#\/schema\/logo\/image\/","url":"https:\/\/genatronik.com\/wp-content\/uploads\/2025\/05\/genatronik_logo_header-scaled.png","contentUrl":"https:\/\/genatronik.com\/wp-content\/uploads\/2025\/05\/genatronik_logo_header-scaled.png","width":2560,"height":448,"caption":"Genatronik"},"image":{"@id":"https:\/\/genatronik.com\/en\/#\/schema\/logo\/image\/"}}]}},"uagb_featured_image_src":{"full":["https:\/\/genatronik.com\/wp-content\/uploads\/2024\/12\/DN243-1600-1200.png",1600,1200,false],"thumbnail":["https:\/\/genatronik.com\/wp-content\/uploads\/2024\/12\/DN243-1600-1200.png",150,113,false],"medium":["https:\/\/genatronik.com\/wp-content\/uploads\/2024\/12\/DN243-1600-1200.png",300,225,false],"medium_large":["https:\/\/genatronik.com\/wp-content\/uploads\/2024\/12\/DN243-1600-1200.png",768,576,false],"large":["https:\/\/genatronik.com\/wp-content\/uploads\/2024\/12\/DN243-1600-1200.png",1024,768,false],"1536x1536":["https:\/\/genatronik.com\/wp-content\/uploads\/2024\/12\/DN243-1600-1200.png",1536,1152,false],"2048x2048":["https:\/\/genatronik.com\/wp-content\/uploads\/2024\/12\/DN243-1600-1200.png",1600,1200,false],"trp-custom-language-flag":["https:\/\/genatronik.com\/wp-content\/uploads\/2024\/12\/DN243-1600-1200.png",16,12,false],"tp-image-grid":["https:\/\/genatronik.com\/wp-content\/uploads\/2024\/12\/DN243-1600-1200.png",700,525,false],"woocommerce_thumbnail":["https:\/\/genatronik.com\/wp-content\/uploads\/2024\/12\/DN243-1600-1200.png",300,225,false],"woocommerce_single":["https:\/\/genatronik.com\/wp-content\/uploads\/2024\/12\/DN243-1600-1200.png",600,450,false],"woocommerce_gallery_thumbnail":["https:\/\/genatronik.com\/wp-content\/uploads\/2024\/12\/DN243-1600-1200-100x100.png",100,100,true]},"uagb_author_info":{"display_name":"guanyuan zhu","author_link":"https:\/\/genatronik.com\/de\/author\/"},"uagb_comment_info":0,"uagb_excerpt":"\u2022 Efficient electrostatic precipitation removal to ensure that there is no charge residue on the surface of the product and improve the yield rate \u2022 Easy to operate - photoelectric sensor, sensing that blows ionic air, makes operation more convenient \u2022 Flexible, serpentine tube design, easy to adapt to various angles \u2022 Safe and reliable&hellip;","jetpack_sharing_enabled":true,"_links":{"self":[{"href":"https:\/\/genatronik.com\/de\/wp-json\/wp\/v2\/product\/2768","targetHints":{"allow":["GET"]}}],"collection":[{"href":"https:\/\/genatronik.com\/de\/wp-json\/wp\/v2\/product"}],"about":[{"href":"https:\/\/genatronik.com\/de\/wp-json\/wp\/v2\/types\/product"}],"replies":[{"embeddable":true,"href":"https:\/\/genatronik.com\/de\/wp-json\/wp\/v2\/comments?post=2768"}],"version-history":[{"count":9,"href":"https:\/\/genatronik.com\/de\/wp-json\/wp\/v2\/product\/2768\/revisions"}],"predecessor-version":[{"id":6881,"href":"https:\/\/genatronik.com\/de\/wp-json\/wp\/v2\/product\/2768\/revisions\/6881"}],"wp:featuredmedia":[{"embeddable":true,"href":"https:\/\/genatronik.com\/de\/wp-json\/wp\/v2\/media\/4780"}],"wp:attachment":[{"href":"https:\/\/genatronik.com\/de\/wp-json\/wp\/v2\/media?parent=2768"}],"wp:term":[{"taxonomy":"product_brand","embeddable":true,"href":"https:\/\/genatronik.com\/de\/wp-json\/wp\/v2\/product_brand?post=2768"},{"taxonomy":"product_cat","embeddable":true,"href":"https:\/\/genatronik.com\/de\/wp-json\/wp\/v2\/product_cat?post=2768"},{"taxonomy":"product_tag","embeddable":true,"href":"https:\/\/genatronik.com\/de\/wp-json\/wp\/v2\/product_tag?post=2768"}],"curies":[{"name":"wp","href":"https:\/\/api.w.org\/{rel}","templated":true}]}}