{"id":2718,"date":"2024-12-17T00:01:33","date_gmt":"2024-12-16T16:01:33","guid":{"rendered":"https:\/\/genatronik.com\/?post_type=product&#038;p=2718"},"modified":"2025-04-23T16:11:57","modified_gmt":"2025-04-23T14:11:57","slug":"df231p-2","status":"publish","type":"product","link":"https:\/\/genatronik.com\/de\/produkt\/df231p-2\/","title":{"rendered":"Tronovo DF231P"},"content":{"rendered":"<p><span style=\"background-color: transparent;\"><br \/>\n    <span style=\"font-size: 18px;\"><br \/>\n    Das leichte Design, das stabile Ionengleichgewicht, unabh\u00e4ngig von der Einbaulage, kann leicht im Ger\u00e4t installiert werden. Es beseitigt schnell statische Elektrizit\u00e4t und bietet den besten Schutz gegen statische Sch\u00e4den an der Komponente. Wenn eine anormale Entladung wahrgenommen wird, wird ein Alarmsignal ausgegeben und gleichzeitig die Stromversorgung unterbrochen, um Probleme zu verhindern, bevor sie auftreten. Im Falle einer Verschmutzung des Elektrodenstiftes usw. muss die Selbstdiagnose gereinigt werden, und es wird ein Alarmsignal ausgegeben.<br \/>\n    <\/span><\/span><\/p>\n<p>\n&nbsp;<\/p>\n<hr style=\"height:3px;border-width:0;color:gray;background-color:gray\">\n&nbsp;<\/p>\n<table style=\"width: 100%; border-collapse: collapse; float: center; border: none;\">\n<tbody style=\"border: none;\">\n<tr style=\"border: none;\">\n<td style=\"width: 50%; border: none; background-color: grey;\">\n            <img fetchpriority=\"high\" decoding=\"async\" class=\"alignnone wp-image-6786 size-large\" src=\"https:\/\/genatronik.com\/wp-content\/uploads\/2025\/04\/esd_df231p_desc_1.jpg\" alt=\"\" width=\"640\" height=\"420\" data-wp-editing=\"1\" \/>\n        <\/td>\n<td style=\"width: 50%; border: none;\">\n<h5>ESD-Schutznormen<\/h5>\n<p>            <span style=\"font-size: 19px;\"><br \/>\n                Die F\u00e4higkeit des Statik-Eliminators wird durch die US-amerikanische EOS\/ESD-Norm f\u00fcr die Verwendung eines stromf\u00fchrenden Flachbildschirms getestet. Die Restspannung liegt bei \u00b135 V und die statische Ableitzeit gibt die Geschwindigkeit an, mit der die statische Elektrizit\u00e4t abgeleitet wird.<br \/>\n            <\/span><\/td>\n<\/tr>\n<tr style=\"border: none;\">\n<td style=\"width: 50%; border: none;\">\n<h5>Filterreinigungshaube<\/h5>\n<p>            <span style=\"font-size: 19px;\"><br \/>\n                In staubigen Umgebungen wird empfohlen, einen Filter zu installieren.<br \/>\n            <\/span><\/td>\n<td style=\"width: 50%; border: none; background-color: grey;\">\n            <img decoding=\"async\" class=\"alignnone wp-image-6370 size-large\" src=\"https:\/\/genatronik.com\/wp-content\/uploads\/2025\/04\/esd_df231p_desc_2.jpg\" alt=\"\" width=\"640\" height=\"420\"\/>\n        <\/td>\n<\/tr>\n<tr style=\"border: none;\">\n<td style=\"width: 50%; border: none; background-color: grey;\">\n            <img decoding=\"async\" class=\"alignnone wp-image-6372 size-large\" src=\"https:\/\/genatronik.com\/wp-content\/uploads\/2025\/04\/esd_df231p_desc_3.jpg\" alt=\"\" width=\"640\" height=\"420\"\/>\n        <\/td>\n<td style=\"width: 50%; border: none;\">\n<h5>Typische Dissipationszeit<\/h5>\n<p>            <span style=\"font-size: 19px;\"><br \/>\n                Gem\u00e4\u00df der Norm des United States ESD Institute: ANSI\/ESDS20.20-2014, stellt jeder Punkt die statische Dissipationszeit von 1000V auf 100V bei hohen Windgeschwindigkeiten dar.<br \/>\n            <\/span>\n        <\/td>\n<\/tr>\n<tr style=\"border: none;\">\n<td style=\"border: none; width: 50%;\">\n<h5>Pr\u00fcfger\u00e4t:CPM374<\/h5>\n<p>            <span style=\"font-size: 19px;\"><br \/>\n                Pr\u00fcfspannung:\u00b11000V \u2192 \u00b1100V Abschw\u00e4chung<br \/>\n                Messabstand:30CM<br \/>\n                Messumgebung: Feuchtigkeit 55%, Temperatur 25\u00b0C<br \/>\n            <\/span>\n        <\/td>\n<td style=\"border: none; width: 50%; background-color: grey;\">\n            <img loading=\"lazy\" decoding=\"async\" class=\"alignnone wp-image-6614 size-large\" src=\"https:\/\/genatronik.com\/wp-content\/uploads\/2025\/04\/esd_df231p_desc_4.jpg\" alt=\"\" width=\"640\" height=\"420\"\/>\n        <\/td>\n<\/tr>\n<\/tbody>\n<\/table>","protected":false},"excerpt":{"rendered":"<p>- Kompaktes Design, ultrad\u00fcnne Dicke von nur 39 mm<br \/>\n- Hochfrequenz-AC-Ionisierungstechnologie, extrem stabile Ionenbalance<br \/>\n- Neu verbesserte Entladungsnadel-Erkennungsfunktion, Warnung bei abnormaler Ionennadel<br \/>\n- Vier automatische Alarmfunktionen, die den abnormalen Zustand intuitiv anzeigen k\u00f6nnen<br \/>\n- 5 Stufen der Luftmengeneinstellung, die Luftmenge kann durch Dr\u00fccken von Tasten eingestellt werden<br \/>\n- IO-Steuerungsschnittstelle und drahtlose und drahtgebundene Vernetzung<\/p>","protected":false},"featured_media":4546,"comment_status":"open","ping_status":"closed","template":"","meta":{"_surecart_dashboard_logo_width":"180px","_surecart_dashboard_show_logo":true,"_surecart_dashboard_navigation_orders":true,"_surecart_dashboard_navigation_invoices":true,"_surecart_dashboard_navigation_subscriptions":true,"_surecart_dashboard_navigation_downloads":true,"_surecart_dashboard_navigation_billing":true,"_surecart_dashboard_navigation_account":true,"_uag_custom_page_level_css":"","site-sidebar-layout":"default","site-content-layout":"","ast-site-content-layout":"default","site-content-style":"default","site-sidebar-style":"default","ast-global-header-display":"","ast-banner-title-visibility":"","ast-main-header-display":"","ast-hfb-above-header-display":"","ast-hfb-below-header-display":"","ast-hfb-mobile-header-display":"","site-post-title":"","ast-breadcrumbs-content":"","ast-featured-img":"","footer-sml-layout":"","ast-disable-related-posts":"","theme-transparent-header-meta":"default","adv-header-id-meta":"","stick-header-meta":"default","header-above-stick-meta":"","header-main-stick-meta":"","header-below-stick-meta":"","astra-migrate-meta-layouts":"set","ast-page-background-enabled":"default","ast-page-background-meta":{"desktop":{"background-color":"var(--ast-global-color-4)","background-image":"","background-repeat":"repeat","background-position":"center center","background-size":"auto","background-attachment":"scroll","background-type":"","background-media":"","overlay-type":"","overlay-color":"","overlay-opacity":"","overlay-gradient":""},"tablet":{"background-color":"","background-image":"","background-repeat":"repeat","background-position":"center center","background-size":"auto","background-attachment":"scroll","background-type":"","background-media":"","overlay-type":"","overlay-color":"","overlay-opacity":"","overlay-gradient":""},"mobile":{"background-color":"","background-image":"","background-repeat":"repeat","background-position":"center center","background-size":"auto","background-attachment":"scroll","background-type":"","background-media":"","overlay-type":"","overlay-color":"","overlay-opacity":"","overlay-gradient":""}},"ast-content-background-meta":{"desktop":{"background-color":"var(--ast-global-color-5)","background-image":"","background-repeat":"repeat","background-position":"center center","background-size":"auto","background-attachment":"scroll","background-type":"","background-media":"","overlay-type":"","overlay-color":"","overlay-opacity":"","overlay-gradient":""},"tablet":{"background-color":"var(--ast-global-color-5)","background-image":"","background-repeat":"repeat","background-position":"center center","background-size":"auto","background-attachment":"scroll","background-type":"","background-media":"","overlay-type":"","overlay-color":"","overlay-opacity":"","overlay-gradient":""},"mobile":{"background-color":"var(--ast-global-color-5)","background-image":"","background-repeat":"repeat","background-position":"center center","background-size":"auto","background-attachment":"scroll","background-type":"","background-media":"","overlay-type":"","overlay-color":"","overlay-opacity":"","overlay-gradient":""}}},"product_brand":[],"product_cat":[142,45,79],"product_tag":[],"class_list":{"0":"post-2718","1":"product","2":"type-product","3":"status-publish","4":"has-post-thumbnail","6":"product_cat-products","7":"product_cat-esd","8":"product_cat-ionizing-fan","9":"desktop-align-left","10":"tablet-align-left","11":"mobile-align-left","12":"ast-product-gallery-layout-horizontal-slider","13":"ast-product-tabs-layout-horizontal","15":"first","16":"instock","17":"taxable","18":"shipping-taxable","19":"purchasable","20":"product-type-simple"},"yoast_head":"<!-- This site is optimized with the Yoast SEO plugin v26.2 - https:\/\/yoast.com\/wordpress\/plugins\/seo\/ -->\n<title>Tronovo DF231P - Genatronik<\/title>\n<meta name=\"robots\" content=\"index, follow, max-snippet:-1, max-image-preview:large, max-video-preview:-1\" \/>\n<link rel=\"canonical\" href=\"https:\/\/genatronik.com\/de\/produkt\/df231p-2\/\" \/>\n<meta property=\"og:locale\" content=\"de_DE\" \/>\n<meta property=\"og:type\" content=\"article\" \/>\n<meta property=\"og:title\" content=\"Tronovo DF231P - Genatronik\" \/>\n<meta property=\"og:description\" content=\"\u2022 Compact design, ultra-thin thickness of only 39mm \u2022 High-frequency AC ionization technology, extremely stable ion balance \u2022 Newly upgraded discharge needle detection function, ion needle abnormal warning \u2022 Four automatic alarm functions, which can intuitively display the abnormal status \u2022 5 levels of air volume adjustment, the air volume can be adjusted by pressing buttons \u2022 IO control interface and wireless and wired networking\" \/>\n<meta property=\"og:url\" content=\"https:\/\/genatronik.com\/de\/produkt\/df231p-2\/\" \/>\n<meta property=\"og:site_name\" content=\"Genatronik\" \/>\n<meta property=\"article:modified_time\" content=\"2025-04-23T14:11:57+00:00\" \/>\n<meta property=\"og:image\" content=\"https:\/\/genatronik.com\/wp-content\/uploads\/2024\/12\/DF231P.1.1600-1200.png\" \/>\n\t<meta property=\"og:image:width\" content=\"1600\" \/>\n\t<meta property=\"og:image:height\" content=\"1200\" \/>\n\t<meta property=\"og:image:type\" content=\"image\/png\" \/>\n<meta name=\"twitter:card\" content=\"summary_large_image\" \/>\n<meta name=\"twitter:label1\" content=\"Gesch\u00e4tzte Lesezeit\" \/>\n\t<meta name=\"twitter:data1\" content=\"2\u00a0Minuten\" \/>\n<script type=\"application\/ld+json\" class=\"yoast-schema-graph\">{\"@context\":\"https:\/\/schema.org\",\"@graph\":[{\"@type\":\"WebPage\",\"@id\":\"https:\/\/genatronik.com\/en\/product\/df231p-2\/\",\"url\":\"https:\/\/genatronik.com\/en\/product\/df231p-2\/\",\"name\":\"Tronovo DF231P - Genatronik\",\"isPartOf\":{\"@id\":\"https:\/\/genatronik.com\/en\/#website\"},\"primaryImageOfPage\":{\"@id\":\"https:\/\/genatronik.com\/en\/product\/df231p-2\/#primaryimage\"},\"image\":{\"@id\":\"https:\/\/genatronik.com\/en\/product\/df231p-2\/#primaryimage\"},\"thumbnailUrl\":\"https:\/\/genatronik.com\/wp-content\/uploads\/2024\/12\/DF231P.1.1600-1200.png\",\"datePublished\":\"2024-12-16T16:01:33+00:00\",\"dateModified\":\"2025-04-23T14:11:57+00:00\",\"breadcrumb\":{\"@id\":\"https:\/\/genatronik.com\/en\/product\/df231p-2\/#breadcrumb\"},\"inLanguage\":\"de\",\"potentialAction\":[{\"@type\":\"ReadAction\",\"target\":[\"https:\/\/genatronik.com\/en\/product\/df231p-2\/\"]}]},{\"@type\":\"ImageObject\",\"inLanguage\":\"de\",\"@id\":\"https:\/\/genatronik.com\/en\/product\/df231p-2\/#primaryimage\",\"url\":\"https:\/\/genatronik.com\/wp-content\/uploads\/2024\/12\/DF231P.1.1600-1200.png\",\"contentUrl\":\"https:\/\/genatronik.com\/wp-content\/uploads\/2024\/12\/DF231P.1.1600-1200.png\",\"width\":1600,\"height\":1200},{\"@type\":\"BreadcrumbList\",\"@id\":\"https:\/\/genatronik.com\/en\/product\/df231p-2\/#breadcrumb\",\"itemListElement\":[{\"@type\":\"ListItem\",\"position\":1,\"name\":\"Home\",\"item\":\"https:\/\/genatronik.com\/\"},{\"@type\":\"ListItem\",\"position\":2,\"name\":\"Produkte\",\"item\":\"https:\/\/genatronik.com\/de\/shop\/\"},{\"@type\":\"ListItem\",\"position\":3,\"name\":\"Products\",\"item\":\"https:\/\/genatronik.com\/product-category\/products\/\"},{\"@type\":\"ListItem\",\"position\":4,\"name\":\"ESD\",\"item\":\"https:\/\/genatronik.com\/product-category\/products\/esd\/\"},{\"@type\":\"ListItem\",\"position\":5,\"name\":\"Ionizing Fan\",\"item\":\"https:\/\/genatronik.com\/en\/product-category\/products\/esd\/ionizing-fan\/\"},{\"@type\":\"ListItem\",\"position\":6,\"name\":\"Tronovo DF231P\"}]},{\"@type\":\"WebSite\",\"@id\":\"https:\/\/genatronik.com\/en\/#website\",\"url\":\"https:\/\/genatronik.com\/en\/\",\"name\":\"Genatronik\",\"description\":\"Advanced Devices. Reliable Service.\",\"publisher\":{\"@id\":\"https:\/\/genatronik.com\/en\/#organization\"},\"potentialAction\":[{\"@type\":\"SearchAction\",\"target\":{\"@type\":\"EntryPoint\",\"urlTemplate\":\"https:\/\/genatronik.com\/en\/?s={search_term_string}\"},\"query-input\":{\"@type\":\"PropertyValueSpecification\",\"valueRequired\":true,\"valueName\":\"search_term_string\"}}],\"inLanguage\":\"de\"},{\"@type\":\"Organization\",\"@id\":\"https:\/\/genatronik.com\/en\/#organization\",\"name\":\"Genatronik\",\"url\":\"https:\/\/genatronik.com\/en\/\",\"logo\":{\"@type\":\"ImageObject\",\"inLanguage\":\"de\",\"@id\":\"https:\/\/genatronik.com\/en\/#\/schema\/logo\/image\/\",\"url\":\"https:\/\/genatronik.com\/wp-content\/uploads\/2025\/05\/genatronik_logo_header-scaled.png\",\"contentUrl\":\"https:\/\/genatronik.com\/wp-content\/uploads\/2025\/05\/genatronik_logo_header-scaled.png\",\"width\":2560,\"height\":448,\"caption\":\"Genatronik\"},\"image\":{\"@id\":\"https:\/\/genatronik.com\/en\/#\/schema\/logo\/image\/\"}}]}<\/script>\n<!-- \/ Yoast SEO plugin. -->","yoast_head_json":{"title":"Tronovo DF231P - Genatronik","robots":{"index":"index","follow":"follow","max-snippet":"max-snippet:-1","max-image-preview":"max-image-preview:large","max-video-preview":"max-video-preview:-1"},"canonical":"https:\/\/genatronik.com\/de\/produkt\/df231p-2\/","og_locale":"de_DE","og_type":"article","og_title":"Tronovo DF231P - Genatronik","og_description":"\u2022 Compact design, ultra-thin thickness of only 39mm \u2022 High-frequency AC ionization technology, extremely stable ion balance \u2022 Newly upgraded discharge needle detection function, ion needle abnormal warning \u2022 Four automatic alarm functions, which can intuitively display the abnormal status \u2022 5 levels of air volume adjustment, the air volume can be adjusted by pressing buttons \u2022 IO control interface and wireless and wired networking","og_url":"https:\/\/genatronik.com\/de\/produkt\/df231p-2\/","og_site_name":"Genatronik","article_modified_time":"2025-04-23T14:11:57+00:00","og_image":[{"width":1600,"height":1200,"url":"https:\/\/genatronik.com\/wp-content\/uploads\/2024\/12\/DF231P.1.1600-1200.png","type":"image\/png"}],"twitter_card":"summary_large_image","twitter_misc":{"Gesch\u00e4tzte Lesezeit":"2\u00a0Minuten"},"schema":{"@context":"https:\/\/schema.org","@graph":[{"@type":"WebPage","@id":"https:\/\/genatronik.com\/en\/product\/df231p-2\/","url":"https:\/\/genatronik.com\/en\/product\/df231p-2\/","name":"Tronovo DF231P - Genatronik","isPartOf":{"@id":"https:\/\/genatronik.com\/en\/#website"},"primaryImageOfPage":{"@id":"https:\/\/genatronik.com\/en\/product\/df231p-2\/#primaryimage"},"image":{"@id":"https:\/\/genatronik.com\/en\/product\/df231p-2\/#primaryimage"},"thumbnailUrl":"https:\/\/genatronik.com\/wp-content\/uploads\/2024\/12\/DF231P.1.1600-1200.png","datePublished":"2024-12-16T16:01:33+00:00","dateModified":"2025-04-23T14:11:57+00:00","breadcrumb":{"@id":"https:\/\/genatronik.com\/en\/product\/df231p-2\/#breadcrumb"},"inLanguage":"de","potentialAction":[{"@type":"ReadAction","target":["https:\/\/genatronik.com\/en\/product\/df231p-2\/"]}]},{"@type":"ImageObject","inLanguage":"de","@id":"https:\/\/genatronik.com\/en\/product\/df231p-2\/#primaryimage","url":"https:\/\/genatronik.com\/wp-content\/uploads\/2024\/12\/DF231P.1.1600-1200.png","contentUrl":"https:\/\/genatronik.com\/wp-content\/uploads\/2024\/12\/DF231P.1.1600-1200.png","width":1600,"height":1200},{"@type":"BreadcrumbList","@id":"https:\/\/genatronik.com\/en\/product\/df231p-2\/#breadcrumb","itemListElement":[{"@type":"ListItem","position":1,"name":"Home","item":"https:\/\/genatronik.com\/"},{"@type":"ListItem","position":2,"name":"Produkte","item":"https:\/\/genatronik.com\/de\/shop\/"},{"@type":"ListItem","position":3,"name":"Products","item":"https:\/\/genatronik.com\/product-category\/products\/"},{"@type":"ListItem","position":4,"name":"ESD","item":"https:\/\/genatronik.com\/product-category\/products\/esd\/"},{"@type":"ListItem","position":5,"name":"Ionizing Fan","item":"https:\/\/genatronik.com\/en\/product-category\/products\/esd\/ionizing-fan\/"},{"@type":"ListItem","position":6,"name":"Tronovo DF231P"}]},{"@type":"WebSite","@id":"https:\/\/genatronik.com\/en\/#website","url":"https:\/\/genatronik.com\/en\/","name":"Genatronik","description":"Fortschrittliche Ger\u00e4te. Zuverl\u00e4ssiger Service.","publisher":{"@id":"https:\/\/genatronik.com\/en\/#organization"},"potentialAction":[{"@type":"SearchAction","target":{"@type":"EntryPoint","urlTemplate":"https:\/\/genatronik.com\/en\/?s={search_term_string}"},"query-input":{"@type":"PropertyValueSpecification","valueRequired":true,"valueName":"search_term_string"}}],"inLanguage":"de"},{"@type":"Organization","@id":"https:\/\/genatronik.com\/en\/#organization","name":"Genatronik","url":"https:\/\/genatronik.com\/en\/","logo":{"@type":"ImageObject","inLanguage":"de","@id":"https:\/\/genatronik.com\/en\/#\/schema\/logo\/image\/","url":"https:\/\/genatronik.com\/wp-content\/uploads\/2025\/05\/genatronik_logo_header-scaled.png","contentUrl":"https:\/\/genatronik.com\/wp-content\/uploads\/2025\/05\/genatronik_logo_header-scaled.png","width":2560,"height":448,"caption":"Genatronik"},"image":{"@id":"https:\/\/genatronik.com\/en\/#\/schema\/logo\/image\/"}}]}},"uagb_featured_image_src":{"full":["https:\/\/genatronik.com\/wp-content\/uploads\/2024\/12\/DF231P.1.1600-1200.png",1600,1200,false],"thumbnail":["https:\/\/genatronik.com\/wp-content\/uploads\/2024\/12\/DF231P.1.1600-1200.png",150,113,false],"medium":["https:\/\/genatronik.com\/wp-content\/uploads\/2024\/12\/DF231P.1.1600-1200.png",300,225,false],"medium_large":["https:\/\/genatronik.com\/wp-content\/uploads\/2024\/12\/DF231P.1.1600-1200.png",768,576,false],"large":["https:\/\/genatronik.com\/wp-content\/uploads\/2024\/12\/DF231P.1.1600-1200.png",1024,768,false],"1536x1536":["https:\/\/genatronik.com\/wp-content\/uploads\/2024\/12\/DF231P.1.1600-1200.png",1536,1152,false],"2048x2048":["https:\/\/genatronik.com\/wp-content\/uploads\/2024\/12\/DF231P.1.1600-1200.png",1600,1200,false],"trp-custom-language-flag":["https:\/\/genatronik.com\/wp-content\/uploads\/2024\/12\/DF231P.1.1600-1200.png",16,12,false],"tp-image-grid":["https:\/\/genatronik.com\/wp-content\/uploads\/2024\/12\/DF231P.1.1600-1200.png",700,525,false],"woocommerce_thumbnail":["https:\/\/genatronik.com\/wp-content\/uploads\/2024\/12\/DF231P.1.1600-1200.png",300,225,false],"woocommerce_single":["https:\/\/genatronik.com\/wp-content\/uploads\/2024\/12\/DF231P.1.1600-1200.png",600,450,false],"woocommerce_gallery_thumbnail":["https:\/\/genatronik.com\/wp-content\/uploads\/2024\/12\/DF231P.1.1600-1200-100x100.png",100,100,true]},"uagb_author_info":{"display_name":"guanyuan zhu","author_link":"https:\/\/genatronik.com\/de\/author\/"},"uagb_comment_info":0,"uagb_excerpt":"\u2022 Compact design, ultra-thin thickness of only 39mm \u2022 High-frequency AC ionization technology, extremely stable ion balance \u2022 Newly upgraded discharge needle detection function, ion needle abnormal warning \u2022 Four automatic alarm functions, which can intuitively display the abnormal status \u2022 5 levels of air volume adjustment, the air volume can be adjusted by pressing&hellip;","jetpack_sharing_enabled":true,"_links":{"self":[{"href":"https:\/\/genatronik.com\/de\/wp-json\/wp\/v2\/product\/2718","targetHints":{"allow":["GET"]}}],"collection":[{"href":"https:\/\/genatronik.com\/de\/wp-json\/wp\/v2\/product"}],"about":[{"href":"https:\/\/genatronik.com\/de\/wp-json\/wp\/v2\/types\/product"}],"replies":[{"embeddable":true,"href":"https:\/\/genatronik.com\/de\/wp-json\/wp\/v2\/comments?post=2718"}],"version-history":[{"count":10,"href":"https:\/\/genatronik.com\/de\/wp-json\/wp\/v2\/product\/2718\/revisions"}],"predecessor-version":[{"id":6875,"href":"https:\/\/genatronik.com\/de\/wp-json\/wp\/v2\/product\/2718\/revisions\/6875"}],"wp:featuredmedia":[{"embeddable":true,"href":"https:\/\/genatronik.com\/de\/wp-json\/wp\/v2\/media\/4546"}],"wp:attachment":[{"href":"https:\/\/genatronik.com\/de\/wp-json\/wp\/v2\/media?parent=2718"}],"wp:term":[{"taxonomy":"product_brand","embeddable":true,"href":"https:\/\/genatronik.com\/de\/wp-json\/wp\/v2\/product_brand?post=2718"},{"taxonomy":"product_cat","embeddable":true,"href":"https:\/\/genatronik.com\/de\/wp-json\/wp\/v2\/product_cat?post=2718"},{"taxonomy":"product_tag","embeddable":true,"href":"https:\/\/genatronik.com\/de\/wp-json\/wp\/v2\/product_tag?post=2718"}],"curies":[{"name":"wp","href":"https:\/\/api.w.org\/{rel}","templated":true}]}}