{"id":2653,"date":"2024-12-02T23:22:45","date_gmt":"2024-12-02T15:22:45","guid":{"rendered":"https:\/\/genatronik.com\/?post_type=product&#038;p=2653"},"modified":"2025-05-13T10:18:40","modified_gmt":"2025-05-13T08:18:40","slug":"dm3058e","status":"publish","type":"product","link":"https:\/\/genatronik.com\/de\/produkt\/dm3058e\/","title":{"rendered":"Rigol DM3058E"},"content":{"rendered":"<ul>\n<li>Echte 5\u00bd-stellige Aufl\u00f6sung.<\/li>\n<li>Drei Messgeschwindigkeiten: 2,5 Lesungen\/s, 20 Lesungen\/s und 123 Lesungen\/s.<\/li>\n<li>Die Funktion der doppelten Anzeige erm\u00f6glicht die synchrone Anzeige von zwei Arten von Merkmalen f\u00fcr ein Signal.<\/li>\n<li>Zwei Betriebsarten: Voreinstellung und Normalbetrieb. Im Voreinstellungsmodus kann die Konfiguration schnell gespeichert werden.<\/li>\n<li>Gleichspannungsbereich zwischen 200mV und 1000V.<\/li>\n<li>Gleichstrombereich zwischen 200\u03bcA und 10A.<\/li>\n<li>True-RMS, Wechselspannungsbereich zwischen 200mV und 750V.<\/li>\n<li>True-RMS, Wechselspannung Strom zwischen 20mA und 10A.<\/li>\n<li>Widerstandsbereich zwischen 200\u03a9 und 100M\u03a9 f\u00fcr 2&amp;4-Draht-Widerstandsmessung.<\/li>\n<li>Kapazit\u00e4tsbereich zwischen 2nF und 10000\u03bcF.<\/li>\n<li>Frequenzbereich zwischen 20Hz und 1MHz.<\/li>\n<li>Durchgangspr\u00fcfung und Diodentest.<\/li>\n<li>Sensor Messfunktion, Eingebautes Thermoelement kompensiert im kalten Terminal.<\/li>\n<li>Vielf\u00e4ltige mathematische Operationen: Max, Min, Durchschnitt, P\/F, dBm, dB, RelativeMeasurement, Standardabweichung und Histogramm.<\/li>\n<li>Unterst\u00fctzung der Speicherung von Daten und Konfiguration \u00fcber ein USB-Flash-Ger\u00e4t.<\/li>\n<li>Unterst\u00fctzt USB, GPIB, RS-232 und LAN-Schnittstellen. Unterst\u00fctzt USB-TMC, IEEE 488.2 Standard, LXI-C Klassenstandard und SCPI Sprache.<\/li>\n<li>Im Besitz von kompatiblen Befehlen f\u00fcr Agilent 34401A und Fluke 45.<\/li>\n<li>Aufzeichnung und Speicherung der historischen Messergebnisse.<\/li>\n<li>Drei Arten der Verwaltung f\u00fcr die Stromversorgung: PwrOn, Default und Switch.<\/li>\n<li>Erm\u00f6glicht die Speicherung von 10 Gruppen von Systemkonfigurationen im internen Speicher und deren Abruf bei Bedarf.<\/li>\n<li>Sichern oder \"Klonen\" aller Konfigurationen im Ger\u00e4t auf einem anderen DM3058\/DM3058E \u00fcber ein USB-Flash-Ger\u00e4t.<\/li>\n<li>Chinesisches und englisches Men\u00fc und Online-Hilfesystem.<\/li>\n<li>Mit Steuerungssoftware auf PC und Anwendungssoftware f\u00fcr Sensor.<\/li>\n<\/ul>","protected":false},"excerpt":{"rendered":"<p>5\u00bd-stelliges TRMS-Multimeter, DCV-Genauigkeit bis zu 0,015%, Ableserate bis zu 120 rdgs\/s, 2000 Punkte Speicher, monochromes Display (256\u00d764 Pixel).<\/p>","protected":false},"featured_media":3844,"comment_status":"open","ping_status":"closed","template":"","meta":{"_surecart_dashboard_logo_width":"180px","_surecart_dashboard_show_logo":true,"_surecart_dashboard_navigation_orders":true,"_surecart_dashboard_navigation_invoices":true,"_surecart_dashboard_navigation_subscriptions":true,"_surecart_dashboard_navigation_downloads":true,"_surecart_dashboard_navigation_billing":true,"_surecart_dashboard_navigation_account":true,"_uag_custom_page_level_css":"","site-sidebar-layout":"default","site-content-layout":"","ast-site-content-layout":"default","site-content-style":"default","site-sidebar-style":"default","ast-global-header-display":"","ast-banner-title-visibility":"","ast-main-header-display":"","ast-hfb-above-header-display":"","ast-hfb-below-header-display":"","ast-hfb-mobile-header-display":"","site-post-title":"","ast-breadcrumbs-content":"","ast-featured-img":"","footer-sml-layout":"","ast-disable-related-posts":"","theme-transparent-header-meta":"default","adv-header-id-meta":"","stick-header-meta":"default","header-above-stick-meta":"","header-main-stick-meta":"","header-below-stick-meta":"","astra-migrate-meta-layouts":"set","ast-page-background-enabled":"default","ast-page-background-meta":{"desktop":{"background-color":"var(--ast-global-color-4)","background-image":"","background-repeat":"repeat","background-position":"center center","background-size":"auto","background-attachment":"scroll","background-type":"","background-media":"","overlay-type":"","overlay-color":"","overlay-opacity":"","overlay-gradient":""},"tablet":{"background-color":"","background-image":"","background-repeat":"repeat","background-position":"center center","background-size":"auto","background-attachment":"scroll","background-type":"","background-media":"","overlay-type":"","overlay-color":"","overlay-opacity":"","overlay-gradient":""},"mobile":{"background-color":"","background-image":"","background-repeat":"repeat","background-position":"center center","background-size":"auto","background-attachment":"scroll","background-type":"","background-media":"","overlay-type":"","overlay-color":"","overlay-opacity":"","overlay-gradient":""}},"ast-content-background-meta":{"desktop":{"background-color":"var(--ast-global-color-5)","background-image":"","background-repeat":"repeat","background-position":"center center","background-size":"auto","background-attachment":"scroll","background-type":"","background-media":"","overlay-type":"","overlay-color":"","overlay-opacity":"","overlay-gradient":""},"tablet":{"background-color":"var(--ast-global-color-5)","background-image":"","background-repeat":"repeat","background-position":"center center","background-size":"auto","background-attachment":"scroll","background-type":"","background-media":"","overlay-type":"","overlay-color":"","overlay-opacity":"","overlay-gradient":""},"mobile":{"background-color":"var(--ast-global-color-5)","background-image":"","background-repeat":"repeat","background-position":"center center","background-size":"auto","background-attachment":"scroll","background-type":"","background-media":"","overlay-type":"","overlay-color":"","overlay-opacity":"","overlay-gradient":""}}},"product_brand":[],"product_cat":[38,40,106,48],"product_tag":[],"class_list":{"0":"post-2653","1":"product","2":"type-product","3":"status-publish","4":"has-post-thumbnail","6":"product_cat-test-measure","7":"product_cat-digital-multimeter","8":"product_cat-rigol-digital-multimeter","9":"product_cat-dm3000","10":"desktop-align-left","11":"tablet-align-left","12":"mobile-align-left","13":"ast-product-gallery-layout-horizontal-slider","14":"ast-product-gallery-with-no-image","15":"ast-product-tabs-layout-horizontal","17":"first","18":"instock","19":"taxable","20":"shipping-taxable","21":"purchasable","22":"product-type-simple"},"yoast_head":"<!-- This site is optimized with the Yoast SEO plugin v26.2 - https:\/\/yoast.com\/wordpress\/plugins\/seo\/ -->\n<title>Rigol DM3058E - Genatronik<\/title>\n<meta name=\"description\" content=\"The Rigol DM3058E is a high quality digital tabletop multimeter of the DM3050 series with a sampling rate of max. 120 Sa\/s.These Rigol multimeters have a very sophisticated and easy to use interface and provide plenty functions for all measurement tasks. The use of the menu navigation is very intuitive and the devices will provide precise results all of their many many application areas. With the help of a computer, you can perform long running monitoring tasks, too.The LC-Display with its 256x64 pixels is easy to read and provides a very good overview of all features. The display has a resolution of 5\u00bd digits (max. count 240.000).\" \/>\n<meta name=\"robots\" content=\"index, follow, max-snippet:-1, max-image-preview:large, max-video-preview:-1\" \/>\n<link rel=\"canonical\" href=\"https:\/\/genatronik.com\/de\/produkt\/dm3058e\/\" \/>\n<meta property=\"og:locale\" content=\"de_DE\" \/>\n<meta property=\"og:type\" content=\"article\" \/>\n<meta property=\"og:title\" content=\"Rigol DM3058E - Genatronik\" \/>\n<meta property=\"og:description\" content=\"The Rigol DM3058E is a high quality digital tabletop multimeter of the DM3050 series with a sampling rate of max. 120 Sa\/s.These Rigol multimeters have a very sophisticated and easy to use interface and provide plenty functions for all measurement tasks. The use of the menu navigation is very intuitive and the devices will provide precise results all of their many many application areas. With the help of a computer, you can perform long running monitoring tasks, too.The LC-Display with its 256x64 pixels is easy to read and provides a very good overview of all features. The display has a resolution of 5\u00bd digits (max. count 240.000).\" \/>\n<meta property=\"og:url\" content=\"https:\/\/genatronik.com\/de\/produkt\/dm3058e\/\" \/>\n<meta property=\"og:site_name\" content=\"Genatronik\" \/>\n<meta property=\"article:modified_time\" content=\"2025-05-13T08:18:40+00:00\" \/>\n<meta property=\"og:image\" content=\"https:\/\/genatronik.com\/wp-content\/uploads\/2024\/12\/DM3058E-1600-1200.png\" \/>\n\t<meta property=\"og:image:width\" content=\"1600\" \/>\n\t<meta property=\"og:image:height\" content=\"1200\" \/>\n\t<meta property=\"og:image:type\" content=\"image\/png\" \/>\n<meta name=\"twitter:card\" content=\"summary_large_image\" \/>\n<meta name=\"twitter:label1\" content=\"Gesch\u00e4tzte Lesezeit\" \/>\n\t<meta name=\"twitter:data1\" content=\"2\u00a0Minuten\" \/>\n<script type=\"application\/ld+json\" class=\"yoast-schema-graph\">{\"@context\":\"https:\/\/schema.org\",\"@graph\":[{\"@type\":\"WebPage\",\"@id\":\"https:\/\/genatronik.com\/en\/product\/dm3058e\/\",\"url\":\"https:\/\/genatronik.com\/en\/product\/dm3058e\/\",\"name\":\"Rigol DM3058E - Genatronik\",\"isPartOf\":{\"@id\":\"https:\/\/genatronik.com\/en\/#website\"},\"primaryImageOfPage\":{\"@id\":\"https:\/\/genatronik.com\/en\/product\/dm3058e\/#primaryimage\"},\"image\":{\"@id\":\"https:\/\/genatronik.com\/en\/product\/dm3058e\/#primaryimage\"},\"thumbnailUrl\":\"https:\/\/genatronik.com\/wp-content\/uploads\/2024\/12\/DM3058E-1600-1200.png\",\"datePublished\":\"2024-12-02T15:22:45+00:00\",\"dateModified\":\"2025-05-13T08:18:40+00:00\",\"description\":\"The Rigol DM3058E is a high quality digital tabletop multimeter of the DM3050 series with a sampling rate of max. 120 Sa\/s.These Rigol multimeters have a very sophisticated and easy to use interface and provide plenty functions for all measurement tasks. The use of the menu navigation is very intuitive and the devices will provide precise results all of their many many application areas. With the help of a computer, you can perform long running monitoring tasks, too.The LC-Display with its 256x64 pixels is easy to read and provides a very good overview of all features. The display has a resolution of 5\u00bd digits (max. count 240.000).\",\"breadcrumb\":{\"@id\":\"https:\/\/genatronik.com\/en\/product\/dm3058e\/#breadcrumb\"},\"inLanguage\":\"de\",\"potentialAction\":[{\"@type\":\"ReadAction\",\"target\":[\"https:\/\/genatronik.com\/en\/product\/dm3058e\/\"]}]},{\"@type\":\"ImageObject\",\"inLanguage\":\"de\",\"@id\":\"https:\/\/genatronik.com\/en\/product\/dm3058e\/#primaryimage\",\"url\":\"https:\/\/genatronik.com\/wp-content\/uploads\/2024\/12\/DM3058E-1600-1200.png\",\"contentUrl\":\"https:\/\/genatronik.com\/wp-content\/uploads\/2024\/12\/DM3058E-1600-1200.png\",\"width\":1600,\"height\":1200},{\"@type\":\"BreadcrumbList\",\"@id\":\"https:\/\/genatronik.com\/en\/product\/dm3058e\/#breadcrumb\",\"itemListElement\":[{\"@type\":\"ListItem\",\"position\":1,\"name\":\"Home\",\"item\":\"https:\/\/genatronik.com\/\"},{\"@type\":\"ListItem\",\"position\":2,\"name\":\"Produkte\",\"item\":\"https:\/\/genatronik.com\/de\/shop\/\"},{\"@type\":\"ListItem\",\"position\":3,\"name\":\"Products\",\"item\":\"https:\/\/genatronik.com\/product-category\/products\/\"},{\"@type\":\"ListItem\",\"position\":4,\"name\":\"Test &amp; Measure\",\"item\":\"https:\/\/genatronik.com\/product-category\/products\/test-measure\/\"},{\"@type\":\"ListItem\",\"position\":5,\"name\":\"Digital Multimeter\",\"item\":\"https:\/\/genatronik.com\/product-category\/products\/test-measure\/digital-multimeter\/\"},{\"@type\":\"ListItem\",\"position\":6,\"name\":\"Rigol Digital Multimeter\",\"item\":\"https:\/\/genatronik.com\/product-category\/products\/test-measure\/digital-multimeter\/rigol-digital-multimeter\/\"},{\"@type\":\"ListItem\",\"position\":7,\"name\":\"DM3000\",\"item\":\"https:\/\/genatronik.com\/product-category\/products\/test-measure\/digital-multimeter\/rigol-digital-multimeter\/dm3000\/\"},{\"@type\":\"ListItem\",\"position\":8,\"name\":\"Rigol DM3058E\"}]},{\"@type\":\"WebSite\",\"@id\":\"https:\/\/genatronik.com\/en\/#website\",\"url\":\"https:\/\/genatronik.com\/en\/\",\"name\":\"Genatronik\",\"description\":\"Advanced Devices. Reliable Service.\",\"publisher\":{\"@id\":\"https:\/\/genatronik.com\/en\/#organization\"},\"potentialAction\":[{\"@type\":\"SearchAction\",\"target\":{\"@type\":\"EntryPoint\",\"urlTemplate\":\"https:\/\/genatronik.com\/en\/?s={search_term_string}\"},\"query-input\":{\"@type\":\"PropertyValueSpecification\",\"valueRequired\":true,\"valueName\":\"search_term_string\"}}],\"inLanguage\":\"de\"},{\"@type\":\"Organization\",\"@id\":\"https:\/\/genatronik.com\/en\/#organization\",\"name\":\"Genatronik\",\"url\":\"https:\/\/genatronik.com\/en\/\",\"logo\":{\"@type\":\"ImageObject\",\"inLanguage\":\"de\",\"@id\":\"https:\/\/genatronik.com\/en\/#\/schema\/logo\/image\/\",\"url\":\"https:\/\/genatronik.com\/wp-content\/uploads\/2025\/05\/genatronik_logo_header-scaled.png\",\"contentUrl\":\"https:\/\/genatronik.com\/wp-content\/uploads\/2025\/05\/genatronik_logo_header-scaled.png\",\"width\":2560,\"height\":448,\"caption\":\"Genatronik\"},\"image\":{\"@id\":\"https:\/\/genatronik.com\/en\/#\/schema\/logo\/image\/\"}}]}<\/script>\n<!-- \/ Yoast SEO plugin. -->","yoast_head_json":{"title":"Rigol DM3058E - Genatronik","description":"Das Rigol DM3058E ist ein hochwertiges digitales Tischmultimeter der Serie DM3050 mit einer Abtastrate von max. 120 Sa\/s. Diese Rigol-Multimeter verf\u00fcgen \u00fcber eine sehr ausgefeilte und einfach zu bedienende Benutzeroberfl\u00e4che und bieten zahlreiche Funktionen f\u00fcr alle Messaufgaben. Die Men\u00fcf\u00fchrung ist sehr intuitiv und die Ger\u00e4te liefern pr\u00e4zise Ergebnisse in ihren vielen Einsatzbereichen. Mit Hilfe eines Computers k\u00f6nnen auch langlaufende \u00dcberwachungsaufgaben durchgef\u00fchrt werden. Das LC-Display mit seinen 256x64 Pixeln ist gut ablesbar und bietet eine sehr gute \u00dcbersicht \u00fcber alle Funktionen. Das Display hat eine Aufl\u00f6sung von 5\u00bd Digits (max. Z\u00e4hlung 240.000).","robots":{"index":"index","follow":"follow","max-snippet":"max-snippet:-1","max-image-preview":"max-image-preview:large","max-video-preview":"max-video-preview:-1"},"canonical":"https:\/\/genatronik.com\/de\/produkt\/dm3058e\/","og_locale":"de_DE","og_type":"article","og_title":"Rigol DM3058E - Genatronik","og_description":"The Rigol DM3058E is a high quality digital tabletop multimeter of the DM3050 series with a sampling rate of max. 120 Sa\/s.These Rigol multimeters have a very sophisticated and easy to use interface and provide plenty functions for all measurement tasks. The use of the menu navigation is very intuitive and the devices will provide precise results all of their many many application areas. With the help of a computer, you can perform long running monitoring tasks, too.The LC-Display with its 256x64 pixels is easy to read and provides a very good overview of all features. The display has a resolution of 5\u00bd digits (max. count 240.000).","og_url":"https:\/\/genatronik.com\/de\/produkt\/dm3058e\/","og_site_name":"Genatronik","article_modified_time":"2025-05-13T08:18:40+00:00","og_image":[{"width":1600,"height":1200,"url":"https:\/\/genatronik.com\/wp-content\/uploads\/2024\/12\/DM3058E-1600-1200.png","type":"image\/png"}],"twitter_card":"summary_large_image","twitter_misc":{"Gesch\u00e4tzte Lesezeit":"2\u00a0Minuten"},"schema":{"@context":"https:\/\/schema.org","@graph":[{"@type":"WebPage","@id":"https:\/\/genatronik.com\/en\/product\/dm3058e\/","url":"https:\/\/genatronik.com\/en\/product\/dm3058e\/","name":"Rigol DM3058E - Genatronik","isPartOf":{"@id":"https:\/\/genatronik.com\/en\/#website"},"primaryImageOfPage":{"@id":"https:\/\/genatronik.com\/en\/product\/dm3058e\/#primaryimage"},"image":{"@id":"https:\/\/genatronik.com\/en\/product\/dm3058e\/#primaryimage"},"thumbnailUrl":"https:\/\/genatronik.com\/wp-content\/uploads\/2024\/12\/DM3058E-1600-1200.png","datePublished":"2024-12-02T15:22:45+00:00","dateModified":"2025-05-13T08:18:40+00:00","description":"Das Rigol DM3058E ist ein hochwertiges digitales Tischmultimeter der Serie DM3050 mit einer Abtastrate von max. 120 Sa\/s. Diese Rigol-Multimeter verf\u00fcgen \u00fcber eine sehr ausgefeilte und einfach zu bedienende Benutzeroberfl\u00e4che und bieten zahlreiche Funktionen f\u00fcr alle Messaufgaben. Die Men\u00fcf\u00fchrung ist sehr intuitiv und die Ger\u00e4te liefern pr\u00e4zise Ergebnisse in ihren vielen Einsatzbereichen. Mit Hilfe eines Computers k\u00f6nnen auch langlaufende \u00dcberwachungsaufgaben durchgef\u00fchrt werden. Das LC-Display mit seinen 256x64 Pixeln ist gut ablesbar und bietet eine sehr gute \u00dcbersicht \u00fcber alle Funktionen. Das Display hat eine Aufl\u00f6sung von 5\u00bd Digits (max. Z\u00e4hlung 240.000).","breadcrumb":{"@id":"https:\/\/genatronik.com\/en\/product\/dm3058e\/#breadcrumb"},"inLanguage":"de","potentialAction":[{"@type":"ReadAction","target":["https:\/\/genatronik.com\/en\/product\/dm3058e\/"]}]},{"@type":"ImageObject","inLanguage":"de","@id":"https:\/\/genatronik.com\/en\/product\/dm3058e\/#primaryimage","url":"https:\/\/genatronik.com\/wp-content\/uploads\/2024\/12\/DM3058E-1600-1200.png","contentUrl":"https:\/\/genatronik.com\/wp-content\/uploads\/2024\/12\/DM3058E-1600-1200.png","width":1600,"height":1200},{"@type":"BreadcrumbList","@id":"https:\/\/genatronik.com\/en\/product\/dm3058e\/#breadcrumb","itemListElement":[{"@type":"ListItem","position":1,"name":"Home","item":"https:\/\/genatronik.com\/"},{"@type":"ListItem","position":2,"name":"Produkte","item":"https:\/\/genatronik.com\/de\/shop\/"},{"@type":"ListItem","position":3,"name":"Products","item":"https:\/\/genatronik.com\/product-category\/products\/"},{"@type":"ListItem","position":4,"name":"Test &amp; Measure","item":"https:\/\/genatronik.com\/product-category\/products\/test-measure\/"},{"@type":"ListItem","position":5,"name":"Digital Multimeter","item":"https:\/\/genatronik.com\/product-category\/products\/test-measure\/digital-multimeter\/"},{"@type":"ListItem","position":6,"name":"Rigol Digital Multimeter","item":"https:\/\/genatronik.com\/product-category\/products\/test-measure\/digital-multimeter\/rigol-digital-multimeter\/"},{"@type":"ListItem","position":7,"name":"DM3000","item":"https:\/\/genatronik.com\/product-category\/products\/test-measure\/digital-multimeter\/rigol-digital-multimeter\/dm3000\/"},{"@type":"ListItem","position":8,"name":"Rigol DM3058E"}]},{"@type":"WebSite","@id":"https:\/\/genatronik.com\/en\/#website","url":"https:\/\/genatronik.com\/en\/","name":"Genatronik","description":"Fortschrittliche Ger\u00e4te. Zuverl\u00e4ssiger Service.","publisher":{"@id":"https:\/\/genatronik.com\/en\/#organization"},"potentialAction":[{"@type":"SearchAction","target":{"@type":"EntryPoint","urlTemplate":"https:\/\/genatronik.com\/en\/?s={search_term_string}"},"query-input":{"@type":"PropertyValueSpecification","valueRequired":true,"valueName":"search_term_string"}}],"inLanguage":"de"},{"@type":"Organization","@id":"https:\/\/genatronik.com\/en\/#organization","name":"Genatronik","url":"https:\/\/genatronik.com\/en\/","logo":{"@type":"ImageObject","inLanguage":"de","@id":"https:\/\/genatronik.com\/en\/#\/schema\/logo\/image\/","url":"https:\/\/genatronik.com\/wp-content\/uploads\/2025\/05\/genatronik_logo_header-scaled.png","contentUrl":"https:\/\/genatronik.com\/wp-content\/uploads\/2025\/05\/genatronik_logo_header-scaled.png","width":2560,"height":448,"caption":"Genatronik"},"image":{"@id":"https:\/\/genatronik.com\/en\/#\/schema\/logo\/image\/"}}]}},"uagb_featured_image_src":{"full":["https:\/\/genatronik.com\/wp-content\/uploads\/2024\/12\/DM3058E-1600-1200.png",1600,1200,false],"thumbnail":["https:\/\/genatronik.com\/wp-content\/uploads\/2024\/12\/DM3058E-1600-1200-150x150.png",150,150,true],"medium":["https:\/\/genatronik.com\/wp-content\/uploads\/2024\/12\/DM3058E-1600-1200-300x225.png",300,225,true],"medium_large":["https:\/\/genatronik.com\/wp-content\/uploads\/2024\/12\/DM3058E-1600-1200-768x576.png",768,576,true],"large":["https:\/\/genatronik.com\/wp-content\/uploads\/2024\/12\/DM3058E-1600-1200-1024x768.png",1024,768,true],"1536x1536":["https:\/\/genatronik.com\/wp-content\/uploads\/2024\/12\/DM3058E-1600-1200-1536x1152.png",1536,1152,true],"2048x2048":["https:\/\/genatronik.com\/wp-content\/uploads\/2024\/12\/DM3058E-1600-1200.png",1600,1200,false],"trp-custom-language-flag":["https:\/\/genatronik.com\/wp-content\/uploads\/2024\/12\/DM3058E-1600-1200.png",16,12,false],"tp-image-grid":["https:\/\/genatronik.com\/wp-content\/uploads\/2024\/12\/DM3058E-1600-1200-700x700.png",700,700,true],"woocommerce_thumbnail":["https:\/\/genatronik.com\/wp-content\/uploads\/2024\/12\/DM3058E-1600-1200-300x225.png",300,225,true],"woocommerce_single":["https:\/\/genatronik.com\/wp-content\/uploads\/2024\/12\/DM3058E-1600-1200-600x450.png",600,450,true],"woocommerce_gallery_thumbnail":["https:\/\/genatronik.com\/wp-content\/uploads\/2024\/12\/DM3058E-1600-1200-100x100.png",100,100,true]},"uagb_author_info":{"display_name":"guanyuan zhu","author_link":"https:\/\/genatronik.com\/de\/author\/"},"uagb_comment_info":0,"uagb_excerpt":"5\u00bd digit TRMS multimeter, DCV accuracy up to 0.015%, reading rate up to 120 rdgs\/s, 2000 points memory, monochrome display (256x64 pixel).","jetpack_sharing_enabled":true,"_links":{"self":[{"href":"https:\/\/genatronik.com\/de\/wp-json\/wp\/v2\/product\/2653","targetHints":{"allow":["GET"]}}],"collection":[{"href":"https:\/\/genatronik.com\/de\/wp-json\/wp\/v2\/product"}],"about":[{"href":"https:\/\/genatronik.com\/de\/wp-json\/wp\/v2\/types\/product"}],"replies":[{"embeddable":true,"href":"https:\/\/genatronik.com\/de\/wp-json\/wp\/v2\/comments?post=2653"}],"version-history":[{"count":4,"href":"https:\/\/genatronik.com\/de\/wp-json\/wp\/v2\/product\/2653\/revisions"}],"predecessor-version":[{"id":7059,"href":"https:\/\/genatronik.com\/de\/wp-json\/wp\/v2\/product\/2653\/revisions\/7059"}],"wp:featuredmedia":[{"embeddable":true,"href":"https:\/\/genatronik.com\/de\/wp-json\/wp\/v2\/media\/3844"}],"wp:attachment":[{"href":"https:\/\/genatronik.com\/de\/wp-json\/wp\/v2\/media?parent=2653"}],"wp:term":[{"taxonomy":"product_brand","embeddable":true,"href":"https:\/\/genatronik.com\/de\/wp-json\/wp\/v2\/product_brand?post=2653"},{"taxonomy":"product_cat","embeddable":true,"href":"https:\/\/genatronik.com\/de\/wp-json\/wp\/v2\/product_cat?post=2653"},{"taxonomy":"product_tag","embeddable":true,"href":"https:\/\/genatronik.com\/de\/wp-json\/wp\/v2\/product_tag?post=2653"}],"curies":[{"name":"wp","href":"https:\/\/api.w.org\/{rel}","templated":true}]}}