{"id":2647,"date":"2024-12-02T23:19:25","date_gmt":"2024-12-02T15:19:25","guid":{"rendered":"https:\/\/genatronik.com\/?post_type=product&#038;p=2647"},"modified":"2025-05-13T10:20:51","modified_gmt":"2025-05-13T08:20:51","slug":"dm3068","status":"publish","type":"product","link":"https:\/\/genatronik.com\/de\/produkt\/dm3068\/","title":{"rendered":"Rigol DM3068"},"content":{"rendered":"<ul>\n<li>Echte 6\u00bd-stellige Leseaufl\u00f6sung.<\/li>\n<li>Minimale Integrationszeit: 0,006 PLC.<\/li>\n<li>Duale Anzeige: synchrone Anzeige von zwei Arten von Merkmalen desselben Signals.<\/li>\n<li>Wechseln Sie zwischen den Betriebsarten \"Normal\" und \"Voreinstellung\". Im \"Preset\"-Modus k\u00f6nnen die voreingestellten Konfigurationen schnell abgerufen werden.<\/li>\n<li>Gleichspannungsmessbereich: -1050 V bis 1050 V.<\/li>\n<li>DC-Strommessbereich: -10,5 A bis 10,5 A.<\/li>\n<li>Messbereich f\u00fcr Wechselspannung: True-RMS, 0 V bis 787,5 V.<\/li>\n<li>AC-Strommessbereich: True-RMS, 0 A bis 10,5 A.<\/li>\n<li>Widerstandsmessbereich: 0 \u03a9 bis 110 M \u03a9; unterst\u00fctzt 2-Leiter (2WR) und 4-Leiter (4WR) Widerstandsmessungen.<\/li>\n<li>Kapazit\u00e4tsmessbereich: 0 F bis 110 mF.<\/li>\n<li>Frequenzmessbereich: 3 Hz bis 1 MHz.<\/li>\n<li>Durchgangspr\u00fcfungen und Diodentests.<\/li>\n<li>Benutzerdefinierte Messungen mit beliebigen Sensoren und drei Arten von Temperatursensor-Messungen: TC, RTD und THERM.<\/li>\n<li>Zahlreiche mathematische Operationen wie STA (MAX, MIN, AVG, ALL), P\/F, dBm, dB, REL sowie Echtzeit-Tendenzdiagramm und Histogramm-Anzeigefunktionen.<\/li>\n<li>Aktivieren Sie diese Option, um Daten und Konfigurationen auf einem USB-Speicherger\u00e4t zu speichern.<\/li>\n<li>Eine Vielzahl von Schnittstellen: USB Device, USB Host, GPIB, RS232 und LAN.<\/li>\n<li>Unterst\u00fctzung der Befehlss\u00e4tze von RIGOL DM3068, Agilent 34401A (einschlie\u00dflich einiger Erweiterungen) und Fluke 45.<\/li>\n<li>Zwei Energieverwaltungsmodi: Aktivieren oder Deaktivieren des Netzschalters auf der Vorderseite.<\/li>\n<li>Erm\u00f6glicht die Speicherung von 10 Gruppen von Systemkonfigurationen und 5 Gruppen von Sensorkonfigurationen im internen Speicher und deren Abruf bei Bedarf.<\/li>\n<li>Klonen der Konfiguration: Sichern Sie alle Ger\u00e4tekonfigurationen auf einem USB-Speicherger\u00e4t oder klonen Sie die Konfigurationen auf andere DM3068.<\/li>\n<li>Englisch\/Chinesische Men\u00fcs und integriertes Hilfesystem.<\/li>\n<li>Leistungsstarke Fernsteuerung und beliebige Sensorbearbeitungssoftware<\/li>\n<\/ul>\n<p>&nbsp;<\/p>\n<p>Das DM3068 ist ein Digitalmultimeter mit 6-stelliger Aufl\u00f6sung<br \/>\nbesonders geeignet f\u00fcr den Bedarf an hochpr\u00e4zisen, multifunktionalen und automatischen<br \/>\nMessung. Es nutzt viele der heutigen neuen Technologien, um eine hohe<br \/>\nLeistung, reichhaltige Ausstattung in der gleichen Klasse. Es ist f\u00fcr die Zielgruppe der<br \/>\nAnforderungen des gr\u00f6\u00dften DMM-Marktes in den Bereichen Forschung, Bildung, Industrie<br \/>\nElektronik-, Unterhaltungselektronik- und Automobilbranche mit seinen innovativen<br \/>\nTechnologie, branchenf\u00fchrende Spezifikationen, leistungsstarke Messfunktionen und<br \/>\numfassende Analysem\u00f6glichkeiten.<\/p>","protected":false},"excerpt":{"rendered":"<p>6\u00bd-stelliges TRMS-Multimeter, DCV-Genauigkeit bis zu 0,0015%, Ableserate bis zu 10000 rdgs\/s, 512000 Punkte Speicher, monochromes Display (256\u00d764 Pixel).<\/p>","protected":false},"featured_media":3838,"comment_status":"open","ping_status":"closed","template":"","meta":{"_surecart_dashboard_logo_width":"180px","_surecart_dashboard_show_logo":true,"_surecart_dashboard_navigation_orders":true,"_surecart_dashboard_navigation_invoices":true,"_surecart_dashboard_navigation_subscriptions":true,"_surecart_dashboard_navigation_downloads":true,"_surecart_dashboard_navigation_billing":true,"_surecart_dashboard_navigation_account":true,"_uag_custom_page_level_css":"","site-sidebar-layout":"default","site-content-layout":"","ast-site-content-layout":"default","site-content-style":"default","site-sidebar-style":"default","ast-global-header-display":"","ast-banner-title-visibility":"","ast-main-header-display":"","ast-hfb-above-header-display":"","ast-hfb-below-header-display":"","ast-hfb-mobile-header-display":"","site-post-title":"","ast-breadcrumbs-content":"","ast-featured-img":"","footer-sml-layout":"","ast-disable-related-posts":"","theme-transparent-header-meta":"default","adv-header-id-meta":"","stick-header-meta":"default","header-above-stick-meta":"","header-main-stick-meta":"","header-below-stick-meta":"","astra-migrate-meta-layouts":"set","ast-page-background-enabled":"default","ast-page-background-meta":{"desktop":{"background-color":"var(--ast-global-color-4)","background-image":"","background-repeat":"repeat","background-position":"center center","background-size":"auto","background-attachment":"scroll","background-type":"","background-media":"","overlay-type":"","overlay-color":"","overlay-opacity":"","overlay-gradient":""},"tablet":{"background-color":"","background-image":"","background-repeat":"repeat","background-position":"center center","background-size":"auto","background-attachment":"scroll","background-type":"","background-media":"","overlay-type":"","overlay-color":"","overlay-opacity":"","overlay-gradient":""},"mobile":{"background-color":"","background-image":"","background-repeat":"repeat","background-position":"center center","background-size":"auto","background-attachment":"scroll","background-type":"","background-media":"","overlay-type":"","overlay-color":"","overlay-opacity":"","overlay-gradient":""}},"ast-content-background-meta":{"desktop":{"background-color":"var(--ast-global-color-5)","background-image":"","background-repeat":"repeat","background-position":"center center","background-size":"auto","background-attachment":"scroll","background-type":"","background-media":"","overlay-type":"","overlay-color":"","overlay-opacity":"","overlay-gradient":""},"tablet":{"background-color":"var(--ast-global-color-5)","background-image":"","background-repeat":"repeat","background-position":"center center","background-size":"auto","background-attachment":"scroll","background-type":"","background-media":"","overlay-type":"","overlay-color":"","overlay-opacity":"","overlay-gradient":""},"mobile":{"background-color":"var(--ast-global-color-5)","background-image":"","background-repeat":"repeat","background-position":"center center","background-size":"auto","background-attachment":"scroll","background-type":"","background-media":"","overlay-type":"","overlay-color":"","overlay-opacity":"","overlay-gradient":""}}},"product_brand":[],"product_cat":[38,40,106,48],"product_tag":[],"class_list":{"0":"post-2647","1":"product","2":"type-product","3":"status-publish","4":"has-post-thumbnail","6":"product_cat-test-measure","7":"product_cat-digital-multimeter","8":"product_cat-rigol-digital-multimeter","9":"product_cat-dm3000","10":"desktop-align-left","11":"tablet-align-left","12":"mobile-align-left","13":"ast-product-gallery-layout-horizontal-slider","14":"ast-product-gallery-with-no-image","15":"ast-product-tabs-layout-horizontal","17":"first","18":"instock","19":"taxable","20":"shipping-taxable","21":"purchasable","22":"product-type-simple"},"yoast_head":"<!-- This site is optimized with the Yoast SEO plugin v26.2 - https:\/\/yoast.com\/wordpress\/plugins\/seo\/ -->\n<title>Rigol DM3068 - Genatronik<\/title>\n<meta name=\"description\" content=\"DM3068 is a digital multimeter designed with 6 digits readings resolutionespecially fitting to the needs of high-precision, multifunction and automaticmeasurement. It adopts many today&#039;s new technologies to achieve highperformance, abundant features in the same class. It&#039;s designed to aim at therequirements of the largest DMM market from the research, education,industrialelectronics,consumer electronics and automotive industries with its innovativetechnology,industry leading specifications,powerful measurement functions andbroad analysis capabilities.\" \/>\n<meta name=\"robots\" content=\"index, follow, max-snippet:-1, max-image-preview:large, max-video-preview:-1\" \/>\n<link rel=\"canonical\" href=\"https:\/\/genatronik.com\/de\/produkt\/dm3068\/\" \/>\n<meta property=\"og:locale\" content=\"de_DE\" \/>\n<meta property=\"og:type\" content=\"article\" \/>\n<meta property=\"og:title\" content=\"Rigol DM3068 - Genatronik\" \/>\n<meta property=\"og:description\" content=\"DM3068 is a digital multimeter designed with 6 digits readings resolutionespecially fitting to the needs of high-precision, multifunction and automaticmeasurement. It adopts many today&#039;s new technologies to achieve highperformance, abundant features in the same class. It&#039;s designed to aim at therequirements of the largest DMM market from the research, education,industrialelectronics,consumer electronics and automotive industries with its innovativetechnology,industry leading specifications,powerful measurement functions andbroad analysis capabilities.\" \/>\n<meta property=\"og:url\" content=\"https:\/\/genatronik.com\/de\/produkt\/dm3068\/\" \/>\n<meta property=\"og:site_name\" content=\"Genatronik\" \/>\n<meta property=\"article:modified_time\" content=\"2025-05-13T08:20:51+00:00\" \/>\n<meta property=\"og:image\" content=\"https:\/\/genatronik.com\/wp-content\/uploads\/2024\/12\/DM3068-1600-1200.png\" \/>\n\t<meta property=\"og:image:width\" content=\"1600\" \/>\n\t<meta property=\"og:image:height\" content=\"1200\" \/>\n\t<meta property=\"og:image:type\" content=\"image\/png\" \/>\n<meta name=\"twitter:card\" content=\"summary_large_image\" \/>\n<meta name=\"twitter:label1\" content=\"Gesch\u00e4tzte Lesezeit\" \/>\n\t<meta name=\"twitter:data1\" content=\"2\u00a0Minuten\" \/>\n<script type=\"application\/ld+json\" class=\"yoast-schema-graph\">{\"@context\":\"https:\/\/schema.org\",\"@graph\":[{\"@type\":\"WebPage\",\"@id\":\"https:\/\/genatronik.com\/en\/product\/dm3068\/\",\"url\":\"https:\/\/genatronik.com\/en\/product\/dm3068\/\",\"name\":\"Rigol DM3068 - Genatronik\",\"isPartOf\":{\"@id\":\"https:\/\/genatronik.com\/en\/#website\"},\"primaryImageOfPage\":{\"@id\":\"https:\/\/genatronik.com\/en\/product\/dm3068\/#primaryimage\"},\"image\":{\"@id\":\"https:\/\/genatronik.com\/en\/product\/dm3068\/#primaryimage\"},\"thumbnailUrl\":\"https:\/\/genatronik.com\/wp-content\/uploads\/2024\/12\/DM3068-1600-1200.png\",\"datePublished\":\"2024-12-02T15:19:25+00:00\",\"dateModified\":\"2025-05-13T08:20:51+00:00\",\"description\":\"DM3068 is a digital multimeter designed with 6 digits readings resolutionespecially fitting to the needs of high-precision, multifunction and automaticmeasurement. It adopts many today's new technologies to achieve highperformance, abundant features in the same class. It's designed to aim at therequirements of the largest DMM market from the research, education,industrialelectronics,consumer electronics and automotive industries with its innovativetechnology,industry leading specifications,powerful measurement functions andbroad analysis capabilities.\",\"breadcrumb\":{\"@id\":\"https:\/\/genatronik.com\/en\/product\/dm3068\/#breadcrumb\"},\"inLanguage\":\"de\",\"potentialAction\":[{\"@type\":\"ReadAction\",\"target\":[\"https:\/\/genatronik.com\/en\/product\/dm3068\/\"]}]},{\"@type\":\"ImageObject\",\"inLanguage\":\"de\",\"@id\":\"https:\/\/genatronik.com\/en\/product\/dm3068\/#primaryimage\",\"url\":\"https:\/\/genatronik.com\/wp-content\/uploads\/2024\/12\/DM3068-1600-1200.png\",\"contentUrl\":\"https:\/\/genatronik.com\/wp-content\/uploads\/2024\/12\/DM3068-1600-1200.png\",\"width\":1600,\"height\":1200},{\"@type\":\"BreadcrumbList\",\"@id\":\"https:\/\/genatronik.com\/en\/product\/dm3068\/#breadcrumb\",\"itemListElement\":[{\"@type\":\"ListItem\",\"position\":1,\"name\":\"Home\",\"item\":\"https:\/\/genatronik.com\/\"},{\"@type\":\"ListItem\",\"position\":2,\"name\":\"Produkte\",\"item\":\"https:\/\/genatronik.com\/de\/shop\/\"},{\"@type\":\"ListItem\",\"position\":3,\"name\":\"Products\",\"item\":\"https:\/\/genatronik.com\/product-category\/products\/\"},{\"@type\":\"ListItem\",\"position\":4,\"name\":\"Test &amp; Measure\",\"item\":\"https:\/\/genatronik.com\/product-category\/products\/test-measure\/\"},{\"@type\":\"ListItem\",\"position\":5,\"name\":\"Digital Multimeter\",\"item\":\"https:\/\/genatronik.com\/product-category\/products\/test-measure\/digital-multimeter\/\"},{\"@type\":\"ListItem\",\"position\":6,\"name\":\"Rigol Digital Multimeter\",\"item\":\"https:\/\/genatronik.com\/product-category\/products\/test-measure\/digital-multimeter\/rigol-digital-multimeter\/\"},{\"@type\":\"ListItem\",\"position\":7,\"name\":\"DM3000\",\"item\":\"https:\/\/genatronik.com\/product-category\/products\/test-measure\/digital-multimeter\/rigol-digital-multimeter\/dm3000\/\"},{\"@type\":\"ListItem\",\"position\":8,\"name\":\"Rigol DM3068\"}]},{\"@type\":\"WebSite\",\"@id\":\"https:\/\/genatronik.com\/en\/#website\",\"url\":\"https:\/\/genatronik.com\/en\/\",\"name\":\"Genatronik\",\"description\":\"Advanced Devices. Reliable Service.\",\"publisher\":{\"@id\":\"https:\/\/genatronik.com\/en\/#organization\"},\"potentialAction\":[{\"@type\":\"SearchAction\",\"target\":{\"@type\":\"EntryPoint\",\"urlTemplate\":\"https:\/\/genatronik.com\/en\/?s={search_term_string}\"},\"query-input\":{\"@type\":\"PropertyValueSpecification\",\"valueRequired\":true,\"valueName\":\"search_term_string\"}}],\"inLanguage\":\"de\"},{\"@type\":\"Organization\",\"@id\":\"https:\/\/genatronik.com\/en\/#organization\",\"name\":\"Genatronik\",\"url\":\"https:\/\/genatronik.com\/en\/\",\"logo\":{\"@type\":\"ImageObject\",\"inLanguage\":\"de\",\"@id\":\"https:\/\/genatronik.com\/en\/#\/schema\/logo\/image\/\",\"url\":\"https:\/\/genatronik.com\/wp-content\/uploads\/2025\/05\/genatronik_logo_header-scaled.png\",\"contentUrl\":\"https:\/\/genatronik.com\/wp-content\/uploads\/2025\/05\/genatronik_logo_header-scaled.png\",\"width\":2560,\"height\":448,\"caption\":\"Genatronik\"},\"image\":{\"@id\":\"https:\/\/genatronik.com\/en\/#\/schema\/logo\/image\/\"}}]}<\/script>\n<!-- \/ Yoast SEO plugin. -->","yoast_head_json":{"title":"Rigol DM3068 - Genatronik","description":"Das DM3068 ist ein Digitalmultimeter mit 6-stelliger Messwertaufl\u00f6sung, das speziell auf die Bed\u00fcrfnisse von hochpr\u00e4zisen, multifunktionalen und automatischen Messungen zugeschnitten ist. Es macht sich viele neue Technologien zunutze, um eine hohe Leistung und eine F\u00fclle von Funktionen in derselben Klasse zu erreichen. Mit seiner innovativen Technologie, den branchenf\u00fchrenden Spezifikationen, den leistungsstarken Messfunktionen und den umfassenden Analysem\u00f6glichkeiten zielt es auf die Anforderungen des gr\u00f6\u00dften DMM-Marktes in den Bereichen Forschung, Bildung, Industrieelektronik, Unterhaltungselektronik und Automobilindustrie ab.","robots":{"index":"index","follow":"follow","max-snippet":"max-snippet:-1","max-image-preview":"max-image-preview:large","max-video-preview":"max-video-preview:-1"},"canonical":"https:\/\/genatronik.com\/de\/produkt\/dm3068\/","og_locale":"de_DE","og_type":"article","og_title":"Rigol DM3068 - Genatronik","og_description":"DM3068 is a digital multimeter designed with 6 digits readings resolutionespecially fitting to the needs of high-precision, multifunction and automaticmeasurement. It adopts many today's new technologies to achieve highperformance, abundant features in the same class. It's designed to aim at therequirements of the largest DMM market from the research, education,industrialelectronics,consumer electronics and automotive industries with its innovativetechnology,industry leading specifications,powerful measurement functions andbroad analysis capabilities.","og_url":"https:\/\/genatronik.com\/de\/produkt\/dm3068\/","og_site_name":"Genatronik","article_modified_time":"2025-05-13T08:20:51+00:00","og_image":[{"width":1600,"height":1200,"url":"https:\/\/genatronik.com\/wp-content\/uploads\/2024\/12\/DM3068-1600-1200.png","type":"image\/png"}],"twitter_card":"summary_large_image","twitter_misc":{"Gesch\u00e4tzte Lesezeit":"2\u00a0Minuten"},"schema":{"@context":"https:\/\/schema.org","@graph":[{"@type":"WebPage","@id":"https:\/\/genatronik.com\/en\/product\/dm3068\/","url":"https:\/\/genatronik.com\/en\/product\/dm3068\/","name":"Rigol DM3068 - Genatronik","isPartOf":{"@id":"https:\/\/genatronik.com\/en\/#website"},"primaryImageOfPage":{"@id":"https:\/\/genatronik.com\/en\/product\/dm3068\/#primaryimage"},"image":{"@id":"https:\/\/genatronik.com\/en\/product\/dm3068\/#primaryimage"},"thumbnailUrl":"https:\/\/genatronik.com\/wp-content\/uploads\/2024\/12\/DM3068-1600-1200.png","datePublished":"2024-12-02T15:19:25+00:00","dateModified":"2025-05-13T08:20:51+00:00","description":"Das DM3068 ist ein Digitalmultimeter mit 6-stelliger Messwertaufl\u00f6sung, das speziell auf die Bed\u00fcrfnisse von hochpr\u00e4zisen, multifunktionalen und automatischen Messungen zugeschnitten ist. Es macht sich viele neue Technologien zunutze, um eine hohe Leistung und eine F\u00fclle von Funktionen in derselben Klasse zu erreichen. Mit seiner innovativen Technologie, den branchenf\u00fchrenden Spezifikationen, den leistungsstarken Messfunktionen und den umfassenden Analysem\u00f6glichkeiten zielt es auf die Anforderungen des gr\u00f6\u00dften DMM-Marktes in den Bereichen Forschung, Bildung, Industrieelektronik, Unterhaltungselektronik und Automobilindustrie ab.","breadcrumb":{"@id":"https:\/\/genatronik.com\/en\/product\/dm3068\/#breadcrumb"},"inLanguage":"de","potentialAction":[{"@type":"ReadAction","target":["https:\/\/genatronik.com\/en\/product\/dm3068\/"]}]},{"@type":"ImageObject","inLanguage":"de","@id":"https:\/\/genatronik.com\/en\/product\/dm3068\/#primaryimage","url":"https:\/\/genatronik.com\/wp-content\/uploads\/2024\/12\/DM3068-1600-1200.png","contentUrl":"https:\/\/genatronik.com\/wp-content\/uploads\/2024\/12\/DM3068-1600-1200.png","width":1600,"height":1200},{"@type":"BreadcrumbList","@id":"https:\/\/genatronik.com\/en\/product\/dm3068\/#breadcrumb","itemListElement":[{"@type":"ListItem","position":1,"name":"Home","item":"https:\/\/genatronik.com\/"},{"@type":"ListItem","position":2,"name":"Produkte","item":"https:\/\/genatronik.com\/de\/shop\/"},{"@type":"ListItem","position":3,"name":"Products","item":"https:\/\/genatronik.com\/product-category\/products\/"},{"@type":"ListItem","position":4,"name":"Test &amp; Measure","item":"https:\/\/genatronik.com\/product-category\/products\/test-measure\/"},{"@type":"ListItem","position":5,"name":"Digital Multimeter","item":"https:\/\/genatronik.com\/product-category\/products\/test-measure\/digital-multimeter\/"},{"@type":"ListItem","position":6,"name":"Rigol Digital Multimeter","item":"https:\/\/genatronik.com\/product-category\/products\/test-measure\/digital-multimeter\/rigol-digital-multimeter\/"},{"@type":"ListItem","position":7,"name":"DM3000","item":"https:\/\/genatronik.com\/product-category\/products\/test-measure\/digital-multimeter\/rigol-digital-multimeter\/dm3000\/"},{"@type":"ListItem","position":8,"name":"Rigol DM3068"}]},{"@type":"WebSite","@id":"https:\/\/genatronik.com\/en\/#website","url":"https:\/\/genatronik.com\/en\/","name":"Genatronik","description":"Fortschrittliche Ger\u00e4te. Zuverl\u00e4ssiger Service.","publisher":{"@id":"https:\/\/genatronik.com\/en\/#organization"},"potentialAction":[{"@type":"SearchAction","target":{"@type":"EntryPoint","urlTemplate":"https:\/\/genatronik.com\/en\/?s={search_term_string}"},"query-input":{"@type":"PropertyValueSpecification","valueRequired":true,"valueName":"search_term_string"}}],"inLanguage":"de"},{"@type":"Organization","@id":"https:\/\/genatronik.com\/en\/#organization","name":"Genatronik","url":"https:\/\/genatronik.com\/en\/","logo":{"@type":"ImageObject","inLanguage":"de","@id":"https:\/\/genatronik.com\/en\/#\/schema\/logo\/image\/","url":"https:\/\/genatronik.com\/wp-content\/uploads\/2025\/05\/genatronik_logo_header-scaled.png","contentUrl":"https:\/\/genatronik.com\/wp-content\/uploads\/2025\/05\/genatronik_logo_header-scaled.png","width":2560,"height":448,"caption":"Genatronik"},"image":{"@id":"https:\/\/genatronik.com\/en\/#\/schema\/logo\/image\/"}}]}},"uagb_featured_image_src":{"full":["https:\/\/genatronik.com\/wp-content\/uploads\/2024\/12\/DM3068-1600-1200.png",1600,1200,false],"thumbnail":["https:\/\/genatronik.com\/wp-content\/uploads\/2024\/12\/DM3068-1600-1200-150x150.png",150,150,true],"medium":["https:\/\/genatronik.com\/wp-content\/uploads\/2024\/12\/DM3068-1600-1200-300x225.png",300,225,true],"medium_large":["https:\/\/genatronik.com\/wp-content\/uploads\/2024\/12\/DM3068-1600-1200-768x576.png",768,576,true],"large":["https:\/\/genatronik.com\/wp-content\/uploads\/2024\/12\/DM3068-1600-1200-1024x768.png",1024,768,true],"1536x1536":["https:\/\/genatronik.com\/wp-content\/uploads\/2024\/12\/DM3068-1600-1200-1536x1152.png",1536,1152,true],"2048x2048":["https:\/\/genatronik.com\/wp-content\/uploads\/2024\/12\/DM3068-1600-1200.png",1600,1200,false],"trp-custom-language-flag":["https:\/\/genatronik.com\/wp-content\/uploads\/2024\/12\/DM3068-1600-1200.png",16,12,false],"tp-image-grid":["https:\/\/genatronik.com\/wp-content\/uploads\/2024\/12\/DM3068-1600-1200-700x700.png",700,700,true],"woocommerce_thumbnail":["https:\/\/genatronik.com\/wp-content\/uploads\/2024\/12\/DM3068-1600-1200-300x225.png",300,225,true],"woocommerce_single":["https:\/\/genatronik.com\/wp-content\/uploads\/2024\/12\/DM3068-1600-1200-600x450.png",600,450,true],"woocommerce_gallery_thumbnail":["https:\/\/genatronik.com\/wp-content\/uploads\/2024\/12\/DM3068-1600-1200-100x100.png",100,100,true]},"uagb_author_info":{"display_name":"guanyuan zhu","author_link":"https:\/\/genatronik.com\/de\/author\/"},"uagb_comment_info":0,"uagb_excerpt":"6\u00bd digit TRMS multimeter, DCV accuracy up to 0.0015%, reading rate up to 10000 rdgs\/s, 512000 points memory, monochrome display (256x64 pixel).","jetpack_sharing_enabled":true,"_links":{"self":[{"href":"https:\/\/genatronik.com\/de\/wp-json\/wp\/v2\/product\/2647","targetHints":{"allow":["GET"]}}],"collection":[{"href":"https:\/\/genatronik.com\/de\/wp-json\/wp\/v2\/product"}],"about":[{"href":"https:\/\/genatronik.com\/de\/wp-json\/wp\/v2\/types\/product"}],"replies":[{"embeddable":true,"href":"https:\/\/genatronik.com\/de\/wp-json\/wp\/v2\/comments?post=2647"}],"version-history":[{"count":4,"href":"https:\/\/genatronik.com\/de\/wp-json\/wp\/v2\/product\/2647\/revisions"}],"predecessor-version":[{"id":7061,"href":"https:\/\/genatronik.com\/de\/wp-json\/wp\/v2\/product\/2647\/revisions\/7061"}],"wp:featuredmedia":[{"embeddable":true,"href":"https:\/\/genatronik.com\/de\/wp-json\/wp\/v2\/media\/3838"}],"wp:attachment":[{"href":"https:\/\/genatronik.com\/de\/wp-json\/wp\/v2\/media?parent=2647"}],"wp:term":[{"taxonomy":"product_brand","embeddable":true,"href":"https:\/\/genatronik.com\/de\/wp-json\/wp\/v2\/product_brand?post=2647"},{"taxonomy":"product_cat","embeddable":true,"href":"https:\/\/genatronik.com\/de\/wp-json\/wp\/v2\/product_cat?post=2647"},{"taxonomy":"product_tag","embeddable":true,"href":"https:\/\/genatronik.com\/de\/wp-json\/wp\/v2\/product_tag?post=2647"}],"curies":[{"name":"wp","href":"https:\/\/api.w.org\/{rel}","templated":true}]}}