{"id":2635,"date":"2024-12-02T22:49:54","date_gmt":"2024-12-02T14:49:54","guid":{"rendered":"https:\/\/genatronik.com\/?post_type=product&#038;p=2635"},"modified":"2025-05-13T10:22:41","modified_gmt":"2025-05-13T08:22:41","slug":"dp832a","status":"publish","type":"product","link":"https:\/\/genatronik.com\/de\/produkt\/dp832a\/","title":{"rendered":"Rigol DP832A"},"content":{"rendered":"<table class=\"table table-striped js-responsive-table\">\n<thead class=\"thead-light\">\n<tr>\n<th>Spezifikationen<\/th>\n<th>Rigol DP832A<\/th>\n<\/tr>\n<\/thead>\n<tbody>\n<tr class=\"accordion-opened no-pointer\">\n<td>Ausg\u00e4nge<\/td>\n<td>3<\/td>\n<\/tr>\n<tr class=\"accordion-opened no-pointer\">\n<td>Ausgang 1<\/td>\n<td>0 bis +30 V\/DC mit max. 3 A<\/td>\n<\/tr>\n<tr class=\"accordion-opened no-pointer\">\n<td>Ausgang 2<\/td>\n<td>0 bis +30 V\/DC mit max. 3 A<\/td>\n<\/tr>\n<tr class=\"accordion-opened no-pointer\">\n<td>Ausgang 3<\/td>\n<td>0 bis +5 V\/DC mit max. 3 A<\/td>\n<\/tr>\n<tr class=\"accordion-opened no-pointer\">\n<td>Gemeinsame Nutzung des Gel\u00e4ndes<\/td>\n<td>Ausgang 1 allein GND, Ausgang 2 + Ausgang 3 gemeinsam GND<\/td>\n<\/tr>\n<tr class=\"accordion-opened no-pointer\">\n<td>Ausgangsleistung (max.)<\/td>\n<td>195 W<\/td>\n<\/tr>\n<tr class=\"accordion-opened no-pointer\">\n<td>\u00dcbertemperaturabschaltung<\/td>\n<td>55 \u00b0C<\/td>\n<\/tr>\n<tr class=\"accordion-opened no-pointer\">\n<td>Arbeitstemperatur<\/td>\n<td>0 \u00b0C bis 40 \u00b0C<\/td>\n<\/tr>\n<tr class=\"accordion-opened no-pointer\">\n<td>Methode der K\u00fchlung<\/td>\n<td>L\u00fcfterk\u00fchlung<\/td>\n<\/tr>\n<\/tbody>\n<\/table>\n<table class=\"table table-striped js-responsive-table\">\n<colgroup>\n<col \/>\n<col \/>\n<col \/>\n<col \/><\/colgroup>\n<thead class=\"thead-light\">\n<tr>\n<th>Ausgangsspannung<\/th>\n<th>Ausgang 1<\/th>\n<th>Ausgang 2<\/th>\n<th>Ausgang 3<\/th>\n<\/tr>\n<\/thead>\n<tbody>\n<tr class=\"accordion-opened\">\n<td>Ausgangsspannung<\/td>\n<td>0 bis +30 V\/DC<\/td>\n<td>0 bis +30 V\/DC<\/td>\n<td>0 bis +5 V\/DC<\/td>\n<\/tr>\n<tr class=\"accordion-opened\">\n<td>Genauigkeit<\/td>\n<td>\u00b10,05% + 10 mV<\/td>\n<td>\u00b10,05% + 10 mV<\/td>\n<td>\u00b10,05% + 10 mV<\/td>\n<\/tr>\n<tr class=\"accordion-opened\">\n<td>Aufl\u00f6sung<\/td>\n<td>1 mV<\/td>\n<td>1 mV<\/td>\n<td>1 mV<\/td>\n<\/tr>\n<tr class=\"accordion-opened\">\n<td>\u00dcberspannungsschutz<\/td>\n<td>1 mV bis 33 V<\/td>\n<td>1 mV bis 33 V<\/td>\n<td>1 mV bis 5,5 V<\/td>\n<\/tr>\n<tr class=\"accordion-opened\">\n<td>Lastregelung<\/td>\n<td>&lt; 0,01% + 2 mV<\/td>\n<td><\/td>\n<td><\/td>\n<\/tr>\n<tr class=\"accordion-opened\">\n<td>Linie Regulierung<\/td>\n<td>&lt; 0,01% + 2 mV<\/td>\n<td><\/td>\n<td><\/td>\n<\/tr>\n<tr class=\"accordion-opened\">\n<td>Restwelligkeit und Rauschen<\/td>\n<td>&lt; 350 \u03bcV Effektivwert \/ 2 mVpp<\/td>\n<td><\/td>\n<td><\/td>\n<\/tr>\n<\/tbody>\n<\/table>\n<table class=\"table table-striped js-responsive-table\">\n<colgroup>\n<col \/>\n<col \/>\n<col \/>\n<col \/><\/colgroup>\n<thead class=\"thead-light\">\n<tr>\n<th>Ausgang Strom<\/th>\n<th>Ausgang 1<\/th>\n<th>Ausgang 2<\/th>\n<th>Ausgang 3<\/th>\n<\/tr>\n<\/thead>\n<tbody>\n<tr class=\"accordion-opened\">\n<td>Ausgangsstrom (max.)<\/td>\n<td>3 A<\/td>\n<td>3 A<\/td>\n<td>3 A<\/td>\n<\/tr>\n<tr class=\"accordion-opened\">\n<td>Genauigkeit<\/td>\n<td>\u00b10,15% + 5 mA<\/td>\n<td>\u00b10,15% + 5 mA<\/td>\n<td>\u00b10,15% + 5 mA<\/td>\n<\/tr>\n<tr class=\"accordion-opened\">\n<td>Aufl\u00f6sung<\/td>\n<td>1 mA<\/td>\n<td>1 mA<\/td>\n<td>1 mA<\/td>\n<\/tr>\n<tr class=\"\">\n<td>\u00dcberstromschutz<\/td>\n<td>1 mA bis 3,3 A<\/td>\n<td>1 mA bis 3,3 A<\/td>\n<td>1 mA bis 3,3 A<\/td>\n<\/tr>\n<tr class=\"accordion-opened\">\n<td>Lastregelung<\/td>\n<td>&lt; 0,01% + 250 \u03bcA<\/td>\n<td><\/td>\n<td><\/td>\n<\/tr>\n<tr class=\"accordion-opened\">\n<td>Linie Regulierung<\/td>\n<td>&lt; 0,01% + 250 \u03bcA<\/td>\n<td><\/td>\n<td><\/td>\n<\/tr>\n<tr class=\"accordion-opened\">\n<td>Restwelligkeit und Rauschen<\/td>\n<td>&lt; 2 mA rms<\/td>\n<td><\/td>\n<td><\/td>\n<\/tr>\n<\/tbody>\n<\/table>\n<table class=\"table table-striped js-responsive-table\">\n<colgroup>\n<col \/>\n<col \/><\/colgroup>\n<thead class=\"thead-light\">\n<tr>\n<th>Programmierbare Stromversorgung<\/th>\n<th>Rigol DP832A<\/th>\n<\/tr>\n<\/thead>\n<tbody>\n<tr class=\"accordion-opened no-pointer\">\n<td>Anzeige<\/td>\n<td>8,9 cm (3,5\u2033) WVGA-Farb-LCD<\/td>\n<\/tr>\n<tr class=\"accordion-opened no-pointer\">\n<td>Aufl\u00f6sung<\/td>\n<td>320 \u00d7 240 Pixel<\/td>\n<\/tr>\n<tr class=\"accordion-opened no-pointer\">\n<td>Zus\u00e4tzliche Schnittstellen<\/td>\n<td>\n<ul>\n<li>USB-Host f\u00fcr den Anschluss von USB-Sticks zum Speichern von Einstellungen<\/li>\n<li>USB-Ger\u00e4t zum Anschluss an einen PC<\/li>\n<li>LAN f\u00fcr den Einsatz in einem Netzwerk (LXI)<\/li>\n<li>RS232<\/li>\n<li>GPIB (IEE-488, General Purpose Interface Bus, nur mit optionalem Adapter)<\/li>\n<li>Separater Erdungsanschluss<\/li>\n<li>Digitale IO-Anschl\u00fcsse<\/li>\n<\/ul>\n<\/td>\n<\/tr>\n<tr class=\"accordion-opened no-pointer\">\n<td>Abmessungen (B \u00d7 H \u00d7 T)<\/td>\n<td>23,9 cm \u00d7 15,7 cm \u00d7 41,8 cm<\/p>\n<p>(9.41\u2033 \u00d7 6.18\u2033 \u00d7 16.46\u2033)<\/td>\n<\/tr>\n<tr class=\"accordion-opened no-pointer\">\n<td>Gewicht<\/td>\n<td>9,0 kg<\/p>\n<p>(19.84 lbs)<\/td>\n<\/tr>\n<tr class=\"accordion-opened no-pointer\">\n<td>Unterst\u00fctzte Betriebssysteme<\/td>\n<td>XP, Vista, Win 7 (32Bit + 64Bit), Win 8 (32Bit + 64Bit), Win 10 (32Bit + 64Bit)<\/td>\n<\/tr>\n<tr class=\"accordion-opened no-pointer\">\n<td>Eingabe<\/td>\n<td>230 V\/AC, 115 V\/AC oder 100 V\/AC (einstellbar)<\/td>\n<\/tr>\n<tr class=\"accordion-opened no-pointer\">\n<td>Verfolgungsfunktion<\/td>\n<td>Die beiden 30-V-Ausg\u00e4nge k\u00f6nnen gekoppelt werden. Wenn die Tracking-Funktion aktiviert ist, brauchen Sie nur einen Ausgang zu \u00e4ndern, und der andere 30-V-Ausgang wird automatisch auf denselben Wert eingestellt (mit der entsprechenden umgekehrten Polarit\u00e4t).<\/td>\n<\/tr>\n<\/tbody>\n<\/table>","protected":false},"excerpt":{"rendered":"<p>DC-Stromversorgung mit drei Ausgangskan\u00e4len (+30 V \/ 3 A, +30 V \/ 3 A, +5 V \/ 3 A, DC, max 195 W) und einer Aufl\u00f6sung von 1 mV \/ 1mA.<\/p>","protected":false},"featured_media":3707,"comment_status":"open","ping_status":"closed","template":"","meta":{"_surecart_dashboard_logo_width":"180px","_surecart_dashboard_show_logo":true,"_surecart_dashboard_navigation_orders":true,"_surecart_dashboard_navigation_invoices":true,"_surecart_dashboard_navigation_subscriptions":true,"_surecart_dashboard_navigation_downloads":true,"_surecart_dashboard_navigation_billing":true,"_surecart_dashboard_navigation_account":true,"_uag_custom_page_level_css":"","site-sidebar-layout":"default","site-content-layout":"","ast-site-content-layout":"default","site-content-style":"default","site-sidebar-style":"default","ast-global-header-display":"","ast-banner-title-visibility":"","ast-main-header-display":"","ast-hfb-above-header-display":"","ast-hfb-below-header-display":"","ast-hfb-mobile-header-display":"","site-post-title":"","ast-breadcrumbs-content":"","ast-featured-img":"","footer-sml-layout":"","theme-transparent-header-meta":"default","adv-header-id-meta":"","stick-header-meta":"default","header-above-stick-meta":"","header-main-stick-meta":"","header-below-stick-meta":"","astra-migrate-meta-layouts":"set","ast-page-background-enabled":"default","ast-page-background-meta":{"desktop":{"background-color":"var(--ast-global-color-4)","background-image":"","background-repeat":"repeat","background-position":"center center","background-size":"auto","background-attachment":"scroll","background-type":"","background-media":"","overlay-type":"","overlay-color":"","overlay-opacity":"","overlay-gradient":""},"tablet":{"background-color":"","background-image":"","background-repeat":"repeat","background-position":"center center","background-size":"auto","background-attachment":"scroll","background-type":"","background-media":"","overlay-type":"","overlay-color":"","overlay-opacity":"","overlay-gradient":""},"mobile":{"background-color":"","background-image":"","background-repeat":"repeat","background-position":"center center","background-size":"auto","background-attachment":"scroll","background-type":"","background-media":"","overlay-type":"","overlay-color":"","overlay-opacity":"","overlay-gradient":""}},"ast-content-background-meta":{"desktop":{"background-color":"var(--ast-global-color-5)","background-image":"","background-repeat":"repeat","background-position":"center center","background-size":"auto","background-attachment":"scroll","background-type":"","background-media":"","overlay-type":"","overlay-color":"","overlay-opacity":"","overlay-gradient":""},"tablet":{"background-color":"var(--ast-global-color-5)","background-image":"","background-repeat":"repeat","background-position":"center center","background-size":"auto","background-attachment":"scroll","background-type":"","background-media":"","overlay-type":"","overlay-color":"","overlay-opacity":"","overlay-gradient":""},"mobile":{"background-color":"var(--ast-global-color-5)","background-image":"","background-repeat":"repeat","background-position":"center center","background-size":"auto","background-attachment":"scroll","background-type":"","background-media":"","overlay-type":"","overlay-color":"","overlay-opacity":"","overlay-gradient":""}}},"product_brand":[],"product_cat":[38,42,105,76],"product_tag":[],"class_list":{"0":"post-2635","1":"product","2":"type-product","3":"status-publish","4":"has-post-thumbnail","6":"product_cat-test-measure","7":"product_cat-power-supply","8":"product_cat-rigol-power-supply","9":"product_cat-dp800","10":"desktop-align-left","11":"tablet-align-left","12":"mobile-align-left","13":"ast-product-gallery-layout-horizontal-slider","14":"ast-product-gallery-with-no-image","15":"ast-product-tabs-layout-horizontal","17":"first","18":"instock","19":"taxable","20":"shipping-taxable","21":"purchasable","22":"product-type-simple"},"yoast_head":"<!-- This site is optimized with the Yoast SEO plugin v26.2 - https:\/\/yoast.com\/wordpress\/plugins\/seo\/ -->\n<title>Rigol DP832A - Genatronik<\/title>\n<meta name=\"description\" content=\"DC power supply with three output channels (+30 V \/ 3 A, +30 V \/ 3 A, +5 V \/ 3 A, DC, max 195 W) and a resolution of 1 mV \/ 1mA.\" \/>\n<meta name=\"robots\" content=\"index, follow, max-snippet:-1, max-image-preview:large, max-video-preview:-1\" \/>\n<link rel=\"canonical\" href=\"https:\/\/genatronik.com\/de\/produkt\/dp832a\/\" \/>\n<meta property=\"og:locale\" content=\"de_DE\" \/>\n<meta property=\"og:type\" content=\"article\" \/>\n<meta property=\"og:title\" content=\"Rigol DP832A - Genatronik\" \/>\n<meta property=\"og:description\" content=\"DC power supply with three output channels (+30 V \/ 3 A, +30 V \/ 3 A, +5 V \/ 3 A, DC, max 195 W) and a resolution of 1 mV \/ 1mA.\" \/>\n<meta property=\"og:url\" content=\"https:\/\/genatronik.com\/de\/produkt\/dp832a\/\" \/>\n<meta property=\"og:site_name\" content=\"Genatronik\" \/>\n<meta property=\"article:modified_time\" content=\"2025-05-13T08:22:41+00:00\" \/>\n<meta property=\"og:image\" content=\"https:\/\/genatronik.com\/wp-content\/uploads\/2024\/12\/DP832A-front-1600-1200.png\" \/>\n\t<meta property=\"og:image:width\" content=\"1600\" \/>\n\t<meta property=\"og:image:height\" content=\"1200\" \/>\n\t<meta property=\"og:image:type\" content=\"image\/png\" \/>\n<meta name=\"twitter:card\" content=\"summary_large_image\" \/>\n<meta name=\"twitter:label1\" content=\"Gesch\u00e4tzte Lesezeit\" \/>\n\t<meta name=\"twitter:data1\" content=\"2\u00a0Minuten\" \/>\n<script type=\"application\/ld+json\" class=\"yoast-schema-graph\">{\"@context\":\"https:\/\/schema.org\",\"@graph\":[{\"@type\":\"WebPage\",\"@id\":\"https:\/\/genatronik.com\/en\/product\/dp832a\/\",\"url\":\"https:\/\/genatronik.com\/en\/product\/dp832a\/\",\"name\":\"Rigol DP832A - Genatronik\",\"isPartOf\":{\"@id\":\"https:\/\/genatronik.com\/en\/#website\"},\"primaryImageOfPage\":{\"@id\":\"https:\/\/genatronik.com\/en\/product\/dp832a\/#primaryimage\"},\"image\":{\"@id\":\"https:\/\/genatronik.com\/en\/product\/dp832a\/#primaryimage\"},\"thumbnailUrl\":\"https:\/\/genatronik.com\/wp-content\/uploads\/2024\/12\/DP832A-front-1600-1200.png\",\"datePublished\":\"2024-12-02T14:49:54+00:00\",\"dateModified\":\"2025-05-13T08:22:41+00:00\",\"description\":\"DC power supply with three output channels (+30 V \/ 3 A, +30 V \/ 3 A, +5 V \/ 3 A, DC, max 195 W) and a resolution of 1 mV \/ 1mA.\",\"breadcrumb\":{\"@id\":\"https:\/\/genatronik.com\/en\/product\/dp832a\/#breadcrumb\"},\"inLanguage\":\"de\",\"potentialAction\":[{\"@type\":\"ReadAction\",\"target\":[\"https:\/\/genatronik.com\/en\/product\/dp832a\/\"]}]},{\"@type\":\"ImageObject\",\"inLanguage\":\"de\",\"@id\":\"https:\/\/genatronik.com\/en\/product\/dp832a\/#primaryimage\",\"url\":\"https:\/\/genatronik.com\/wp-content\/uploads\/2024\/12\/DP832A-front-1600-1200.png\",\"contentUrl\":\"https:\/\/genatronik.com\/wp-content\/uploads\/2024\/12\/DP832A-front-1600-1200.png\",\"width\":1600,\"height\":1200},{\"@type\":\"BreadcrumbList\",\"@id\":\"https:\/\/genatronik.com\/en\/product\/dp832a\/#breadcrumb\",\"itemListElement\":[{\"@type\":\"ListItem\",\"position\":1,\"name\":\"Home\",\"item\":\"https:\/\/genatronik.com\/\"},{\"@type\":\"ListItem\",\"position\":2,\"name\":\"Produkte\",\"item\":\"https:\/\/genatronik.com\/de\/shop\/\"},{\"@type\":\"ListItem\",\"position\":3,\"name\":\"Products\",\"item\":\"https:\/\/genatronik.com\/product-category\/products\/\"},{\"@type\":\"ListItem\",\"position\":4,\"name\":\"Test &amp; Measure\",\"item\":\"https:\/\/genatronik.com\/product-category\/products\/test-measure\/\"},{\"@type\":\"ListItem\",\"position\":5,\"name\":\"Power Supply\",\"item\":\"https:\/\/genatronik.com\/product-category\/products\/test-measure\/power-supply\/\"},{\"@type\":\"ListItem\",\"position\":6,\"name\":\"Rigol Power Supply\",\"item\":\"https:\/\/genatronik.com\/product-category\/products\/test-measure\/power-supply\/rigol-power-supply\/\"},{\"@type\":\"ListItem\",\"position\":7,\"name\":\"DP800\",\"item\":\"https:\/\/genatronik.com\/fr\/product-category\/produits\/test-mesure\/lalimentation-electrique\/alimentation-rigol\/dp800\/\"},{\"@type\":\"ListItem\",\"position\":8,\"name\":\"Rigol DP832A\"}]},{\"@type\":\"WebSite\",\"@id\":\"https:\/\/genatronik.com\/en\/#website\",\"url\":\"https:\/\/genatronik.com\/en\/\",\"name\":\"Genatronik\",\"description\":\"Advanced Devices. Reliable Service.\",\"publisher\":{\"@id\":\"https:\/\/genatronik.com\/en\/#organization\"},\"potentialAction\":[{\"@type\":\"SearchAction\",\"target\":{\"@type\":\"EntryPoint\",\"urlTemplate\":\"https:\/\/genatronik.com\/en\/?s={search_term_string}\"},\"query-input\":{\"@type\":\"PropertyValueSpecification\",\"valueRequired\":true,\"valueName\":\"search_term_string\"}}],\"inLanguage\":\"de\"},{\"@type\":\"Organization\",\"@id\":\"https:\/\/genatronik.com\/en\/#organization\",\"name\":\"Genatronik\",\"url\":\"https:\/\/genatronik.com\/en\/\",\"logo\":{\"@type\":\"ImageObject\",\"inLanguage\":\"de\",\"@id\":\"https:\/\/genatronik.com\/en\/#\/schema\/logo\/image\/\",\"url\":\"https:\/\/genatronik.com\/wp-content\/uploads\/2025\/05\/genatronik_logo_header-scaled.png\",\"contentUrl\":\"https:\/\/genatronik.com\/wp-content\/uploads\/2025\/05\/genatronik_logo_header-scaled.png\",\"width\":2560,\"height\":448,\"caption\":\"Genatronik\"},\"image\":{\"@id\":\"https:\/\/genatronik.com\/en\/#\/schema\/logo\/image\/\"}}]}<\/script>\n<!-- \/ Yoast SEO plugin. -->","yoast_head_json":{"title":"Rigol DP832A - Genatronik","description":"DC-Stromversorgung mit drei Ausgangskan\u00e4len (+30 V \/ 3 A, +30 V \/ 3 A, +5 V \/ 3 A, DC, max 195 W) und einer Aufl\u00f6sung von 1 mV \/ 1mA.","robots":{"index":"index","follow":"follow","max-snippet":"max-snippet:-1","max-image-preview":"max-image-preview:large","max-video-preview":"max-video-preview:-1"},"canonical":"https:\/\/genatronik.com\/de\/produkt\/dp832a\/","og_locale":"de_DE","og_type":"article","og_title":"Rigol DP832A - Genatronik","og_description":"DC power supply with three output channels (+30 V \/ 3 A, +30 V \/ 3 A, +5 V \/ 3 A, DC, max 195 W) and a resolution of 1 mV \/ 1mA.","og_url":"https:\/\/genatronik.com\/de\/produkt\/dp832a\/","og_site_name":"Genatronik","article_modified_time":"2025-05-13T08:22:41+00:00","og_image":[{"width":1600,"height":1200,"url":"https:\/\/genatronik.com\/wp-content\/uploads\/2024\/12\/DP832A-front-1600-1200.png","type":"image\/png"}],"twitter_card":"summary_large_image","twitter_misc":{"Gesch\u00e4tzte Lesezeit":"2\u00a0Minuten"},"schema":{"@context":"https:\/\/schema.org","@graph":[{"@type":"WebPage","@id":"https:\/\/genatronik.com\/en\/product\/dp832a\/","url":"https:\/\/genatronik.com\/en\/product\/dp832a\/","name":"Rigol DP832A - Genatronik","isPartOf":{"@id":"https:\/\/genatronik.com\/en\/#website"},"primaryImageOfPage":{"@id":"https:\/\/genatronik.com\/en\/product\/dp832a\/#primaryimage"},"image":{"@id":"https:\/\/genatronik.com\/en\/product\/dp832a\/#primaryimage"},"thumbnailUrl":"https:\/\/genatronik.com\/wp-content\/uploads\/2024\/12\/DP832A-front-1600-1200.png","datePublished":"2024-12-02T14:49:54+00:00","dateModified":"2025-05-13T08:22:41+00:00","description":"DC-Stromversorgung mit drei Ausgangskan\u00e4len (+30 V \/ 3 A, +30 V \/ 3 A, +5 V \/ 3 A, DC, max 195 W) und einer Aufl\u00f6sung von 1 mV \/ 1mA.","breadcrumb":{"@id":"https:\/\/genatronik.com\/en\/product\/dp832a\/#breadcrumb"},"inLanguage":"de","potentialAction":[{"@type":"ReadAction","target":["https:\/\/genatronik.com\/en\/product\/dp832a\/"]}]},{"@type":"ImageObject","inLanguage":"de","@id":"https:\/\/genatronik.com\/en\/product\/dp832a\/#primaryimage","url":"https:\/\/genatronik.com\/wp-content\/uploads\/2024\/12\/DP832A-front-1600-1200.png","contentUrl":"https:\/\/genatronik.com\/wp-content\/uploads\/2024\/12\/DP832A-front-1600-1200.png","width":1600,"height":1200},{"@type":"BreadcrumbList","@id":"https:\/\/genatronik.com\/en\/product\/dp832a\/#breadcrumb","itemListElement":[{"@type":"ListItem","position":1,"name":"Home","item":"https:\/\/genatronik.com\/"},{"@type":"ListItem","position":2,"name":"Produkte","item":"https:\/\/genatronik.com\/de\/shop\/"},{"@type":"ListItem","position":3,"name":"Products","item":"https:\/\/genatronik.com\/product-category\/products\/"},{"@type":"ListItem","position":4,"name":"Test &amp; Measure","item":"https:\/\/genatronik.com\/product-category\/products\/test-measure\/"},{"@type":"ListItem","position":5,"name":"Power Supply","item":"https:\/\/genatronik.com\/product-category\/products\/test-measure\/power-supply\/"},{"@type":"ListItem","position":6,"name":"Rigol Power Supply","item":"https:\/\/genatronik.com\/product-category\/products\/test-measure\/power-supply\/rigol-power-supply\/"},{"@type":"ListItem","position":7,"name":"DP800","item":"https:\/\/genatronik.com\/fr\/product-category\/produits\/test-mesure\/lalimentation-electrique\/alimentation-rigol\/dp800\/"},{"@type":"ListItem","position":8,"name":"Rigol DP832A"}]},{"@type":"WebSite","@id":"https:\/\/genatronik.com\/en\/#website","url":"https:\/\/genatronik.com\/en\/","name":"Genatronik","description":"Fortschrittliche Ger\u00e4te. Zuverl\u00e4ssiger Service.","publisher":{"@id":"https:\/\/genatronik.com\/en\/#organization"},"potentialAction":[{"@type":"SearchAction","target":{"@type":"EntryPoint","urlTemplate":"https:\/\/genatronik.com\/en\/?s={search_term_string}"},"query-input":{"@type":"PropertyValueSpecification","valueRequired":true,"valueName":"search_term_string"}}],"inLanguage":"de"},{"@type":"Organization","@id":"https:\/\/genatronik.com\/en\/#organization","name":"Genatronik","url":"https:\/\/genatronik.com\/en\/","logo":{"@type":"ImageObject","inLanguage":"de","@id":"https:\/\/genatronik.com\/en\/#\/schema\/logo\/image\/","url":"https:\/\/genatronik.com\/wp-content\/uploads\/2025\/05\/genatronik_logo_header-scaled.png","contentUrl":"https:\/\/genatronik.com\/wp-content\/uploads\/2025\/05\/genatronik_logo_header-scaled.png","width":2560,"height":448,"caption":"Genatronik"},"image":{"@id":"https:\/\/genatronik.com\/en\/#\/schema\/logo\/image\/"}}]}},"uagb_featured_image_src":{"full":["https:\/\/genatronik.com\/wp-content\/uploads\/2024\/12\/DP832A-front-1600-1200.png",1600,1200,false],"thumbnail":["https:\/\/genatronik.com\/wp-content\/uploads\/2024\/12\/DP832A-front-1600-1200.png",150,113,false],"medium":["https:\/\/genatronik.com\/wp-content\/uploads\/2024\/12\/DP832A-front-1600-1200.png",300,225,false],"medium_large":["https:\/\/genatronik.com\/wp-content\/uploads\/2024\/12\/DP832A-front-1600-1200.png",768,576,false],"large":["https:\/\/genatronik.com\/wp-content\/uploads\/2024\/12\/DP832A-front-1600-1200.png",1024,768,false],"1536x1536":["https:\/\/genatronik.com\/wp-content\/uploads\/2024\/12\/DP832A-front-1600-1200.png",1536,1152,false],"2048x2048":["https:\/\/genatronik.com\/wp-content\/uploads\/2024\/12\/DP832A-front-1600-1200.png",1600,1200,false],"trp-custom-language-flag":["https:\/\/genatronik.com\/wp-content\/uploads\/2024\/12\/DP832A-front-1600-1200.png",16,12,false],"tp-image-grid":["https:\/\/genatronik.com\/wp-content\/uploads\/2024\/12\/DP832A-front-1600-1200.png",700,525,false],"woocommerce_thumbnail":["https:\/\/genatronik.com\/wp-content\/uploads\/2024\/12\/DP832A-front-1600-1200.png",300,225,false],"woocommerce_single":["https:\/\/genatronik.com\/wp-content\/uploads\/2024\/12\/DP832A-front-1600-1200.png",600,450,false],"woocommerce_gallery_thumbnail":["https:\/\/genatronik.com\/wp-content\/uploads\/2024\/12\/DP832A-front-1600-1200-100x100.png",100,100,true]},"uagb_author_info":{"display_name":"guanyuan zhu","author_link":"https:\/\/genatronik.com\/de\/author\/"},"uagb_comment_info":0,"uagb_excerpt":"DC power supply with three output channels (+30 V \/ 3 A, +30 V \/ 3 A, +5 V \/ 3 A, DC, max 195 W) and a resolution of 1 mV \/ 1mA.","jetpack_sharing_enabled":true,"_links":{"self":[{"href":"https:\/\/genatronik.com\/de\/wp-json\/wp\/v2\/product\/2635","targetHints":{"allow":["GET"]}}],"collection":[{"href":"https:\/\/genatronik.com\/de\/wp-json\/wp\/v2\/product"}],"about":[{"href":"https:\/\/genatronik.com\/de\/wp-json\/wp\/v2\/types\/product"}],"replies":[{"embeddable":true,"href":"https:\/\/genatronik.com\/de\/wp-json\/wp\/v2\/comments?post=2635"}],"version-history":[{"count":5,"href":"https:\/\/genatronik.com\/de\/wp-json\/wp\/v2\/product\/2635\/revisions"}],"predecessor-version":[{"id":7062,"href":"https:\/\/genatronik.com\/de\/wp-json\/wp\/v2\/product\/2635\/revisions\/7062"}],"wp:featuredmedia":[{"embeddable":true,"href":"https:\/\/genatronik.com\/de\/wp-json\/wp\/v2\/media\/3707"}],"wp:attachment":[{"href":"https:\/\/genatronik.com\/de\/wp-json\/wp\/v2\/media?parent=2635"}],"wp:term":[{"taxonomy":"product_brand","embeddable":true,"href":"https:\/\/genatronik.com\/de\/wp-json\/wp\/v2\/product_brand?post=2635"},{"taxonomy":"product_cat","embeddable":true,"href":"https:\/\/genatronik.com\/de\/wp-json\/wp\/v2\/product_cat?post=2635"},{"taxonomy":"product_tag","embeddable":true,"href":"https:\/\/genatronik.com\/de\/wp-json\/wp\/v2\/product_tag?post=2635"}],"curies":[{"name":"wp","href":"https:\/\/api.w.org\/{rel}","templated":true}]}}