{"id":2531,"date":"2024-11-30T01:17:04","date_gmt":"2024-11-29T17:17:04","guid":{"rendered":"https:\/\/genatronik.com\/?post_type=product&#038;p=2531"},"modified":"2025-05-13T10:47:40","modified_gmt":"2025-05-13T08:47:40","slug":"dg852-pro","status":"publish","type":"product","link":"https:\/\/genatronik.com\/de\/produkt\/dg852-pro\/","title":{"rendered":"Rigol DG852 Pro"},"content":{"rendered":"<p>- Max. Abtastrate: 625 MSa\/s<br \/>\n- Max. Ausgangsfrequenz: 50 MHz<br \/>\n- 16-bit vertikale Aufl\u00f6sung<br \/>\n- Arbitr\u00e4re Wellenform-Editierfunktion mit einer max. Arb-Wellenforml\u00e4nge von 2 Mpts\/CH (8 Mpts\/CH<br \/>\nfakultativ)<br \/>\n- Eingebauter Generator f\u00fcr Oberschwingungen hoher Ordnung (max. 20. Ordnung)<br \/>\n- Unabh\u00e4ngiger Signalfrequenz-Messkanal mit einer maximalen Frequenz von 500 MHz<br \/>\n- USB- und LAN-Schnittstellen f\u00fcr die Fernverbindung<br \/>\n- Typ-C-Stromversorgungsschnittstelle f\u00fcr die Stromversorgung des Ger\u00e4ts mit einer mobilen Stromquelle, die folgende Anforderungen erf\u00fcllt<br \/>\nPr\u00fcfanforderungen in der Praxis<br \/>\n- Standard Web Control Funktion f\u00fcr einfachere Zusammenarbeit aus der Ferne<\/p>","protected":false},"excerpt":{"rendered":"<p>2-Kanal Funktions- \/ Arbitr\u00e4rwellenformgenerator mit 1 \u03bcHz bis 50 MHz Bandbreite, 625 MSa\/s Samplerate, 16 Bit Aufl\u00f6sung, 2 Mpts Speichertiefe (8 Mpts optional), Amplitudenbereich 1 mVpp bis 10 Vpp (hochohmig), 17,8 cm (7\u2033) Touchdisplay.<\/p>","protected":false},"featured_media":3725,"comment_status":"open","ping_status":"closed","template":"","meta":{"_surecart_dashboard_logo_width":"180px","_surecart_dashboard_show_logo":true,"_surecart_dashboard_navigation_orders":true,"_surecart_dashboard_navigation_invoices":true,"_surecart_dashboard_navigation_subscriptions":true,"_surecart_dashboard_navigation_downloads":true,"_surecart_dashboard_navigation_billing":true,"_surecart_dashboard_navigation_account":true,"_uag_custom_page_level_css":"","site-sidebar-layout":"default","site-content-layout":"","ast-site-content-layout":"default","site-content-style":"default","site-sidebar-style":"default","ast-global-header-display":"","ast-banner-title-visibility":"","ast-main-header-display":"","ast-hfb-above-header-display":"","ast-hfb-below-header-display":"","ast-hfb-mobile-header-display":"","site-post-title":"","ast-breadcrumbs-content":"","ast-featured-img":"","footer-sml-layout":"","ast-disable-related-posts":"","theme-transparent-header-meta":"default","adv-header-id-meta":"","stick-header-meta":"default","header-above-stick-meta":"","header-main-stick-meta":"","header-below-stick-meta":"","astra-migrate-meta-layouts":"set","ast-page-background-enabled":"default","ast-page-background-meta":{"desktop":{"background-color":"var(--ast-global-color-4)","background-image":"","background-repeat":"repeat","background-position":"center center","background-size":"auto","background-attachment":"scroll","background-type":"","background-media":"","overlay-type":"","overlay-color":"","overlay-opacity":"","overlay-gradient":""},"tablet":{"background-color":"","background-image":"","background-repeat":"repeat","background-position":"center center","background-size":"auto","background-attachment":"scroll","background-type":"","background-media":"","overlay-type":"","overlay-color":"","overlay-opacity":"","overlay-gradient":""},"mobile":{"background-color":"","background-image":"","background-repeat":"repeat","background-position":"center center","background-size":"auto","background-attachment":"scroll","background-type":"","background-media":"","overlay-type":"","overlay-color":"","overlay-opacity":"","overlay-gradient":""}},"ast-content-background-meta":{"desktop":{"background-color":"var(--ast-global-color-5)","background-image":"","background-repeat":"repeat","background-position":"center center","background-size":"auto","background-attachment":"scroll","background-type":"","background-media":"","overlay-type":"","overlay-color":"","overlay-opacity":"","overlay-gradient":""},"tablet":{"background-color":"var(--ast-global-color-5)","background-image":"","background-repeat":"repeat","background-position":"center center","background-size":"auto","background-attachment":"scroll","background-type":"","background-media":"","overlay-type":"","overlay-color":"","overlay-opacity":"","overlay-gradient":""},"mobile":{"background-color":"var(--ast-global-color-5)","background-image":"","background-repeat":"repeat","background-position":"center center","background-size":"auto","background-attachment":"scroll","background-type":"","background-media":"","overlay-type":"","overlay-color":"","overlay-opacity":"","overlay-gradient":""}}},"product_brand":[],"product_cat":[38,44,108,65],"product_tag":[],"class_list":{"0":"post-2531","1":"product","2":"type-product","3":"status-publish","4":"has-post-thumbnail","6":"product_cat-test-measure","7":"product_cat-waveform-generator","8":"product_cat-rigol-waveform-generator","9":"product_cat-dg800-pro","10":"desktop-align-left","11":"tablet-align-left","12":"mobile-align-left","13":"ast-product-gallery-layout-horizontal-slider","14":"ast-product-gallery-with-no-image","15":"ast-product-tabs-layout-horizontal","17":"first","18":"instock","19":"taxable","20":"shipping-taxable","21":"purchasable","22":"product-type-simple"},"yoast_head":"<!-- This site is optimized with the Yoast SEO plugin v26.2 - https:\/\/yoast.com\/wordpress\/plugins\/seo\/ -->\n<title>Rigol DG852 Pro - Genatronik<\/title>\n<meta name=\"description\" content=\"2 channel function \/ arbitrary waveform generator with 1 \u03bcHz to 50 MHz bandwidth, 625 MSa\/s samplerate, 16 Bit resolution, 2 Mpts memory depth (8 Mpts optional), amplitude range 1 mVpp to 10 Vpp (high impedance), 17,8 cm (7&quot;) touchdisplay.\" \/>\n<meta name=\"robots\" content=\"index, follow, max-snippet:-1, max-image-preview:large, max-video-preview:-1\" \/>\n<link rel=\"canonical\" href=\"https:\/\/genatronik.com\/de\/produkt\/dg852-pro\/\" \/>\n<meta property=\"og:locale\" content=\"de_DE\" \/>\n<meta property=\"og:type\" content=\"article\" \/>\n<meta property=\"og:title\" content=\"Rigol DG852 Pro - Genatronik\" \/>\n<meta property=\"og:description\" content=\"2 channel function \/ arbitrary waveform generator with 1 \u03bcHz to 50 MHz bandwidth, 625 MSa\/s samplerate, 16 Bit resolution, 2 Mpts memory depth (8 Mpts optional), amplitude range 1 mVpp to 10 Vpp (high impedance), 17,8 cm (7&quot;) touchdisplay.\" \/>\n<meta property=\"og:url\" content=\"https:\/\/genatronik.com\/de\/produkt\/dg852-pro\/\" \/>\n<meta property=\"og:site_name\" content=\"Genatronik\" \/>\n<meta property=\"article:modified_time\" content=\"2025-05-13T08:47:40+00:00\" \/>\n<meta property=\"og:image\" content=\"https:\/\/genatronik.com\/wp-content\/uploads\/2024\/11\/dg800_pro-left-1600-1200.png\" \/>\n\t<meta property=\"og:image:width\" content=\"1600\" \/>\n\t<meta property=\"og:image:height\" content=\"1200\" \/>\n\t<meta property=\"og:image:type\" content=\"image\/png\" \/>\n<meta name=\"twitter:card\" content=\"summary_large_image\" \/>\n<meta name=\"twitter:label1\" content=\"Gesch\u00e4tzte Lesezeit\" \/>\n\t<meta name=\"twitter:data1\" content=\"1\u00a0Minute\" \/>\n<script type=\"application\/ld+json\" class=\"yoast-schema-graph\">{\"@context\":\"https:\/\/schema.org\",\"@graph\":[{\"@type\":\"WebPage\",\"@id\":\"https:\/\/genatronik.com\/en\/product\/dg852-pro\/\",\"url\":\"https:\/\/genatronik.com\/en\/product\/dg852-pro\/\",\"name\":\"Rigol DG852 Pro - Genatronik\",\"isPartOf\":{\"@id\":\"https:\/\/genatronik.com\/en\/#website\"},\"primaryImageOfPage\":{\"@id\":\"https:\/\/genatronik.com\/en\/product\/dg852-pro\/#primaryimage\"},\"image\":{\"@id\":\"https:\/\/genatronik.com\/en\/product\/dg852-pro\/#primaryimage\"},\"thumbnailUrl\":\"https:\/\/genatronik.com\/wp-content\/uploads\/2024\/11\/dg800_pro-left-1600-1200.png\",\"datePublished\":\"2024-11-29T17:17:04+00:00\",\"dateModified\":\"2025-05-13T08:47:40+00:00\",\"description\":\"2 channel function \/ arbitrary waveform generator with 1 \u03bcHz to 50 MHz bandwidth, 625 MSa\/s samplerate, 16 Bit resolution, 2 Mpts memory depth (8 Mpts optional), amplitude range 1 mVpp to 10 Vpp (high impedance), 17,8 cm (7\\\") touchdisplay.\",\"breadcrumb\":{\"@id\":\"https:\/\/genatronik.com\/en\/product\/dg852-pro\/#breadcrumb\"},\"inLanguage\":\"de\",\"potentialAction\":[{\"@type\":\"ReadAction\",\"target\":[\"https:\/\/genatronik.com\/en\/product\/dg852-pro\/\"]}]},{\"@type\":\"ImageObject\",\"inLanguage\":\"de\",\"@id\":\"https:\/\/genatronik.com\/en\/product\/dg852-pro\/#primaryimage\",\"url\":\"https:\/\/genatronik.com\/wp-content\/uploads\/2024\/11\/dg800_pro-left-1600-1200.png\",\"contentUrl\":\"https:\/\/genatronik.com\/wp-content\/uploads\/2024\/11\/dg800_pro-left-1600-1200.png\",\"width\":1600,\"height\":1200},{\"@type\":\"BreadcrumbList\",\"@id\":\"https:\/\/genatronik.com\/en\/product\/dg852-pro\/#breadcrumb\",\"itemListElement\":[{\"@type\":\"ListItem\",\"position\":1,\"name\":\"Home\",\"item\":\"https:\/\/genatronik.com\/\"},{\"@type\":\"ListItem\",\"position\":2,\"name\":\"Produkte\",\"item\":\"https:\/\/genatronik.com\/de\/shop\/\"},{\"@type\":\"ListItem\",\"position\":3,\"name\":\"Products\",\"item\":\"https:\/\/genatronik.com\/product-category\/products\/\"},{\"@type\":\"ListItem\",\"position\":4,\"name\":\"Test &amp; Measure\",\"item\":\"https:\/\/genatronik.com\/product-category\/products\/test-measure\/\"},{\"@type\":\"ListItem\",\"position\":5,\"name\":\"Waveform Generator\",\"item\":\"https:\/\/genatronik.com\/product-category\/products\/test-measure\/waveform-generator\/\"},{\"@type\":\"ListItem\",\"position\":6,\"name\":\"Rigol Waveform Generator\",\"item\":\"https:\/\/genatronik.com\/fr\/product-category\/produits\/test-mesure\/generateur-de-forme-donde\/generateur-de-forme-donde-rigol\/\"},{\"@type\":\"ListItem\",\"position\":7,\"name\":\"DG800 Pro\",\"item\":\"https:\/\/genatronik.com\/en\/product-category\/products\/test-measure\/waveform-generator\/rigol-waveform-generator\/dg800-pro\/\"},{\"@type\":\"ListItem\",\"position\":8,\"name\":\"Rigol DG852 Pro\"}]},{\"@type\":\"WebSite\",\"@id\":\"https:\/\/genatronik.com\/en\/#website\",\"url\":\"https:\/\/genatronik.com\/en\/\",\"name\":\"Genatronik\",\"description\":\"Advanced Devices. Reliable Service.\",\"publisher\":{\"@id\":\"https:\/\/genatronik.com\/en\/#organization\"},\"potentialAction\":[{\"@type\":\"SearchAction\",\"target\":{\"@type\":\"EntryPoint\",\"urlTemplate\":\"https:\/\/genatronik.com\/en\/?s={search_term_string}\"},\"query-input\":{\"@type\":\"PropertyValueSpecification\",\"valueRequired\":true,\"valueName\":\"search_term_string\"}}],\"inLanguage\":\"de\"},{\"@type\":\"Organization\",\"@id\":\"https:\/\/genatronik.com\/en\/#organization\",\"name\":\"Genatronik\",\"url\":\"https:\/\/genatronik.com\/en\/\",\"logo\":{\"@type\":\"ImageObject\",\"inLanguage\":\"de\",\"@id\":\"https:\/\/genatronik.com\/en\/#\/schema\/logo\/image\/\",\"url\":\"https:\/\/genatronik.com\/wp-content\/uploads\/2025\/05\/genatronik_logo_header-scaled.png\",\"contentUrl\":\"https:\/\/genatronik.com\/wp-content\/uploads\/2025\/05\/genatronik_logo_header-scaled.png\",\"width\":2560,\"height\":448,\"caption\":\"Genatronik\"},\"image\":{\"@id\":\"https:\/\/genatronik.com\/en\/#\/schema\/logo\/image\/\"}}]}<\/script>\n<!-- \/ Yoast SEO plugin. -->","yoast_head_json":{"title":"Rigol DG852 Pro - Genatronik","description":"2-Kanal Funktions-\/Arbitr\u00e4rwellenformgenerator mit 1 \u03bcHz bis 50 MHz Bandbreite, 625 MSa\/s Abtastrate, 16 Bit Aufl\u00f6sung, 2 Mpts Speichertiefe (8 Mpts optional), Amplitudenbereich 1 mVpp bis 10 Vpp (hochohmig), 17,8 cm (7\") Touchdisplay.","robots":{"index":"index","follow":"follow","max-snippet":"max-snippet:-1","max-image-preview":"max-image-preview:large","max-video-preview":"max-video-preview:-1"},"canonical":"https:\/\/genatronik.com\/de\/produkt\/dg852-pro\/","og_locale":"de_DE","og_type":"article","og_title":"Rigol DG852 Pro - Genatronik","og_description":"2 channel function \/ arbitrary waveform generator with 1 \u03bcHz to 50 MHz bandwidth, 625 MSa\/s samplerate, 16 Bit resolution, 2 Mpts memory depth (8 Mpts optional), amplitude range 1 mVpp to 10 Vpp (high impedance), 17,8 cm (7\") touchdisplay.","og_url":"https:\/\/genatronik.com\/de\/produkt\/dg852-pro\/","og_site_name":"Genatronik","article_modified_time":"2025-05-13T08:47:40+00:00","og_image":[{"width":1600,"height":1200,"url":"https:\/\/genatronik.com\/wp-content\/uploads\/2024\/11\/dg800_pro-left-1600-1200.png","type":"image\/png"}],"twitter_card":"summary_large_image","twitter_misc":{"Gesch\u00e4tzte Lesezeit":"1\u00a0Minute"},"schema":{"@context":"https:\/\/schema.org","@graph":[{"@type":"WebPage","@id":"https:\/\/genatronik.com\/en\/product\/dg852-pro\/","url":"https:\/\/genatronik.com\/en\/product\/dg852-pro\/","name":"Rigol DG852 Pro - Genatronik","isPartOf":{"@id":"https:\/\/genatronik.com\/en\/#website"},"primaryImageOfPage":{"@id":"https:\/\/genatronik.com\/en\/product\/dg852-pro\/#primaryimage"},"image":{"@id":"https:\/\/genatronik.com\/en\/product\/dg852-pro\/#primaryimage"},"thumbnailUrl":"https:\/\/genatronik.com\/wp-content\/uploads\/2024\/11\/dg800_pro-left-1600-1200.png","datePublished":"2024-11-29T17:17:04+00:00","dateModified":"2025-05-13T08:47:40+00:00","description":"2-Kanal Funktions-\/Arbitr\u00e4rwellenformgenerator mit 1 \u03bcHz bis 50 MHz Bandbreite, 625 MSa\/s Abtastrate, 16 Bit Aufl\u00f6sung, 2 Mpts Speichertiefe (8 Mpts optional), Amplitudenbereich 1 mVpp bis 10 Vpp (hochohmig), 17,8 cm (7\") Touchdisplay.","breadcrumb":{"@id":"https:\/\/genatronik.com\/en\/product\/dg852-pro\/#breadcrumb"},"inLanguage":"de","potentialAction":[{"@type":"ReadAction","target":["https:\/\/genatronik.com\/en\/product\/dg852-pro\/"]}]},{"@type":"ImageObject","inLanguage":"de","@id":"https:\/\/genatronik.com\/en\/product\/dg852-pro\/#primaryimage","url":"https:\/\/genatronik.com\/wp-content\/uploads\/2024\/11\/dg800_pro-left-1600-1200.png","contentUrl":"https:\/\/genatronik.com\/wp-content\/uploads\/2024\/11\/dg800_pro-left-1600-1200.png","width":1600,"height":1200},{"@type":"BreadcrumbList","@id":"https:\/\/genatronik.com\/en\/product\/dg852-pro\/#breadcrumb","itemListElement":[{"@type":"ListItem","position":1,"name":"Home","item":"https:\/\/genatronik.com\/"},{"@type":"ListItem","position":2,"name":"Produkte","item":"https:\/\/genatronik.com\/de\/shop\/"},{"@type":"ListItem","position":3,"name":"Products","item":"https:\/\/genatronik.com\/product-category\/products\/"},{"@type":"ListItem","position":4,"name":"Test &amp; Measure","item":"https:\/\/genatronik.com\/product-category\/products\/test-measure\/"},{"@type":"ListItem","position":5,"name":"Waveform Generator","item":"https:\/\/genatronik.com\/product-category\/products\/test-measure\/waveform-generator\/"},{"@type":"ListItem","position":6,"name":"Rigol Waveform Generator","item":"https:\/\/genatronik.com\/fr\/product-category\/produits\/test-mesure\/generateur-de-forme-donde\/generateur-de-forme-donde-rigol\/"},{"@type":"ListItem","position":7,"name":"DG800 Pro","item":"https:\/\/genatronik.com\/en\/product-category\/products\/test-measure\/waveform-generator\/rigol-waveform-generator\/dg800-pro\/"},{"@type":"ListItem","position":8,"name":"Rigol DG852 Pro"}]},{"@type":"WebSite","@id":"https:\/\/genatronik.com\/en\/#website","url":"https:\/\/genatronik.com\/en\/","name":"Genatronik","description":"Fortschrittliche Ger\u00e4te. Zuverl\u00e4ssiger Service.","publisher":{"@id":"https:\/\/genatronik.com\/en\/#organization"},"potentialAction":[{"@type":"SearchAction","target":{"@type":"EntryPoint","urlTemplate":"https:\/\/genatronik.com\/en\/?s={search_term_string}"},"query-input":{"@type":"PropertyValueSpecification","valueRequired":true,"valueName":"search_term_string"}}],"inLanguage":"de"},{"@type":"Organization","@id":"https:\/\/genatronik.com\/en\/#organization","name":"Genatronik","url":"https:\/\/genatronik.com\/en\/","logo":{"@type":"ImageObject","inLanguage":"de","@id":"https:\/\/genatronik.com\/en\/#\/schema\/logo\/image\/","url":"https:\/\/genatronik.com\/wp-content\/uploads\/2025\/05\/genatronik_logo_header-scaled.png","contentUrl":"https:\/\/genatronik.com\/wp-content\/uploads\/2025\/05\/genatronik_logo_header-scaled.png","width":2560,"height":448,"caption":"Genatronik"},"image":{"@id":"https:\/\/genatronik.com\/en\/#\/schema\/logo\/image\/"}}]}},"uagb_featured_image_src":{"full":["https:\/\/genatronik.com\/wp-content\/uploads\/2024\/11\/dg800_pro-left-1600-1200.png",1600,1200,false],"thumbnail":["https:\/\/genatronik.com\/wp-content\/uploads\/2024\/11\/dg800_pro-left-1600-1200.png",150,113,false],"medium":["https:\/\/genatronik.com\/wp-content\/uploads\/2024\/11\/dg800_pro-left-1600-1200.png",300,225,false],"medium_large":["https:\/\/genatronik.com\/wp-content\/uploads\/2024\/11\/dg800_pro-left-1600-1200.png",768,576,false],"large":["https:\/\/genatronik.com\/wp-content\/uploads\/2024\/11\/dg800_pro-left-1600-1200.png",1024,768,false],"1536x1536":["https:\/\/genatronik.com\/wp-content\/uploads\/2024\/11\/dg800_pro-left-1600-1200.png",1536,1152,false],"2048x2048":["https:\/\/genatronik.com\/wp-content\/uploads\/2024\/11\/dg800_pro-left-1600-1200.png",1600,1200,false],"trp-custom-language-flag":["https:\/\/genatronik.com\/wp-content\/uploads\/2024\/11\/dg800_pro-left-1600-1200.png",16,12,false],"tp-image-grid":["https:\/\/genatronik.com\/wp-content\/uploads\/2024\/11\/dg800_pro-left-1600-1200.png",700,525,false],"woocommerce_thumbnail":["https:\/\/genatronik.com\/wp-content\/uploads\/2024\/11\/dg800_pro-left-1600-1200.png",300,225,false],"woocommerce_single":["https:\/\/genatronik.com\/wp-content\/uploads\/2024\/11\/dg800_pro-left-1600-1200.png",600,450,false],"woocommerce_gallery_thumbnail":["https:\/\/genatronik.com\/wp-content\/uploads\/2024\/11\/dg800_pro-left-1600-1200-100x100.png",100,100,true]},"uagb_author_info":{"display_name":"guanyuan zhu","author_link":"https:\/\/genatronik.com\/de\/author\/"},"uagb_comment_info":0,"uagb_excerpt":"2 channel function \/ arbitrary waveform generator with 1 \u03bcHz to 50 MHz bandwidth, 625 MSa\/s samplerate, 16 Bit resolution, 2 Mpts memory depth (8 Mpts optional), amplitude range 1 mVpp to 10 Vpp (high impedance), 17,8 cm (7\") touchdisplay.","jetpack_sharing_enabled":true,"_links":{"self":[{"href":"https:\/\/genatronik.com\/de\/wp-json\/wp\/v2\/product\/2531","targetHints":{"allow":["GET"]}}],"collection":[{"href":"https:\/\/genatronik.com\/de\/wp-json\/wp\/v2\/product"}],"about":[{"href":"https:\/\/genatronik.com\/de\/wp-json\/wp\/v2\/types\/product"}],"replies":[{"embeddable":true,"href":"https:\/\/genatronik.com\/de\/wp-json\/wp\/v2\/comments?post=2531"}],"version-history":[{"count":4,"href":"https:\/\/genatronik.com\/de\/wp-json\/wp\/v2\/product\/2531\/revisions"}],"predecessor-version":[{"id":3727,"href":"https:\/\/genatronik.com\/de\/wp-json\/wp\/v2\/product\/2531\/revisions\/3727"}],"wp:featuredmedia":[{"embeddable":true,"href":"https:\/\/genatronik.com\/de\/wp-json\/wp\/v2\/media\/3725"}],"wp:attachment":[{"href":"https:\/\/genatronik.com\/de\/wp-json\/wp\/v2\/media?parent=2531"}],"wp:term":[{"taxonomy":"product_brand","embeddable":true,"href":"https:\/\/genatronik.com\/de\/wp-json\/wp\/v2\/product_brand?post=2531"},{"taxonomy":"product_cat","embeddable":true,"href":"https:\/\/genatronik.com\/de\/wp-json\/wp\/v2\/product_cat?post=2531"},{"taxonomy":"product_tag","embeddable":true,"href":"https:\/\/genatronik.com\/de\/wp-json\/wp\/v2\/product_tag?post=2531"}],"curies":[{"name":"wp","href":"https:\/\/api.w.org\/{rel}","templated":true}]}}