{"id":2499,"date":"2024-11-30T00:33:18","date_gmt":"2024-11-29T16:33:18","guid":{"rendered":"https:\/\/genatronik.com\/?post_type=product&#038;p=2499"},"modified":"2025-05-13T10:57:28","modified_gmt":"2025-05-13T08:57:28","slug":"dg4202","status":"publish","type":"product","link":"https:\/\/genatronik.com\/de\/produkt\/dg4202\/","title":{"rendered":"Rigol DG4202"},"content":{"rendered":"<ul>\n<li>200MHz maximale Ausgangsfrequenz (f\u00fcr Sinus), 500MSa\/s Abtastrate, 14bits vertikale Aufl\u00f6sung.<\/li>\n<li>Stellen Sie die Phasen der beiden Kan\u00e4le genau ein.<\/li>\n<li>Unterst\u00fctzung eines externen Leistungsverst\u00e4rkermoduls (Option) mit Online-Konfigurationsfunktion.<\/li>\n<li>150 Wellenformen oder Funktionen: Sinus, Rechteck, Rampe, Impuls, Rauschen, Sinc, Exponentialer Anstieg, Exponentialer Abfall, EKG, Gau\u00df, Haversinus, Lorentz, Doppelton, Oberwellen, Videosignal, Radarsignal, Gleichstrom usw.<\/li>\n<li>Erm\u00f6glicht die Bearbeitung von 16kpts Arbitr\u00e4rsignalen und unterst\u00fctzt die punktweise Ausgabe von Arbitr\u00e4rsignalen.<\/li>\n<li>Anstiegszeit und Abfallzeit des Impulses k\u00f6nnen separat eingestellt werden.<\/li>\n<li>Erm\u00f6glicht die Ausgabe von Oberschwingungen mit festgelegter Ordnung und Amplitude und erm\u00f6glicht die Ausgabe von Oberschwingungen bis zur 16.<\/li>\n<li>Unterst\u00fctzung f\u00fcr die \u00dcberlagerung von Gau\u00df-Rauschen mit Grundwellenformen.<\/li>\n<li>Verschiedene Modulationsarten: AM, FM, PM, ASK, FSK, PSK, BPSK, QPSK, 3FSK, 4FSK, OSK und PWM-Modulationen.<br \/>\nUnterst\u00fctzt Frequenzsweep und Burst-Ausgang.<\/li>\n<li>Zwei Kan\u00e4le k\u00f6nnen interne\/externe Modulation und interne\/externe\/manuelle Triggerung getrennt oder gleichzeitig ausf\u00fchren.<\/li>\n<li>Sie verwenden die DDS-Technologie (Direct Digital Synthesizer) und liefern stabile, pr\u00e4zise, reine und verzerrungsarme Signale.<\/li>\n<li>7 Zoll, 16M True Color TFT LCD, das die Parameter und Grafiken der beiden Kan\u00e4le gleichzeitig anzeigt.<\/li>\n<li>Zwei Kan\u00e4le k\u00f6nnen das Sync-Signal getrennt oder gleichzeitig ausgeben.<\/li>\n<li>M\u00f6glichkeit, Frequenz-, Phasen- und Amplitudenkopplung separat oder gleichzeitig zu aktivieren.<\/li>\n<li>Verf\u00fcgt \u00fcber einen Z\u00e4hler mit 7 Stellen\/s und 200 MHz; erm\u00f6glicht die Messung verschiedener Parameter des externen Signals wie Frequenz, Periode, Tastverh\u00e4ltnis, positive und negative Impulsbreite; bietet eine Statistikfunktion der Messergebnisse.<\/li>\n<li>Unterst\u00fctzung von Wellenform- und Statuskopien zwischen Kan\u00e4len.<\/li>\n<li>Erm\u00f6glicht das Speichern und Abrufen beliebiger Kurvenformdateien und Ger\u00e4testatusdateien; unterst\u00fctzt verschiedene Dateitypen.<\/li>\n<li>Zahlreiche Standardschnittstellen: USB-Host, USB-Ger\u00e4t und LAN.<\/li>\n<li>Vielf\u00e4ltige E\/A: Wellenformausgang, Synchronsignalausgang, Modulationseingang, 10-MHz-Takteingang\/-ausgang und Triggereingang\/-ausgang.<\/li>\n<li>Unterst\u00fctzt FAT32-formatierte USB-Speicherger\u00e4te (Flash-Typ).<\/li>\n<li>Unterst\u00fctzt 10\/100M Ethernet Web; Benutzer k\u00f6nnen das Ger\u00e4t \u00fcber das Web fernsteuern.<\/li>\n<li>Entspricht den Normen f\u00fcr LXI Core 2011 Device-Ger\u00e4te.<\/li>\n<li>Bereitstellung chinesischer und englischer Hilfeinformationen, Eingabeaufforderungen und Schnittstellenanzeige.<\/li>\n<li>Leistungsstarke PC-Software zur Wellenformbearbeitung (Ultra Station).<\/li>\n<li>Loch f\u00fcr Sicherheitsschloss vorsehen.<\/li>\n<\/ul>","protected":false},"excerpt":{"rendered":"<p>2-Kanal Funktions-\/Arbitr\u00e4rwellenformgenerator mit 1 \u03bcHz bis 200 MHz Bandbreite, 500 MSa\/s Abtastrate, 14 Bit Aufl\u00f6sung, 16 kpts Speichertiefe, Amplitudenbereich 1 mVpp bis 10 Vpp (hochohmig), 17,8 cm (7\u2033) Display.<\/p>","protected":false},"featured_media":3758,"comment_status":"open","ping_status":"closed","template":"","meta":{"_surecart_dashboard_logo_width":"180px","_surecart_dashboard_show_logo":true,"_surecart_dashboard_navigation_orders":true,"_surecart_dashboard_navigation_invoices":true,"_surecart_dashboard_navigation_subscriptions":true,"_surecart_dashboard_navigation_downloads":true,"_surecart_dashboard_navigation_billing":true,"_surecart_dashboard_navigation_account":true,"_uag_custom_page_level_css":"","site-sidebar-layout":"default","site-content-layout":"","ast-site-content-layout":"default","site-content-style":"default","site-sidebar-style":"default","ast-global-header-display":"","ast-banner-title-visibility":"","ast-main-header-display":"","ast-hfb-above-header-display":"","ast-hfb-below-header-display":"","ast-hfb-mobile-header-display":"","site-post-title":"","ast-breadcrumbs-content":"","ast-featured-img":"","footer-sml-layout":"","ast-disable-related-posts":"","theme-transparent-header-meta":"default","adv-header-id-meta":"","stick-header-meta":"default","header-above-stick-meta":"","header-main-stick-meta":"","header-below-stick-meta":"","astra-migrate-meta-layouts":"set","ast-page-background-enabled":"default","ast-page-background-meta":{"desktop":{"background-color":"var(--ast-global-color-4)","background-image":"","background-repeat":"repeat","background-position":"center center","background-size":"auto","background-attachment":"scroll","background-type":"","background-media":"","overlay-type":"","overlay-color":"","overlay-opacity":"","overlay-gradient":""},"tablet":{"background-color":"","background-image":"","background-repeat":"repeat","background-position":"center center","background-size":"auto","background-attachment":"scroll","background-type":"","background-media":"","overlay-type":"","overlay-color":"","overlay-opacity":"","overlay-gradient":""},"mobile":{"background-color":"","background-image":"","background-repeat":"repeat","background-position":"center center","background-size":"auto","background-attachment":"scroll","background-type":"","background-media":"","overlay-type":"","overlay-color":"","overlay-opacity":"","overlay-gradient":""}},"ast-content-background-meta":{"desktop":{"background-color":"var(--ast-global-color-5)","background-image":"","background-repeat":"repeat","background-position":"center center","background-size":"auto","background-attachment":"scroll","background-type":"","background-media":"","overlay-type":"","overlay-color":"","overlay-opacity":"","overlay-gradient":""},"tablet":{"background-color":"var(--ast-global-color-5)","background-image":"","background-repeat":"repeat","background-position":"center center","background-size":"auto","background-attachment":"scroll","background-type":"","background-media":"","overlay-type":"","overlay-color":"","overlay-opacity":"","overlay-gradient":""},"mobile":{"background-color":"var(--ast-global-color-5)","background-image":"","background-repeat":"repeat","background-position":"center center","background-size":"auto","background-attachment":"scroll","background-type":"","background-media":"","overlay-type":"","overlay-color":"","overlay-opacity":"","overlay-gradient":""}}},"product_brand":[],"product_cat":[38,44,108,52],"product_tag":[],"class_list":{"0":"post-2499","1":"product","2":"type-product","3":"status-publish","4":"has-post-thumbnail","6":"product_cat-test-measure","7":"product_cat-waveform-generator","8":"product_cat-rigol-waveform-generator","9":"product_cat-dg4000","10":"desktop-align-left","11":"tablet-align-left","12":"mobile-align-left","13":"ast-product-gallery-layout-horizontal-slider","14":"ast-product-gallery-with-no-image","15":"ast-product-tabs-layout-horizontal","17":"first","18":"instock","19":"taxable","20":"shipping-taxable","21":"purchasable","22":"product-type-simple"},"yoast_head":"<!-- This site is optimized with the Yoast SEO plugin v26.2 - https:\/\/yoast.com\/wordpress\/plugins\/seo\/ -->\n<title>Rigol DG4202 - Genatronik<\/title>\n<meta name=\"description\" content=\"2 channel function \/ arbitrary waveform generator with 1 \u03bcHz to 200 MHz bandwidth, 500 MSa\/s samplerate, 14 Bit resolution, 16 kpts memory depth, amplitude range 1 mVpp to 10 Vpp (high impedance), 17.8 cm (7&quot;) display.\" \/>\n<meta name=\"robots\" content=\"index, follow, max-snippet:-1, max-image-preview:large, max-video-preview:-1\" \/>\n<link rel=\"canonical\" href=\"https:\/\/genatronik.com\/de\/produkt\/dg4202\/\" \/>\n<meta property=\"og:locale\" content=\"de_DE\" \/>\n<meta property=\"og:type\" content=\"article\" \/>\n<meta property=\"og:title\" content=\"Rigol DG4202 - Genatronik\" \/>\n<meta property=\"og:description\" content=\"2 channel function \/ arbitrary waveform generator with 1 \u03bcHz to 200 MHz bandwidth, 500 MSa\/s samplerate, 14 Bit resolution, 16 kpts memory depth, amplitude range 1 mVpp to 10 Vpp (high impedance), 17.8 cm (7&quot;) display.\" \/>\n<meta property=\"og:url\" content=\"https:\/\/genatronik.com\/de\/produkt\/dg4202\/\" \/>\n<meta property=\"og:site_name\" content=\"Genatronik\" \/>\n<meta property=\"article:modified_time\" content=\"2025-05-13T08:57:28+00:00\" \/>\n<meta property=\"og:image\" content=\"https:\/\/genatronik.com\/wp-content\/uploads\/2024\/11\/DG4202-Front-1600-1200.png\" \/>\n\t<meta property=\"og:image:width\" content=\"1600\" \/>\n\t<meta property=\"og:image:height\" content=\"1200\" \/>\n\t<meta property=\"og:image:type\" content=\"image\/png\" \/>\n<meta name=\"twitter:card\" content=\"summary_large_image\" \/>\n<meta name=\"twitter:label1\" content=\"Gesch\u00e4tzte Lesezeit\" \/>\n\t<meta name=\"twitter:data1\" content=\"2\u00a0Minuten\" \/>\n<script type=\"application\/ld+json\" class=\"yoast-schema-graph\">{\"@context\":\"https:\/\/schema.org\",\"@graph\":[{\"@type\":\"WebPage\",\"@id\":\"https:\/\/genatronik.com\/en\/product\/dg4202\/\",\"url\":\"https:\/\/genatronik.com\/en\/product\/dg4202\/\",\"name\":\"Rigol DG4202 - Genatronik\",\"isPartOf\":{\"@id\":\"https:\/\/genatronik.com\/en\/#website\"},\"primaryImageOfPage\":{\"@id\":\"https:\/\/genatronik.com\/en\/product\/dg4202\/#primaryimage\"},\"image\":{\"@id\":\"https:\/\/genatronik.com\/en\/product\/dg4202\/#primaryimage\"},\"thumbnailUrl\":\"https:\/\/genatronik.com\/wp-content\/uploads\/2024\/11\/DG4202-Front-1600-1200.png\",\"datePublished\":\"2024-11-29T16:33:18+00:00\",\"dateModified\":\"2025-05-13T08:57:28+00:00\",\"description\":\"2 channel function \/ arbitrary waveform generator with 1 \u03bcHz to 200 MHz bandwidth, 500 MSa\/s samplerate, 14 Bit resolution, 16 kpts memory depth, amplitude range 1 mVpp to 10 Vpp (high impedance), 17.8 cm (7\\\") display.\",\"breadcrumb\":{\"@id\":\"https:\/\/genatronik.com\/en\/product\/dg4202\/#breadcrumb\"},\"inLanguage\":\"de\",\"potentialAction\":[{\"@type\":\"ReadAction\",\"target\":[\"https:\/\/genatronik.com\/en\/product\/dg4202\/\"]}]},{\"@type\":\"ImageObject\",\"inLanguage\":\"de\",\"@id\":\"https:\/\/genatronik.com\/en\/product\/dg4202\/#primaryimage\",\"url\":\"https:\/\/genatronik.com\/wp-content\/uploads\/2024\/11\/DG4202-Front-1600-1200.png\",\"contentUrl\":\"https:\/\/genatronik.com\/wp-content\/uploads\/2024\/11\/DG4202-Front-1600-1200.png\",\"width\":1600,\"height\":1200},{\"@type\":\"BreadcrumbList\",\"@id\":\"https:\/\/genatronik.com\/en\/product\/dg4202\/#breadcrumb\",\"itemListElement\":[{\"@type\":\"ListItem\",\"position\":1,\"name\":\"Home\",\"item\":\"https:\/\/genatronik.com\/\"},{\"@type\":\"ListItem\",\"position\":2,\"name\":\"Produkte\",\"item\":\"https:\/\/genatronik.com\/de\/shop\/\"},{\"@type\":\"ListItem\",\"position\":3,\"name\":\"Products\",\"item\":\"https:\/\/genatronik.com\/product-category\/products\/\"},{\"@type\":\"ListItem\",\"position\":4,\"name\":\"Test &amp; Measure\",\"item\":\"https:\/\/genatronik.com\/product-category\/products\/test-measure\/\"},{\"@type\":\"ListItem\",\"position\":5,\"name\":\"Waveform Generator\",\"item\":\"https:\/\/genatronik.com\/product-category\/products\/test-measure\/waveform-generator\/\"},{\"@type\":\"ListItem\",\"position\":6,\"name\":\"Rigol Waveform Generator\",\"item\":\"https:\/\/genatronik.com\/fr\/product-category\/produits\/test-mesure\/generateur-de-forme-donde\/generateur-de-forme-donde-rigol\/\"},{\"@type\":\"ListItem\",\"position\":7,\"name\":\"DG4000\",\"item\":\"https:\/\/genatronik.com\/en\/product-category\/products\/test-measure\/waveform-generator\/rigol-waveform-generator\/dg4000\/\"},{\"@type\":\"ListItem\",\"position\":8,\"name\":\"Rigol DG4202\"}]},{\"@type\":\"WebSite\",\"@id\":\"https:\/\/genatronik.com\/en\/#website\",\"url\":\"https:\/\/genatronik.com\/en\/\",\"name\":\"Genatronik\",\"description\":\"Advanced Devices. Reliable Service.\",\"publisher\":{\"@id\":\"https:\/\/genatronik.com\/en\/#organization\"},\"potentialAction\":[{\"@type\":\"SearchAction\",\"target\":{\"@type\":\"EntryPoint\",\"urlTemplate\":\"https:\/\/genatronik.com\/en\/?s={search_term_string}\"},\"query-input\":{\"@type\":\"PropertyValueSpecification\",\"valueRequired\":true,\"valueName\":\"search_term_string\"}}],\"inLanguage\":\"de\"},{\"@type\":\"Organization\",\"@id\":\"https:\/\/genatronik.com\/en\/#organization\",\"name\":\"Genatronik\",\"url\":\"https:\/\/genatronik.com\/en\/\",\"logo\":{\"@type\":\"ImageObject\",\"inLanguage\":\"de\",\"@id\":\"https:\/\/genatronik.com\/en\/#\/schema\/logo\/image\/\",\"url\":\"https:\/\/genatronik.com\/wp-content\/uploads\/2025\/05\/genatronik_logo_header-scaled.png\",\"contentUrl\":\"https:\/\/genatronik.com\/wp-content\/uploads\/2025\/05\/genatronik_logo_header-scaled.png\",\"width\":2560,\"height\":448,\"caption\":\"Genatronik\"},\"image\":{\"@id\":\"https:\/\/genatronik.com\/en\/#\/schema\/logo\/image\/\"}}]}<\/script>\n<!-- \/ Yoast SEO plugin. -->","yoast_head_json":{"title":"Rigol DG4202 - Generatortechnik","description":"2-Kanal Funktions-\/Arbitr\u00e4rsignalgenerator mit 1 \u00b5Hz bis 200 MHz Bandbreite, 500 MSa\/s Abtastrate, 14 Bit Aufl\u00f6sung, 16 kpts Speichertiefe, Amplitudenbereich 1 mVpp bis 10 Vpp (hohe Impedanz), 17,8 cm (7\") Display.","robots":{"index":"index","follow":"follow","max-snippet":"max-snippet:-1","max-image-preview":"max-image-preview:large","max-video-preview":"max-video-preview:-1"},"canonical":"https:\/\/genatronik.com\/de\/produkt\/dg4202\/","og_locale":"de_DE","og_type":"article","og_title":"Rigol DG4202 - Genatronik","og_description":"2 channel function \/ arbitrary waveform generator with 1 \u03bcHz to 200 MHz bandwidth, 500 MSa\/s samplerate, 14 Bit resolution, 16 kpts memory depth, amplitude range 1 mVpp to 10 Vpp (high impedance), 17.8 cm (7\") display.","og_url":"https:\/\/genatronik.com\/de\/produkt\/dg4202\/","og_site_name":"Genatronik","article_modified_time":"2025-05-13T08:57:28+00:00","og_image":[{"width":1600,"height":1200,"url":"https:\/\/genatronik.com\/wp-content\/uploads\/2024\/11\/DG4202-Front-1600-1200.png","type":"image\/png"}],"twitter_card":"summary_large_image","twitter_misc":{"Gesch\u00e4tzte Lesezeit":"2\u00a0Minuten"},"schema":{"@context":"https:\/\/schema.org","@graph":[{"@type":"WebPage","@id":"https:\/\/genatronik.com\/en\/product\/dg4202\/","url":"https:\/\/genatronik.com\/en\/product\/dg4202\/","name":"Rigol DG4202 - Generatortechnik","isPartOf":{"@id":"https:\/\/genatronik.com\/en\/#website"},"primaryImageOfPage":{"@id":"https:\/\/genatronik.com\/en\/product\/dg4202\/#primaryimage"},"image":{"@id":"https:\/\/genatronik.com\/en\/product\/dg4202\/#primaryimage"},"thumbnailUrl":"https:\/\/genatronik.com\/wp-content\/uploads\/2024\/11\/DG4202-Front-1600-1200.png","datePublished":"2024-11-29T16:33:18+00:00","dateModified":"2025-05-13T08:57:28+00:00","description":"2-Kanal Funktions-\/Arbitr\u00e4rsignalgenerator mit 1 \u00b5Hz bis 200 MHz Bandbreite, 500 MSa\/s Abtastrate, 14 Bit Aufl\u00f6sung, 16 kpts Speichertiefe, Amplitudenbereich 1 mVpp bis 10 Vpp (hohe Impedanz), 17,8 cm (7\") Display.","breadcrumb":{"@id":"https:\/\/genatronik.com\/en\/product\/dg4202\/#breadcrumb"},"inLanguage":"de","potentialAction":[{"@type":"ReadAction","target":["https:\/\/genatronik.com\/en\/product\/dg4202\/"]}]},{"@type":"ImageObject","inLanguage":"de","@id":"https:\/\/genatronik.com\/en\/product\/dg4202\/#primaryimage","url":"https:\/\/genatronik.com\/wp-content\/uploads\/2024\/11\/DG4202-Front-1600-1200.png","contentUrl":"https:\/\/genatronik.com\/wp-content\/uploads\/2024\/11\/DG4202-Front-1600-1200.png","width":1600,"height":1200},{"@type":"BreadcrumbList","@id":"https:\/\/genatronik.com\/en\/product\/dg4202\/#breadcrumb","itemListElement":[{"@type":"ListItem","position":1,"name":"Home","item":"https:\/\/genatronik.com\/"},{"@type":"ListItem","position":2,"name":"Produkte","item":"https:\/\/genatronik.com\/de\/shop\/"},{"@type":"ListItem","position":3,"name":"Products","item":"https:\/\/genatronik.com\/product-category\/products\/"},{"@type":"ListItem","position":4,"name":"Test &amp; Measure","item":"https:\/\/genatronik.com\/product-category\/products\/test-measure\/"},{"@type":"ListItem","position":5,"name":"Waveform Generator","item":"https:\/\/genatronik.com\/product-category\/products\/test-measure\/waveform-generator\/"},{"@type":"ListItem","position":6,"name":"Rigol Waveform Generator","item":"https:\/\/genatronik.com\/fr\/product-category\/produits\/test-mesure\/generateur-de-forme-donde\/generateur-de-forme-donde-rigol\/"},{"@type":"ListItem","position":7,"name":"DG4000","item":"https:\/\/genatronik.com\/en\/product-category\/products\/test-measure\/waveform-generator\/rigol-waveform-generator\/dg4000\/"},{"@type":"ListItem","position":8,"name":"Rigol DG4202"}]},{"@type":"WebSite","@id":"https:\/\/genatronik.com\/en\/#website","url":"https:\/\/genatronik.com\/en\/","name":"Genatronik","description":"Fortschrittliche Ger\u00e4te. Zuverl\u00e4ssiger Service.","publisher":{"@id":"https:\/\/genatronik.com\/en\/#organization"},"potentialAction":[{"@type":"SearchAction","target":{"@type":"EntryPoint","urlTemplate":"https:\/\/genatronik.com\/en\/?s={search_term_string}"},"query-input":{"@type":"PropertyValueSpecification","valueRequired":true,"valueName":"search_term_string"}}],"inLanguage":"de"},{"@type":"Organization","@id":"https:\/\/genatronik.com\/en\/#organization","name":"Genatronik","url":"https:\/\/genatronik.com\/en\/","logo":{"@type":"ImageObject","inLanguage":"de","@id":"https:\/\/genatronik.com\/en\/#\/schema\/logo\/image\/","url":"https:\/\/genatronik.com\/wp-content\/uploads\/2025\/05\/genatronik_logo_header-scaled.png","contentUrl":"https:\/\/genatronik.com\/wp-content\/uploads\/2025\/05\/genatronik_logo_header-scaled.png","width":2560,"height":448,"caption":"Genatronik"},"image":{"@id":"https:\/\/genatronik.com\/en\/#\/schema\/logo\/image\/"}}]}},"uagb_featured_image_src":{"full":["https:\/\/genatronik.com\/wp-content\/uploads\/2024\/11\/DG4202-Front-1600-1200.png",1600,1200,false],"thumbnail":["https:\/\/genatronik.com\/wp-content\/uploads\/2024\/11\/DG4202-Front-1600-1200.png",150,113,false],"medium":["https:\/\/genatronik.com\/wp-content\/uploads\/2024\/11\/DG4202-Front-1600-1200.png",300,225,false],"medium_large":["https:\/\/genatronik.com\/wp-content\/uploads\/2024\/11\/DG4202-Front-1600-1200.png",768,576,false],"large":["https:\/\/genatronik.com\/wp-content\/uploads\/2024\/11\/DG4202-Front-1600-1200.png",1024,768,false],"1536x1536":["https:\/\/genatronik.com\/wp-content\/uploads\/2024\/11\/DG4202-Front-1600-1200.png",1536,1152,false],"2048x2048":["https:\/\/genatronik.com\/wp-content\/uploads\/2024\/11\/DG4202-Front-1600-1200.png",1600,1200,false],"trp-custom-language-flag":["https:\/\/genatronik.com\/wp-content\/uploads\/2024\/11\/DG4202-Front-1600-1200.png",16,12,false],"tp-image-grid":["https:\/\/genatronik.com\/wp-content\/uploads\/2024\/11\/DG4202-Front-1600-1200.png",700,525,false],"woocommerce_thumbnail":["https:\/\/genatronik.com\/wp-content\/uploads\/2024\/11\/DG4202-Front-1600-1200.png",300,225,false],"woocommerce_single":["https:\/\/genatronik.com\/wp-content\/uploads\/2024\/11\/DG4202-Front-1600-1200.png",600,450,false],"woocommerce_gallery_thumbnail":["https:\/\/genatronik.com\/wp-content\/uploads\/2024\/11\/DG4202-Front-1600-1200-100x100.png",100,100,true]},"uagb_author_info":{"display_name":"guanyuan zhu","author_link":"https:\/\/genatronik.com\/de\/author\/"},"uagb_comment_info":0,"uagb_excerpt":"2 channel function \/ arbitrary waveform generator with 1 \u03bcHz to 200 MHz bandwidth, 500 MSa\/s samplerate, 14 Bit resolution, 16 kpts memory depth, amplitude range 1 mVpp to 10 Vpp (high impedance), 17.8 cm (7\") display.","jetpack_sharing_enabled":true,"_links":{"self":[{"href":"https:\/\/genatronik.com\/de\/wp-json\/wp\/v2\/product\/2499","targetHints":{"allow":["GET"]}}],"collection":[{"href":"https:\/\/genatronik.com\/de\/wp-json\/wp\/v2\/product"}],"about":[{"href":"https:\/\/genatronik.com\/de\/wp-json\/wp\/v2\/types\/product"}],"replies":[{"embeddable":true,"href":"https:\/\/genatronik.com\/de\/wp-json\/wp\/v2\/comments?post=2499"}],"version-history":[{"count":5,"href":"https:\/\/genatronik.com\/de\/wp-json\/wp\/v2\/product\/2499\/revisions"}],"predecessor-version":[{"id":3759,"href":"https:\/\/genatronik.com\/de\/wp-json\/wp\/v2\/product\/2499\/revisions\/3759"}],"wp:featuredmedia":[{"embeddable":true,"href":"https:\/\/genatronik.com\/de\/wp-json\/wp\/v2\/media\/3758"}],"wp:attachment":[{"href":"https:\/\/genatronik.com\/de\/wp-json\/wp\/v2\/media?parent=2499"}],"wp:term":[{"taxonomy":"product_brand","embeddable":true,"href":"https:\/\/genatronik.com\/de\/wp-json\/wp\/v2\/product_brand?post=2499"},{"taxonomy":"product_cat","embeddable":true,"href":"https:\/\/genatronik.com\/de\/wp-json\/wp\/v2\/product_cat?post=2499"},{"taxonomy":"product_tag","embeddable":true,"href":"https:\/\/genatronik.com\/de\/wp-json\/wp\/v2\/product_tag?post=2499"}],"curies":[{"name":"wp","href":"https:\/\/api.w.org\/{rel}","templated":true}]}}