{"id":2481,"date":"2024-11-29T23:54:31","date_gmt":"2024-11-29T15:54:31","guid":{"rendered":"https:\/\/genatronik.com\/?post_type=product&#038;p=2481"},"modified":"2025-05-13T11:02:00","modified_gmt":"2025-05-13T09:02:00","slug":"ds1054z","status":"publish","type":"product","link":"https:\/\/genatronik.com\/de\/produkt\/ds1054z\/","title":{"rendered":"Rigol DS1054Z"},"content":{"rendered":"<ul>\n<li>Analogkanal-Bandbreite: 50 MHz<\/li>\n<li>4 analoge Kan\u00e4le<\/li>\n<li>Echtzeit-Abtastrate bis zu 1 GSa\/s<\/li>\n<li>Speichertiefe bis zu 24 Mpts<\/li>\n<li>Wellenform-Erfassungsrate von bis zu 30.000 wfms\/s<\/li>\n<li>Bis zu 60.000 Frames Hardware-Echtzeit-Wellenform-Aufnahme- und Wiedergabefunktionen<\/li>\n<li>Innovative \"UltraVision\"-Technologie<\/li>\n<li>Verschiedene Trigger- und Busdecodierungsfunktionen Geringes Grundrauschen, vertikaler Skalenbereich: 1 mV\/Div bis 10 V\/Div<\/li>\n<li>Verschiedene Schnittstellen: USB Host&amp;Ger\u00e4t, LAN (LXI), AUX<\/li>\n<li>Kompakte Gr\u00f6\u00dfe, geringes Gewicht, einfach zu bedienen<\/li>\n<li>7-Zoll-WVGA-TFT-LCD (800\u00d7480), intensit\u00e4tsabgestuftes Farbdisplay<\/li>\n<\/ul>","protected":false},"excerpt":{"rendered":"<p><span data-sheets-value=\"{&quot;1&quot;:2,&quot;2&quot;:&quot;Analog channel bandwidth: 50 MHz, 4 analog channel, 1 GSa\/s, Memory depth up to 24 Mpts, Up to 30,000 wfms\/s waveform capture rate, Trigger and Decoding options are permanent free installed, UltraVision, USB Host&amp;Device, LAN (LXI), AUX, 7-inch WVGA (800x480) TFT LCD Display&quot;}\" data-sheets-userformat=\"{&quot;2&quot;:8961,&quot;3&quot;:{&quot;1&quot;:0},&quot;11&quot;:4,&quot;12&quot;:0,&quot;16&quot;:10}\">Analoge Kanalbandbreite: 50 MHz, 4 analoge Kan\u00e4le, 1 GSa\/s, Speichertiefe bis zu 24 Mpts, Wellenformerfassungsrate bis zu 30.000 wfms\/s, Trigger- und Dekodieroptionen sind fest installiert, UltraVision, USB Host&amp;Device, LAN (LXI), AUX, 7-Zoll WVGA (800\u00d7480) TFT LCD Display, EU Kabel<\/span><\/p>\n<p>&nbsp;<\/p>","protected":false},"featured_media":3671,"comment_status":"open","ping_status":"closed","template":"","meta":{"_surecart_dashboard_logo_width":"180px","_surecart_dashboard_show_logo":true,"_surecart_dashboard_navigation_orders":true,"_surecart_dashboard_navigation_invoices":true,"_surecart_dashboard_navigation_subscriptions":true,"_surecart_dashboard_navigation_downloads":true,"_surecart_dashboard_navigation_billing":true,"_surecart_dashboard_navigation_account":true,"_uag_custom_page_level_css":"","site-sidebar-layout":"default","site-content-layout":"","ast-site-content-layout":"default","site-content-style":"default","site-sidebar-style":"default","ast-global-header-display":"","ast-banner-title-visibility":"","ast-main-header-display":"","ast-hfb-above-header-display":"","ast-hfb-below-header-display":"","ast-hfb-mobile-header-display":"","site-post-title":"","ast-breadcrumbs-content":"","ast-featured-img":"","footer-sml-layout":"","ast-disable-related-posts":"","theme-transparent-header-meta":"default","adv-header-id-meta":"","stick-header-meta":"default","header-above-stick-meta":"","header-main-stick-meta":"","header-below-stick-meta":"","astra-migrate-meta-layouts":"set","ast-page-background-enabled":"default","ast-page-background-meta":{"desktop":{"background-color":"var(--ast-global-color-4)","background-image":"","background-repeat":"repeat","background-position":"center center","background-size":"auto","background-attachment":"scroll","background-type":"","background-media":"","overlay-type":"","overlay-color":"","overlay-opacity":"","overlay-gradient":""},"tablet":{"background-color":"","background-image":"","background-repeat":"repeat","background-position":"center center","background-size":"auto","background-attachment":"scroll","background-type":"","background-media":"","overlay-type":"","overlay-color":"","overlay-opacity":"","overlay-gradient":""},"mobile":{"background-color":"","background-image":"","background-repeat":"repeat","background-position":"center center","background-size":"auto","background-attachment":"scroll","background-type":"","background-media":"","overlay-type":"","overlay-color":"","overlay-opacity":"","overlay-gradient":""}},"ast-content-background-meta":{"desktop":{"background-color":"var(--ast-global-color-5)","background-image":"","background-repeat":"repeat","background-position":"center center","background-size":"auto","background-attachment":"scroll","background-type":"","background-media":"","overlay-type":"","overlay-color":"","overlay-opacity":"","overlay-gradient":""},"tablet":{"background-color":"var(--ast-global-color-5)","background-image":"","background-repeat":"repeat","background-position":"center center","background-size":"auto","background-attachment":"scroll","background-type":"","background-media":"","overlay-type":"","overlay-color":"","overlay-opacity":"","overlay-gradient":""},"mobile":{"background-color":"var(--ast-global-color-5)","background-image":"","background-repeat":"repeat","background-position":"center center","background-size":"auto","background-attachment":"scroll","background-type":"","background-media":"","overlay-type":"","overlay-color":"","overlay-opacity":"","overlay-gradient":""}}},"product_brand":[],"product_cat":[38,41,103,71],"product_tag":[],"class_list":{"0":"post-2481","1":"product","2":"type-product","3":"status-publish","4":"has-post-thumbnail","6":"product_cat-test-measure","7":"product_cat-oscilloscope","8":"product_cat-rigol-oscilloscope","9":"product_cat-ds1000z","10":"desktop-align-left","11":"tablet-align-left","12":"mobile-align-left","13":"ast-product-gallery-layout-horizontal-slider","14":"ast-product-gallery-with-no-image","15":"ast-product-tabs-layout-horizontal","17":"first","18":"instock","19":"sale","20":"taxable","21":"shipping-taxable","22":"purchasable","23":"product-type-simple"},"yoast_head":"<!-- This site is optimized with the Yoast SEO plugin v26.2 - https:\/\/yoast.com\/wordpress\/plugins\/seo\/ -->\n<title>Rigol DS1054Z - Genatronik<\/title>\n<meta name=\"description\" content=\"The Rigol DS1000Z Plus Oscilloscopes feature 4 channels and professional measurement functions at value pricing, making them attractive for educational and private use. All devices are equipped with the same well constructed and intuitive operational menu providing extensive functions as found in bigger and higher priced models.\" \/>\n<meta name=\"robots\" content=\"index, follow, max-snippet:-1, max-image-preview:large, max-video-preview:-1\" \/>\n<link rel=\"canonical\" href=\"https:\/\/genatronik.com\/de\/produkt\/ds1054z\/\" \/>\n<meta property=\"og:locale\" content=\"de_DE\" \/>\n<meta property=\"og:type\" content=\"article\" \/>\n<meta property=\"og:title\" content=\"Rigol DS1054Z - Genatronik\" \/>\n<meta property=\"og:description\" content=\"The Rigol DS1000Z Plus Oscilloscopes feature 4 channels and professional measurement functions at value pricing, making them attractive for educational and private use. All devices are equipped with the same well constructed and intuitive operational menu providing extensive functions as found in bigger and higher priced models.\" \/>\n<meta property=\"og:url\" content=\"https:\/\/genatronik.com\/de\/produkt\/ds1054z\/\" \/>\n<meta property=\"og:site_name\" content=\"Genatronik\" \/>\n<meta property=\"article:modified_time\" content=\"2025-05-13T09:02:00+00:00\" \/>\n<meta property=\"og:image\" content=\"https:\/\/genatronik.com\/wp-content\/uploads\/2024\/11\/ds1054z-1600-1200.png\" \/>\n\t<meta property=\"og:image:width\" content=\"1600\" \/>\n\t<meta property=\"og:image:height\" content=\"1200\" \/>\n\t<meta property=\"og:image:type\" content=\"image\/png\" \/>\n<meta name=\"twitter:card\" content=\"summary_large_image\" \/>\n<meta name=\"twitter:label1\" content=\"Gesch\u00e4tzte Lesezeit\" \/>\n\t<meta name=\"twitter:data1\" content=\"1\u00a0Minute\" \/>\n<script type=\"application\/ld+json\" class=\"yoast-schema-graph\">{\"@context\":\"https:\/\/schema.org\",\"@graph\":[{\"@type\":\"WebPage\",\"@id\":\"https:\/\/genatronik.com\/en\/product\/ds1054z\/\",\"url\":\"https:\/\/genatronik.com\/en\/product\/ds1054z\/\",\"name\":\"Rigol DS1054Z - Genatronik\",\"isPartOf\":{\"@id\":\"https:\/\/genatronik.com\/en\/#website\"},\"primaryImageOfPage\":{\"@id\":\"https:\/\/genatronik.com\/en\/product\/ds1054z\/#primaryimage\"},\"image\":{\"@id\":\"https:\/\/genatronik.com\/en\/product\/ds1054z\/#primaryimage\"},\"thumbnailUrl\":\"https:\/\/genatronik.com\/wp-content\/uploads\/2024\/11\/ds1054z-1600-1200.png\",\"datePublished\":\"2024-11-29T15:54:31+00:00\",\"dateModified\":\"2025-05-13T09:02:00+00:00\",\"description\":\"The Rigol DS1000Z Plus Oscilloscopes feature 4 channels and professional measurement functions at value pricing, making them attractive for educational and private use. All devices are equipped with the same well constructed and intuitive operational menu providing extensive functions as found in bigger and higher priced models.\",\"breadcrumb\":{\"@id\":\"https:\/\/genatronik.com\/en\/product\/ds1054z\/#breadcrumb\"},\"inLanguage\":\"de\",\"potentialAction\":[{\"@type\":\"ReadAction\",\"target\":[\"https:\/\/genatronik.com\/en\/product\/ds1054z\/\"]}]},{\"@type\":\"ImageObject\",\"inLanguage\":\"de\",\"@id\":\"https:\/\/genatronik.com\/en\/product\/ds1054z\/#primaryimage\",\"url\":\"https:\/\/genatronik.com\/wp-content\/uploads\/2024\/11\/ds1054z-1600-1200.png\",\"contentUrl\":\"https:\/\/genatronik.com\/wp-content\/uploads\/2024\/11\/ds1054z-1600-1200.png\",\"width\":1600,\"height\":1200},{\"@type\":\"BreadcrumbList\",\"@id\":\"https:\/\/genatronik.com\/en\/product\/ds1054z\/#breadcrumb\",\"itemListElement\":[{\"@type\":\"ListItem\",\"position\":1,\"name\":\"Home\",\"item\":\"https:\/\/genatronik.com\/\"},{\"@type\":\"ListItem\",\"position\":2,\"name\":\"Produkte\",\"item\":\"https:\/\/genatronik.com\/de\/shop\/\"},{\"@type\":\"ListItem\",\"position\":3,\"name\":\"Products\",\"item\":\"https:\/\/genatronik.com\/product-category\/products\/\"},{\"@type\":\"ListItem\",\"position\":4,\"name\":\"Test &amp; Measure\",\"item\":\"https:\/\/genatronik.com\/product-category\/products\/test-measure\/\"},{\"@type\":\"ListItem\",\"position\":5,\"name\":\"Oscilloscope\",\"item\":\"https:\/\/genatronik.com\/product-category\/products\/test-measure\/oscilloscope\/\"},{\"@type\":\"ListItem\",\"position\":6,\"name\":\"Rigol Oscilloscope\",\"item\":\"https:\/\/genatronik.com\/product-category\/products\/test-measure\/oscilloscope\/rigol-oscilloscope\/\"},{\"@type\":\"ListItem\",\"position\":7,\"name\":\"DS1000Z Oscilloscope\",\"item\":\"https:\/\/genatronik.com\/en\/product-category\/products\/test-measure\/oscilloscope\/rigol-oscilloscope\/ds1000z\/\"},{\"@type\":\"ListItem\",\"position\":8,\"name\":\"Rigol DS1054Z\"}]},{\"@type\":\"WebSite\",\"@id\":\"https:\/\/genatronik.com\/en\/#website\",\"url\":\"https:\/\/genatronik.com\/en\/\",\"name\":\"Genatronik\",\"description\":\"Advanced Devices. Reliable Service.\",\"publisher\":{\"@id\":\"https:\/\/genatronik.com\/en\/#organization\"},\"potentialAction\":[{\"@type\":\"SearchAction\",\"target\":{\"@type\":\"EntryPoint\",\"urlTemplate\":\"https:\/\/genatronik.com\/en\/?s={search_term_string}\"},\"query-input\":{\"@type\":\"PropertyValueSpecification\",\"valueRequired\":true,\"valueName\":\"search_term_string\"}}],\"inLanguage\":\"de\"},{\"@type\":\"Organization\",\"@id\":\"https:\/\/genatronik.com\/en\/#organization\",\"name\":\"Genatronik\",\"url\":\"https:\/\/genatronik.com\/en\/\",\"logo\":{\"@type\":\"ImageObject\",\"inLanguage\":\"de\",\"@id\":\"https:\/\/genatronik.com\/en\/#\/schema\/logo\/image\/\",\"url\":\"https:\/\/genatronik.com\/wp-content\/uploads\/2025\/05\/genatronik_logo_header-scaled.png\",\"contentUrl\":\"https:\/\/genatronik.com\/wp-content\/uploads\/2025\/05\/genatronik_logo_header-scaled.png\",\"width\":2560,\"height\":448,\"caption\":\"Genatronik\"},\"image\":{\"@id\":\"https:\/\/genatronik.com\/en\/#\/schema\/logo\/image\/\"}}]}<\/script>\n<!-- \/ Yoast SEO plugin. -->","yoast_head_json":{"title":"Rigol DS1054Z - Genatronik","description":"Die Rigol DS1000Z Plus Oszilloskope bieten 4 Kan\u00e4le und professionelle Messfunktionen zu einem g\u00fcnstigen Preis, was sie f\u00fcr die Ausbildung und den privaten Gebrauch attraktiv macht. Alle Ger\u00e4te sind mit dem gleichen gut aufgebauten und intuitiv zu bedienenden Men\u00fc ausgestattet, das umfangreiche Funktionen bietet, wie sie in gr\u00f6\u00dferen und teureren Modellen zu finden sind.","robots":{"index":"index","follow":"follow","max-snippet":"max-snippet:-1","max-image-preview":"max-image-preview:large","max-video-preview":"max-video-preview:-1"},"canonical":"https:\/\/genatronik.com\/de\/produkt\/ds1054z\/","og_locale":"de_DE","og_type":"article","og_title":"Rigol DS1054Z - Genatronik","og_description":"The Rigol DS1000Z Plus Oscilloscopes feature 4 channels and professional measurement functions at value pricing, making them attractive for educational and private use. All devices are equipped with the same well constructed and intuitive operational menu providing extensive functions as found in bigger and higher priced models.","og_url":"https:\/\/genatronik.com\/de\/produkt\/ds1054z\/","og_site_name":"Genatronik","article_modified_time":"2025-05-13T09:02:00+00:00","og_image":[{"width":1600,"height":1200,"url":"https:\/\/genatronik.com\/wp-content\/uploads\/2024\/11\/ds1054z-1600-1200.png","type":"image\/png"}],"twitter_card":"summary_large_image","twitter_misc":{"Gesch\u00e4tzte Lesezeit":"1\u00a0Minute"},"schema":{"@context":"https:\/\/schema.org","@graph":[{"@type":"WebPage","@id":"https:\/\/genatronik.com\/en\/product\/ds1054z\/","url":"https:\/\/genatronik.com\/en\/product\/ds1054z\/","name":"Rigol DS1054Z - Genatronik","isPartOf":{"@id":"https:\/\/genatronik.com\/en\/#website"},"primaryImageOfPage":{"@id":"https:\/\/genatronik.com\/en\/product\/ds1054z\/#primaryimage"},"image":{"@id":"https:\/\/genatronik.com\/en\/product\/ds1054z\/#primaryimage"},"thumbnailUrl":"https:\/\/genatronik.com\/wp-content\/uploads\/2024\/11\/ds1054z-1600-1200.png","datePublished":"2024-11-29T15:54:31+00:00","dateModified":"2025-05-13T09:02:00+00:00","description":"Die Rigol DS1000Z Plus Oszilloskope bieten 4 Kan\u00e4le und professionelle Messfunktionen zu einem g\u00fcnstigen Preis, was sie f\u00fcr die Ausbildung und den privaten Gebrauch attraktiv macht. Alle Ger\u00e4te sind mit dem gleichen gut aufgebauten und intuitiv zu bedienenden Men\u00fc ausgestattet, das umfangreiche Funktionen bietet, wie sie in gr\u00f6\u00dferen und teureren Modellen zu finden sind.","breadcrumb":{"@id":"https:\/\/genatronik.com\/en\/product\/ds1054z\/#breadcrumb"},"inLanguage":"de","potentialAction":[{"@type":"ReadAction","target":["https:\/\/genatronik.com\/en\/product\/ds1054z\/"]}]},{"@type":"ImageObject","inLanguage":"de","@id":"https:\/\/genatronik.com\/en\/product\/ds1054z\/#primaryimage","url":"https:\/\/genatronik.com\/wp-content\/uploads\/2024\/11\/ds1054z-1600-1200.png","contentUrl":"https:\/\/genatronik.com\/wp-content\/uploads\/2024\/11\/ds1054z-1600-1200.png","width":1600,"height":1200},{"@type":"BreadcrumbList","@id":"https:\/\/genatronik.com\/en\/product\/ds1054z\/#breadcrumb","itemListElement":[{"@type":"ListItem","position":1,"name":"Home","item":"https:\/\/genatronik.com\/"},{"@type":"ListItem","position":2,"name":"Produkte","item":"https:\/\/genatronik.com\/de\/shop\/"},{"@type":"ListItem","position":3,"name":"Products","item":"https:\/\/genatronik.com\/product-category\/products\/"},{"@type":"ListItem","position":4,"name":"Test &amp; Measure","item":"https:\/\/genatronik.com\/product-category\/products\/test-measure\/"},{"@type":"ListItem","position":5,"name":"Oscilloscope","item":"https:\/\/genatronik.com\/product-category\/products\/test-measure\/oscilloscope\/"},{"@type":"ListItem","position":6,"name":"Rigol Oscilloscope","item":"https:\/\/genatronik.com\/product-category\/products\/test-measure\/oscilloscope\/rigol-oscilloscope\/"},{"@type":"ListItem","position":7,"name":"DS1000Z Oscilloscope","item":"https:\/\/genatronik.com\/en\/product-category\/products\/test-measure\/oscilloscope\/rigol-oscilloscope\/ds1000z\/"},{"@type":"ListItem","position":8,"name":"Rigol DS1054Z"}]},{"@type":"WebSite","@id":"https:\/\/genatronik.com\/en\/#website","url":"https:\/\/genatronik.com\/en\/","name":"Genatronik","description":"Fortschrittliche Ger\u00e4te. Zuverl\u00e4ssiger Service.","publisher":{"@id":"https:\/\/genatronik.com\/en\/#organization"},"potentialAction":[{"@type":"SearchAction","target":{"@type":"EntryPoint","urlTemplate":"https:\/\/genatronik.com\/en\/?s={search_term_string}"},"query-input":{"@type":"PropertyValueSpecification","valueRequired":true,"valueName":"search_term_string"}}],"inLanguage":"de"},{"@type":"Organization","@id":"https:\/\/genatronik.com\/en\/#organization","name":"Genatronik","url":"https:\/\/genatronik.com\/en\/","logo":{"@type":"ImageObject","inLanguage":"de","@id":"https:\/\/genatronik.com\/en\/#\/schema\/logo\/image\/","url":"https:\/\/genatronik.com\/wp-content\/uploads\/2025\/05\/genatronik_logo_header-scaled.png","contentUrl":"https:\/\/genatronik.com\/wp-content\/uploads\/2025\/05\/genatronik_logo_header-scaled.png","width":2560,"height":448,"caption":"Genatronik"},"image":{"@id":"https:\/\/genatronik.com\/en\/#\/schema\/logo\/image\/"}}]}},"uagb_featured_image_src":{"full":["https:\/\/genatronik.com\/wp-content\/uploads\/2024\/11\/ds1054z-1600-1200.png",1600,1200,false],"thumbnail":["https:\/\/genatronik.com\/wp-content\/uploads\/2024\/11\/ds1054z-1600-1200-150x150.png",150,150,true],"medium":["https:\/\/genatronik.com\/wp-content\/uploads\/2024\/11\/ds1054z-1600-1200-300x225.png",300,225,true],"medium_large":["https:\/\/genatronik.com\/wp-content\/uploads\/2024\/11\/ds1054z-1600-1200-768x576.png",768,576,true],"large":["https:\/\/genatronik.com\/wp-content\/uploads\/2024\/11\/ds1054z-1600-1200-1024x768.png",1024,768,true],"1536x1536":["https:\/\/genatronik.com\/wp-content\/uploads\/2024\/11\/ds1054z-1600-1200-1536x1152.png",1536,1152,true],"2048x2048":["https:\/\/genatronik.com\/wp-content\/uploads\/2024\/11\/ds1054z-1600-1200.png",1600,1200,false],"trp-custom-language-flag":["https:\/\/genatronik.com\/wp-content\/uploads\/2024\/11\/ds1054z-1600-1200.png",16,12,false],"tp-image-grid":["https:\/\/genatronik.com\/wp-content\/uploads\/2024\/11\/ds1054z-1600-1200-700x700.png",700,700,true],"woocommerce_thumbnail":["https:\/\/genatronik.com\/wp-content\/uploads\/2024\/11\/ds1054z-1600-1200-300x225.png",300,225,true],"woocommerce_single":["https:\/\/genatronik.com\/wp-content\/uploads\/2024\/11\/ds1054z-1600-1200-600x450.png",600,450,true],"woocommerce_gallery_thumbnail":["https:\/\/genatronik.com\/wp-content\/uploads\/2024\/11\/ds1054z-1600-1200-100x100.png",100,100,true]},"uagb_author_info":{"display_name":"guanyuan zhu","author_link":"https:\/\/genatronik.com\/de\/author\/"},"uagb_comment_info":0,"uagb_excerpt":"Analog channel bandwidth: 50 MHz, 4 analog channel, 1 GSa\/s, Memory depth up to 24 Mpts, Up to 30,000 wfms\/s waveform capture rate, Trigger and Decoding options are permanent free installed, UltraVision, USB Host&amp;Device, LAN (LXI), AUX, 7-inch WVGA (800x480) TFT LCD Display,EU Cable &nbsp;","jetpack_sharing_enabled":true,"_links":{"self":[{"href":"https:\/\/genatronik.com\/de\/wp-json\/wp\/v2\/product\/2481","targetHints":{"allow":["GET"]}}],"collection":[{"href":"https:\/\/genatronik.com\/de\/wp-json\/wp\/v2\/product"}],"about":[{"href":"https:\/\/genatronik.com\/de\/wp-json\/wp\/v2\/types\/product"}],"replies":[{"embeddable":true,"href":"https:\/\/genatronik.com\/de\/wp-json\/wp\/v2\/comments?post=2481"}],"version-history":[{"count":4,"href":"https:\/\/genatronik.com\/de\/wp-json\/wp\/v2\/product\/2481\/revisions"}],"predecessor-version":[{"id":7085,"href":"https:\/\/genatronik.com\/de\/wp-json\/wp\/v2\/product\/2481\/revisions\/7085"}],"wp:featuredmedia":[{"embeddable":true,"href":"https:\/\/genatronik.com\/de\/wp-json\/wp\/v2\/media\/3671"}],"wp:attachment":[{"href":"https:\/\/genatronik.com\/de\/wp-json\/wp\/v2\/media?parent=2481"}],"wp:term":[{"taxonomy":"product_brand","embeddable":true,"href":"https:\/\/genatronik.com\/de\/wp-json\/wp\/v2\/product_brand?post=2481"},{"taxonomy":"product_cat","embeddable":true,"href":"https:\/\/genatronik.com\/de\/wp-json\/wp\/v2\/product_cat?post=2481"},{"taxonomy":"product_tag","embeddable":true,"href":"https:\/\/genatronik.com\/de\/wp-json\/wp\/v2\/product_tag?post=2481"}],"curies":[{"name":"wp","href":"https:\/\/api.w.org\/{rel}","templated":true}]}}