{"id":6020,"date":"2025-04-07T16:13:47","date_gmt":"2025-04-07T14:13:47","guid":{"rendered":"https:\/\/genatronik.com\/?page_id=6020"},"modified":"2025-05-04T19:33:03","modified_gmt":"2025-05-04T17:33:03","slug":"datenschutzbestimmungen-genatronik","status":"publish","type":"page","link":"https:\/\/genatronik.com\/de\/datenschutzbestimmungen-genatronik\/","title":{"rendered":"Datenschutzbestimmungen"},"content":{"rendered":"<div data-elementor-type=\"wp-page\" data-elementor-id=\"6020\" class=\"elementor elementor-6020\" data-elementor-post-type=\"page\">\n\t\t\t\t<div class=\"elementor-element elementor-element-9d63f87 e-flex e-con-boxed e-con e-parent\" data-id=\"9d63f87\" data-element_type=\"container\">\n\t\t\t\t\t<div class=\"e-con-inner\">\n\t\t\t\t<div class=\"elementor-element elementor-element-84d18f9 elementor-widget elementor-widget-heading\" data-id=\"84d18f9\" data-element_type=\"widget\" data-widget_type=\"heading.default\">\n\t\t\t\t<div class=\"elementor-widget-container\">\n\t\t\t\t\t<h2 class=\"elementor-heading-title elementor-size-default\">Datenschutzbestimmungen<\/h2>\t\t\t\t<\/div>\n\t\t\t\t<\/div>\n\t\t\t\t<div class=\"elementor-element elementor-element-811da8d elementor-widget elementor-widget-text-editor\" data-id=\"811da8d\" data-element_type=\"widget\" data-widget_type=\"text-editor.default\">\n\t\t\t\t<div class=\"elementor-widget-container\">\n\t\t\t\t\t\t\t\t\t<p>Diese Datenschutzrichtlinie beschreibt, wie Ihre pers\u00f6nlichen Daten gesammelt, verwendet und weitergegeben werden, wenn Sie uns besuchen oder bei uns einkaufen.<\/p><p><strong>PERS\u00d6NLICHE INFORMATIONEN, DIE WIR SAMMELN<\/strong><\/p><p>Wenn Sie die Website besuchen, erfassen wir automatisch bestimmte Informationen \u00fcber Ihr Ger\u00e4t, einschlie\u00dflich Informationen \u00fcber Ihren Webbrowser, Ihre IP-Adresse, Ihre Zeitzone und einige der Cookies, die auf Ihrem Ger\u00e4t installiert sind. Wenn Sie auf der Website surfen, erfassen wir au\u00dferdem Informationen \u00fcber die einzelnen Webseiten oder Produkte, die Sie sich ansehen, welche Websites oder Suchbegriffe Sie auf die Website verwiesen haben, und Informationen dar\u00fcber, wie Sie mit der Website interagieren. Wir bezeichnen diese automatisch gesammelten Informationen als \"Ger\u00e4teinformationen\".<\/p><p>Wir erfassen Ger\u00e4teinformationen mithilfe der folgenden Technologien:<\/p><p>- Cookies\" sind Datendateien, die auf Ihrem Ger\u00e4t oder Computer abgelegt werden und oft eine anonyme eindeutige Kennung enthalten. Weitere Informationen \u00fcber Cookies und wie Sie Cookies deaktivieren k\u00f6nnen, finden Sie unter http:\/\/www.allaboutcookies.org.<\/p><p>- Logdateien\" verfolgen die Aktionen auf der Website und erfassen Daten wie Ihre IP-Adresse, den Browsertyp, den Internetdienstanbieter, die Verweis- und Ausgangsseiten sowie Datums- und Zeitstempel.<\/p><p>- \"Web Beacons\", \"Tags\" und \"Pixel\" sind elektronische Dateien, die dazu dienen, Informationen dar\u00fcber aufzuzeichnen, wie Sie auf der Website surfen.<\/p><p>Wenn Sie einen Kauf t\u00e4tigen oder versuchen, einen Kauf \u00fcber die Website zu t\u00e4tigen, erfassen wir au\u00dferdem bestimmte Informationen von Ihnen, einschlie\u00dflich Ihres Namens, Ihrer Rechnungsadresse, Ihrer Lieferadresse, Ihrer Zahlungsinformationen (einschlie\u00dflich Kreditkartennummern), Ihrer E-Mail-Adresse und Ihrer Telefonnummer. Wir bezeichnen diese Informationen als \"Bestellinformationen\".<\/p><p>Wenn wir in dieser Datenschutzrichtlinie von \"pers\u00f6nlichen Daten\" sprechen, meinen wir damit sowohl Ger\u00e4te- als auch Bestelldaten.<\/p><p><strong>WIE VERWENDEN WIR IHRE PERS\u00d6NLICHEN DATEN?<\/strong><\/p><p>Wir verwenden die von uns gesammelten Bestellinformationen im Allgemeinen, um die \u00fcber die Website aufgegebenen Bestellungen auszuf\u00fchren (einschlie\u00dflich der Verarbeitung Ihrer Zahlungsinformationen, der Organisation des Versands und der Zusendung von Rechnungen und\/oder Auftragsbest\u00e4tigungen). Au\u00dferdem verwenden wir diese Bestellinformationen, um:<\/p><p>- Mit Ihnen kommunizieren;<\/p><p>- unsere Auftr\u00e4ge auf potenzielle Risiken oder Betrug zu pr\u00fcfen; und<\/p><p>- Wenn es den Pr\u00e4ferenzen entspricht, die Sie uns mitgeteilt haben, k\u00f6nnen wir Ihnen Informationen oder Werbung zu unseren Produkten oder Dienstleistungen zukommen lassen.<\/p><p>Wir verwenden die gesammelten Ger\u00e4teinformationen, um uns bei der Suche nach potenziellen Risiken und Betrug zu helfen (insbesondere Ihre IP-Adresse) und ganz allgemein, um unsere Website zu verbessern und zu optimieren (z. B. durch die Erstellung von Analysen dar\u00fcber, wie unsere Kunden auf der Website surfen und mit ihr interagieren, und um den Erfolg unserer Marketing- und Werbekampagnen zu bewerten).<\/p><p><strong>WEITERGABE IHRER PERS\u00d6NLICHEN INFORMATIONEN<\/strong><\/p><p>Wir geben Ihre pers\u00f6nlichen Daten an Dritte weiter, um uns bei der Verwendung Ihrer pers\u00f6nlichen Daten zu unterst\u00fctzen, wie oben beschrieben. Schlie\u00dflich k\u00f6nnen wir Ihre personenbezogenen Daten auch weitergeben, um geltende Gesetze und Vorschriften einzuhalten, um auf eine Vorladung, einen Durchsuchungsbefehl oder eine andere rechtm\u00e4\u00dfige Anfrage nach Informationen zu reagieren, die wir erhalten, oder um unsere Rechte anderweitig zu sch\u00fctzen.<\/p><p><strong>VERHALTENSBASIERTE WERBUNG<\/strong><\/p><p>Wie oben beschrieben, verwenden wir Ihre pers\u00f6nlichen Daten, um Ihnen gezielte Werbung oder Marketingmitteilungen zukommen zu lassen, von denen wir glauben, dass sie f\u00fcr Sie von Interesse sein k\u00f6nnten.<\/p><p><strong>NICHT VERFOLGEN<\/strong><\/p><p>Bitte beachten Sie, dass wir die Datenerfassungs- und -verwendungspraktiken unserer Website nicht \u00e4ndern, wenn wir ein \"Do Not Track\"-Signal von Ihrem Browser sehen.<\/p><p><strong>IHRE RECHTE<\/strong><\/p><p>Wenn Sie in Europa ans\u00e4ssig sind, haben Sie das Recht, auf die von uns \u00fcber Sie gespeicherten personenbezogenen Daten zuzugreifen und die Berichtigung, Aktualisierung oder L\u00f6schung Ihrer personenbezogenen Daten zu verlangen. Wenn Sie dieses Recht aus\u00fcben m\u00f6chten, kontaktieren Sie uns bitte \u00fcber die unten stehenden Kontaktdaten.<\/p><p>Wenn Sie in Europa ans\u00e4ssig sind, weisen wir au\u00dferdem darauf hin, dass wir Ihre Daten verarbeiten, um Vertr\u00e4ge mit Ihnen zu erf\u00fcllen (z. B. wenn Sie eine Bestellung \u00fcber die Website aufgeben) oder um unsere oben aufgef\u00fchrten legitimen Gesch\u00e4ftsinteressen zu verfolgen. Bitte beachten Sie au\u00dferdem, dass Ihre Daten au\u00dferhalb Europas, einschlie\u00dflich Kanada und den Vereinigten Staaten, \u00fcbermittelt werden.<\/p><p><strong>DATENAUFBEWAHRUNG<\/strong><\/p><p>Wenn Sie eine Bestellung \u00fcber die Website aufgeben, werden wir Ihre Bestellinformationen f\u00fcr unsere Unterlagen aufbewahren, bis Sie uns bitten, diese Informationen zu l\u00f6schen.<\/p><p><strong>\u00c4NDERUNGEN<\/strong><\/p><p>Wir behalten uns vor, diese Datenschutzrichtlinie von Zeit zu Zeit zu aktualisieren, um z. B. \u00c4nderungen unserer Praktiken oder anderen betrieblichen, rechtlichen oder regulatorischen Gr\u00fcnden Rechnung zu tragen.<\/p><p><strong>KONTAKT US<\/strong><\/p><p>Wenn Sie weitere Informationen \u00fcber unsere Datenschutzpraktiken w\u00fcnschen, Fragen haben oder eine Beschwerde einreichen m\u00f6chten, wenden Sie sich bitte per E-Mail an Info@genatronik.com.<\/p><p>\u00a0<\/p>\t\t\t\t\t\t\t\t<\/div>\n\t\t\t\t<\/div>\n\t\t\t\t\t<\/div>\n\t\t\t\t<\/div>\n\t\t\t\t<\/div>","protected":false},"excerpt":{"rendered":"<p>Privacy Policy This Privacy Policy describes how your personal information is collected, used, and shared when you visit or make a purchase from us. PERSONAL INFORMATION WE COLLECT When you visit the Site, we automatically collect certain information about your device, including information about your web browser, IP address, time zone, and some of the [&hellip;]<\/p>","protected":false},"author":2,"featured_media":0,"parent":0,"menu_order":0,"comment_status":"closed","ping_status":"closed","template":"","meta":{"_surecart_dashboard_logo_width":"180px","_surecart_dashboard_show_logo":true,"_surecart_dashboard_navigation_orders":true,"_surecart_dashboard_navigation_invoices":true,"_surecart_dashboard_navigation_subscriptions":true,"_surecart_dashboard_navigation_downloads":true,"_surecart_dashboard_navigation_billing":true,"_surecart_dashboard_navigation_account":true,"_uag_custom_page_level_css":"","site-sidebar-layout":"no-sidebar","site-content-layout":"page-builder","ast-site-content-layout":"full-width-container","site-content-style":"unboxed","site-sidebar-style":"unboxed","ast-global-header-display":"","ast-banner-title-visibility":"","ast-main-header-display":"","ast-hfb-above-header-display":"","ast-hfb-below-header-display":"","ast-hfb-mobile-header-display":"","site-post-title":"disabled","ast-breadcrumbs-content":"","ast-featured-img":"disabled","footer-sml-layout":"","ast-disable-related-posts":"","theme-transparent-header-meta":"default","adv-header-id-meta":"","stick-header-meta":"default","header-above-stick-meta":"","header-main-stick-meta":"","header-below-stick-meta":"","astra-migrate-meta-layouts":"set","ast-page-background-enabled":"default","ast-page-background-meta":{"desktop":{"background-color":"var(--ast-global-color-4)","background-image":"","background-repeat":"repeat","background-position":"center center","background-size":"auto","background-attachment":"scroll","background-type":"","background-media":"","overlay-type":"","overlay-color":"","overlay-opacity":"","overlay-gradient":""},"tablet":{"background-color":"","background-image":"","background-repeat":"repeat","background-position":"center center","background-size":"auto","background-attachment":"scroll","background-type":"","background-media":"","overlay-type":"","overlay-color":"","overlay-opacity":"","overlay-gradient":""},"mobile":{"background-color":"","background-image":"","background-repeat":"repeat","background-position":"center center","background-size":"auto","background-attachment":"scroll","background-type":"","background-media":"","overlay-type":"","overlay-color":"","overlay-opacity":"","overlay-gradient":""}},"ast-content-background-meta":{"desktop":{"background-color":"var(--ast-global-color-5)","background-image":"","background-repeat":"repeat","background-position":"center center","background-size":"auto","background-attachment":"scroll","background-type":"","background-media":"","overlay-type":"","overlay-color":"","overlay-opacity":"","overlay-gradient":""},"tablet":{"background-color":"var(--ast-global-color-5)","background-image":"","background-repeat":"repeat","background-position":"center center","background-size":"auto","background-attachment":"scroll","background-type":"","background-media":"","overlay-type":"","overlay-color":"","overlay-opacity":"","overlay-gradient":""},"mobile":{"background-color":"var(--ast-global-color-5)","background-image":"","background-repeat":"repeat","background-position":"center center","background-size":"auto","background-attachment":"scroll","background-type":"","background-media":"","overlay-type":"","overlay-color":"","overlay-opacity":"","overlay-gradient":""}},"footnotes":""},"class_list":["post-6020","page","type-page","status-publish","hentry"],"yoast_head":"<!-- This site is optimized with the Yoast SEO plugin v26.2 - https:\/\/yoast.com\/wordpress\/plugins\/seo\/ -->\n<title>Privacy Policy - Genatronik<\/title>\n<meta name=\"description\" content=\"Genatronik is a professional technology company based in Germany\" \/>\n<meta name=\"robots\" content=\"index, follow, max-snippet:-1, max-image-preview:large, max-video-preview:-1\" \/>\n<link rel=\"canonical\" href=\"https:\/\/genatronik.com\/de\/datenschutzbestimmungen-genatronik\/\" \/>\n<meta property=\"og:locale\" content=\"de_DE\" \/>\n<meta property=\"og:type\" content=\"article\" \/>\n<meta property=\"og:title\" content=\"Privacy Policy - Genatronik\" \/>\n<meta property=\"og:description\" content=\"Genatronik is a professional technology company based in Germany\" \/>\n<meta property=\"og:url\" content=\"https:\/\/genatronik.com\/de\/datenschutzbestimmungen-genatronik\/\" \/>\n<meta property=\"og:site_name\" content=\"Genatronik\" \/>\n<meta property=\"article:modified_time\" content=\"2025-05-04T17:33:03+00:00\" \/>\n<meta name=\"twitter:card\" content=\"summary_large_image\" \/>\n<meta name=\"twitter:label1\" content=\"Gesch\u00e4tzte Lesezeit\" \/>\n\t<meta name=\"twitter:data1\" content=\"4\u00a0Minuten\" \/>\n<script type=\"application\/ld+json\" class=\"yoast-schema-graph\">{\"@context\":\"https:\/\/schema.org\",\"@graph\":[{\"@type\":\"WebPage\",\"@id\":\"https:\/\/genatronik.com\/privacy-policy-genatronik\/\",\"url\":\"https:\/\/genatronik.com\/privacy-policy-genatronik\/\",\"name\":\"Privacy Policy - Genatronik\",\"isPartOf\":{\"@id\":\"https:\/\/genatronik.com\/en\/#website\"},\"datePublished\":\"2025-04-07T14:13:47+00:00\",\"dateModified\":\"2025-05-04T17:33:03+00:00\",\"description\":\"Genatronik is a professional technology company based in Germany\",\"breadcrumb\":{\"@id\":\"https:\/\/genatronik.com\/privacy-policy-genatronik\/#breadcrumb\"},\"inLanguage\":\"de\",\"potentialAction\":[{\"@type\":\"ReadAction\",\"target\":[\"https:\/\/genatronik.com\/privacy-policy-genatronik\/\"]}]},{\"@type\":\"BreadcrumbList\",\"@id\":\"https:\/\/genatronik.com\/privacy-policy-genatronik\/#breadcrumb\",\"itemListElement\":[{\"@type\":\"ListItem\",\"position\":1,\"name\":\"Home\",\"item\":\"https:\/\/genatronik.com\/\"},{\"@type\":\"ListItem\",\"position\":2,\"name\":\"Privacy Policy\"}]},{\"@type\":\"WebSite\",\"@id\":\"https:\/\/genatronik.com\/en\/#website\",\"url\":\"https:\/\/genatronik.com\/en\/\",\"name\":\"Genatronik\",\"description\":\"Advanced Devices. Reliable Service.\",\"publisher\":{\"@id\":\"https:\/\/genatronik.com\/en\/#organization\"},\"potentialAction\":[{\"@type\":\"SearchAction\",\"target\":{\"@type\":\"EntryPoint\",\"urlTemplate\":\"https:\/\/genatronik.com\/en\/?s={search_term_string}\"},\"query-input\":{\"@type\":\"PropertyValueSpecification\",\"valueRequired\":true,\"valueName\":\"search_term_string\"}}],\"inLanguage\":\"de\"},{\"@type\":\"Organization\",\"@id\":\"https:\/\/genatronik.com\/en\/#organization\",\"name\":\"Genatronik\",\"url\":\"https:\/\/genatronik.com\/en\/\",\"logo\":{\"@type\":\"ImageObject\",\"inLanguage\":\"de\",\"@id\":\"https:\/\/genatronik.com\/en\/#\/schema\/logo\/image\/\",\"url\":\"https:\/\/genatronik.com\/wp-content\/uploads\/2025\/05\/genatronik_logo_header-scaled.png\",\"contentUrl\":\"https:\/\/genatronik.com\/wp-content\/uploads\/2025\/05\/genatronik_logo_header-scaled.png\",\"width\":2560,\"height\":448,\"caption\":\"Genatronik\"},\"image\":{\"@id\":\"https:\/\/genatronik.com\/en\/#\/schema\/logo\/image\/\"}}]}<\/script>\n<!-- \/ Yoast SEO plugin. -->","yoast_head_json":{"title":"Datenschutzrichtlinie - Genatronik","description":"Genatronik ist ein professionelles Technologieunternehmen mit Sitz in Deutschland","robots":{"index":"index","follow":"follow","max-snippet":"max-snippet:-1","max-image-preview":"max-image-preview:large","max-video-preview":"max-video-preview:-1"},"canonical":"https:\/\/genatronik.com\/de\/datenschutzbestimmungen-genatronik\/","og_locale":"de_DE","og_type":"article","og_title":"Privacy Policy - Genatronik","og_description":"Genatronik is a professional technology company based in Germany","og_url":"https:\/\/genatronik.com\/de\/datenschutzbestimmungen-genatronik\/","og_site_name":"Genatronik","article_modified_time":"2025-05-04T17:33:03+00:00","twitter_card":"summary_large_image","twitter_misc":{"Gesch\u00e4tzte Lesezeit":"4\u00a0Minuten"},"schema":{"@context":"https:\/\/schema.org","@graph":[{"@type":"WebPage","@id":"https:\/\/genatronik.com\/privacy-policy-genatronik\/","url":"https:\/\/genatronik.com\/privacy-policy-genatronik\/","name":"Datenschutzrichtlinie - Genatronik","isPartOf":{"@id":"https:\/\/genatronik.com\/en\/#website"},"datePublished":"2025-04-07T14:13:47+00:00","dateModified":"2025-05-04T17:33:03+00:00","description":"Genatronik ist ein professionelles Technologieunternehmen mit Sitz in Deutschland","breadcrumb":{"@id":"https:\/\/genatronik.com\/privacy-policy-genatronik\/#breadcrumb"},"inLanguage":"de","potentialAction":[{"@type":"ReadAction","target":["https:\/\/genatronik.com\/privacy-policy-genatronik\/"]}]},{"@type":"BreadcrumbList","@id":"https:\/\/genatronik.com\/privacy-policy-genatronik\/#breadcrumb","itemListElement":[{"@type":"ListItem","position":1,"name":"Home","item":"https:\/\/genatronik.com\/"},{"@type":"ListItem","position":2,"name":"Privacy Policy"}]},{"@type":"WebSite","@id":"https:\/\/genatronik.com\/en\/#website","url":"https:\/\/genatronik.com\/en\/","name":"Genatronik","description":"Fortschrittliche Ger\u00e4te. Zuverl\u00e4ssiger Service.","publisher":{"@id":"https:\/\/genatronik.com\/en\/#organization"},"potentialAction":[{"@type":"SearchAction","target":{"@type":"EntryPoint","urlTemplate":"https:\/\/genatronik.com\/en\/?s={search_term_string}"},"query-input":{"@type":"PropertyValueSpecification","valueRequired":true,"valueName":"search_term_string"}}],"inLanguage":"de"},{"@type":"Organization","@id":"https:\/\/genatronik.com\/en\/#organization","name":"Genatronik","url":"https:\/\/genatronik.com\/en\/","logo":{"@type":"ImageObject","inLanguage":"de","@id":"https:\/\/genatronik.com\/en\/#\/schema\/logo\/image\/","url":"https:\/\/genatronik.com\/wp-content\/uploads\/2025\/05\/genatronik_logo_header-scaled.png","contentUrl":"https:\/\/genatronik.com\/wp-content\/uploads\/2025\/05\/genatronik_logo_header-scaled.png","width":2560,"height":448,"caption":"Genatronik"},"image":{"@id":"https:\/\/genatronik.com\/en\/#\/schema\/logo\/image\/"}}]}},"uagb_featured_image_src":{"full":false,"thumbnail":false,"medium":false,"medium_large":false,"large":false,"1536x1536":false,"2048x2048":false,"trp-custom-language-flag":false,"tp-image-grid":false,"woocommerce_thumbnail":false,"woocommerce_single":false,"woocommerce_gallery_thumbnail":false},"uagb_author_info":{"display_name":"xinhua zhang","author_link":"https:\/\/genatronik.com\/de\/author\/xinhua\/"},"uagb_comment_info":0,"uagb_excerpt":"Privacy Policy This Privacy Policy describes how your personal information is collected, used, and shared when you visit or make a purchase from us. PERSONAL INFORMATION WE COLLECT When you visit the Site, we automatically collect certain information about your device, including information about your web browser, IP address, time zone, and some of the&hellip;","jetpack_sharing_enabled":true,"_links":{"self":[{"href":"https:\/\/genatronik.com\/de\/wp-json\/wp\/v2\/pages\/6020","targetHints":{"allow":["GET"]}}],"collection":[{"href":"https:\/\/genatronik.com\/de\/wp-json\/wp\/v2\/pages"}],"about":[{"href":"https:\/\/genatronik.com\/de\/wp-json\/wp\/v2\/types\/page"}],"author":[{"embeddable":true,"href":"https:\/\/genatronik.com\/de\/wp-json\/wp\/v2\/users\/2"}],"replies":[{"embeddable":true,"href":"https:\/\/genatronik.com\/de\/wp-json\/wp\/v2\/comments?post=6020"}],"version-history":[{"count":11,"href":"https:\/\/genatronik.com\/de\/wp-json\/wp\/v2\/pages\/6020\/revisions"}],"predecessor-version":[{"id":6033,"href":"https:\/\/genatronik.com\/de\/wp-json\/wp\/v2\/pages\/6020\/revisions\/6033"}],"wp:attachment":[{"href":"https:\/\/genatronik.com\/de\/wp-json\/wp\/v2\/media?parent=6020"}],"curies":[{"name":"wp","href":"https:\/\/api.w.org\/{rel}","templated":true}]}}