{"id":6012,"date":"2025-04-07T15:14:43","date_gmt":"2025-04-07T13:14:43","guid":{"rendered":"https:\/\/genatronik.com\/?page_id=6012"},"modified":"2025-05-05T10:59:18","modified_gmt":"2025-05-05T08:59:18","slug":"uber-uns-genatronik","status":"publish","type":"page","link":"https:\/\/genatronik.com\/de\/uber-uns-genatronik\/","title":{"rendered":"\u00dcber uns"},"content":{"rendered":"<div data-elementor-type=\"wp-page\" data-elementor-id=\"6012\" class=\"elementor elementor-6012\" data-elementor-post-type=\"page\">\n\t\t\t\t<div class=\"elementor-element elementor-element-9d63f87 e-flex e-con-boxed e-con e-parent\" data-id=\"9d63f87\" data-element_type=\"container\">\n\t\t\t\t\t<div class=\"e-con-inner\">\n\t\t\t\t<div class=\"elementor-element elementor-element-84d18f9 elementor-widget elementor-widget-heading\" data-id=\"84d18f9\" data-element_type=\"widget\" data-widget_type=\"heading.default\">\n\t\t\t\t<div class=\"elementor-widget-container\">\n\t\t\t\t\t<h2 class=\"elementor-heading-title elementor-size-default\">Firmenprofil<\/h2>\t\t\t\t<\/div>\n\t\t\t\t<\/div>\n\t\t\t\t<div class=\"elementor-element elementor-element-811da8d elementor-widget elementor-widget-text-editor\" data-id=\"811da8d\" data-element_type=\"widget\" data-widget_type=\"text-editor.default\">\n\t\t\t\t<div class=\"elementor-widget-container\">\n\t\t\t\t\t\t\t\t\t<p class=\"\" data-start=\"74\" data-end=\"486\"><strong data-start=\"74\" data-end=\"93\">Genatronik GmbH<\/strong> ist ein professionelles Technologieunternehmen mit Sitz in Deutschland, das sich auf den Vertrieb und die technische Unterst\u00fctzung von Pr\u00fcf- und Messger\u00e4ten sowie von Energie\u00fcberwachungssystemen spezialisiert hat. Als offizieller Distributor und Partner mehrerer international renommierter Marken bieten wir hochwertige Instrumente und ma\u00dfgeschneiderte L\u00f6sungen f\u00fcr Kunden aus Branchen wie Fertigung, Forschung und Bildung.<\/p><p class=\"\" data-start=\"488\" data-end=\"537\">Unser Produktportfolio umfasst die folgenden Bereiche:<\/p><ul data-start=\"539\" data-end=\"842\"><li class=\"\" data-start=\"539\" data-end=\"653\"><p class=\"\" data-start=\"541\" data-end=\"653\"><strong data-start=\"541\" data-end=\"588\">Elektronische Pr\u00fcf- und Messger\u00e4te<\/strong> wie Oszilloskope, Netzteile und Digitalmultimeter<\/p><\/li><li class=\"\" data-start=\"654\" data-end=\"752\"><p class=\"\" data-start=\"656\" data-end=\"752\"><strong data-start=\"656\" data-end=\"685\">Energie\u00fcberwachungssysteme<\/strong>einschlie\u00dflich Netzqualit\u00e4tsanalysatoren und \u00dcberwachung der Stromverbrauchsdaten<\/p><\/li><li class=\"\" data-start=\"753\" data-end=\"842\"><p class=\"\" data-start=\"755\" data-end=\"842\"><strong data-start=\"755\" data-end=\"791\">Intelligente L\u00f6sungen zur Strom\u00fcberwachung<\/strong> f\u00fcr private und industrielle Anwendungen (HEMS)<\/p><\/li><\/ul><p class=\"\" data-start=\"844\" data-end=\"1129\">Wir verf\u00fcgen \u00fcber ein tiefes Marktverst\u00e4ndnis und fundierte technische Kenntnisse, <strong data-start=\"901\" data-end=\"920\">Genatronik GmbH<\/strong> bietet nicht nur hochwertige Hardware, sondern auch Beratung vor dem Kauf und Unterst\u00fctzung nach dem Kauf. Wir unterst\u00fctzen unsere Kunden bei der genauen Auswahl der Ger\u00e4te, die sie ben\u00f6tigen, und sorgen f\u00fcr einen stabilen Betrieb ihrer Systeme.<\/p><p class=\"\" data-start=\"1131\" data-end=\"1372\">Geleitet von dem Grundsatz der <strong data-start=\"1158\" data-end=\"1201\">\"Pr\u00e4zision - Intelligenz - Effizienz\"<\/strong>Wir sind bestrebt, die Br\u00fccke zwischen Spitzentechnologie und praktischer Anwendung zu schlagen und unseren Kunden zu helfen, effiziente Pr\u00fcfungen und ein intelligentes Energiemanagement durchzuf\u00fchren.<\/p><p class=\"\" data-start=\"1374\" data-end=\"1779\"><strong data-start=\"1374\" data-end=\"1393\">Genatronik GmbH<\/strong> wird von einem professionellen Team von Ingenieuren, technischen Beratern und Branchenexperten unterst\u00fctzt, die jeweils \u00fcber mehr als 10 Jahre Erfahrung in den Bereichen elektronische Messtechnik, Energiemanagement und industrielle Automatisierung verf\u00fcgen. Unser Team zeichnet sich dadurch aus, dass es komplexe technische Anforderungen in umsetzbare L\u00f6sungen umwandelt und Kunden in jeder Phase von der Produktauswahl und -pr\u00fcfung bis zur Implementierung unterst\u00fctzt.<\/p><p class=\"\" data-start=\"1781\" data-end=\"1925\">Wir verf\u00fcgen nicht nur \u00fcber fundierte Kenntnisse der Produktleistung, sondern auch \u00fcber ein ausgepr\u00e4gtes Verst\u00e4ndnis der realen Kundenbed\u00fcrfnisse, so dass wir in der Lage sind, diese zu erf\u00fcllen:<\/p><ul data-start=\"1927\" data-end=\"2107\"><li class=\"\" data-start=\"1927\" data-end=\"1995\"><p class=\"\" data-start=\"1929\" data-end=\"1995\"><strong data-start=\"1929\" data-end=\"1993\">Professionelle technische Beratung und Produktdemonstrationen<\/strong><\/p><\/li><li class=\"\" data-start=\"1996\" data-end=\"2042\"><p class=\"\" data-start=\"1998\" data-end=\"2042\"><strong data-start=\"1998\" data-end=\"2040\">Ma\u00dfgeschneiderte Konfigurationsempfehlungen<\/strong><\/p><\/li><li class=\"\" data-start=\"2043\" data-end=\"2107\"><p class=\"\" data-start=\"2045\" data-end=\"2107\"><strong data-start=\"2045\" data-end=\"2107\">Reaktionsschneller Kundendienst und technische Unterst\u00fctzung vor Ort<\/strong><\/p><\/li><\/ul><h3 class=\"\" data-start=\"2109\" data-end=\"2130\"><strong data-start=\"2113\" data-end=\"2130\">Blick in die Zukunft<\/strong><\/h3><p class=\"\" data-start=\"2132\" data-end=\"2382\">Mit unerm\u00fcdlichem Einsatz f\u00fcr Spitzenleistungen und Innovation, <strong data-start=\"2189\" data-end=\"2208\">Genatronik GmbH<\/strong> unterst\u00fctzt seine Partner und Kunden weiterhin mit zuverl\u00e4ssigen Technologien und intelligenten L\u00f6sungen. Wir freuen uns darauf, eine intelligentere, effizientere Zukunft zu gestalten.<strong data-start=\"2369\" data-end=\"2381\">zusammen<\/strong>.<\/p><p data-start=\"2132\" data-end=\"2382\">\u00a0<\/p><p data-start=\"2132\" data-end=\"2382\">\u00a0<\/p><p data-start=\"2132\" data-end=\"2382\">\u00a0<\/p>\t\t\t\t\t\t\t\t<\/div>\n\t\t\t\t<\/div>\n\t\t\t\t\t<\/div>\n\t\t\t\t<\/div>\n\t\t\t\t<\/div>","protected":false},"excerpt":{"rendered":"<p>Company Profile Genatronik GmbH is a professional technology company based in Germany, specializing in the sales and technical support of test and measurement equipment as well as energy monitoring systems. As an official distributor and partner of several internationally renowned brands, we provide high-quality instruments and customized solutions for clients in industries such as manufacturing, [&hellip;]<\/p>","protected":false},"author":2,"featured_media":0,"parent":0,"menu_order":0,"comment_status":"closed","ping_status":"closed","template":"","meta":{"_surecart_dashboard_logo_width":"180px","_surecart_dashboard_show_logo":true,"_surecart_dashboard_navigation_orders":true,"_surecart_dashboard_navigation_invoices":true,"_surecart_dashboard_navigation_subscriptions":true,"_surecart_dashboard_navigation_downloads":true,"_surecart_dashboard_navigation_billing":true,"_surecart_dashboard_navigation_account":true,"_uag_custom_page_level_css":"","site-sidebar-layout":"no-sidebar","site-content-layout":"page-builder","ast-site-content-layout":"full-width-container","site-content-style":"unboxed","site-sidebar-style":"unboxed","ast-global-header-display":"","ast-banner-title-visibility":"","ast-main-header-display":"","ast-hfb-above-header-display":"","ast-hfb-below-header-display":"","ast-hfb-mobile-header-display":"","site-post-title":"disabled","ast-breadcrumbs-content":"","ast-featured-img":"disabled","footer-sml-layout":"","ast-disable-related-posts":"","theme-transparent-header-meta":"default","adv-header-id-meta":"","stick-header-meta":"default","header-above-stick-meta":"","header-main-stick-meta":"","header-below-stick-meta":"","astra-migrate-meta-layouts":"set","ast-page-background-enabled":"default","ast-page-background-meta":{"desktop":{"background-color":"var(--ast-global-color-4)","background-image":"","background-repeat":"repeat","background-position":"center center","background-size":"auto","background-attachment":"scroll","background-type":"","background-media":"","overlay-type":"","overlay-color":"","overlay-opacity":"","overlay-gradient":""},"tablet":{"background-color":"","background-image":"","background-repeat":"repeat","background-position":"center center","background-size":"auto","background-attachment":"scroll","background-type":"","background-media":"","overlay-type":"","overlay-color":"","overlay-opacity":"","overlay-gradient":""},"mobile":{"background-color":"","background-image":"","background-repeat":"repeat","background-position":"center center","background-size":"auto","background-attachment":"scroll","background-type":"","background-media":"","overlay-type":"","overlay-color":"","overlay-opacity":"","overlay-gradient":""}},"ast-content-background-meta":{"desktop":{"background-color":"var(--ast-global-color-5)","background-image":"","background-repeat":"repeat","background-position":"center center","background-size":"auto","background-attachment":"scroll","background-type":"","background-media":"","overlay-type":"","overlay-color":"","overlay-opacity":"","overlay-gradient":""},"tablet":{"background-color":"var(--ast-global-color-5)","background-image":"","background-repeat":"repeat","background-position":"center center","background-size":"auto","background-attachment":"scroll","background-type":"","background-media":"","overlay-type":"","overlay-color":"","overlay-opacity":"","overlay-gradient":""},"mobile":{"background-color":"var(--ast-global-color-5)","background-image":"","background-repeat":"repeat","background-position":"center center","background-size":"auto","background-attachment":"scroll","background-type":"","background-media":"","overlay-type":"","overlay-color":"","overlay-opacity":"","overlay-gradient":""}},"footnotes":""},"class_list":["post-6012","page","type-page","status-publish","hentry"],"yoast_head":"<!-- This site is optimized with the Yoast SEO plugin v26.2 - https:\/\/yoast.com\/wordpress\/plugins\/seo\/ -->\n<title>About Us - Genatronik<\/title>\n<meta name=\"description\" content=\"Learn about Genatronik&#039;s mission, values, and our journey to becoming a reliable provider of est and measurement equipment as well as energy monitoring systems\" \/>\n<meta name=\"robots\" content=\"index, follow, max-snippet:-1, max-image-preview:large, max-video-preview:-1\" \/>\n<link rel=\"canonical\" href=\"https:\/\/genatronik.com\/de\/uber-uns-genatronik\/\" \/>\n<meta property=\"og:locale\" content=\"de_DE\" \/>\n<meta property=\"og:type\" content=\"article\" \/>\n<meta property=\"og:title\" content=\"About Us - Genatronik\" \/>\n<meta property=\"og:description\" content=\"Learn about Genatronik&#039;s mission, values, and our journey to becoming a reliable provider of est and measurement equipment as well as energy monitoring systems\" \/>\n<meta property=\"og:url\" content=\"https:\/\/genatronik.com\/de\/uber-uns-genatronik\/\" \/>\n<meta property=\"og:site_name\" content=\"Genatronik\" \/>\n<meta property=\"article:modified_time\" content=\"2025-05-05T08:59:18+00:00\" \/>\n<meta name=\"twitter:card\" content=\"summary_large_image\" \/>\n<meta name=\"twitter:label1\" content=\"Gesch\u00e4tzte Lesezeit\" \/>\n\t<meta name=\"twitter:data1\" content=\"2\u00a0Minuten\" \/>\n<script type=\"application\/ld+json\" class=\"yoast-schema-graph\">{\"@context\":\"https:\/\/schema.org\",\"@graph\":[{\"@type\":\"WebPage\",\"@id\":\"https:\/\/genatronik.com\/about-us-genatronik\/\",\"url\":\"https:\/\/genatronik.com\/about-us-genatronik\/\",\"name\":\"About Us - Genatronik\",\"isPartOf\":{\"@id\":\"https:\/\/genatronik.com\/en\/#website\"},\"datePublished\":\"2025-04-07T13:14:43+00:00\",\"dateModified\":\"2025-05-05T08:59:18+00:00\",\"description\":\"Learn about Genatronik's mission, values, and our journey to becoming a reliable provider of est and measurement equipment as well as energy monitoring systems\",\"breadcrumb\":{\"@id\":\"https:\/\/genatronik.com\/about-us-genatronik\/#breadcrumb\"},\"inLanguage\":\"de\",\"potentialAction\":[{\"@type\":\"ReadAction\",\"target\":[\"https:\/\/genatronik.com\/about-us-genatronik\/\"]}]},{\"@type\":\"BreadcrumbList\",\"@id\":\"https:\/\/genatronik.com\/about-us-genatronik\/#breadcrumb\",\"itemListElement\":[{\"@type\":\"ListItem\",\"position\":1,\"name\":\"Home\",\"item\":\"https:\/\/genatronik.com\/\"},{\"@type\":\"ListItem\",\"position\":2,\"name\":\"About Us\"}]},{\"@type\":\"WebSite\",\"@id\":\"https:\/\/genatronik.com\/en\/#website\",\"url\":\"https:\/\/genatronik.com\/en\/\",\"name\":\"Genatronik\",\"description\":\"Advanced Devices. Reliable Service.\",\"publisher\":{\"@id\":\"https:\/\/genatronik.com\/en\/#organization\"},\"potentialAction\":[{\"@type\":\"SearchAction\",\"target\":{\"@type\":\"EntryPoint\",\"urlTemplate\":\"https:\/\/genatronik.com\/en\/?s={search_term_string}\"},\"query-input\":{\"@type\":\"PropertyValueSpecification\",\"valueRequired\":true,\"valueName\":\"search_term_string\"}}],\"inLanguage\":\"de\"},{\"@type\":\"Organization\",\"@id\":\"https:\/\/genatronik.com\/en\/#organization\",\"name\":\"Genatronik\",\"url\":\"https:\/\/genatronik.com\/en\/\",\"logo\":{\"@type\":\"ImageObject\",\"inLanguage\":\"de\",\"@id\":\"https:\/\/genatronik.com\/en\/#\/schema\/logo\/image\/\",\"url\":\"https:\/\/genatronik.com\/wp-content\/uploads\/2025\/05\/genatronik_logo_header-scaled.png\",\"contentUrl\":\"https:\/\/genatronik.com\/wp-content\/uploads\/2025\/05\/genatronik_logo_header-scaled.png\",\"width\":2560,\"height\":448,\"caption\":\"Genatronik\"},\"image\":{\"@id\":\"https:\/\/genatronik.com\/en\/#\/schema\/logo\/image\/\"}}]}<\/script>\n<!-- \/ Yoast SEO plugin. -->","yoast_head_json":{"title":"\u00dcber uns - Genatronik","description":"Erfahren Sie mehr \u00fcber Genatroniks Mission, Werte und unseren Weg zu einem zuverl\u00e4ssigen Anbieter von Messger\u00e4ten und Energie\u00fcberwachungssystemen.","robots":{"index":"index","follow":"follow","max-snippet":"max-snippet:-1","max-image-preview":"max-image-preview:large","max-video-preview":"max-video-preview:-1"},"canonical":"https:\/\/genatronik.com\/de\/uber-uns-genatronik\/","og_locale":"de_DE","og_type":"article","og_title":"About Us - Genatronik","og_description":"Learn about Genatronik's mission, values, and our journey to becoming a reliable provider of est and measurement equipment as well as energy monitoring systems","og_url":"https:\/\/genatronik.com\/de\/uber-uns-genatronik\/","og_site_name":"Genatronik","article_modified_time":"2025-05-05T08:59:18+00:00","twitter_card":"summary_large_image","twitter_misc":{"Gesch\u00e4tzte Lesezeit":"2\u00a0Minuten"},"schema":{"@context":"https:\/\/schema.org","@graph":[{"@type":"WebPage","@id":"https:\/\/genatronik.com\/about-us-genatronik\/","url":"https:\/\/genatronik.com\/about-us-genatronik\/","name":"\u00dcber uns - Genatronik","isPartOf":{"@id":"https:\/\/genatronik.com\/en\/#website"},"datePublished":"2025-04-07T13:14:43+00:00","dateModified":"2025-05-05T08:59:18+00:00","description":"Erfahren Sie mehr \u00fcber Genatroniks Mission, Werte und unseren Weg zu einem zuverl\u00e4ssigen Anbieter von Messger\u00e4ten und Energie\u00fcberwachungssystemen.","breadcrumb":{"@id":"https:\/\/genatronik.com\/about-us-genatronik\/#breadcrumb"},"inLanguage":"de","potentialAction":[{"@type":"ReadAction","target":["https:\/\/genatronik.com\/about-us-genatronik\/"]}]},{"@type":"BreadcrumbList","@id":"https:\/\/genatronik.com\/about-us-genatronik\/#breadcrumb","itemListElement":[{"@type":"ListItem","position":1,"name":"Home","item":"https:\/\/genatronik.com\/"},{"@type":"ListItem","position":2,"name":"About Us"}]},{"@type":"WebSite","@id":"https:\/\/genatronik.com\/en\/#website","url":"https:\/\/genatronik.com\/en\/","name":"Genatronik","description":"Fortschrittliche Ger\u00e4te. Zuverl\u00e4ssiger Service.","publisher":{"@id":"https:\/\/genatronik.com\/en\/#organization"},"potentialAction":[{"@type":"SearchAction","target":{"@type":"EntryPoint","urlTemplate":"https:\/\/genatronik.com\/en\/?s={search_term_string}"},"query-input":{"@type":"PropertyValueSpecification","valueRequired":true,"valueName":"search_term_string"}}],"inLanguage":"de"},{"@type":"Organization","@id":"https:\/\/genatronik.com\/en\/#organization","name":"Genatronik","url":"https:\/\/genatronik.com\/en\/","logo":{"@type":"ImageObject","inLanguage":"de","@id":"https:\/\/genatronik.com\/en\/#\/schema\/logo\/image\/","url":"https:\/\/genatronik.com\/wp-content\/uploads\/2025\/05\/genatronik_logo_header-scaled.png","contentUrl":"https:\/\/genatronik.com\/wp-content\/uploads\/2025\/05\/genatronik_logo_header-scaled.png","width":2560,"height":448,"caption":"Genatronik"},"image":{"@id":"https:\/\/genatronik.com\/en\/#\/schema\/logo\/image\/"}}]}},"uagb_featured_image_src":{"full":false,"thumbnail":false,"medium":false,"medium_large":false,"large":false,"1536x1536":false,"2048x2048":false,"trp-custom-language-flag":false,"tp-image-grid":false,"woocommerce_thumbnail":false,"woocommerce_single":false,"woocommerce_gallery_thumbnail":false},"uagb_author_info":{"display_name":"xinhua zhang","author_link":"https:\/\/genatronik.com\/de\/author\/xinhua\/"},"uagb_comment_info":0,"uagb_excerpt":"Company Profile Genatronik GmbH is a professional technology company based in Germany, specializing in the sales and technical support of test and measurement equipment as well as energy monitoring systems. As an official distributor and partner of several internationally renowned brands, we provide high-quality instruments and customized solutions for clients in industries such as manufacturing,&hellip;","jetpack_sharing_enabled":true,"_links":{"self":[{"href":"https:\/\/genatronik.com\/de\/wp-json\/wp\/v2\/pages\/6012","targetHints":{"allow":["GET"]}}],"collection":[{"href":"https:\/\/genatronik.com\/de\/wp-json\/wp\/v2\/pages"}],"about":[{"href":"https:\/\/genatronik.com\/de\/wp-json\/wp\/v2\/types\/page"}],"author":[{"embeddable":true,"href":"https:\/\/genatronik.com\/de\/wp-json\/wp\/v2\/users\/2"}],"replies":[{"embeddable":true,"href":"https:\/\/genatronik.com\/de\/wp-json\/wp\/v2\/comments?post=6012"}],"version-history":[{"count":6,"href":"https:\/\/genatronik.com\/de\/wp-json\/wp\/v2\/pages\/6012\/revisions"}],"predecessor-version":[{"id":7025,"href":"https:\/\/genatronik.com\/de\/wp-json\/wp\/v2\/pages\/6012\/revisions\/7025"}],"wp:attachment":[{"href":"https:\/\/genatronik.com\/de\/wp-json\/wp\/v2\/media?parent=6012"}],"curies":[{"name":"wp","href":"https:\/\/api.w.org\/{rel}","templated":true}]}}